{"id":16316,"date":"2014-10-25T22:27:50","date_gmt":"2014-10-25T22:27:50","guid":{"rendered":"http:\/\/www.newmessage.org\/?page_id=16316"},"modified":"2020-06-29T06:12:18","modified_gmt":"2020-06-29T06:12:18","slug":"volume-4","status":"publish","type":"page","link":"https:\/\/www.v6.newmessage.org\/hr\/the-message\/volume-4\/","title":{"rendered":"Svezak 4"},"content":{"rendered":"<h2><strong><img loading=\"lazy\" decoding=\"async\" class=\"alignright size-medium\" src=\"\/\/www.newmessage.org\/wp-content\/uploads\/2014\/10\/The-New-Message-from-God-Volume-4-215x300.png\" alt=\"\" width=\"215\" height=\"300\" \/><\/strong>O Svesku 4<\/h2>\n<p>Svezak \u010cetiri sadr\u017ei knjige proro\u010danstva te dodatnih otkrivenja Nove Poruke od Boga.<\/p>\n<p>Sredi\u0161nja u knjigama ovog sveska su dva velika doga\u0111aja na\u0161eg vremena: <u><a href=\"https:\/\/www.newmessage.org\/hr\/the-message\/volume-1\/greater-community\/humanitys-emergence-into-the-greater-community\">Pojavljivanje \u010covje\u010danstva u Ve\u0107oj Zajednici<\/a><\/u> (Knjiga 4 \u2013 <u><a href=\"https:\/\/www.newmessage.org\/hr\/the-message\/volume-1\/greater-community\/humanitys-emergence-into-the-greater-community\">Ve\u0107a Zajednica<\/a><\/u>) te konvergencija <u><a href=\"https:\/\/www.newmessage.org\/hr\/the-message\/volume-4\/great-waves-change\">Velikih Valova promjene<\/a><\/u> koji sada poga\u0111aju svijet. Ova dva doga\u0111aja koja se sastaju imaju mo\u0107 da preoblikuju na\u0161 svijet te da utje\u010du na \u017eivote svakog mu\u0161karca, \u017eene i djeteta na Zemlji, sada te tako\u0111er u vremenima koja dolaze.<\/p>\n<p>Knjige \u010cetvrtog Sveska, <u><a href=\"https:\/\/www.newmessage.org\/hr\/the-message\/volume-4\/great-waves-change\">Veliki Valovi Promjene<\/a><\/u> i <u><a href=\"https:\/\/www.newmessage.org\/hr\/the-message\/volume-4\/life-universe\">\u017divot u Svemiru<\/a><\/u> izravan su dar od Boga da probudi, upozori te pripremi ljudsku obitelj za Veliku Promjenu koja dolazi.<\/p>\n<p>Ovdje Bog otkriva \u0161to \u010dovje\u010danstvo ne mo\u017ee vidjeti ili znati samostalno. Samo Bo\u017eansko Otkrivenje mo\u017ee probuditi \u010dovje\u010danstvo za opasnosti svoje sada\u0161nje i budu\u0107e situacije. Samo proro\u010danska vizija mo\u017ee okrenuti na\u0161e o\u010di ka velikom obe\u0107anju i potencijalu ljudske obitelji, \u010dak i kako se suo\u010davamo sa na\u0161im najve\u0107im ispitima.<\/p>\n<div class=\"toggle toggle-white\"><h4 class=\"trigger \"><span class=\"t_ico\"><\/span><a href=\"#\">Vi\u0161e o svescima Nove Poruke od Boga<\/a><\/h4><div class=\"toggle_container \"><\/p>\n<p><\/p>\n<p><\/div><\/div>\n<div class=\"clearfix\"><\/div>\n<div class=\"the-message-books-volumes panel-30 background-tile-1 margin-bottom-20\">\n<h2 class=\"text-align-center margin-bottom-20\"><a class=\"text-color-gray-5 not-underlined\" title=\"Volume 4\" href=\"\/hr\/the-message\/volume-4\">Svezak 4<\/a><\/h2>\n<div class=\"one_third \" ><\/p>\n<div class=\"message-book-div\"><a class=\"message-book-link-to-post\" href=\"\/the-message\/volume-4\/great-waves-change\" rel=\"bookmark\">Veliki Valovi Promjene<\/a><\/div>\n<div class=\"toggle toggle-gray\"><h4 class=\"trigger \"><span class=\"t_ico\"><\/span><a href=\"#\">Tablica Sadr\u017eaja<\/a><\/h4><div class=\"toggle_container \"><br \/>\nUvod<br \/>\nPoglavlje 1: Veliki Valovi Promjene<br \/>\nPoglavlje 2: Veliki Valovi i Va\u0161 \u017divot<br \/>\nPoglavlje 3: Osloba\u0111anje od Pro\u0161losti<br \/>\nPoglavlje 4: Sloboda za Kretanje sa Znanjem<br \/>\nPoglavlje 5: <a href=\"https:\/\/www.newmessage.org\/hr\/the-message\/volume-4\/great-waves-change\/the-deep-evaluation\/\">Duboka Procjena<\/a><br \/>\nPoglavlje 6: Odnosi i Veliki Valovi<br \/>\nPoglavlje 7: Pripremanje Va\u0161e Obitelji<br \/>\nPoglavlje 8: Opasnost Izolacije<br \/>\nPoglavlje 9: Proro\u010danstvo Velikih Valova<br \/>\nPoglavlje 10: Veliki Valovi i Skrivena Stvarnost Kontakta<br \/>\nPoglavlje 11: Gdje \u0106ete Staviti Va\u0161u Vjeru<br \/>\nPoglavlje 12: Va\u0161a Svrha i Sudbina u Promjenjivom Svijetu<br \/>\nPoglavlje 13: Nova Poruka Nade<br \/>\nPoglavlje 14: Vidjeti, Znati te Poduzeti Akciju<br \/>\n<\/div><\/div><br \/>\n<\/div>\n<div class=\"one_third \" ><\/p>\n<div class=\"message-book-div\"><a class=\"message-book-link-to-post\" href=\"https:\/\/www.newmessage.org\/hr\/the-message\/volume-4\/life-universe\/\" rel=\"bookmark\">\u017divot u Svemiru<\/a><\/div>\n<div class=\"toggle toggle-gray\"><h4 class=\"trigger \"><span class=\"t_ico\"><\/span><a href=\"#\">Tablica Sadr\u017eaja<\/a><\/h4><div class=\"toggle_container \"><br \/>\nUvod<br \/>\nPrvi Dio: Stvarnost Inteligentnog \u017divota u Svemiru<br \/>\nPoglavlje 1: Suo\u010davanje sa Ve\u0107om Zajednicom \u017divota<br \/>\nPoglavlje 2: Kratka Povijest Posjeta Zemlji<br \/>\nPoglavlje 3: Ograni\u010denosti Putovanja Svemirom<br \/>\nPoglavlje 4: Razmjena i Trgovina u Ovoj Regiji Svemira<br \/>\nPoglavlje 5: Tehnologija i Razli\u010diti Putevi do Stabilnosti<br \/>\nPoglavlje 6: Obitelji i Geneti\u010dka Manipulacija<br \/>\nPoglavlje 7: Konkurencija, Utjecaj i Mentalni Okoli\u0161<br \/>\nPoglavlje 8: Sloboda u Ve\u0107oj Zajednici<br \/>\nDrugi Dio: Duhovnost Inteligentnog \u017divota u Svemiru<br \/>\nPoglavlje 9: Religija u Ve\u0107oj Zajednici<br \/>\nPoglavlje 10: Mo\u0107 Znanja<br \/>\nPoglavlje 11: Nevi\u0111ene Sile u Svemiru<br \/>\nPoglavlje 12: Kreacija i Sudbina<br \/>\nPoglavlje 13: Bog Ve\u0107e Zajednice<br \/>\nPoglavlje 14: Va\u0161 Odnos sa Ve\u0107om Zajednicom<\/p>\n<p><\/div><\/div><br \/>\n<\/div>\n<div class=\"one_third \" ><\/p>\n<div class=\"message-book-div\"><a class=\"message-book-link-to-post\" href=\"https:\/\/www.newmessage.org\/hr\/the-message\/volume-4\/preparing-for-the-greater-community\/\" rel=\"bookmark\">Pripremanje za Ve\u0107u Zajednicu<\/a><\/div>\n<div class=\"toggle toggle-gray\"><h4 class=\"trigger \"><span class=\"t_ico\"><\/span><a href=\"#\">Tablica Sadr\u017eaja<\/a><\/h4><div class=\"toggle_container \"><br \/>\nPoglavlje 3: <a href=\"https:\/\/www.newmessage.org\/hr\/the-message\/volume-4\/preparing-for-the-greater-community\/essential-truths-about-the-greater-community\/\">Neophodne Istine o Ve\u0107oj Zajednici<\/a><br \/>\nPoglavlje 7: Veliki Izazov koji \u010ceka \u010covje\u010danstvo<br \/>\nPoglavlje 13: Ljudski Odgovori prema Ve\u0107oj Zajednici<\/p>\n<p><\/div><\/div><br \/>\n<\/div>\n<div class=\"one_third last\" ><\/p>\n<div class=\"message-book-div more\"><a class=\"message-book-link-to-post\" title=\"More to Come\u2026\" href=\"https:\/\/www.newmessage.org\/hr\/the-message\/the-revelation-continues-to-this-day\/\" rel=\"bookmark\">Vi\u0161e slijedi\u2026<\/a><\/div>\n<p><\/div>\n<\/div>\n","protected":false},"excerpt":{"rendered":"<p>O Svesku 4 Svezak \u010cetiri sadr\u017ei knjige proro\u010danstva te dodatnih otkrivenja Nove Poruke od Boga. Sredi\u0161nja u knjigama ovog sveska su dva velika doga\u0111aja na\u0161eg vremena: Pojavljivanje \u010covje\u010danstva u Ve\u0107oj Zajednici (Knjiga 4 \u2013 Ve\u0107a Zajednica) te konvergencija Velikih Valova promjene koji sada poga\u0111aju svijet. Ova dva doga\u0111aja koja se sastaju imaju mo\u0107 da preoblikuju\u2026 <a class=\"read-more\" href=\"https:\/\/www.v6.newmessage.org\/hr\/the-message\/volume-4\/\"><span>Read More<\/span><\/a><\/p>\n","protected":false},"author":1,"featured_media":0,"parent":26942,"menu_order":16,"comment_status":"closed","ping_status":"closed","template":"template-leftsidebar.php","meta":{"_monsterinsights_skip_tracking":false,"_monsterinsights_sitenote_active":false,"_monsterinsights_sitenote_note":"","_monsterinsights_sitenote_category":0,"footnotes":""},"categories":[471],"tags":[788,789],"_links":{"self":[{"href":"https:\/\/www.v6.newmessage.org\/hr\/wp-json\/wp\/v2\/pages\/16316"}],"collection":[{"href":"https:\/\/www.v6.newmessage.org\/hr\/wp-json\/wp\/v2\/pages"}],"about":[{"href":"https:\/\/www.v6.newmessage.org\/hr\/wp-json\/wp\/v2\/types\/page"}],"author":[{"embeddable":true,"href":"https:\/\/www.v6.newmessage.org\/hr\/wp-json\/wp\/v2\/users\/1"}],"replies":[{"embeddable":true,"href":"https:\/\/www.v6.newmessage.org\/hr\/wp-json\/wp\/v2\/comments?post=16316"}],"version-history":[{"count":33,"href":"https:\/\/www.v6.newmessage.org\/hr\/wp-json\/wp\/v2\/pages\/16316\/revisions"}],"predecessor-version":[{"id":27913,"href":"https:\/\/www.v6.newmessage.org\/hr\/wp-json\/wp\/v2\/pages\/16316\/revisions\/27913"}],"up":[{"embeddable":true,"href":"https:\/\/www.v6.newmessage.org\/hr\/wp-json\/wp\/v2\/pages\/26942"}],"wp:attachment":[{"href":"https:\/\/www.v6.newmessage.org\/hr\/wp-json\/wp\/v2\/media?parent=16316"}],"wp:term":[{"taxonomy":"category","embeddable":true,"href":"https:\/\/www.v6.newmessage.org\/hr\/wp-json\/wp\/v2\/categories?post=16316"},{"taxonomy":"post_tag","embeddable":true,"href":"https:\/\/www.v6.newmessage.org\/hr\/wp-json\/wp\/v2\/tags?post=16316"}],"curies":[{"name":"wp","href":"https:\/\/api.w.org\/{rel}","templated":true}]}}