{"id":16297,"date":"2014-10-25T22:08:36","date_gmt":"2014-10-25T22:08:36","guid":{"rendered":"http:\/\/www.newmessage.org\/?page_id=16297"},"modified":"2023-04-12T00:43:04","modified_gmt":"2023-04-12T00:43:04","slug":"one-god","status":"publish","type":"page","link":"https:\/\/www.v6.newmessage.org\/hr\/the-message\/volume-1\/one-god\/","title":{"rendered":"Jedan Bog"},"content":{"rendered":"<p><img loading=\"lazy\" decoding=\"async\" width=\"200\" height=\"300\" class=\"size-medium wp-image-27193 imgborder alignright\" src=\"https:\/\/www.newmessage.org\/bahasa-international\/wp-content\/uploads\/sites\/51\/2014\/10\/TOG_v.7.0_ebook-cover-1-400x600-200x300.jpg\" alt=\"\" srcset=\"https:\/\/www.v6.newmessage.org\/hr\/wp-content\/uploads\/sites\/72\/2014\/10\/TOG_v.7.0_ebook-cover-1-400x600-200x300.jpg 200w, https:\/\/www.v6.newmessage.org\/hr\/wp-content\/uploads\/sites\/72\/2014\/10\/TOG_v.7.0_ebook-cover-1-400x600.jpg 400w\" sizes=\"(max-width: 200px) 100vw, 200px\" \/><\/p>\n<p><em>Jedan Bog <\/em>je knjiga otkrivenja koja pru\u017ea novo razumijevanje prirode i stvarnosti Boga i Bo\u017ejeg Plana i Svrhe u svijetu te u Ve\u0107oj Zajednici \u017eivota u svemiru. Ovdje zapo\u010dinje sljede\u0107e poglavlje u rastu\u0107em Otkrivenju Bo\u017eje Prisutnosti i Volje za \u010dovje\u010danstvo. Kroz velike Glasnike i U\u010denja pro\u0161losti, ovo kontinuirano Otkrivenje teklo je kroz vrijeme, unaprje\u0111uju\u0107i na\u0161e razumijevanje Jednog Boga te ponovno bude\u0107i na\u0161 odnos sa Bo\u017eanskom Prisutno\u0161\u0107u u na\u0161im \u017eivotima. Sada se ovo kontinuirano Otkrivenje nastavlja iznova kroz Novu Poruku od Boga.<\/p>\n<p>Rije\u010d i Zvuk sada su u svijetu. Svako poglavlje Jednog Boga je otkrivenje dano da pru\u017ei novo u\u010denje o Izvoru na\u0161ih \u017eivota te na\u0161oj svrsi zbog koje smo u svijetu u ovo vrijeme. Svako poglavlje otvara pred vama novi vidikovac iz kojega mo\u017eete vidjeti na trenutak u srce Boga, nazad do postanka svemira te naprijed do otkrivenja Bo\u017ejeg Plana za ovo vrijeme te za nadolaze\u0107a vremena.<\/p>\n<p>Svako poglavlje Jednog Boga je otkrivenje dano od Izvora, sastavljeno u ovaj tekst od strane Glasnika Marshall Vian Summersa.<\/p>\n<p><em>Jedan Bog <\/em>druga je knjiga <a href=\"https:\/\/www.newmessage.org\/hr\/the-message\/volume-1\/one-god\">Sveska 1<\/a> Nove Poruke of Boga.<\/p>\n<p><!-- [toggle type=\"white\" title=\"More about the volumes of the New Message from God\" active=\"\"] [insert page='more-about-the-volumes' display='content'] [\/toggle] --><\/p>\n<div class=\"background-color-bridesmaid padding-20\">\n<h2 style=\"text-align: left;\">Tablica Sadr\u017eaja<\/h2>\n<p>Uvod<\/p>\n<p>Poglavlje 1: Shva\u0107anje Boga<\/p>\n<p>Poglavlje 2: <a href=\"https:\/\/www.newmessage.org\/hr\/the-message\/volume-1\/one-god\/the-new-god-revelation\/\">Otkrivenje Novog Boga<\/a><\/p>\n<p>Poglavlje 3: Podrijetlo<\/p>\n<p>Poglavlje 4: <a href=\"https:\/\/www.newmessage.org\/hr\/the-message\/volume-1\/one-god\/the-separation\/\">Odvojenost<\/a><\/p>\n<p>Poglavlje 5: \u0160to je Kreacija?<\/p>\n<p>Poglavlje 6: Du\u0161a<\/p>\n<p>Poglavlje 7: \u0160to Stvara Zlo?<\/p>\n<p>Poglavlje 8: Iskupljenje<\/p>\n<p>Poglavlje 9: Bog, Znanje i An\u0111eoska Prisutnost<\/p>\n<p>Poglavlje 10: Kako se Bog Obra\u0107a Svijetu<\/p>\n<p>Poglavlje 11: <a href=\"https:\/\/www.newmessage.org\/hr\/the-message\/volume-1\/one-god\/gods-plan-save-everyone\/\">Bo\u017eji Plan je Spasiti Svakoga<\/a><\/p>\n<p>Poglavlje 12: Srce Bo\u017eje<\/p>\n<\/div>\n","protected":false},"excerpt":{"rendered":"<p>Jedan Bog je knjiga otkrivenja koja pru\u017ea novo razumijevanje prirode i stvarnosti Boga i Bo\u017ejeg Plana i Svrhe u svijetu te u Ve\u0107oj Zajednici \u017eivota u svemiru. Ovdje zapo\u010dinje sljede\u0107e poglavlje u rastu\u0107em Otkrivenju Bo\u017eje Prisutnosti i Volje za \u010dovje\u010danstvo. Kroz velike Glasnike i U\u010denja pro\u0161losti, ovo kontinuirano Otkrivenje teklo je kroz vrijeme, unaprje\u0111uju\u0107i na\u0161e\u2026 <a class=\"read-more\" href=\"https:\/\/www.v6.newmessage.org\/hr\/the-message\/volume-1\/one-god\/\"><span>Read More<\/span><\/a><\/p>\n","protected":false},"author":1,"featured_media":0,"parent":16287,"menu_order":2,"comment_status":"closed","ping_status":"closed","template":"template-leftsidebar.php","meta":{"_monsterinsights_skip_tracking":false,"_monsterinsights_sitenote_active":false,"_monsterinsights_sitenote_note":"","_monsterinsights_sitenote_category":0,"footnotes":""},"categories":[379,460],"tags":[794,605],"_links":{"self":[{"href":"https:\/\/www.v6.newmessage.org\/hr\/wp-json\/wp\/v2\/pages\/16297"}],"collection":[{"href":"https:\/\/www.v6.newmessage.org\/hr\/wp-json\/wp\/v2\/pages"}],"about":[{"href":"https:\/\/www.v6.newmessage.org\/hr\/wp-json\/wp\/v2\/types\/page"}],"author":[{"embeddable":true,"href":"https:\/\/www.v6.newmessage.org\/hr\/wp-json\/wp\/v2\/users\/1"}],"replies":[{"embeddable":true,"href":"https:\/\/www.v6.newmessage.org\/hr\/wp-json\/wp\/v2\/comments?post=16297"}],"version-history":[{"count":80,"href":"https:\/\/www.v6.newmessage.org\/hr\/wp-json\/wp\/v2\/pages\/16297\/revisions"}],"predecessor-version":[{"id":28074,"href":"https:\/\/www.v6.newmessage.org\/hr\/wp-json\/wp\/v2\/pages\/16297\/revisions\/28074"}],"up":[{"embeddable":true,"href":"https:\/\/www.v6.newmessage.org\/hr\/wp-json\/wp\/v2\/pages\/16287"}],"wp:attachment":[{"href":"https:\/\/www.v6.newmessage.org\/hr\/wp-json\/wp\/v2\/media?parent=16297"}],"wp:term":[{"taxonomy":"category","embeddable":true,"href":"https:\/\/www.v6.newmessage.org\/hr\/wp-json\/wp\/v2\/categories?post=16297"},{"taxonomy":"post_tag","embeddable":true,"href":"https:\/\/www.v6.newmessage.org\/hr\/wp-json\/wp\/v2\/tags?post=16297"}],"curies":[{"name":"wp","href":"https:\/\/api.w.org\/{rel}","templated":true}]}}