{"id":16287,"date":"2014-10-25T01:14:16","date_gmt":"2014-10-25T01:14:16","guid":{"rendered":"http:\/\/www.newmessage.org\/?page_id=16287"},"modified":"2023-06-13T06:52:38","modified_gmt":"2023-06-13T06:52:38","slug":"volume-1","status":"publish","type":"page","link":"https:\/\/www.v6.newmessage.org\/hr\/the-message\/volume-1\/","title":{"rendered":"Svezak 1"},"content":{"rendered":"<h3><strong>O Svesku 1<\/strong><\/h3>\n<p><img loading=\"lazy\" decoding=\"async\" class=\"imgborder alignright size-medium\" src=\"\/\/www.newmessage.org\/wp-content\/uploads\/2014\/10\/The-New-Message-from-God-Volume-1-214x300.png\" alt=\"\" width=\"214\" height=\"300\" \/><\/p>\n<p>Prvi svezak Nove Poruke od Boga sadr\u017ei osnovna Bo\u017eja Otkrivenja za svijet u ovo vrijeme. Ovdje zapo\u010dinje nova komunikacija od Bo\u017ejeg srca svijetu \u010dovje\u010danstva. U sedam knjiga Prvog Sveska, Bog objavljuje Novo Otkrivenje za svijet te veliku potrebu za Bo\u017ejim Otkrivenjem u ovo vrijeme te u nadolaze\u0107im vremenima.<\/p>\n<p>Knjige Prvog Sveska otkrivaju ve\u0107u stvarnost \u017eivota, svijeta te Ve\u0107e Zajednice \u017eivota u svemiru. Ova ve\u0107a stvarnost otkrivena je u svijetu po prvi puta u ljudskoj povijesti. Prvi Svezak upozorava nas na velike opasnosti i neodlo\u017ene potrebe s kojima se svijet susre\u0107e sada i u budu\u0107nosti. Sa ovime, poziva svakoga od nas da povrati te izrazi neotkrivenu duhovnu mo\u0107 koja \u017eivi u srcu \u010dovje\u010danstva.<\/p>\n<p>Prvi Svezak za po\u010detak predstavlja <em><u><a href=\"https:\/\/www.newmessage.org\/hr\/the-message\/volume-1\/god-spoken-again\">Bog je Ponovno Progovorio<\/a><\/u><\/em>, koja otvara vrata Novoj Poruci od Boga svim ljudima svijeta. Nakon Bog je Ponovno Progovorio, Prvi Svezak predstavlja knjige <em><u><a href=\"https:\/\/www.newmessage.org\/hr\/the-message\/volume-1\/one-god\">Jedan Bog<\/a><\/u><\/em> i <em><u><a href=\"https:\/\/www.newmessage.org\/hr\/the-message\/volume-1\/new-messenger\">Novi Glasnik<\/a><\/u><\/em>, daljnje otkrivaju\u0107i prirodu Boga, Bo\u017ejeg Plana da okon\u010da Odvojenost te prisutnost An\u0111eoskog Skupa i njegovog Glasnika. Prvi Svezak tada predstavlja knjige <em><u><a href=\"https:\/\/www.newmessage.org\/hr\/the-message\/volume-1\/greater-community\">Ve\u0107a Zajednica<\/a><\/u><\/em>, <em><u><a href=\"https:\/\/www.newmessage.org\/hr\/the-message\/volume-1\/new-life\">Put do Novog \u017divota<\/a><\/u><\/em> te <em><u><a href=\"https:\/\/www.newmessage.org\/hr\/the-message\/volume-1\/new-world\">Novi Svijet<\/a><\/u><\/em>, koje otkrivaju pred nama novu stvarnost \u017eivota u na\u0161em svijetu te na\u0161u sudbinu vani u svemiru. Prvi Svezak zavr\u0161ava sa knjigom <em><u><a href=\"https:\/\/www.newmessage.org\/hr\/the-message\/volume-1\/pure-religion\">\u010cista Religija<\/a><\/u><\/em>, koja poziva svaku osobu ka \u017eivu\u0107oj prisutnosti Boga u njihovim \u017eivotima.<\/p>\n<p>Knjige Prvog Sveska sadr\u017ee izvorna izgovorena Otkrivenja primljena od strane Glasnika Marshall Vian Summersa. Glasnik je bio usmjeren od Izvora Nove Poruke da sakupi otkrivenja Nove Poruke u svete knjige Sveska 1 Bo\u017eje Nove Poruke.<\/p>\n<div class=\"toggle toggle-white\"><h4 class=\"trigger \"><span class=\"t_ico\"><\/span><a href=\"#\">Vi\u0161e o svescima Nove Poruke od Boga<\/a><\/h4><div class=\"toggle_container \"><br \/>\n<\/p>\n<p><\/div><\/div>\n<div class=\"clearfix\"><\/div>\n<h2 style=\"text-align: center;\">Knji\u017enica Nove Poruke<\/h2>\n<div class=\"the-message-books-volumes background-tile-1\">\n<h2 class=\"text-align-center margin-bottom-20 margin-top-20\"><a class=\"text-color-gray-5 not-underlined\" title=\"Svezak 1\" href=\"\/hr\/the-message\/volume-1\">Svezak 1<\/a><\/h2>\n<div class=\"one_third \" ><\/p>\n<div class=\"message-book-div\"><a class=\"message-book-link-to-post\" title=\"GHSA\" href=\"https:\/\/www.newmessage.org\/hr\/the-message\/volume-1\/god-spoken-again\/\" rel=\"bookmark\">Bog je Ponovno Progovorio<\/a><\/div>\n<div class=\"toggle toggle-gray\"><h4 class=\"trigger \"><span class=\"t_ico\"><\/span><a href=\"#\">Tablica sadr\u017eaja<\/a><\/h4><div class=\"toggle_container \"><br \/>\nUvod<br \/>\nPoglavlje 1: <a href=\"https:\/\/www.newmessage.org\/hr\/the-message\/volume-1\/god-spoken-again\/the-proclamation\/\">Proklamacija<\/a><br \/>\nPoglavlje 2: <a href=\"https:\/\/www.newmessage.org\/hr\/the-message\/volume-1\/god-spoken-again\/the-recitation\/\">Recitacija<\/a><br \/>\nPoglavlje 3: <a href=\"https:\/\/www.newmessage.org\/hr\/the-message\/volume-1\/god-spoken-again\/the-engagement\/\">Sudjelovanje<\/a><br \/>\nPoglavlje 4: <a href=\"https:\/\/www.newmessage.org\/hr\/the-message\/volume-1\/god-spoken-again\/god-has-spoken-again\/\">Bog Je Ponovno Progovorio<\/a><br \/>\nPoglavlje 5: <a href=\"https:\/\/www.newmessage.org\/hr\/the-message\/volume-1\/god-spoken-again\/seal-of-the-prophets\/\">Pe\u010dat Proroka<\/a><br \/>\nPoglavlje 6: <a href=\"https:\/\/www.newmessage.org\/hr\/the-message\/volume-1\/god-spoken-again\/the-mission-of-the-messenger\/\">Misija Glasnika<\/a><br \/>\nPoglavlje 7: <a href=\"https:\/\/www.newmessage.org\/hr\/the-message\/volume-1\/god-spoken-again\/the-initiation\/\">Inicijacija<\/a><br \/>\nPoglavlje 8: <a href=\"https:\/\/www.newmessage.org\/hr\/the-message\/volume-1\/god-spoken-again\/the-blessing\/\">Blagoslov<\/a><br \/>\nPoglavlje 9: <a href=\"https:\/\/www.newmessage.org\/hr\/the-message\/volume-1\/god-spoken-again\/living-at-a-time-of-revelation\/\">\u017divjeti u Vrijeme Otkrivenja<\/a><br \/>\nPoglavlje 10: <a href=\"https:\/\/www.newmessage.org\/hr\/the-message\/volume-1\/god-spoken-again\/the-assembly\/\">Skup<\/a><br \/>\nPoglavlje 11: <a href=\"https:\/\/www.newmessage.org\/hr\/the-message\/volume-1\/god-spoken-again\/gods-new-message-for-the-world\/\">Bo\u017eja Nova Poruka za Svijet<\/a><br \/>\nPoglavlje 12: <a href=\"https:\/\/www.newmessage.org\/hr\/the-message\/volume-1\/god-spoken-again\/god-is-moving-humanity-in-a-new-direction\/\">Bog Pokre\u0107e \u010covje\u010danstvo u Novom Smjeru<\/a><br \/>\nPoglavlje 13: <a href=\"https:\/\/www.newmessage.org\/hr\/the-message\/volume-1\/god-spoken-again\/the-world-must-receive-gods-new-message\/\">Svijet Mora Primiti Bo\u017eju Novu Poruku<\/a><br \/>\nPoglavlje 14: <a href=\"https:\/\/www.newmessage.org\/hr\/the-message\/volume-1\/god-spoken-again\/the-calling\/\">Poziv<\/a><br \/>\n<\/div><\/div><br \/>\n<\/div>\n<div class=\"one_third \" ><\/p>\n<div class=\"message-book-div\"><a class=\"message-book-link-to-post\" title=\"Jedan Bog\" href=\"https:\/\/www.newmessage.org\/hr\/the-message\/volume-1\/one-god\/\">Jedan Bog<\/a><\/div>\n<div class=\"toggle toggle-gray\"><h4 class=\"trigger \"><span class=\"t_ico\"><\/span><a href=\"#\">Tablica sadr\u017eaja<\/a><\/h4><div class=\"toggle_container \"><br \/>\nUvod<br \/>\nPoglavlje 1: Shva\u0107anje Boga<\/p>\n<p>Poglavlje 2: <a href=\"https:\/\/www.newmessage.org\/hr\/the-message\/volume-1\/one-god\/the-new-god-revelation\/\">Otkrivenje Novog Boga<\/a><\/p>\n<p>Poglavlje 3: Podrijetlo<\/p>\n<p>Poglavlje 4: <a href=\"https:\/\/www.newmessage.org\/hr\/the-message\/volume-1\/one-god\/the-separation\/\">Odvojenost<\/a><\/p>\n<p>Poglavlje 5: \u0160to je Kreacija?<\/p>\n<p>Poglavlje 6: Du\u0161a<\/p>\n<p>Poglavlje 7: \u0160to Stvara Zlo?<\/p>\n<p>Poglavlje 8: Iskupljenje<\/p>\n<p>Poglavlje 9: Bog, Znanje i An\u0111eoska Prisutnost<\/p>\n<p>Poglavlje 10: Kako se Bog Obra\u0107a Svijetu<\/p>\n<p>Poglavlje 11: <a href=\"https:\/\/www.newmessage.org\/hr\/the-message\/volume-1\/one-god\/gods-plan-save-everyone\/\">Bo\u017eji Plan je Spasiti Svakoga<\/a><\/p>\n<p>Poglavlje 12: Srce Bo\u017eje<br \/>\n<\/div><\/div><br \/>\n<\/div>\n<div class=\"one_third last\" ><\/p>\n<div class=\"message-book-div\"><a class=\"message-book-link-to-post\" title=\"Novi Glasnik\" href=\"\/hr\/the-message\/volume-1\/new-messenger\" rel=\"bookmark\">Novi Glasnik<\/a><\/div>\n<div class=\"toggle toggle-gray\"><h4 class=\"trigger \"><span class=\"t_ico\"><\/span><a href=\"#\">Tablica sadr\u017eaja<\/a><\/h4><div class=\"toggle_container \"><br \/>\nUvod<br \/>\nPoglavlje 1: Volja Nebeska<br \/>\nPoglavlje 2: <a href=\"https:\/\/www.newmessage.org\/hr\/the-message\/volume-1\/new-messenger\/origin-messenger\/\">Podrijetlo Glasnika<\/a><br \/>\nPoglavlje 3: Loza Glasnika<br \/>\nPoglavlje 4: Glasnikova Pri\u010da<br \/>\nPoglavlje 5: <a href=\"https:\/\/www.newmessage.org\/hr\/the-message\/volume-1\/new-messenger\/the-requirements-of-the-messenger\/\">Uvjeti Glasnika<\/a><br \/>\nPoglavlje 6: Veo Glasnika<br \/>\nPoglavlje 7: Razumijevanje Glasnika<br \/>\nPoglavlje 8: <a href=\"https:\/\/www.newmessage.org\/hr\/the-message\/volume-1\/new-messenger\/facing-the-light-of-revelation\/\">Suo\u010davanje sa Svjetlom Otkrivenja<\/a><br \/>\nPoglavlje 9: Putovanje Glasnika<br \/>\nPoglavlje 10: Prorok<br \/>\nPoglavlje 11: Posljedica Otkrivenja<br \/>\nPoglavlje 12: Glasnikov Poziv<br \/>\nPoglavlje 13: Hodati sa Glasnikom<br \/>\n<\/div><\/div><br \/>\n<\/div>\n<div class=\"clearfix\"><\/div>\n<div class=\"one_third \" ><\/p>\n<div class=\"message-book-div\"><a class=\"message-book-link-to-post\" title=\"Ve\u0107a Zajednica\" href=\"\/hr\/the-message\/volume-1\/greater-community\" rel=\"bookmark\">Ve\u0107a Zajednica<\/a><\/div>\n<div class=\"toggle toggle-gray\"><h4 class=\"trigger \"><span class=\"t_ico\"><\/span><a href=\"#\">Tablica sadr\u017eaja<\/a><\/h4><div class=\"toggle_container \"><\/p>\n<p>Uvod<br \/>\nPoglavlje 1: Pojavljivanje \u010covje\u010danstva u Ve\u0107oj Zajednici<br \/>\nPoglavlje 2: Kontakt s Inteligentnim \u017divotom u Svemiru<br \/>\nPoglavlje 3: Suo\u010davanje sa Ve\u0107om Zajednicom<br \/>\nPoglavlje 4: <a href=\"https:\/\/www.newmessage.org\/hr\/the-message\/volume-1\/greater-community\/entering-the-greater-community\/\">Ulazak u Ve\u0107u Zajednicu<\/a><br \/>\nPoglavlje 5: <a href=\"https:\/\/www.newmessage.org\/hr\/the-message\/volume-1\/greater-community\/who-are-the-allies-of-humanity\/\">Tko su Saveznici \u010covje\u010danstva?<\/a><br \/>\nPoglavlje 6: Neprijatelji \u010covje\u010danstva<br \/>\nPoglavlje 7: Sudbina \u010covje\u010danstva u Ve\u0107oj Zajednici<br \/>\nPoglavlje 8: Pripremanje za Ve\u0107u Zajednicu<br \/>\nPoglavlje 9: \u010cuvanje Svijeta<br \/>\nPoglavlje 10: Va\u017enost Ve\u0107e Zajednice<br \/>\nPoglavlje 11: Novo Otkrivenje<br \/>\n<\/div><\/div><br \/>\n<\/div>\n<div class=\"one_third \" ><\/p>\n<div class=\"message-book-div\"><a class=\"message-book-link-to-post\" title=\"The Power of Knowledge\" href=\"\/hr\/the-message\/volume-1\/power-of-knowledge\" rel=\"bookmark\">Mo\u0107 Znanja<\/a><\/div>\n<div class=\"toggle toggle-gray\"><h4 class=\"trigger \"><span class=\"t_ico\"><\/span><a href=\"#\">Tablica sadr\u017eaja<\/a><\/h4><div class=\"toggle_container \"><\/p>\n<p><a href=\"https:\/\/www.newmessage.org\/the-message\/volume-1\/the-power-of-knowledge-introduction\">Uvod<\/a><\/p>\n<p>Poglavlje 1: <a href=\"\/the-message\/volume-1\/power-of-knowledge\/greater-power\">The Greater Power within You<\/a><\/p>\n<p>Poglavlje 2: <a href=\"\/the-message\/volume-1\/power-of-knowledge\/power-of-knowledge-other\">Mo\u0107 Znanja<\/a><\/p>\n<p>Poglavlje 3: <a href=\"\/the-message\/volume-1\/power-of-knowledge\/souls-journey-through-life\">The Soul&#8217;s Journey on Earth<\/a><\/p>\n<p>Poglavlje 4: <a href=\"\/the-message\/volume-1\/power-of-knowledge\/living-separation-alone-afraid\">Living in Separation<\/a><\/p>\n<p>Poglavlje 5: <a href=\"\/the-message\/volume-1\/power-of-knowledge\/the-crisis\">The Crisis<\/a><\/p>\n<p>Poglavlje 6: <a href=\"\/the-message\/volume-1\/power-of-knowledge\/experiencing-presence-god\">The Presence<\/a><\/p>\n<p>Poglavlje 7: <a href=\"\/the-message\/volume-1\/power-of-knowledge\/the-reconciliation\">The Reconciliation<\/a><\/p>\n<p>Poglavlje 8: <a href=\"\/the-message\/volume-1\/power-of-knowledge\/you-are-not-your-mind\">Who You Are Is Not Your Mind<\/a><\/p>\n<p>Poglavlje 9: <a href=\"\/the-message\/volume-1\/power-of-knowledge\/ideas-beliefs-god\">Knowledge and the Limits of Belief<\/a><\/p>\n<p>Poglavlje 10: <a href=\"\/the-message\/volume-1\/power-of-knowledge\/the-greater-intelligence\">The Greater Intelligence<\/a><\/p>\n<p>Poglavlje 11: <a href=\"\/the-message\/volume-1\/power-of-knowledge\/bridge-two-minds\">The Bridge<\/a><\/p>\n<p>Poglavlje 12: <a href=\"\/the-message\/volume-1\/power-of-knowledge\/following-presence-god\">Following the Presence<\/a><\/p>\n<p>Poglavlje 13: <a href=\"\/the-message\/volume-1\/power-of-knowledge\/the-spiritual-fire\">The Spiritual Fire<\/a><\/p>\n<p>Poglavlje 14: <a href=\"\/the-message\/volume-1\/power-of-knowledge\/remembrance-eternal-life\">The Remembrance<\/a><\/p>\n<p><\/div><\/div><br \/>\n<\/div>\n<div class=\"one_third last\" ><\/p>\n<div class=\"message-book-div\"><a class=\"message-book-link-to-post\" title=\"Put do Novog \u017divota\" href=\"\/hr\/the-message\/volume-1\/the-new-life\" rel=\"bookmark\">Putovanje do Novog \u017divota<\/a><\/div>\n<div class=\"toggle toggle-gray\"><h4 class=\"trigger \"><span class=\"t_ico\"><\/span><a href=\"#\">Tablica sadr\u017eaja<\/a><\/h4><div class=\"toggle_container \"><br \/>\nPoglavlje 1: Bu\u0111enje<br \/>\nPoglavlje 2: Putovanje Slobode<br \/>\nPoglavlje 3: Zatvor<br \/>\nPoglavlje 4: Revolucija<br \/>\nPoglavlje 5: Prekretnica<br \/>\nPoglavlje 6: <a href=\"https:\/\/www.newmessage.org\/hr\/the-message\/volume-1\/the-new-life\/the-gift-of-a-new-life\/\">Dar Novog \u017divota<\/a><br \/>\nPoglavlje 7: <a href=\"https:\/\/www.newmessage.org\/hr\/the-message\/volume-1\/the-new-life\/the-journey-to-a-new-life\/\">Putovanje do Novog \u017divota<\/a><br \/>\nPoglavlje 8: Va\u0161a Svrha i Sudbina<br \/>\nPoglavlje 9: Gradnja Mosta do Novog \u017divota<br \/>\nPoglavlje 10: Hrabrost i Volja za Pripremom<br \/>\nPoglavlje 11: Gradnja Snage i Otpornosti<br \/>\nPoglavlje 12: Pripremanje za Ve\u0107u Ulogu u Svijetu<br \/>\nPoglavlje 13: Velika Istina<br \/>\nPoglavlje 14: Ovdje ste radi Ve\u0107e Svrhe<br \/>\n<\/div><\/div><br \/>\n<\/div>\n<div class=\"clearfix\"><\/div>\n<div class=\"one_third \" ><\/p>\n<div class=\"message-book-div\"><a class=\"message-book-link-to-post\" title=\"Novi Svijet\" href=\"\/hr\/the-message\/volume-1\/new-world\" rel=\"bookmark\">Novi Svijet<\/a><\/div>\n<div class=\"toggle toggle-gray\"><h4 class=\"trigger \"><span class=\"t_ico\"><\/span><a href=\"#\">Tablica sadr\u017eaja<\/a><\/h4><div class=\"toggle_container \"><\/p>\n<p><a href=\"https:\/\/www.newmessage.org\/hr\/the-message\/volume-1\/new-world\/the-global-emergency\/\">Globalna Nu\u017eda<\/a><br \/>\nBiti Uravnote\u017een u Uru\u0161avaju\u0107em Svijetu<br \/>\nVeliko Upozorenje<br \/>\nUlazak u Novi Svijet<br \/>\nUtrka za Spas Ljudske Civilizacije<br \/>\n\u0160ok Budu\u0107nosti<br \/>\nSiroma\u0161tvo<br \/>\n\u0160to \u0107e Spasiti \u010covje\u010danstvo<br \/>\n<\/div><\/div><br \/>\n<\/div>\n<div class=\"one_third \" ><\/p>\n<div class=\"message-book-div\"><a class=\"message-book-link-to-post\" title=\"\u010cista Religija\" href=\"\/hr\/the-message\/volume-1\/pure-religion\" rel=\"bookmark\">\u010cista Religija<\/a><\/div>\n<div class=\"toggle toggle-gray\"><h4 class=\"trigger \"><span class=\"t_ico\"><\/span><a href=\"#\">Tablica sadr\u017eaja<\/a><\/h4><div class=\"toggle_container \"><br \/>\n<a href=\"https:\/\/www.newmessage.org\/hr\/the-message\/volume-1\/pure-religion\/the-pure-religion\/\">\u010cista Religija<\/a><br \/>\n<a href=\"https:\/\/www.newmessage.org\/hr\/the-message\/volume-1\/pure-religion\/the-great-faith\/\">Velika Vjera<\/a><br \/>\nBo\u017eja Nova Poruka za Svjetske Religije<br \/>\nBo\u017eja Mo\u0107 i Prisutnost u Svijetu<br \/>\nGlas Otkrivenja<br \/>\nVjerski Fundamentalizam<br \/>\nReligijsko Nasilje<br \/>\nIsus i Nova Poruka od Boga<br \/>\nMuhamed i Nova Poruka od Boga<br \/>\nBuda i Nova Poruka od Boga<br \/>\nBo\u017eja Nova Poruka za Islamski Svijet<br \/>\n(Knjiga \u010cista Religija je u nastanku. Prije izdavanja, nekoliko poglavlja u\u010dinjena su dostupnima svijetu.)<br \/>\n<\/div><\/div><br \/>\n<\/div>\n<div class=\"one_third last\" ><\/p>\n<div class=\"message-book-div more\"><a class=\"message-book-link-to-post\" title=\"Vi\u0161e slijedi...\" href=\"\/hr\/the-message\/the-revelation-continues-to-this-day\" rel=\"bookmark\">Vi\u0161e slijedi&#8230;<\/a><\/div>\n<p><\/div>\n<\/div>\n","protected":false},"excerpt":{"rendered":"<p>O Svesku 1 Prvi svezak Nove Poruke od Boga sadr\u017ei osnovna Bo\u017eja Otkrivenja za svijet u ovo vrijeme. Ovdje zapo\u010dinje nova komunikacija od Bo\u017ejeg srca svijetu \u010dovje\u010danstva. U sedam knjiga Prvog Sveska, Bog objavljuje Novo Otkrivenje za svijet te veliku potrebu za Bo\u017ejim Otkrivenjem u ovo vrijeme te u nadolaze\u0107im vremenima. Knjige Prvog Sveska otkrivaju\u2026 <a class=\"read-more\" href=\"https:\/\/www.v6.newmessage.org\/hr\/the-message\/volume-1\/\"><span>Read More<\/span><\/a><\/p>\n","protected":false},"author":1,"featured_media":0,"parent":26942,"menu_order":15,"comment_status":"closed","ping_status":"closed","template":"template-leftsidebar.php","meta":{"_monsterinsights_skip_tracking":false,"_monsterinsights_sitenote_active":false,"_monsterinsights_sitenote_note":"","_monsterinsights_sitenote_category":0,"footnotes":""},"categories":[460],"tags":[785,599],"_links":{"self":[{"href":"https:\/\/www.v6.newmessage.org\/hr\/wp-json\/wp\/v2\/pages\/16287"}],"collection":[{"href":"https:\/\/www.v6.newmessage.org\/hr\/wp-json\/wp\/v2\/pages"}],"about":[{"href":"https:\/\/www.v6.newmessage.org\/hr\/wp-json\/wp\/v2\/types\/page"}],"author":[{"embeddable":true,"href":"https:\/\/www.v6.newmessage.org\/hr\/wp-json\/wp\/v2\/users\/1"}],"replies":[{"embeddable":true,"href":"https:\/\/www.v6.newmessage.org\/hr\/wp-json\/wp\/v2\/comments?post=16287"}],"version-history":[{"count":90,"href":"https:\/\/www.v6.newmessage.org\/hr\/wp-json\/wp\/v2\/pages\/16287\/revisions"}],"predecessor-version":[{"id":28090,"href":"https:\/\/www.v6.newmessage.org\/hr\/wp-json\/wp\/v2\/pages\/16287\/revisions\/28090"}],"up":[{"embeddable":true,"href":"https:\/\/www.v6.newmessage.org\/hr\/wp-json\/wp\/v2\/pages\/26942"}],"wp:attachment":[{"href":"https:\/\/www.v6.newmessage.org\/hr\/wp-json\/wp\/v2\/media?parent=16287"}],"wp:term":[{"taxonomy":"category","embeddable":true,"href":"https:\/\/www.v6.newmessage.org\/hr\/wp-json\/wp\/v2\/categories?post=16287"},{"taxonomy":"post_tag","embeddable":true,"href":"https:\/\/www.v6.newmessage.org\/hr\/wp-json\/wp\/v2\/tags?post=16287"}],"curies":[{"name":"wp","href":"https:\/\/api.w.org\/{rel}","templated":true}]}}