{"id":13087,"date":"2014-07-24T22:00:49","date_gmt":"2014-07-24T22:00:49","guid":{"rendered":"http:\/\/www.newmessage.org\/?page_id=13087"},"modified":"2019-06-10T08:32:49","modified_gmt":"2019-06-10T08:32:49","slug":"living-way-knowledge","status":"publish","type":"page","link":"https:\/\/www.v6.newmessage.org\/hr\/the-message\/volume-3\/living-way-knowledge\/","title":{"rendered":"\u017divljenje Puta Znanja"},"content":{"rendered":"<p><img loading=\"lazy\" decoding=\"async\" class=\"alignright\" src=\"https:\/\/www.newmessage.org\/wp-content\/uploads\/2014\/07\/LTW-book-cover.jpg\" alt=\"Living the Way of Knowledge\" width=\"234\" height=\"360\" \/><\/p>\n<p><em>\u017divljenje Puta Znanja<\/em> U\u010denje je Nove Poruke o tome kako donijeti milost, vodstvo i mo\u0107 Znanja u \u010cetiri Stupa va\u0161eg \u017eivota: Stup Odnosa, Stup Rada, Stup Zdravlja te Stup Duhovnog Razvoja. Kao \u010detiri noge stola, \u010cetiri Stupa pru\u017eaju stabilan temelj za gradnju ve\u0107eg \u017eivota u nestabilnom i nesigurnom svijetu.<\/p>\n<p><em>\u017divljenje Puta Znanja<\/em> predstavlja jednu od velikih praksi u u\u010denju i \u017eivljenju Nove Poruke od Boga. Gradnjom \u010cetiri Stupa va\u0161eg \u017eivota, razvijate istinski temelj te ve\u0107u sigurnost, stabilnost i smjer u va\u0161em iskustvu.<\/p>\n<p>Ve\u0107a mudrost u \u017divljenju Puta Znanja je ta koja \u0107e vam pru\u017eiti uvide iz dana u dan kako \u0107ete prolaziti kroz velike pragove na va\u0161em putovanju otkrivanja i slije\u0111enja Znanja.<\/p>\n<p><em>\u017divljenje Puta Znanja<\/em> tre\u0107a je knjiga <u><a href=\"https:\/\/www.newmessage.org\/hr\/the-message\/volume-3\/\">Sveska 3<\/a><\/u> Nove Poruke od Boga.<\/p>\n<div class=\"toggle toggle-white\"><h4 class=\"trigger \"><span class=\"t_ico\"><\/span><a href=\"#\">Vi\u0161e o svescima Nove Poruke od Boga<\/a><\/h4><div class=\"toggle_container \"><br \/>\n<div data-post-id='24520' class='insert-page insert-page-24520 '><\/div><br \/>\n<\/div><\/div>\n<div class=\"background-color-bridesmaid padding-20\">\n<h3><span style=\"color: #525252;\">Tablica Sadr\u017eaja<\/span><\/h3>\n<p>Poglavlje 1: \u017divjeti u Novonastalom Svijetu<br \/>\nPoglavlje 2: \u010cetiri Stupa \u017divota<br \/>\nPoglavlje 3: Stup Odnosa<br \/>\nPoglavlje 4: Stup Zdravlja<br \/>\nPoglavlje 5: Stup Rada<br \/>\nPoglavlje 6: Stup Duhovnog Razvoja<br \/>\nPoglavlje 7: Va\u0161 Odnos sa Va\u0161om Duhovnom Obitelji<br \/>\nPoglavlje 8: Gradnja Duhovne Zajednice<br \/>\nPoglavlje 9: Dijeljenje Puta Znanja sa Drugima<br \/>\nPoglavlje 10: Biti Prisutan\/na u Svijetu<br \/>\nPoglavlje 11: Pripremanje za Budu\u0107nost<\/p>\n<\/div>\n","protected":false},"excerpt":{"rendered":"<p>\u017divljenje Puta Znanja U\u010denje je Nove Poruke o tome kako donijeti milost, vodstvo i mo\u0107 Znanja u \u010cetiri Stupa va\u0161eg \u017eivota: Stup Odnosa, Stup Rada, Stup Zdravlja te Stup Duhovnog Razvoja. Kao \u010detiri noge stola, \u010cetiri Stupa pru\u017eaju stabilan temelj za gradnju ve\u0107eg \u017eivota u nestabilnom i nesigurnom svijetu. \u017divljenje Puta Znanja predstavlja jednu od\u2026 <a class=\"read-more\" href=\"https:\/\/www.v6.newmessage.org\/hr\/the-message\/volume-3\/living-way-knowledge\/\"><span>Read More<\/span><\/a><\/p>\n","protected":false},"author":1,"featured_media":0,"parent":16314,"menu_order":2,"comment_status":"closed","ping_status":"closed","template":"template-leftsidebar.php","meta":{"_monsterinsights_skip_tracking":false,"_monsterinsights_sitenote_active":false,"_monsterinsights_sitenote_note":"","_monsterinsights_sitenote_category":0,"footnotes":""},"categories":[289,470],"tags":[569,822],"_links":{"self":[{"href":"https:\/\/www.v6.newmessage.org\/hr\/wp-json\/wp\/v2\/pages\/13087"}],"collection":[{"href":"https:\/\/www.v6.newmessage.org\/hr\/wp-json\/wp\/v2\/pages"}],"about":[{"href":"https:\/\/www.v6.newmessage.org\/hr\/wp-json\/wp\/v2\/types\/page"}],"author":[{"embeddable":true,"href":"https:\/\/www.v6.newmessage.org\/hr\/wp-json\/wp\/v2\/users\/1"}],"replies":[{"embeddable":true,"href":"https:\/\/www.v6.newmessage.org\/hr\/wp-json\/wp\/v2\/comments?post=13087"}],"version-history":[{"count":51,"href":"https:\/\/www.v6.newmessage.org\/hr\/wp-json\/wp\/v2\/pages\/13087\/revisions"}],"predecessor-version":[{"id":27825,"href":"https:\/\/www.v6.newmessage.org\/hr\/wp-json\/wp\/v2\/pages\/13087\/revisions\/27825"}],"up":[{"embeddable":true,"href":"https:\/\/www.v6.newmessage.org\/hr\/wp-json\/wp\/v2\/pages\/16314"}],"wp:attachment":[{"href":"https:\/\/www.v6.newmessage.org\/hr\/wp-json\/wp\/v2\/media?parent=13087"}],"wp:term":[{"taxonomy":"category","embeddable":true,"href":"https:\/\/www.v6.newmessage.org\/hr\/wp-json\/wp\/v2\/categories?post=13087"},{"taxonomy":"post_tag","embeddable":true,"href":"https:\/\/www.v6.newmessage.org\/hr\/wp-json\/wp\/v2\/tags?post=13087"}],"curies":[{"name":"wp","href":"https:\/\/api.w.org\/{rel}","templated":true}]}}