{"id":13085,"date":"2014-07-24T22:00:33","date_gmt":"2014-07-24T22:00:33","guid":{"rendered":"http:\/\/www.newmessage.org\/?page_id=13085"},"modified":"2019-06-10T08:29:05","modified_gmt":"2019-06-10T08:29:05","slug":"relationships-higher-purpose","status":"publish","type":"page","link":"https:\/\/www.v6.newmessage.org\/hr\/the-message\/volume-2\/relationships-higher-purpose\/","title":{"rendered":"Odnosi i Vi\u0161a Svrha"},"content":{"rendered":"<p><img loading=\"lazy\" decoding=\"async\" class=\"alignright\" src=\"\/\/www.newmessage.org\/wp-content\/uploads\/2014\/07\/RHP-Cover-blk.jpg\" alt=\"Relationships and Higher Purpose\" width=\"234\" height=\"350\" \/><\/p>\n<p class=\"font-size-13\">\n<p><em>Odnosi i Vi\u0161a Svrha<\/em> vodi vas izvan normalnih parametara ljudskih odnosa prema ve\u0107em iskustvu jedinstva, svrhe te zna\u010denja sa onim pojedincima sa kojima dijelite ve\u0107u sudbinu u \u017eivotu. To je sjemensko u\u010denje u Novoj Poruci o otkrivanju va\u0161eg ve\u0107eg odnosa sa sobom, drugima i svijetom.<\/p>\n<p><em>Odnosi i Vi\u0161a Svrha <\/em>pro\u0161iruje kontekst odnosa da uklju\u010di va\u0161 odnos sa Znanjem (<u><a href=\"https:\/\/www.newmessage.org\/hr\/the-message\/volume-2\/greater-community-spirituality\/what-is-knowledge\">\u0160to je Znanje?<\/a><\/u>), sa va\u0161om Duhovnom Obitelji (<u><a href=\"https:\/\/www.newmessage.org\/hr\/the-message\/volume-2\/relationships-higher-purpose\/relationship-spiritual-family\">Va\u0161 Odnos sa va\u0161om Duhovnom Obitelji<\/a><\/u>) te sa Ve\u0107im Silama koje oblikuju va\u0161 \u017eivot te svijet.<\/p>\n<p><em>Odnosi i Vi\u0161a Svrha <\/em>druga je knjiga <u><a href=\"https:\/\/www.newmessage.org\/hr\/the-message\/volume-2\/\">Sveska 2<\/a><\/u> Nove Poruke od Boga.<\/p>\n<div class=\"toggle toggle-white\"><h4 class=\"trigger \"><span class=\"t_ico\"><\/span><a href=\"#\">Vi\u0161e o svescima Nove Poruke od Boga<\/a><\/h4><div class=\"toggle_container \"><br \/>\n<div data-post-id='24520' class='insert-page insert-page-24520 '><\/div><br \/>\n<\/div><\/div>\n<div class=\"background-color-bridesmaid padding-20\">\n<h2 style=\"text-align: left;\"><span style=\"color: #525252;\">Tablica Sadr\u017eaja<\/span><\/h2>\n<p>PRVI DIO: ODNOSI I VI\u0160A SVRHA<br \/>\nPoglavlje 1: Va\u0161 Najosnovniji Odnos<br \/>\nPoglavlje 2: Va\u0161 Odnos sa Sobom<br \/>\nPoglavlje 3: Va\u0161 Odnos sa Drugima<br \/>\nPoglavlje 4: Va\u0161 Odnos sa Svijetom<br \/>\nPoglavlje 5: Va\u0161 Odnos sa Va\u0161om Duhovnom Obitelji<br \/>\nPoglavlje 6: Va\u0161 Odnos sa Znanjem<br \/>\nPoglavlje 7: Va\u0161 Odnos sa Nepoznatim<br \/>\nPoglavlje 8: Problem Zla i Sile Nesklada<br \/>\nPoglavlje 9: Stadiji Razvoja<br \/>\nPoglavlje 10: Brak<br \/>\nPoglavlje 11: Va\u0161a Svrha i Duhovni Poziv<br \/>\nDRUGI DIO: PRAKTI\u010cNA PITANJA<br \/>\nPoglavlje 12: Uspostavljanje Odnosa<br \/>\nPoglavlje 13: Odr\u017eavanje Odnosa<br \/>\nPoglavlje 14: Zavr\u0161avanje Odnosa<br \/>\nPoglavlje 15: Zaklju\u010dak<\/p>\n<\/div>\n","protected":false},"excerpt":{"rendered":"<p>Odnosi i Vi\u0161a Svrha vodi vas izvan normalnih parametara ljudskih odnosa prema ve\u0107em iskustvu jedinstva, svrhe te zna\u010denja sa onim pojedincima sa kojima dijelite ve\u0107u sudbinu u \u017eivotu. To je sjemensko u\u010denje u Novoj Poruci o otkrivanju va\u0161eg ve\u0107eg odnosa sa sobom, drugima i svijetom. Odnosi i Vi\u0161a Svrha pro\u0161iruje kontekst odnosa da uklju\u010di va\u0161\u2026 <a class=\"read-more\" href=\"https:\/\/www.v6.newmessage.org\/hr\/the-message\/volume-2\/relationships-higher-purpose\/\"><span>Read More<\/span><\/a><\/p>\n","protected":false},"author":1,"featured_media":0,"parent":16312,"menu_order":1,"comment_status":"closed","ping_status":"closed","template":"template-leftsidebar.php","meta":{"_monsterinsights_skip_tracking":false,"_monsterinsights_sitenote_active":false,"_monsterinsights_sitenote_note":"","_monsterinsights_sitenote_category":0,"footnotes":""},"categories":[469,467],"tags":[823,774,775],"_links":{"self":[{"href":"https:\/\/www.v6.newmessage.org\/hr\/wp-json\/wp\/v2\/pages\/13085"}],"collection":[{"href":"https:\/\/www.v6.newmessage.org\/hr\/wp-json\/wp\/v2\/pages"}],"about":[{"href":"https:\/\/www.v6.newmessage.org\/hr\/wp-json\/wp\/v2\/types\/page"}],"author":[{"embeddable":true,"href":"https:\/\/www.v6.newmessage.org\/hr\/wp-json\/wp\/v2\/users\/1"}],"replies":[{"embeddable":true,"href":"https:\/\/www.v6.newmessage.org\/hr\/wp-json\/wp\/v2\/comments?post=13085"}],"version-history":[{"count":71,"href":"https:\/\/www.v6.newmessage.org\/hr\/wp-json\/wp\/v2\/pages\/13085\/revisions"}],"predecessor-version":[{"id":27823,"href":"https:\/\/www.v6.newmessage.org\/hr\/wp-json\/wp\/v2\/pages\/13085\/revisions\/27823"}],"up":[{"embeddable":true,"href":"https:\/\/www.v6.newmessage.org\/hr\/wp-json\/wp\/v2\/pages\/16312"}],"wp:attachment":[{"href":"https:\/\/www.v6.newmessage.org\/hr\/wp-json\/wp\/v2\/media?parent=13085"}],"wp:term":[{"taxonomy":"category","embeddable":true,"href":"https:\/\/www.v6.newmessage.org\/hr\/wp-json\/wp\/v2\/categories?post=13085"},{"taxonomy":"post_tag","embeddable":true,"href":"https:\/\/www.v6.newmessage.org\/hr\/wp-json\/wp\/v2\/tags?post=13085"}],"curies":[{"name":"wp","href":"https:\/\/api.w.org\/{rel}","templated":true}]}}