{"id":12810,"date":"2014-07-19T02:41:44","date_gmt":"2014-07-19T02:41:44","guid":{"rendered":"http:\/\/www.newmessage.org\/?page_id=12810"},"modified":"2019-06-10T07:49:54","modified_gmt":"2019-06-10T07:49:54","slug":"society","status":"publish","type":"page","link":"https:\/\/www.v6.newmessage.org\/hr\/worldwide-community\/society\/","title":{"rendered":"Dru\u0161tvo"},"content":{"rendered":"<div class=\"floater-right\">\n\n<div class=\"tabgroup \"><ul class=\"tabs\"><li><a href=\"#tabs-1\">Tablica sadr\u017eaja<\/a><\/li><\/ul>\n <div id=\"tabs-1\"><br \/>\n<a href=\"#whatissociety\">\u0160to je Dru\u0161tvo?<\/a><br \/>\n<a href=\"#ourwork\">Na\u0161 Rad<\/a><br \/>\n<a href=\"#ourmission\">Izjava o Misiji<\/a><br \/>\n<a href=\"#strategic\">Strate\u0161ki ciljevi<\/a><br \/>\n<a href=\"#leadership\">O Vodstvu Nove Poruke<\/a><br \/>\n<a href=\"#members\">O \u010clanovima Dru\u0161tva<\/a><br \/>\n<a href=\"#story\">Pri\u010da o \u010clanovima Dru\u0161tva<\/a><br \/>\n<a href=\"#core\">O Klju\u010dnim Pomo\u0107nicima Dru\u0161tva<\/a><br \/>\n<a href=\"#volunteers\">O Volonterima koji poma\u017eu Dru\u0161tvu<\/a><\/div>\n\t\t\t\t<div align=\"right\">\n\t\t\t<div class=\"fb-like\" data-href=\"\" data-layout=\"button_count\" data-action=\"like\" data-show-faces=\"false\" data-share=\"false\"><\/div>\n\t\t\t<div class=\"fb-share-button\" data-layout=\"button_count\"> <\/div>\n\t\t\t<div class=\"fb_iframe_widget\"><a href=\"https:\/\/twitter.com\/godsnewmessage?ref_src=twsrc%5Etfw\" class=\"twitter-follow-button\" data-show-count=\"false\">Follow @godsnewmessage<\/a><script async src=\"https:\/\/platform.twitter.com\/widgets.js\" charset=\"utf-8\"><\/script><\/div>\n\t\t\t<\/div> <\/div> \n\n<\/div>\n<p><a name=\"whatissociety\"><\/a><\/p>\n<h2>\u0160to je Dru\u0161tvo?<\/h2>\n<p>Dru\u0161tvo Nove Poruke od Boga je 501(c)(3) neprofitna religijska organizacija \u010dija misija je o\u010duvati, za\u0161tititi te predstaviti Novu Poruku od Boga u svijetu. Dru\u0161tvo nije povezano sa niti jednim drugim religijskim tijelom. Financijski je podr\u017eano od <u><a href=\"https:\/\/www.newmessage.org\/hr\/worldwide-community\/society\/supporting-the-new-message\">donacija<\/a><\/u> u\u010denika Nove Poruke diljem svijeta, ne prima nikakvo pokroviteljstvo ili prihod od ijedne vladine ili religijske organizacije.<\/p>\n<p>Dru\u0161tvo je osnovao 1992. godine <u><a href=\"https:\/\/www.newmessage.org\/hr\/gods-messenger\">Glasnik Marshall Vian Summers<\/a><\/u> koji je vidio potrebu za organizacijom i jezgrom posve\u0107enih ljudi koji mogu nositi Glasnikovu misiju za vrijeme njegovog \u017eivota i nakon tako\u0111er, \u0161tititi Otkrivenje i odr\u017eavati njegovu \u010disto\u0107u duboko u budu\u0107nost.<\/p>\n<p>Od toga dana do ovog, Dru\u0161tvo je dijelilo Glasnikovo breme, stoje\u0107i pored njega, svjedo\u010de\u0107i procesu Otkrivenja te poduzimalo veliki zadatak dovo\u0111enja Novog Otkrivenja od Boga \u010dovje\u010danstvu.<\/p>\n<p>Dru\u0161tvo je sastavljano od deset \u010clanova te devet Sredi\u0161njih Pomo\u0107nika koji su svaki zasebice izabrali odgovoriti vlastitom osje\u0107aju poziva da pomognu Glasniku i unaprijede izlazak Nove Poruke u svijet. U dodatku, Dru\u0161tvo je potpomognuto i podr\u017eano od posve\u0107enih volontera koji \u017eive u razli\u010ditim zemljama te slu\u017ee u mnogo razli\u010ditih kapaciteta.<\/p>\n<p>Dru\u0161tvo slijedi izravno vodstvo vo\u0111e Nove Poruke, Marshall Vian Summera. Asistiraju\u0107i vo\u0111u Nove Poruke, tu je Upravitelj Dru\u0161tva, Reed Summers, koji koordinira Upravlja\u010dki Tim koji nadgleda odjeljke organizacije.<\/p>\n<p><a name=\"ourwork\"><\/a><\/p>\n<h2>Na\u0161 Rad<\/h2>\n<p class=\"alignnone\"><a href=\"\/organizational-chart-of-the-society\"><img loading=\"lazy\" decoding=\"async\" class=\"alignright\" src=\"\/wp-content\/uploads\/2015\/04\/org-chart-may-2015.jpg\" alt=\"\" width=\"382\" height=\"295\" \/><\/a><\/p>\n<p>Misija Dru\u0161tva je dovesti Novu Poruku od Boga u svijet ljudima posvuda tako da \u010dovje\u010danstvo prona\u0111e zajedni\u010dko tlo, o\u010duva Zemlju, za\u0161titi ljudsku slobodu te unaprijedi ljudsku civilizaciju kako stojimo na pragu velike i nevi\u0111ene promjene.<\/p>\n<p>Rad Dru\u0161tva posve\u0107en je napredovanju misije Poruke i Glasnika \u2013 misije prvobitno uspostavljene od <u><a href=\"https:\/\/www.newmessage.org\/hr\/the-message\/volume-2\/greater-community-spirituality\/what-is-god\">Boga <\/a><\/u> i <u><a href=\"https:\/\/www.newmessage.org\/hr\/the-message\/important-terms#aa\">An\u0111eoskog Skupa<\/a><\/u>. Ova misija duboko je povezana sa evolucijom i sudbinom na\u0161eg svijeta te je izravan dodatak Bo\u017eanskog Plana da slu\u017ei na\u0161 svijet u ovo kriti\u010dno vrijeme u ljudskoj povijesti.<\/p>\n<p>Od po\u010detka vremena i stvaranja manifestiranog svemira, Bog i An\u0111eosko Prisustvo su dodali misiju da izlije\u010de <u><a href=\"https:\/\/www.newmessage.org\/hr\/the-message\/volume-1\/one-god\/the-separation\">Odvojenost<\/a><\/u> te iskupe odvojene kroz <u><a href=\"https:\/\/www.newmessage.org\/hr\/the-message\/important-terms#knowledge\">Znanje<\/a><\/u>, u na\u0161em svijetu i tako\u0111er u <u><a href=\"https:\/\/www.newmessage.org\/hr\/the-message\/important-terms#gc\">Ve\u0107oj Zajednici<\/a><\/u> inteligentnog \u017eivota u svemiru.<\/p>\n<p>Dru\u0161tvo je posve\u0107eno slu\u017eenju ove ve\u0107e misije i Plana Bo\u017ejeg. U ovo vrijeme, na\u0161 primaran rad je da primimo, o\u010duvamo, za\u0161titimo i predstavimo Bo\u017eju Novu Poruku u svijetu. \u017delimo to u\u010diniti kroz izdavanje knjiga, podr\u017eavaju\u0107i proces me\u0111unarodnog prevo\u0111enja, ra\u0111enje web stranica, <u><a href=\"https:\/\/www.community.newmessage.org\/\">foruma<\/a><\/u> te mnogo drugih online okru\u017eja, pru\u017eaju\u0107i edukaciju i sudjelovanje sa <u><a href=\"https:\/\/www.newmessage.org\/hr\/about-the-worldwide-community\">Svjetskom Zajednicom<\/a><\/u> kroz doga\u0111aje, oda\u0161iljanja, <u><a href=\"https:\/\/www.newmessage.org\/th_event\/encampment-of-the-new-message\">Encampmente<\/a><\/u> te <u><a href=\"https:\/\/www.community.newmessage.org\/\">Besplatnom \u0160kolom Nove Poruke<\/a><\/u>.<\/p>\n<p>Rade\u0107i ovo, Bo\u017eji poziv i komunikacija mo\u017ee dose\u0107i srce svih ljudi, bude\u0107i mo\u0107 <u><a href=\"https:\/\/www.newmessage.org\/hr\/the-message\/important-terms#knowledge\">Znanja<\/a><\/u> u svijetu tako da ljudi mogu otkriti svoj jedinstven doprinos u ovo vrijeme eskaliraju\u0107e potrebe, promjene i prilike.<\/p>\n<p>Ipak, ovo je odgovornost koja uvelike nadma\u0161uje \u0161to mi sami mo\u017eemo u\u010diniti. Ona zahtjeva podr\u0161ku i pomo\u0107 od mnogo ljudi. Knjige koje dr\u017eite u va\u0161oj ruci, web stranica koja vas informira i inspirira, <u><a href=\"https:\/\/www.newmessage.org\/worldwide-community\/society\/sanctuary\">Uto\u010di\u0161te Ve\u0107e Zajednice<\/a><\/u> koje odr\u017eava <u><a href=\"https:\/\/www.newmessage.org\/worldwide-community\/events\">doga\u0111aje<\/a><\/u> Nove poruke te uredi koji odr\u017eavaju ovu organizaciju su sve produkt davanja mnogih ljudi.<\/p>\n<p>I zahvaljuju\u0107i financijskim prilozima, vrata <u><a href=\"https:\/\/www.newmessage.org\/worldwide-community\/society\/sanctuary\">Uto\u010di\u0161ta<\/a><\/u> Ve\u0107e Zajednice su otvorena, <u><a href=\"https:\/\/www.community.newmessage.org\/\">Besplatna \u0160kola<\/a><\/u> Nove Poruke je otvorena svim ljudima bez naknade, a knjige Nove poruke su u sve ve\u0107oj mjeri dostupne online. Vi, koji ste mo\u017eda me\u0111u prvima koji su primili i iskusili ovu Novu Poruku od Boga, mo\u017eete se pridru\u017eiti drugima u stvaranju stvarnog doprinosa ovoj klju\u010dnoj misiji.<\/p>\n<p><a name=\"ourmission\"><\/a><\/p>\n<h2>Izjava o Misiji<\/h2>\n<ol>\n<li style=\"list-style-type: none;\">\n<ol>\n<li>Donijeti <u><a href=\"https:\/\/www.newmessage.org\/hr\/the-message\">Bo\u017eju Poruku<\/a><\/u> \u010dovje\u010danstvu u njenom \u010distom obliku.<\/li>\n<li>Donijeti vijesti o <u><a href=\"https:\/\/www.newmessage.org\/hr\/gods-messenger\">Glasniku<\/a><\/u> i njegovom prisustvu u svijetu, ljudima posvuda.<\/li>\n<li>Podr\u017eavati pojavljivanje <u><a href=\"https:\/\/www.newmessage.org\/hr\/the-message\/important-terms#knowledge\">Znanja<\/a><\/u> u \u017eivotima ljudi posvuda kroz edukaciju i stazu razvoja sadr\u017ean unutar Nove Poruke<\/li>\n<li>Advocirati za ljudsku svjesnost i pripremu za <u><a href=\"https:\/\/www.newmessage.org\/hr\/the-message\/important-terms#gwoc\">Velike Valove promjene<\/a><\/u> te pojavljivanje \u010dovje\u010danstva u <u><a href=\"https:\/\/www.newmessage.org\/hr\/the-message\/important-terms#gc\">Ve\u0107oj Zajednici<\/a><\/u> inteligentnog \u017eivota u svemiru.<\/li>\n<li>Podupirati jedinstvo i toleranciju izme\u0111u svjetskih religija vo\u0111eni Novim Bo\u017ejim Otkrivenjem za svijet.<\/li>\n<li>Podr\u017eavati i podupirati Glasnika kako nastavlja primati Bo\u017eje Novo Otkrivenje za svijet.<\/li>\n<li>Uspostaviti <u><a href=\"https:\/\/www.newmessage.org\/hr\/about-the-worldwide-community\">Svjetsku Zajednicu<\/a><\/u> Nove Poruke da bi u\u010dili, \u017eivjeli i podupirali Novu Poruku, u skladu sa Glasnikom i Dru\u0161tvom.<\/li>\n<li>Izgraditi sna\u017enu organizacijsku platformu da nosi Novu Poruku od Boga u svijet i u budu\u0107nost.<\/li>\n<\/ol>\n<\/li>\n<\/ol>\n<p><a name=\"strategic\"><\/a><\/p>\n<h2>Strate\u0161ki ciljevi<\/h2>\n<ol>\n<li>Uspostaviti duhovnu svjesnost i tradiciju Nove Poruke u svijetu.<\/li>\n<li>Dose\u0107i milijune ljudi diljem svijeta sa u\u010denjima Nove Poruke i proklamacijom.<\/li>\n<li>Isporu\u010diti tekst i audio <u><a href=\"https:\/\/www.newmessage.org\/hr\/the-message\/\">Zavjeta Nove Poruke od Boga<\/a><\/u><\/li>\n<li>U\u010diniti golem opseg i dubinu Nove poruke pristupa\u010dnima kroz knjige, web stranice te prijevode.<\/li>\n<li>Predstaviti <u><a href=\"https:\/\/www.newmessage.org\/hr\/the-message\/important-terms#voice\">Glas Otkrivenja<\/a><\/u> svijetu u svojem originalnom obliku.<\/li>\n<li>Objaviti <u><a href=\"https:\/\/www.newmessage.org\/hr\/gods-messenger\/the-messenger-speaks\">svjetska u\u010denja Glasnika<\/a><\/u> u audio i tako\u0111er zapisanom obliku.<\/li>\n<li>Uspostaviti Glasnikovu viziju puta za u\u010denje i \u017eivljenje Nove Poruke.<\/li>\n<li>Stvoriti priliku za ljude diljem svijeta da sudjeluju sa otkrivenjima te vlastitom dubljom prirodom i zvanjem u \u017eivotu, kroz <u><a href=\"https:\/\/www.community.newmessage.org\/\">Besplatnu \u0160kolu<\/a><\/u> Nove Poruke.<\/li>\n<\/ol>\n<p><a name=\"leadership\"><\/a><\/p>\n<h2>O Vodstvu Nove Poruke<\/h2>\n<p><a name=\"mvs\"><\/a><\/p>\n<h3 style=\"text-align: center;\">Marshall Vian Summers<\/h3>\n<h4 style=\"text-align: center;\"><strong>Glasnik, Vo\u0111a Nove Poruke od Boga<\/strong><\/h4>\n<p style=\"text-align: center;\"><a href=\"\/wp-content\/uploads\/2015\/08\/DSC_0146-copy.jpg\"><img loading=\"lazy\" decoding=\"async\" class=\"imgborder alignnone size-large\" src=\"\/wp-content\/uploads\/2015\/08\/DSC_0146-copy-600x400.jpg\" alt=\"\" width=\"600\" height=\"400\" \/><\/a><\/p>\n<p>Marshall Vian Summers Glasnik je Nove Poruke od Boga. Izabran je i pripremljen od <u><a href=\"https:\/\/www.newmessage.org\/hr\/the-message\/important-terms#aa\">An\u0111eoskog Skupa<\/a><\/u> prije ovog \u017eivota, da slu\u017ei u ovoj ulozi kao Glasnik Novog Otkrivenja i sada je primio najve\u0107e i najsveobuhvatnije otkrivenja ikada dano \u010covje\u010danstvu.<\/p>\n<p>Marshall je osniva\u010d Dru\u0161tva, koje je osnovao 1992. godine da o\u010duva i predstavi Novu Poruku od Boga u svijetu. On je trenutni vo\u0111a Nove Poruke od Boga te <u><a href=\"https:\/\/www.newmessage.org\/hr\/about-the-worldwide-community\">Svjetske Zajednice Nove Poruke<\/a><\/u>. Eventualno \u0107e biti naslije\u0111en u svojem ulozi vodstva od strane svoje \u017eene Patricije Summers.<\/p>\n<p>Danas, Glasnik nastavlja primati \u0161ire\u0107e otkrivenje Bo\u017eje Nove Poruke za ova vremena i vremena koja dolaze. U dodatku, sudjeluje u oda\u0161iljanju svoje proklamacije i sr\u017ei poruke svijetu te tako\u0111er evidentira golemo nasljedstvo u\u010denja, direktiva i poja\u0161njenja da pomogne u\u010denicima u u\u010denju i \u017eivljenju Nove Poruke. Kona\u010dno, radi na povijesnom projektu sastavljanja u cijelosti od 9000-stranica Otkrivenja u novi zavjet za \u010dovje\u010danstvo.<\/p>\n<p><a name=\"rs\"><\/a><\/p>\n<h3 style=\"text-align: center;\">Reed Summers<\/h3>\n<h4 style=\"text-align: center;\"><strong>U\u010ditelj i Predstavnik Nove Poruke<\/strong><\/h4>\n<p style=\"text-align: center;\"><a href=\"\/\/www.newmessage.org\/wp-content\/uploads\/2014\/07\/Reed-Summers-New-Message-from-God.jpg\"><img loading=\"lazy\" decoding=\"async\" class=\"imgborder alignright size-medium\" src=\"\/\/www.newmessage.org\/wp-content\/uploads\/2014\/07\/Reed-Summers-New-Message-from-God-300x282.jpg\" alt=\"\" width=\"300\" height=\"282\" \/><\/a><\/p>\n<p>Ro\u0111en u tradiciju Nove Poruke kao sin Glasnika, Reed Summers je \u010dlan Dru\u0161tva i trenutno upravlja njenim cjelokupnim dohvatom i edukativnom misijom. U dodatku, pru\u017ea u\u010denja i smjernice u\u010denicima <u><a href=\"https:\/\/www.newmessage.org\/hr\/about-the-worldwide-community\">Svjetske Zajednice<\/a><\/u> te je Glasnikom primarni javni predstavnik.<\/p>\n<p>Reed Summers pridru\u017eio se Glasniku i Dru\u0161tvu 2004. godine, u dobi od 20. U godinama nakon, podr\u017eava Glasnikovu misiju u \u0161irokom spektru aktivnosti, ure\u0111uju\u0107i web stranice, korice knjiga te materijalima za dosezanje Nove Poruke; pi\u0161u\u0107i, govore\u0107i i u\u010de\u0107i u Besplatnoj \u0160koli Nove Poruke; koordiniraju\u0107i <u><a href=\"https:\/\/www.newmessage.org\/gods-messenger\/journeys-messenger\">Glasnikova mnoga putovanja<\/a><\/u> u svijetu, i, pored Patricije Summers, razvijaju\u0107i raspored za <u><a href=\"https:\/\/www.community.newmessage.org\/\">Besplatnu \u0160kolu<\/a><\/u> Nove Poruke, kao i oda\u0161iljanja Nove Poruke, <u><a href=\"https:\/\/www.newmessage.org\/worldwide-community\/events\">Vigile<\/a><\/u> i <u><a href=\"https:\/\/www.newmessage.org\/th_event\/encampment-of-the-new-message\">Encampmente<\/a><\/u>.<\/p>\n<p><a name=\"ps\"><\/a><\/p>\n<h3 style=\"text-align: center;\">Patricia Summers<\/h3>\n<h4 style=\"text-align: center;\"><strong>U\u010ditelj i Predstavnik Nove Poruke<\/strong><\/h4>\n<p style=\"text-align: center;\"><a href=\"\/\/www.newmessage.org\/wp-content\/uploads\/2014\/07\/Patricia-Summers-New-Message-from-God.jpg\"><img loading=\"lazy\" decoding=\"async\" class=\"imgborder alignright size-medium\" src=\"\/\/www.newmessage.org\/wp-content\/uploads\/2014\/07\/Patricia-Summers-New-Message-from-God-293x300.jpg\" alt=\"\" width=\"293\" height=\"300\" \/><\/a><\/p>\n<p>Patricia je pored Marshalla od 1983. godine, gotovo desetlje\u0107e prije nastanka Dru\u0161tva. Od najranijih dana Otkrivenja, izbliza je pomagala Glasniku u njegovom dugom putovanju primanja Otkrivenja Nove Poruke, uvijek ostaju\u0107i pored njega, poma\u017eu\u0107i mu nositi rastu\u0107i teret njegovih odgovornosti te uloge.<\/p>\n<p>Patricia je \u010dlan Dru\u0161tva te je ve\u0107 preko tri desetlje\u0107a tako\u0111er pomogla izgraditi organizaciju, vode\u0107i je kroz mnoge izazove da bi bila gdje je sada. Danas radi sa Reed Summersom i Glasnikom u upravljanju Dru\u0161tva, predstavljanju knjiga i pru\u017eanju svjetsku prezentaciju Nove Poruke od Boga. U dodatku, ona je jedan od primarnih u\u010ditelja Nove Poruke, nude\u0107i esencijalnu mudrost, inspiraciju i usmjerenje za Svjetsku Zajednicu u\u010denika Nove Poruke.<\/p>\n<p><a name=\"members\"><\/a><\/p>\n<h3>O \u010clanovima Dru\u0161tva<\/h3>\n<div id=\"attachment_35882\" style=\"width: 460px\" class=\"wp-caption alignright\"><img loading=\"lazy\" decoding=\"async\" aria-describedby=\"caption-attachment-35882\" class=\"imgborder wp-image-35882\" src=\"https:\/\/www.newmessage.org\/wp-content\/uploads\/2018\/10\/Society-2017-600x381.jpg\" alt=\"Members of the Society of the New Message\" width=\"450\" height=\"286\" \/><p id=\"caption-attachment-35882\" class=\"wp-caption-text\">\u010clanovi Dru\u0161tva Nove Poruke<\/p><\/div>\n<p><u><a href=\"http:\/\/www.marshallsummers.com\/\">Marshall Vian Summersu<\/a><\/u> i \u010dlanovima Dru\u0161tva Nove Poruke od Boga dana je neizmjerna odgovornost dono\u0161enja Nove Poruke u svijet. Za deset \u010dlanova Dru\u0161tva, teret je i blagoslov obvezati sebe cijelim srcem u ovu veliku slu\u017ebu \u010dovje\u010danstvu.<\/p>\n<p>Dru\u0161tvo su nadglednici i \u010duvari Bo\u017eanske Rije\u010di i Zvuka Nove Poruke. Povjerena im je ova uloga od Izvora Nove Poruke \u2013 da \u0161tite, o\u010duvaju i predstave ovo Novo Otkrivenje i da ga slu\u017ee cijelim srcem. Tu rade kako bi sa\u010duvali \u010disto\u0107u Nove Poruke \u2013 njena objavljivanja, tekstove, audije, videje i dru\u0161tvene doga\u0111aje.<\/p>\n<p>Dru\u0161tvo sudjeluje u \u0161irokom spektru prakti\u010dnih odgovornosti povezanih sa misijom o\u010duvanja i proklamacije Nove Poruke i podr\u017eavanju rasta Svjetske Zajednice u\u010denika. U ovome oni kadroviraju mnoge od klju\u010dnih timova i projekata Dru\u0161tva, koordiniraju\u0107i rad Klju\u010dnih Asistenata i Volontera koji potpoma\u017eu organizaciji.<\/p>\n<p>Dru\u0161tvo ne zauzima poziciju religijskih savjetnika, mentora ili u\u010ditelja. Nisu anga\u017eirani u podu\u010davanju Nove Poruke ili uspostavljanju interpretacija tekstova. Umjesto, njihova uloga je odr\u017eavati klju\u010dan rad organizacije i podr\u017eavati Glasnika i u\u010ditelje Nove Poruke u pru\u017eanju edukativnog puta te inspiracije za sve koji \u017eele u\u010diti i \u017eivjeti Otkrivenje.<\/p>\n<p>Trenutno je deset \u010dlanova Dru\u0161tva: <strong><em>Tyyne Andrews, Will Burrows, Robert Busbey, Jeanine Butler, Carol Coffey, Darlene Mitchell, Ellen Mitchell, Ayesha Summers, Reed Summers i Patricia Summers<\/em><\/strong><\/p>\n<p><a name=\"story\"><\/a><\/p>\n<h3>Pri\u010da o \u010clanovima Dru\u0161tva<\/h3>\n<p>Svako Otkrivenje dano kroz povijest ima pri\u010du \u2013 pri\u010du o njegovom izru\u010denju, pri\u010du o njegovom <u><a href=\"https:\/\/www.newmessage.org\/hr\/gods-messenger\/who-is-marshall-vian-summers\">Glasniku<\/a><\/u> i pri\u010du o ranoj zajednici pojedinaca koji su se okupili da bi podr\u017eali Glasnika i pomogli mu donijeti Bo\u017eje Otkrivenje za svijet.<\/p>\n<p>Pri\u010da Bo\u017ejeg Novog Otkrivenja otkriva se pred nama sada, oko Glasnika, oko Dru\u0161tva \u2013 malog kruga pojedinaca koji su se okupili podr\u017eati ga \u2013 te rastu\u0107u Svjetsku Zajednicu u\u010denika. To je pri\u010da sa skromnim po\u010detkom koja se nastavlja otkrivati.<\/p>\n<p>1992 godine, kako je ve\u0107 bio anga\u017eiran u proces Otkrivenja 10 godina, Glasnik osniva organizaciju Dru\u0161tva, iako u to vrijeme je sa njime bilo samo nekoliko pojedinaca da sudjeluju.<\/p>\n<p>U godinama koje su slijedile, trenutni \u010dlanovi Dru\u0161tva do\u0161li su prona\u0107i Otkrivenje i eventualo zauzeli svoje mjesto slu\u017ebe njemu. Svaki od njih ima svoju jedinstvenu pri\u010du.<\/p>\n<p>\u017dive\u0107i u druga\u010dijim \u017eivotnim situacijama, okolnostima i mjestima, svatko od njih nai\u0161ao je na Otkrivenje ili Glasnika i po\u010deo odgovarati na iskustvo prepoznavanja te osje\u0107aj zvanja, krenuv\u0161i prvim koracima prema \u017eivotu slu\u017ebe iako nisu znali kamo \u0107e ti koraci odvesti ili \u0161to \u0107e to zna\u010diti.<\/p>\n<p>Stoga su do\u0161li, stje\u010du\u0107i slobodu da na\u0111u svoj put, jedan po jedan, svaki suo\u010den sa izazovima i pote\u0161ko\u0107ama, ali svaki znaju\u0107i da mora do\u0107i, da mora zauzeti poziciju u slu\u017ebi ovog pojavljivanja Otkrivenja te \u010dovjeka koji ga prima. To \u0107e zahtijevati da razviju veliku unutarnju snagu i stabilnost, kako su po\u010deli dijeliti Glasnikovo breme.<\/p>\n<p>Kroz svoje godine slu\u017ebe, kora\u010dali su te\u0161kim putem sa Glasnikom, zadr\u017eavaju\u0107i duboku predanost i posve\u0107enost njemu i njegovoj misiji, osloba\u0111aju\u0107i ga kako bi on mogao raditi ono \u0161to samo on mo\u017ee raditi, stoje\u0107i uz njega i biti tamo za njega, bez obzira kakve pote\u0161ko\u0107e i izazovi nastali.<\/p>\n<p>Danas se nastavljaju odazivati svojem osje\u0107aju zvanja i odgovornosti, tra\u017ee\u0107i posti\u0107i ve\u0107u slu\u017ebu, zadovoljavati sve ve\u0107e izazove, i rafinirati i redefinirati svoje \u017eivote i uloge u slu\u017ebi ove ve\u0107e misije. To je sve da Nova Poruka od Boga mo\u017ee dose\u0107i svijet u sve su\u017eenijem dostupnom vremenskom roku, pru\u017eaju\u0107i mudrost i uvid rijetko vi\u0111en u ovom svijetu i zovu\u0107i naprijed <u><a href=\"https:\/\/www.newmessage.org\/hr\/the-message\/important-terms#knowledge\">Znanje<\/a><\/u> u ljudskoj obitelji tako da se ova duhovna mo\u0107 mo\u017ee uzdi\u0107i i voditi \u010dovje\u010danstvo u ovo vrijeme velike potrebe.<\/p>\n<p>Ipak, kako \u0107e ikako ova mala skupina ljudi u\u010diniti ovo? Kako mogu ispuniti ovu misiju? Ovo su pitanja sa kojima \u017eive.<\/p>\n<p>Sada drugi po\u010dinju odgovarati svojem vlastitom osje\u0107aju zvanja da pomognu Dru\u0161tvu u ovom velikom pothvatu. Klju\u010dni Pomo\u0107nici te mnogi volonteri koji sada poma\u017eu Dru\u0161tvu zauzimaju vitalne uloge i odgovornosti koje omogu\u0107uju ovoj misiji da napreduje na sve ve\u0107oj skali.<\/p>\n<p>Pri\u010da rane zajednice Otkrivenja nastavlja se otkrivati kako se inspirirani pojedinci diljem svijeta odazivaju Bo\u017ejem Novom Otkrivenju i zauzimaju svoje mjesto slu\u017ebe u svijetu kao i u izravnoj potpori misiji Poruke i Glasnika.<\/p>\n<p><a name=\"core\"><\/a><\/p>\n<h3>O Klju\u010dnim Pomo\u0107nicima Dru\u0161tva<\/h3>\n<p>Klju\u010dni Pomo\u0107nici Dru\u0161tva su vitalni dio misije Nove Poruke od Boga. Klju\u010dni Pomo\u0107nici su pojedinci koji imaju osobni osje\u0107aj poziva da slu\u017ee i unaprijede misiju Poruke i Glasnika te pomognu Dru\u0161tvu prihvatiti se ove misije u svijetu. Ovo su napravili primarnim fokusom, osna\u017euju\u0107i unutarnje i vanjske \u017eivote dostatno da odr\u017eavaju i unaprje\u0111uju odre\u0111ena klju\u010dna podru\u010dja rada Dru\u0161tva te da ovo odr\u017eavaju kroz vrijeme. To je prava demonstracija prave slu\u017ebe.<\/p>\n<p>Trenutno je trinaest Klju\u010dnih Pomo\u0107nika u pet zemalja koji poma\u017eu Dru\u0161tvu.<br \/>\n<a name=\"volunteers\"><\/a><\/p>\n<h3>O Volonterima koji poma\u017eu Dru\u0161tvu<\/h3>\n<p>Volonteri koji poma\u017eu dru\u0161tvu pru\u017eaju klju\u010dnu slu\u017ebu u unaprije\u0111enu mnogih aspekata rada Dru\u0161tva te misije. Volonteri su u\u010denici Svjetske Zajednice koji stanuju diljem svijeta koji mogu ponuditi svoje vrijeme, vje\u0161tine te dostupnost da ispune specifi\u010dne zadatke, sudjeluju u projektima te sura\u0111uju u timovima i odjeljcima organizacije. Ovaj oblik slu\u017ebe komplementira njihovom u\u010deni\u0161tvu i zagovaranje Nove Poruke u svijetu te je vitalna podr\u0161ka radu i misiji Dru\u0161tva i Glasnika.<\/p>\n<p>Trenutno je 84 volontera u 28 zemalja koji poma\u017eu Dru\u0161tvu.<\/p>\n<hr \/>\n","protected":false},"excerpt":{"rendered":"<p>\u0160to je Dru\u0161tvo? Dru\u0161tvo Nove Poruke od Boga je 501(c)(3) neprofitna religijska organizacija \u010dija misija je o\u010duvati, za\u0161tititi te predstaviti Novu Poruku od Boga u svijetu. Dru\u0161tvo nije povezano sa niti jednim drugim religijskim tijelom. Financijski je podr\u017eano od donacija u\u010denika Nove Poruke diljem svijeta, ne prima nikakvo pokroviteljstvo ili prihod od ijedne vladine ili\u2026 <a class=\"read-more\" href=\"https:\/\/www.v6.newmessage.org\/hr\/worldwide-community\/society\/\"><span>Read More<\/span><\/a><\/p>\n","protected":false},"author":1,"featured_media":0,"parent":22398,"menu_order":1,"comment_status":"closed","ping_status":"closed","template":"template-leftsidebar.php","meta":{"_monsterinsights_skip_tracking":false,"_monsterinsights_sitenote_active":false,"_monsterinsights_sitenote_note":"","_monsterinsights_sitenote_category":0,"footnotes":""},"categories":[],"tags":[635,795],"_links":{"self":[{"href":"https:\/\/www.v6.newmessage.org\/hr\/wp-json\/wp\/v2\/pages\/12810"}],"collection":[{"href":"https:\/\/www.v6.newmessage.org\/hr\/wp-json\/wp\/v2\/pages"}],"about":[{"href":"https:\/\/www.v6.newmessage.org\/hr\/wp-json\/wp\/v2\/types\/page"}],"author":[{"embeddable":true,"href":"https:\/\/www.v6.newmessage.org\/hr\/wp-json\/wp\/v2\/users\/1"}],"replies":[{"embeddable":true,"href":"https:\/\/www.v6.newmessage.org\/hr\/wp-json\/wp\/v2\/comments?post=12810"}],"version-history":[{"count":194,"href":"https:\/\/www.v6.newmessage.org\/hr\/wp-json\/wp\/v2\/pages\/12810\/revisions"}],"predecessor-version":[{"id":27811,"href":"https:\/\/www.v6.newmessage.org\/hr\/wp-json\/wp\/v2\/pages\/12810\/revisions\/27811"}],"up":[{"embeddable":true,"href":"https:\/\/www.v6.newmessage.org\/hr\/wp-json\/wp\/v2\/pages\/22398"}],"wp:attachment":[{"href":"https:\/\/www.v6.newmessage.org\/hr\/wp-json\/wp\/v2\/media?parent=12810"}],"wp:term":[{"taxonomy":"category","embeddable":true,"href":"https:\/\/www.v6.newmessage.org\/hr\/wp-json\/wp\/v2\/categories?post=12810"},{"taxonomy":"post_tag","embeddable":true,"href":"https:\/\/www.v6.newmessage.org\/hr\/wp-json\/wp\/v2\/tags?post=12810"}],"curies":[{"name":"wp","href":"https:\/\/api.w.org\/{rel}","templated":true}]}}