{"id":940,"date":"2011-10-19T11:45:58","date_gmt":"2011-10-19T11:45:58","guid":{"rendered":"http:\/\/wp.www.newmessage.org\/?p=940"},"modified":"2019-03-01T21:01:55","modified_gmt":"2019-03-01T21:01:55","slug":"la-proclamation","status":"publish","type":"page","link":"https:\/\/www.v6.newmessage.org\/fr\/le-message\/volume-1\/dieu-a-parle-a-nouveau\/la-proclamation","title":{"rendered":"La Proclamation"},"content":{"rendered":"<div><!-- 4.1 Verse --><\/div>\n\n<div class=\"tabgroup \"><ul class=\"tabs\"><li><a href=\"#tabs-1\">R\u00e9v\u00e9lation<\/a><\/li>\n<li><a href=\"#tabs-2\">Note<\/a><\/li>\n<li><a href=\"#tabs-3\">Vid\u00e9o<\/a><\/li><\/ul>\n <div id=\"tabs-1\"><br \/>\nEcoutez la r\u00e9v\u00e9lation originale en anglais :<\/p>\n<div id=\"jquery_jplayer_1\" class=\"jp-jplayer\"><\/div>\n\t\t\t\t<div id=\"jp_container_1\" class=\"jp-audio\">\n\t\t\t\t<div class=\"jp-type-single\"><div class=\"jp-control\"><a href=\"javascript:;\" class=\"jp-play\" tabindex=\"1\">play<\/a><a href=\"javascript:;\" class=\"jp-pause\" tabindex=\"1\">pause<\/a><\/div> <div class=\"jp-gui jp-interface\"><div class=\"jp-volume\"><div class=\"jp-volume-bar\"><div class=\"jp-volume-bar-value\"><\/div><\/div><\/div><div class=\"jp-progress\"><div class=\"jp-seek-bar\"><div class=\"jp-play-bar\"><\/div><\/div><\/div><\/div>\t\t\t\t\t<div class=\"jp-no-solution\"><span>Update Required<\/span>To play the media you will need to either update your browser to a recent version or update your <a href=\"http:\/\/get.adobe.com\/flashplayer\/\" target=\"_blank\">Flash plugin<\/a>.<\/div><\/div><\/div>\n\t\t\t<script type='text\/javascript'>\n\t\t\t\tjQuery(document).ready(function() {\n\t\t\t\t\tif (typeof (sermonMedia) == 'function') {\n\t\t\t\t\t\tsermonMedia.addAudio('', \"jquery_jplayer_1\");\n\t\t\t\t\t}\n\t\t\t\t\tjQuery.jPlayer.timeFormat.showHour = true;\n\t\t\t\t\tjQuery(\"#jquery_jplayer_1\").jPlayer({\n\t\t\t\t\t\tready: function(event) {\n\t\t\t\t\t\t\tjQuery(this).jPlayer(\"setMedia\", {mp3: 'https:\/\/www.newmessage.org\/av\/the-proclamation.mp3'});\n\t\t\t\t\t\t},\n\t\t\t\t\t\tplay: function() {\n\t\t\t\t\t\t\tjQuery(this).jPlayer(\"pauseOthers\");\n\t\t\t\t\t\t},\n\t\t\t\t\t\tswfPath: ThemeData.directory_uri+\"\/swf\",\n\t\t\t\t\t\tsolution: \"html, flash\",\n\t\t\t\t\t\tpreload: \"metadata\",\n\t\t\t\t\t\twmode: \"window\",\n\t\t\t\t\t\tsupplied: \"mp3\",\n\t\t\t\t\t\tcssSelectorAncestor: '#jp_container_1'\n\t\t\t\t\t});\n\t\t\t\t});\n\t\t\t<\/script><\/p>\n<p>&nbsp;<\/p>\n<p><a href=\"\/av\/the-proclamation.mp3\"><img loading=\"lazy\" decoding=\"async\" class=\"imgborder aligncenter wp-image-29057 size-full\" src=\"https:\/\/www.newmessage.org\/fr\/wp-content\/uploads\/sites\/38\/2019\/03\/Proclamation-fr.jpeg\" alt=\"La Proclamation\" width=\"1200\" height=\"628\" srcset=\"https:\/\/www.v6.newmessage.org\/fr\/wp-content\/uploads\/sites\/38\/2019\/03\/Proclamation-fr.jpeg 1200w, https:\/\/www.v6.newmessage.org\/fr\/wp-content\/uploads\/sites\/38\/2019\/03\/Proclamation-fr-300x157.jpeg 300w, https:\/\/www.v6.newmessage.org\/fr\/wp-content\/uploads\/sites\/38\/2019\/03\/Proclamation-fr-768x402.jpeg 768w, https:\/\/www.v6.newmessage.org\/fr\/wp-content\/uploads\/sites\/38\/2019\/03\/Proclamation-fr-600x314.jpeg 600w, https:\/\/www.v6.newmessage.org\/fr\/wp-content\/uploads\/sites\/38\/2019\/03\/Proclamation-fr-500x262.jpeg 500w\" sizes=\"(max-width: 1200px) 100vw, 1200px\" \/><\/a><\/p>\n<p><a title=\"God's New Message for the World\" href=\"\/av\/the-proclamation.mp3\">T\u00e9l\u00e9charger<\/a>\u00a0(utilisez le clic droit)<\/p>\n<p><em>Telle qu\u2019elle fut re\u00e7ue par Marshall Vian Summers, le 7 juillet 2006, \u00e0 Boulder, Colorado<br \/>\n<\/em><\/p>\n<div class=\"toggle toggle-white\"><h4 class=\"trigger \"><span class=\"t_ico\"><\/span><a href=\"#\">\u00c0 propos de cet enregistrement<\/a><\/h4><div class=\"toggle_container \"><br \/>\n<p>Ce que vous entendez dans cet enregistrement audio est la voix de <a href=\"http:\/\/www.nouveaumessagededieu.org\/le-message\/important-terms#aa\" target=\"_blank\" rel=\"noopener noreferrer\">l&rsquo;Assembl\u00e9e Ang\u00e9lique<\/a> parlant \u00e0 travers le <a href=\"http:\/\/www.nouveaumessagededieu.org\/messager-de-dieu\" target=\"_blank\" rel=\"noopener noreferrer\">Messager Marshall Vian Summers<\/a>.<\/p>\n<p>Ici, la communication originale de Dieu, qui existe au-del\u00e0 des mots, est traduite en un langage et un entendement humains par <a href=\"http:\/\/www.nouveaumessagededieu.org\/le-message\/important-terms#aa\" target=\"_blank\" rel=\"noopener noreferrer\">l&rsquo;Assembl\u00e9e Ang\u00e9lique<\/a> qui veille sur le monde. L&rsquo;Assembl\u00e9e apporte alors le Message de Dieu \u00e0 travers le Messager.<\/p>\n<p>Dans ce processus remarquable, la <a href=\"http:\/\/www.nouveaumessagededieu.org\/le-message\/important-terms#vr\" target=\"_blank\" rel=\"noopener noreferrer\">Voix de la R\u00e9v\u00e9lation<\/a> parle \u00e0 nouveau. La Parole et le Son sont dans le monde. Pour la premi\u00e8re fois dans l&rsquo;histoire, l&rsquo;enregistrement de la r\u00e9v\u00e9lation parl\u00e9e originale est accessible pour que vous en fassiez l&rsquo;exp\u00e9rience.<\/p>\n<p>Puissiez-vous recevoir ce don de R\u00e9v\u00e9lation et puissiez-vous vous ouvrir \u00e0 son Message unique pour vous et pour votre vie.<\/p>\n<br \/>\n<\/div><\/div>\n<p><\/div>\n<div id=\"tabs-2\"><\/p>\n<p><em>Note aux lecteurs :<br \/>\nCette traduction a \u00e9t\u00e9 fournie \u00e0 la Society par des \u00e9tudiants du Nouveau Message qui se sont port\u00e9s volontaires pour traduire le texte original en anglais. Nous rendons cette traduction publique sous cette forme perfectible pour que les gens aient une chance de d\u00e9couvrir une portion du Nouveau Message dans leur propre langue.<\/em><\/p>\n<p><\/div>\n<div id=\"tabs-3\"><br \/>\n<iframe loading=\"lazy\" width=\"260\" height=\"195\" frameborder=\"0\" src=\"https:\/\/www.youtube.com\/embed\/By3zbFeRe60\"><\/iframe><br \/>\n<\/div>\n\t\t\t\t<div align=\"right\">\n\t\t\t<div class=\"fb-like\" data-href=\"\" data-layout=\"button_count\" data-action=\"like\" data-show-faces=\"false\" data-share=\"false\"><\/div>\n\t\t\t<div class=\"fb-share-button\" data-layout=\"button_count\"> <\/div>\n\t\t\t<div class=\"fb_iframe_widget\"><a href=\"https:\/\/twitter.com\/godsnewmessage?ref_src=twsrc%5Etfw\" class=\"twitter-follow-button\" data-show-count=\"false\">Follow @godsnewmessage<\/a><script async src=\"https:\/\/platform.twitter.com\/widgets.js\" charset=\"utf-8\"><\/script><\/div>\n\t\t\t<\/div> <\/div> \n\n<p>There is a New Message from God in the World.<br \/>\n<strong><em>Un Nouveau Message de Dieu est dans le Monde.<\/em><\/strong><\/p>\n<p>It has come from the Creator of all life.<br \/>\n<strong><em>Il vient du Cr\u00e9ateur de toute vie.<\/em><\/strong><\/p>\n<p>It has been translated into human language and understanding through the Angelic Presence that oversees this world.<br \/>\n<em><strong>Il a \u00e9t\u00e9 traduit dans un langage et un entendement humains par la Pr\u00e9sence Ang\u00e9lique qui veille sur ce monde.<\/strong><br \/>\n<\/em><br \/>\nIt continues the great series of transmissions from the Creator that have occurred over centuries and millennia.<br \/>\n<strong><em>Il continue les grandes s\u00e9ries de transmissions du Cr\u00e9ateur qui se sont d\u00e9roul\u00e9es pendant des si\u00e8cles et des mill\u00e9naires.<\/em><\/strong><\/p>\n<p>It is a New Message for this time and the times to come.<br \/>\n<strong><em>C\u2019est un Nouveau Message pour ce temps et pour les temps \u00e0 venir.<\/em><br \/>\n<\/strong><br \/>\nIt fulfills the former great Messages that have been given to humanity, and yet it reveals things that have never been shown to humanity before. For humanity is now facing a grave and perilous set of challenges, both within the world and from beyond the world.<br \/>\n<strong><em>Il accomplit les grands Messages qui ont \u00e9t\u00e9 d\u00e9livr\u00e9s pr\u00e9c\u00e9demment \u00e0 l\u2019humanit\u00e9, et cependant, il r\u00e9v\u00e8le des choses qui n\u2019ont jamais \u00e9t\u00e9 montr\u00e9es \u00e0 l\u2019humanit\u00e9 auparavant. Car \u00e0 pr\u00e9sent l\u2019humanit\u00e9 fait face \u00e0 un ensemble de d\u00e9fis graves et p\u00e9rilleux, qui proviennent \u00e0 la fois de l\u2019int\u00e9rieur du monde et de l\u2019ext\u00e9rieur du monde.<\/em><\/strong><\/p>\n<p>The New Message from God is here to alert, to empower and to prepare the human family\u2014people from all nations and religious traditions, from all tribes, groups and orientations.<br \/>\n<strong><em>Le Nouveau Message de Dieu est l\u00e0 pour susciter force et ressource en la famille humaine, pour l\u2019alerter et pour la pr\u00e9parer. Il s\u2019adresse aux gens de toutes les nations et de toutes les traditions religieuses, de toutes les tribus, de tous les groupes et de toutes les orientations.<\/em><\/strong><\/p>\n<p>It has come at a time of great need, a time of great consequence. It is preparing people for things that have not even been recognized.<br \/>\n<strong><em>Il est venu en un temps de grande n\u00e9cessit\u00e9, \u00e0 une \u00e9poque lourde de cons\u00e9quences. Il vient pr\u00e9parer les gens \u00e0 des choses qui n\u2019ont pas m\u00eame encore \u00e9t\u00e9 reconnues.<\/em><\/strong><\/p>\n<p>It is prophetic in alerting people to the Great Waves of Change that are coming to the world and to humanity\u2019s position in the Universe, especially regarding your contact with other races.<br \/>\n<strong><em>Il est proph\u00e9tique, parce qu\u2019il avertit les gens concernant les Grandes Vagues de Changement qui arrivent sur le monde et parce qu\u2019il alerte l\u2019humanit\u00e9 quant \u00e0 sa situation dans l\u2019univers, tout particuli\u00e8rement en ce qui concerne votre contact avec d\u2019autres races.<\/em><\/strong><\/p>\n<p>It calls upon the great spiritual presence within each person\u2014the great endowment of Knowledge that has been given to the entire human family which must now be cultivated, strengthened and brought forth.<br \/>\n<strong><em>Il fait appel \u00e0 la grande pr\u00e9sence spirituelle en chaque personne \u2013 ce grand don de la Connaissance donn\u00e9 \u00e0 la famille humaine toute enti\u00e8re et qui doit maintenant \u00eatre cultiv\u00e9, renforc\u00e9 et mis en avant.<\/em><\/strong><\/p>\n<p>It speaks of the great spiritual need of the individual\u2014the need for purpose, meaning and direction.<br \/>\n<strong><em>Il parle du grand besoin spirituel de l\u2019individu : le besoin de but, de sens et de direction.<\/em><\/strong><\/p>\n<p>It speaks to the great relationships that people can establish with one another, relationships representing their higher purpose in life.<br \/>\n<strong><em>Il parle des grandes relations que les gens ont la capacit\u00e9 de tisser entre eux, ces relations qui repr\u00e9sentent le but sup\u00e9rieur de leur vie.<\/em><\/strong><\/p>\n<p>It speaks to the needs of the world and the needs of the future. In so doing, it brings purpose and recognition, unity and cooperation, wisdom and strength to all who can receive it, who can learn it, who can follow its steps, who can contribute it to others and who can share its wisdom in service to other individuals, to families, to communities, to nations and to the whole world.<br \/>\n<strong><em>Il parle des besoins du monde et des besoins de l\u2019avenir. Ce faisant, il apporte raison d\u2019\u00eatre et reconnaissance, unit\u00e9 et coop\u00e9ration, sagesse et force \u00e0 tous ceux qui peuvent le recevoir, qui peuvent l\u2019apprendre, qui peuvent suivre ses pas, qui peuvent y contribuer en le communicant \u00e0 d\u2019autres et en partageant sa sagesse au service d\u2019autres individus, familles, communaut\u00e9s, nations et au service du monde entier.<\/em><\/strong><\/p>\n<p>Receive this blessing. Learn of the New Message from God. Realize it will affirm all that is true within your current traditions and it will speak to the deeper wisdom that you already possess. It will speak to your heart, even beyond your thoughts and beliefs and the thoughts and beliefs of your culture or your nation.<br \/>\n<strong><em>Recevez cette b\u00e9n\u00e9diction. Prenez connaissance du Nouveau Message de Dieu. R\u00e9alisez qu\u2019il confirmera ce qui est authentique dans vos traditions actuelles et qu\u2019il parlera \u00e0 la sagesse plus profonde que vous poss\u00e9dez d\u00e9j\u00e0. Il parlera \u00e0 votre c\u0153ur, par-del\u00e0 m\u00eame vos pens\u00e9es et vos croyances et par-del\u00e0 les pens\u00e9es et croyances de votre culture ou de votre nation.<\/em><\/strong><\/p>\n<p>Receive this gift and learn of it patiently, taking the steps to Knowledge, learning wisdom from the Greater Community and recognizing the power of the One Spirituality of humanity in uniting, in strengthening and in preparing humanity to recognize and to navigate the difficult times ahead.<br \/>\n<strong><em>Recevez ce don et prenez-en connaissance patiemment, en faisant les pas vers la Connaissance, en apprenant la sagesse de la Grande Communaut\u00e9 et en reconnaissant le pouvoir qu\u2019a la Spiritualit\u00e9 Unique de l\u2019humanit\u00e9 d\u2019unir, de renforcer et de pr\u00e9parer l\u2019humanit\u00e9 \u00e0 reconna\u00eetre les temps difficiles \u00e0 venir et \u00e0 les traverser.<\/em><\/strong><\/p>\n<p>Receive the New Message in its calling for the preservation and the strengthening of human freedom, cooperation and responsibility.<br \/>\n<strong><em>Recevez le Nouveau Message dans son appel \u00e0 la pr\u00e9servation et au renforcement de la libert\u00e9, de la coop\u00e9ration et de la responsabilit\u00e9 humaines.<\/em><\/strong><\/p>\n<p>For without this New Message, humanity is facing a grave and precipitous decline.<br \/>\n<strong><em>Car sans ce Nouveau Message, l\u2019humanit\u00e9 est confront\u00e9e \u00e0 un d\u00e9clin grave et pr\u00e9cipit\u00e9.<\/em><\/strong><\/p>\n<p>It is facing the loss of its freedom and sovereignty in this world to intervening forces from the universe around you.<br \/>\n<strong><em>Elle est confront\u00e9e \u00e0 la perte de sa libert\u00e9 et de sa souverainet\u00e9 dans ce monde au profit de forces d\u2019intervention provenant de l\u2019univers qui vous entoure.<\/em><\/strong><\/p>\n<p>Without this New Message, the human spirit will remain dormant, and people will live lives of desperation, competition and conflict.<br \/>\n<strong><em>Sans ce Nouveau Message, l\u2019esprit humain restera en dormance et les gens m\u00e8neront des vies de d\u00e9sespoir, de comp\u00e9tition et de conflit.<\/em><\/strong><\/p>\n<p>It is the Creator\u2019s will that humanity emerge into the Greater Community of life in the Universe as a free and sovereign race\u2014as a strong race, as a united race, as a race that is capable of maintaining its cultural diversity while honoring the deeper strength and purpose that will keep the world strong and keep the human family vital, active and creative, presenting a new opportunity for advancement in the future.<br \/>\n<strong><em>C\u2019est la volont\u00e9 du Cr\u00e9ateur, que l\u2019humanit\u00e9 \u00e9merge dans la Grande Communaut\u00e9 de vie intelligente dans l\u2019univers en tant que race libre et souveraine \u2013 en tant que race forte, en tant que race unie, en tant que race capable de maintenir sa diversit\u00e9 culturelle, tout en honorant la force et le dessein plus profonds qui assureront la force du monde et maintiendront la vitalit\u00e9, le dynamisme et la cr\u00e9ativit\u00e9 de la famille humaine, pr\u00e9sentant une nouvelle opportunit\u00e9 de progr\u00e8s dans l\u2019avenir.<\/em><\/strong><\/p>\n<p>But to advance you must survive. You must survive the difficult times ahead, and you must survive competition from beyond the world regarding who will control this world and its destiny.<br \/>\n<strong><em>Mais pour avancer vous devez d\u2019abord survivre. Vous devez survivre aux temps difficiles qui viennent et vous devez survivre \u00e0 la comp\u00e9tition venant d\u2019au-del\u00e0 de ce monde pour le contr\u00f4le de ce monde et de sa destin\u00e9e.<\/em><\/strong><\/p>\n<p>Each individual must recognize that they have a great opportunity to discover the deeper Knowledge that God has given them\u2014the Knowledge which contains their purpose, their meaning and their direction and the criteria for all their meaningful relationships.<br \/>\n<strong><em>Chaque individu doit reconna\u00eetre qu\u2019il a ici une grande opportunit\u00e9 de d\u00e9couvrir la Connaissance plus profonde que Dieu lui a donn\u00e9e \u2013 cette Connaissance qui rec\u00e8le son but, son sens et sa direction, ainsi que les crit\u00e8res de toutes ses relations significatives.<\/em><\/strong><\/p>\n<p>Therefore there is a New Message from God for the individual, and there is a New Message from God for the entire world. It is here now.<br \/>\n<strong><em>Par cons\u00e9quent, il y a un Nouveau Message de Dieu pour l\u2019individu, et il y a un Nouveau Message de Dieu pour le monde tout entier. Il est maintenant ici.<\/em><\/strong><\/p>\n<p>It has taken a long time for the Messenger to receive it, for the Message is very great.<br \/>\n<strong><em>Il aura fallu longtemps au Messager pour le recevoir, car le Message est tr\u00e8s grand.<\/em><\/strong><\/p>\n<p>Honor then the one who has come to bring the New Message into the world.<br \/>\n<strong><em>Honorez donc celui qui est venu pour apporter le Nouveau Message dans le monde.<\/em><\/strong><\/p>\n<p>He is a humble man. He has developed the wisdom necessary to undertake such a great role, and he has been sent into the world for this purpose.<br \/>\n<strong><em>C\u2019est un homme humble. Il a d\u00e9velopp\u00e9 la sagesse n\u00e9cessaire pour endosser ce grand r\u00f4le, et il a \u00e9t\u00e9 envoy\u00e9 dans le monde \u00e0 cette fin.<\/em><\/strong><\/p>\n<p>Receive him. Understand him. Do not exalt him. He is not a god. He is a Messenger bringing the New Message from God into the world.<br \/>\n<strong><em>Recevez-le. Comprenez-le. Ne l\u2019idol\u00e2trez pas. Il n\u2019est pas un dieu. Il est un Messager qui apporte le Nouveau Message de Dieu dans le monde.<\/em><br \/>\n<\/strong><br \/>\nThis is the time now. This is the great opportunity. This is the answer to people\u2019s prayers all around the world\u2014prayers through every faith tradition, through every nation and culture, prayers for wisdom, strength, unity, freedom and deliverance.<br \/>\n<strong><em>C\u2019est \u00e0 pr\u00e9sent le moment. C\u2019est la grande opportunit\u00e9. C\u2019est la r\u00e9ponse aux pri\u00e8res de gens du monde entier \u2013 des pri\u00e8res \u00e9manant de toutes les traditions religieuses, de toutes les nations et de toutes les cultures, des pri\u00e8res pour la sagesse, la force, l\u2019unit\u00e9, la libert\u00e9 et la d\u00e9livrance.<\/em><\/strong><\/p>\n<p>Receive this New Message now. It is come, and it is come at just the right time.<br \/>\n<strong><em>Recevez ce Nouveau Message \u00e0 pr\u00e9sent. Il est arriv\u00e9, et il est arriv\u00e9 juste au bon moment.<\/em><\/strong><\/p>\n","protected":false},"excerpt":{"rendered":"<p>There is a New Message from God in the World. Un Nouveau Message de Dieu est dans le Monde. It has come from the Creator of all life. Il vient du Cr\u00e9ateur de toute vie. It has been translated into human language and understanding through the Angelic Presence that oversees this world. Il a \u00e9t\u00e9\u2026 <a class=\"read-more\" href=\"https:\/\/www.v6.newmessage.org\/fr\/about-recording-shortcode\"><span>Read More<\/span><\/a><\/p>\n","protected":false},"author":1,"featured_media":0,"parent":16290,"menu_order":5,"comment_status":"closed","ping_status":"closed","template":"template-leftsidebar.php","meta":{"_monsterinsights_skip_tracking":false,"_monsterinsights_sitenote_active":false,"_monsterinsights_sitenote_note":"","_monsterinsights_sitenote_category":0,"footnotes":""},"categories":[76,30,461,460],"tags":[568],"_links":{"self":[{"href":"https:\/\/www.v6.newmessage.org\/fr\/wp-json\/wp\/v2\/pages\/940"}],"collection":[{"href":"https:\/\/www.v6.newmessage.org\/fr\/wp-json\/wp\/v2\/pages"}],"about":[{"href":"https:\/\/www.v6.newmessage.org\/fr\/wp-json\/wp\/v2\/types\/page"}],"author":[{"embeddable":true,"href":"https:\/\/www.v6.newmessage.org\/fr\/wp-json\/wp\/v2\/users\/1"}],"replies":[{"embeddable":true,"href":"https:\/\/www.v6.newmessage.org\/fr\/wp-json\/wp\/v2\/comments?post=940"}],"version-history":[{"count":68,"href":"https:\/\/www.v6.newmessage.org\/fr\/wp-json\/wp\/v2\/pages\/940\/revisions"}],"predecessor-version":[{"id":29059,"href":"https:\/\/www.v6.newmessage.org\/fr\/wp-json\/wp\/v2\/pages\/940\/revisions\/29059"}],"up":[{"embeddable":true,"href":"https:\/\/www.v6.newmessage.org\/fr\/wp-json\/wp\/v2\/pages\/16290"}],"wp:attachment":[{"href":"https:\/\/www.v6.newmessage.org\/fr\/wp-json\/wp\/v2\/media?parent=940"}],"wp:term":[{"taxonomy":"category","embeddable":true,"href":"https:\/\/www.v6.newmessage.org\/fr\/wp-json\/wp\/v2\/categories?post=940"},{"taxonomy":"post_tag","embeddable":true,"href":"https:\/\/www.v6.newmessage.org\/fr\/wp-json\/wp\/v2\/tags?post=940"}],"curies":[{"name":"wp","href":"https:\/\/api.w.org\/{rel}","templated":true}]}}