{"id":9,"date":"2012-06-29T14:02:34","date_gmt":"2012-06-29T14:02:34","guid":{"rendered":"http:\/\/churchope.themoholics.com\/?page_id=9"},"modified":"2020-07-13T10:38:16","modified_gmt":"2020-07-13T10:38:16","slug":"le-nouveau-message","status":"publish","type":"page","link":"https:\/\/www.v6.newmessage.org\/fr\/","title":{"rendered":"le Nouveau Message"},"content":{"rendered":"<div class=\"two_third \" ><\/p>\n<div class=\"panel-20 border-rounded-12 background-color-gray-gallery\">\n<h2><span class=\"text-color-pirate-gold font-weight-bold\">Qu&rsquo;est-ce que le Nouveau Message ? <\/span><\/h2>\n<p>Le Nouveau Message est une communication authentique du Cr\u00e9ateur, qui arrive \u00e0 une \u00e9poque de grands changements, de conflits et de bouleversements.<br \/>\nRe\u00e7ue pendant pr\u00e8s de 30 ans par le Messager Marshall Vian Summers, cette r\u00e9v\u00e9lation n&rsquo;est pas bas\u00e9e sur les traditions religieuses et les enseignements spirituels pr\u00e9existants, bien qu&rsquo;elle puisse r\u00e9sonner avec eux. Le Nouveau Message honore la v\u00e9rit\u00e9 intemporelle qui se trouve dans tous les grands Messages que le Cr\u00e9ateur a adress\u00e9s au monde. Ce Message se distingue cependant de ce qui a \u00e9t\u00e9 r\u00e9v\u00e9l\u00e9 auparavant \u00e0 l&rsquo;humanit\u00e9. C&rsquo;est une r\u00e9v\u00e9lation nouvelle sur la nature v\u00e9ritable de la spiritualit\u00e9 humaine, sur le grand changement qui arrive dans le monde et sur l&rsquo;avenir et la destin\u00e9e de l&rsquo;humanit\u00e9 au sein d&rsquo;une Grande Communaut\u00e9 de vie intelligente dans l&rsquo;univers\u2026<\/p>\n<p><a title=\"introduction\" href=\"\/introduction-au-nouveau-message\">En savoir plus&#8230;<\/a><\/p>\n<\/div>\n<p><\/div>\n<div class=\"one_third last\" >\n<div class=\"panel-20 border-rounded-12 background-color-gray-gallery\">\n<h2><span class=\"text-color-pirate-gold font-weight-bold\">D\u00e9couvrez<\/span><\/h2>\n<h4><span class=\"text-color-gray-5 font-size-20\">le Nouveau Message<\/span><\/h4>\n<h4><iframe loading=\"lazy\" width=\"100%\" height=\"250px\" frameborder=\"0\" src=\"https:\/\/www.youtube.com\/embed\/WesudEeYBXY\">allow=\u00a0\u00bbaccelerometer; autoplay; encrypted-media; gyroscope; picture-in-picture\u00a0\u00bb allowfullscreen&gt;<\/iframe><\/h4>\n<\/div>\n<p><\/div><br \/>\n<div class=\"two_third \" ><\/p>\n<div class=\"panel-20 border-rounded-12 background-color-gray-gallery\">\n<h2><span class=\"text-color-pirate-gold font-weight-bold\">\u00c9coutez le Messager<\/span><\/h2>\n<p>&nbsp;<\/p>\n<p><iframe loading=\"lazy\" width=\"100%\" height=\"315px\" frameborder=\"0\" src=\"https:\/\/www.youtube.com\/embed\/2wcD4_aNkmI\">allow=\u00a0\u00bbaccelerometer; autoplay; encrypted-media; gyroscope; picture-in-picture\u00a0\u00bb allowfullscreen&gt;<\/iframe><\/p>\n<p><a title=\"voir les enseignements de Marshall Vian Summers\" href=\"https:\/\/www.nouveaumessagededieu.org\/messager-de-dieu\/le-messager-parle\">Les enseignements de Marshall Vian Summers<\/a><\/p>\n<\/div>\n<p><\/div><br \/>\n<div class=\"one_third last\" ><\/p>\n<div class=\"border-rounded-12 panel-20 background-color-gray-gallery\">\n<h4 style=\"text-align: center;\"><span class=\"text-color-gray-5 font-size-20\">T\u00e9l\u00e9chargez gratuitement<\/span><\/h4>\n<p><a href=\"http:\/\/www.nouveaumessagededieu.org\/le-message\/volume-3\/les-pas-vers-la-connaissance\"><img loading=\"lazy\" decoding=\"async\" class=\"imgborder wp-image-29234 size-full aligncenter\" src=\"https:\/\/www.newmessage.org\/fr\/wp-content\/uploads\/sites\/38\/2019\/09\/Pas-vers-la-Connaissance-3.jpg\" alt=\"\" width=\"250\" height=\"328\" srcset=\"https:\/\/www.v6.newmessage.org\/fr\/wp-content\/uploads\/sites\/38\/2019\/09\/Pas-vers-la-Connaissance-3.jpg 250w, https:\/\/www.v6.newmessage.org\/fr\/wp-content\/uploads\/sites\/38\/2019\/09\/Pas-vers-la-Connaissance-3-229x300.jpg 229w\" sizes=\"(max-width: 250px) 100vw, 250px\" \/><\/a><\/p>\n<h4 style=\"text-align: center;\"><span style=\"color: #948534;\">Les Pas vers la Connaissance<\/span><\/h4>\n<\/div>\n<p><\/div><br \/>\n<div class=\"two_third \" ><\/p>\n<div class=\"panel-20 border-rounded-12 background-color-gray-gallery\">\n<div class=\"home_feed_available_online\"><style>\nh3.hungryfeed_feed_title {}\r\ndiv.hungryfeed_feed_description {}\r\ndiv.hungryfeed_feed_content {}\r\ndiv.hungryfeed_items {}\r\ndiv.hungryfeed_item {margin-bottom: 10px;}\r\ndiv.hungryfeed_item_title {font-weight: bold;}\r\ndiv.hungryfeed_item_description {}\r\ndiv.hungryfeed_item_author {}\r\ndiv.hungryfeed_item_date {}\n<\/style>\n<script type=\"text\/javascript\">\r\n\/\/ Custom Javascript here...\r\n<\/script>\n<div style=\"margin:5px 0px 5px 0px;padding:10px;border: solid 1px red; background-color: #ff6666; color: black;\">\r\nHungryFEED can't get feed.  Don't be mad at HungryFEED. SimplePie reported: cURL error 22: The requested URL returned error: 403\r\n<\/div><\/div>\n<\/div>\n<p><\/div>\n<div class=\"one_third last\" >\n<div class=\"border-rounded-12 panel-20 background-color-gray-gallery\">\n<p><em>Les Pas vers la Connaissance<\/em> est le Livre du Savoir Int\u00e9rieur. Son plan d&rsquo;\u00e9tude d&rsquo;un an, divis\u00e9 en 365 \u00ab pas \u00bb ou le\u00e7ons, est destin\u00e9 \u00e0 amener les \u00e9tudiants \u00e0 faire l&rsquo;exp\u00e9rience de la Connaissance de Soi, le profond pouvoir spirituel qui r\u00e9side en chacun de nous, et \u00e0 mettre cette Connaissance en application pour servir le monde.<\/p>\n<p><!-- Begin MailChimp Signup Form --><\/p>\n<div id=\"mc_embed_signup\" class=\"home_liu_signup\">\n<form id=\"mc-embedded-subscribe-form\" class=\"validate\" action=\"http:\/\/eepurl.com\/TLCEf\" method=\"post\" name=\"mc-embedded-subscribe-form\" novalidate=\"\" target=\"_blank\">\n<div id=\"mc_embed_signup_scroll\">\n<div class=\"mc-field-group\"><label for=\"mce-EMAIL\"> Adresse email<\/label><br \/>\n<input id=\"mce-EMAIL\" class=\"required email\" name=\"EMAIL\" type=\"email\" value=\"\" \/><\/div>\n<div class=\"mc-field-group\"><label for=\"mce-MMERGE3\">Comment avez-vous trouv\u00e9 le Nouveau Message?<\/label><br \/>\n<input id=\"mce-MMERGE3\" class=\"required\" name=\"MMERGE3\" type=\"text\" value=\"\" \/><\/div>\n<p><script type=\"text\/javascript\">\nmc4wp.forms.on('subscribed', function(form) {\n\t\/\/ Google Analytics by Yoast\n\t__gaTracker && __gaTracker('send', 'event', 'Forms', 'Sign-up', 'MailChimp for WP Sign-Up');\n});\n<\/script><br \/>\n<!-- real people should not fill this in and expect good things - do not remove this or risk form bot signups--><\/p>\n<div style=\"position: absolute; left: -5000px;\"><input tabindex=\"-1\" name=\"b_b62a83aa674e68545ee781bae_dcad5d2980\" type=\"text\" value=\"\" \/><\/div>\n<div class=\"clear\"><input id=\"mc-embedded-subscribe\" class=\"button\" name=\"subscribe\" type=\"submit\" value=\" Recevoir le pdf du livre gratuitement\" \/><\/div>\n<\/div>\n<\/form>\n<\/div>\n<\/div>\n<p><\/div><br \/>\n<div class=\"two_third \" ><\/p>\n<div class=\"panel-20 border-rounded-12 background-color-gray-gallery\">\n<h2><span class=\"text-color-pirate-gold font-weight-bold\">\u00c9changez avec d&rsquo;autres personnes dans le monde entier<\/span><\/h2>\n<p><a href=\"https:\/\/www.nouveaumessagededieu.org\/the-community-site\"><img loading=\"lazy\" decoding=\"async\" class=\"imgborder aligncenter wp-image-29399 size-full\" src=\"https:\/\/www.newmessage.org\/fr\/wp-content\/uploads\/sites\/38\/2020\/07\/CS-logo.png\" alt=\"\" width=\"504\" height=\"127\" srcset=\"https:\/\/www.v6.newmessage.org\/fr\/wp-content\/uploads\/sites\/38\/2020\/07\/CS-logo.png 504w, https:\/\/www.v6.newmessage.org\/fr\/wp-content\/uploads\/sites\/38\/2020\/07\/CS-logo-300x76.png 300w, https:\/\/www.v6.newmessage.org\/fr\/wp-content\/uploads\/sites\/38\/2020\/07\/CS-logo-500x126.png 500w\" sizes=\"(max-width: 504px) 100vw, 504px\" \/><\/a><\/p>\n<p>Le\u00a0Community Site\u00a0est une environnement en ligne d\u00e9di\u00e9 \u00e0 la communaut\u00e9 mondiale du Nouveau Message :\u00a0des gens de tous pays, de toutes cultures et traditions qui ont trouv\u00e9 le Nouveau Message et qui souhaitent en approfondir leur pratique et leur compr\u00e9hension. Le Community Site est un environnement pour partager, discuter et \u00e9tudier. Cela inclut un Chat ouvert 24\/7, des discussions par th\u00e8mes et une Free School pour vous aider \u00e0\u00a0structurer votre \u00e9tude du Message. Le Community Site et la Free School sont enti\u00e8rement gratuits et libres d&rsquo;acc\u00e8s.<\/p>\n<a class='simple_button_link ' style='background-color: #4f8fd6' href='http:\/\/community.newmessage.org\/'   ><span>S&rsquo;inscrire au Community Site<\/span><\/a>\n<\/div>\n<p><\/div>\n","protected":false},"excerpt":{"rendered":"Qu'est-ce que le Nouveau Message ? Le Nouveau Message est une communication authentique du Cr\u00e9ateur, qui arrive \u00e0 une \u00e9poque de grands changements, de conflits et de bouleversements. Re\u00e7ue pendant pr\u00e8s de 30 ans par le Messager Marshall Vian Summers, cette r\u00e9v\u00e9lation n'est pas bas\u00e9e sur les traditions religieuses et les enseignements spirituels pr\u00e9existants, bien\u2026 <a class=\"read-more\" href=\"https:\/\/www.v6.newmessage.org\/fr\/\"><span>Read More<\/span><\/a>","protected":false},"author":1,"featured_media":0,"parent":0,"menu_order":21,"comment_status":"closed","ping_status":"closed","template":"","meta":{"_monsterinsights_skip_tracking":false,"_monsterinsights_sitenote_active":false,"_monsterinsights_sitenote_note":"","_monsterinsights_sitenote_category":0,"footnotes":""},"categories":[],"tags":[809],"_links":{"self":[{"href":"https:\/\/www.v6.newmessage.org\/fr\/wp-json\/wp\/v2\/pages\/9"}],"collection":[{"href":"https:\/\/www.v6.newmessage.org\/fr\/wp-json\/wp\/v2\/pages"}],"about":[{"href":"https:\/\/www.v6.newmessage.org\/fr\/wp-json\/wp\/v2\/types\/page"}],"author":[{"embeddable":true,"href":"https:\/\/www.v6.newmessage.org\/fr\/wp-json\/wp\/v2\/users\/1"}],"replies":[{"embeddable":true,"href":"https:\/\/www.v6.newmessage.org\/fr\/wp-json\/wp\/v2\/comments?post=9"}],"version-history":[{"count":500,"href":"https:\/\/www.v6.newmessage.org\/fr\/wp-json\/wp\/v2\/pages\/9\/revisions"}],"predecessor-version":[{"id":29404,"href":"https:\/\/www.v6.newmessage.org\/fr\/wp-json\/wp\/v2\/pages\/9\/revisions\/29404"}],"wp:attachment":[{"href":"https:\/\/www.v6.newmessage.org\/fr\/wp-json\/wp\/v2\/media?parent=9"}],"wp:term":[{"taxonomy":"category","embeddable":true,"href":"https:\/\/www.v6.newmessage.org\/fr\/wp-json\/wp\/v2\/categories?post=9"},{"taxonomy":"post_tag","embeddable":true,"href":"https:\/\/www.v6.newmessage.org\/fr\/wp-json\/wp\/v2\/tags?post=9"}],"curies":[{"name":"wp","href":"https:\/\/api.w.org\/{rel}","templated":true}]}}