{"id":643,"date":"2011-08-19T14:07:31","date_gmt":"2011-08-19T14:07:31","guid":{"rendered":"http:\/\/wp.www.newmessage.org\/?p=643"},"modified":"2017-09-11T15:54:37","modified_gmt":"2017-09-11T15:54:37","slug":"lengagement","status":"publish","type":"page","link":"https:\/\/www.v6.newmessage.org\/fr\/le-message\/volume-1\/dieu-a-parle-a-nouveau\/lengagement","title":{"rendered":"L&rsquo;engagement"},"content":{"rendered":"<div><!-- 4.1 Verse --><\/div>\n\n<div class=\"tabgroup \"><ul class=\"tabs\"><li><a href=\"#tabs-1\">R\u00e9v\u00e9lation<\/a><\/li>\n<li><a href=\"#tabs-2\">Note<\/a><\/li><\/ul>\n <div id=\"tabs-1\"><br \/>\nEcoutez la r\u00e9v\u00e9lation originale en anglais :<\/p>\n<div id=\"jquery_jplayer_1\" class=\"jp-jplayer\"><\/div>\n\t\t\t\t<div id=\"jp_container_1\" class=\"jp-audio\">\n\t\t\t\t<div class=\"jp-type-single\"><div class=\"jp-control\"><a href=\"javascript:;\" class=\"jp-play\" tabindex=\"1\">play<\/a><a href=\"javascript:;\" class=\"jp-pause\" tabindex=\"1\">pause<\/a><\/div> <div class=\"jp-gui jp-interface\"><div class=\"jp-volume\"><div class=\"jp-volume-bar\"><div class=\"jp-volume-bar-value\"><\/div><\/div><\/div><div class=\"jp-progress\"><div class=\"jp-seek-bar\"><div class=\"jp-play-bar\"><\/div><\/div><\/div><\/div>\t\t\t\t\t<div class=\"jp-no-solution\"><span>Update Required<\/span>To play the media you will need to either update your browser to a recent version or update your <a href=\"http:\/\/get.adobe.com\/flashplayer\/\" target=\"_blank\">Flash plugin<\/a>.<\/div><\/div><\/div>\n\t\t\t<script type='text\/javascript'>\n\t\t\t\tjQuery(document).ready(function() {\n\t\t\t\t\tif (typeof (sermonMedia) == 'function') {\n\t\t\t\t\t\tsermonMedia.addAudio('', \"jquery_jplayer_1\");\n\t\t\t\t\t}\n\t\t\t\t\tjQuery.jPlayer.timeFormat.showHour = true;\n\t\t\t\t\tjQuery(\"#jquery_jplayer_1\").jPlayer({\n\t\t\t\t\t\tready: function(event) {\n\t\t\t\t\t\t\tjQuery(this).jPlayer(\"setMedia\", {mp3: 'https:\/\/www.newmessage.org\/av\/the-engagement.mp3'});\n\t\t\t\t\t\t},\n\t\t\t\t\t\tplay: function() {\n\t\t\t\t\t\t\tjQuery(this).jPlayer(\"pauseOthers\");\n\t\t\t\t\t\t},\n\t\t\t\t\t\tswfPath: ThemeData.directory_uri+\"\/swf\",\n\t\t\t\t\t\tsolution: \"html, flash\",\n\t\t\t\t\t\tpreload: \"metadata\",\n\t\t\t\t\t\twmode: \"window\",\n\t\t\t\t\t\tsupplied: \"mp3\",\n\t\t\t\t\t\tcssSelectorAncestor: '#jp_container_1'\n\t\t\t\t\t});\n\t\t\t\t});\n\t\t\t<\/script><\/p>\n<p><a title=\"God's New Message for the World\" href=\"\/av\/the-engagement.mp3\">T\u00e9l\u00e9charger<\/a> (utilisez le clic droit)<\/p>\n<p><em>Tel que r\u00e9v\u00e9l\u00e9<br \/>\n\u00e0 Marshall Vian Summers<br \/>\nle 16 avril 2011<br \/>\n\u00e0 Boulder, Colorado<br \/>\n<\/em><\/p>\n<div class=\"toggle toggle-white\"><h4 class=\"trigger \"><span class=\"t_ico\"><\/span><a href=\"#\">\u00c0 propos de cet enregistrement<\/a><\/h4><div class=\"toggle_container \"><br \/>\n<p>Ce que vous entendez dans cet enregistrement audio est la voix de <a href=\"http:\/\/www.nouveaumessagededieu.org\/le-message\/important-terms#aa\" target=\"_blank\" rel=\"noopener noreferrer\">l&rsquo;Assembl\u00e9e Ang\u00e9lique<\/a> parlant \u00e0 travers le <a href=\"http:\/\/www.nouveaumessagededieu.org\/messager-de-dieu\" target=\"_blank\" rel=\"noopener noreferrer\">Messager Marshall Vian Summers<\/a>.<\/p>\n<p>Ici, la communication originale de Dieu, qui existe au-del\u00e0 des mots, est traduite en un langage et un entendement humains par <a href=\"http:\/\/www.nouveaumessagededieu.org\/le-message\/important-terms#aa\" target=\"_blank\" rel=\"noopener noreferrer\">l&rsquo;Assembl\u00e9e Ang\u00e9lique<\/a> qui veille sur le monde. L&rsquo;Assembl\u00e9e apporte alors le Message de Dieu \u00e0 travers le Messager.<\/p>\n<p>Dans ce processus remarquable, la <a href=\"http:\/\/www.nouveaumessagededieu.org\/le-message\/important-terms#vr\" target=\"_blank\" rel=\"noopener noreferrer\">Voix de la R\u00e9v\u00e9lation<\/a> parle \u00e0 nouveau. La Parole et le Son sont dans le monde. Pour la premi\u00e8re fois dans l&rsquo;histoire, l&rsquo;enregistrement de la r\u00e9v\u00e9lation parl\u00e9e originale est accessible pour que vous en fassiez l&rsquo;exp\u00e9rience.<\/p>\n<p>Puissiez-vous recevoir ce don de R\u00e9v\u00e9lation et puissiez-vous vous ouvrir \u00e0 son Message unique pour vous et pour votre vie.<\/p>\n<br \/>\n<\/div><\/div>\n<p><\/div>\n<div id=\"tabs-2\"><\/p>\n<p><em>Note aux lecteurs :<br \/>\nCette traduction a \u00e9t\u00e9 fournie \u00e0 la Society par des \u00e9tudiants du Nouveau Message qui se sont port\u00e9s volontaires pour traduire le texte original en anglais. Nous rendons cette traduction publique sous cette forme perfectible pour que les gens aient une chance de d\u00e9couvrir une portion du Nouveau Message dans leur propre langue.<\/em><\/p>\n<p><\/div>\n\t\t\t\t<div align=\"right\">\n\t\t\t<div class=\"fb-like\" data-href=\"\" data-layout=\"button_count\" data-action=\"like\" data-show-faces=\"false\" data-share=\"false\"><\/div>\n\t\t\t<div class=\"fb-share-button\" data-layout=\"button_count\"> <\/div>\n\t\t\t<div class=\"fb_iframe_widget\"><a href=\"https:\/\/twitter.com\/godsnewmessage?ref_src=twsrc%5Etfw\" class=\"twitter-follow-button\" data-show-count=\"false\">Follow @godsnewmessage<\/a><script async src=\"https:\/\/platform.twitter.com\/widgets.js\" charset=\"utf-8\"><\/script><\/div>\n\t\t\t<\/div> <\/div> \n\n<p>Aujourd\u2019hui nous parlerons de Dieu, l\u2019Autorit\u00e9 Sup\u00e9rieure.<\/p>\n<p>L\u2019Autorit\u00e9 Sup\u00e9rieure s\u2019adresse maintenant \u00e0 vous, en parlant par l\u2019interm\u00e9diaire de la Pr\u00e9sence Ang\u00e9lique, en s\u2019adressant \u00e0 une partie de vous qui est le centre et la source m\u00eame de votre \u00catre, parlant au-del\u00e0 de votre conditionnement social, au-del\u00e0 de vos id\u00e9es et de vos croyances et des id\u00e9es et des croyances de votre culture et m\u00eame de votre religion.<\/p>\n<p>L\u2019Autorit\u00e9 Sup\u00e9rieure a un Message pour le monde et pour chaque personne dans le monde. Le Message est plus qu\u2019une id\u00e9e. Il est m\u00eame plus qu\u2019un ensemble d\u2019id\u00e9es. C\u2019est un appel et une confirmation, vous appelant \u00e0 r\u00e9pondre et confirmant qu\u2019il existe une nature plus profonde en vous et en chaque personne du monde. La confirmation est un tournant dans votre capacit\u00e9 \u00e0 r\u00e9pondre.<\/p>\n<p>Le Pouvoir et la Pr\u00e9sence pr\u00e9sident l\u2019univers physique, un univers bien plus grand et plus expansif que tout ce que vous pourriez imaginer, et m\u00eame au-del\u00e0 de l\u2019univers physique jusqu\u2019aux plus grands royaumes de la Cr\u00e9ation elle-m\u00eame, ce qui constitue quelque chose que peu de gens dans le monde ont simplement pu consid\u00e9rer comme \u00e9tant possible.<\/p>\n<p>Et pourtant, l\u2019Autorit\u00e9 Sup\u00e9rieure s\u2019adresse \u00e0 vous, dans la partie de vous qui est la plus intime, le centre de votre \u00catre, loin sous la surface de votre mental.<\/p>\n<p>C\u2019est votre relation la plus importante et la Source de ce qui donne un sens et un but \u00e0 toutes vos relations, avec les gens, avec les lieux et m\u00eame avec les choses.<\/p>\n<p>Vous avez besoin de cette Autorit\u00e9 Sup\u00e9rieure \u00e0 pr\u00e9sent, afin qu\u2019elle parle \u00e0 la partie de vous-m\u00eame la plus profonde, afin qu\u2019elle vous fasse conna\u00eetre la partie de vous-m\u00eame qui est la plus profonde et afin qu\u2019elle vous pr\u00e9pare \u00e0 vivre dans un monde nouveau et \u00e0 vous engager avec l\u2019univers de vie intelligente qu\u2019est la Grande Communaut\u00e9 de vie. Vous n\u2019\u00eates pas au courant de ces choses, mais elles font partie de vous.<\/p>\n<p>Peut-\u00eatre avez-vous d\u00e9j\u00e0 fait l\u2019exp\u00e9rience de votre nature profonde lors de moments de clart\u00e9, lors de moments de prescience, lors de moments de d\u00e9ception aussi, lorsque vous avez \u00e9t\u00e9 capable d\u2019entendre au-del\u00e0 de vos d\u00e9sirs et de vos peurs et des d\u00e9sirs et des peurs des autres.<\/p>\n<p>L\u2019Autorit\u00e9 Sup\u00e9rieure vous appelle, elle vous appelle \u00e0 travers les anciens couloirs de votre mental, elle vous appelle au-del\u00e0 de vos croyances et de vos pr\u00e9occupations.<\/p>\n<p>Car Dieu a parl\u00e9 \u00e0 nouveau et le Verbe et le Son sont dans ce monde. C\u2019est une communication plus profonde, bien plus profonde que ce que l\u2019intellect peut comprendre.<\/p>\n<p>Elle parle d\u2019un dessein plus grand, d\u2019une responsabilit\u00e9 plus profonde et d\u2019une association plus grande, \u00e0 la fois dans ce monde et au-del\u00e0. Et gr\u00e2ce \u00e0 cette association vous devenez un pont, un pont vers le monde, un pont vers votre Ancienne Demeure, de laquelle vous \u00eates venu et \u00e0 laquelle vous retournerez.<\/p>\n<p>Les gens veulent beaucoup de choses. Ils ont de grandes peurs \u2013 la peur de perdre, la peur de ne pas avoir, la peur de la privation, la peur d\u2019\u00eatre opprim\u00e9, la peur d\u2019avoir mal et de souffrir, y compris en mourant.<\/p>\n<p>Mais l\u2019Autorit\u00e9 Sup\u00e9rieure parle au-del\u00e0 de ces choses-l\u00e0. Elle est le Cr\u00e9ateur s\u2019adressant \u00e0 la Cr\u00e9ation.<\/p>\n<p>La Cr\u00e9ation en vous est l\u2019esprit plus profond que nous appelons la Connaissance. C\u2019est la partie de vous qui est permanente. C\u2019est la partie de vous qui existait d\u00e9j\u00e0 avant cette vie et qui existera encore apr\u00e8s cette vie, elle chemine \u00e0 travers les royaumes de la S\u00e9paration, guid\u00e9e uniquement par le pouvoir de la Voix.<\/p>\n<p>Les gens veulent beaucoup de choses. Ils ont de grandes peurs. Beaucoup de gens ont des croyances arr\u00eat\u00e9es. Mais l\u2019Autorit\u00e9 Sup\u00e9rieure parle au-del\u00e0 de ces choses-l\u00e0, \u00e0 tous ceux qui peuvent voir et entendre et qui peuvent r\u00e9pondre \u00e0 un niveau plus profond.<\/p>\n<p>Vous ne pouvez pas \u00e9valuer cela. Cela d\u00e9passe votre mental. Vous ne pouvez pas en d\u00e9battre, car c\u2019est au-del\u00e0 de vos capacit\u00e9s.<\/p>\n<p>C\u2019est myst\u00e9rieux, car c\u2019est omnipr\u00e9sent. Son origine se situe au-del\u00e0 de ce monde et de tous les mondes, vous ne pouvez par cons\u00e9quent pas l\u2019imaginer.<\/p>\n<p>Mais l\u2019exp\u00e9rience est si profonde qu\u2019elle peut changer le cours de votre vie et vous r\u00e9veiller du r\u00eave de la S\u00e9paration, vous appelant \u00e0 vous extraire de vos pr\u00e9occupations et de vos associations, et de tout le reste, afin que vous puissiez entendre l\u2019Ancienne Voix, si ancienne qu\u2019elle parle d\u2019une vie au-del\u00e0 de ce que vous pouvez imaginer, mais d\u2019une vie qui est votre vie.<\/p>\n<p>Dieu sait ce qui vient \u00e0 l\u2019horizon. Dieu sait pourquoi vous \u00eates ici. Dieu vous a envoy\u00e9 ici dans un but. Vos plans et vos objectifs tiennent rarement compte de cela.<\/p>\n<p>Il s\u2019agit de quelque chose de plus grand. Il s\u2019agit de quelque chose de plus simple et de moins grandiose. Il s\u2019agit de quelque chose d\u2019essentiel \u00e0 votre \u00catre, \u00e0 votre nature et \u00e0 votre conception sp\u00e9cifique.<\/p>\n<p>C\u2019est la relation la plus fondamentale que vous ayez, le plus grand amour, la plus grande affinit\u00e9. Cela vous unit avec vous-m\u00eame et recentre votre vie.<\/p>\n<p>Cela vous appelle \u00e0 vous extraire de situations qui vous sont nuisibles ou qui ne d\u00e9tiennent aucune promesse pour vous. Cela vous appelle \u00e0 participer davantage au monde, guid\u00e9 par l\u2019ancienne et myst\u00e9rieuse Voix, une Voix qui ne ressemble \u00e0 rien de ce que vous avez entendu auparavant, plus profonde que tout ce que vous avez jamais ressenti, plus grande que tout ce que vous puissiez voir ou palper.<\/p>\n<p>Les gens veulent beaucoup de choses. Ils sont men\u00e9s par une grande peur. M\u00eame leurs plaisirs sont charg\u00e9s de peur et d\u2019appr\u00e9hension.<\/p>\n<p>Mais l\u2019Ancienne Voix est au-del\u00e0 de la peur, et lorsque vous r\u00e9pondez, vous \u00eates au-del\u00e0 de la peur.<\/p>\n<p>Qui peut dire ce que c\u2019est ? Qui peut \u00e9valuer cela ?<\/p>\n<p>Ne soyez pas stupide en pensant en termes de rendement. Ne soyez pas analytique, car c\u2019est quelque chose qui se produit \u00e0 un niveau plus profond.<\/p>\n<p>Ne reculez pas devant cela, car il s\u2019agit de votre vie, de votre but et de votre Appel.<\/p>\n<p>La Pr\u00e9sence et la Gr\u00e2ce sont avec vous. Mais vous regardez autre chose. Votre esprit est ailleurs. Ce qui vous sauvera et vous restaurera est avec vous en ce moment-m\u00eame. Mais vous regardez ailleurs.<\/p>\n<p>La R\u00e9v\u00e9lation est dans le monde. Dieu est venu \u00e0 nouveau avec un Message plus grand pour l\u2019humanit\u00e9 et une pr\u00e9paration \u00e0 un avenir difficile et dangereux pour la famille humaine.<\/p>\n<p>De quoi s\u2019agit-il ? Qu\u2019est-ce que cela veut dire ? Pourquoi cela arrive t-il ? Comment s\u2019y pr\u00e9parer ?<\/p>\n<p>Seule la R\u00e9v\u00e9lation peut r\u00e9pondre \u00e0 ces questions. Vous ne pouvez pas r\u00e9pondre \u00e0 ces questions en vous tenant \u00e0 l\u2019\u00e9cart.<\/p>\n<p>Les gens veulent beaucoup de choses. Ils sont tr\u00e8s distraits. Ils sont tr\u00e8s pr\u00e9occup\u00e9s. Mais ils ne savent pas o\u00f9 ils sont, ni ce qu\u2019ils font. Leurs objectifs sont, pour la plupart, les objectifs de la soci\u00e9t\u00e9. Ils ne savent pas o\u00f9 ils vont dans la vie ou pourquoi ils sont ici ou qui les a envoy\u00e9s et ce qui les r\u00e9tablira et les \u00e9panouira et donnera but et direction \u00e0 leur vie.<\/p>\n<p>L\u2019Ancienne Voix vous parle \u00e0 pr\u00e9sent. Et vous entendrez l\u2019Ancienne Voix r\u00e9pondre en vous-m\u00eame, car votre connexion est tr\u00e8s profonde. Elle est comme les rivi\u00e8res qui coulent sous terre, sous le d\u00e9sert, des rivi\u00e8res souterraines de l\u2019eau la plus pure, mais qui ne peuvent \u00eatre vues depuis la surface et qui ne peuvent \u00eatre d\u00e9couvertes sauf par des moyens diff\u00e9rents.<\/p>\n<p>Pendant que vous vivez votre vie \u00e0 la surface, au plus profond de vous, vous \u00eates connect\u00e9 au Divin. Et l\u2019exp\u00e9rience de cette connexion est faite en r\u00e9pondant \u00e0 l\u2019Appel, en suivant une Voix plus profonde et une direction plus grande.<\/p>\n<p>Les gens demandent : <em>\u00ab Pourquoi ? Pourquoi est-ce que cela se produit ? \u00bb<\/em> Ils doivent s\u2019arr\u00eater et \u00e9couter, et apprendre \u00e0 \u00e9couter, \u00e0 porter pleinement leur attention \u00e0 ce moment, afin qu\u2019ils puissent entendre, ressentir et voir que la R\u00e9v\u00e9lation est en train de brasser quelque chose en eux.<\/p>\n<p>Ainsi la R\u00e9v\u00e9lation brasse, la R\u00e9v\u00e9lation au sein de chaque personne. C\u2019est ainsi que Dieu s\u2019adresse au monde au moment de la R\u00e9v\u00e9lation. C\u2019est une relation au niveau le plus profond et le plus important.<\/p>\n<p>Vous ne pouvez pas vous d\u00e9tacher de Dieu, car Dieu vous accompagne partout. Dieu est avec vous \u00e0 tout instant, dans chaque activit\u00e9 que vous faites.<\/p>\n<p>Il n\u2019y a que dans vos pens\u00e9es que vous pouvez \u00eatre s\u00e9par\u00e9, en vous associant \u00e0 d\u2019autres choses, en vous identifiant \u00e0 d\u2019autres choses. Mais l\u2019Ancienne Voix est en vous, vous appelant \u00e0 r\u00e9pondre, vous guidant, vous retenant.<\/p>\n<p>Pour comprendre vos pr\u00e9monitions les plus profondes et les pulsions de votre c\u0153ur, vous devez commencer \u00e0 \u00e9couter. \u00c9coutez en vous-m\u00eame. \u00c9coutez le monde sans jugement ni condamnation. \u00c9coutez les signes de ce qui arrive. \u00c9coutez pour savoir comment vous devez r\u00e9pondre. \u00c9coutez pour savoir avec qui il vous faut \u00eatre et avec qui il ne vous faut pas \u00eatre.<\/p>\n<p>Ici, vous ne suivez pas la peur. Ici, il n\u2019y a pas de condamnation. Ici, il y a un plus grand discernement et une plus grande reconnaissance.<\/p>\n<p>Dieu a mis la Connaissance en vous afin de vous guider, de vous prot\u00e9ger et de vous mener vers une vie et une participation plus grandes dans le monde. La Connaissance r\u00e9side au-del\u00e0 du domaine et de la port\u00e9e de l\u2019intellect. Cela se passe \u00e0 un niveau plus profond.<\/p>\n<p>Une fois que vous commencez \u00e0 en faire l\u2019exp\u00e9rience, vous commencez \u00e0 acqu\u00e9rir un meilleur discernement. Vous commencez \u00e0 faire attention \u00e0 ce que vous faites et aux personnes avec lesquelles vous vous associez. Vous \u00e9coutez profond\u00e9ment les autres, afin de voir si vous devez vous joindre \u00e0 eux et ce qu\u2019ils sont en train de vous communiquer.<\/p>\n<p>Les gens croient beaucoup de choses, mais ils en savent bien peu. Ils vivent \u00e0 la surface de leur mental, qui est turbulent et chaotique et r\u00e9gi par les vents et les passions du monde.<\/p>\n<p>Leurs croyances sont un substitut aux relations plus profondes. Leurs pr\u00e9occupations sont une fa\u00e7on d\u2019\u00e9luder un engagement plus grand auquel ils sont destin\u00e9s.<\/p>\n<p>En se tenant \u00e0 l\u2019\u00e9cart, ils ne peuvent voir. Ils ne peuvent savoir. Ils ne peuvent r\u00e9pondre. Ils sont domin\u00e9s par leurs pens\u00e9es, par leur mental, par leurs r\u00e9actions. Ce sont des esclaves, qui vivent une vie d\u2019esclave.<\/p>\n<p>Mais le Myst\u00e8re est en eux. C\u2019est ce qu\u2019il y a de plus important dans la vie. Au-del\u00e0 d\u2019atteindre ses objectifs, d\u2019obtenir des richesses et d\u2019avoir des compagnons et la reconnaissance de la soci\u00e9t\u00e9, c\u2019est ce qu\u2019il y a de plus important car c\u2019est l\u2019ar\u00e8ne dans laquelle un engagement plus grand a lieu.<\/p>\n<p>Le Myst\u00e8re est la source de tout ce qui est important. Toutes les grandes inventions et les grandes contributions, les grandes relations, les grandes exp\u00e9riences, toutes proviennent du Myst\u00e8re \u2013 qui vous \u00eates, pourquoi vous \u00eates ici, ce qui vous appelle, votre plus grande association, votre destin\u00e9e avec certaines personnes dans le monde, votre capacit\u00e9 \u00e0 trouver votre chemin, alors que tout le monde autour de vous est en train de dormir, de r\u00eaver et de rester passif. C\u2019est un voyage que vous devez faire, sans quoi votre vie ne sera qu\u2019un r\u00eave agit\u00e9 et rien de plus.<\/p>\n<p>Lorsque vous retournerez \u00e0 votre Famille Spirituelle apr\u00e8s avoir quitt\u00e9 ce monde, ils vous regarderont pour voir si vous avez accompli votre t\u00e2che, si vous avez \u00e9tabli la connexion profonde. Et vous saurez si vous l\u2019avez \u00e9tablie ou non.<\/p>\n<p>Il n\u2019y aura ici ni jugement ni condamnation, seulement une prise de conscience. Ici, ce qui \u00e9tait myst\u00e9rieux auparavant devient la r\u00e9alit\u00e9 elle-m\u00eame et vos priorit\u00e9s sont claires. Il n\u2019y a pas de distractions. Il n\u2019y a pas de r\u00e9sistance.<\/p>\n<p>Vous voudrez revenir, en vous disant : <em>\u00ab Cette fois-ci, je me souviendrai. Maintenant je sais. Maintenant je peux voir. Je me souviendrai. \u00bb<\/em><\/p>\n<p>Mais vous devez vous souvenir pendant que vous \u00eates ici. Cela fait toute la diff\u00e9rence. C\u2019est le d\u00e9but de tout ce qui est important. Il s\u2019agit l\u00e0 du tournant de votre vie.<\/p>\n<p>C\u2019est uniquement myst\u00e9rieux parce que vous en avez \u00e9t\u00e9 s\u00e9par\u00e9, happ\u00e9 par le monde des formes, perdu dans le monde, grandissant en tant qu\u2019individu, en vous adaptant \u00e0 un monde difficile et changeant. C\u2019est alors que quelque chose arrive pour vous rappeler, et vous commencez \u00e0 ressentir que le Myst\u00e8re est avec vous et en vous et qu\u2019il vous influence.<\/p>\n<p>Sa Source se situe au-del\u00e0 de la r\u00e9alit\u00e9 physique, car qui vous \u00eates se situe au-del\u00e0 de la r\u00e9alit\u00e9 physique. Votre destination finale est au-del\u00e0 de la r\u00e9alit\u00e9 physique. Mais vous \u00eates cens\u00e9 \u00eatre ici, car vous avez \u00e9t\u00e9 envoy\u00e9 ici dans un but. Tel est le Myst\u00e8re.<\/p>\n<p>Nous parlons de ces choses-l\u00e0 afin de vous engager \u00e0 un niveau plus profond, afin de faire appel \u00e0 ce qui est authentique en vous, afin de parler \u00e0 une partie de vous que vous connaissez \u00e0 peine, et qui est la partie de vous la plus grande.<\/p>\n<p>Cette partie de vous r\u00e9pondra, en raison de l\u2019engagement ancien qui nous lie.<\/p>\n<p>Vous avez peur de cela, mais en m\u00eame temps vous le d\u00e9sirez. C\u2019est un d\u00e9sir naturel, plus naturel que tout ce que vous faites ou pourriez faire dans le monde.<\/p>\n<p>Tel est l\u2019Engagement.<\/p>\n","protected":false},"excerpt":{"rendered":"<p>Aujourd\u2019hui nous parlerons de Dieu, l\u2019Autorit\u00e9 Sup\u00e9rieure. L\u2019Autorit\u00e9 Sup\u00e9rieure s\u2019adresse maintenant \u00e0 vous, en parlant par l\u2019interm\u00e9diaire de la Pr\u00e9sence Ang\u00e9lique, en s\u2019adressant \u00e0 une partie de vous qui est le centre et la source m\u00eame de votre \u00catre, parlant au-del\u00e0 de votre conditionnement social, au-del\u00e0 de vos id\u00e9es et de vos croyances et des\u2026 <a class=\"read-more\" href=\"https:\/\/www.v6.newmessage.org\/fr\/about-recording-shortcode\"><span>Read More<\/span><\/a><\/p>\n","protected":false},"author":1,"featured_media":0,"parent":16290,"menu_order":6,"comment_status":"closed","ping_status":"closed","template":"template-leftsidebar.php","meta":{"_monsterinsights_skip_tracking":false,"_monsterinsights_sitenote_active":false,"_monsterinsights_sitenote_note":"","_monsterinsights_sitenote_category":0,"footnotes":""},"categories":[76,118,30,461,460],"tags":[355],"_links":{"self":[{"href":"https:\/\/www.v6.newmessage.org\/fr\/wp-json\/wp\/v2\/pages\/643"}],"collection":[{"href":"https:\/\/www.v6.newmessage.org\/fr\/wp-json\/wp\/v2\/pages"}],"about":[{"href":"https:\/\/www.v6.newmessage.org\/fr\/wp-json\/wp\/v2\/types\/page"}],"author":[{"embeddable":true,"href":"https:\/\/www.v6.newmessage.org\/fr\/wp-json\/wp\/v2\/users\/1"}],"replies":[{"embeddable":true,"href":"https:\/\/www.v6.newmessage.org\/fr\/wp-json\/wp\/v2\/comments?post=643"}],"version-history":[{"count":34,"href":"https:\/\/www.v6.newmessage.org\/fr\/wp-json\/wp\/v2\/pages\/643\/revisions"}],"predecessor-version":[{"id":28696,"href":"https:\/\/www.v6.newmessage.org\/fr\/wp-json\/wp\/v2\/pages\/643\/revisions\/28696"}],"up":[{"embeddable":true,"href":"https:\/\/www.v6.newmessage.org\/fr\/wp-json\/wp\/v2\/pages\/16290"}],"wp:attachment":[{"href":"https:\/\/www.v6.newmessage.org\/fr\/wp-json\/wp\/v2\/media?parent=643"}],"wp:term":[{"taxonomy":"category","embeddable":true,"href":"https:\/\/www.v6.newmessage.org\/fr\/wp-json\/wp\/v2\/categories?post=643"},{"taxonomy":"post_tag","embeddable":true,"href":"https:\/\/www.v6.newmessage.org\/fr\/wp-json\/wp\/v2\/tags?post=643"}],"curies":[{"name":"wp","href":"https:\/\/api.w.org\/{rel}","templated":true}]}}