{"id":617,"date":"2011-08-19T13:07:27","date_gmt":"2011-08-19T20:07:27","guid":{"rendered":"http:\/\/wp.www.newmessage.org\/?p=617"},"modified":"2017-09-16T08:54:33","modified_gmt":"2017-09-16T08:54:33","slug":"le-choc-de-lavenir","status":"publish","type":"page","link":"https:\/\/www.v6.newmessage.org\/fr\/le-message\/volume-1\/le-nouveau-monde\/le-choc-de-lavenir","title":{"rendered":"Le choc de l&rsquo;avenir"},"content":{"rendered":"<div><!-- Version 3.3 --><\/div>\n\n<div class=\"tabgroup \"><ul class=\"tabs\"><li><a href=\"#tabs-1\">R\u00e9v\u00e9lation<\/a><\/li>\n<li><a href=\"#tabs-2\">Note<\/a><\/li><\/ul>\n <div id=\"tabs-1\"><\/p>\n<p>\u00c9coutez la r\u00e9v\u00e9lation originale en anglais :<\/p>\n<div id=\"jquery_jplayer_1\" class=\"jp-jplayer\"><\/div>\n\t\t\t\t<div id=\"jp_container_1\" class=\"jp-audio\">\n\t\t\t\t<div class=\"jp-type-single\"><div class=\"jp-control\"><a href=\"javascript:;\" class=\"jp-play\" tabindex=\"1\">play<\/a><a href=\"javascript:;\" class=\"jp-pause\" tabindex=\"1\">pause<\/a><\/div> <div class=\"jp-gui jp-interface\"><div class=\"jp-volume\"><div class=\"jp-volume-bar\"><div class=\"jp-volume-bar-value\"><\/div><\/div><\/div><div class=\"jp-progress\"><div class=\"jp-seek-bar\"><div class=\"jp-play-bar\"><\/div><\/div><\/div><\/div>\t\t\t\t\t<div class=\"jp-no-solution\"><span>Update Required<\/span>To play the media you will need to either update your browser to a recent version or update your <a href=\"http:\/\/get.adobe.com\/flashplayer\/\" target=\"_blank\">Flash plugin<\/a>.<\/div><\/div><\/div>\n\t\t\t<script type='text\/javascript'>\n\t\t\t\tjQuery(document).ready(function() {\n\t\t\t\t\tif (typeof (sermonMedia) == 'function') {\n\t\t\t\t\t\tsermonMedia.addAudio('', \"jquery_jplayer_1\");\n\t\t\t\t\t}\n\t\t\t\t\tjQuery.jPlayer.timeFormat.showHour = true;\n\t\t\t\t\tjQuery(\"#jquery_jplayer_1\").jPlayer({\n\t\t\t\t\t\tready: function(event) {\n\t\t\t\t\t\t\tjQuery(this).jPlayer(\"setMedia\", {mp3: 'https:\/\/www.newmessage.org\/av\/the-shock-of-the-future.mp3'});\n\t\t\t\t\t\t},\n\t\t\t\t\t\tplay: function() {\n\t\t\t\t\t\t\tjQuery(this).jPlayer(\"pauseOthers\");\n\t\t\t\t\t\t},\n\t\t\t\t\t\tswfPath: ThemeData.directory_uri+\"\/swf\",\n\t\t\t\t\t\tsolution: \"html, flash\",\n\t\t\t\t\t\tpreload: \"metadata\",\n\t\t\t\t\t\twmode: \"window\",\n\t\t\t\t\t\tsupplied: \"mp3\",\n\t\t\t\t\t\tcssSelectorAncestor: '#jp_container_1'\n\t\t\t\t\t});\n\t\t\t\t});\n\t\t\t<\/script><\/p>\n<p><a title=\"The Shock of the Future\" href=\"https:\/\/www.newmessage.org\/av\/the-shock-of-the-future.mp3\">T\u00e9l\u00e9charger<\/a> (utilisez le clic droit)<\/p>\n<p><em>Tel que r\u00e9v\u00e9l\u00e9 au Messager de Dieu<br \/>\nMarshall Vian Summers<br \/>\nLe 30 avril 2011<br \/>\n\u00e0 Boulder, Colorado<\/em><\/p>\n<div class=\"toggle toggle-white\"><h4 class=\"trigger \"><span class=\"t_ico\"><\/span><a href=\"#\">\u00c0 propos de cet enregistrement<\/a><\/h4><div class=\"toggle_container \"><br \/>\n<p>Ce que vous entendez dans cet enregistrement audio est la voix de <a href=\"http:\/\/www.nouveaumessagededieu.org\/le-message\/important-terms#aa\" target=\"_blank\" rel=\"noopener noreferrer\">l&rsquo;Assembl\u00e9e Ang\u00e9lique<\/a> parlant \u00e0 travers le <a href=\"http:\/\/www.nouveaumessagededieu.org\/messager-de-dieu\" target=\"_blank\" rel=\"noopener noreferrer\">Messager Marshall Vian Summers<\/a>.<\/p>\n<p>Ici, la communication originale de Dieu, qui existe au-del\u00e0 des mots, est traduite en un langage et un entendement humains par <a href=\"http:\/\/www.nouveaumessagededieu.org\/le-message\/important-terms#aa\" target=\"_blank\" rel=\"noopener noreferrer\">l&rsquo;Assembl\u00e9e Ang\u00e9lique<\/a> qui veille sur le monde. L&rsquo;Assembl\u00e9e apporte alors le Message de Dieu \u00e0 travers le Messager.<\/p>\n<p>Dans ce processus remarquable, la <a href=\"http:\/\/www.nouveaumessagededieu.org\/le-message\/important-terms#vr\" target=\"_blank\" rel=\"noopener noreferrer\">Voix de la R\u00e9v\u00e9lation<\/a> parle \u00e0 nouveau. La Parole et le Son sont dans le monde. Pour la premi\u00e8re fois dans l&rsquo;histoire, l&rsquo;enregistrement de la r\u00e9v\u00e9lation parl\u00e9e originale est accessible pour que vous en fassiez l&rsquo;exp\u00e9rience.<\/p>\n<p>Puissiez-vous recevoir ce don de R\u00e9v\u00e9lation et puissiez-vous vous ouvrir \u00e0 son Message unique pour vous et pour votre vie.<\/p>\n<br \/>\n<\/div><\/div>\n<p><\/div>\n<div id=\"tabs-2\"><\/p>\n<p>&lt;em&gt;Note aux lecteurs :<\/p>\n<p>Cette traduction a \u00e9t\u00e9 fournie \u00e0 la Society par des \u00e9tudiants du Nouveau Message qui se sont port\u00e9s volontaires pour traduire le texte original en anglais. Nous rendons cette traduction publique sous cette forme perfectible pour que les gens aient une chance de d\u00e9couvrir une portion du Nouveau Message dans leur propre langue.&lt;\/em&gt;<\/p>\n<p><\/div>\n\t\t\t\t<div align=\"right\">\n\t\t\t<div class=\"fb-like\" data-href=\"\" data-layout=\"button_count\" data-action=\"like\" data-show-faces=\"false\" data-share=\"false\"><\/div>\n\t\t\t<div class=\"fb-share-button\" data-layout=\"button_count\"> <\/div>\n\t\t\t<div class=\"fb_iframe_widget\"><a href=\"https:\/\/twitter.com\/godsnewmessage?ref_src=twsrc%5Etfw\" class=\"twitter-follow-button\" data-show-count=\"false\">Follow @godsnewmessage<\/a><script async src=\"https:\/\/platform.twitter.com\/widgets.js\" charset=\"utf-8\"><\/script><\/div>\n\t\t\t<\/div> <\/div> \n\n<p>Dieu cherche \u00e0 pr\u00e9parer l\u2019humanit\u00e9 \u00e0 un nouveau monde, \u00e0 une nouvelle r\u00e9alit\u00e9 et \u00e0 sa rencontre avec la vie dans l\u2019univers, une rencontre qui changera et d\u00e9terminera l\u2019avenir et le destin de l\u2019humanit\u00e9.<\/p>\n<p>Vous entrez dans un nouveau monde \u2013 un monde de changement environnemental, un monde de conditions m\u00e9t\u00e9orologiques violentes, un monde qui est impr\u00e9visible, un monde qui sera d\u00e9s\u00e9quilibr\u00e9, avec de grandes difficult\u00e9s politiques et \u00e9conomiques. Certaines nations seront \u00e9branl\u00e9es par la r\u00e9volution, et certaines \u00e9conomies nationales feront faillite.<\/p>\n<p>C\u2019est la r\u00e9sultante de nombreuses forces qui sont \u00e0 l\u2019\u0153uvre depuis un certain temps. Les sages peuvent anticiper cela. Pour tous les autres, ce sera un grand choc \u2013 le choc de l\u2019avenir.<\/p>\n<p>Ne consid\u00e9rez pas cela comme une grande trag\u00e9die ou comme quelque chose \u00e0 \u00e9viter, \u00e0 n\u00e9gliger ou \u00e0 nier, car votre nom y est inscrit. Vous avez \u00e9t\u00e9 envoy\u00e9 dans le monde pour le servir dans ces circonstances.<\/p>\n<p>Bien que vous n\u2019ayez peut-\u00eatre pas pr\u00eat\u00e9 attention aux Grandes Vagues de changement qui commencent \u00e0 d\u00e9ferler sur le monde, celles-ci avancent n\u00e9anmoins. Ce n\u2019est pas le moment de se laisser aller. Ce n\u2019est pas le moment de projeter vos id\u00e9es ou vos croyances. Ce n\u2019est pas le moment de discuter et de d\u00e9battre sans fin.<\/p>\n<p>Il est temps de regarder, de voir, et de continuer \u00e0 chercher et \u00e0 observer, \u00e0 scruter l\u2019horizon, \u00e0 discerner l\u2019\u00e9volution des circonstances de la vie autour de vous, \u00e0 reconna\u00eetre le changement qui se produit dans la vie des gens \u2013 un changement impr\u00e9vu, un changement \u00e9crasant, au-del\u00e0 des param\u00e8tres normaux de la vie.<\/p>\n<p>Peut-\u00eatre que votre vie a \u00e9volu\u00e9 int\u00e9rieurement et ext\u00e9rieurement, comme si celle-ci se pr\u00e9parait pour quelque chose d\u2019important que vous auriez \u00e0 servir et auquel vous auriez \u00e0 prendre part. Si vous faites l\u2019exp\u00e9rience de cela, alors vous pouvez \u00eatre certain que vous \u00eates en train de vous pr\u00e9parer pour le nouveau monde, m\u00eame si c\u2019est de mani\u00e8re inconsciente.<\/p>\n<p>Dieu vous a donn\u00e9 la Connaissance pour vous guider et vous pr\u00e9parer, mais la Connaissance fonctionne sous la surface du mental o\u00f9 vivent les gens. C\u2019est une plus grande intelligence. Elle discerne le mouvement du monde et elle r\u00e9pond au Cr\u00e9ateur.<\/p>\n<p>La Nouvelle R\u00e9v\u00e9lation de Dieu parlera davantage \u00e0 cette partie de vous qu\u2019\u00e0 votre intellect, car c\u2019est la partie de vous qui n\u2019a jamais quitt\u00e9 Dieu. Par cons\u00e9quent, c\u2019est la partie de vous qui peut vraiment r\u00e9pondre. C\u2019est la partie de vous qui est sage et sans conflit. Elle n\u2019a pas peur du monde, car elle ne peut \u00eatre d\u00e9truite.<\/p>\n<p>\u00c0 la surface de votre mental, vous souffrez de chaque petite chose, et vous avez de grandes inqui\u00e9tudes au sujet de votre avenir et de votre bien-\u00eatre \u2013 vous avez toujours peur d\u2019une perte future et des innombrables choses qui peuvent vous arriver, ainsi qu\u2019\u00e0 ceux auxquels vous tenez.<\/p>\n<p>Comment pourriez-vous jamais savoir quoi que ce soit \u00e0 ce niveau qui est tellement rempli de crainte et d\u2019ambition, si facilement distrait, si facilement manipul\u00e9, donc facilement contr\u00f4lable, donc facilement domin\u00e9 par les opinions ou les d\u00e9cisions des autres ?<\/p>\n<p>Le choc de l\u2019avenir sera un choc parce que vous n\u2019\u00eates pas pr\u00e9par\u00e9. Vous n\u2019avez pas pr\u00eat\u00e9 attention. Vous avez \u00e9t\u00e9 obs\u00e9d\u00e9 par d\u2019autres choses, qui avaient peu ou pas d\u2019importance. Vous avez \u00e9t\u00e9 accapar\u00e9 par les affaires de la journ\u00e9e et par vos propres sentiments, souvenirs et regrets, sans \u00eatre conscient du monde qui vous entoure.<\/p>\n<p>Avec une pr\u00e9paration, il n\u2019y a pas de choc. Il n\u2019y a qu\u2019une confirmation. M\u00eame ce qui est choquant ne vous accablera pas. Cela vous surprendra et vous consternera peut-\u00eatre sur le moment, mais vous ne serez pas d\u00e9pass\u00e9. Vous ne serez pas paralys\u00e9, fig\u00e9 dans la peur, sans aucune id\u00e9e de ce qu\u2019il faut faire. Quand le bateau commencera \u00e0 tanguer et \u00e0 prendre l\u2019eau, vous serez pr\u00eat. Vous ne serez pas fig\u00e9. Vous ne coulerez pas avec le navire.<\/p>\n<p>Dieu vous a donn\u00e9 le pouvoir de vous sauver, non seulement des catastrophes dans le monde, mais de toutes les catastrophes et de chaque erreur de calcul que vous pourriez faire et subir en cours de route.<\/p>\n<p>Vous pouvez prier Dieu pour beaucoup de choses \u2013 pour de la protection, pour des avantages, pour une issue heureuse \u2013 mais Dieu vous a donn\u00e9 le plus grand don possible. Mais s\u2019il n\u2019est pas reconnu, ou si vous y r\u00e9sistez ou le n\u00e9gligez, que Dieu peut-il encore faire pour vous\u00a0?<\/p>\n<p>Dieu ne g\u00e8re pas les affaires du jour. Dieu ne fait pas circuler le sang dans vos veines. Dieu ne fait pas souffler les vents. Il n\u2019ajuste pas la temp\u00e9rature. C\u2019est un monde d\u2019\u00e9v\u00e9nements en cascade. Il n\u2019y a pas d\u2019ordre apparent.<\/p>\n<p>Les forces du monde \u2013 g\u00e9ologiques et biologiques \u2013 ont \u00e9t\u00e9 mises en mouvement au d\u00e9but des temps. Elles se meuvent d\u2019elles-m\u00eames. La mesure dans laquelle l\u2019homme a rompu le fragile \u00e9quilibre de la Terre produira de grands \u00e9v\u00e9nements, et produit de grands \u00e9v\u00e9nements en ce moment m\u00eame.<\/p>\n<p>Mais qui pr\u00eate attention \u00e0 cela\u00a0? Qui se rend compte de la cause et de l\u2019effet ? Qui est \u00e0 l\u2019\u00e9coute du pouvoir et de la pr\u00e9sence qui l\u2019habite ?<\/p>\n<p>Les gens oscillent entre l\u2019excitation et la peur. Ils cherchent l\u2019amour comme une sorte d\u2019\u00e9vasion et d\u2019ivresse, pour se lib\u00e9rer de l\u2019ombre et du poids permanents de la peur et du regret, alors que le v\u00e9ritable amour, celui qui \u00e9mane de la Connaissance, demeure un myst\u00e8re pour eux.<\/p>\n<p>Le monde, dans son grand changement, peut vous servir, si vous pouvez l\u2019aborder correctement. Le choc du monde peut vous pr\u00e9parer. Il peut vous faire sortir de vos r\u00eaves de bonheur et de catastrophe. Il peut vous ramener \u00e0 la raison. Il peut faire appel \u00e0 vos forces et \u00e0 votre d\u00e9termination, et tr\u00e8s certainement \u00e0 votre compassion pour les gens.<\/p>\n<p>Vous entrez dans l\u2019\u00e2ge de la responsabilit\u00e9 et de la coop\u00e9ration humaines. Vous devez y prendre part, sans quoi votre vie sera gaspill\u00e9e. Votre vie sera constamment menac\u00e9e.<\/p>\n<p>Les gens veulent se retirer dans une sorte de bonheur apathique, sans souci\u00a0; mais quand vous voyez cela, c\u2019est path\u00e9tique. C\u2019est triste. Il n\u2019y a pas d\u2019intelligence. Il n\u2019y a pas d\u2019inspiration. Il n\u2019y a aucune honn\u00eatet\u00e9. Il n\u2019y a pas de vraie connexion avec les autres. Il n\u2019y a pas de service ou de contribution. Les gens se sont \u00e9cart\u00e9s du sens de la vie dans une vie de repos constant.<\/p>\n<p>Ceci n\u2019est pas pour vous. Vous n\u2019avez pas fait le long voyage jusqu\u2019\u00e0 ce monde, et vous n\u2019\u00eates pas pass\u00e9 par les \u00e9tapes de la croissance et du d\u00e9veloppement personnels, avec toutes les difficult\u00e9s qu\u2019elles comportent, pour simplement \u00eatre mis quelque part pour pa\u00eetre paisiblement.<\/p>\n<p>Ceux qui vous ont envoy\u00e9 dans le monde comptent sur votre d\u00e9veloppement et sur votre pr\u00e9paration. Ils savent que ce sera la source du sens, du bonheur et de la satisfaction dans votre vie.<\/p>\n<p>La richesse d\u00e9clinera dans le monde. Beaucoup de gens la perdront. Le besoin humain deviendra si grand qu\u2019il fera appel \u00e0 des gens de partout pour servir et pour participer.<\/p>\n<p>Le navire prend d\u00e9j\u00e0 l\u2019eau, voyez-vous. Il commence d\u00e9j\u00e0 \u00e0 pencher d\u2019un c\u00f4t\u00e9. Ceux qui savent cela sont appel\u00e9s \u00e0 r\u00e9pondre, \u00e0 se pr\u00e9parer, et \u00e0 voir o\u00f9 leur contribution peut \u00eatre la plus b\u00e9n\u00e9fique.<\/p>\n<p>Pour ceux-l\u00e0, le choc de l\u2019avenir a lieu maintenant \u2013 le choc de la prise de conscience, le choc d\u2019avoir \u00e0 orienter sa vie vers une nouvelle direction, le choc de r\u00e9aliser \u00e0 quel point il manquait sens et but \u00e0 votre vie auparavant, et \u00e0 quel point vous avez g\u00e2ch\u00e9 votre temps et votre pr\u00e9cieuse \u00e9nergie avec des choses qui ont peu ou qui n\u2019ont pas de promesse.<\/p>\n<p>C\u2019est le choc de l\u2019avenir, le choc futur, qui se produit en ce moment, alors que vous commencez \u00e0 pr\u00eater attention et \u00e0 r\u00e9pondre aux signes du monde.<\/p>\n<p>Dieu vous appelle par l\u2019interm\u00e9diaire de ces signes. Dieu ne vous demande pas de revenir \u00e0 votre \u00e9tat \u200b\u200bdivin, mais d\u2019entrer dans le monde pour le but dans lequel vous \u00eates venu.<\/p>\n<p>Cela changera vos valeurs et vos priorit\u00e9s. Cela changera ce que vous recherchez chez les autres. Cela changera ce que vous estimez en vous-m\u00eame. Cela changera votre relation au temps. Cela changera votre exp\u00e9rience des relations. Cela changera votre relation avec votre corps et votre mental. Cela changera votre relation avec toute chose. C\u2019est cela, le choc.<\/p>\n<p>Une fois que vous aurez pris ce virage, si vous en \u00eates capable, vous serez alors en mesure de faire face \u00e0 presque tout. Et m\u00eame si vous subissez choc et d\u00e9sarroi sur le moment, ils ne vous submergeront pas. La Connaissance deviendra votre fondation, et elle n\u2019est pas choqu\u00e9e par le monde. Elle n\u2019est m\u00eame pas du monde. Elle est ici pour servir le monde.<\/p>\n<p>\u00c0 la surface du mental, vous continuerez peut-\u00eatre \u00e0 souffrir, mais ce sera pour des choses de plus grande importance, des choses plus significatives, qui auront plus de sens et qui seront plus cons\u00e9quentes, au lieu de petites choses qui sont sans avenir et sans destin\u00e9e.<\/p>\n<p>Votre amour deviendra authentique plut\u00f4t qu\u2019illusoire. Il sera destin\u00e9 aux personnes qui peuvent vraiment participer avec vous, plut\u00f4t qu\u2019\u00e0 ceux avec lesquels vous n\u2019avez aucun avenir et aucune destin\u00e9e.<\/p>\n<p>Dieu vous appelle \u00e0 r\u00e9agir, \u00e0 la fois en vous-m\u00eame et aux signes du monde. Pour voir les signes, vous devez regarder et pr\u00eater attention, pas seulement par-ci par-l\u00e0, mais continuellement. Comme les oiseaux dans l\u2019air et les animaux dans le pr\u00e9, vous observez votre environnement. Tout comme eux, vous avez grand besoin de le faire.<\/p>\n<p>Tout ce \u00e0 quoi vous accordez de la valeur \u2013 votre avenir, les gens que vous aimez, m\u00eame votre propre vie \u2013 d\u00e9pendra de cela. Il ne s\u2019agit pas de regarder avec peur. Il ne s\u2019agit pas de vivre dans un \u00e9tat d\u2019inqui\u00e9tude. Il s\u2019agit de regarder avec les yeux grands ouverts, avec le pouvoir et la pr\u00e9sence de la Connaissance.<\/p>\n<p>Cela d\u00e9terminera si vous serez capable de voir ou pas, et si vous regarderez le monde avec crainte et anxi\u00e9t\u00e9 ou avec certitude, compassion et d\u00e9termination.<\/p>\n<p>Votre engagement premier est envers la Connaissance, parce qu\u2019il s\u2019agit de votre engagement avec Dieu. Si votre engagement est authentique, et non pas rempli de vos propres id\u00e9es et ambitions, alors vous aurez une fondation qui vous permettra d\u2019\u00eatre une source de force, de raison d\u2019\u00eatre et de r\u00e9confort pour les autres. Le besoin de se rassurer est \u00e9norme en ce moment, et il cro\u00eet avec chaque jour qui passe.<\/p>\n<p>Laissez les idiots \u00eatre idiots. Laissez les ignorants \u00eatre ignorants. Laissez ceux qui refusent de voir ne pas voir. Laissez ceux qui sont perdus dans leurs opinions se perdre dans leurs opinions. Cherchez ceux qui peuvent r\u00e9pondre. Cherchez ceux qui peuvent quitter le navire. Cherchez vos vrais alli\u00e9s, car vous aurez d\u00e9sormais besoin de compagnons forts. Vous ne pouvez pas \u00eatre limit\u00e9 par les faibles d\u2019esprit et par ceux qui ont trop peur de continuer.<\/p>\n<p>Cela changera tout pour vous, comme cela doit changer, comme cela a besoin de changer. C\u2019est la b\u00e9n\u00e9diction du changement. C\u2019est la difficult\u00e9 du changement. C\u2019est ce qui vous rendra fort et puissant. Ne pensez pas que ce sera facile, car ce ne sera pas facile. Ne pensez pas que cela arrivera tout de suite, parce que c\u2019est un processus qui comprend plusieurs \u00e9tapes et plusieurs pas. Ne pensez pas que vous y \u00eates d\u00e9j\u00e0, car vous ne savez pas ce \u00e0 quoi vous aurez \u00e0 faire face.<\/p>\n<p>Le choc de l\u2019avenir est avec vous en ce moment. Les sages voient avant que les \u00e9v\u00e9nements ne se produisent, et se pr\u00e9parent en cons\u00e9quence. Ils n\u2019attendent pas d\u2019\u00eatre d\u00e9pass\u00e9s au dernier moment. Ils voient les signes du monde. Ils d\u00e9terminent le changement dans les conditions m\u00e9t\u00e9orologiques, dans l\u2019atmosph\u00e8re, dans le mouvement des choses et dans la r\u00e9ponse non seulement des personnes, mais aussi des cr\u00e9atures de la nature. Ils observent.<\/p>\n<p>Ils ne sont pas perdus dans leurs loisirs, ou leurs histoires sentimentales, ou leurs obsessions, pour se retrouver submerg\u00e9s au dernier moment. Ils ne suivent pas les croyances \u00e9tablies. Ils ne suivent pas ce que leur disent les chefs de gouvernement ou de religion. Ils ne suivent pas les opinions g\u00e9n\u00e9rales, parce que les gens sont aveugles et ne pr\u00eatent pas attention. Ils n\u2019ont pas peur d\u2019affronter les d\u00e9fis et les difficult\u00e9s, et ne se rassurent ainsi pas avec de fausses hypoth\u00e8ses. Ils ne suivent pas les faibles et les craintifs.<\/p>\n<p>Le don de Dieu est pour tout le monde. Le pouvoir de la Connaissance est pour tout le monde, mais qui peut r\u00e9pondre\u00a0? Les dons du Ciel sont pour tous, m\u00eame ceux qui vivent dans un monde difficile et d\u00e9sastreux, mais qui peut les recevoir ?\u00a0Qui peut changer sa vie et sa perspective de mani\u00e8re \u00e0 \u00eatre en mesure de faire l\u2019exp\u00e9rience de cela\u00a0?<\/p>\n<p>M\u00eame ici, le choc de l\u2019avenir est un don \u2013 un don de r\u00e9demption.<\/p>\n<p>Se r\u00e9veiller de sa propre s\u00e9paration craintive est un \u00e9v\u00e9nement formidable. Cela attire les pouvoirs du Ciel vers vous, qui commencez \u00e0 vous \u00e9veiller.<\/p>\n<p>Laissez la Connaissance \u00eatre votre guide, et laissez le monde vous dire o\u00f9 il va et ce qui se dessine \u00e0 l\u2019horizon. Soyez attentif. Apaisez votre mental. Mettez de c\u00f4t\u00e9 vos d\u00e9sirs et votre peur constante en faisant les Pas vers la Connaissance. Recevez la R\u00e9v\u00e9lation, le Nouveau Message pour l\u2019Humanit\u00e9. Vous \u00eates b\u00e9ni rien que par le fait de conna\u00eetre son existence.<\/p>\n<p>Vous \u00eates b\u00e9ni par le fait d\u2019entendre Notre Voix. Vous \u00eates b\u00e9nis par le fait d\u2019\u00eatre choqu\u00e9. Vous \u00eates m\u00eame b\u00e9ni par le fait d\u2019\u00eatre d\u00e9\u00e7u, car cette d\u00e9ception peut vous lib\u00e9rer du pass\u00e9. Vous \u00eates b\u00e9ni par le fait d\u2019\u00eatre lib\u00e9r\u00e9. Vous \u00eates b\u00e9ni lorsque les gens vous quittent. Vous \u00eates b\u00e9ni lorsque les choses s\u2019effondrent, car cela commence \u00e0 pr\u00e9parer le terrain pour une nouvelle vie, une relation et un engagement plus grands avec le Divin, avec vous-m\u00eame et avec les autres.<\/p>\n<p>C\u2019est le monde que vous \u00eates venu servir, et rien d\u2019autre que ce service ne vous apportera un v\u00e9ritable sens et de v\u00e9ritables relations. Comprenez cela, et vous trouverez le secret et la cl\u00e9 d\u2019un plus grand bonheur, d\u2019un plus grand sens et d\u2019un plus grand dessein, qui attendent d\u2019\u00eatre d\u00e9couverts.<\/p>\n<p>&nbsp;<\/p>\n","protected":false},"excerpt":{"rendered":"<p>Dieu cherche \u00e0 pr\u00e9parer l\u2019humanit\u00e9 \u00e0 un nouveau monde, \u00e0 une nouvelle r\u00e9alit\u00e9 et \u00e0 sa rencontre avec la vie dans l\u2019univers, une rencontre qui changera et d\u00e9terminera l\u2019avenir et le destin de l\u2019humanit\u00e9. Vous entrez dans un nouveau monde \u2013 un monde de changement environnemental, un monde de conditions m\u00e9t\u00e9orologiques violentes, un monde qui\u2026 <a class=\"read-more\" href=\"https:\/\/www.v6.newmessage.org\/fr\/about-recording-shortcode\"><span>Read More<\/span><\/a><\/p>\n","protected":false},"author":1,"featured_media":0,"parent":16482,"menu_order":8,"comment_status":"closed","ping_status":"closed","template":"template-leftsidebar.php","meta":{"_monsterinsights_skip_tracking":false,"_monsterinsights_sitenote_active":false,"_monsterinsights_sitenote_note":"","_monsterinsights_sitenote_category":0,"footnotes":""},"categories":[76,118,30,463,460],"tags":[397],"_links":{"self":[{"href":"https:\/\/www.v6.newmessage.org\/fr\/wp-json\/wp\/v2\/pages\/617"}],"collection":[{"href":"https:\/\/www.v6.newmessage.org\/fr\/wp-json\/wp\/v2\/pages"}],"about":[{"href":"https:\/\/www.v6.newmessage.org\/fr\/wp-json\/wp\/v2\/types\/page"}],"author":[{"embeddable":true,"href":"https:\/\/www.v6.newmessage.org\/fr\/wp-json\/wp\/v2\/users\/1"}],"replies":[{"embeddable":true,"href":"https:\/\/www.v6.newmessage.org\/fr\/wp-json\/wp\/v2\/comments?post=617"}],"version-history":[{"count":17,"href":"https:\/\/www.v6.newmessage.org\/fr\/wp-json\/wp\/v2\/pages\/617\/revisions"}],"predecessor-version":[{"id":28736,"href":"https:\/\/www.v6.newmessage.org\/fr\/wp-json\/wp\/v2\/pages\/617\/revisions\/28736"}],"up":[{"embeddable":true,"href":"https:\/\/www.v6.newmessage.org\/fr\/wp-json\/wp\/v2\/pages\/16482"}],"wp:attachment":[{"href":"https:\/\/www.v6.newmessage.org\/fr\/wp-json\/wp\/v2\/media?parent=617"}],"wp:term":[{"taxonomy":"category","embeddable":true,"href":"https:\/\/www.v6.newmessage.org\/fr\/wp-json\/wp\/v2\/categories?post=617"},{"taxonomy":"post_tag","embeddable":true,"href":"https:\/\/www.v6.newmessage.org\/fr\/wp-json\/wp\/v2\/tags?post=617"}],"curies":[{"name":"wp","href":"https:\/\/api.w.org\/{rel}","templated":true}]}}