{"id":594,"date":"2011-08-19T12:42:11","date_gmt":"2011-08-19T12:42:11","guid":{"rendered":"http:\/\/wp.www.newmessage.org\/?p=594"},"modified":"2017-09-11T19:20:59","modified_gmt":"2017-09-11T19:20:59","slug":"dieu-conduit-lhumanite-dans-une-nouvelle-direction","status":"publish","type":"page","link":"https:\/\/www.v6.newmessage.org\/fr\/le-message\/volume-1\/dieu-a-parle-a-nouveau\/dieu-conduit-lhumanite-dans-une-nouvelle-direction","title":{"rendered":"Dieu conduit l\u2019humanit\u00e9 dans une nouvelle direction"},"content":{"rendered":"<div><!-- 4.1 Verse --><\/div>\n\n<div class=\"tabgroup \"><ul class=\"tabs\"><li><a href=\"#tabs-1\">R\u00e9v\u00e9lation<\/a><\/li>\n<li><a href=\"#tabs-2\">Note<\/a><\/li><\/ul>\n <div id=\"tabs-1\"><br \/>\n\u00c9coutez la r\u00e9v\u00e9lation originale en anglais :<\/p>\n<div id=\"jquery_jplayer_1\" class=\"jp-jplayer\"><\/div>\n\t\t\t\t<div id=\"jp_container_1\" class=\"jp-audio\">\n\t\t\t\t<div class=\"jp-type-single\"><div class=\"jp-control\"><a href=\"javascript:;\" class=\"jp-play\" tabindex=\"1\">play<\/a><a href=\"javascript:;\" class=\"jp-pause\" tabindex=\"1\">pause<\/a><\/div> <div class=\"jp-gui jp-interface\"><div class=\"jp-volume\"><div class=\"jp-volume-bar\"><div class=\"jp-volume-bar-value\"><\/div><\/div><\/div><div class=\"jp-progress\"><div class=\"jp-seek-bar\"><div class=\"jp-play-bar\"><\/div><\/div><\/div><\/div>\t\t\t\t\t<div class=\"jp-no-solution\"><span>Update Required<\/span>To play the media you will need to either update your browser to a recent version or update your <a href=\"http:\/\/get.adobe.com\/flashplayer\/\" target=\"_blank\">Flash plugin<\/a>.<\/div><\/div><\/div>\n\t\t\t<script type='text\/javascript'>\n\t\t\t\tjQuery(document).ready(function() {\n\t\t\t\t\tif (typeof (sermonMedia) == 'function') {\n\t\t\t\t\t\tsermonMedia.addAudio('', \"jquery_jplayer_1\");\n\t\t\t\t\t}\n\t\t\t\t\tjQuery.jPlayer.timeFormat.showHour = true;\n\t\t\t\t\tjQuery(\"#jquery_jplayer_1\").jPlayer({\n\t\t\t\t\t\tready: function(event) {\n\t\t\t\t\t\t\tjQuery(this).jPlayer(\"setMedia\", {mp3: 'https:\/\/www.newmessage.org\/av\/god-is-moving-humanity-in-a-new-direction.mp3'});\n\t\t\t\t\t\t},\n\t\t\t\t\t\tplay: function() {\n\t\t\t\t\t\t\tjQuery(this).jPlayer(\"pauseOthers\");\n\t\t\t\t\t\t},\n\t\t\t\t\t\tswfPath: ThemeData.directory_uri+\"\/swf\",\n\t\t\t\t\t\tsolution: \"html, flash\",\n\t\t\t\t\t\tpreload: \"metadata\",\n\t\t\t\t\t\twmode: \"window\",\n\t\t\t\t\t\tsupplied: \"mp3\",\n\t\t\t\t\t\tcssSelectorAncestor: '#jp_container_1'\n\t\t\t\t\t});\n\t\t\t\t});\n\t\t\t<\/script><\/p>\n<p><a title=\"God Is Moving Humanity in a New Direction\" href=\"https:\/\/www.newmessage.org\/av\/god-is-moving-humanity-in-a-new-direction.mp3\">T\u00e9l\u00e9charger<\/a> (utilisez le clic droit)<\/p>\n<p><em>Tel que r\u00e9v\u00e9l\u00e9<br \/>\n\u00e0 Marshall Vian Summers<br \/>\nle 22 avril 2011<br \/>\n\u00e0 Boulder, Colorado<br \/>\n<\/em><\/p>\n<div class=\"toggle toggle-white\"><h4 class=\"trigger \"><span class=\"t_ico\"><\/span><a href=\"#\">\u00c0 propos de cet enregistrement<\/a><\/h4><div class=\"toggle_container \"><br \/>\n<p>Ce que vous entendez dans cet enregistrement audio est la voix de <a href=\"http:\/\/www.nouveaumessagededieu.org\/le-message\/important-terms#aa\" target=\"_blank\" rel=\"noopener noreferrer\">l&rsquo;Assembl\u00e9e Ang\u00e9lique<\/a> parlant \u00e0 travers le <a href=\"http:\/\/www.nouveaumessagededieu.org\/messager-de-dieu\" target=\"_blank\" rel=\"noopener noreferrer\">Messager Marshall Vian Summers<\/a>.<\/p>\n<p>Ici, la communication originale de Dieu, qui existe au-del\u00e0 des mots, est traduite en un langage et un entendement humains par <a href=\"http:\/\/www.nouveaumessagededieu.org\/le-message\/important-terms#aa\" target=\"_blank\" rel=\"noopener noreferrer\">l&rsquo;Assembl\u00e9e Ang\u00e9lique<\/a> qui veille sur le monde. L&rsquo;Assembl\u00e9e apporte alors le Message de Dieu \u00e0 travers le Messager.<\/p>\n<p>Dans ce processus remarquable, la <a href=\"http:\/\/www.nouveaumessagededieu.org\/le-message\/important-terms#vr\" target=\"_blank\" rel=\"noopener noreferrer\">Voix de la R\u00e9v\u00e9lation<\/a> parle \u00e0 nouveau. La Parole et le Son sont dans le monde. Pour la premi\u00e8re fois dans l&rsquo;histoire, l&rsquo;enregistrement de la r\u00e9v\u00e9lation parl\u00e9e originale est accessible pour que vous en fassiez l&rsquo;exp\u00e9rience.<\/p>\n<p>Puissiez-vous recevoir ce don de R\u00e9v\u00e9lation et puissiez-vous vous ouvrir \u00e0 son Message unique pour vous et pour votre vie.<\/p>\n<br \/>\n<\/div><\/div>\n<p><\/div>\n<div id=\"tabs-2\"><\/p>\n<p><em>Note aux lecteurs :<br \/>\nCette traduction a \u00e9t\u00e9 fournie \u00e0 la Society par des \u00e9tudiants du Nouveau Message qui se sont port\u00e9s volontaires pour traduire le texte original en anglais. Nous rendons cette traduction publique sous cette forme perfectible pour que les gens aient une chance de d\u00e9couvrir une portion du Nouveau Message dans leur propre langue.<\/em><\/p>\n<p><\/div>\n\t\t\t\t<div align=\"right\">\n\t\t\t<div class=\"fb-like\" data-href=\"\" data-layout=\"button_count\" data-action=\"like\" data-show-faces=\"false\" data-share=\"false\"><\/div>\n\t\t\t<div class=\"fb-share-button\" data-layout=\"button_count\"> <\/div>\n\t\t\t<div class=\"fb_iframe_widget\"><a href=\"https:\/\/twitter.com\/godsnewmessage?ref_src=twsrc%5Etfw\" class=\"twitter-follow-button\" data-show-count=\"false\">Follow @godsnewmessage<\/a><script async src=\"https:\/\/platform.twitter.com\/widgets.js\" charset=\"utf-8\"><\/script><\/div>\n\t\t\t<\/div> <\/div> \n\n<p>Dieu conduit l&rsquo;humanit\u00e9 dans une nouvelle direction, une direction dans laquelle elle n&rsquo;a pas eu \u00e0 se mouvoir auparavant. Car le monde a chang\u00e9, et l&rsquo;humanit\u00e9 fait \u00e0 pr\u00e9sent face \u00e0 une Grande Communaut\u00e9 de vie dans l&rsquo;univers \u2013 c\u2019est l\u00e0 un grand changement, un grand seuil dans la longue \u00e9volution de l&rsquo;humanit\u00e9, une\u00a0\u00e9poque de bouleversements et d&rsquo;incertitudes immenses, une \u00e9poque dangereuse pour la famille humaine, une \u00e9poque de mouvements o\u00f9 les \u00e9v\u00e9nements se d\u00e9rouleront rapidement.<\/p>\n<p>Dieu conduit l&rsquo;humanit\u00e9 dans une nouvelle direction, vers une communaut\u00e9 mondiale qui soit en mesure de soutenir le monde, de se confronter aux r\u00e9alit\u00e9s de la vie dans l&rsquo;univers qui vous seront impos\u00e9es, et qui vous sont impos\u00e9es en ce moment m\u00eame. C&rsquo;est un grand changement, que beaucoup de gens ressentent mais ne comprennent pas.<\/p>\n<p>Le mouvement du monde s&rsquo;acc\u00e9l\u00e8re. La vie des gens sera submerg\u00e9e et d\u00e9pass\u00e9e par le grand changement environnemental qui se produit, ainsi que par les bouleversements politiques et \u00e9conomiques. Tout cela est d\u00e9sormais en cours et ne peut \u00eatre arr\u00eat\u00e9, seulement mod\u00e9r\u00e9. Cela demandera une grande adaptation.<\/p>\n<p>C&rsquo;est \u00e0 ce grand seuil de l&rsquo;histoire de l&rsquo;humanit\u00e9 qu&rsquo;une Nouvelle R\u00e9v\u00e9lation a \u00e9t\u00e9 envoy\u00e9e dans le monde, et un Messager a \u00e9t\u00e9 envoy\u00e9 ici pour la recevoir, pour la pr\u00e9parer et pour la pr\u00e9senter. C\u2019est pour lui un long voyage, un voyage long et difficile.<\/p>\n<p>Le Message pour l&rsquo;humanit\u00e9 est maintenant grand, plus exhaustif et plus complet que tout autre Message qui ait jamais \u00e9t\u00e9 envoy\u00e9 dans le monde. Il est complet, accompagn\u00e9 de son enseignement et de ses commentaires, afin que sa sagesse et la Connaissance qu\u2019il exprime puissent \u00eatre discern\u00e9es et appliqu\u00e9es correctement et non pas simplement laiss\u00e9es \u00e0 l&rsquo;interpr\u00e9tation des humains.<\/p>\n<p>Les gens ne voient pas, n&rsquo;entendent pas. Ils sont \u00e9trangers \u00e0 eux-m\u00eames. Et leurs comp\u00e9tences originelles pour discerner l&rsquo;environnement ont \u00e9t\u00e9 pour la plupart perdues et sont sous-d\u00e9velopp\u00e9es.<\/p>\n<p>Cela rend la t\u00e2che du Messager plus difficile. Il doit porter le Myst\u00e8re, car la R\u00e9v\u00e9lation est au-del\u00e0 du domaine de l&rsquo;intellect et n&rsquo;est certainement pas conditionn\u00e9e par les attentes, les croyances ou la compr\u00e9hension des gens.<\/p>\n<p>Dieu conduit le monde dans une nouvelle direction. C&rsquo;est une direction qui vous a toujours \u00e9t\u00e9 destin\u00e9e, mais elle sera nouvelle pour les peuples du monde. Elle sera nouvelle pour votre compr\u00e9hension.<\/p>\n<p>Les Grandes R\u00e9v\u00e9lations du Cr\u00e9ateur sont toujours comme cela. Elles pr\u00e9sentent toujours une r\u00e9alit\u00e9 nouvelle, une prise de conscience nouvelle, une dimension nouvelle et une plus grande promesse.<\/p>\n<p>Le monde s\u2019assombrit, et cette plus grande promesse est d\u00e9sormais n\u00e9cessaire. Seule la lumi\u00e8re de la Connaissance, la plus grande intelligence dont le Cr\u00e9ateur a dot\u00e9 la famille humaine et \u200b\u200btoutes les races de l&rsquo;univers, cela seul peut \u00e0 pr\u00e9sent vous permettre de comprendre et de r\u00e9pondre.<\/p>\n<p>Car vous retournez \u00e0 Dieu aux conditions fix\u00e9es par Dieu. Et les Messages de Dieu doivent \u00eatre compris, tels qu\u2019ils sont vraiment et tels qu\u2019ils sont cens\u00e9s \u00eatre compris.<\/p>\n<p>Cela occasionnera beaucoup de luttes et de conflits, et le Messager et ses disciples devront faire face \u00e0 cette difficult\u00e9, cette frustration, et faire preuve d\u2019une grande patience.<\/p>\n<p>Une telle R\u00e9v\u00e9lation ne sera pas accept\u00e9e d\u00e8s le d\u00e9part, et seuls quelques-uns seront en mesure d\u2019y r\u00e9pondre enti\u00e8rement. Mais \u00e0 mesure que le temps s\u2019\u00e9coulera et que le monde deviendra plus turbulent, le Nouveau Message attirera plus de personnes qui seront capables de le reconna\u00eetre et d\u2019en voir la pertinence.<\/p>\n<p>Il r\u00e9pond aux questions que vous n&rsquo;avez m\u00eame pas encore pos\u00e9es. Il s&rsquo;agit d&rsquo;une pr\u00e9paration pour l&rsquo;avenir, ainsi que d&rsquo;un rem\u00e8de pour le pr\u00e9sent.<\/p>\n<p>Vos philosophes et vos th\u00e9ologiens ne sauront pas quoi en faire. Il leur posera probl\u00e8me. Il ne sera pas conforme \u00e0 leur compr\u00e9hension, en laquelle ils se sont tant investis. Les chefs religieux lutteront contre lui, parce qu&rsquo;il parle d&rsquo;une r\u00e9alit\u00e9 qu&rsquo;ils ne reconnaissent pas encore.<\/p>\n<p>Dieu conduit l&rsquo;humanit\u00e9 dans une nouvelle direction. Le Messager est ici pour apporter la R\u00e9v\u00e9lation. Il lui a fallu des d\u00e9cennies pour la recevoir. Il faudra des d\u00e9cennies pour qu&rsquo;elle soit reconnue dans le monde.<\/p>\n<p>Mais le probl\u00e8me, c\u2019est le temps. L&rsquo;humanit\u00e9 n&rsquo;a pas beaucoup de temps pour se pr\u00e9parer \u00e0 un monde nouveau et au contact avec la vie dans l&rsquo;univers \u2013 un contact qui a d\u00e9j\u00e0 lieu\u00a0; un contact dont l\u2019intention et le but sont dangereux.<\/p>\n<p>Les gens sont obs\u00e9d\u00e9s par leurs besoins, leurs probl\u00e8mes, leurs envies et leurs d\u00e9sirs. Ils ne voient pas le mouvement du monde. Car le monde a chang\u00e9, mais les gens n&rsquo;ont pas chang\u00e9 avec lui. Et vous voil\u00e0 d\u00e9sormais face \u00e0 un nouvel ensemble de r\u00e9alit\u00e9s.<\/p>\n<p>Que dira Dieu \u00e0 ce propos, alors que les gens se sentent d\u00e9pass\u00e9s, que leurs pr\u00e9dictions sur l&rsquo;avenir ne se r\u00e9alisent pas, que le retour de leur sauveur ne se produit pas et qu\u2019ils croient que Dieu cr\u00e9e tous ces probl\u00e8mes pour eux ?<\/p>\n<p>La R\u00e9v\u00e9lation parle de toutes ces choses-l\u00e0. Mais vous devez vous ouvrir \u00e0 la R\u00e9v\u00e9lation, et vous devez faire face \u00e0 la perspective d&rsquo;un grand changement, car il est sur vous et sur le monde, et ce changement va progresser.<\/p>\n<p>Vous ne pouvez pas revenir des milliers d&rsquo;ann\u00e9es en arri\u00e8re pour tenter de comprendre ce qui se passe aujourd&rsquo;hui. L&rsquo;\u00e9volution de l&rsquo;humanit\u00e9 est en effet entr\u00e9e dans une nouvelle phase, une position de dominance dans le monde, mais aussi une position de grande vuln\u00e9rabilit\u00e9 dans l&rsquo;univers.<\/p>\n<p>Par quoi cette \u00e9ducation commencera-t-elle, pour qu\u2019elle puisse vous pr\u00e9parer \u00e0 un monde nouveau et \u00e0 la Grande Communaut\u00e9 de vie \u2013 deux \u00e9v\u00e8nements qui changeront le cours de l&rsquo;histoire humaine et affecteront la vie de chaque personne\u00a0?<\/p>\n<p>Les gouvernements ne le savent pas. Les chefs religieux ne le savent pas. Les experts ne le savent pas. Les universit\u00e9s ne peuvent pas pr\u00e9parer les gens.<\/p>\n<p>La R\u00e9v\u00e9lation doit venir du Cr\u00e9ateur de toute vie, et c&rsquo;est ce qui se passe en ce moment. Car vous vivez \u00e0 une \u00e9poque de R\u00e9v\u00e9lation, et le Messager est dans le monde. Tant qu&rsquo;il est dans le monde, vous avez une opportunit\u00e9 de recevoir et de vous pr\u00e9parer. Quand il sera parti, ce sera diff\u00e9rent. Ce sera plus difficile. En cela, il est la Lumi\u00e8re dans le monde.<\/p>\n<p>C\u2019est un homme humble, qui ne pr\u00e9tend rien d\u2019autre qu\u2019\u00eatre le Messager, car c\u2019est le r\u00f4le qui lui a \u00e9t\u00e9 attribu\u00e9. Il doit pr\u00e9parer l&rsquo;humanit\u00e9 \u00e0 un nouveau monde, gr\u00e2ce \u00e0 la R\u00e9v\u00e9lation. Il doit pr\u00e9parer l&rsquo;humanit\u00e9 \u00e0 la Grande Communaut\u00e9, gr\u00e2ce \u00e0 la R\u00e9v\u00e9lation. Il doit parler du grand changement qui arrive, et qui d\u00e9j\u00e0 affecte les gens o\u00f9 qu\u2019ils soient, gr\u00e2ce \u00e0 la R\u00e9v\u00e9lation.<\/p>\n<p>Dieu conduit l&rsquo;humanit\u00e9 dans une nouvelle direction. L&rsquo;humanit\u00e9 peut-elle s\u2019y mouvoir\u00a0? Les gens peuvent-ils r\u00e9pondre\u00a0? Pouvez-vous r\u00e9pondre\u00a0? Pouvez-vous accepter que vous viviez \u00e0 une \u00e9poque de R\u00e9v\u00e9lation et pouvez-vous consid\u00e9rer ce que cela signifie pour votre vie et le d\u00e9fi auquel cela vous confronte\u00a0?<\/p>\n<p>Les gens ne r\u00e9alisent pas \u00e0 quel point leur vie et leurs situations sont d\u00e9pendantes de l&rsquo;\u00e9tat du monde et du mouvement du monde. C\u2019est uniquement dans les pays les plus pauvres que cette grande r\u00e9alit\u00e9 est toujours pr\u00e9sente. Dans les pays riches, la richesse vous isole des grandes r\u00e9alit\u00e9s de la vie, dans une certaine mesure, pour un certain temps. Mais cette aisance diminuera, et les grandes r\u00e9alit\u00e9s vous rattraperont.<\/p>\n<p>La mani\u00e8re dont l&rsquo;humanit\u00e9 r\u00e9pond et se pr\u00e9pare va faire toute la diff\u00e9rence. Ce qui \u00e9claire les d\u00e9cisions des individus va faire toute la diff\u00e9rence. Selon qu\u2019ils \u00e9coutent la voix du pouvoir et de la pr\u00e9sence de la Connaissance que Dieu leur a donn\u00e9e pour les guider et les prot\u00e9ger, ou la voix de leur culture, de la peur, de la col\u00e8re ou de l\u2019ambition.<\/p>\n<p>Ces choix sont fondamentaux pour chacun, et ce que chaque individu d\u00e9cide d\u00e9terminera le sort et l&rsquo;avenir de l&rsquo;humanit\u00e9. Par cons\u00e9quent, la responsabilit\u00e9 incombe \u00e0 tout le monde, pas seulement aux dirigeants et aux institutions.<\/p>\n<p>C&rsquo;est pourquoi Dieu apporte le Nouveau Message aux peuples et non aux dirigeants des nations. Car les dirigeants ne sont pas libres. Ils sont li\u00e9s aux attentes des autres, de par leur fonction et de par le fait qu\u2019ils ont \u00e9t\u00e9 \u00e9lus. C&rsquo;est pourquoi la r\u00e9v\u00e9lation vient \u00e0 vous et aux peuples. Ce sont leurs d\u00e9cisions et leur d\u00e9termination qui feront toute la diff\u00e9rence.<\/p>\n<p>Les gens veulent beaucoup de choses. Ils ne veulent pas perdre ce qu&rsquo;ils ont. Ils sont pris dans l&rsquo;instant. Ils n&rsquo;ont pas la perspective qui leur permettrait de voir dans quelle direction va leur vie.<\/p>\n<p>La R\u00e9v\u00e9lation sera un grand choc et un grand d\u00e9fi pour chaque personne. Mais ce choc et ce d\u00e9fi sont le choc de la R\u00e9v\u00e9lation. Le d\u00e9fi, c\u2019est d\u2019\u00eatre confront\u00e9 \u00e0 la Volont\u00e9 du Cr\u00e9ateur. Le d\u00e9fi est de savoir si vous pouvez r\u00e9pondre, ainsi que la nature de votre r\u00e9ponse.<\/p>\n<p>Vous ne pouvez pas rester o\u00f9 vous \u00eates, car le monde a chang\u00e9, et il changera encore. Il est en mouvement. Vous devez vous mouvoir avec lui. C\u2019est cela, \u00eatre en harmonie avec la vie. C\u2019est cela, sortir de l&rsquo;isolement. C\u2019est cela, vous lib\u00e9rer de la distraction et de l&rsquo;obsession. C\u2019est cela, apprendre \u00e0 \u00e9couter, \u00e0 regarder et \u00e0 calmer votre mental, de sorte que vous puissiez voir. C\u2019est cela, abandonner vos griefs, afin que vous puissiez comprendre o\u00f9 vous en \u00eates. C\u2019est cela, faire les Pas vers la Connaissance, de sorte que la Pr\u00e9sence et le Pouvoir de Dieu puissent vous parler et parler \u00e0 travers vous.<\/p>\n<p>Voil\u00e0 la R\u00e9v\u00e9lation qui am\u00e8ne l&rsquo;humanit\u00e9 dans une nouvelle direction. Les gens sont-ils dispos\u00e9s \u00e0 avancer, ou vont-ils rester en arri\u00e8re, \u00e0 faire face aux Grandes Vagues de changement endormis sur la plage alors que les Grandes Vagues se forment\u00a0; \u00e0 vivre sur le littoral en pensant que tout va bien\u00a0; \u00e0 vivre dans l\u2019instant, incapables de r\u00e9pondre aux signes du monde\u00a0; \u00e0 vivre sur des hypoth\u00e8ses qui ne sont pas en accord avec les r\u00e9alit\u00e9s de la vie\u00a0?<\/p>\n<p>Qui peut r\u00e9pondre\u00a0? Qui regardera\u00a0? Qui \u00e9coutera\u00a0? Qui mettra de c\u00f4t\u00e9 ses id\u00e9es, ses croyances et ses pr\u00e9f\u00e9rences assez longtemps pour voir quelque chose, entendre quelque chose, savoir quelque chose\u00a0?<\/p>\n<p>C&rsquo;est ce que le Messager vous demandera de faire. C&rsquo;est ce qui est requis par la R\u00e9v\u00e9lation. C&rsquo;est ce qui est n\u00e9cessaire pour vivre dans un monde nouveau. C&rsquo;est ce qu\u2019exige l\u2019\u00e9mergence dans une Grande Communaut\u00e9 de vie.<\/p>\n<p>L&rsquo;humanit\u00e9 sera-t-elle stupide, maladroite, ignorante et incapable de r\u00e9pondre, sa grande intelligence n\u2019\u00e9tant ni reconnue ni utilis\u00e9e\u00a0? Telles sont les questions. Les r\u00e9ponses ne sont pas \u00e9videntes, car elles n&rsquo;ont pas encore vu le jour. Elles n&rsquo;ont pas encore \u00e9t\u00e9 confront\u00e9es au v\u00e9ritable test qui attend la famille humaine.<\/p>\n<p>Mais le Cr\u00e9ateur de toute vie aime le monde et aime l&rsquo;humanit\u00e9. C\u2019est pourquoi Il a envoy\u00e9 le pouvoir de la r\u00e9demption dans le monde \u2013 pour que chaque personne soit sauv\u00e9e et que son pouvoir et son int\u00e9grit\u00e9 soient restaur\u00e9s, afin de r\u00e9pondre aux grands d\u00e9fis de la vie qui \u00e9mergent \u00e0 pr\u00e9sent \u00e0 l&rsquo;horizon.<\/p>\n<p>Dieu conduit l&rsquo;humanit\u00e9 dans une nouvelle direction. Il est temps de se pr\u00e9parer, de recevoir et de soutenir la R\u00e9v\u00e9lation.<\/p>\n<p>Les gens se plaindront. Ils protesteront. Ils r\u00e9sisteront. Ils accuseront le Messager. Ils d\u00e9nonceront la R\u00e9v\u00e9lation. Etant incapables de r\u00e9pondre et r\u00e9ticents \u00e0 reconsid\u00e9rer leur vie et leurs id\u00e9es, ils r\u00e9sisteront.<\/p>\n<p>Cela se produit toujours \u00e0 une \u00e9poque de R\u00e9v\u00e9lation. Ceux qui ont le plus investi dans le pass\u00e9 r\u00e9sisteront au nouveau monde et \u00e0 tout ce qui y a trait. Ils ne peuvent pas voir. Ils ne sauront pas. Ils n&rsquo;ont pas le courage de reconsid\u00e9rer leur position. Ils n&rsquo;ont pas l&rsquo;humilit\u00e9 de faire face \u00e0 la R\u00e9v\u00e9lation.<\/p>\n<p>Que Dieu peut-il faire pour eux\u00a0? Ils ont tant demand\u00e9 au Cr\u00e9ateur, mais ils ne peuvent pas r\u00e9pondre \u00e0 la r\u00e9ponse du Cr\u00e9ateur. Que Dieu peut-il faire pour eux\u00a0?<\/p>\n<p>Soyez parmi les premiers \u00e0 r\u00e9pondre, afin que vos plus grands dons dans la vie puissent \u00eatre \u00e9tablis et qu\u2019ils \u00e9mergent au cours des jours et des ann\u00e9es de votre vie.<\/p>\n<p>C&rsquo;est le pouvoir de la R\u00e9v\u00e9lation \u2013 celui de lib\u00e9rer la sagesse et la Connaissance dont l&rsquo;humanit\u00e9 a d\u00e9sormais d\u00e9sesp\u00e9r\u00e9ment besoin, afin de se pr\u00e9parer \u00e0 un avenir qui sera diff\u00e9rent du pass\u00e9.<\/p>\n<p>Les b\u00e9n\u00e9dictions sont avec vous. Le pouvoir de la r\u00e9demption est en vous, en la Connaissance en vous. Mais qu\u2019est-ce qui peut raviver cette Connaissance et la mettre au premier plan\u00a0? Qu\u2019est-ce qui peut vous permettre de l&rsquo;approcher, de la comprendre et de la suivre avec succ\u00e8s\u00a0?<\/p>\n<p>Elle doit \u00eatre raviv\u00e9e par Dieu. La R\u00e9v\u00e9lation est l\u00e0 pour mettre en mouvement la plus grande r\u00e9demption des individus, en pr\u00e9paration pour le nouveau monde et pour la destin\u00e9e de l&rsquo;humanit\u00e9 dans l&rsquo;univers, dont vous devez encore prendre conscience et qui doit encore \u00eatre accomplie.<\/p>\n<p>Il est temps de r\u00e9pondre. Il est temps d&rsquo;\u00eatre vraiment honn\u00eate envers vous-m\u00eame, de ne pas fonder votre vie sur vos craintes ou sur vos pr\u00e9f\u00e9rences, mais sur une v\u00e9ritable reconnaissance issue de votre profondeur.<\/p>\n<p>Faire face \u00e0 la R\u00e9v\u00e9lation vous mettra au d\u00e9fi de r\u00e9pondre avec cette honn\u00eatet\u00e9 profonde. Faire face \u00e0 la R\u00e9v\u00e9lation vous mettra au d\u00e9fi \u00e0 cause de cette honn\u00eatet\u00e9 profonde. C\u2019est le plus grand d\u00e9fi de votre vie. C&rsquo;est le d\u00e9fi le plus important de votre vie. C&rsquo;est l\u2019\u00e9v\u00e8nement le plus important de votre vie.<\/p>\n<p>Dieu conduit l&rsquo;humanit\u00e9 dans une nouvelle direction<\/p>\n<p>&nbsp;<\/p>\n","protected":false},"excerpt":{"rendered":"<p>Dieu conduit l&rsquo;humanit\u00e9 dans une nouvelle direction, une direction dans laquelle elle n&rsquo;a pas eu \u00e0 se mouvoir auparavant. Car le monde a chang\u00e9, et l&rsquo;humanit\u00e9 fait \u00e0 pr\u00e9sent face \u00e0 une Grande Communaut\u00e9 de vie dans l&rsquo;univers \u2013 c\u2019est l\u00e0 un grand changement, un grand seuil dans la longue \u00e9volution de l&rsquo;humanit\u00e9, une\u00a0\u00e9poque de\u2026 <a class=\"read-more\" href=\"https:\/\/www.v6.newmessage.org\/fr\/about-recording-shortcode\"><span>Read More<\/span><\/a><\/p>\n","protected":false},"author":1,"featured_media":0,"parent":16290,"menu_order":1,"comment_status":"closed","ping_status":"closed","template":"template-leftsidebar.php","meta":{"_monsterinsights_skip_tracking":false,"_monsterinsights_sitenote_active":false,"_monsterinsights_sitenote_note":"","_monsterinsights_sitenote_category":0,"footnotes":""},"categories":[76,30,461,460],"tags":[211],"_links":{"self":[{"href":"https:\/\/www.v6.newmessage.org\/fr\/wp-json\/wp\/v2\/pages\/594"}],"collection":[{"href":"https:\/\/www.v6.newmessage.org\/fr\/wp-json\/wp\/v2\/pages"}],"about":[{"href":"https:\/\/www.v6.newmessage.org\/fr\/wp-json\/wp\/v2\/types\/page"}],"author":[{"embeddable":true,"href":"https:\/\/www.v6.newmessage.org\/fr\/wp-json\/wp\/v2\/users\/1"}],"replies":[{"embeddable":true,"href":"https:\/\/www.v6.newmessage.org\/fr\/wp-json\/wp\/v2\/comments?post=594"}],"version-history":[{"count":26,"href":"https:\/\/www.v6.newmessage.org\/fr\/wp-json\/wp\/v2\/pages\/594\/revisions"}],"predecessor-version":[{"id":28712,"href":"https:\/\/www.v6.newmessage.org\/fr\/wp-json\/wp\/v2\/pages\/594\/revisions\/28712"}],"up":[{"embeddable":true,"href":"https:\/\/www.v6.newmessage.org\/fr\/wp-json\/wp\/v2\/pages\/16290"}],"wp:attachment":[{"href":"https:\/\/www.v6.newmessage.org\/fr\/wp-json\/wp\/v2\/media?parent=594"}],"wp:term":[{"taxonomy":"category","embeddable":true,"href":"https:\/\/www.v6.newmessage.org\/fr\/wp-json\/wp\/v2\/categories?post=594"},{"taxonomy":"post_tag","embeddable":true,"href":"https:\/\/www.v6.newmessage.org\/fr\/wp-json\/wp\/v2\/tags?post=594"}],"curies":[{"name":"wp","href":"https:\/\/api.w.org\/{rel}","templated":true}]}}