{"id":29508,"date":"2024-03-11T20:42:51","date_gmt":"2024-03-11T20:42:51","guid":{"rendered":"https:\/\/www.v6.newmessage.org\/fr\/?page_id=29508"},"modified":"2024-03-11T20:44:28","modified_gmt":"2024-03-11T20:44:28","slug":"tgc-intro","status":"publish","type":"page","link":"https:\/\/www.v6.newmessage.org\/fr\/le-message\/volume-1\/la-grande-communaute\/tgc-intro","title":{"rendered":"La Grande Communaut\u00e9 \u2013 Introduction"},"content":{"rendered":"<p style=\"font-weight: 400;\"><em>La<\/em> <em>Grande Communaut\u00e9<\/em> est un livre de R\u00e9v\u00e9lation donn\u00e9 par le Cr\u00e9ateur de toute vie \u00e0 la famille humaine par l&rsquo;interm\u00e9diaire du Messager Marshall Vian Summers.<\/p>\n<p style=\"font-weight: 400;\">Dans ce livre de R\u00e9v\u00e9lation, Dieu ouvre les portes de l&rsquo;univers de la vie intelligente dans lequel notre monde a toujours exist\u00e9. Ici, Dieu r\u00e9v\u00e8le \u00e0 l&rsquo;humanit\u00e9 la \u00ab\u00a0Grande Communaut\u00e9\u00a0\u00bb des mondes au sein desquels nous vivons et, par l\u00e0 m\u00eame, il r\u00e9v\u00e8le notre destin qui est de sortir de notre isolement dans l&rsquo;univers en tant que race libre et autod\u00e9termin\u00e9e. Seul Dieu pouvait apporter une telle r\u00e9v\u00e9lation. Seul Dieu pouvait donner \u00e0 l&rsquo;humanit\u00e9 une image vraie et claire de la vie dans l&rsquo;univers, car Dieu est l&rsquo;Auteur de toute vie dans l&rsquo;univers.<\/p>\n<p style=\"font-weight: 400;\">Ce livre contient des r\u00e9v\u00e9lations jamais pr\u00e9sent\u00e9es \u00e0 l&rsquo;humanit\u00e9 auparavant \u00e0 propos de la vie dans l&rsquo;univers. Dieu nous y pr\u00e9pare aux r\u00e9alit\u00e9s, aux d\u00e9fis et aux opportunit\u00e9s que repr\u00e9sente l&rsquo;engagement avec la vie \u00e0 plus grande \u00e9chelle. Nous sont \u00e9galement pr\u00e9sent\u00e9s ici la prise de conscience et l&rsquo;\u00e9ducation dont nous aurons besoin afin de prot\u00e9ger notre libert\u00e9 et notre souverainet\u00e9, et afin de contribuer aux dons spirituels de notre monde au sein d&rsquo;une vaste communaut\u00e9 de vie dans l&rsquo;univers.<\/p>\n<p style=\"font-weight: 400;\">Seule une r\u00e9v\u00e9lation du Cr\u00e9ateur de toute vie pouvait vous apporter cela. Tout au long de l&rsquo;histoire de l&rsquo;humanit\u00e9, le Cr\u00e9ateur a apport\u00e9 des R\u00e9v\u00e9lations successives afin de r\u00e9pondre aux besoins croissants des peuples et des nations \u00e0 de grands tournants de l&rsquo;\u00e9volution de l&rsquo;humanit\u00e9. Par l&rsquo;interm\u00e9diaire des Proph\u00e8tes, des Messagers et des Enseignements r\u00e9v\u00e9l\u00e9s du pass\u00e9, les R\u00e9v\u00e9lations de Dieu sont entr\u00e9es dans le monde \u00e0 des moments pr\u00e9cis afin de faire progresser la conscience humaine et d\u2019\u00e9veiller l&rsquo;humanit\u00e9 aux besoins et aux possibilit\u00e9s de ces \u00e9poques ainsi que des temps \u00e0 venir.<\/p>\n<p style=\"font-weight: 400;\">Toutefois, aucune des pr\u00e9c\u00e9dentes R\u00e9v\u00e9lations de Dieu ne pouvait nous pr\u00e9parer \u00e0 la r\u00e9alit\u00e9 de la Grande Communaut\u00e9 ni r\u00e9v\u00e9ler le sens et la destin\u00e9e de la spiritualit\u00e9 humaine dans ce plus vaste contexte de vie. L&rsquo;humanit\u00e9 n&rsquo;avait tout simplement pas progress\u00e9 aussi loin jadis. Les tribus et les nations du monde ne s&rsquo;\u00e9taient pas encore d\u00e9velopp\u00e9es en tant que communaut\u00e9 internationale apte \u00e0 la conscience et \u00e0 la communication mondiale. Le monde avait \u00e9t\u00e9 visit\u00e9 \u00e0 petite \u00e9chelle dans un lointain pass\u00e9, mais rien de comparable \u00e0 l&rsquo;ampleur des contacts actuels. L&rsquo;humanit\u00e9 n&rsquo;\u00e9tait pas encore arriv\u00e9e au seuil de l&rsquo;\u00e9mergence d&rsquo;une Grande Communaut\u00e9 de vie dans l&rsquo;univers.<\/p>\n<p style=\"font-weight: 400;\">Aujourd&rsquo;hui, ce palier est atteint, et le processus de R\u00e9v\u00e9lation se poursuit \u00e0 nouveau \u00e0 travers un Nouveau Message de Dieu, dont <em>La Grande Communaut\u00e9<\/em> n&rsquo;est qu&rsquo;une petite partie. Les paroles de ce texte sont une communication directe de Dieu, traduite en langage humain par la Pr\u00e9sence Ang\u00e9lique qui veille sur ce monde, puis d\u00e9livr\u00e9e par le Messager Marshall Vian Summers, qui a donn\u00e9 plus de 30 ans de sa vie \u00e0 ce processus de R\u00e9v\u00e9lation.<\/p>\n<p style=\"font-weight: 400;\">Bien qu&rsquo;il se pr\u00e9sente sous la forme d\u2019un livre que l&rsquo;on tient dans la main, <em>La Grande Communaut\u00e9<\/em> est quelque chose de bien plus grand. Il s&rsquo;agit de la version originale d\u2019une R\u00e9v\u00e9lation de Dieu, donn\u00e9 afin de pr\u00e9parer chaque personne au prochain chapitre du d\u00e9veloppement et de l&rsquo;\u00e9volution de la famille humaine. Cette R\u00e9v\u00e9lation d\u00e9tient la cl\u00e9 de l&rsquo;avenir et du bien-\u00eatre de chaque personne sur Terre.<\/p>\n<p style=\"font-weight: 400;\"><em>La Grande Communaut\u00e9<\/em> est le quatri\u00e8me livre du Volume 1 du Nouveau Message de Dieu. <em>La Grande Communaut\u00e9<\/em> contient 11 r\u00e9v\u00e9lations individuelles, chacune donn\u00e9e \u00e0 des \u00e9poques et en des lieux diff\u00e9rents et compil\u00e9es dans ce texte par le Messager.<\/p>\n<p style=\"font-weight: 400;\"><em>La Grande Communaut\u00e9<\/em> pr\u00e9sente une vision \u00e9tendue de l&rsquo;univers dans lequel nous vivons. Dieu y r\u00e9v\u00e8le ce qui attend l&rsquo;humanit\u00e9 dans l&rsquo;univers en g\u00e9n\u00e9ral, le d\u00e9fi et la complexit\u00e9 des interactions entre les mondes, et les outils essentiels dont l&rsquo;humanit\u00e9 aura besoin pour mener son engagement avec les forces d\u2019au-del\u00e0 du monde. La famille humaine rompt alors son isolement mill\u00e9naire dans l&rsquo;univers et apprend \u00e0 interagir avec sagesse avec d&rsquo;autres formes de vie intelligente. Cette interaction \u00e9largira consid\u00e9rablement notre vision de nous-m\u00eames, de Dieu et de notre place dans l&rsquo;univers.<\/p>\n<p style=\"font-weight: 400;\">Notre monde est en train d&rsquo;\u00e9merger au sein d&rsquo;une grande communaut\u00e9 de vie intelligente. Le contact a commenc\u00e9 et notre isolement dans l&rsquo;univers touche maintenant \u00e0 sa fin. Cependant, il ne s&rsquo;agit pas d&rsquo;un contact de nature b\u00e9n\u00e9fique et bienveillante. Il s&rsquo;agit d&rsquo;une Intervention dans les affaires humaines qui menace de saper notre libert\u00e9 et notre survie en tant que race. Il s&rsquo;agit du plus grand \u00e9v\u00e9nement de l&rsquo;histoire de l&rsquo;humanit\u00e9. Il est en train de se produire maintenant, et pourtant nous n&rsquo;en sommes pas conscients et nous ne sommes pas pr\u00e9par\u00e9s.<\/p>\n<p style=\"font-weight: 400;\">Le contact a \u00e9t\u00e9 engag\u00e9 alors que nous nous dirigeons \u00e0 toute vitesse vers un avenir dangereux et incertain pour notre monde. L&rsquo;humanit\u00e9 outrepasse les ressources vitales de la Terre \u00e0 un rythme alarmant, modifiant le climat de la plan\u00e8te, d\u00e9gradant et d\u00e9truisant l&rsquo;environnement naturel comme jamais auparavant. Dans le m\u00eame temps, les conflits et les divisions politiques, sociales et religieuses s\u2019exacerbent, fracturant la famille humaine alors que nous devrions au contraire \u0153uvrer \u00e0 la recherche d&rsquo;une unit\u00e9 stable et fonctionnelle afin d\u2019assurer notre survie collective. Nous sommes fractur\u00e9s et divis\u00e9s, et cela nous rend vuln\u00e9rables aux influences ext\u00e9rieures et \u00e0 l\u2019intervention de l&rsquo;univers qui nous entoure.<\/p>\n<p style=\"font-weight: 400;\"><em>La Grande Communaut\u00e9<\/em> souligne que l&rsquo;humanit\u00e9 a atteint un seuil critique de son \u00e9volution, une \u00e9poque de convergence o\u00f9 la r\u00e9alit\u00e9 d&rsquo;un monde en mutation et la r\u00e9alit\u00e9 de l&rsquo;Intervention venue de l&rsquo;univers entrent en collision. Les r\u00e9v\u00e9lations contenues dans ce livre nous apprennent comment ces deux r\u00e9alit\u00e9s sont li\u00e9es, ce que cette \u00e9poque de convergence et de collision signifiera pour nous et de quelle fa\u00e7on nous pouvons nous pr\u00e9parer \u00e0 aborder ce nouvel avenir rempli de d\u00e9fis.<\/p>\n<p style=\"font-weight: 400;\">Nous nous trouvons aujourd&rsquo;hui \u00e0 une \u00e9tape d\u00e9cisive o\u00f9 nous devons faire un choix fondamental : Travaillons-nous ensemble \u00e0 la s\u00e9curit\u00e9 et la survie de la race humaine et sans doute \u00e0 l&rsquo;avenir de toute vie sur Terre et, ce faisant, nous pr\u00e9parons-nous \u00e0 la r\u00e9alit\u00e9 du contact ? Ou bien plongeons-nous plus profond\u00e9ment dans le chaos de la comp\u00e9tition, de la division et de la guerre, rendant notre monde encore plus vuln\u00e9rable \u00e0 l\u2019Intervention venue d\u2019au-del\u00e0 du monde, obscurcissant et niant la flagrante v\u00e9rit\u00e9 que nous sommes une humanit\u00e9 unie avec un destin unique dans l&rsquo;univers ? Ce choix ne concerne pas seulement les dirigeants et les gouvernements, mais chaque personne sur Terre. Ce choix ne d\u00e9terminera pas seulement notre survie dans le monde, mais aussi au sein de la Grande Communaut\u00e9 des mondes.<\/p>\n<p style=\"font-weight: 400;\"><em>La Grande Communaut\u00e9<\/em> r\u00e9v\u00e8le que des forces extraterrestres venues d\u2019au-del\u00e0 du monde op\u00e8rent parmi nous depuis de nombreuses ann\u00e9es. Ces forces ne repr\u00e9sentent pas une visite amicale, mais plut\u00f4t une dangereuse Intervention dont l&rsquo;objectif est d\u2019avoir acc\u00e8s \u00e0 la Terre et \u00e0 ses ressources. Cette Intervention cherche \u00e0 tirer profit des vuln\u00e9rabilit\u00e9s de la famille humaine, en sapant la confiance fragile que nous avons les uns envers les autres, en rabaissant notre foi envers les dirigeants humains et en exacerbant les divisions et les conflits chroniques entre les nations et les religions. \u00c0 une \u00e9poque de grands changements internes dans le monde, cette Intervention repr\u00e9sente la plus grande menace pour la libert\u00e9 et la souverainet\u00e9 humaines \u00e0 laquelle nous ayons jamais \u00e9t\u00e9 confront\u00e9s.<\/p>\n<p style=\"font-weight: 400;\">L&rsquo;arriv\u00e9e de forces dangereuses venues d&rsquo;au-del\u00e0 de notre monde signale que notre destin\u00e9e \u00e0 \u00e9merger dans une grande communaut\u00e9 de mondes est amorc\u00e9e. Notre isolement dans l&rsquo;univers est termin\u00e9. Tout comme les indig\u00e8nes du Nouveau Monde il y a des si\u00e8cles, d\u00e9couverts par des puissances coloniales avides de richesses, de ressources et d&rsquo;avantages, nous avons \u00e9t\u00e9 d\u00e9couverts. D\u00e9sormais, nous sommes tous les indig\u00e8nes du \u00ab\u00a0nouveau monde\u00a0\u00bb et nous avons affaire \u00e0 des forces d&rsquo;intervention venues d&rsquo;au-del\u00e0 de notre monde. Nous ne sommes pas pr\u00e9par\u00e9s. Et pourtant, la pr\u00e9paration a \u00e9t\u00e9 donn\u00e9e, et ce gr\u00e2ce au pouvoir de la R\u00e9v\u00e9lation du Cr\u00e9ateur de toute vie.<\/p>\n<p style=\"font-weight: 400;\">Bien que difficile, cela repr\u00e9sente la plus grande opportunit\u00e9 pour l&rsquo;humanit\u00e9 de d\u00e9passer ses tendances destructives et primitives et d&rsquo;\u00e9tablir enfin un niveau de coop\u00e9ration, de stabilit\u00e9 et de s\u00e9curit\u00e9 jamais atteint auparavant. Les r\u00e9v\u00e9lations contenues dans <em>La Grande Communaut\u00e9<\/em> enseignent que c&rsquo;est la convergence des Grandes Vagues de changements environnementaux, sociaux et politiques dans notre monde, parall\u00e8lement \u00e0 l&rsquo;\u00e9mergence de l&rsquo;humanit\u00e9 dans la Grande Communaut\u00e9, qui cr\u00e9ent la plus puissante opportunit\u00e9 d&rsquo;unir la famille humaine &#8211; la plus puissante opportunit\u00e9 qui nous sera jamais donn\u00e9e pour mettre un terme \u00e0 la guerre et \u00e0 la destruction de notre environnement naturel. Cela ne sera pas r\u00e9alis\u00e9 au travers d\u2019un id\u00e9alisme \u00e9lev\u00e9, mais par pure n\u00e9cessit\u00e9, car c&rsquo;est une exigence \u00e0 la libert\u00e9 et \u00e0 la survie dans la Grande Communaut\u00e9.<\/p>\n<p style=\"font-weight: 400;\">Confront\u00e9s \u00e0 un univers non humain et \u00e0 l&rsquo;Intervention qui se d\u00e9roule dans notre monde, nous pouvons reconna\u00eetre que nos diff\u00e9rences en tant qu&rsquo;humains sont minimes. Nous pouvons d\u00e9passer les clivages politiques, religieux et ethniques qui nous ont divis\u00e9s dans le pass\u00e9 afin de prot\u00e9ger notre avenir et notre libert\u00e9 en tant que famille humaine, aujourd&rsquo;hui menac\u00e9s de l&rsquo;ext\u00e9rieur. Enfin, les groupes et factions disparates de la famille humaine peuvent s&rsquo;asseoir \u00e0 la m\u00eame table, reconnaissant la n\u00e9cessit\u00e9 de g\u00e9rer la Terre, son environnement et ses ressources, et de faire de cette Terre notre unique foyer au sein d&rsquo;une Grande Communaut\u00e9 de mondes. Tout cela devient un d\u00e9sir et une direction naturels une fois que nous adoptons une conscience de la Grande Communaut\u00e9, une conscience qui tient compte de la vie au-del\u00e0 de notre monde. Il ne faut pas sous-estimer le pouvoir de cette plus grande conscience pour r\u00e9soudre les probl\u00e8mes de notre monde actuel.<\/p>\n<p style=\"font-weight: 400;\"><em>La Grande Communaut\u00e9<\/em> pr\u00e9sente la r\u00e9alit\u00e9 de la Connaissance, l&rsquo;intelligence spirituelle qui vit \u00e0 l&rsquo;int\u00e9rieur de chaque personne. Cette Connaissance est inn\u00e9e en nous et, une fois d\u00e9velopp\u00e9e et mise en \u0153uvre, elle se manifestera naturellement \u00e0 travers nous afin de r\u00e9pondre aux probl\u00e8mes croissants de notre monde. C&rsquo;est la Connaissance qui nous permettra de discerner correctement l&rsquo;Intervention \u00e9trang\u00e8re dans notre monde, tout comme ses intentions et ses activit\u00e9s. La Connaissance est la source de notre capacit\u00e9 inn\u00e9e \u00e0 voir et \u00e0 conna\u00eetre la v\u00e9rit\u00e9 au-del\u00e0 de toute force de tromperie ou de manipulation. Il s&rsquo;agit d&rsquo;une force essentielle que l&rsquo;humanit\u00e9 doit d\u00e9velopper si elle veut s&rsquo;engager en toute s\u00e9curit\u00e9 et avec sagesse avec les puissantes forces d\u2019au-del\u00e0 du monde.<\/p>\n<p style=\"font-weight: 400;\">En plus de la r\u00e9v\u00e9lation sur la Connaissance, <em>La Grande Communaut\u00e9<\/em> pr\u00e9sente la sagesse de la Grande Communaut\u00e9 elle-m\u00eame. Ici, Dieu fait le lien entre l&rsquo;humanit\u00e9 et les races qui ont travers\u00e9 les d\u00e9fis \u00e9volutifs que nous traversons actuellement afin de cultiver et d\u2019exprimer une plus grande conscience et une plus grande capacit\u00e9 spirituelle dans leurs mondes. Ces races ont le potentiel de devenir les Alli\u00e9s de l&rsquo;Humanit\u00e9 et ont \u00e9t\u00e9 appel\u00e9es par Dieu afin de fournir une \u00e9ducation et une perspective en vue de pr\u00e9parer notre jeune race \u00e9mergente. Pour la premi\u00e8re fois dans l&rsquo;histoire, une Nouvelle R\u00e9v\u00e9lation de Dieu s&rsquo;accompagne d&rsquo;un don de sagesse et de relation de la part de ceux qui, dans l&rsquo;univers, sont alli\u00e9s \u00e0 l&rsquo;\u0153uvre de Dieu dans la Grande Communaut\u00e9 et soutiennent l&rsquo;\u00e9mergence de l&rsquo;humanit\u00e9 en tant que race libre et autod\u00e9termin\u00e9e. A travers la compr\u00e9hension de la sagesse des Alli\u00e9s de l&rsquo;Humanit\u00e9 (pour en savoir plus, consultez le site www.alliesofhumanity.org), nous prenons conscience de notre inclusion inn\u00e9e dans une plus vaste communaut\u00e9 de vie ainsi que du grand processus de d\u00e9veloppement et d&rsquo;\u00e9volution spirituelle que notre monde est appel\u00e9 \u00e0 entreprendre.<\/p>\n<p style=\"font-weight: 400;\">Si <em>La Grande Communaut\u00e9<\/em> parle des Alli\u00e9s de l&rsquo;Humanit\u00e9, elle nous avertit \u00e9galement d&rsquo;une Intervention dans notre monde : l&rsquo;arriv\u00e9e de races dangereuses et pr\u00e9datrices issues de la Grande Communaut\u00e9, des forces commerciales qui cherchent \u00e0 acc\u00e9der \u00e0 notre monde, \u00e0 ses ressources et \u00e0 ses habitants. Dieu lance ici un avertissement \u00e0 l&rsquo;humanit\u00e9. Cette rencontre a le pouvoir de saper la civilisation humaine et de d\u00e9truire la libert\u00e9 humaine. Cependant, cette menace pr\u00e9sente \u00e9galement la n\u00e9cessit\u00e9 pour l\u2019humanit\u00e9 de s\u2019unir et de cesser ses conflits. L\u00e0 r\u00e9side la force de l\u2019arriv\u00e9e de la Grande Communaut\u00e9. C&rsquo;est pour cette raison que Dieu a parl\u00e9 \u00e0 nouveau dans le but d\u2019apporter une R\u00e9v\u00e9lation d&rsquo;avertissement, de b\u00e9n\u00e9diction et de pr\u00e9paration pour notre monde.<\/p>\n<p style=\"font-weight: 400;\">Le contact avec la vie intelligente dans l&rsquo;univers est un \u00e9v\u00e9nement mondial sans pr\u00e9c\u00e9dent. Il repr\u00e9sente la prochaine grande \u00e9tape du d\u00e9veloppement et de l&rsquo;\u00e9volution de la famille humaine. Rien ne peut l&rsquo;arr\u00eater. C\u2019est in\u00e9vitable. C\u2019est en train de se passer aujourd\u2019hui. Nous devons choisir soit d&rsquo;entreprendre la pr\u00e9paration et l&rsquo;\u00e9ducation \u00e0 la Grande Communaut\u00e9 et, ce faisant, d&rsquo;assurer la libert\u00e9 et la souverainet\u00e9 de notre monde, soit de continuer \u00e0 nous battre et \u00e0 lutter les uns contre les autres, demeurant aveugles \u00e0 notre avenir commun et \u00e0 l&rsquo;Intervention qui est actuellement pr\u00e9sente dans le monde. Cela repose sur la d\u00e9cision de chacun : la d\u00e9cision consistant \u00e0 \u00eatre conscient ou \u00e0 ne pas l\u2019\u00eatre, la d\u00e9cision consistant \u00e0 se pr\u00e9parer ou celle d&rsquo;\u00eatre aveugle \u00e0 un avenir qui arrive sur nous \u00e0 grande vitesse.<\/p>\n<p style=\"font-weight: 400;\">Il est remarquable que vous soyez dans le monde en ce moment. Vous venez vous instruire sur l&rsquo;\u00e9mergence de l&rsquo;humanit\u00e9 dans la Grande Communaut\u00e9 et vous avez trouv\u00e9 ce livre, un livre de R\u00e9v\u00e9lation du Cr\u00e9ateur de toute vie. Il ne s\u2019agit pas d\u2019une co\u00efncidence. Nous avons tous \u00e9t\u00e9 envoy\u00e9s dans le monde \u00e0 cette \u00e9poque afin de r\u00e9pondre aux besoins de notre \u00e9poque et \u00e0 ceux d&rsquo;un monde en transition. En effet, certaines personnes dans le monde aujourd&rsquo;hui ont un lien avec la Grande Communaut\u00e9 et ont une lign\u00e9e qui s&rsquo;\u00e9tend au-del\u00e0 de cette seule vie.<\/p>\n<p style=\"font-weight: 400;\">Les r\u00e9v\u00e9lations de <em>La Grande Communaut\u00e9<\/em> ont \u00e9t\u00e9 donn\u00e9es afin d\u2019activer cette conscience en vous, de faire appel \u00e0 la Connaissance plus profonde que vous portez, et de vous fournir l&rsquo;\u00e9ducation et la pr\u00e9paration dont vous aurez besoin pour contribuer \u00e0 un monde \u00e9mergent. Avec le temps, cela apportera une v\u00e9ritable clart\u00e9, une certitude int\u00e9rieure et une direction \u00e0 votre vie, car maintenant vous vous engagez avec le grand mouvement du monde lui-m\u00eame.<\/p>\n<p style=\"font-weight: 400;\">Vous pouvez maintenant mieux comprendre le v\u00e9ritable contexte de votre vie ainsi que l&rsquo;appel myst\u00e9rieux voire inexplicable qui vous a amen\u00e9 jusqu&rsquo;ici. Cette compr\u00e9hension fera naturellement appel aux dons que vous portez, aux dons que vous avez apport\u00e9s avec vous depuis votre Ancienne Demeure pour servir le monde \u00e0 cette \u00e9poque.<\/p>\n<p style=\"font-weight: 400;\">La porte de la Grande Communaut\u00e9 est maintenant en train de s\u2019ouvrir. Jamais auparavant cette porte ne s&rsquo;\u00e9tait ouverte \u00e0 la famille humaine. Il est maintenant temps de franchir ce seuil et de se pr\u00e9parer \u00e0 une vie plus vaste dans un plus vaste univers de mondes.<\/p>\n<p style=\"font-weight: 400;\"><em>The Society for the New Message<\/em><\/p>\n<p style=\"font-weight: 400;\">\n","protected":false},"excerpt":{"rendered":"<p>La Grande Communaut\u00e9 est un livre de R\u00e9v\u00e9lation donn\u00e9 par le Cr\u00e9ateur de toute vie \u00e0 la famille humaine par l&rsquo;interm\u00e9diaire du Messager Marshall Vian Summers. Dans ce livre de R\u00e9v\u00e9lation, Dieu ouvre les portes de l&rsquo;univers de la vie intelligente dans lequel notre monde a toujours exist\u00e9. Ici, Dieu r\u00e9v\u00e8le \u00e0 l&rsquo;humanit\u00e9 la \u00ab\u00a0Grande\u2026 <a class=\"read-more\" href=\"https:\/\/www.v6.newmessage.org\/fr\/le-message\/volume-1\/la-grande-communaute\/tgc-intro\"><span>Read More<\/span><\/a><\/p>\n","protected":false},"author":22,"featured_media":0,"parent":16486,"menu_order":0,"comment_status":"closed","ping_status":"closed","template":"template-leftsidebar.php","meta":{"_monsterinsights_skip_tracking":false,"_monsterinsights_sitenote_active":false,"_monsterinsights_sitenote_note":"","_monsterinsights_sitenote_category":0,"footnotes":""},"categories":[44,76],"tags":[850],"_links":{"self":[{"href":"https:\/\/www.v6.newmessage.org\/fr\/wp-json\/wp\/v2\/pages\/29508"}],"collection":[{"href":"https:\/\/www.v6.newmessage.org\/fr\/wp-json\/wp\/v2\/pages"}],"about":[{"href":"https:\/\/www.v6.newmessage.org\/fr\/wp-json\/wp\/v2\/types\/page"}],"author":[{"embeddable":true,"href":"https:\/\/www.v6.newmessage.org\/fr\/wp-json\/wp\/v2\/users\/22"}],"replies":[{"embeddable":true,"href":"https:\/\/www.v6.newmessage.org\/fr\/wp-json\/wp\/v2\/comments?post=29508"}],"version-history":[{"count":2,"href":"https:\/\/www.v6.newmessage.org\/fr\/wp-json\/wp\/v2\/pages\/29508\/revisions"}],"predecessor-version":[{"id":29510,"href":"https:\/\/www.v6.newmessage.org\/fr\/wp-json\/wp\/v2\/pages\/29508\/revisions\/29510"}],"up":[{"embeddable":true,"href":"https:\/\/www.v6.newmessage.org\/fr\/wp-json\/wp\/v2\/pages\/16486"}],"wp:attachment":[{"href":"https:\/\/www.v6.newmessage.org\/fr\/wp-json\/wp\/v2\/media?parent=29508"}],"wp:term":[{"taxonomy":"category","embeddable":true,"href":"https:\/\/www.v6.newmessage.org\/fr\/wp-json\/wp\/v2\/categories?post=29508"},{"taxonomy":"post_tag","embeddable":true,"href":"https:\/\/www.v6.newmessage.org\/fr\/wp-json\/wp\/v2\/tags?post=29508"}],"curies":[{"name":"wp","href":"https:\/\/api.w.org\/{rel}","templated":true}]}}