{"id":29422,"date":"2020-10-22T19:37:30","date_gmt":"2020-10-22T19:37:30","guid":{"rendered":"https:\/\/www.newmessage.org\/fr\/?page_id=29422"},"modified":"2020-11-04T17:26:37","modified_gmt":"2020-11-04T17:26:37","slug":"le-sommet-de-la-communaute-mondiale-du-nouveau-message-2020","status":"publish","type":"page","link":"https:\/\/www.v6.newmessage.org\/fr\/worldwide-community\/le-sommet-de-la-communaute-mondiale-du-nouveau-message-2020","title":{"rendered":"Le Sommet de la Communaut\u00e9 Mondiale du Nouveau Message 2020"},"content":{"rendered":"<p><img loading=\"lazy\" decoding=\"async\" class=\"imgborder alignnone wp-image-29423 size-full\" src=\"https:\/\/www.newmessage.org\/fr\/wp-content\/uploads\/sites\/38\/2020\/10\/Summit-banner-French.jpg\" alt=\"\" width=\"1176\" height=\"480\" srcset=\"https:\/\/www.v6.newmessage.org\/fr\/wp-content\/uploads\/sites\/38\/2020\/10\/Summit-banner-French.jpg 1176w, https:\/\/www.v6.newmessage.org\/fr\/wp-content\/uploads\/sites\/38\/2020\/10\/Summit-banner-French-300x122.jpg 300w, https:\/\/www.v6.newmessage.org\/fr\/wp-content\/uploads\/sites\/38\/2020\/10\/Summit-banner-French-768x313.jpg 768w, https:\/\/www.v6.newmessage.org\/fr\/wp-content\/uploads\/sites\/38\/2020\/10\/Summit-banner-French-600x245.jpg 600w, https:\/\/www.v6.newmessage.org\/fr\/wp-content\/uploads\/sites\/38\/2020\/10\/Summit-banner-French-500x204.jpg 500w\" sizes=\"(max-width: 1176px) 100vw, 1176px\" \/><\/p>\n<h2 style=\"text-align: center;\"><span style=\"font-weight: 400;\">Bienvenue au Sommet de la Communaut\u00e9 Mondiale du Nouveau Message<\/span><span style=\"font-weight: 400;\">!<\/span><\/h2>\n<p>Le Sommet est un rassemblement en ligne s&rsquo;\u00e9talant sur une p\u00e9riode de trois semaines et ouvert \u00e0 tous ceux qui lisent et \u00e9tudient le Nouveau Message de Dieu. Le Sommet sera centr\u00e9 sur le dernier livre du Nouveau Message, <a href=\"https:\/\/www.nouveaumessagededieu.org\/le-message\/volume-2\/la-communaute-mondiale-du-nouveau-message-de-dieu\"><strong><em>La Communaut\u00e9 Mondiale du Nouveau Message de Dieu<\/em><\/strong><\/a>, et sera un temps privil\u00e9gi\u00e9 avec le Messager, sa famille, <a href=\"http:\/\/www.nouveaumessagededieu.org\/worldwide-community\/society#whatissociety\">la Society<\/a> et les \u00e9tudiants du Nouveau Message du monde entier.<\/p>\n<h2 style=\"text-align: center;\"><strong>Deux options :<\/strong><\/h2>\n<ul>\n<li style=\"font-weight: 400;\"><span style=\"font-weight: 400;\">Si vous pouvez suivre le Sommet en anglais, nous vous recommandons de <a href=\"https:\/\/www.community.newmessage.org\/\">vous inscrire au Community Site<\/a> d&rsquo;abord (c&rsquo;est gratuit !), si vous n&rsquo;y \u00eates pas d\u00e9j\u00e0 inscrit(e), et ensuite de vous inscrire \u00e0 l&rsquo;\u00e9v\u00e9nement en lui-m\u00eame \u00e0 partir de <a href=\"https:\/\/www.community.newmessage.org\/the-summit\">la page du Sommet sur le Community Site<\/a>. Vous aurez ainsi acc\u00e8s \u00e0 la fois aux sessions en anglais et en fran\u00e7ais.<\/span><\/li>\n<\/ul>\n<ul>\n<li style=\"font-weight: 400;\"><span style=\"font-weight: 400;\">Si vous pr\u00e9f\u00e9rez ne participer qu&rsquo;aux sessions en fran\u00e7ais, vous pouvez vous inscrire directement ici sur cette page en utilisant le formulaire ci-dessous. Vous serez tenu(e) au courant des d\u00e9tails au fur et \u00e0 mesure par email.\u00a0<\/span><\/li>\n<\/ul>\n<p>&nbsp;<\/p>\n<p style=\"text-align: center;\"><b><i>Le Sommet est enti\u00e8rement gratuit quelle que soit l&rsquo;option que vous choisissez.<\/i><\/b><\/p>\n<p>&nbsp;<\/p>\n<h1 style=\"text-align: center;\"><span style=\"font-weight: 400;\">Inscrivez-vous ici pour le Sommet \u2014 sessions en fran\u00e7ais<\/span><\/h1>\n<p>&nbsp;<\/p>\n<div class=\"panel-40 background-color-bridesmaid border-dotted-harvest-gold border-rounded-12\"><iframe loading=\"lazy\" width=\"100%\" height=\"1450\" frameborder=\"1\" scrolling=\"auto\" marginheight=\"0\" marginwidth=\"0\" src=\"https:\/\/docs.google.com\/forms\/d\/e\/1FAIpQLSf2mzn-x5lR7gs16H_a6Lmfk40h_MbCX8L0EtN0Vg4QMkN00w\/viewform?embedded=true\">Chargement\u2026<\/iframe><\/div>\n<p>&nbsp;<\/p>\n<h1 style=\"text-align: center;\"><span style=\"font-weight: 400;\">Agenda<\/span><\/h1>\n<p><em>Le th\u00e8me et le contenu de ces sessions en fran\u00e7ais reprendra les grandes lignes des sessions en anglais anim\u00e9es par Marshall, Patricia et Reed Summers.<\/em><\/p>\n<p><span style=\"font-weight: 400;\"><strong>Session 1 \u2014 Qu&rsquo;est-ce que la Communaut\u00e9 Mondiale ?<\/strong> | Dimanche 1er novembre \u2014 14:00 (heure de Paris)<\/span><\/p>\n<p><span style=\"font-weight: 400;\"><strong>Session 2 \u2014 Le but et la direction de la Communaut\u00e9 Mondiale<\/strong> | Dimanche 8 novembre \u2014 14:00 (heure de Paris)<\/span><\/p>\n<p><span style=\"font-weight: 400;\"><strong>Session 3 \u2014 Comment y parvenir ?<\/strong> | Dimanche 15 novembre\u00a0\u2014 14:00 (heure de Paris)<\/span><\/p>\n<p><span style=\"font-weight: 400;\"><strong>Session 4 \u2014 Notre travail ensemble<\/strong> | Dimanche 22 novembre \u2014 14:00 (heure de Paris)<\/span><\/p>\n<p><span style=\"font-weight: 400;\"><strong>Session 5 \u2014 Le chemin continue &#8211; conclusion\u00a0<\/strong>| Dimanche 22 novembre \u2014 \u00e0 la suite de la session 4 (heure de Paris)<\/span><\/p>\n<h2><\/h2>\n<h2><span style=\"font-weight: 400;\">\u00c0 propos de Zoom | Participer \u00e0 l&rsquo;\u00e9v\u00e9nement ligne<\/span><\/h2>\n<p><span style=\"font-weight: 400;\">Les r\u00e9unions du Sommet se feront par Zoom, un outil de vid\u00e9o conf\u00e9rence que vous pouvez t\u00e9l\u00e9charger sur votre ordinateur ou utiliser sur votre smartphone ou tablette en utilisant l&rsquo;application d\u00e9di\u00e9e. Zoom permet :<\/span><\/p>\n<ul>\n<li style=\"font-weight: 400;\"><span style=\"font-weight: 400;\">des conf\u00e9rences en direct avec interactions audio et vid\u00e9o ;<\/span><\/li>\n<li style=\"font-weight: 400;\"><span style=\"font-weight: 400;\">des \u00e9changes en direct avec la Society et les autres \u00e9tudiants du Nouveau Message ;<\/span><\/li>\n<\/ul>\n<p><span style=\"font-weight: 400;\">Si vous utilisez Zoom pour la premi\u00e8re fois \u00a0ou que vous voulez mieux conna\u00eetre les fonctionnalit\u00e9s de ce programme, nous vous recommandons ces quelques vid\u00e9os courtes et instructives :\u00a0<\/span><\/p>\n<p><b>1)<\/b>\u00a0<a href=\"https:\/\/www.youtube.com\/watch?v=HQ6tRjJb0lw\">Comment se joindre \u00e0 une conf\u00e9rence Zoom<\/a><span style=\"font-weight: 400;\"> (2 min.)<\/span><\/p>\n<p><b>2)<\/b>\u00a0<a href=\"https:\/\/www.youtube.com\/watch?v=2OqRrstBiO4\">Les commandes de base<\/a> <span style=\"font-weight: 400;\">(10 min.)<\/span><\/p>\n<p><b>3) <\/b><a href=\"https:\/\/www.youtube.com\/watch?v=8-VhGUHHXGI\">Comment mettre \u00e0 jour Zoom<\/a><span style=\"font-weight: 400;\"> (2 min.)<\/span><\/p>\n<p>&nbsp;<\/p>\n","protected":false},"excerpt":{"rendered":"<p>Bienvenue au Sommet de la Communaut\u00e9 Mondiale du Nouveau Message! Le Sommet est un rassemblement en ligne s&rsquo;\u00e9talant sur une p\u00e9riode de trois semaines et ouvert \u00e0 tous ceux qui lisent et \u00e9tudient le Nouveau Message de Dieu. Le Sommet sera centr\u00e9 sur le dernier livre du Nouveau Message, La Communaut\u00e9 Mondiale du Nouveau Message\u2026 <a class=\"read-more\" href=\"https:\/\/www.v6.newmessage.org\/fr\/worldwide-community\/le-sommet-de-la-communaute-mondiale-du-nouveau-message-2020\"><span>Read More<\/span><\/a><\/p>\n","protected":false},"author":22,"featured_media":0,"parent":12743,"menu_order":0,"comment_status":"closed","ping_status":"closed","template":"template-leftsidebar.php","meta":{"_monsterinsights_skip_tracking":false,"_monsterinsights_sitenote_active":false,"_monsterinsights_sitenote_note":"","_monsterinsights_sitenote_category":0,"footnotes":""},"categories":[],"tags":[844],"_links":{"self":[{"href":"https:\/\/www.v6.newmessage.org\/fr\/wp-json\/wp\/v2\/pages\/29422"}],"collection":[{"href":"https:\/\/www.v6.newmessage.org\/fr\/wp-json\/wp\/v2\/pages"}],"about":[{"href":"https:\/\/www.v6.newmessage.org\/fr\/wp-json\/wp\/v2\/types\/page"}],"author":[{"embeddable":true,"href":"https:\/\/www.v6.newmessage.org\/fr\/wp-json\/wp\/v2\/users\/22"}],"replies":[{"embeddable":true,"href":"https:\/\/www.v6.newmessage.org\/fr\/wp-json\/wp\/v2\/comments?post=29422"}],"version-history":[{"count":16,"href":"https:\/\/www.v6.newmessage.org\/fr\/wp-json\/wp\/v2\/pages\/29422\/revisions"}],"predecessor-version":[{"id":29446,"href":"https:\/\/www.v6.newmessage.org\/fr\/wp-json\/wp\/v2\/pages\/29422\/revisions\/29446"}],"up":[{"embeddable":true,"href":"https:\/\/www.v6.newmessage.org\/fr\/wp-json\/wp\/v2\/pages\/12743"}],"wp:attachment":[{"href":"https:\/\/www.v6.newmessage.org\/fr\/wp-json\/wp\/v2\/media?parent=29422"}],"wp:term":[{"taxonomy":"category","embeddable":true,"href":"https:\/\/www.v6.newmessage.org\/fr\/wp-json\/wp\/v2\/categories?post=29422"},{"taxonomy":"post_tag","embeddable":true,"href":"https:\/\/www.v6.newmessage.org\/fr\/wp-json\/wp\/v2\/tags?post=29422"}],"curies":[{"name":"wp","href":"https:\/\/api.w.org\/{rel}","templated":true}]}}