{"id":29398,"date":"2020-07-13T10:29:02","date_gmt":"2020-07-13T10:29:02","guid":{"rendered":"https:\/\/www.newmessage.org\/fr\/?page_id=29398"},"modified":"2021-03-03T21:34:54","modified_gmt":"2021-03-03T21:34:54","slug":"the-community-site","status":"publish","type":"page","link":"https:\/\/www.v6.newmessage.org\/fr\/the-community-site","title":{"rendered":"The Community Site"},"content":{"rendered":"<p><a href=\"https:\/\/www.community.newmessage.org\/\"><img loading=\"lazy\" decoding=\"async\" class=\"imgborder aligncenter wp-image-29399 size-full\" src=\"https:\/\/www.newmessage.org\/fr\/wp-content\/uploads\/sites\/38\/2020\/07\/CS-logo.png\" alt=\"\" width=\"504\" height=\"127\" srcset=\"https:\/\/www.v6.newmessage.org\/fr\/wp-content\/uploads\/sites\/38\/2020\/07\/CS-logo.png 504w, https:\/\/www.v6.newmessage.org\/fr\/wp-content\/uploads\/sites\/38\/2020\/07\/CS-logo-300x76.png 300w, https:\/\/www.v6.newmessage.org\/fr\/wp-content\/uploads\/sites\/38\/2020\/07\/CS-logo-500x126.png 500w\" sizes=\"(max-width: 504px) 100vw, 504px\" \/><\/a><\/p>\n<p>Le Community Site est un foyer global pour les \u00e9tudiants du Nouveau Message du monde entier. H\u00e9berg\u00e9 par la Society for the New Message, ce site offre un lieu o\u00f9 vous pouvez \u00e9changer avec d&rsquo;autres personnes qui sont touch\u00e9es par le Nouveau Message, les Expos\u00e9s des Alli\u00e9s de l&rsquo;Humanit\u00e9 et les enseignements de Marshall Vian Summers, et \u00e9tablir des relations importantes au service d&rsquo;un monde dans le besoin.<\/p>\n<p>Ce site web a \u00e9t\u00e9 cr\u00e9\u00e9 comme un lieu unique et polyvalent permettant aux \u00e9tudiants du Nouveau Message et \u00e0 d&rsquo;autres personnes int\u00e9ress\u00e9es d&rsquo;interagir avec les enseignements du Nouveau Message, le Messager Marshall Vian Summers, la Society for the New Message et d&rsquo;autres \u00e9tudiants du monde entier.<\/p>\n<p>Le site web est \u00e9galement l&rsquo;endroit o\u00f9 le Messager et la Society peuvent communiquer directement avec vous et les autres pour ce qui concerne le Nouveau Message, sa mission, ses enseignements, sa sagesse et son mouvement dans le monde. Et c&rsquo;est aussi l&rsquo;endroit o\u00f9 vous pouvez communiquer directement avec nous et les autres \u00e9tudiants du Nouveau Message.<\/p>\n<p>Cela inclut la possiblit\u00e9 d\u00a0\u00bb\u00e9couter le Messager en direct, tout comme Patricia et Reed Summers et d&rsquo;autres membres de la Society. Chaque \u00e9tudiant faisant partie de la cha\u00eene de diffusion des nouvelles et des \u00e9v\u00e9nements importants au fur et \u00e0 mesure qu&rsquo;ils se produisent dans le cadre de la mission du Nouveau Message : les nouvelles R\u00e9v\u00e9lations re\u00e7ues par le Messager, les r\u00e9cits qui accompagnent ce processus de R\u00e9v\u00e9lation et qui sont partag\u00e9s, les vid\u00e9os et les informations qui sont diffus\u00e9es pour \u00e9tendre davantage la pr\u00e9sence et la force du Nouveau Message dans nos vies et dans le monde. C\u2019est aussi en interagissant les uns avec les autres que l\u2019on se frotte aux d\u00e9fis et et que l\u2019on go\u00fbte les fruits du Nouveau Message dans nos vies.<\/p>\n<p>Vous et d&rsquo;autres personnes apportez une vie et une vitalit\u00e9 \u00e0 ce site web qui lui permettra de devenir un environnement de relations, d&rsquo;apprentissage et de contribution. Plus vous participerez \u00e0 cette communaut\u00e9, plus vous pourrez b\u00e9n\u00e9ficier de vos efforts.<\/p>\n<p>Once you have created your username, password and profile preferences, you can join the groups that you are interested in. Within this, you will be able to interact directly with others in these groups, receive notifications of updates and activity in that group, and post thoughts and comments there as well. You can enroll and participate in the Free online School of the New Message on the website, as well as viewing previous School sessions. The New Message forums are here and will serve as an open place for sharing thoughts, insights and ideas around important topics and areas of the New Message, Studenthood, and their application in the world. You can learn more about The Society and the structure and function of this organization as it serves and supports the New Message and the Messenger. You can view material from past events that The Society has organized, such as the Encampment, the Messenger\u2019s Vigil, and the Steps to Knowledge Vigil.<\/p>\n<p>&nbsp;<\/p>\n<p><a href=\"https:\/\/www.community.newmessage.org\/\"><img loading=\"lazy\" decoding=\"async\" class=\"imgborder wp-image-29399 size-full aligncenter\" src=\"https:\/\/www.newmessage.org\/fr\/wp-content\/uploads\/sites\/38\/2020\/07\/CS-logo.png\" alt=\"\" width=\"504\" height=\"127\" srcset=\"https:\/\/www.v6.newmessage.org\/fr\/wp-content\/uploads\/sites\/38\/2020\/07\/CS-logo.png 504w, https:\/\/www.v6.newmessage.org\/fr\/wp-content\/uploads\/sites\/38\/2020\/07\/CS-logo-300x76.png 300w, https:\/\/www.v6.newmessage.org\/fr\/wp-content\/uploads\/sites\/38\/2020\/07\/CS-logo-500x126.png 500w\" sizes=\"(max-width: 504px) 100vw, 504px\" \/><\/a><\/p>\n<p>&nbsp;<\/p>\n<h2 style=\"text-align: center;\">Frequently Asked Questions<\/h2>\n<p>&nbsp;<\/p>\n<p><strong>What is the Worldwide Community of the New Message?<\/strong><\/p>\n<p>Please click the links below to see more about the World Wide Community of God\u2019s New Message:<\/p>\n<ul>\n<li><a href=\"http:\/\/www.newmessage.org\/about-the-worldwide-community\" target=\"_blank\" rel=\"noopener noreferrer\">About the Worldwide Community<\/a><\/li>\n<li>Revelation:\u00a0<a href=\"http:\/\/www.newmessage.org\/the-message\/other-revelations\/worldwide-community-gods-new-message\" target=\"_blank\" rel=\"noopener noreferrer\">The Worldwide Community of God\u2019s New Message<\/a><\/li>\n<li><a href=\"http:\/\/www.newmessage.org\/introduction-new-message\" target=\"_blank\" rel=\"noopener noreferrer\">Introduction to the New Message<\/a><\/li>\n<li><a href=\"http:\/\/www.newmessage.org\/gods-messenger\/who-is-marshallviansummers\" target=\"_blank\" rel=\"noopener noreferrer\">Who is Marshall Vian Summers<\/a><\/li>\n<\/ul>\n<p><strong>What is the Worldwide Community Site (community.newmessage.org)?<\/strong><\/p>\n<p>The Worldwide Community Site is a place for students of The New Message from God and others from around the world to engage with the Messenger, Marshall Vian Summers, The Society for the New Message, and each other. It is a place for students to hear and consider the wisdom, teachings and insights about the New Message and The Way of Knowledge from the Messenger himself, from the teachers of the New Message Patricia and Reed Summers, from Society members and from each other. It is a place to begin and to grow purposeful relationships in service to the mission of the New Message and its Messenger in bringing a New Revelation from God into the world. It is a place which may provide an environment for our own studenthood to grow and flourish.<\/p>\n<p><strong>Is this a social networking site?<\/strong><\/p>\n<p>While the basic structure and functions on this site are similar to social networking websites, this site serves as a platform for studying, learning, or supporting the New Message from God. It is available to all who have a genuine interest in sharing their experiences, questions, and insights with others who are also engaged in this process. This site and its environment focuses on the specific mission of the New Message from God, its relationship with each of us and with the world.<\/p>\n<p><strong>What kind of content is available on this site?<\/strong><\/p>\n<p>Teachings, prayers, insights, and messages from the Messenger Marshall Vian Summers. The Free online School of the New Message and the live chat is here. Updates and communication from the Messenger, his family, and The Society. The various forums for the New Message, and more\u2026<\/p>\n<p><strong>Is the Worldwide Community Site available in languages other than English?<\/strong><\/p>\n<p>Not fully yet, but forthcoming. In the mean time, the international language Groups, where you can interact with people speaking your language, are forming and growing.<\/p>\n<p><strong>Who can join the Worldwide Community Site?<\/strong><\/p>\n<p>Anyone who feels an interest in learning and living the New Message from God, and interacting with the growing worldwide community of students of the New Message.<\/p>\n<p><strong>Is there a cost to join?<\/strong><\/p>\n<p>There is no cost to join. It is free thanks to the financial support from all those who feel called to contribute financially to the New Message from God.<\/p>\n<p><strong>How do I make an account?<\/strong><br \/>\nBy registering and logging in, you have created your account. If you were already a member of the Free School, your account has been migrated here with the same username and password. We invite you to go to your \u201cprofile\u201d page and fill in any further information you\u2019d like others to see from you.<\/p>\n<p><strong>What are Groups?<\/strong><\/p>\n<p>Groups allow users to post, interact, and comment to and read from their own areas of interest. One might consider a group to be a smaller community with specific areas of interest or activities that lives within this larger community site.<\/p>\n<p><strong>What is Activity Stream?<\/strong><\/p>\n<p>An activity stream is a list of recent activities performed by one or more individuals on this website that shows up to you when you are logged in to the site.<\/p>\n<p><strong>Can I copy content from this site to other sites (e.g. Facebook, Twitter?)<\/strong><\/p>\n<p>We ask that the content on this website remain here and is not intended to be shared to other websites or locations. However you are welcome to link to any page on the Community site when sharing on social media or other sites (note: registration will be required for people to access the link).<\/p>\n","protected":false},"excerpt":{"rendered":"<p>Le Community Site est un foyer global pour les \u00e9tudiants du Nouveau Message du monde entier. H\u00e9berg\u00e9 par la Society for the New Message, ce site offre un lieu o\u00f9 vous pouvez \u00e9changer avec d&rsquo;autres personnes qui sont touch\u00e9es par le Nouveau Message, les Expos\u00e9s des Alli\u00e9s de l&rsquo;Humanit\u00e9 et les enseignements de Marshall Vian\u2026 <a class=\"read-more\" href=\"https:\/\/www.v6.newmessage.org\/fr\/the-community-site\"><span>Read More<\/span><\/a><\/p>\n","protected":false},"author":22,"featured_media":0,"parent":0,"menu_order":0,"comment_status":"closed","ping_status":"closed","template":"template-leftsidebar.php","meta":{"_monsterinsights_skip_tracking":false,"_monsterinsights_sitenote_active":false,"_monsterinsights_sitenote_note":"","_monsterinsights_sitenote_category":0,"footnotes":""},"categories":[],"tags":[841],"_links":{"self":[{"href":"https:\/\/www.v6.newmessage.org\/fr\/wp-json\/wp\/v2\/pages\/29398"}],"collection":[{"href":"https:\/\/www.v6.newmessage.org\/fr\/wp-json\/wp\/v2\/pages"}],"about":[{"href":"https:\/\/www.v6.newmessage.org\/fr\/wp-json\/wp\/v2\/types\/page"}],"author":[{"embeddable":true,"href":"https:\/\/www.v6.newmessage.org\/fr\/wp-json\/wp\/v2\/users\/22"}],"replies":[{"embeddable":true,"href":"https:\/\/www.v6.newmessage.org\/fr\/wp-json\/wp\/v2\/comments?post=29398"}],"version-history":[{"count":4,"href":"https:\/\/www.v6.newmessage.org\/fr\/wp-json\/wp\/v2\/pages\/29398\/revisions"}],"predecessor-version":[{"id":29466,"href":"https:\/\/www.v6.newmessage.org\/fr\/wp-json\/wp\/v2\/pages\/29398\/revisions\/29466"}],"wp:attachment":[{"href":"https:\/\/www.v6.newmessage.org\/fr\/wp-json\/wp\/v2\/media?parent=29398"}],"wp:term":[{"taxonomy":"category","embeddable":true,"href":"https:\/\/www.v6.newmessage.org\/fr\/wp-json\/wp\/v2\/categories?post=29398"},{"taxonomy":"post_tag","embeddable":true,"href":"https:\/\/www.v6.newmessage.org\/fr\/wp-json\/wp\/v2\/tags?post=29398"}],"curies":[{"name":"wp","href":"https:\/\/api.w.org\/{rel}","templated":true}]}}