{"id":29385,"date":"2020-07-06T21:38:13","date_gmt":"2020-07-06T21:38:13","guid":{"rendered":"https:\/\/www.newmessage.org\/fr\/?page_id=29385"},"modified":"2020-07-06T22:10:17","modified_gmt":"2020-07-06T22:10:17","slug":"se-preparer-a-la-grande-communaute","status":"publish","type":"page","link":"https:\/\/www.v6.newmessage.org\/fr\/le-message\/volume-2\/se-preparer-a-la-grande-communaute","title":{"rendered":"Se pr\u00e9parer \u00e0 la Grande Communaut\u00e9"},"content":{"rendered":"<p>&nbsp;<\/p>\n<p><em><strong><img loading=\"lazy\" decoding=\"async\" class=\"imgborder alignright wp-image-29389 size-large\" src=\"https:\/\/www.newmessage.org\/fr\/wp-content\/uploads\/sites\/38\/2020\/07\/preparing-for-the-greater-community-390x600-3-390x600.jpg\" alt=\"\" width=\"390\" height=\"600\" srcset=\"https:\/\/www.v6.newmessage.org\/fr\/wp-content\/uploads\/sites\/38\/2020\/07\/preparing-for-the-greater-community-390x600-3.jpg 390w, https:\/\/www.v6.newmessage.org\/fr\/wp-content\/uploads\/sites\/38\/2020\/07\/preparing-for-the-greater-community-390x600-3-195x300.jpg 195w\" sizes=\"(max-width: 390px) 100vw, 390px\" \/>Se pr\u00e9parer \u00e0 la Grande Communaut\u00e9<\/strong><\/em> est un livre de R\u00e9v\u00e9lation du Cr\u00e9ateur de toute vie donn\u00e9 pour nous pr\u00e9parer \u00e0 la r\u00e9alit\u00e9 du Contact avec la vie extraterrestre et \u00e0 l&rsquo;\u00e9mergence de l&rsquo;humanit\u00e9 dans une \u00ab Grande Communaut\u00e9\u00a0\u00bb de mondes dans l&rsquo;univers.<\/p>\n<p><em><strong>Se pr\u00e9parer \u00e0 la Grande Communaut\u00e9<\/strong> <\/em>a \u00e9t\u00e9 donn\u00e9 car l&rsquo;humanit\u00e9 a atteint ce seuil critique dans son \u00e9volution \u2014 une p\u00e9riode de convergence o\u00f9 la r\u00e9alit\u00e9 d&rsquo;un monde en mutation et la r\u00e9alit\u00e9 de l&rsquo;intervention de l&rsquo;univers entrent en collision. Ce livre est l\u00e0 parce que la <em>Grande Communaut\u00e9<\/em> est l\u00e0 \u2014 les forces de la Grande Communaut\u00e9 sont dans notre monde aujourd&rsquo;hui. Il est donc urgent de se pr\u00e9parer mentalement, \u00e9motionnellement et spirituellement aux r\u00e9alit\u00e9s des interactions avec la vie \u00e0 une plus grande \u00e9chelle. C&rsquo;est pour pr\u00e9senter cette pr\u00e9paration que ce livre est maintenant offert au monde.<\/p>\n<p>R\u00e9v\u00e9l\u00e9 en 1997, <em><strong>Se pr\u00e9parer \u00e0 la Grande Communaut\u00e9<\/strong><\/em> a \u00e9t\u00e9 le premier texte du Nouveau Message \u00e0 r\u00e9v\u00e9ler la vaste r\u00e9alit\u00e9 de la <em>Grande Communaut\u00e9<\/em> dans laquelle nous vivons et \u00e0 introduire une pr\u00e9paration compl\u00e8te pour vivre au sein de cet environnement nouveau et exigeant. Ici, le Cr\u00e9ateur de toute vie r\u00e9v\u00e8le ce qui attend l&rsquo;humanit\u00e9 dans le grand univers, le d\u00e9fi et la complexit\u00e9 des interactions entre les mondes, et les outils essentiels dont l&rsquo;humanit\u00e9 aura besoin pour trouver son chemin dans sa confrontation avec des forces venues d&rsquo;au-del\u00e0 de notre monde. Dans ce contexte, l&rsquo;isolement mill\u00e9naire de\u00a0la famille humaine\u00a0dans l&rsquo;univers s&rsquo;efface, et celle-ci doit apprendre \u00e0 interagir avec sagesse avec d&rsquo;autres formes de vie intelligente. Cette interaction \u00e9largira consid\u00e9rablement notre perception de nous-m\u00eames, de Dieu et de notre place dans l&rsquo;univers.<\/p>\n<p><em><strong>Se pr\u00e9parer \u00e0 la Grande Communaut\u00e9<\/strong> <\/em>est un livre du <a href=\"https:\/\/www.nouveaumessagededieu.org\/le-message\/volume-2\">Volume 2<\/a> du Nouveau Message de Dieu.<\/p>\n<p>Ce livre contient la transcription des r\u00e9v\u00e9lations orales originales re\u00e7ues par le Messager <a href=\"https:\/\/www.nouveaumessagededieu.org\/messager-de-dieu\/qui-est-marshallviansummers\">Marshall Vian Summers<\/a>. Le Messager a \u00e9t\u00e9 charg\u00e9 par la Source du Nouveau Message de rassembler les r\u00e9v\u00e9lations du Nouveau Message dans les Livres et les Volumes sacr\u00e9s du Nouveau Message de Dieu.<\/p>\n<p style=\"text-align: left;\"><div class=\"toggle toggle-white\"><h4 class=\"trigger \"><span class=\"t_ico\"><\/span><a href=\"#\">\u00c0 propos du Nouveau Message de Dieu<\/a><\/h4><div class=\"toggle_container \"><br \/>\n<div data-post-id='24520' class='insert-page insert-page-24520 '><p>Le Nouveau Message de Dieu sera au final contenu dans 6 volumes individuels. Chaque volume contient deux livres ou plus, et chaque livre est organis\u00e9 en chapitres.<\/p>\n<p>Ainsi, la future structure du Nouveau Message de Dieu peut \u00eatre synth\u00e9tis\u00e9e de la fa\u00e7on suivante :<\/p>\n<div id=\"attachment_24097\" style=\"width: 227px\" class=\"wp-caption alignright\"><a href=\"https:\/\/www.newmessage.org\/wp-content\/uploads\/2015\/08\/Volumes-Books-InfoGraphic.001.jpg\"><img loading=\"lazy\" decoding=\"async\" aria-describedby=\"caption-attachment-24097\" class=\"imgborder \" src=\"https:\/\/www.newmessage.org\/wp-content\/uploads\/2015\/08\/Volumes-Books-InfoGraphic.001.jpg\" alt=\"The New Message One Book\" width=\"217\" height=\"234\" \/><\/a><p id=\"caption-attachment-24097\" class=\"wp-caption-text\">Le Livre Unique du Nouveau Message<\/p><\/div>\n<p><strong>Volume &gt; Livre &gt; Chapitre &gt; Verset.<br \/>\n<\/strong><\/p>\n<p>Le Nouveau Message de Dieu contient la plus grande R\u00e9v\u00e9lation jamais donn\u00e9e au monde. Il s&rsquo;adresse \u00e0 pratiquement tous les aspects de nos vies, pr\u00e9sentant de nouvelles r\u00e9alit\u00e9s jamais r\u00e9v\u00e9l\u00e9es auparavant. La <em>Society<\/em> \u0153uvre pour que le plus possible de livres et de r\u00e9v\u00e9lations audios soient rendues disponibles et accessibles au monde.<\/p>\n<p>Actuellement, la Society est en mesure d&rsquo;offrir un grand nombre d&rsquo;enregistrements de la Voix de la R\u00e9v\u00e9lation dans leur version originale. Vous \u00eates de fait invit\u00e9s \u00e0 faire l&rsquo;exp\u00e9rience du pouvoir et du myst\u00e8re de la \u00ab\u00a0Voix\u00a0\u00bb telle qu&rsquo;elle s&rsquo;est exprim\u00e9e \u00e0 travers le Messager en \u00e9tat de R\u00e9v\u00e9lation. Jamais auparavant il n&rsquo;avait \u00e9t\u00e9 possible d&rsquo;entendre la Voix de la R\u00e9v\u00e9lation originale.<\/p>\n<p>La compilation du Nouveau Message tout entier est un travail de longue haleine. Au m\u00eame moment, la R\u00e9v\u00e9lation continue \u00e0 \u00eatre re\u00e7ue avec de nouveaux enseignements donn\u00e9s chaque ann\u00e9e. En cons\u00e9quence, la s\u00e9lection de chapitres dans chaque livre peut changer. De m\u00eame, les titres des livres peuvent eux-aussi changer pour refl\u00e9ter la port\u00e9e grandissante de chaque livre. Vous vivez \u00e0 une \u00e9poque de R\u00e9v\u00e9lation et \u00eates t\u00e9moin du processus de R\u00e9v\u00e9lation qui se d\u00e9ploie devant vous.<\/p>\n<h4>Livres en ligne<\/h4>\n<p>La <em>Society<\/em> s\u2019efforce de rendre le Nouveau Message accessible gratuitement en ligne pour le monde. Actuellement, un certain nombre de livres du Nouveau Message sont disponibles gratuitement \u00e0 www.newmessage.org. Vous pouvez explorer <a href=\"http:\/\/www.nouveaumessagededieu.org\/le-message\" target=\"_blank\">la biblioth\u00e8que des livres gratuits en ligne<\/a>.<\/p>\n<h4>Livres au format papier<\/h4>\n<p>La <em>Society<\/em> offre actuellement certain des livres du Nouveau Message sous format papier. Cependant, du fait de la taille immense de la partie du Nouveau Message r\u00e9v\u00e9l\u00e9e, la <em>Society<\/em> n\u2019est pas encore en mesure de publier sous forme imprim\u00e9e les six volumes du Nouveau Message pour l\u2019instant. Pour acheter une copie des livres actuellement disponibles, veuillez visiter la boutique de la <a href=\"http:\/\/www.newknowledgelibrary.org\">New Knowledge Library<\/a>.<\/p>\n<h4>CD et mp3<\/h4>\n<p>Certaines r\u00e9v\u00e9lations relatives \u00e0 l\u2019\u00e9tude du Nouveau Message sont disponibles \u00e0 l\u2019achat sous forme de CD ou de mp3. La <em><a href=\"http:\/\/www.nouveaumessagededieu.org\/worldwide-community\/society\" target=\"_blank\">Society<\/a><\/em> propose ces enseignements \u00e0 un co\u00fbt modeste \u00e0 la boutique de la New Knowledge Library en raison des r\u00e9alit\u00e9s financi\u00e8res li\u00e9es \u00e0 la n\u00e9cessit\u00e9 d\u2019atteindre le monde entier avec le Nouveau Message.<\/p>\n<h4>Le <em>Free Book Project<\/em><\/h4>\n<p>Avec un soutien financier plus important, la <em>Society<\/em> sera en mesure de rendre davantage de ces enseignements de sagesse accessibles gratuitement en ligne. En plus de cela, le <a href=\"http:\/\/www.nm-french.tk\/the-message\/free-book-project\">Free Book Project<\/a> de la <em>Society<\/em> offre une copie des livres et des mp3 des r\u00e9v\u00e9lations du Nouveau Message actuellement disponibles \u00e0 ceux qui n\u2019ont pas les moyens de les acheter. Nous vous invitons \u00e0<a href=\"http:\/\/www.nouveaumessagededieu.org\/worldwide-community\/society\/soutenir-le-nouveau-message\" target=\"_blank\"> faire un don<\/a> pour soutenir le <em>Free Book Project<\/em>, afin que de plus en plus de gens dans le besoin puissent avoir acc\u00e8s au Nouveau Message de Dieu.<\/p>\n<h4>Publications futures<\/h4>\n<p>La <em>Society<\/em> continuera \u00e0 mener \u00e0 bien sa vision de publication de l\u2019enti\u00e8ret\u00e9 du Nouveau Message de Dieu, \u00e0 la fois sous la forme de ses livres et de ses volumes, et peut-\u00eatre un jour sous la forme d\u2019un livre unique, simplement intitul\u00e9 : \u201cLe Nouveau Message de Dieu\u201d. C\u2019est une entreprise \u00e9norme pour laquelle la <em>Society<\/em> a besoin de votre contribution et de votre participation. Envisagez, si vous le pouvez, la possibilit\u00e9 de <a href=\"http:\/\/www.nouveaumessagededieu.org\/worldwide-community\/society\/soutenir-le-nouveau-message\" target=\"_blank\">faire un don<\/a> ou de <a href=\"http:\/\/www.nouveaumessagededieu.org\/worldwide-community\/society\/soutenir-le-nouveau-message\" target=\"_blank\">devenir un Pilier<\/a> du Nouveau Message pour soutenir cette cause sacr\u00e9e. Nous vous remercions pour votre soutien.<\/p>\n<\/div><br \/>\n<\/div><\/div>\n<div class=\"background-color-bridesmaid padding-20\">\n<h2 style=\"text-align: left;\"><span style=\"color: #525252;\">Table des mati\u00e8res<\/span><\/h2>\n<p>Introduction<\/p>\n<p>Chapitre 1 : Qu&rsquo;est-ce que la Grande Communaut\u00e9 ?<\/p>\n<p>Chapitre 2 : La pr\u00e9sence de la Grande Communaut\u00e9 dans le monde<\/p>\n<p>Chapitre 3 : Les v\u00e9rit\u00e9s essentielles sur la Grande Communaut\u00e9<\/p>\n<p>Chapitre 4 : L&rsquo;intelligence de la Grande Communaut\u00e9 et l&rsquo;Environnement Mental<\/p>\n<p>Chapitre 5 : Les ressources, le commerce et la comp\u00e9tition dans la Grande Communaut\u00e9<\/p>\n<p>Chapitre 6 : Le sens du d\u00e9veloppement spirituel dans la Grande Communaut\u00e9<\/p>\n<p>Chapitre 7 : Le grand d\u00e9fi qui attend l&rsquo;humanit\u00e9<\/p>\n<p>Chapitre 8 : D\u00e9velopper une perspective et une compr\u00e9hension de la Grande Communaut\u00e9<\/p>\n<p>Chapitre 9 : <a href=\"https:\/\/www.nouveaumessagededieu.org\/le-message\/volume-2\/se-preparer-a-la-grande-communaute\/trouver-la-connaissance\">Trouver la Connaissance<\/a><\/p>\n<p>Chapitre 10 : Acqu\u00e9rir la force et l&rsquo;influence dans l&rsquo;Environnement Mental<\/p>\n<p>Chapitre 11 : D\u00e9velopper la clart\u00e9 et le discernement<\/p>\n<p>Chapitre 12 : D\u00e9passer les limites de la religion et des croyances humaines<\/p>\n<p>Chapitre 13 : Les r\u00e9actions humaines face \u00e0 la Grande Communaut\u00e9<\/p>\n<p>Chapitre 14 : D\u00e9velopper certitude, force et sagesse<\/p>\n<p>Chapitre 15 : D\u00e9velopper une plus grande honn\u00eatet\u00e9<\/p>\n<p>Chapitre 16 : Les relations, la destin\u00e9e et la vocation<\/p>\n<p>Chapitre 17 : Commencer la pr\u00e9paration<\/p>\n<p>Recommandations pour se pr\u00e9parer \u00e0 la Grande Communaut\u00e9<\/p>\n<p>&nbsp;<\/p>\n<\/div>\n","protected":false},"excerpt":{"rendered":"<p>&nbsp; Se pr\u00e9parer \u00e0 la Grande Communaut\u00e9 est un livre de R\u00e9v\u00e9lation du Cr\u00e9ateur de toute vie donn\u00e9 pour nous pr\u00e9parer \u00e0 la r\u00e9alit\u00e9 du Contact avec la vie extraterrestre et \u00e0 l&rsquo;\u00e9mergence de l&rsquo;humanit\u00e9 dans une \u00ab Grande Communaut\u00e9\u00a0\u00bb de mondes dans l&rsquo;univers. Se pr\u00e9parer \u00e0 la Grande Communaut\u00e9 a \u00e9t\u00e9 donn\u00e9 car l&rsquo;humanit\u00e9\u2026 <a class=\"read-more\" href=\"https:\/\/www.v6.newmessage.org\/fr\/more-about-the-volumes\"><span>Read More<\/span><\/a><\/p>\n","protected":false},"author":22,"featured_media":0,"parent":16312,"menu_order":0,"comment_status":"closed","ping_status":"closed","template":"template-leftsidebar.php","meta":{"_monsterinsights_skip_tracking":false,"_monsterinsights_sitenote_active":false,"_monsterinsights_sitenote_note":"","_monsterinsights_sitenote_category":0,"footnotes":""},"categories":[467],"tags":[838],"_links":{"self":[{"href":"https:\/\/www.v6.newmessage.org\/fr\/wp-json\/wp\/v2\/pages\/29385"}],"collection":[{"href":"https:\/\/www.v6.newmessage.org\/fr\/wp-json\/wp\/v2\/pages"}],"about":[{"href":"https:\/\/www.v6.newmessage.org\/fr\/wp-json\/wp\/v2\/types\/page"}],"author":[{"embeddable":true,"href":"https:\/\/www.v6.newmessage.org\/fr\/wp-json\/wp\/v2\/users\/22"}],"replies":[{"embeddable":true,"href":"https:\/\/www.v6.newmessage.org\/fr\/wp-json\/wp\/v2\/comments?post=29385"}],"version-history":[{"count":6,"href":"https:\/\/www.v6.newmessage.org\/fr\/wp-json\/wp\/v2\/pages\/29385\/revisions"}],"predecessor-version":[{"id":29397,"href":"https:\/\/www.v6.newmessage.org\/fr\/wp-json\/wp\/v2\/pages\/29385\/revisions\/29397"}],"up":[{"embeddable":true,"href":"https:\/\/www.v6.newmessage.org\/fr\/wp-json\/wp\/v2\/pages\/16312"}],"wp:attachment":[{"href":"https:\/\/www.v6.newmessage.org\/fr\/wp-json\/wp\/v2\/media?parent=29385"}],"wp:term":[{"taxonomy":"category","embeddable":true,"href":"https:\/\/www.v6.newmessage.org\/fr\/wp-json\/wp\/v2\/categories?post=29385"},{"taxonomy":"post_tag","embeddable":true,"href":"https:\/\/www.v6.newmessage.org\/fr\/wp-json\/wp\/v2\/tags?post=29385"}],"curies":[{"name":"wp","href":"https:\/\/api.w.org\/{rel}","templated":true}]}}