{"id":29325,"date":"2020-03-18T14:01:39","date_gmt":"2020-03-18T14:01:39","guid":{"rendered":"https:\/\/www.newmessage.org\/fr\/?page_id=29325"},"modified":"2020-03-21T15:58:16","modified_gmt":"2020-03-21T15:58:16","slug":"le-grand-pouvoir-qui-est-en-vous","status":"publish","type":"page","link":"https:\/\/www.v6.newmessage.org\/fr\/le-message\/volume-1\/le-pouvoir-de-la-connaissance\/le-grand-pouvoir-qui-est-en-vous","title":{"rendered":"Le grand pouvoir qui est en vous"},"content":{"rendered":"<div><!-- Version 7.06 --><\/div>\n\n<div class=\"tabgroup \"><ul class=\"tabs\"><li><a href=\"#tabs-1\">R\u00e9v\u00e9lation<\/a><\/li>\n<li><a href=\"#tabs-2\">Note<\/a><\/li><\/ul>\n <div id=\"tabs-1\"><\/p>\n<p>\u00c9coutez la r\u00e9v\u00e9lation originale en anglais :<\/p>\n<div id=\"jquery_jplayer_1\" class=\"jp-jplayer\"><\/div>\n\t\t\t\t<div id=\"jp_container_1\" class=\"jp-audio\">\n\t\t\t\t<div class=\"jp-type-single\"><div class=\"jp-control\"><a href=\"javascript:;\" class=\"jp-play\" tabindex=\"1\">play<\/a><a href=\"javascript:;\" class=\"jp-pause\" tabindex=\"1\">pause<\/a><\/div> <div class=\"jp-gui jp-interface\"><div class=\"jp-volume\"><div class=\"jp-volume-bar\"><div class=\"jp-volume-bar-value\"><\/div><\/div><\/div><div class=\"jp-progress\"><div class=\"jp-seek-bar\"><div class=\"jp-play-bar\"><\/div><\/div><\/div><\/div>\t\t\t\t\t<div class=\"jp-no-solution\"><span>Update Required<\/span>To play the media you will need to either update your browser to a recent version or update your <a href=\"http:\/\/get.adobe.com\/flashplayer\/\" target=\"_blank\">Flash plugin<\/a>.<\/div><\/div><\/div>\n\t\t\t<script type='text\/javascript'>\n\t\t\t\tjQuery(document).ready(function() {\n\t\t\t\t\tif (typeof (sermonMedia) == 'function') {\n\t\t\t\t\t\tsermonMedia.addAudio('', \"jquery_jplayer_1\");\n\t\t\t\t\t}\n\t\t\t\t\tjQuery.jPlayer.timeFormat.showHour = true;\n\t\t\t\t\tjQuery(\"#jquery_jplayer_1\").jPlayer({\n\t\t\t\t\t\tready: function(event) {\n\t\t\t\t\t\t\tjQuery(this).jPlayer(\"setMedia\", {mp3: 'https:\/\/www.newmessage.org\/av\/the-greater-power-within-you.mp3'});\n\t\t\t\t\t\t},\n\t\t\t\t\t\tplay: function() {\n\t\t\t\t\t\t\tjQuery(this).jPlayer(\"pauseOthers\");\n\t\t\t\t\t\t},\n\t\t\t\t\t\tswfPath: ThemeData.directory_uri+\"\/swf\",\n\t\t\t\t\t\tsolution: \"html, flash\",\n\t\t\t\t\t\tpreload: \"metadata\",\n\t\t\t\t\t\twmode: \"window\",\n\t\t\t\t\t\tsupplied: \"mp3\",\n\t\t\t\t\t\tcssSelectorAncestor: '#jp_container_1'\n\t\t\t\t\t});\n\t\t\t\t});\n\t\t\t<\/script><\/p>\n<p><a title=\"The Power Within You\" href=\"https:\/\/www.newmessage.org\/av\/the-greater-power-within-you.mp3\">T\u00e9l\u00e9charger<\/a> (utilisez le clic droit)<\/p>\n<p class=\"revelation_details\"><em><a href=\"https:\/\/www.community.newmessage.org\/the-greater-power-within-you\/\"><img loading=\"lazy\" decoding=\"async\" class=\"imgborder aligncenter wp-image-40563 size-medium\" src=\"https:\/\/www.newmessage.org\/wp-content\/uploads\/2019\/05\/POK-01-The-Greater-Power-within-You-300x157.jpeg\" alt=\"Le grand pouvoir qui est en vous\" width=\"300\" height=\"157\" \/><\/a><\/em><\/p>\n<p class=\"revelation_details\"><em>Tel que r\u00e9v\u00e9l\u00e9 au Messager de Dieu<br \/>\nMarshall Vian Summers<br \/>\nle 12 septembre 2008<br \/>\n\u00e0 Boulder, Colorado<\/em><\/p>\n<div class=\"toggle toggle-white\"><h4 class=\"trigger \"><span class=\"t_ico\"><\/span><a href=\"#\">\u00c0 propos de cet enregistrement<\/a><\/h4><div class=\"toggle_container \"><br \/>\n<p>Ce que vous entendez dans cet enregistrement audio est la voix de <a href=\"http:\/\/www.nouveaumessagededieu.org\/le-message\/important-terms#aa\" target=\"_blank\" rel=\"noopener noreferrer\">l&rsquo;Assembl\u00e9e Ang\u00e9lique<\/a> parlant \u00e0 travers le <a href=\"http:\/\/www.nouveaumessagededieu.org\/messager-de-dieu\" target=\"_blank\" rel=\"noopener noreferrer\">Messager Marshall Vian Summers<\/a>.<\/p>\n<p>Ici, la communication originale de Dieu, qui existe au-del\u00e0 des mots, est traduite en un langage et un entendement humains par <a href=\"http:\/\/www.nouveaumessagededieu.org\/le-message\/important-terms#aa\" target=\"_blank\" rel=\"noopener noreferrer\">l&rsquo;Assembl\u00e9e Ang\u00e9lique<\/a> qui veille sur le monde. L&rsquo;Assembl\u00e9e apporte alors le Message de Dieu \u00e0 travers le Messager.<\/p>\n<p>Dans ce processus remarquable, la <a href=\"http:\/\/www.nouveaumessagededieu.org\/le-message\/important-terms#vr\" target=\"_blank\" rel=\"noopener noreferrer\">Voix de la R\u00e9v\u00e9lation<\/a> parle \u00e0 nouveau. La Parole et le Son sont dans le monde. Pour la premi\u00e8re fois dans l&rsquo;histoire, l&rsquo;enregistrement de la r\u00e9v\u00e9lation parl\u00e9e originale est accessible pour que vous en fassiez l&rsquo;exp\u00e9rience.<\/p>\n<p>Puissiez-vous recevoir ce don de R\u00e9v\u00e9lation et puissiez-vous vous ouvrir \u00e0 son Message unique pour vous et pour votre vie.<\/p>\n<br \/>\n<\/div><\/div>\n<p><\/div>\n<div id=\"tabs-2\"><br \/>\n<em>Note aux lecteurs :<br \/>\nCette traduction a \u00e9t\u00e9 fournie \u00e0 la Society par des \u00e9tudiants du Nouveau Message qui se sont port\u00e9s volontaires pour traduire le texte original en anglais. Nous rendons cette traduction publique sous cette forme perfectible pour que les gens aient une chance de d\u00e9couvrir une portion du Nouveau Message dans leur propre langue.<\/em><br \/>\n<\/div>\n\t\t\t\t<div align=\"right\">\n\t\t\t<div class=\"fb-like\" data-href=\"\" data-layout=\"button_count\" data-action=\"like\" data-show-faces=\"false\" data-share=\"false\"><\/div>\n\t\t\t<div class=\"fb-share-button\" data-layout=\"button_count\"> <\/div>\n\t\t\t<div class=\"fb_iframe_widget\"><a href=\"https:\/\/twitter.com\/godsnewmessage?ref_src=twsrc%5Etfw\" class=\"twitter-follow-button\" data-show-count=\"false\">Follow @godsnewmessage<\/a><script async src=\"https:\/\/platform.twitter.com\/widgets.js\" charset=\"utf-8\"><\/script><\/div>\n\t\t\t<\/div> <\/div> \n\n<p>Partout, les gens portent en eux un pouvoir plus grand, un pouvoir qu&rsquo;ils n&rsquo;ont pas encore d\u00e9couvert. C&rsquo;est une Intelligence plus profonde que le Cr\u00e9ateur de toute vie a donn\u00e9e \u00e0 chaque personne.<\/p>\n<p>Cette Intelligence plus profonde ne fonctionne pas comme votre intellect. Elle n&rsquo;est pas conditionn\u00e9e par le monde. Elle n&rsquo;est pas sujette au doute et \u00e0 la peur, \u00e0 la confusion, au ressentiment ou \u00e0 la col\u00e8re. Elle est calme. Elle est claire. Elle est puissante. Elle ne peut \u00eatre persuad\u00e9e par aucune force ou puissance, car elle ne r\u00e9pond qu&rsquo;\u00e0 Dieu.<\/p>\n<p>Cette grande Intelligence s&rsquo;appelle la Connaissance, et elle vit en vous, sous la surface de votre mental. Chaque jour, la Connaissance vous conseille \u2013 pour vous prot\u00e9ger, pour vous guider, pour vous diriger. Mais si vous vivez \u00e0 la surface de votre esprit, pris dans les turbulences de la surface, comme les turbulences \u00e0 la surface de l&rsquo;oc\u00e9an, vous n&rsquo;entendrez pas ces messages. Vous ne ressentirez pas cette grande pr\u00e9sence en vous. Vous ne reconna\u00eetrez pas les avertissements et la direction provenant de la Connaissance.<\/p>\n<p>Les gens essaient de se maintenir constamment stimul\u00e9s \u2013 par la radio et la t\u00e9l\u00e9vision, les livres et les conversations interminables, se maintenant \u00e0 la surface de leur esprit, o\u00f9 ils ne peuvent pas ressentir la pr\u00e9sence de la Connaissance ou le pouvoir de la Connaissance, o\u00f9 ils ne peuvent pas entendre les conseils que leur prodigue la Connaissance ou y r\u00e9pondre.<\/p>\n<p>De temps \u00e0 autre ressentiront-ils peut-\u00eatre une inclination plus profonde. Ils reconna\u00eetront un signe ou auront un sentiment profond \u00e0 propos de quelque chose, mais ces exp\u00e9riences sont souvent intermittentes et sont souvent mal interpr\u00e9t\u00e9es. M\u00eame les gens qui ont le sentiment d\u2019\u00eatre de nature intuitive interpr\u00e8tent souvent mal les signes qu\u2019ils re\u00e7oivent, essayant de tout faire correspondre avec ce qu\u2019ils veulent, essayant de r\u00e9aliser leurs d\u00e9sirs et leurs objectifs, ou de conforter une philosophie qu\u2019ils ont de la vie. Ainsi, bien que de nombreuses personnes r\u00e9pondent au pouvoir et \u00e0 la pr\u00e9sence de la Connaissance, elles interpr\u00e8tent souvent mal ses signes, pensant qu\u2019il s\u2019agit d\u2019autre chose.<\/p>\n<p>Certaines personnes pensent que chaque signe qu\u2019elles ressentent en leur for int\u00e9rieur doit \u00eatre en rapport avec l\u2019amour, alors qu&rsquo;en fait, la Connaissance est en train de vous avertir de certaines choses. Elle vous alerte de la pr\u00e9sence d&rsquo;un danger. Elle essaie de vous retenir de faire des erreurs cruciales ou de brader votre vie pour des gens ou des choses qui n&rsquo;ont aucune vraie valeur ou aucun v\u00e9ritable avenir.<\/p>\n<p>C\u00a0&lsquo;est aussi cela, l&rsquo;amour\u00a0: l&rsquo;amour qui vous guide, l&rsquo;amour qui vous retient, l&rsquo;amour qui vous avertit. Cependant, si vous pensez que ce qui est amour tourne tout autour du bonheur, de la paix et des choses agr\u00e9ables, alors vous ne comprenez pas le vrai pouvoir et la vraie puissance de l&rsquo;amour. L&rsquo;amour qu&rsquo;un parent a pour son enfant, la pr\u00e9occupation qu&rsquo;un parent aura pour son enfant et la tentative du parent de prot\u00e9ger son enfant de ce qui peut lui nuire, du danger ou des influences n\u00e9fastes repr\u00e9sentent le genre d&rsquo;amour qui vit en vous.<\/p>\n<p>Comment pouvez-vous faire l&rsquo;exp\u00e9rience de cette Connaissance, qui d\u00e9tient pour vous le but sup\u00e9rieur pour lequel vous \u00eates venu dans le monde et qui peut vous apprendre \u00e0 trouver votre chemin dans les temps difficiles \u00e0 venir, quelles que soient les circonstances ? Comment pouvez-vous faire l&rsquo;exp\u00e9rience de cela par vous-m\u00eame ?<\/p>\n<p>Vous devez apprendre la qui\u00e9tude. Vous devez apprendre \u00e0 \u00e9couter au plus profond de vous-m\u00eame, pas seulement de temps en temps, par-ci par-l\u00e0, mais de fa\u00e7on plus r\u00e9guli\u00e8re, dans le cadre de votre pratique spirituelle. Quand vous venez prier, ne vous contentez pas de demander des choses, mais apprenez \u00e0 \u00e9couter. Dieu a d\u00e9j\u00e0 plac\u00e9 la r\u00e9ponse en vous, mais elle est profond\u00e9ment en vous, et vous devez plonger sous la surface de votre mental pour en faire l\u2019exp\u00e9rience.<\/p>\n<p>Comme l&rsquo;oc\u00e9an, la surface est turbulente et d\u00e9sordonn\u00e9e, toujours changeante, mais en profondeur, \u00e0 l\u2019int\u00e9rieur, tout au fond de l&rsquo;oc\u00e9an, se trouvent des courants puissants qui meuvent les eaux du monde. Votre mental est ainsi. En surface, il est balay\u00e9 par les dangers et les pr\u00e9occupations de votre vie ext\u00e9rieure. Il est persuad\u00e9, influenc\u00e9 et impact\u00e9 par le monde autour de vous \u2013 par les opinions des autres, par les exigences de votre vie, par vos d\u00e9sirs et par vos peurs. Mais tout au fond, il y a un courant de vie plus profond qui n&rsquo;est pas soumis \u00e0 ces influences ext\u00e9rieures. Il est puissant. Il est permanent. Il poss\u00e8de une v\u00e9ritable direction. Il meut votre vie.<\/p>\n<p>\u00c0 mesure que vous apprenez \u00e0 faire les Pas vers la Connaissance, vous apprenez \u00e0 ressentir la pr\u00e9sence de cette plus grande Intelligence. Et avec le temps, vous apprendrez \u00e0 discerner correctement ses signes et ses messages, et \u00e0 accepter sa pr\u00e9sence et son pouvoir dans votre vie.<\/p>\n<p>C&rsquo;est ainsi que Dieu vous parlera. C&rsquo;est ainsi que Dieu vous influencera pour vous prot\u00e9ger et pour vous guider, afin que vous puissiez mener une vie plus grande dans le monde et en faire l\u2019exp\u00e9rience \u2013 une vie au service du monde, une vie connect\u00e9e au monde r\u00e9el qui vous entoure. Il s\u2019agit l\u00e0 de la plus grande d\u00e9couverte de votre vie, et elle vous attend.<\/p>\n<p>Vous avez d\u00e9j\u00e0 fait l&rsquo;exp\u00e9rience du pouvoir et de la pr\u00e9sence de la Connaissance \u00e0 des moments de votre vie o\u00f9 vous avez ressenti un d\u00e9sir irr\u00e9pressible de faire quelque chose de particulier, ou ressenti une pr\u00e9occupation au sujet d&rsquo;un \u00e9v\u00e9nement avant qu&rsquo;il ne survienne, ou au sujet d&rsquo;un \u00eatre cher, pour finalement constater que cette pr\u00e9occupation \u00e9tait bien justifi\u00e9e.<\/p>\n<p>Il y a un pouvoir en vous qui est sage. Tant\u00f4t il vous fait avancer et tant\u00f4t il vous retient. Il repr\u00e9sente votre conscience profonde, la conscience que Dieu a plac\u00e9e en vous. Vous pouvez demander \u00e0 Dieu des miracles. Vous pouvez demander \u00e0 Dieu d&rsquo;intervenir dans votre vie. Mais Dieu a d\u00e9j\u00e0 plac\u00e9 la r\u00e9ponse en vous : le pouvoir et la pr\u00e9sence de la Connaissance, l&rsquo;Esprit \u00e9ternel profond en vous. Lui seul sait qui vous \u00eates et pourquoi vous \u00eates ici, qui vous devez rencontrer dans cette vie et ce que vous \u00eates venu contribuer ici, en fin de compte, au service de l&rsquo;humanit\u00e9 et du monde.<\/p>\n<p>Vous portez en vous le grand don. Il attend d&rsquo;\u00eatre d\u00e9couvert. Il attend que vous fassiez les Pas vers la Connaissance, et que vous construisiez la sagesse dont vous aurez besoin pour porter cette Connaissance dans le monde, pour prot\u00e9ger cette Connaissance et pour discerner la direction qu\u2019elle vous donne, et pour faire l\u2019exp\u00e9rience de ses dons.<\/p>\n<p>Telle est la b\u00e9n\u00e9diction que le Cr\u00e9ateur de toute vie vous a donn\u00e9e, \u00e0 vous et \u00e0 chaque personne. Et la mesure dans laquelle la Connaissance pourra \u00eatre v\u00e9cue et exprim\u00e9e dans ce monde, dans cette m\u00eame mesure, le monde sera b\u00e9ni, les grands d\u00e9sastres seront \u00e9vit\u00e9s et l&rsquo;humanit\u00e9 continuera \u00e0 avancer dans une direction positive.<\/p>\n<p>Tel est l&rsquo;antidote au mal. Telle est la b\u00e9n\u00e9diction pour le monde, une b\u00e9n\u00e9diction qui vit en vous.<\/p>\n","protected":false},"excerpt":{"rendered":"<p>Partout, les gens portent en eux un pouvoir plus grand, un pouvoir qu&rsquo;ils n&rsquo;ont pas encore d\u00e9couvert. C&rsquo;est une Intelligence plus profonde que le Cr\u00e9ateur de toute vie a donn\u00e9e \u00e0 chaque personne. Cette Intelligence plus profonde ne fonctionne pas comme votre intellect. Elle n&rsquo;est pas conditionn\u00e9e par le monde. Elle n&rsquo;est pas sujette au\u2026 <a class=\"read-more\" href=\"https:\/\/www.v6.newmessage.org\/fr\/about-recording-shortcode\"><span>Read More<\/span><\/a><\/p>\n","protected":false},"author":22,"featured_media":0,"parent":29150,"menu_order":0,"comment_status":"closed","ping_status":"closed","template":"template-leftsidebar.php","meta":{"_monsterinsights_skip_tracking":false,"_monsterinsights_sitenote_active":false,"_monsterinsights_sitenote_note":"","_monsterinsights_sitenote_category":0,"footnotes":""},"categories":[44,76,817,460],"tags":[834],"_links":{"self":[{"href":"https:\/\/www.v6.newmessage.org\/fr\/wp-json\/wp\/v2\/pages\/29325"}],"collection":[{"href":"https:\/\/www.v6.newmessage.org\/fr\/wp-json\/wp\/v2\/pages"}],"about":[{"href":"https:\/\/www.v6.newmessage.org\/fr\/wp-json\/wp\/v2\/types\/page"}],"author":[{"embeddable":true,"href":"https:\/\/www.v6.newmessage.org\/fr\/wp-json\/wp\/v2\/users\/22"}],"replies":[{"embeddable":true,"href":"https:\/\/www.v6.newmessage.org\/fr\/wp-json\/wp\/v2\/comments?post=29325"}],"version-history":[{"count":3,"href":"https:\/\/www.v6.newmessage.org\/fr\/wp-json\/wp\/v2\/pages\/29325\/revisions"}],"predecessor-version":[{"id":29331,"href":"https:\/\/www.v6.newmessage.org\/fr\/wp-json\/wp\/v2\/pages\/29325\/revisions\/29331"}],"up":[{"embeddable":true,"href":"https:\/\/www.v6.newmessage.org\/fr\/wp-json\/wp\/v2\/pages\/29150"}],"wp:attachment":[{"href":"https:\/\/www.v6.newmessage.org\/fr\/wp-json\/wp\/v2\/media?parent=29325"}],"wp:term":[{"taxonomy":"category","embeddable":true,"href":"https:\/\/www.v6.newmessage.org\/fr\/wp-json\/wp\/v2\/categories?post=29325"},{"taxonomy":"post_tag","embeddable":true,"href":"https:\/\/www.v6.newmessage.org\/fr\/wp-json\/wp\/v2\/tags?post=29325"}],"curies":[{"name":"wp","href":"https:\/\/api.w.org\/{rel}","templated":true}]}}