{"id":29283,"date":"2020-02-09T11:26:31","date_gmt":"2020-02-09T11:26:31","guid":{"rendered":"https:\/\/www.newmessage.org\/fr\/?page_id=29283"},"modified":"2020-02-13T21:57:28","modified_gmt":"2020-02-13T21:57:28","slug":"webinar-with-marshall-vian-summers-5-octobre-2019","status":"publish","type":"page","link":"https:\/\/www.v6.newmessage.org\/fr\/webinar-with-marshall-vian-summers-5-octobre-2019","title":{"rendered":"Un Webinaire avec Marshall Vian Summers | 5 octobre 2019"},"content":{"rendered":"<h2 style=\"text-align: center;\"><span style=\"color: #947807;\"><strong>Samedi &#8211; 5 octobre 2019<\/strong><\/span><\/h2>\n<h3 style=\"text-align: center;\">Comprendre le grand contexte de notre vie :<\/h3>\n<h3 style=\"text-align: center;\">un monde en pleine mutation ; le but spirituel qui r\u00e9side en chacun de nous ; le contact avec la vie intelligente dans l\u2019univers<\/h3>\n<p>&nbsp;<\/p>\n<p><strong><em><img loading=\"lazy\" decoding=\"async\" width=\"247\" height=\"300\" class=\"alignright size-medium wp-image-29286 imgborder\" src=\"https:\/\/www.newmessage.org\/fr\/wp-content\/uploads\/sites\/38\/2020\/02\/marshall-summers-2018-247x300.jpg\" alt=\"\" \/><\/em><\/strong><\/p>\n<p><strong><em>Webinaire en direct avec traduction en fran\u00e7ais<\/em><\/strong><\/p>\n<p>Rejoignez Marshall Vian Summers pour une discussion en direct portant sur le grand contexte auquel l\u2019humanit\u00e9 est confront\u00e9e \u00e0 notre \u00e9poque, sur notre nature profonde et le but spirituel de notre pr\u00e9sence dans le monde et sur la mani\u00e8re dont tout ceci est reli\u00e9 \u00e0 une plan\u00e8te en pleine mutation et au contact de l\u2019humanit\u00e9 avec la vie intelligente dans l\u2019univers.<\/p>\n<p>Marshall Vian Summers est un enseignant spirituel qui a re\u00e7u \u00e0 la fois les <strong><a href=\"https:\/\/alliesdelhumanite.org\/\">Expos\u00e9s des Alli\u00e9s de l\u2019humanit\u00e9<\/a><\/strong> et une <strong><a href=\"https:\/\/www.nouveaumessagededieu.org\/\">nouvelle R\u00e9v\u00e9lation pour l\u2019humanit\u00e9<\/a><\/strong>. Depuis plus de 30 ans, il enseigne la r\u00e9alit\u00e9 d\u2019un univers de vie intelligente plus vaste et le but spirituel que nous portons tous en nous \u2014 un but spirituel qui nous appelle \u00e0 apporter notre contribution \u00e0 l\u2019humanit\u00e9 dans son processus d\u2019\u00e9mergence dans cette \u201d Grande Communaut\u00e9 \u201d de vie intelligente. Ses livres et ses enseignements sont aujourd\u2019hui en cours de traduction dans plus de 30 langues et sont \u00e9tudi\u00e9s par des gens du monde entier, dans plus de 92 pays \u00e0 ce jour. Marshall s\u2019avance \u00e0 pr\u00e9sent pour enseigner comment se pr\u00e9parer \u00e0 vivre au sein de cette nouvelle r\u00e9alit\u00e9 mondiale qui se profile, en offrant une s\u00e9rie de webinaires en direct pour pr\u00e9senter une nouvelle R\u00e9v\u00e9lation et une nouvelle compr\u00e9hension et pour partager l\u2019approche pratique que vous pouvez mettre en place dans votre vie.<\/p>\n<p>&nbsp;<\/p>\n<p>Durant ce webinaire de 90 minutes environ, avec traduction simultan\u00e9e en fran\u00e7ais, Marshall pr\u00e9sentera un enseignement ax\u00e9 les points suivants, et il r\u00e9pondra ensuite \u00e0 vos questions :<\/p>\n<ul>\n<li><strong>Comment acc\u00e9der \u00e0 l\u2019intelligence plus profonde qui vit en nous et pourquoi cela repr\u00e9sente la cl\u00e9 de notre but et notre destin\u00e9e dans la vie<\/strong><\/li>\n<li><strong>Comment d\u00e9couvrir le but de notre vie \u00e0 cette \u00e9poque et le voyage vers une nouvelle vie qui nous attend<\/strong><\/li>\n<li><strong>De quelle mani\u00e8re notre but spirituel est directement reli\u00e9 \u00e0 l\u2019\u00e9tat du monde et \u00e0 son \u00e9volution \u00e0 une plus large \u00e9chelle<\/strong><\/li>\n<li><strong>Comment comprendre le d\u00e9fi et la r\u00e9alit\u00e9 du contact avec la vie intelligente dans l\u2019univers \u2014 qui est dans notre monde, pourquoi ils sont ici et qu\u2019est-ce que cela signifie<\/strong><\/li>\n<li><strong>Comment nous pr\u00e9parer, et comment pr\u00e9parer les autres, aux \u201d Grandes Vagues \u201d de changements environnementaux, sociaux et politiques qui d\u00e9stabilisent le monde.<\/strong><\/li>\n<li><strong>Comment construire les \u201d Quatre Piliers \u201d de notre vie et nous pr\u00e9parer au grand travail et aux grandes relations qui nous attendent dans le futur<\/strong><\/li>\n<\/ul>\n<p>Au cours de ce webinaire en direct, vous aurez l\u2019opportunit\u00e9 d\u2019entendre l\u2019homme qui a pass\u00e9 plus de trois d\u00e9cennies \u00e0 enseigner une nouvelle r\u00e9alit\u00e9 mondiale et la mani\u00e8re dont cette derni\u00e8re est connect\u00e9e \u00e0 notre \u201d Connaissance \u201d profonde, l\u2019intelligence spirituelle que nous portons tous en nous et qui cherche \u00e0 nous guider dans nos vies.<\/p>\n<p>Dans le cadre de cette conf\u00e9rence, Marshall pr\u00e9sentera une voie de d\u00e9veloppement pas \u00e0 pas appel\u00e9 \u201d Les Pas vers la Connaissance \u201c, enti\u00e8rement gratuite et libre d\u2019acc\u00e8s en ligne, que vous pouvez explorer pour d\u00e9couvrir cette Connaissance et commencer \u00e0 prendre part au d\u00e9veloppement de la conscience et des relations humaines n\u00e9cessaires pour soutenir l\u2019\u00e9volution de notre monde. Marshall nous pr\u00e9sentera \u00e9galement une communaut\u00e9 en ligne de gens du monde entier qui suivent les Pas vers la Connaissance, s\u2019engagent avec le but de leur vie et s\u2019\u00e9duquent, \u00e0 travers une \u00e9cole libre et gratuite fond\u00e9e par Marshall, pour se pr\u00e9parer \u00e0 prendre part \u00e0 la construction d\u2019un nouvel avenir pour l\u2019humanit\u00e9.<\/p>\n<p>Si vous avez le sentiment qu\u2019un changement de direction majeur est en train de se produire dans le monde et que vous savez que vous devez vous y pr\u00e9parer, alors ce webinaire avec Marshall sera une opportunit\u00e9 importante pour vous.<\/p>\n<p>&nbsp;<\/p>\n<p style=\"text-align: center;\"><strong><em>Cet \u00e9v\u00e9nement est termin\u00e9.<\/em><\/strong><\/p>\n<h3 style=\"text-align: center;\">Vous pouvez visionner l&rsquo;enregistrement du Webinaire<\/h3>\n<p style=\"text-align: center;\"><iframe loading=\"lazy\" width=\"560\" height=\"315\" frameborder=\"0\" src=\"https:\/\/www.youtube.com\/embed\/4OMRU33BEKM\"><\/iframe><\/p>\n<h3 class=\"widget-title\" style=\"text-align: center;\">Inscrivez-vous pour recevoir notre newsletter par email<\/h3>\n<p style=\"text-align: center;\"><!-- Begin Mailchimp Signup Form -->\n<link href=\"\/\/cdn-images.mailchimp.com\/embedcode\/horizontal-slim-10_7.css\" rel=\"stylesheet\" type=\"text\/css\">\n<style type=\"text\/css\">\n\t#mc_embed_signup{background:#fff; clear:left; font:14px Helvetica,Arial,sans-serif; width:100%;}\n\t\/* Add your own Mailchimp form style overrides in your site stylesheet or in this style block.\n\t   We recommend moving this block and the preceding CSS link to the HEAD of your HTML file. *\/\n<\/style>\n<div id=\"mc_embed_signup\">\n<form action=\"https:\/\/NouveauMessagedeDieu.us1.list-manage.com\/subscribe\/post?u=b62a83aa674e68545ee781bae&amp;id=d2b68024ba\" method=\"post\" id=\"mc-embedded-subscribe-form\" name=\"mc-embedded-subscribe-form\" class=\"validate\" target=\"_blank\" novalidate>\n<div id=\"mc_embed_signup_scroll\">\n<p>\t<input type=\"email\" value=\"\" name=\"EMAIL\" class=\"email\" id=\"mce-EMAIL\" placeholder=\"adresse email\" required><br \/>\n    <!-- real people should not fill this in and expect good things - do not remove this or risk form bot signups--><\/p>\n<div style=\"position: absolute; left: -5000px;\" aria-hidden=\"true\"><input type=\"text\" name=\"b_b62a83aa674e68545ee781bae_d2b68024ba\" tabindex=\"-1\" value=\"\"><\/div>\n<div class=\"clear\"><input type=\"submit\" value=\"S'inscrire\" name=\"subscribe\" id=\"mc-embedded-subscribe\" class=\"button\"><\/div><\/div>\n<\/form>\n<\/div>\n<p><!--End mc_embed_signup--><\/p>\n<h3 style=\"text-align: center;\"><strong>Les prochains pas que vous pouvez faire :<\/strong><\/h3>\n<p style=\"text-align: center;\">Explorer le <a href=\"https:\/\/www.nouveaumessagededieu.org\/le-message\">Nouveau Message<\/a> et les <a href=\"https:\/\/www.alliesofhumanity.org\/fr\">Expos\u00e9s des Alli\u00e9s<\/a><\/p>\n<p style=\"text-align: center;\"><a href=\"https:\/\/www.nouveaumessagededieu.org\/le-message\/volume-3\/les-pas-vers-la-connaissance\">D\u00e9buter les Pas vers la Connaissance<\/a><\/p>\n<p style=\"text-align: center;\"><a href=\"https:\/\/mailchi.mp\/nouveaumessagededieu\/invitation-au-chat-12549\">Echanger avec des gens du monde entier<\/a><\/p>\n","protected":false},"excerpt":{"rendered":"<p>Samedi &#8211; 5 octobre 2019 Comprendre le grand contexte de notre vie : un monde en pleine mutation ; le but spirituel qui r\u00e9side en chacun de nous ; le contact avec la vie intelligente dans l\u2019univers &nbsp; Webinaire en direct avec traduction en fran\u00e7ais Rejoignez Marshall Vian Summers pour une discussion en direct portant\u2026 <a class=\"read-more\" href=\"https:\/\/www.v6.newmessage.org\/fr\/webinar-with-marshall-vian-summers-5-octobre-2019\"><span>Read More<\/span><\/a><\/p>\n","protected":false},"author":22,"featured_media":0,"parent":0,"menu_order":0,"comment_status":"closed","ping_status":"closed","template":"template-leftsidebar.php","meta":{"_monsterinsights_skip_tracking":false,"_monsterinsights_sitenote_active":false,"_monsterinsights_sitenote_note":"","_monsterinsights_sitenote_category":0,"footnotes":""},"categories":[],"tags":[831],"_links":{"self":[{"href":"https:\/\/www.v6.newmessage.org\/fr\/wp-json\/wp\/v2\/pages\/29283"}],"collection":[{"href":"https:\/\/www.v6.newmessage.org\/fr\/wp-json\/wp\/v2\/pages"}],"about":[{"href":"https:\/\/www.v6.newmessage.org\/fr\/wp-json\/wp\/v2\/types\/page"}],"author":[{"embeddable":true,"href":"https:\/\/www.v6.newmessage.org\/fr\/wp-json\/wp\/v2\/users\/22"}],"replies":[{"embeddable":true,"href":"https:\/\/www.v6.newmessage.org\/fr\/wp-json\/wp\/v2\/comments?post=29283"}],"version-history":[{"count":11,"href":"https:\/\/www.v6.newmessage.org\/fr\/wp-json\/wp\/v2\/pages\/29283\/revisions"}],"predecessor-version":[{"id":29307,"href":"https:\/\/www.v6.newmessage.org\/fr\/wp-json\/wp\/v2\/pages\/29283\/revisions\/29307"}],"wp:attachment":[{"href":"https:\/\/www.v6.newmessage.org\/fr\/wp-json\/wp\/v2\/media?parent=29283"}],"wp:term":[{"taxonomy":"category","embeddable":true,"href":"https:\/\/www.v6.newmessage.org\/fr\/wp-json\/wp\/v2\/categories?post=29283"},{"taxonomy":"post_tag","embeddable":true,"href":"https:\/\/www.v6.newmessage.org\/fr\/wp-json\/wp\/v2\/tags?post=29283"}],"curies":[{"name":"wp","href":"https:\/\/api.w.org\/{rel}","templated":true}]}}