{"id":29211,"date":"2019-08-29T21:03:55","date_gmt":"2019-08-29T21:03:55","guid":{"rendered":"http:\/\/www.newmessage.org\/fr\/?page_id=29211"},"modified":"2019-09-01T19:12:24","modified_gmt":"2019-09-01T19:12:24","slug":"le-feu-spirituel","status":"publish","type":"page","link":"https:\/\/www.v6.newmessage.org\/fr\/le-message\/volume-1\/le-pouvoir-de-la-connaissance\/le-feu-spirituel","title":{"rendered":"Le Feu Spirituel"},"content":{"rendered":"<div><!-- Version 7.06 --><\/div>\n\n<div class=\"tabgroup \"><ul class=\"tabs\"><li><a href=\"#tabs-1\">R\u00e9v\u00e9lation<\/a><\/li>\n<li><a href=\"#tabs-2\">Note<\/a><\/li><\/ul>\n <div id=\"tabs-1\"><\/p>\n<p>\u00c9coutez la r\u00e9v\u00e9lation originale en anglais :<\/p>\n<div id=\"jquery_jplayer_1\" class=\"jp-jplayer\"><\/div>\n\t\t\t\t<div id=\"jp_container_1\" class=\"jp-audio\">\n\t\t\t\t<div class=\"jp-type-single\"><div class=\"jp-control\"><a href=\"javascript:;\" class=\"jp-play\" tabindex=\"1\">play<\/a><a href=\"javascript:;\" class=\"jp-pause\" tabindex=\"1\">pause<\/a><\/div> <div class=\"jp-gui jp-interface\"><div class=\"jp-volume\"><div class=\"jp-volume-bar\"><div class=\"jp-volume-bar-value\"><\/div><\/div><\/div><div class=\"jp-progress\"><div class=\"jp-seek-bar\"><div class=\"jp-play-bar\"><\/div><\/div><\/div><\/div>\t\t\t\t\t<div class=\"jp-no-solution\"><span>Update Required<\/span>To play the media you will need to either update your browser to a recent version or update your <a href=\"http:\/\/get.adobe.com\/flashplayer\/\" target=\"_blank\">Flash plugin<\/a>.<\/div><\/div><\/div>\n\t\t\t<script type='text\/javascript'>\n\t\t\t\tjQuery(document).ready(function() {\n\t\t\t\t\tif (typeof (sermonMedia) == 'function') {\n\t\t\t\t\t\tsermonMedia.addAudio('', \"jquery_jplayer_1\");\n\t\t\t\t\t}\n\t\t\t\t\tjQuery.jPlayer.timeFormat.showHour = true;\n\t\t\t\t\tjQuery(\"#jquery_jplayer_1\").jPlayer({\n\t\t\t\t\t\tready: function(event) {\n\t\t\t\t\t\t\tjQuery(this).jPlayer(\"setMedia\", {mp3: 'https:\/\/www.newmessage.org\/av\/the-spiritual-fire.mp3'});\n\t\t\t\t\t\t},\n\t\t\t\t\t\tplay: function() {\n\t\t\t\t\t\t\tjQuery(this).jPlayer(\"pauseOthers\");\n\t\t\t\t\t\t},\n\t\t\t\t\t\tswfPath: ThemeData.directory_uri+\"\/swf\",\n\t\t\t\t\t\tsolution: \"html, flash\",\n\t\t\t\t\t\tpreload: \"metadata\",\n\t\t\t\t\t\twmode: \"window\",\n\t\t\t\t\t\tsupplied: \"mp3\",\n\t\t\t\t\t\tcssSelectorAncestor: '#jp_container_1'\n\t\t\t\t\t});\n\t\t\t\t});\n\t\t\t<\/script><\/p>\n<p><a title=\"The Spiritual Fire\" href=\"https:\/\/www.newmessage.org\/av\/the-spiritual-fire.mp3\">T\u00e9l\u00e9charger<\/a> (utilisez le clic droit)<\/p>\n<p class=\"revelation_details\"><em><a href=\"https:\/\/www.newmessage.org\/wp-content\/uploads\/2019\/05\/POK-13-The-Spiritual-Fire.jpeg\"><img decoding=\"async\" class=\"aligncenter size-medium wp-image-40605 imgborder\" src=\"https:\/\/www.newmessage.org\/wp-content\/uploads\/2019\/05\/POK-13-The-Spiritual-Fire-300x157.jpeg\" alt=\"\" \/><\/a><\/em><em>Tel que r\u00e9v\u00e9l\u00e9 au Messager de Dieu<br \/>\nMarshall Vian Summers<br \/>\nle 23 f\u00e9vrier 2013<br \/>\n\u00e0 Boulder, Colorado<\/em><\/p>\n<div class=\"toggle toggle-white\"><h4 class=\"trigger \"><span class=\"t_ico\"><\/span><a href=\"#\">\u00c0 propos de cet enregistrement<\/a><\/h4><div class=\"toggle_container \"><br \/>\n<p>Ce que vous entendez dans cet enregistrement audio est la voix de <a href=\"http:\/\/www.nouveaumessagededieu.org\/le-message\/important-terms#aa\" target=\"_blank\" rel=\"noopener noreferrer\">l&rsquo;Assembl\u00e9e Ang\u00e9lique<\/a> parlant \u00e0 travers le <a href=\"http:\/\/www.nouveaumessagededieu.org\/messager-de-dieu\" target=\"_blank\" rel=\"noopener noreferrer\">Messager Marshall Vian Summers<\/a>.<\/p>\n<p>Ici, la communication originale de Dieu, qui existe au-del\u00e0 des mots, est traduite en un langage et un entendement humains par <a href=\"http:\/\/www.nouveaumessagededieu.org\/le-message\/important-terms#aa\" target=\"_blank\" rel=\"noopener noreferrer\">l&rsquo;Assembl\u00e9e Ang\u00e9lique<\/a> qui veille sur le monde. L&rsquo;Assembl\u00e9e apporte alors le Message de Dieu \u00e0 travers le Messager.<\/p>\n<p>Dans ce processus remarquable, la <a href=\"http:\/\/www.nouveaumessagededieu.org\/le-message\/important-terms#vr\" target=\"_blank\" rel=\"noopener noreferrer\">Voix de la R\u00e9v\u00e9lation<\/a> parle \u00e0 nouveau. La Parole et le Son sont dans le monde. Pour la premi\u00e8re fois dans l&rsquo;histoire, l&rsquo;enregistrement de la r\u00e9v\u00e9lation parl\u00e9e originale est accessible pour que vous en fassiez l&rsquo;exp\u00e9rience.<\/p>\n<p>Puissiez-vous recevoir ce don de R\u00e9v\u00e9lation et puissiez-vous vous ouvrir \u00e0 son Message unique pour vous et pour votre vie.<\/p>\n<\/div><\/div><\/div>\n<div id=\"tabs-2\"><br \/>\n<em>Note aux lecteurs :<br \/>\nCette traduction a \u00e9t\u00e9 fournie \u00e0 la Society par des \u00e9tudiants du Nouveau Message qui se sont port\u00e9s volontaires pour traduire le texte original en anglais. Nous rendons cette traduction publique sous cette forme perfectible pour que les gens aient une chance de d\u00e9couvrir une portion du Nouveau Message dans leur propre langue.<\/em><br \/>\n<\/div>\n\t\t\t\t<div align=\"right\">\n\t\t\t<div class=\"fb-like\" data-href=\"\" data-layout=\"button_count\" data-action=\"like\" data-show-faces=\"false\" data-share=\"false\"><\/div>\n\t\t\t<div class=\"fb-share-button\" data-layout=\"button_count\"> <\/div>\n\t\t\t<div class=\"fb_iframe_widget\"><a href=\"https:\/\/twitter.com\/godsnewmessage?ref_src=twsrc%5Etfw\" class=\"twitter-follow-button\" data-show-count=\"false\">Follow @godsnewmessage<\/a><script async src=\"https:\/\/platform.twitter.com\/widgets.js\" charset=\"utf-8\"><\/script><\/div>\n\t\t\t<\/div> <\/div> \n\n<p>En vous, au plus profond de vous, sous la surface de l&rsquo;esprit, dans un endroit que vous connaissez \u00e0 peine, se trouve un Feu, un Feu spirituel. C&rsquo;est la source de votre inspiration. C&rsquo;est le Feu de la Connaissance, l&rsquo;Esprit plus profond qui est en vous, br\u00fblant comme un foyer, consumant vos erreurs et votre douleur, vous purifiant, vous b\u00e9nissant, vous guidant.<\/p>\n<p>Mais vous \u00eates loin de ce foyer \u2013 vous vivez \u00e0 la surface, la surface turbulente de votre esprit ; vous vivez \u00e0 la surface du monde, avec toutes ses trag\u00e9dies, ses incitations et ses malheurs ; vous \u00eates occup\u00e9, pris par les choses, stimul\u00e9 mais agit\u00e9, pouss\u00e9 par votre vie, par vos besoins, par vos possessions et par les exigences des autres. Vous ne sentez pas ce Feu, bien qu&rsquo;il br\u00fble en vous.<\/p>\n<p>En tant que cr\u00e9ature de la Terre, votre c\u0153ur continuera de battre, votre corps travaillera. Mais ce n\u2019est pas l\u00e0 ce qui peut g\u00e9n\u00e9rer le d\u00e9sir de cr\u00e9er, le d\u00e9sir d&rsquo;\u00e9tablir de vraies relations, le d\u00e9sir de sens et la recherche de sens. Ces choses-l\u00e0 doivent provenir d&rsquo;une motivation plus profonde qui vit en vous, au plus profond de vous.<\/p>\n<p>Ces choses viennent du Feu, car le Feu est le moteur de votre plus grande vie. Il g\u00e9n\u00e8re une plus grande motivation au-del\u00e0 de la simple survie et du simple fait de s&rsquo;adonner \u00e0 des activit\u00e9s dans ce monde. Il produit une recherche de sens au-del\u00e0 du confort et de la s\u00e9curit\u00e9. Il vous emm\u00e8ne plus loin que vous ne l&rsquo;auriez fait autrement. Il vous met au d\u00e9fi. Il cherche \u00e0 vous faire aller plus loin, au-del\u00e0 de ce point, m\u00eame au-del\u00e0 de toute r\u00e9ussite que vous avez le sentiment de devoir atteindre pour vous-m\u00eame. Pour assurer votre bonheur et votre s\u00e9curit\u00e9 dans le monde, il y a ce Feu plus grand qui vous pousse \u00e0 un but plus \u00e9lev\u00e9 et vous appelle \u00e0 la vie.<\/p>\n<p>Comment saurez-vous que ce Feu est l\u00e0 ? Parce que lorsque vous entrez dans la qui\u00e9tude, lorsque vous vous asseyez tranquillement, vous pouvez le ressentir. Il ne r\u00e9side pas dans une partie unique de votre corps, mais vous pouvez le ressentir dans votre c\u0153ur et dans votre estomac. Vous pouvez ressentir la pression qui vous pousse \u00e0 chercher ce qui vous appelle dans le monde.<\/p>\n<p>Vous ne pouvez pas vous sentir \u00e0 l&rsquo;aise avec seulement du confort. Vous ne pouvez pas \u00eatre s\u00fbr de vous avec toutes les apparences de la s\u00e9curit\u00e9. Vous ne pouvez pas vous contenter de petites choses, car le Feu est l\u00e0. Il est myst\u00e9rieux. Vous ne pouvez pas le conceptualiser. Vous ne pouvez pas l&rsquo;utiliser \u00e0 vos propres fins. Vous ne pouvez pas l&rsquo;utiliser pour obtenir de la richesse ou des privil\u00e8ges ou pour convaincre d&rsquo;autres personnes. Le Feu a son but propre. Il a de plus grands projets pour votre vie.<\/p>\n<p>Ici, la Connaissance n&rsquo;est pas seulement un concept ou une chose imagin\u00e9e. C&rsquo;est une r\u00e9alit\u00e9 visc\u00e9rale. Vous pouvez la ressentir dans votre corps. Elle est la source de votre force de vie ici. Elle est puissante. Elle est subtile. Si vous veniez \u00e0 proximit\u00e9 d\u2019elle, vous verriez \u00e0 quel point elle est forte et \u00e0 quel point elle illumine le paysage en vous.<\/p>\n<p>Mais au loin, c&rsquo;est un point de lumi\u00e8re unique, une lumi\u00e8re vacillante sur l&rsquo;horizon \u00e0 l&rsquo;int\u00e9rieur de vous. Vous ne pouvez pas encore ressentir sa chaleur, sa puissance, son encouragement et sa direction. Car vous \u00eates perdu dans le monde \u2013 pris dans le monde, pris dans votre mental, qui est lui-m\u00eame pris dans le monde ; fascin\u00e9 et effray\u00e9 par les choses qui vous entourent, surstimul\u00e9 et surinvesti. Votre mental domine votre attention. Vos activit\u00e9s vous prennent tout votre temps. Aussi ressentez-vous \u00e0 peine le Feu, sauf dans les moments de sobri\u00e9t\u00e9 ou de repos. Vous pouvez sentir qu&rsquo;il y a quelque chose en vous \u2013 la source de votre \u00e9nergie, votre plus grande \u00e9nergie.<\/p>\n<p>Vous allez avoir besoin de ce Feu. Vous allez avoir besoin de ce Feu pour faire face \u00e0 un monde d\u2019une instabilit\u00e9 environnementale, sociale et \u00e9conomique croissante. Vous allez avoir besoin de ce Feu pour faire face \u00e0 l&rsquo;incertitude croissante des gens qui vous entourent. Vous allez avoir besoin de ce Feu pour construire les Quatre Piliers de votre vie : le Pilier des Relations, le Pilier de la Sant\u00e9, le Pilier du Travail et du Pourvoiement et le Pilier du D\u00e9veloppement Spirituel. Ce sont les Piliers qui soutiennent votre vie et ils vous donneront la force d&rsquo;endurer les \u00e9preuves et le grand changement qui s&rsquo;annonce dans le monde.<\/p>\n<p>Vous avez besoin de ce Feu pour vous emp\u00eacher de sombrer dans le d\u00e9sespoir ou de devenir blas\u00e9 et cynique. Vous avez besoin de ce Feu pour garder les yeux ouverts, pour continuer \u00e0 \u00e9couter, pour observer et surveiller l&rsquo;horizon de votre vie. Vous aurez besoin de ce Feu pour trouver ceux qui d\u00e9tiennent la cl\u00e9 de votre plus grand travail et de vos plus grandes relations dans la vie.<\/p>\n<p>Car si vous ne vivez qu&rsquo;\u00e0 la surface de votre mental, vous y p\u00e9rirez. Vous perdrez votre direction. Vous perdrez votre motivation. Vous perdrez votre passion pour la vie. Vous perdrez votre inspiration. Et vous sombrerez dans le d\u00e9sespoir. M\u00eame si vous vivez dans l&rsquo;aisance et le luxe, vous sombrerez dans le d\u00e9sespoir.<\/p>\n<p>Dieu vous a donn\u00e9 la Connaissance pour vous guider, pour vous b\u00e9nir, pour vous prot\u00e9ger et pour vous pr\u00e9parer \u00e0 une plus grande vie d&rsquo;accomplissement et de contribution dans le monde. Cette Connaissance a un feu, un pouvoir et une puissance intrins\u00e8ques. Elle est assez forte pour surmonter votre inhibition, pour vous pousser \u00e0 faire certaines choses ou pour vous prot\u00e9ger de choses qui pourraient vous nuire, vous distraire ou mener votre vie dans une direction dangereuse.<\/p>\n<p>Elle est plus puissante que vos id\u00e9es. Plus puissante que vos croyances arr\u00eat\u00e9es, plus puissante que toutes les croyances arr\u00eat\u00e9es du monde r\u00e9unies, tel est le pouvoir de la Connaissance en vous. Et ce Feu est son pouvoir. Car c&rsquo;est le Feu de l&rsquo;amour. C&rsquo;est le Feu du courage. C&rsquo;est le Feu de la d\u00e9termination. C&rsquo;est le Feu de la compassion et du pardon. C&rsquo;est le Feu qui purifie tout ce qui est impur et nuisible en vous.<\/p>\n<p>Lorsque vous commencerez \u00e0 faire les Pas vers la Connaissance et \u00e0 apprendre \u00e0 ressentir votre vie sous la surface de votre mental, vous commencerez \u00e0 ressentir la chaleur, la force et la puissance de ce Feu. Il vous donnera du courage. Il vous r\u00e9tablira. Et il vous \u00e9loignera de votre peur et de votre anxi\u00e9t\u00e9. Il vous montrera que tous ceux envers qui vous avez des griefs vous enseignent en fait \u00e0 appr\u00e9cier cette Connaissance et \u00e0 vous rapprocher de ce Feu.<\/p>\n<p>C&rsquo;est l\u00e0 votre libert\u00e9, voyez-vous, car rien au monde ne peut \u00e9teindre ce Feu. Et il reste pur en vous. M\u00eame si votre vie a \u00e9t\u00e9 souill\u00e9e, m\u00eame si votre vie a \u00e9t\u00e9 gaspill\u00e9e, m\u00eame si votre vie souffre actuellement de l&rsquo;oppression des autres, le Feu est pur en vous. Il vous donnera les yeux pour voir et les oreilles pour entendre et la force de regarder la vie avec objectivit\u00e9. Il vous d\u00e9livrera de vos obsessions et de vos addictions, car il est plus puissant que ces derni\u00e8res.<\/p>\n<p>Dieu ne vous a pas seulement donn\u00e9 la sagesse. Dieu vous a donn\u00e9 le Feu pour r\u00e9aliser et vivre cette sagesse. Si vous vous asseyez tranquillement, vous pouvez commencer \u00e0 le ressentir une fois que votre mental s&rsquo;est apais\u00e9. Il est vraiment si proche de vous, mais vous regardez dans une autre direction\u00a0! Votre esprit est ailleurs \u2013 pris dans les choses, pris dans l\u2019avenir, pris dans le pass\u00e9.<\/p>\n<p>Avec ce Feu, vous ressentirez la Pr\u00e9sence qui demeure avec vous, la Pr\u00e9sence de ceux qui veillent sur vous, la Pr\u00e9sence que ce Feu sacr\u00e9 maintient en vous \u2013 le Feu qui ne peut \u00eatre \u00e9teint, car il br\u00fblait avant votre venue en ce monde, et il br\u00fblera lorsque vous quitterez cet endroit.<\/p>\n<p>Riche ou pauvre, quelles que soient les circonstances de votre vie, les dilemmes ou les difficult\u00e9s qui vous attendent en ce moment-m\u00eame, vous pouvez retourner au Feu. Votre r\u00e9demption est si proche, mais il vous faudra du temps pour amener cette conscience dans votre vie, pour \u00e9tablir les pratiques qui vous sont n\u00e9cessaires pour vous engager avec votre nature profonde et pour b\u00e9n\u00e9ficier de la plus grande force que Dieu vous a donn\u00e9e.<\/p>\n<p>Car Dieu ne dirige pas votre vie et ne g\u00e8re pas vos affaires. Dieu vous a donn\u00e9 le pouvoir de la Connaissance pour vous donner une vraie direction et un vrai but dans un monde chaotique. Vous \u00eates n\u00e9 avec ce pouvoir. Il est avec vous maintenant. Et il sera avec vous quand vous quitterez cet endroit. Quel plus grand don Dieu pourrait-il vous faire ?<\/p>\n<p>Le monde est chaotique. Ne pensez pas que tout serve un but plus \u00e9lev\u00e9. Ne pensez pas que tout soit guid\u00e9 divinement, car Dieu a mis en mouvement les forces biologiques, g\u00e9ologiques et les forces de l\u2019\u00e9volution au commencement des temps, et celles-ci \u0153uvrent par elles-m\u00eames. Par cons\u00e9quent, le changement est impr\u00e9visible. Tout peut changer en un instant. Vos erreurs ou celles des autres peuvent changer le cours de votre vie. Des trag\u00e9dies peuvent se produire. Rien n&rsquo;est assur\u00e9 si ce n&rsquo;est le pouvoir de la Connaissance en vous.<\/p>\n<p>Lorsque vous prendrez conscience de cela, vous vous tournerez vers le Ciel et vers la force que le Ciel vous a donn\u00e9e. Ce sera le grand tournant \u2013 quand vous verrez que la seule v\u00e9ritable s\u00e9curit\u00e9 que vous avez dans ce monde est le pouvoir de la Connaissance en vous, la force de vos relations et la mesure dans laquelle vous avez construit les Quatre Piliers de votre vie.<\/p>\n<p>Au-del\u00e0 de cela, tout n&rsquo;est qu&rsquo;id\u00e9es et sp\u00e9culations, fantasmes et croyances. Mais la croyance a peu de pouvoir contre les forces du changement dans le monde. Et Dieu vous a donn\u00e9 une plus grande force sur laquelle vous pouvez compter dans tous les domaines de votre vie.<\/p>\n<p>Lorsque vous r\u00e9aliserez que les substituts \u00e0 ce pouvoir ne peuvent assurer votre s\u00e9curit\u00e9 ou votre r\u00e9ussite, vous vous tournerez vers la force que le Ciel vous a donn\u00e9e \u2013 une Sagesse, une Pr\u00e9sence et un Feu. Vous ne pouvez imaginer \u00e0 quel point cette force est importante pour vous et comment elle peut guider vos d\u00e9cisions et vous lib\u00e9rer de l&rsquo;ambivalence et de la confusion qui sont si r\u00e9pandues.<\/p>\n<p>C&rsquo;est la raison pour laquelle les gens ont des croyances si fortes et si fixes\u00a0: parce qu&rsquo;en dessous, ils ont peur et sont confus. Et plus ils ont peur et sont confus, plus ils s&rsquo;attachent \u00e0 leurs id\u00e9es ou \u00e0 leurs associations dans la vie avec une pers\u00e9v\u00e9rance obstin\u00e9e et idiote. Ils ne peuvent pas voir au-del\u00e0 de la prison qu&rsquo;ils se sont cr\u00e9\u00e9e. Ils se sont enferm\u00e9s \u00e0 l&rsquo;int\u00e9rieur. Ils ne peuvent pas voir le lever du soleil. Ils ne peuvent pas voir le myst\u00e8re de leur vie. Telle n&rsquo;est pas votre destin\u00e9e.<\/p>\n<p>Ne cherchez pas la confirmation intellectuelle, car elle est faible et changeante, avec peu de fondement dans le monde. Dieu vous a donn\u00e9 une plus grande force. La t\u00e2che consiste maintenant \u00e0 faire les Pas vers la Connaissance, car c&rsquo;est l\u00e0 l&rsquo;essence de toute pratique spirituelle, donn\u00e9e maintenant dans la Nouvelle R\u00e9v\u00e9lation de Dieu sous une forme pure qui n&rsquo;a pas \u00e9t\u00e9 modifi\u00e9e ou adapt\u00e9e par les gens au fil du temps.<\/p>\n<p>Votre t\u00e2che est de vous engager avec le pouvoir et la pr\u00e9sence de la Connaissance et d&rsquo;apporter une r\u00e9solution \u00e0 votre vie ext\u00e9rieure, car celle-ci draine votre temps, votre \u00e9nergie et vos ressources. Votre t\u00e2che est maintenant de faire les Pas vers la Connaissance pour trouver le plus grand pouvoir et pour ressentir cette puissance, qui est le Feu de la Connaissance en vous.<\/p>\n<p>Ce n&rsquo;est pas le feu de la croyance passionn\u00e9e. Ce n&rsquo;est pas le feu de l&rsquo;admonition. Ce n&rsquo;est pas le feu d&rsquo;un Dieu col\u00e9rique qui renverse les nations. Abandonnez ces id\u00e9es, car elles sont n\u00e9es de l&rsquo;ignorance et de la condamnation humaines. Un Dieu col\u00e9rique est la projection et la cr\u00e9ation de personnes col\u00e9riques.<\/p>\n<p>La puissance que Dieu vous a donn\u00e9e est gracieuse, mais puissante. Elle est d\u00e9termin\u00e9e. Vous ne pouvez pas n\u00e9gocier avec elle. Vous ne pouvez que la recevoir et r\u00e9pondre \u00e0 ses dons et \u00e0 sa direction, \u00e0 mesure que vous vous frayez votre chemin dans un monde de plus en plus difficile et tourment\u00e9.<\/p>\n<p>La Lumi\u00e8re de la R\u00e9v\u00e9lation vit en un endroit en vous que vous avez oubli\u00e9 au cours de votre voyage dans le monde\u00a0; en un endroit o\u00f9 vous \u00eates en s\u00e9curit\u00e9 et o\u00f9 vous avez l&rsquo;assurance de votre avenir. Car c&rsquo;est la partie de vous qui ne peut \u00eatre d\u00e9truite et qui ne peut \u00eatre corrompue. C&rsquo;est la Lumi\u00e8re de l&rsquo;esp\u00e9rance pour ceux qui sont opprim\u00e9s. C&rsquo;est la Lumi\u00e8re de l&rsquo;\u00e9l\u00e9vation pour ceux qui sont d\u00e9prim\u00e9s. C&rsquo;est la force de ceux qui n&rsquo;ont apparemment aucun pouvoir dans le monde. C&rsquo;est le don de la vie pour ceux qui ont acquis trop de choses et dont la vie stagne au milieu de leurs possessions. C&rsquo;est la r\u00e9solution, voyez-vous, car Dieu a mis la r\u00e9ponse en vous avant m\u00eame que les questions n&rsquo;aient surgi.<\/p>\n<p>Peu importe les difficult\u00e9s de votre situation, Dieu a mis en vous le pouvoir qui peut vous sortir de la jungle de la confusion. Et le Feu br\u00fble. Une fois qu&rsquo;on l\u2019a ressenti, une fois qu&rsquo;on l\u2019a reconnu, on ne peut l&rsquo;oublier. Une fois que ses dons ont \u00e9t\u00e9 re\u00e7us, il mettra en marche un processus de r\u00e9\u00e9valuation de votre vie \u00e0 mesure que les faux dieux commencent \u00e0 choir. Il vous restaurera et vous rach\u00e8tera au fil du temps, \u00e0 mesure que vous apprendrez \u00e0 suivre ses conseils et \u00e0 devenir le v\u00e9hicule de son expression dans le monde.<\/p>\n<p>C&rsquo;est le Feu qui transcende les croyances et l\u2019id\u00e9ologie religieuses. Il est l\u00e0 pour tout le monde \u2013 pour le chr\u00e9tien, pour le bouddhiste, pour le musulman, pour le juif et pour toutes les autres formes de pratique et de compr\u00e9hension religieuses. Il est reconnu dans certaines traditions. On le consid\u00e8re comme un \u00ab\u00a0dieu\u00a0\u00bb dans certaines traditions du pass\u00e9 \u2013 le dieu Feu, le dieu du feu \u2013 car le feu est puissance, le feu est restauration, le feu est survie, le feu est chaleur. Mais celui-ci est un autre genre de Feu. Ce feu-l\u00e0 ne d\u00e9truit pas. Ce feu-l\u00e0 ne br\u00fble pas votre maison. Ce feu-l\u00e0 ne br\u00fble pas votre corps et ne lui fait pas de mal. C&rsquo;est le Feu spirituel, voyez-vous. Il consomme ce qui est impur.<\/p>\n<p>Donnez donc votre peur \u00e0 ce Feu. Donnez votre ambivalence \u00e0 ce Feu. Donnez votre sentiment d&rsquo;oppression \u00e0 ce Feu. Donnez votre col\u00e8re, votre haine et votre condamnation \u00e0 ce Feu. Visualisez-vous assis pr\u00e8s de lui et y introduisant ces choses, car il purifiera tout ce qui n\u2019est pas vrai.<\/p>\n<p>La Nouvelle R\u00e9v\u00e9lation de Dieu pour le monde apporte avec clart\u00e9 la puissance de la r\u00e9demption pour l&rsquo;individu et la plus grande esp\u00e9rance pour le monde. Car si le pouvoir de la Connaissance en l&rsquo;individu ne peut \u00eatre allum\u00e9, il n&rsquo;y a aucun espoir pour le monde. L&rsquo;humanit\u00e9 suivra sa trajectoire d\u00e9sesp\u00e9r\u00e9e et destructrice, avec des cons\u00e9quences in\u00e9vitables, et le monde sera endommag\u00e9 \u00e0 un point tel qu&rsquo;il pourra \u00e0 peine soutenir une population humaine. Tel est le produit de la cupidit\u00e9, de la corruption et de l&rsquo;ignorance humaines.<\/p>\n<p>C&rsquo;est maintenant le Feu qui est plus essentiel que jamais. Il n\u2019est pas seulement l\u00e0 pour votre r\u00e9demption personnelle. Il est l\u00e0 pour restaurer le monde, pour pr\u00e9parer l&rsquo;humanit\u00e9 \u00e0 vivre dans un monde nouveau et \u00e0 affronter un univers, une Grande Communaut\u00e9 de vie, qui modifiera le cours de la destin\u00e9e humaine et l&rsquo;avenir de chaque personne.<\/p>\n<p>Vous pouvez vous sentir d\u00e9sesp\u00e9r\u00e9, mais l&rsquo;espoir vit en vous. Vous pouvez vous sentir impuissant, mais la force vit en vous. Vous pouvez vous sentir oppress\u00e9 par votre situation, mais une vie plus grande vit en vous, attendant d&rsquo;\u00eatre re\u00e7ue, exprim\u00e9e et d\u00e9couverte.<\/p>\n<p>Venez, donc, au Feu. Venez, donc, \u00e0 ce qui vous r\u00e9chauffe, \u00e0 ce qui vous donne force et courage, et qui vous redonne votre dignit\u00e9 et votre raison d&rsquo;\u00eatre dans le monde. Telle est la b\u00e9n\u00e9diction. Telle est l&rsquo;offrande. C&rsquo;est ainsi que Dieu vous ram\u00e8ne et vous donne une vie plus grande dans ce monde.<\/p>\n<p>&nbsp;<\/p>\n","protected":false},"excerpt":{"rendered":"<p>En vous, au plus profond de vous, sous la surface de l&rsquo;esprit, dans un endroit que vous connaissez \u00e0 peine, se trouve un Feu, un Feu spirituel. C&rsquo;est la source de votre inspiration. C&rsquo;est le Feu de la Connaissance, l&rsquo;Esprit plus profond qui est en vous, br\u00fblant comme un foyer, consumant vos erreurs et votre\u2026 <a class=\"read-more\" href=\"https:\/\/www.v6.newmessage.org\/fr\/about-recording-shortcode\"><span>Read More<\/span><\/a><\/p>\n","protected":false},"author":22,"featured_media":0,"parent":29150,"menu_order":0,"comment_status":"closed","ping_status":"closed","template":"template-leftsidebar.php","meta":{"_monsterinsights_skip_tracking":false,"_monsterinsights_sitenote_active":false,"_monsterinsights_sitenote_note":"","_monsterinsights_sitenote_category":0,"footnotes":""},"categories":[44,76,30,817,460],"tags":[821],"_links":{"self":[{"href":"https:\/\/www.v6.newmessage.org\/fr\/wp-json\/wp\/v2\/pages\/29211"}],"collection":[{"href":"https:\/\/www.v6.newmessage.org\/fr\/wp-json\/wp\/v2\/pages"}],"about":[{"href":"https:\/\/www.v6.newmessage.org\/fr\/wp-json\/wp\/v2\/types\/page"}],"author":[{"embeddable":true,"href":"https:\/\/www.v6.newmessage.org\/fr\/wp-json\/wp\/v2\/users\/22"}],"replies":[{"embeddable":true,"href":"https:\/\/www.v6.newmessage.org\/fr\/wp-json\/wp\/v2\/comments?post=29211"}],"version-history":[{"count":4,"href":"https:\/\/www.v6.newmessage.org\/fr\/wp-json\/wp\/v2\/pages\/29211\/revisions"}],"predecessor-version":[{"id":29220,"href":"https:\/\/www.v6.newmessage.org\/fr\/wp-json\/wp\/v2\/pages\/29211\/revisions\/29220"}],"up":[{"embeddable":true,"href":"https:\/\/www.v6.newmessage.org\/fr\/wp-json\/wp\/v2\/pages\/29150"}],"wp:attachment":[{"href":"https:\/\/www.v6.newmessage.org\/fr\/wp-json\/wp\/v2\/media?parent=29211"}],"wp:term":[{"taxonomy":"category","embeddable":true,"href":"https:\/\/www.v6.newmessage.org\/fr\/wp-json\/wp\/v2\/categories?post=29211"},{"taxonomy":"post_tag","embeddable":true,"href":"https:\/\/www.v6.newmessage.org\/fr\/wp-json\/wp\/v2\/tags?post=29211"}],"curies":[{"name":"wp","href":"https:\/\/api.w.org\/{rel}","templated":true}]}}