{"id":28985,"date":"2018-12-19T20:42:44","date_gmt":"2018-12-19T20:42:44","guid":{"rendered":"http:\/\/www.newmessage.org\/fr\/?page_id=28985"},"modified":"2019-02-19T18:09:33","modified_gmt":"2019-02-19T18:09:33","slug":"appel-du-messager","status":"publish","type":"page","link":"https:\/\/www.v6.newmessage.org\/fr\/le-message\/volume-1\/le-nouveau-messager\/appel-du-messager","title":{"rendered":"L&rsquo;Appel du Messager"},"content":{"rendered":"<div><!-- Version 8.3 --><\/div>\n\n<div class=\"tabgroup \"><ul class=\"tabs\"><li><a href=\"#tabs-1\">R\u00e9v\u00e9lation<\/a><\/li>\n<li><a href=\"#tabs-2\">Vid\u00e9o<\/a><\/li>\n<li><a href=\"#tabs-3\">Note<\/a><\/li><\/ul>\n <div id=\"tabs-1\"><\/p>\n<p>\u00c9coutez la r\u00e9v\u00e9lation originale en anglais :<\/p>\n<div id=\"jquery_jplayer_1\" class=\"jp-jplayer\"><\/div>\n\t\t\t\t<div id=\"jp_container_1\" class=\"jp-audio\">\n\t\t\t\t<div class=\"jp-type-single\"><div class=\"jp-control\"><a href=\"javascript:;\" class=\"jp-play\" tabindex=\"1\">play<\/a><a href=\"javascript:;\" class=\"jp-pause\" tabindex=\"1\">pause<\/a><\/div> <div class=\"jp-gui jp-interface\"><div class=\"jp-volume\"><div class=\"jp-volume-bar\"><div class=\"jp-volume-bar-value\"><\/div><\/div><\/div><div class=\"jp-progress\"><div class=\"jp-seek-bar\"><div class=\"jp-play-bar\"><\/div><\/div><\/div><\/div>\t\t\t\t\t<div class=\"jp-no-solution\"><span>Update Required<\/span>To play the media you will need to either update your browser to a recent version or update your <a href=\"http:\/\/get.adobe.com\/flashplayer\/\" target=\"_blank\">Flash plugin<\/a>.<\/div><\/div><\/div>\n\t\t\t<script type='text\/javascript'>\n\t\t\t\tjQuery(document).ready(function() {\n\t\t\t\t\tif (typeof (sermonMedia) == 'function') {\n\t\t\t\t\t\tsermonMedia.addAudio('', \"jquery_jplayer_1\");\n\t\t\t\t\t}\n\t\t\t\t\tjQuery.jPlayer.timeFormat.showHour = true;\n\t\t\t\t\tjQuery(\"#jquery_jplayer_1\").jPlayer({\n\t\t\t\t\t\tready: function(event) {\n\t\t\t\t\t\t\tjQuery(this).jPlayer(\"setMedia\", {mp3: 'https:\/\/newmessage.org\/av\/the-messengers-calling.mp3'});\n\t\t\t\t\t\t},\n\t\t\t\t\t\tplay: function() {\n\t\t\t\t\t\t\tjQuery(this).jPlayer(\"pauseOthers\");\n\t\t\t\t\t\t},\n\t\t\t\t\t\tswfPath: ThemeData.directory_uri+\"\/swf\",\n\t\t\t\t\t\tsolution: \"html, flash\",\n\t\t\t\t\t\tpreload: \"metadata\",\n\t\t\t\t\t\twmode: \"window\",\n\t\t\t\t\t\tsupplied: \"mp3\",\n\t\t\t\t\t\tcssSelectorAncestor: '#jp_container_1'\n\t\t\t\t\t});\n\t\t\t\t});\n\t\t\t<\/script><\/p>\n<p><a href=\"\/\/www.newmessage.org\/av\/the-messengers-calling.mp3\">T\u00e9l\u00e9charger<\/a> (utilisez le clic droit)<\/p>\n<p class=\"revelation_details\"><em>Tel que r\u00e9v\u00e9l\u00e9 au Messager<br \/>\nMarshall Vian Summers<br \/>\nle 3 septembre 2014<br \/>\n\u00e0 Boulder, Colorado<\/em><\/p>\n<div class=\"toggle toggle-white\"><h4 class=\"trigger \"><span class=\"t_ico\"><\/span><a href=\"#\">\u00c0 propos de cet enregistrement<\/a><\/h4><div class=\"toggle_container \"><br \/>\n<p>Ce que vous entendez dans cet enregistrement audio est la voix de <a href=\"http:\/\/www.nouveaumessagededieu.org\/le-message\/important-terms#aa\" target=\"_blank\" rel=\"noopener noreferrer\">l&rsquo;Assembl\u00e9e Ang\u00e9lique<\/a> parlant \u00e0 travers le <a href=\"http:\/\/www.nouveaumessagededieu.org\/messager-de-dieu\" target=\"_blank\" rel=\"noopener noreferrer\">Messager Marshall Vian Summers<\/a>.<\/p>\n<p>Ici, la communication originale de Dieu, qui existe au-del\u00e0 des mots, est traduite en un langage et un entendement humains par <a href=\"http:\/\/www.nouveaumessagededieu.org\/le-message\/important-terms#aa\" target=\"_blank\" rel=\"noopener noreferrer\">l&rsquo;Assembl\u00e9e Ang\u00e9lique<\/a> qui veille sur le monde. L&rsquo;Assembl\u00e9e apporte alors le Message de Dieu \u00e0 travers le Messager.<\/p>\n<p>Dans ce processus remarquable, la <a href=\"http:\/\/www.nouveaumessagededieu.org\/le-message\/important-terms#vr\" target=\"_blank\" rel=\"noopener noreferrer\">Voix de la R\u00e9v\u00e9lation<\/a> parle \u00e0 nouveau. La Parole et le Son sont dans le monde. Pour la premi\u00e8re fois dans l&rsquo;histoire, l&rsquo;enregistrement de la r\u00e9v\u00e9lation parl\u00e9e originale est accessible pour que vous en fassiez l&rsquo;exp\u00e9rience.<\/p>\n<p>Puissiez-vous recevoir ce don de R\u00e9v\u00e9lation et puissiez-vous vous ouvrir \u00e0 son Message unique pour vous et pour votre vie.<\/p>\n<br \/>\n<\/div><\/div>\n<p><\/div>\n<div id=\"tabs-2\"><\/p>\n<p><iframe loading=\"lazy\" width=\"275\" height=\"155\" src=\"https:\/\/www.youtube.com\/embed\/hDibcrtq_Bw?feature=oembed&#038;enablejsapi=1&#038;origin=https:\/\/www.newmessage.org\/fr\" frameborder=\"0\" allow=\"accelerometer; autoplay; encrypted-media; gyroscope; picture-in-picture\" allowfullscreen><\/iframe><\/p>\n<p><\/div>\n<div id=\"tabs-3\"><\/p>\n<p><em>Note aux lecteurs :<br \/>\nCette traduction a \u00e9t\u00e9 fournie \u00e0 la Society par des \u00e9tudiants du Nouveau Message qui se sont port\u00e9s volontaires pour traduire le texte original en anglais. Nous rendons cette traduction publique sous cette forme perfectible pour que les gens aient une chance de d\u00e9couvrir une portion du Nouveau Message dans leur propre langue.<\/em><\/p>\n<p><\/div>\n\t\t\t\t<div align=\"right\">\n\t\t\t<div class=\"fb-like\" data-href=\"\" data-layout=\"button_count\" data-action=\"like\" data-show-faces=\"false\" data-share=\"false\"><\/div>\n\t\t\t<div class=\"fb-share-button\" data-layout=\"button_count\"> <\/div>\n\t\t\t<div class=\"fb_iframe_widget\"><a href=\"https:\/\/twitter.com\/godsnewmessage?ref_src=twsrc%5Etfw\" class=\"twitter-follow-button\" data-show-count=\"false\">Follow @godsnewmessage<\/a><script async src=\"https:\/\/platform.twitter.com\/widgets.js\" charset=\"utf-8\"><\/script><\/div>\n\t\t\t<\/div> <\/div> \n\n<p>Dieu a envoy\u00e9 un Messager dans le monde, envoy\u00e9 de l\u2019Assembl\u00e9e Ang\u00e9lique. Il est le premier Messager depuis l\u2019\u00e9poque de Mohammed. Et il s\u2019\u00e9coulera beaucoup de temps avant qu\u2019un autre ne soit envoy\u00e9.<\/p>\n<p>Son r\u00f4le est tellement important ! Il apporte quelque chose dans le monde qui n\u2019a jamais \u00e9t\u00e9 apport\u00e9 ici auparavant, continuant la grande s\u00e9rie de R\u00e9v\u00e9lations apport\u00e9es \u00e0 l\u2019humanit\u00e9 \u00e0 des moments cruciaux de son histoire et de son \u00e9volution.<\/p>\n<p>Il arrive \u00e0 une \u00e9poque o\u00f9 les besoins sont grands et s\u2019accroissent, maintenant que l\u2019humanit\u00e9 est confront\u00e9e \u00e0 un monde d\u2019immenses changements environnementaux, ainsi qu\u2019\u00e0 tous les bouleversements politiques et \u00e9conomiques qui en r\u00e9sulteront. Il arrive \u00e0 un moment o\u00f9 l\u2019humanit\u00e9 se trouve au seuil d\u2019un univers rempli de vie intelligente. Il arrive \u00e0 un moment o\u00f9 l\u2019humanit\u00e9 doit se pr\u00e9parer.<\/p>\n<p>Il appelle le monde \u00e0 recevoir cela imp\u00e9rativement. Gens de toutes les nations, de toutes les cultures et de toutes les affiliations religieuses, il vous appelle \u2013 ceux qui peuvent entendre, ceux qui peuvent recevoir, ceux qui r\u00e9alisent qu\u2019une Nouvelle R\u00e9v\u00e9lation doit venir.<\/p>\n<p>Car la religion est tomb\u00e9e dans la confusion et se trouve en conflit en son sein et au niveau de ses expressions fondamentales. Elle est devenue un instrument de l\u2019\u00c9tat et un instrument pour ceux qui cherchent le pouvoir et la domination sur les autres.<\/p>\n<p>Et pourtant ce n\u2019est pas uniquement cela qui a apport\u00e9 la Nouvelle R\u00e9v\u00e9lation dans le monde. C\u2019est en effet le grand seuil auquel l\u2019humanit\u00e9 fait face et que seul le Nouveau Message de Dieu peut pleinement vous r\u00e9v\u00e9ler. Il s\u2019agit du seuil d\u2019immenses changements dans le monde, qui requerra une pr\u00e9paration et une adaptation d\u2019une ampleur jamais vue auparavant. Cela requerra une pr\u00e9paration \u00e0 l\u2019engagement de l\u2019humanit\u00e9 avec la vie dans l\u2019univers, lequel a d\u00e9j\u00e0 commenc\u00e9, mais d\u2019une fa\u00e7on qui est extr\u00eamement dangereuse pour la famille humaine.<\/p>\n<p>Gens de toutes les nations, de toutes les cultures et de toutes les traditions religieuses, le Messager vous appelle \u00e0 avoir le courage et l\u2019honn\u00eatet\u00e9 de ressentir le grand besoin que Dieu vous parle \u00e0 nouveau. Car Dieu ne parle \u00e0 l\u2019humanit\u00e9 que lors de grands tournants, lorsqu\u2019il y a un grand besoin et une grande opportunit\u00e9.<\/p>\n<p>La R\u00e9v\u00e9lation r\u00e9pond \u00e0 pr\u00e9sent aux pri\u00e8res sinc\u00e8res, aux demandes et aux besoins authentiques des gens \u00e0 travers le monde. Mais Dieu ne donne pas aux gens ce \u00e0 quoi ils s\u2019attendent. Dieu donne aux gens ce dont ils ont besoin pour ce temps et pour les temps \u00e0 venir. Et les R\u00e9v\u00e9lations sont si vastes et si profondes qu\u2019elles parlent aux besoins des gens qui ne sont pas encore n\u00e9s, des peuples qui seront l\u00e0 dans cinquante ans ou dans deux cents ans \u2013 tant la R\u00e9v\u00e9lation est grande ! C\u2019est la raison pour laquelle les pr\u00e9c\u00e9dentes R\u00e9v\u00e9lations de Dieu ont pris de l\u2019ampleur avec le temps et ont \u00e9t\u00e9 capables de b\u00e9n\u00e9ficier aux gens de diff\u00e9rentes \u00e9poques et de diff\u00e9rentes nations, dans toutes sortes de circonstances.<\/p>\n<p>Tel sera le cas avec la Nouvelle R\u00e9v\u00e9lation de Dieu si elle peut \u00eatre re\u00e7ue et accept\u00e9e, \u00e9tudi\u00e9e et appliqu\u00e9e. Elle n\u2019est pas l\u00e0 pour remplacer les religions du monde, mais pour leur donner une plus grande port\u00e9e, une plus grande dimension et pour les unir. Car elles ont toutes \u00e9t\u00e9 initi\u00e9es par Dieu, et elles ont toutes \u00e9t\u00e9 chang\u00e9es par l\u2019homme par l\u2019adoption, par la confusion et par la corruption.<\/p>\n<p>Gens de toutes les nations, de toutes les cultures et de toutes les traditions religieuses, le Messager vous appelle \u00e0 reconna\u00eetre votre besoin profond, le besoin de votre \u00e2me. Il ne s\u2019agit pas seulement du besoin du jour, des \u00e9v\u00e9nements du monde, ou de la crise du moment. Il s\u2019agit d\u2019un besoin plus fondamental et plus profond \u2013 le besoin d\u2019\u00eatre r\u00e9uni avec votre Source, le besoin d\u2019acqu\u00e9rir la force que seul le Ciel peut apporter, le besoin de conna\u00eetre votre v\u00e9ritable but et votre v\u00e9ritable direction au-del\u00e0 de ce que votre culture, et m\u00eame votre religion, vous ont prescrit. Car seul Dieu peut vous donner cela.<\/p>\n<p>Le besoin de pardonner, le besoin d\u2019int\u00e9grit\u00e9, le besoin d\u2019un v\u00e9ritable but et d\u2019une v\u00e9ritable direction au-del\u00e0 de ce que votre culture et de ce que les autres vous ont prescrit \u2013 cela doit venir de Dieu pour \u00eatre authentique et efficace, pour vous servir en tout temps et en toutes circonstances \u2013 au-del\u00e0 de toutes les divisions de l\u2019humanit\u00e9, au-del\u00e0 de tous les conflits de l\u2019humanit\u00e9, au-del\u00e0 de tous les \u00e9checs de l\u2019humanit\u00e9.<\/p>\n<p>Dieu sait ce qui arrive \u00e0 l\u2019horizon et cherche \u00e0 vous pr\u00e9venir, \u00e0 vous b\u00e9nir et \u00e0 vous pr\u00e9parer.<\/p>\n<p>Le Messager vous appelle maintenant \u00e0 entendre, \u00e0 r\u00e9pondre, \u00e0 trouver cela, \u00e0 recevoir cela, \u00e0 mettre de c\u00f4t\u00e9 vos jugements, vos pr\u00e9f\u00e9rences et vos remontrances afin que vous puissiez recevoir les b\u00e9n\u00e9dictions du Cr\u00e9ateur, qui vous sont maintenant donn\u00e9es \u00e0 nouveau dans un ensemble de circonstances tr\u00e8s diff\u00e9rentes, alors que l\u2019humanit\u00e9 est sur le point de faire face \u00e0 ses plus grandes \u00e9preuves.<\/p>\n<p>Tout le monde ne sera pas capable de r\u00e9pondre au d\u00e9but, mais il y a de nombreuses personnes aujourd\u2019hui dans le monde qui sont pr\u00eates \u00e0 entendre cela. Au sein de toutes les nations, de toutes les cultures, au sein de toutes les traditions religieuses, il y a de nombreuses personnes qui sont pr\u00eates \u00e0 entendre cet appel.<\/p>\n<p>Le Messager avance en \u00e2ge. Ainsi le temps presse pour que vous l\u2019entendiez, pour que vous le receviez et pour que vous le reconnaissiez durant les ann\u00e9es qui lui restent sur Terre.<\/p>\n<p>Il vous appelle \u00e0 recevoir, \u00e0 apprendre et \u00e0 entreprendre les Pas vers la Connaissance, la Connaissance plus profonde que Dieu a plac\u00e9e en vous, qui a \u00e9t\u00e9 plac\u00e9e en vous avant m\u00eame que vous ne veniez dans le monde \u2013 pour vous guider, pour vous prot\u00e9ger et pour vous conduire vers une vie plus grande de but et d\u2019accomplissement dans le monde. Vous ne pouvez pas vous donner vous-m\u00eame ces choses-l\u00e0.<\/p>\n<p>Sans cette Connaissance, les gens suivront la tribu. Ils suivront la culture. Ils suivront les remontrances des autres. Ils se perdront dans un monde de d\u00e9sirs, de fantasmes et de griefs. Ils vivront une vie faite de d\u00e9sespoir et souvent de violence. Ils ne seront pas pr\u00e9par\u00e9s aux grandes forces qui sont en train de changer le monde en ce moment-m\u00eame.<\/p>\n<p>Sans la Connaissance, les gens s\u2019opposeront les uns aux autres comme ils l\u2019ont toujours fait \u2013 luttant, rivalisant, se battant, se d\u00e9truisant les uns les autres, comme ils l\u2019ont toujours fait.<\/p>\n<p>C\u2019est uniquement gr\u00e2ce aux grands Messagers et aux grands Messages que l\u2019humanit\u00e9 a pu arriver jusqu\u2019ici avec autant de succ\u00e8s, malgr\u00e9 ses nombreux \u00e9checs et ses nombreuses erreurs.<\/p>\n<p>Mais \u00e0 pr\u00e9sent, une Nouvelle R\u00e9v\u00e9lation doit \u00eatre donn\u00e9e. Le Messager a pass\u00e9 40 ans \u00e0 la recevoir dans l\u2019isolement. Il doit maintenant la proclamer au monde pendant les ann\u00e9es qui lui restent. Son appel ne s\u2019adresse donc pas seulement \u00e0 un seul groupe, \u00e0 une seule nation ou \u00e0 une seule r\u00e9gion. Il s\u2019adresse au monde entier, et c\u2019est pourquoi il le diffuse dans le monde entier, apportant la R\u00e9v\u00e9lation au monde entier, et apportant, pour la premi\u00e8re fois de toute l\u2019histoire de l\u2019humanit\u00e9, la Voix de la R\u00e9v\u00e9lation.<\/p>\n<p>Vous pouvez entendre pour la premi\u00e8re fois une voix telle que celle qui a parl\u00e9 \u00e0 J\u00e9sus, au Bouddha et \u00e0 Mohammed \u2013 Notre voix, cette Voix, la Voix des membres de l\u2019Assembl\u00e9e Ang\u00e9lique parlant ensemble d\u2019une seule et m\u00eame voix, une r\u00e9alit\u00e9 et un ph\u00e9nom\u00e8ne que votre intellect ne peut comprendre, mais que votre c\u0153ur peut recevoir intens\u00e9ment.<\/p>\n<p>Car le Seigneur est le Seigneur de l\u2019univers tout entier, avec d\u2019innombrables races d\u2019\u00eatres tellement diff\u00e9rents de vous, d\u2019autres dimensions de l\u2019univers physique, et de la Cr\u00e9ation enti\u00e8rement au-del\u00e0 de l\u2019univers physique.<\/p>\n<p>Dieu a plac\u00e9 la Connaissance en vous. Si vous vous \u00e9veillez \u00e0 cela et que vous r\u00e9pondez \u00e0 cela, alors la Volont\u00e9 de Dieu pourra vous mouvoir, vous prot\u00e9ger et vous guider, car vous avez besoin de cela maintenant plus que jamais auparavant.<\/p>\n<p>Gens de toutes les nations, de toutes les cultures et de toutes les traditions religieuses, entendez l\u2019appel du Messager qui vous est adress\u00e9. Ne le contestez pas. Ne le rejetez pas ou vous rejetterez la Gr\u00e2ce et le Pouvoir de Dieu. Et vous rejetterez le don de Dieu qui vous est destin\u00e9 et dont vous avez maintenant besoin plus que tout.<\/p>\n<p>Car les grandes traditions du pass\u00e9 ne peuvent pas pr\u00e9parer l\u2019humanit\u00e9 aux grands changements qui arrivent sur le monde ni \u00e0 la rencontre de l\u2019humanit\u00e9 avec la vie intelligente dans l\u2019univers \u2013 les deux plus grands \u00e9v\u00e9nements de toute l\u2019histoire humaine, les deux \u00e9v\u00e9nements qui, plus que n\u2019importe quoi d\u2019autre, peuvent affecter le devenir de chaque personne sur Terre maintenant et dans l\u2019avenir. Le besoin est si grand que vous pouvez \u00e0 peine le reconna\u00eetre. Il se situe au-del\u00e0 des besoins auxquels vous pensez.<\/p>\n<p>Mais le monde commence \u00e0 s\u2019effondrer. La civilisation humaine commence \u00e0 s\u2019effondrer. Cela vous affectera, vous, ainsi que chaque personne, riche ou pauvre, dans chaque pays, dans chaque recoin du monde.<\/p>\n<p>Vous devez entendre l\u2019appel du Messager qui vous est adress\u00e9. Dieu l\u2019a envoy\u00e9 ici afin d\u2019\u00eatre le destinataire et le repr\u00e9sentant principal de la Nouvelle R\u00e9v\u00e9lation de Dieu pour le monde.<\/p>\n<p>Ne contestez pas cela pour des motifs religieux. Car vous ne pouvez pas d\u00e9terminer ce que Dieu fera ou quand Dieu parlera. Vous ne pouvez pas d\u00e9terminer si un autre Messager peut \u00eatre envoy\u00e9 dans le monde ou pas. Seules l\u2019arrogance et la b\u00eatise pr\u00e9tendraient de telles choses.<\/p>\n<p>Vous entrez dans un monde nouveau dont les ressources diminuent, dont la m\u00e9t\u00e9o est violente, dont les r\u00e9coltes sont mauvaises ; un monde frapp\u00e9 par les immenses changements biologiques et physiques dans le monde, cr\u00e9\u00e9s par la b\u00eatise et la cupidit\u00e9 de l\u2019humanit\u00e9 ainsi que par son usage abusif du monde. C\u2019est une \u00e9poque de besoins croissants, qui s\u2019intensifient chaque jour qui passe. Peu de gens sont conscients de ce que cela va vraiment signifier et \u00e0 quel point cela va changer leur situation. Mais Dieu le sait, et la R\u00e9v\u00e9lation r\u00e9v\u00e8le cela tr\u00e8s clairement.<\/p>\n<p>Qui dans le monde sait ce qu\u2019est la vie dans l\u2019univers, ou ce qu\u2019une rencontre d\u2019une telle nature exigerait ou signifierait pour l\u2019humanit\u00e9, ou comment discerner l\u2019ami de l\u2019ennemi, lors d\u2019une telle rencontre ? Seul Dieu le sait, et Dieu a envoy\u00e9 la R\u00e9v\u00e9lation afin de vous r\u00e9v\u00e9ler cela et de vous pr\u00e9parer \u00e0 cela, car rien dans le monde ne peut vous y pr\u00e9parer.<\/p>\n<p>Gens de toutes les nations, de toutes les cultures et de toutes les traditions religieuses, entendez l\u2019appel du Messager. Il est la seule personne capable de faire cela. Car il a \u00e9t\u00e9 envoy\u00e9 de l\u2019Assembl\u00e9e Ang\u00e9lique. Il n\u2019est pas un individu ordinaire. Il n\u2019est pas un Dieu, car aucun individu n\u2019est un Dieu. Mais il est un membre de l\u2019Assembl\u00e9e et il est dans le monde. Car tous les grands Messagers sont venus de l\u2019Assembl\u00e9e. C\u2019est ce qui leur a donn\u00e9 le pouvoir et la connexion n\u00e9cessaires pour apporter les grandes R\u00e9v\u00e9lations qu\u2019ils ont apport\u00e9es au monde.<\/p>\n<p>Vous vivez maintenant \u00e0 une \u00e9poque de R\u00e9v\u00e9lation. C\u2019est une \u00e9poque qui mettra \u00e0 l\u2019\u00e9preuve votre foi, votre courage, votre assurance, votre confiance en vous et en les autres de fa\u00e7on in\u00e9dite. M\u00eame les grandes guerres du si\u00e8cle pass\u00e9 repr\u00e9senteront peu de chose compar\u00e9 \u00e0 ce \u00e0 quoi vous allez maintenant \u00eatre confront\u00e9 \u2013 le r\u00e9sultat de l\u2019usage abusif du monde par l\u2019humanit\u00e9.<\/p>\n<p>Seul Dieu peut vous montrer la voie. Car jusqu\u2019\u00e0 pr\u00e9sent, l\u2019humanit\u00e9 n\u2019a pas \u00e9t\u00e9 capable de corriger son comportement d\u2019elle-m\u00eame. Seul Dieu peut vous montrer le chemin vers un avenir plus grand pour la famille humaine, car les gens ne peuvent pas inventer cela par eux-m\u00eames.<\/p>\n<p>Pour cela, vous devez voir que Dieu est bien plus grand que ce que vous pensiez auparavant \u2013 un Dieu d\u2019innombrables races dans l\u2019univers, un Dieu d\u2019un domaine de vie si vaste que votre intellect peut difficilement en comprendre ne serait-ce qu\u2019une partie.<\/p>\n<p>C\u2019est l\u00e0 le Dieu qui vous a envoy\u00e9 dans le monde par l\u2019interm\u00e9diaire de votre Famille Spirituelle. C\u2019est l\u00e0 le Dieu qui a mis la Connaissance en vous pour vous guider et vous donner la Sagesse d\u2019au-del\u00e0 du monde. C\u2019est l\u00e0 le Dieu qui vous redonnera votre v\u00e9ritable int\u00e9grit\u00e9, votre nature profonde et le v\u00e9ritable but qui vous a amen\u00e9 dans le monde dans les circonstances m\u00eames que vous cherchez \u00e0 nier ou \u00e0 \u00e9viter.<\/p>\n<p>Gens de toutes les nations, de toutes les cultures et de toutes les traditions religieuses, entendez l\u2019appel du Messager, car il s\u2019agit de l\u2019Appel de Dieu. Il est le Messager. Mais il n\u2019est pas seulement ici pour apporter le Message, mais \u00e9galement pour le repr\u00e9senter et pour en \u00eatre le porte-parole. C\u2019est en raison de qui il est et d\u2019o\u00f9 il vient que cela est rendu possible.<\/p>\n<p>Aucune autre personne dans le monde ne pourrait s\u2019emparer de la R\u00e9v\u00e9lation de Dieu et l\u2019utiliser pour elle-m\u00eame, car elle n\u2019aurait ni le pouvoir ni la connexion pour faire cela. Et le Ciel ne l\u2019honorerait pas, peu importe ce qu\u2019elle proclamerait pour elle-m\u00eame.<\/p>\n<p>Un seul individu a \u00e9t\u00e9 envoy\u00e9. Car c\u2019est ainsi que se font les choses. Un seul a \u00e9t\u00e9 envoy\u00e9, et il est dans le monde, et il vous appelle. Il vous appelle par sa propre voix, et il vous appelle \u00e0 travers la R\u00e9v\u00e9lation elle-m\u00eame, qui est rendue disponible au monde aussi vite que possible.<\/p>\n<p>Le Messager est un homme humble. Il n\u2019a aucune position dans le monde. Il a re\u00e7u une pr\u00e9paration diff\u00e9rente de tout ce que vous pourriez imaginer pour servir un grand appel et une grande mission ici sur Terre. Mais il doit parler aux gens de la Terre et atteindre autant de personnes que possible dans les ann\u00e9es qui lui restent.<\/p>\n<p>Tel est l\u2019appel qu\u2019il vous adresse. Tel est votre d\u00e9fi. Pouvez-vous faire face \u00e0 la Lumi\u00e8re de la R\u00e9v\u00e9lation ? Pouvez-vous \u00eatre r\u00e9ceptif \u00e0 la Nouvelle R\u00e9v\u00e9lation de Dieu pour le monde ? Pouvez-vous la prendre \u00e0 c\u0153ur et l\u2019appliquer dans votre vie ? Car elle vous apportera tant d\u00e8s \u00e0 pr\u00e9sent, dans tout ce que vous faites et pour tout ce dont vous avez besoin !<\/p>\n<p>Dieu a donn\u00e9 la R\u00e9v\u00e9lation pour le monde, et cependant elle apporte la restauration pour chaque personne qui peut la recevoir et l\u2019appliquer dans sa vie. Seul le g\u00e9nie du Cr\u00e9ateur pouvait faire cela. Seul le g\u00e9nie du Cr\u00e9ateur pouvait parler aux gens de toutes les nations, de toutes les cultures et de toutes les traditions religieuses \u00e0 travers la Nouvelle R\u00e9v\u00e9lation.<\/p>\n<p>La b\u00e9n\u00e9diction est sur vous. Le Messager vous appelle \u00e0 la recevoir. Le Messager vous appelle \u00e0 \u00eatre v\u00e9ritablement honn\u00eate et r\u00e9ceptif. Le Messager vous appelle \u00e0 mettre de c\u00f4t\u00e9 vos croyances et vos reproches afin que vous puissiez \u00eatre r\u00e9ceptif \u00e0 la R\u00e9v\u00e9lation. Si vous ne pouvez pas faire cela, alors Dieu ne peut pas vous aider. Dieu ne peut pas vous assister.<\/p>\n<p>Car Dieu est encore pr\u00e9sent dans le monde, et la R\u00e9v\u00e9lation de Dieu pour l\u2019humanit\u00e9 est \u00e0 nouveau dans le monde.<\/p>\n","protected":false},"excerpt":{"rendered":"<p>Dieu a envoy\u00e9 un Messager dans le monde, envoy\u00e9 de l\u2019Assembl\u00e9e Ang\u00e9lique. Il est le premier Messager depuis l\u2019\u00e9poque de Mohammed. Et il s\u2019\u00e9coulera beaucoup de temps avant qu\u2019un autre ne soit envoy\u00e9. Son r\u00f4le est tellement important ! Il apporte quelque chose dans le monde qui n\u2019a jamais \u00e9t\u00e9 apport\u00e9 ici auparavant, continuant la\u2026 <a class=\"read-more\" href=\"https:\/\/www.v6.newmessage.org\/fr\/about-recording-shortcode\"><span>Read More<\/span><\/a><\/p>\n","protected":false},"author":22,"featured_media":0,"parent":16489,"menu_order":0,"comment_status":"closed","ping_status":"closed","template":"template-leftsidebar.php","meta":{"_monsterinsights_skip_tracking":false,"_monsterinsights_sitenote_active":false,"_monsterinsights_sitenote_note":"","_monsterinsights_sitenote_category":0,"footnotes":""},"categories":[44,76,119,30,465,460],"tags":[772,727,734,744,740,769,774,771,735,773,736,751,725,710,768,746,770,717,767,739],"_links":{"self":[{"href":"https:\/\/www.v6.newmessage.org\/fr\/wp-json\/wp\/v2\/pages\/28985"}],"collection":[{"href":"https:\/\/www.v6.newmessage.org\/fr\/wp-json\/wp\/v2\/pages"}],"about":[{"href":"https:\/\/www.v6.newmessage.org\/fr\/wp-json\/wp\/v2\/types\/page"}],"author":[{"embeddable":true,"href":"https:\/\/www.v6.newmessage.org\/fr\/wp-json\/wp\/v2\/users\/22"}],"replies":[{"embeddable":true,"href":"https:\/\/www.v6.newmessage.org\/fr\/wp-json\/wp\/v2\/comments?post=28985"}],"version-history":[{"count":4,"href":"https:\/\/www.v6.newmessage.org\/fr\/wp-json\/wp\/v2\/pages\/28985\/revisions"}],"predecessor-version":[{"id":29029,"href":"https:\/\/www.v6.newmessage.org\/fr\/wp-json\/wp\/v2\/pages\/28985\/revisions\/29029"}],"up":[{"embeddable":true,"href":"https:\/\/www.v6.newmessage.org\/fr\/wp-json\/wp\/v2\/pages\/16489"}],"wp:attachment":[{"href":"https:\/\/www.v6.newmessage.org\/fr\/wp-json\/wp\/v2\/media?parent=28985"}],"wp:term":[{"taxonomy":"category","embeddable":true,"href":"https:\/\/www.v6.newmessage.org\/fr\/wp-json\/wp\/v2\/categories?post=28985"},{"taxonomy":"post_tag","embeddable":true,"href":"https:\/\/www.v6.newmessage.org\/fr\/wp-json\/wp\/v2\/tags?post=28985"}],"curies":[{"name":"wp","href":"https:\/\/api.w.org\/{rel}","templated":true}]}}