{"id":28875,"date":"2018-02-12T23:34:47","date_gmt":"2018-02-12T23:34:47","guid":{"rendered":"http:\/\/www.newmessage.org\/fr\/?page_id=28875"},"modified":"2019-04-03T13:10:36","modified_gmt":"2019-04-03T13:10:36","slug":"union-profonde-avec-dieu","status":"publish","type":"page","link":"https:\/\/www.v6.newmessage.org\/fr\/le-message\/autres-revelations\/union-profonde-avec-dieu","title":{"rendered":"L\u2019union profonde avec Dieu"},"content":{"rendered":"<div><!-- Version 6.0--><\/div>\n\n<div class=\"tabgroup \"><ul class=\"tabs\"><li><a href=\"#tabs-1\">R\u00e9v\u00e9lation<\/a><\/li>\n<li><a href=\"#tabs-2\">Note<\/a><\/li><\/ul>\n <div id=\"tabs-1\"><\/p>\n<p>\u00c9coutez la version originale en anglais :<\/p>\n<div id=\"jquery_jplayer_1\" class=\"jp-jplayer\"><\/div>\n\t\t\t\t<div id=\"jp_container_1\" class=\"jp-audio\">\n\t\t\t\t<div class=\"jp-type-single\"><div class=\"jp-control\"><a href=\"javascript:;\" class=\"jp-play\" tabindex=\"1\">play<\/a><a href=\"javascript:;\" class=\"jp-pause\" tabindex=\"1\">pause<\/a><\/div> <div class=\"jp-gui jp-interface\"><div class=\"jp-volume\"><div class=\"jp-volume-bar\"><div class=\"jp-volume-bar-value\"><\/div><\/div><\/div><div class=\"jp-progress\"><div class=\"jp-seek-bar\"><div class=\"jp-play-bar\"><\/div><\/div><\/div><\/div>\t\t\t\t\t<div class=\"jp-no-solution\"><span>Update Required<\/span>To play the media you will need to either update your browser to a recent version or update your <a href=\"http:\/\/get.adobe.com\/flashplayer\/\" target=\"_blank\">Flash plugin<\/a>.<\/div><\/div><\/div>\n\t\t\t<script type='text\/javascript'>\n\t\t\t\tjQuery(document).ready(function() {\n\t\t\t\t\tif (typeof (sermonMedia) == 'function') {\n\t\t\t\t\t\tsermonMedia.addAudio('', \"jquery_jplayer_1\");\n\t\t\t\t\t}\n\t\t\t\t\tjQuery.jPlayer.timeFormat.showHour = true;\n\t\t\t\t\tjQuery(\"#jquery_jplayer_1\").jPlayer({\n\t\t\t\t\t\tready: function(event) {\n\t\t\t\t\t\t\tjQuery(this).jPlayer(\"setMedia\", {mp3: 'https:\/\/www.newmessage.org\/av\/the-deep-union-with-god.mp3'});\n\t\t\t\t\t\t},\n\t\t\t\t\t\tplay: function() {\n\t\t\t\t\t\t\tjQuery(this).jPlayer(\"pauseOthers\");\n\t\t\t\t\t\t},\n\t\t\t\t\t\tswfPath: ThemeData.directory_uri+\"\/swf\",\n\t\t\t\t\t\tsolution: \"html, flash\",\n\t\t\t\t\t\tpreload: \"metadata\",\n\t\t\t\t\t\twmode: \"window\",\n\t\t\t\t\t\tsupplied: \"mp3\",\n\t\t\t\t\t\tcssSelectorAncestor: '#jp_container_1'\n\t\t\t\t\t});\n\t\t\t\t});\n\t\t\t<\/script><\/p>\n<p><a title=\"The Deep Union with God\" href=\"https:\/\/www.newmessage.org\/av\/the-deep-union-with-god.mp3\">T\u00e9l\u00e9charger<\/a> (utilisez le clic droit)<\/p>\n<p class=\"revelation_details\"><em>Tel que r\u00e9v\u00e9l\u00e9 \u00e0<br \/>\nMarshall Vian Summers<br \/>\nLe 24 mai 2014<br \/>\nA Boulder, Colorado<\/em><\/p>\n<div class=\"toggle toggle-white\"><h4 class=\"trigger \"><span class=\"t_ico\"><\/span><a href=\"#\">\u00c0 propos de cet enregistrement<\/a><\/h4><div class=\"toggle_container \"><br \/>\n<p>Ce que vous entendez dans cet enregistrement audio est la voix de <a href=\"http:\/\/www.nouveaumessagededieu.org\/le-message\/important-terms#aa\" target=\"_blank\" rel=\"noopener noreferrer\">l&rsquo;Assembl\u00e9e Ang\u00e9lique<\/a> parlant \u00e0 travers le <a href=\"http:\/\/www.nouveaumessagededieu.org\/messager-de-dieu\" target=\"_blank\" rel=\"noopener noreferrer\">Messager Marshall Vian Summers<\/a>.<\/p>\n<p>Ici, la communication originale de Dieu, qui existe au-del\u00e0 des mots, est traduite en un langage et un entendement humains par <a href=\"http:\/\/www.nouveaumessagededieu.org\/le-message\/important-terms#aa\" target=\"_blank\" rel=\"noopener noreferrer\">l&rsquo;Assembl\u00e9e Ang\u00e9lique<\/a> qui veille sur le monde. L&rsquo;Assembl\u00e9e apporte alors le Message de Dieu \u00e0 travers le Messager.<\/p>\n<p>Dans ce processus remarquable, la <a href=\"http:\/\/www.nouveaumessagededieu.org\/le-message\/important-terms#vr\" target=\"_blank\" rel=\"noopener noreferrer\">Voix de la R\u00e9v\u00e9lation<\/a> parle \u00e0 nouveau. La Parole et le Son sont dans le monde. Pour la premi\u00e8re fois dans l&rsquo;histoire, l&rsquo;enregistrement de la r\u00e9v\u00e9lation parl\u00e9e originale est accessible pour que vous en fassiez l&rsquo;exp\u00e9rience.<\/p>\n<p>Puissiez-vous recevoir ce don de R\u00e9v\u00e9lation et puissiez-vous vous ouvrir \u00e0 son Message unique pour vous et pour votre vie.<\/p>\n<br \/>\n<\/div><\/div>\n<p><\/div>\n<div id=\"tabs-2\"><\/p>\n<p><em>Note aux lecteurs :<br \/>\nCette traduction a \u00e9t\u00e9 fournie \u00e0 la Society par des \u00e9tudiants du Nouveau Message qui se sont port\u00e9s volontaires pour traduire le texte original en anglais. Nous rendons cette traduction publique sous cette forme perfectible pour que les gens aient une chance de d\u00e9couvrir une portion du Nouveau Message dans leur propre langue.<\/em><br \/>\n<\/div>\n\t\t\t\t<div align=\"right\">\n\t\t\t<div class=\"fb-like\" data-href=\"\" data-layout=\"button_count\" data-action=\"like\" data-show-faces=\"false\" data-share=\"false\"><\/div>\n\t\t\t<div class=\"fb-share-button\" data-layout=\"button_count\"> <\/div>\n\t\t\t<div class=\"fb_iframe_widget\"><a href=\"https:\/\/twitter.com\/godsnewmessage?ref_src=twsrc%5Etfw\" class=\"twitter-follow-button\" data-show-count=\"false\">Follow @godsnewmessage<\/a><script async src=\"https:\/\/platform.twitter.com\/widgets.js\" charset=\"utf-8\"><\/script><\/div>\n\t\t\t<\/div> <\/div> \n\n<p>La r\u00e9alit\u00e9 de Dieu et le Plan de Dieu pour l&rsquo;univers d\u00e9passent votre compr\u00e9hension et votre capacit\u00e9 intellectuelles, mais l\u2019opportunit\u00e9 de faire l\u2019exp\u00e9rience de l&rsquo;union profonde avec Dieu est en vous et est toujours pr\u00e9sente.<\/p>\n<p>C&rsquo;est l&rsquo;exp\u00e9rience d&rsquo;une relation profonde, la relation la plus profonde que vous puissiez avoir et que vous aurez jamais. C&rsquo;est une relation que vous avez d\u00e9j\u00e0. Car bien que votre \u00e2me erre dans cette r\u00e9alit\u00e9 physique, vivant dans un \u00e9tat de conscience s\u00e9par\u00e9e, la partie de vous la plus profonde n&rsquo;a jamais quitt\u00e9 Dieu. Cette union profonde avec Dieu vit encore en vous, attendant d&rsquo;\u00eatre d\u00e9couverte, attendant d&rsquo;\u00eatre ressentie, attendant d&rsquo;\u00eatre r\u00e9alis\u00e9e.<\/p>\n<p>Une compr\u00e9hension intellectuelle de Dieu sera toujours largement insuffisante et inad\u00e9quate. Bien que les gens puissent fonder leurs croyances, leurs id\u00e9es et leurs admonitions l\u00e0-dessus, cela traduit le fait qu&rsquo;ils ne sont pas en train de faire l\u2019exp\u00e9rience de l&rsquo;union profonde et qu&rsquo;ils essaient de se fier aux facult\u00e9s de leur intellect pour leur dire ce qu&rsquo;est r\u00e9ellement la r\u00e9alit\u00e9.<\/p>\n<p>Lorsque Nous parlons de Dieu, Nous parlons du Dieu de l&rsquo;univers tout entier et de toutes les dimensions de l&rsquo;univers, dans d&rsquo;innombrables races d&rsquo;\u00eatres avec d&rsquo;innombrables religions, toutes diff\u00e9rentes les unes des autres dans leur apparence et en orientation. Nous parlons du Dieu d&rsquo;un univers non humain o\u00f9 la libert\u00e9 est rare.<\/p>\n<p>Ne pensez donc jamais que vous avez \u00e9t\u00e9 cr\u00e9\u00e9s \u00e0 la ressemblance de Dieu, car Dieu n&rsquo;a pas de ressemblance, \u00e9tant toujours pr\u00e9sent, impr\u00e9gnant tout. Car pendant que vous vivez dans la S\u00e9paration et que vous voyagez \u00e0 travers cette vie dans ce monde, vous faites toujours partie de la Cr\u00e9ation, qui ne change jamais et qui est \u00e9ternelle, n&rsquo;ayant ni commencement ni fin.<\/p>\n<p>De telles choses d\u00e9passent clairement votre imagination et la capacit\u00e9 de compr\u00e9hension de votre intellect. Vous ne pouvez pas cr\u00e9er d&rsquo;images de cela parce qu&rsquo;il n&rsquo;y a pas d&rsquo;image qui soit \u00e9ternelle. Vous ne pouvez pas vraiment cr\u00e9er de concepts ad\u00e9quats de cela, car les concepts ne sont pas \u00e9ternels, et vous faites ici face \u00e0 quelque chose qui est \u00e9ternel. L&rsquo;imagination ne peut consid\u00e9rer les choses que dans le temps, dans la r\u00e9alit\u00e9 physique. C&rsquo;est pourquoi elle ne peut concevoir la paix. Elle ne peut concevoir une v\u00e9ritable \u00e9quanimit\u00e9. Elle ne peut concevoir le vrai bonheur. Elle ne peut concevoir une relation pure. Car ces choses sont \u00e9ternelles.<\/p>\n<p>Par cons\u00e9quent, votre intellect est con\u00e7u pour naviguer dans le monde et y r\u00e9soudre des probl\u00e8mes, car c&rsquo;est un monde de r\u00e9solution de probl\u00e8mes. Et il y a de Grandes Vagues de changements \u00e0 l&rsquo;horizon qui mettront votre intellect au d\u00e9fi au-del\u00e0 de ce que vous pouvez imaginer actuellement. Mais votre exp\u00e9rience de la vraie relation, votre exp\u00e9rience du profond bonheur, votre exp\u00e9rience de l&rsquo;\u00e9quanimit\u00e9 exigent toutes une orientation diff\u00e9rente en vous. C&rsquo;est bien d&rsquo;avoir des images qui repr\u00e9sentent cela d&rsquo;une mani\u00e8re ou d\u2019une autre, mais ne confondez jamais ces images, ces id\u00e9es et ces paraboles avec la r\u00e9alit\u00e9 elle-m\u00eame, qui est tellement plus grande, qui est compl\u00e8te.<\/p>\n<p>Vous avez besoin de l&rsquo;union avec Dieu pour conna\u00eetre votre force profonde et pour \u00eatre en mesure de comprendre que vous avez une plus grande raison d&rsquo;\u00eatre dans le monde, laquelle vous sera r\u00e9v\u00e9l\u00e9e au fur et \u00e0 mesure que vous avancerez.<\/p>\n<p>Vous devez ici vous d\u00e9tourner de votre vie superficielle et de votre mental qui fonctionne \u00e0 la surface, et qui est toujours absorb\u00e9 dans les plans, les objectifs et la r\u00e9solution de probl\u00e8mes ; qui est absorb\u00e9 dans l\u2019imagination, les conflits et la dissociation. Ici, vous tournez votre attention vers l&rsquo;int\u00e9rieur, vers le grand calme et la grande tranquillit\u00e9 qui existe sous la surface du mental. Vous trouvez des m\u00e9thodes pour vous plonger dans ce royaume plus profond et beaucoup plus \u00e9tendu, qui est si diff\u00e9rent de votre vie \u00e0 la surface.<\/p>\n<p>C&rsquo;est comme l&rsquo;oc\u00e9an, qui est toujours turbulent \u00e0 sa surface, fouett\u00e9 par les vents du monde, d\u2019apparence chaotique et sans but ni direction clairs. Pourtant, lorsque vous entrez dans les profondeurs, il y a l\u00e0 une toute autre r\u00e9alit\u00e9. Elle est calme ; elle est omnipr\u00e9sente, manifestant peu les impacts qui se produisent \u00e0 la surface. La plus grande temp\u00eate du monde pourrait \u00eatre en cours au-dessus de vous, cependant lorsque vous \u00eates dans les profondeurs, m\u00eame juste sous la surface, en fait, il y a l\u00e0 une r\u00e9alit\u00e9 et une exp\u00e9rience totalement diff\u00e9rentes.<\/p>\n<p>Ici, vous ne venez pas pour obtenir des r\u00e9ponses, ou chercher des dispenses, ou prier seulement pour les r\u00e9sultats souhait\u00e9s. Vous venez ici simplement pour \u00eatre dans la Pr\u00e9sence.<\/p>\n<p>La Nouvelle R\u00e9v\u00e9lation de Dieu pour le monde vous a fourni les Pas vers la Connaissance, le grand enseignement universel qui vous pr\u00e9parera \u00e0 cet engagement plus profond, afin que vous puissiez commencer \u00e0 prendre conscience que vous vivez avec deux esprits \u2013 votre esprit de ce monde, qui a \u00e9t\u00e9 conditionn\u00e9 par votre famille, votre culture et peut-\u00eatre votre religion ; et l&rsquo;esprit plus profond de la Connaissance, qui repr\u00e9sente la partie de vous qui est encore reli\u00e9e \u00e0 Dieu. Ils sont compl\u00e8tement diff\u00e9rents.<\/p>\n<p>La connaissance en vous est calme et observatrice. Elle est toujours ouverte \u00e0 la Volont\u00e9 du Cr\u00e9ateur. Elle ne vous parlera pas sp\u00e9cialement avec des mots, sauf peut-\u00eatre par des phrases tr\u00e8s br\u00e8ves. Elle vous donnera plus probablement des impulsions \u2013 un sentiment de retenue pour vous retenir lorsque c\u2019est n\u00e9cessaire ou d\u2019encouragement pour vous faire avancer lorsque cela est n\u00e9cessaire. Il s\u2019agit d\u2019un pouvoir et d\u2019une force en vous. Elle repr\u00e9sente le courant plus profond de votre vie. Elle seule d\u00e9tient votre v\u00e9ritable dessein et la capacit\u00e9 \u00e0 reconna\u00eetre ceux qui serviront ce dessein et qui joueront des r\u00f4les importants dans votre d\u00e9couverte et votre expression de cela. Il s\u2019agit aussi de votre exp\u00e9rience d&rsquo;union avec Dieu, qui est silencieuse et omnipr\u00e9sente.<\/p>\n<p>Ici, votre d\u00e9sir et votre capacit\u00e9 doivent cro\u00eetre. Votre d\u00e9sir doit grandir parce que vous devez voir que vous avez besoin de cela pour \u00eatre nourri, pour \u00eatre restaur\u00e9, pour \u00eatre fortifi\u00e9, de sorte qu&rsquo;avec le temps vous deveniez plus courageux, plus clair et davantage capable de prendre part au monde pour un plus grand dessein.<\/p>\n<p>Vous avez besoin de cette union profonde parce qu\u2019il s\u2019agit de votre relation la plus fondamentale. Votre incapacit\u00e9 \u00e0 en faire l&rsquo;exp\u00e9rience repr\u00e9sente votre incapacit\u00e9 \u00e0 faire l\u2019exp\u00e9rience d\u2019une reconnaissance, de l&rsquo;harmonie et m\u00eame de l&rsquo;intimit\u00e9 avec les autres.<\/p>\n<p>Ce qui limite votre engagement avec Dieu est ce qui limite votre engagement avec les gens et avec le monde dans son ensemble. C&rsquo;est la raison pour laquelle les gens vivent dans leurs id\u00e9es, leurs croyances et leurs concepts, tr\u00e8s rarement dans l&rsquo;instant pr\u00e9sent, ne faisant que tr\u00e8s rarement l\u2019exp\u00e9rience de la Pr\u00e9sence de Dieu et du sens de leur existence.<\/p>\n<p>Dans le cadre de cet engagement plus profond, vos id\u00e9es ne sont pas importantes. Vos croyances ne sont que des entraves. Vos peurs, vos pr\u00e9occupations, vos plans et vos objectifs ne sont que distractions. Car dans l&rsquo;union profonde, ils sont sans importance.<\/p>\n<p>Vous commencez ici \u00e0 ouvrir votre capacit\u00e9. \u00c0 l&rsquo;heure actuelle, vous ne pouvez peut-\u00eatre faire l&rsquo;exp\u00e9rience de cela que l\u2019espace d\u2019une seconde ou deux, durant les p\u00e9riodes les plus br\u00e8ves, avant que votre esprit ne se ferme et ne remonte \u00e0 la surface. Vous ferez l&rsquo;exp\u00e9rience de ceci de fa\u00e7on r\u00e9p\u00e9t\u00e9e \u00e0 mesure que vous commencerez \u00e0 vous pr\u00e9parer pour l\u2019engagement.<\/p>\n<p>Vous verrez \u00e0 quel point vous \u00eates domin\u00e9 par votre pens\u00e9e et par le monde qui vous entoure. Vous devez voir cela pour comprendre votre \u00e9tat actuel et celui de pratiquement tout le monde autour de vous. Ne vous bl\u00e2mez pas. C&rsquo;est l\u00e0 le signe de la vie dans la S\u00e9paration.<\/p>\n<p>Mais \u00e0 mesure que vous faites les Pas vers la Connaissance, vous d\u00e9veloppez votre capacit\u00e9 \u00e0 faire l\u2019exp\u00e9rience de la Pr\u00e9sence ineffable de Dieu, et vous trouvez des moyens de plonger sous la surface. Nous vous recommandons de r\u00e9p\u00e9ter les mots Na Rahn, Na Rahn et d&rsquo;y pr\u00eater toute votre attention. C&rsquo;est comme un ascenseur qui peut vous faire descendre dans les profondeurs, sous la surface du mental.<\/p>\n<p>Les relations sont invisibles. Ce n&rsquo;est pas ce que vous voyez et touchez. C&rsquo;est ce que vous ressentez et savez qui est la v\u00e9ritable preuve d&rsquo;une grande relation \u2013 une grande relation avec une personne, une grande relation avec le travail dans le monde, une grande relation avec un lieu, une grande relation avec le monde entier.<\/p>\n<p>Votre relation la plus fondamentale est avec Dieu. Elle est invisible. Qui vous \u00eates est quelque chose de v\u00e9ritablement invisible. Qui vous \u00e9tiez avant d&rsquo;entrer dans le monde, qui vous serez quand vous quitterez ce monde, est quelque chose que vous ne pouvez pas percevoir de vos yeux.<\/p>\n<p>Vous entrez dans le royaume plus profond, et tout est sombre, mais \u00e0 mesure que vous continuez, tout est rempli de Pr\u00e9sence. Chaque moment que vous pouvez passer en contact avec cette Pr\u00e9sence, engag\u00e9 sans questions, sans concepts, sans votre mental de la surface, vous restaurera et vous donnera la force et le courage que vous ne pouvez recevoir d&rsquo;ailleurs.<\/p>\n<p>Lorsque vous entendez Nos Voix, qui vous parlent maintenant ensemble, cela peut \u00e9voquer ce sens profond de la relation, le pouvoir invisible de la v\u00e9ritable union. Chaque instant que vous passez ici, vous devenez moins esclave du monde, moins esclave de vos sens, moins esclave de vos peurs et de vos obligations envers les autres, moins esclave de vos fantasmes et de vos d\u00e9sirs \u2013 tout cela est affaibli \u00e0 chaque instant que vous passez en profondeur dans la Pr\u00e9sence.<\/p>\n<p>Il y a un autre grand b\u00e9n\u00e9fice ici\u00a0: lorsque cette connexion se construit de plus en plus, la Connaissance va pouvoir vous parler, et vous l&rsquo;entendrez et vous la ressentirez. La connaissance vous parle de toute fa\u00e7on, mais il est rare que vous l&rsquo;entendiez ou la ressentiez. Mais \u00e0 pr\u00e9sent vous \u00eates en train d\u2019\u00e9tablir la connexion, ce qui est bien plus important que d&rsquo;obtenir des id\u00e9es ou des r\u00e9ponses \u00e0 vos questions. Car avec cette connexion qui se d\u00e9veloppe, pas \u00e0 pas, tout ce que vous avez besoin de voir, de savoir et d&rsquo;entendre peut venir \u00e0 vous, et vous serez en mesure de l&rsquo;entendre. Vous serez en mesure de rester avec cela. Et vous serez en mesure de mener \u00e0 bien tout ce qu&rsquo;elle appelle dans votre vie.<\/p>\n<p>Lorsque vous vous lasserez des relations vides, des qu\u00eates sans espoir, de ce que cela vous co\u00fbte d\u2019essayer d&rsquo;obtenir ce que vous voulez du monde et de toute la corruption que cela cr\u00e9e en vous et autour de vous, vous rechercherez de plus en plus l&rsquo;union profonde. Rien d&rsquo;autre ne peut vous donner ce dont vous avez vraiment besoin, les v\u00e9ritables besoins de votre \u00e2me.<\/p>\n<p>C&rsquo;est ici que commence le retour \u00e0 Dieu, peut-\u00eatre imperceptiblement au d\u00e9but. C&rsquo;est le grand tournant. Car Dieu est la Grande Attraction de votre vie, plus grande que n&rsquo;importe quelle image de richesse, de beaut\u00e9 ou de charme dans ce monde, ou dans n&rsquo;importe quel monde \u2013plus p\u00e9n\u00e9trant, plus complet, plus profond et plus permanent que tout ce \u00e0 quoi vous pouvez penser ou que vous pouvez garder pour vous.<\/p>\n<p>Par cons\u00e9quent, vous d\u00e9veloppez naturellement la capacit\u00e9 et le d\u00e9sir pour cela. Car une fois que vous aurez pris ce virage, vous rechercherez de plus en plus ce qui est r\u00e9el et permanent et serez capable de faire face au monde du changement et de la forme plus efficacement \u2013 en \u00e9tant moins contrari\u00e9, moins abattu et en souffrant moins. Vous serez capable de voir des choses que vous ne pouviez pas voir auparavant, d\u2019entendre des choses que vous ne pouviez pas entendre auparavant et de voir le pouvoir de la Connaissance \u00e0 l\u2019\u0153uvre en les autres aussi bien qu\u2019en vous-m\u00eame.<\/p>\n<p>Votre pratique spirituelle la plus fondamentale est de faire l\u2019exp\u00e9rience de cette Pr\u00e9sence plus profonde. Ce n&rsquo;est pas la pr\u00e9sence d&rsquo;une personne. Ce n&rsquo;est pas la pr\u00e9sence d&rsquo;un ange. Ce n&rsquo;est pas la pr\u00e9sence d&rsquo;une divinit\u00e9. C&rsquo;est la Pr\u00e9sence de votre Source et de toute la Cr\u00e9ation.<\/p>\n<p>Il s\u2019agit de quelque chose de plus grand que tout ce dont vous serez jamais capable de faire l\u2019exp\u00e9rience pleinement dans cette vie. Mais \u00e0 mesure que vous vous ouvrirez \u00e0 cela, votre c\u0153ur se remplira, votre esprit sera purifi\u00e9 et soulag\u00e9, et vous saurez que vous \u00eates permanent m\u00eame si vous voyagez \u00e0 travers ce monde. Vous saurez que vous \u00eates aim\u00e9 m\u00eame si le v\u00e9ritable amour semble si lointain et si difficile \u00e0 trouver ici. Vous saurez que vous \u00eates ici dans un but, parce que Dieu vous a envoy\u00e9 ici dans un but. Vous serez patient, sachant que ce but se d\u00e9voilera au fur et \u00e0 mesure que vous avancerez, vous d\u00e9chargeant ainsi de la sp\u00e9culation constante.<\/p>\n<p>Vous commencerez ici \u00e0 faire l\u2019exp\u00e9rience des merveilles de la vie, des petites joies et les plaisirs simples li\u00e9s \u00e0 votre existence dans le monde, comme jamais auparavant, parce qu\u2019\u00e0 pr\u00e9sent, vous pouvez ressentir des choses que vous ne pouviez pas ressentir auparavant, voir des choses que vous ne pouviez pas voir auparavant et entendre des choses que vous ne pouviez pas entendre auparavant.<\/p>\n<p>La Pr\u00e9sence est sage, au-del\u00e0 de ce que vous pouvez imaginer. Elle vous tiendra \u00e0 l\u2019\u00e9cart de nombreuses choses qui vous distrairaient et vous \u00e9gareraient. Vous devez \u00eatre dispos\u00e9 \u00e0 ce que cela se produise et l&rsquo;accepter pour votre propre protection et votre propre s\u00e9curit\u00e9. Comme le petit b\u00e9b\u00e9 qui serre un objet dangereux qui doit lui \u00eatre enlev\u00e9, vous pleurez peut-\u00eatre parfois parce que certaines choses ne vous sont pas donn\u00e9es alors que vous les voulez, ou parce que vous ne pouvez pas garder quelque chose dont vous pensez avoir besoin, et vous pleurerez comme le petit b\u00e9b\u00e9 pleure. Mais vous devez ici avoir confiance en le fait qu\u2019il en est ainsi pour votre protection, bien que sur le moment vous ne puissiez pas encore voir pourquoi ou comment.<\/p>\n<p>Dieu ne vous donnera pas tout ce que vous voulez. Dieu vous donnera la chance de vivre la vraie vie que vous \u00eates venu vivre ici, et de trouver les vraies relations qui feront partie de cette plus grande vie, et d&rsquo;\u00eatre libre d\u2019une grande part de la servitude du monde et libre d\u2019une grande part de la souffrance, de la mis\u00e8re et du d\u00e9sespoir que vous verrez autour de vous. Vous aurez cette profonde libert\u00e9. Elle est plus grande que la libert\u00e9 politique, plus grande que n&rsquo;importe quelle libert\u00e9 que vous pouvez imaginer, mais tout cela existe dans un plus grand but. C&rsquo;est pour vous pr\u00e9parer \u00e0 ce but, afin que vous soyez de plus en plus libre de le voir, de le conna\u00eetre et de le suivre.<\/p>\n<p>Vous ne recherchez pas ici la b\u00e9atitude. Vous recherchez la relation \u2013 votre relation avec Dieu, qui a un but, et l&rsquo;union profonde avec Dieu qui est au-del\u00e0 de l&rsquo;expression, au-del\u00e0 de la description, au-del\u00e0 des mots et des images, et pourtant toujours pr\u00e9sente en vous \u2013 vous appelant, attendant que vous r\u00e9pondiez.<\/p>\n<p>&nbsp;<\/p>\n","protected":false},"excerpt":{"rendered":"<p>La r\u00e9alit\u00e9 de Dieu et le Plan de Dieu pour l&rsquo;univers d\u00e9passent votre compr\u00e9hension et votre capacit\u00e9 intellectuelles, mais l\u2019opportunit\u00e9 de faire l\u2019exp\u00e9rience de l&rsquo;union profonde avec Dieu est en vous et est toujours pr\u00e9sente. C&rsquo;est l&rsquo;exp\u00e9rience d&rsquo;une relation profonde, la relation la plus profonde que vous puissiez avoir et que vous aurez jamais. C&rsquo;est\u2026 <a class=\"read-more\" href=\"https:\/\/www.v6.newmessage.org\/fr\/about-recording-shortcode\"><span>Read More<\/span><\/a><\/p>\n","protected":false},"author":22,"featured_media":0,"parent":28266,"menu_order":0,"comment_status":"closed","ping_status":"closed","template":"template-leftsidebar.php","meta":{"_monsterinsights_skip_tracking":false,"_monsterinsights_sitenote_active":false,"_monsterinsights_sitenote_note":"","_monsterinsights_sitenote_category":0,"footnotes":""},"categories":[44,501,76,30],"tags":[707,699,708,712,710,703,713,709,705,706,711],"_links":{"self":[{"href":"https:\/\/www.v6.newmessage.org\/fr\/wp-json\/wp\/v2\/pages\/28875"}],"collection":[{"href":"https:\/\/www.v6.newmessage.org\/fr\/wp-json\/wp\/v2\/pages"}],"about":[{"href":"https:\/\/www.v6.newmessage.org\/fr\/wp-json\/wp\/v2\/types\/page"}],"author":[{"embeddable":true,"href":"https:\/\/www.v6.newmessage.org\/fr\/wp-json\/wp\/v2\/users\/22"}],"replies":[{"embeddable":true,"href":"https:\/\/www.v6.newmessage.org\/fr\/wp-json\/wp\/v2\/comments?post=28875"}],"version-history":[{"count":5,"href":"https:\/\/www.v6.newmessage.org\/fr\/wp-json\/wp\/v2\/pages\/28875\/revisions"}],"predecessor-version":[{"id":28887,"href":"https:\/\/www.v6.newmessage.org\/fr\/wp-json\/wp\/v2\/pages\/28875\/revisions\/28887"}],"up":[{"embeddable":true,"href":"https:\/\/www.v6.newmessage.org\/fr\/wp-json\/wp\/v2\/pages\/28266"}],"wp:attachment":[{"href":"https:\/\/www.v6.newmessage.org\/fr\/wp-json\/wp\/v2\/media?parent=28875"}],"wp:term":[{"taxonomy":"category","embeddable":true,"href":"https:\/\/www.v6.newmessage.org\/fr\/wp-json\/wp\/v2\/categories?post=28875"},{"taxonomy":"post_tag","embeddable":true,"href":"https:\/\/www.v6.newmessage.org\/fr\/wp-json\/wp\/v2\/tags?post=28875"}],"curies":[{"name":"wp","href":"https:\/\/api.w.org\/{rel}","templated":true}]}}