{"id":28632,"date":"2017-06-30T12:52:21","date_gmt":"2017-06-30T12:52:21","guid":{"rendered":"http:\/\/www.newmessage.org\/fr\/?page_id=28632"},"modified":"2017-09-11T21:30:10","modified_gmt":"2017-09-11T21:30:10","slug":"quest-ce-qui-cree-le-mal","status":"publish","type":"page","link":"https:\/\/www.v6.newmessage.org\/fr\/le-message\/volume-1\/le-dieu-un\/quest-ce-qui-cree-le-mal","title":{"rendered":"Qu&rsquo;est-ce qui cr\u00e9e le Mal ?"},"content":{"rendered":"<div><!-- Version 8.04 --><\/div>\n\n<div class=\"tabgroup \"><ul class=\"tabs\"><li><a href=\"#tabs-1\">R\u00e9v\u00e9lation<\/a><\/li>\n<li><a href=\"#tabs-2\">Note<\/a><\/li><\/ul>\n <div id=\"tabs-1\"><\/p>\n<p>\u00c9coutez la r\u00e9v\u00e9lation originale en anglais :<\/p>\n<div id=\"jquery_jplayer_1\" class=\"jp-jplayer\"><\/div>\n\t\t\t\t<div id=\"jp_container_1\" class=\"jp-audio\">\n\t\t\t\t<div class=\"jp-type-single\"><div class=\"jp-control\"><a href=\"javascript:;\" class=\"jp-play\" tabindex=\"1\">play<\/a><a href=\"javascript:;\" class=\"jp-pause\" tabindex=\"1\">pause<\/a><\/div> <div class=\"jp-gui jp-interface\"><div class=\"jp-volume\"><div class=\"jp-volume-bar\"><div class=\"jp-volume-bar-value\"><\/div><\/div><\/div><div class=\"jp-progress\"><div class=\"jp-seek-bar\"><div class=\"jp-play-bar\"><\/div><\/div><\/div><\/div>\t\t\t\t\t<div class=\"jp-no-solution\"><span>Update Required<\/span>To play the media you will need to either update your browser to a recent version or update your <a href=\"http:\/\/get.adobe.com\/flashplayer\/\" target=\"_blank\">Flash plugin<\/a>.<\/div><\/div><\/div>\n\t\t\t<script type='text\/javascript'>\n\t\t\t\tjQuery(document).ready(function() {\n\t\t\t\t\tif (typeof (sermonMedia) == 'function') {\n\t\t\t\t\t\tsermonMedia.addAudio('', \"jquery_jplayer_1\");\n\t\t\t\t\t}\n\t\t\t\t\tjQuery.jPlayer.timeFormat.showHour = true;\n\t\t\t\t\tjQuery(\"#jquery_jplayer_1\").jPlayer({\n\t\t\t\t\t\tready: function(event) {\n\t\t\t\t\t\t\tjQuery(this).jPlayer(\"setMedia\", {mp3: 'https:\/\/newmessage.org\/av\/what-creates-evil.mp3'});\n\t\t\t\t\t\t},\n\t\t\t\t\t\tplay: function() {\n\t\t\t\t\t\t\tjQuery(this).jPlayer(\"pauseOthers\");\n\t\t\t\t\t\t},\n\t\t\t\t\t\tswfPath: ThemeData.directory_uri+\"\/swf\",\n\t\t\t\t\t\tsolution: \"html, flash\",\n\t\t\t\t\t\tpreload: \"metadata\",\n\t\t\t\t\t\twmode: \"window\",\n\t\t\t\t\t\tsupplied: \"mp3\",\n\t\t\t\t\t\tcssSelectorAncestor: '#jp_container_1'\n\t\t\t\t\t});\n\t\t\t\t});\n\t\t\t<\/script><\/p>\n<p><a title=\"What Creates Evil? God\" href=\"\/av\/what-creates-evil.mp3\">T\u00e9l\u00e9charger<\/a> (utilisez le clic droit)<\/p>\n<p class=\"revelation_details\"><em>Tel que r\u00e9v\u00e9l\u00e9 au Messager de Dieu<br \/>\nMarshall Vian Summers<br \/>\nle 17 janvier 2008<br \/>\n\u00e0 Boulder, Colorado<\/em><\/p>\n<div class=\"toggle toggle-white\"><h4 class=\"trigger \"><span class=\"t_ico\"><\/span><a href=\"#\">\u00c0 propos de cet enregistrement<\/a><\/h4><div class=\"toggle_container \"><br \/>\n<p>Ce que vous entendez dans cet enregistrement audio est la voix de <a href=\"http:\/\/www.nouveaumessagededieu.org\/le-message\/important-terms#aa\" target=\"_blank\" rel=\"noopener noreferrer\">l&rsquo;Assembl\u00e9e Ang\u00e9lique<\/a> parlant \u00e0 travers le <a href=\"http:\/\/www.nouveaumessagededieu.org\/messager-de-dieu\" target=\"_blank\" rel=\"noopener noreferrer\">Messager Marshall Vian Summers<\/a>.<\/p>\n<p>Ici, la communication originale de Dieu, qui existe au-del\u00e0 des mots, est traduite en un langage et un entendement humains par <a href=\"http:\/\/www.nouveaumessagededieu.org\/le-message\/important-terms#aa\" target=\"_blank\" rel=\"noopener noreferrer\">l&rsquo;Assembl\u00e9e Ang\u00e9lique<\/a> qui veille sur le monde. L&rsquo;Assembl\u00e9e apporte alors le Message de Dieu \u00e0 travers le Messager.<\/p>\n<p>Dans ce processus remarquable, la <a href=\"http:\/\/www.nouveaumessagededieu.org\/le-message\/important-terms#vr\" target=\"_blank\" rel=\"noopener noreferrer\">Voix de la R\u00e9v\u00e9lation<\/a> parle \u00e0 nouveau. La Parole et le Son sont dans le monde. Pour la premi\u00e8re fois dans l&rsquo;histoire, l&rsquo;enregistrement de la r\u00e9v\u00e9lation parl\u00e9e originale est accessible pour que vous en fassiez l&rsquo;exp\u00e9rience.<\/p>\n<p>Puissiez-vous recevoir ce don de R\u00e9v\u00e9lation et puissiez-vous vous ouvrir \u00e0 son Message unique pour vous et pour votre vie.<\/p>\n<br \/>\n<\/div><\/div><br \/>\n<\/div>\n<div id=\"tabs-2\"><\/p>\n<p><em>Note aux lecteurs :<br \/>\nCette traduction a \u00e9t\u00e9 fournie \u00e0 la Society par des \u00e9tudiants du Nouveau Message qui se sont port\u00e9s volontaires pour traduire le texte original en anglais. Nous rendons cette traduction publique sous cette forme perfectible pour que les gens aient une chance de d\u00e9couvrir une portion du Nouveau Message dans leur propre langue.<\/em><\/p>\n<p><\/div>\n\t\t\t\t<div align=\"right\">\n\t\t\t<div class=\"fb-like\" data-href=\"\" data-layout=\"button_count\" data-action=\"like\" data-show-faces=\"false\" data-share=\"false\"><\/div>\n\t\t\t<div class=\"fb-share-button\" data-layout=\"button_count\"> <\/div>\n\t\t\t<div class=\"fb_iframe_widget\"><a href=\"https:\/\/twitter.com\/godsnewmessage?ref_src=twsrc%5Etfw\" class=\"twitter-follow-button\" data-show-count=\"false\">Follow @godsnewmessage<\/a><script async src=\"https:\/\/platform.twitter.com\/widgets.js\" charset=\"utf-8\"><\/script><\/div>\n\t\t\t<\/div> <\/div> \n\n<p>Il faut se rendre compte en \u00e9tant dans le monde qu\u2019il existe des forces destructrices au sein du monde. Si vous \u00eates vraiment honn\u00eate et capable de vous observer, vous vous rendrez compte qu\u2019il existe m\u00eame des forces destructrices en vous. Il est certain que, dans le monde qui vous entoure, ces forces destructrices sont \u00e9videntes et ont fait partie de l\u2019exp\u00e9rience humaine tout au long de son histoire.<\/p>\n<p>Si vous observez vos pens\u00e9es et vos inclinations, il vous sera \u00e9vident qu\u2019il existe en vous des forces destructrices. Vous voyez cela dans votre d\u00e9sir de vengeance. Vous voyez cela dans votre d\u00e9sir de vaincre ou dominer les autres. Vous voyez cela dans vos d\u00e9sirs, aussi secrets qu\u2019ils puissent \u00eatre, de supprimer ou d\u2019\u00e9liminer d\u2019autres personnes. Vous voyez cela dans vos r\u00eaves.<\/p>\n<p>Vous voyez m\u00eame cela dans votre d\u00e9sir de changer le monde. Car comment pouvez-vous changer le monde sans supprimer, \u00e9liminer ou faire taire ceux qui s\u2019opposeraient \u00e0 vous? Il s\u2019agit l\u00e0 d\u2019un probl\u00e8me fondamental li\u00e9 au fait d\u2019\u00eatre au sein d\u2019une r\u00e9alit\u00e9 physique, de vivre dans un corps et d\u2019\u00eatre en comp\u00e9tition pour les ressources avec d\u2019autres qui sont dans la r\u00e9alit\u00e9 physique et qui vivent dans des corps.<\/p>\n<p>La grande S\u00e9paration qui a mis en mouvement l\u2019existence et l\u2019expansion de l\u2019univers n\u2019a pas \u00e9t\u00e9 cr\u00e9\u00e9e \u00e0 partir d\u2019une intention mal\u00e9fique. Ce n&rsquo;\u00e9tait pas une erreur. Elle n\u2019est pas n\u00e9e du mal. Mais au sein de cette existence compromise, le mal devient in\u00e9vitable.<\/p>\n<p>Il ne s\u2019agit pas d\u2019une force g\u00e9n\u00e9r\u00e9e par un seul individu mythologique \u2013 quelqu\u2019un qui serait tomb\u00e9 en disgr\u00e2ce et qui serait devenu la source et le centre du mal. Ce n\u2019est certainement pas le cas lorsque vous vous envisagez vivant au sein d\u2019une Grande Communaut\u00e9 de vie intelligente dans l\u2019univers, o\u00f9 se trouvent d\u2019innombrables races, si diff\u00e9rentes de vous, vivant au sein d\u2019environnements tr\u00e8s diff\u00e9rents, et repr\u00e9sentant toutes les \u00e9tapes de l\u2019\u00e9volution psychologique, mentale et technologique. De toute \u00e9vidence, ce n\u2019est pas un seul individu qui est la source des probl\u00e8mes de tout le monde. Il s\u2019agit l\u00e0 plut\u00f4t du r\u00e9sultat de la vie au sein d\u2019une existence compromise, s\u00e9par\u00e9e.<\/p>\n<p>Par cons\u00e9quent, vous ne pouvez pas bl\u00e2mer un quelconque individu pour l\u2019existence du mal. C\u2019est le produit de la vie dans votre condition actuelle, qui ne repr\u00e9sente pas votre existence dans votre Ancienne Demeure, l\u2019existence de laquelle vous \u00eates venu et \u00e0 laquelle vous retournerez.<\/p>\n<p>Vous venez d\u2019une r\u00e9alit\u00e9 o\u00f9 vous \u00eates connu et o\u00f9 il n\u2019y a aucune question, pour entrer dans une r\u00e9alit\u00e9 o\u00f9 vous n\u2019\u00eates pas connu et o\u00f9 il n\u2019y a que des questions, et tr\u00e8s peu de vraies r\u00e9ponses. Vous venez d\u2019un endroit de s\u00e9curit\u00e9 et d\u2019inclusion totales pour entrer dans un endroit d\u00e9nu\u00e9 de s\u00e9curit\u00e9 et qui d\u00e9montre partout la S\u00e9paration. Vous venez d\u2019un endroit o\u00f9 vous \u00e9tiez en paix pour entrer \u00e0 pr\u00e9sent dans un endroit o\u00f9 vous devez survivre et rivaliser, o\u00f9 vous devez trouver votre chemin dans des conditions incertaines et des circonstances changeant constamment. \u00catre dans la r\u00e9alit\u00e9 physique, \u00eatre dans un corps, est quelque chose d\u2019enti\u00e8rement diff\u00e9rent.<\/p>\n<p>La Multitude Ang\u00e9lique, qui repr\u00e9sente le Cr\u00e9ateur de toute vie, sert d\u2019interm\u00e9diaire entre votre Ancienne Demeure et votre r\u00e9alit\u00e9 actuelle \u2013 vivant au sein de l\u2019existence physique, vivant dans un corps et ayant \u00e0 faire face \u00e0 ce genre de r\u00e9alit\u00e9, qui est tellement diff\u00e9rente de l\u00e0 d\u2019o\u00f9 vous venez.<\/p>\n<p>Ici, Dieu semble \u00eatre myst\u00e9rieux. Dieu semble ne pas \u00eatre pr\u00e9sent. Dieu est introuvable. Vous vivez une existence o\u00f9 Dieu semble m\u00eame ne pas exister du tout, \u00e0 moins d\u2019avoir une grande foi. Comme cela est diff\u00e9rent de l\u00e0 d\u2019o\u00f9 vous venez et de cette Demeure \u00e0 laquelle vous retournerez!<\/p>\n<p>Et en arrivant dans cet environnement, vos id\u00e9es de Dieu sont tellement limit\u00e9es. Les gens pensent que Dieu est comme eux \u2013 tr\u00e8s puissant, bien s\u00fbr, tr\u00e8s sage, bien s\u00fbr, mais juge, vengeur, col\u00e9rique et frustr\u00e9, tout comme ils le sont. Ils ont cr\u00e9\u00e9 Dieu \u00e0 leur image.<\/p>\n<p>Par cons\u00e9quent, toute compr\u00e9hension de Dieu n\u2019est qu\u2019une approximation. Il n\u2019y a pas de v\u00e9rit\u00e9 absolue sur Dieu qui soit n\u00e9e de votre existence actuelle parce que votre existence actuelle n\u2019est pas absolue. Il s\u2019agit d\u2019une r\u00e9alit\u00e9 relative, relative dans le sens o\u00f9 elle est en mouvement, elle change et elle a un commencement et une fin. Cependant, l\u2019endroit d\u2019o\u00f9 vous venez ne change pas. Il n\u2019a ni commencement ni fin. Il n\u2019est pas en mouvement. Il n\u2019est pas incertain. Il n\u2019est pas impr\u00e9visible.<\/p>\n<p>Par cons\u00e9quent, il est important de consid\u00e9rer ici que l\u2019existence du mal est le r\u00e9sultat de la vie dans cette condition. C\u2019est in\u00e9vitable. Si vous enlevez \u00e0 un \u00eatre son sentiment d\u2019inclusion et sa s\u00e9curit\u00e9 et que vous le jetez dans un environnement o\u00f9 il doit d\u00e9sormais survivre et rivaliser, o\u00f9 il doit d\u00e9truire d\u2019autres organismes afin de survivre, o\u00f9 il est constamment confront\u00e9 \u00e0 l\u2019incertitude et au risque de destruction, et o\u00f9 la privation est continuellement pr\u00e9sente et constitue une menace permanente, comment pouvez-vous vous attendre \u00e0 ce qu\u2019il fonctionne dans un \u00e9tat de sagesse et de compassion absolues, sans que la peur et l\u2019anxi\u00e9t\u00e9 l\u2019accompagnent \u00e0 chaque instant?<\/p>\n<p>Dieu ne s\u2019attend pas \u00e0 cela. Dieu ne s\u2019attend pas \u00e0 ce que l\u2019on soit parfait en ces circonstances, car personne ne sera parfait, et Dieu ne s\u2019attend pas \u00e0 ce qui ne peut \u00eatre. Vous attendez peut-\u00eatre cela de vous-m\u00eame et des autres personnes, mais c\u2019est parce que vous ne comprenez pas la r\u00e9alit\u00e9 dans laquelle vous \u00eates entr\u00e9 et pour laquelle vous avez choisi de venir.<\/p>\n<p>Par cons\u00e9quent, Dieu ne punit pas le mal parce que le mal est in\u00e9vitable. C\u2019est comme punir un enfant pour \u00eatre pu\u00e9ril. C\u2019est comme punir un idiot pour \u00eatre idiot. Il n\u2019y a pas de punition pour le mal. Le mal ne fait que perp\u00e9tuer le malheur de chacun et retarder et \u00e9loigner davantage la possibilit\u00e9 de la r\u00e9demption.<\/p>\n<p>Les gens ont du mal \u00e0 accepter cela, bien s\u00fbr, car ils veulent que Dieu les venge. Incapables d\u2019appliquer eux-m\u00eames la punition qu\u2019ils pensent l\u00e9gitime, ou ne voulant pas s\u2019en charger eux-m\u00eames, ils veulent \u00e0 pr\u00e9sent que Dieu s\u2019en charge pour eux. Ceci est une fois de plus le r\u00e9sultat de la cr\u00e9ation de Dieu \u00e0 l\u2019image de l\u2019individu, un Dieu comme ce dernier, juste plus puissant, voil\u00e0 tout.<\/p>\n<p>L\u2019Enfer est une invention que les gens ont cr\u00e9\u00e9e pour punir ceux qu\u2019ils ha\u00efssent et qu\u2019ils ne peuvent pas supporter. Mais vous vivez d\u00e9j\u00e0 dans une sorte d\u2019Enfer, voyez-vous, l\u2019Enfer de la S\u00e9paration. Vous engager plus en profondeur dans cette condition repr\u00e9sente une descente plus profonde aux Enfers. Vous isoler davantage, n\u2019\u00e9tant gouvern\u00e9 \u00e0 pr\u00e9sent que par votre imagination craintive et par votre condamnation de vous-m\u00eame, des autres et du monde, vous plonge davantage dans une condition qui est par sa nature m\u00eame fondamentalement difficile.<\/p>\n<p>Ainsi, le mal est partout autour de vous. Il s\u2019agit d\u2019une force. Il prend la forme de forces dans l\u2019environnement mental, de forces de persuasion, de forces que vous ne pouvez pas voir, mais que vous pouvez ressentir, qui affectent votre pens\u00e9e, vos \u00e9motions et votre comportement.<\/p>\n<p>Voyez-vous, c\u2019est la raison pour laquelle des individus, des groupes et des nations toutes enti\u00e8res peuvent s\u2019engager dans des actions qui sont fondamentalement destructrices et contre-productives. Une nation toute enti\u00e8re peut s\u2019engager dans l\u2019invasion et la destruction d\u2019une autre nation pour sa richesse et ses ressources, sous pr\u00e9texte de s\u00e9curit\u00e9 nationale ou de se pr\u00e9server. Ou elle [la guerre] peut \u00eatre men\u00e9e sous la banni\u00e8re de la religion, consid\u00e9rant que l\u2019autre nation est impie ou repr\u00e9sente le mal, que ses habitants sont des pa\u00efens, des gens qui ne se sont pas repentis. Mais tout cela n\u2019est qu\u2019une excuse pour exprimer la puissance et la force du mal. Et bien que cela puisse \u00eatre conduit par quelques individus d\u00e9termin\u00e9s, tous les autres seront entra\u00een\u00e9s.<\/p>\n<p>Comment cela est-il possible? Comment une telle force peut-elle avoir une telle influence? C\u2019est le pouvoir au sein de l\u2019environnement mental, voyez-vous.<\/p>\n<p>Pour survivre dans ce monde, vous avez besoin d\u2019aide et de soutien, et pour obtenir cette aide et ce soutien, vous ferez de nombreux compromis \u2013 dans vos relations avec les autres, dans vos mariages, tout autour de vous dans toutes vos relations, dans votre relation avec la nation au sein de laquelle vous vivez. Vous voulez son soutien, sa protection et son approbation, donc vous la suivrez, m\u00eame si elle est en train de faire quelque chose d\u2019abominable et qui est clairement en violation avec ce \u00e0 quoi vous accordez le plus de valeur.<\/p>\n<p>Il s\u2019agit l\u00e0 de la puissance du mal fonctionnant dans l\u2019environnement mental, s\u2019exprimant dans un contexte social. Cela peut \u00eatre d\u00e9guis\u00e9 en un sens du devoir pour sa nation ou pour sa famille qui peut vous conduire \u00e0 faire des choses qui sont clairement en violation avec ce que la Connaissance en vous indiquerait \u2013 l\u2019intelligence plus profonde que le Cr\u00e9ateur de toute vie a plac\u00e9e en vous. Une violation de la Connaissance, une violation de Dieu, une violation de ce que vous savez \u00eatre juste \u2013 vous violerez cela pour gagner l\u2019aide, la protection et l\u2019approbation que vous pensez n\u00e9cessaires pour votre survie. Il s\u2019agit l\u00e0 d\u2019une situation vraiment difficile. C\u2019est, encore une fois, la situation d\u00e9licate que constitue la vie au sein de cette existence s\u00e9par\u00e9e.<\/p>\n<p>Le monde est un endroit magnifique. Il est merveilleux. C\u2019est la Cr\u00e9ation qui se produit \u00e0 chaque instant. Le changement qui se produit \u00e0 chaque instant. Si vous pouvez vous tenir \u00e0 l\u2019\u00e9cart de cela et en faire l\u2019exp\u00e9rience \u2013 sans craindre pour votre propre survie, sans avoir peur de ce que vous pourriez perdre ou devoir abandonner \u2013 cela peut effectivement \u00eatre une exp\u00e9rience merveilleuse. Mais ne confondez pas cela avec votre Ancienne Demeure de laquelle vous \u00eates venu et \u00e0 laquelle vous retournerez. Il n\u2019y a aucune comparaison possible.<\/p>\n<p>Par cons\u00e9quent, vous devez accepter le monde tel qu\u2019il est. Vous ne pouvez pas le rendre semblable \u00e0 votre Ancienne Demeure. M\u00eame Dieu ne peut pas le rendre semblable \u00e0 votre Ancienne Demeure, car Dieu l\u2019a fait pour qu\u2019il soit quelque chose de diff\u00e9rent.<\/p>\n<p>Dieu n\u2019est pas \u00e0 l\u2019origine du mal, mais Dieu a cr\u00e9\u00e9 un environnement o\u00f9 le mal, au moins parmi les races intelligentes qui sont conscientes de leur propre mortalit\u00e9, sera probable et in\u00e9vitable. Mais Dieu a donn\u00e9 un antidote au mal, un antidote puissant, plac\u00e9 en vous dans le pouvoir et la pr\u00e9sence de la Connaissance, un esprit plus profond en vous. Non pas le mental avec lequel vous pensez. Non pas un esprit qui juge et sp\u00e9cule, compare et condamne, mais un esprit plus profond \u2013 un esprit comme l\u2019Esprit de Dieu ; un esprit qui ne pense pas comme pense votre mental personnel; un esprit qui voit, attend, sait et agit avec pouvoir et engagement.<\/p>\n<p>C\u2019est l\u00e0 l\u2019antidote, voyez-vous. C\u2019est l\u2019antidote au mal en vous, et aux persuasions du mal en vous et tout autour de vous, qui sont si r\u00e9pandues et si puissantes dans le monde. C\u2019est, au bout du compte, un antidote au mal dans l\u2019univers tout entier. Mais il doit devenir fort au sein des individus.<\/p>\n<p>Le pouvoir de la Connaissance en vous est incorruptible. Il n\u2019est pas persuad\u00e9 ou affect\u00e9 par les s\u00e9ductions et les incitations qui existent au sein du monde humain et m\u00eame au sein de la Grande Communaut\u00e9, o\u00f9 l\u2019expression du conflit et du mal existent depuis si longtemps.<\/p>\n<p>Vous, par vous-m\u00eame, ne pouvez pas combattre le mal. Si vous essayiez de le combattre, il vous s\u00e9duirait. Vous deviendriez davantage semblable \u00e0 lui. De militant pacifique, il vous transformera en guerrier. Vous vous retrouverez \u00e0 prendre les armes contre d\u2019autres que vous consid\u00e8rerez \u00eatre gouvern\u00e9s par le mal.<\/p>\n<p>Vous deviendrez comme eux parce que le mal adore l\u2019attention. Il se nourrit de l\u2019engagement humain. Il est renforc\u00e9 par ceux qui le suivent et par ceux qui s\u2019y opposent. Car sans all\u00e9geance humaine ni attention humaine, le mal n\u2019a nulle part o\u00f9 se fixer. Ceux qui y sont engag\u00e9s ont besoin de l\u2019all\u00e9geance et de l\u2019engagement des autres.<\/p>\n<p>Il y a tr\u00e8s peu de gens dans le monde qui sont vraiment mal\u00e9fiques, qui se sont engag\u00e9s aupr\u00e8s de cette force, de cette puissance. Mais leur influence sur la soci\u00e9t\u00e9 en g\u00e9n\u00e9ral est \u00e9norme. Leur impact destructeur est \u00e9norme. Les effets de leurs actions sur les autres, compte-tenu de leur nombre, sont \u00e9normes. La force de persuasion qu\u2019ils ont pour pousser les nations \u00e0 se faire la guerre est tr\u00e8s puissante, voyez-vous.<\/p>\n<p>Vous en tant qu\u2019individu ne pouvez combattre le mal sans risquer de tomber sous ses persuasions et ses incitations. Tenter de le faire est vous engager \u00e0 \u00eatre en opposition \u00e0 d\u2019autres. Cela vous place fondamentalement contre eux et en opposition \u00e0 eux, m\u00eame d\u00e8s le d\u00e9part. D\u00e9sormais vous devez combattre d\u2019autres personnes pour faire et pour cr\u00e9er ce que vous pensez \u00eatre juste.<\/p>\n<p>M\u00eame s\u2019il est acceptable de s\u2019opposer \u00e0 d\u2019autres pour une bonne cause, dans cette situation, cela change vos intentions. Cela change vos motivations parce que vous \u00eates gouvern\u00e9 par la peur \u2013 la peur de l\u2019\u00e9chec, la peur de ne pas accomplir ce que vous voulez accomplir, la peur qui consiste \u00e0 penser que, si vous ne r\u00e9ussissez pas, les forces d\u2019opposition r\u00e9gneront. La peur suscite la col\u00e8re. La col\u00e8re suscite la haine. La haine suscite la violence. La violence suscite davantage de violence.<\/p>\n<p>Il s\u2019agit d\u2019un pi\u00e8ge, voyez-vous. C\u2019est un casse-t\u00eate fondamental. Il prend de bonnes personnes et les oppose les unes aux autres, modifie leurs v\u00e9ritables intentions d\u2019\u00e9tablir la paix et la coop\u00e9ration, et manifeste des r\u00e9sultats enti\u00e8rement diff\u00e9rents.<\/p>\n<p>Il y a une plus grande Sagesse qui vit en vous et qui n\u2019est pas affect\u00e9e par les forces de dissonance dans le monde, par les persuasions des autres ou par les incitations de la culture ou m\u00eame de la religion. Elle est libre. Elle est pure. Elle est claire. Elle ne r\u00e9pond qu\u2019\u00e0 Dieu, car elle est une extension de Dieu.<\/p>\n<p>Aussi loin que vous poussiez votre tentative d\u2019\u00e9tablir votre isolement, d\u2019essayer de faire de la S\u00e9paration une r\u00e9ussite et d\u2019essayer de faire fonctionner la S\u00e9paration, vous serez toujours reli\u00e9 \u00e0 Dieu par la Connaissance, cet esprit plus profond en vous. Vous ne pouvez pas y \u00e9chapper. Vous ne pouvez pas vous s\u00e9parer d\u2019elle. Vous pouvez la nier. Vous pouvez recouvrir sa lumi\u00e8re de nombreuses couches et vivre dans l\u2019obscurit\u00e9, mais vous ne pouvez pas l\u2019\u00e9liminer. Elle repr\u00e9sente votre raison d\u2019\u00eatre dans le monde, votre connexion \u00e0 Dieu et votre r\u00e9demption.<\/p>\n<p>Combien de temps vous faudra-t-il pour en venir \u00e0 la d\u00e9sirer et pour r\u00e9aliser que, sans elle, vous ne pouvez pas r\u00e9ussir, vous ne pouvez pas vous accomplir, et vous ne pouvez pas apporter une r\u00e9elle contribution au monde, ce qui est la v\u00e9ritable intention de votre pr\u00e9sence dans le monde? Telle est la question. Sans elle, vous ne pouvez pas satisfaire le besoin de votre \u00e2me. Sans elle, vous ne pouvez pas avoir la paix et l\u2019int\u00e9grit\u00e9 en vous. Sans elle, vous ne pouvez pas avoir une relation heureuse avec vous-m\u00eame, ou avec d\u2019autres personnes ou m\u00eame avec le monde entier.<\/p>\n<p>Vous croyez peut-\u00eatre toujours au pouvoir militaire, au pouvoir des armes, au pouvoir de la force, au pouvoir du gouvernement, au pouvoir de la persuasion personnelle, au pouvoir de la domination personnelle, au pouvoir de la richesse, au pouvoir de la beaut\u00e9 ou au pouvoir de l\u2019ing\u00e9niosit\u00e9 et du charme, mais seule la Connaissance en vous poss\u00e8de le v\u00e9ritable pouvoir pour r\u00e9unir, pour reconnecter, pour b\u00e9nir et pour inspirer.<\/p>\n<p>Le monde a mis en place ses propres dieux, ses propres d\u00e9finitions, ses propres expressions de pouvoir et de domination, de persuasion et de conqu\u00eate, et ainsi de suite. La Connaissance en vous et en les autres ne se laisse pas abuser par cela.<\/p>\n<p>Vous ne pouvez pas faire en sorte que la Connaissance vous donne ce que vous voulez, car elle est plus puissante que vous ne l\u2019\u00eates, plus puissante que votre esprit personnel \u2013 un esprit plein de d\u00e9sir et de conflit, de peur et d\u2019appr\u00e9hension, un esprit qui est identifi\u00e9 avec tout ce qui est incertain, un esprit qui est sujet au pouvoir du mal, un esprit qui est facilement influenc\u00e9 et qui a \u00e9t\u00e9 influenc\u00e9.<\/p>\n<p>Mais profond\u00e9ment en vous se trouve la Connaissance. Vous avez ce qui est inchang\u00e9, voyez-vous. C\u2019est retourner \u00e0 ce qui, en vous, est inchang\u00e9 et qui est votre r\u00e9demption, qui est votre pouvoir, qui commence \u00e0 vous lib\u00e9rer de l\u2019emprise de la d\u00e9pendance et de l\u2019emprise de la persuasion.<\/p>\n<p>Vous pouvez faire semblant d\u2019\u00eatre quiconque vous voulez essayer d\u2019\u00eatre. Vous pouvez vous donner n\u2019importe quel nom. Vous pouvez vous \u00e9tablir dans n\u2019importe quel r\u00f4le. Vous pouvez jouer le r\u00f4le de la bonne personne ou de la mauvaise personne. Mais \u00e0 l\u2019int\u00e9rieur de vous, il y a la Connaissance, attendant d\u2019\u00eatre d\u00e9couverte.<\/p>\n","protected":false},"excerpt":{"rendered":"<p>Il faut se rendre compte en \u00e9tant dans le monde qu\u2019il existe des forces destructrices au sein du monde. Si vous \u00eates vraiment honn\u00eate et capable de vous observer, vous vous rendrez compte qu\u2019il existe m\u00eame des forces destructrices en vous. Il est certain que, dans le monde qui vous entoure, ces forces destructrices sont\u2026 <a class=\"read-more\" href=\"https:\/\/www.v6.newmessage.org\/fr\/about-recording-shortcode\"><span>Read More<\/span><\/a><\/p>\n","protected":false},"author":22,"featured_media":0,"parent":16297,"menu_order":0,"comment_status":"closed","ping_status":"closed","template":"template-leftsidebar.php","meta":{"_monsterinsights_skip_tracking":false,"_monsterinsights_sitenote_active":false,"_monsterinsights_sitenote_note":"","_monsterinsights_sitenote_category":0,"footnotes":""},"categories":[44,76,30,379,460],"tags":[649],"_links":{"self":[{"href":"https:\/\/www.v6.newmessage.org\/fr\/wp-json\/wp\/v2\/pages\/28632"}],"collection":[{"href":"https:\/\/www.v6.newmessage.org\/fr\/wp-json\/wp\/v2\/pages"}],"about":[{"href":"https:\/\/www.v6.newmessage.org\/fr\/wp-json\/wp\/v2\/types\/page"}],"author":[{"embeddable":true,"href":"https:\/\/www.v6.newmessage.org\/fr\/wp-json\/wp\/v2\/users\/22"}],"replies":[{"embeddable":true,"href":"https:\/\/www.v6.newmessage.org\/fr\/wp-json\/wp\/v2\/comments?post=28632"}],"version-history":[{"count":5,"href":"https:\/\/www.v6.newmessage.org\/fr\/wp-json\/wp\/v2\/pages\/28632\/revisions"}],"predecessor-version":[{"id":28721,"href":"https:\/\/www.v6.newmessage.org\/fr\/wp-json\/wp\/v2\/pages\/28632\/revisions\/28721"}],"up":[{"embeddable":true,"href":"https:\/\/www.v6.newmessage.org\/fr\/wp-json\/wp\/v2\/pages\/16297"}],"wp:attachment":[{"href":"https:\/\/www.v6.newmessage.org\/fr\/wp-json\/wp\/v2\/media?parent=28632"}],"wp:term":[{"taxonomy":"category","embeddable":true,"href":"https:\/\/www.v6.newmessage.org\/fr\/wp-json\/wp\/v2\/categories?post=28632"},{"taxonomy":"post_tag","embeddable":true,"href":"https:\/\/www.v6.newmessage.org\/fr\/wp-json\/wp\/v2\/tags?post=28632"}],"curies":[{"name":"wp","href":"https:\/\/api.w.org\/{rel}","templated":true}]}}