{"id":28385,"date":"2016-12-05T22:55:56","date_gmt":"2016-12-05T22:55:56","guid":{"rendered":"http:\/\/www.newmessage.org\/fr\/?page_id=28385"},"modified":"2017-09-11T20:15:47","modified_gmt":"2017-09-11T20:15:47","slug":"la-creation","status":"publish","type":"page","link":"https:\/\/www.v6.newmessage.org\/fr\/le-message\/volume-1\/le-dieu-un\/la-creation","title":{"rendered":"Qu&rsquo;est-ce que la Cr\u00e9ation ?"},"content":{"rendered":"<div><!-- Version 8.03 --><\/div>\n\n<div class=\"tabgroup \"><ul class=\"tabs\"><li><a href=\"#tabs-1\">R\u00e9v\u00e9lation<\/a><\/li>\n<li><a href=\"#tabs-2\">Vid\u00e9o<\/a><\/li>\n<li><a href=\"#tabs-3\">Note<\/a><\/li><\/ul>\n <div id=\"tabs-1\"><\/p>\n<p>\u00c9coutez la r\u00e9v\u00e9lation originale en anglais :<\/p>\n<div id=\"jquery_jplayer_1\" class=\"jp-jplayer\"><\/div>\n\t\t\t\t<div id=\"jp_container_1\" class=\"jp-audio\">\n\t\t\t\t<div class=\"jp-type-single\"><div class=\"jp-control\"><a href=\"javascript:;\" class=\"jp-play\" tabindex=\"1\">play<\/a><a href=\"javascript:;\" class=\"jp-pause\" tabindex=\"1\">pause<\/a><\/div> <div class=\"jp-gui jp-interface\"><div class=\"jp-volume\"><div class=\"jp-volume-bar\"><div class=\"jp-volume-bar-value\"><\/div><\/div><\/div><div class=\"jp-progress\"><div class=\"jp-seek-bar\"><div class=\"jp-play-bar\"><\/div><\/div><\/div><\/div>\t\t\t\t\t<div class=\"jp-no-solution\"><span>Update Required<\/span>To play the media you will need to either update your browser to a recent version or update your <a href=\"http:\/\/get.adobe.com\/flashplayer\/\" target=\"_blank\">Flash plugin<\/a>.<\/div><\/div><\/div>\n\t\t\t<script type='text\/javascript'>\n\t\t\t\tjQuery(document).ready(function() {\n\t\t\t\t\tif (typeof (sermonMedia) == 'function') {\n\t\t\t\t\t\tsermonMedia.addAudio('', \"jquery_jplayer_1\");\n\t\t\t\t\t}\n\t\t\t\t\tjQuery.jPlayer.timeFormat.showHour = true;\n\t\t\t\t\tjQuery(\"#jquery_jplayer_1\").jPlayer({\n\t\t\t\t\t\tready: function(event) {\n\t\t\t\t\t\t\tjQuery(this).jPlayer(\"setMedia\", {mp3: 'https:\/\/newmessage.org\/av\/what-is-creation.mp3'});\n\t\t\t\t\t\t},\n\t\t\t\t\t\tplay: function() {\n\t\t\t\t\t\t\tjQuery(this).jPlayer(\"pauseOthers\");\n\t\t\t\t\t\t},\n\t\t\t\t\t\tswfPath: ThemeData.directory_uri+\"\/swf\",\n\t\t\t\t\t\tsolution: \"html, flash\",\n\t\t\t\t\t\tpreload: \"metadata\",\n\t\t\t\t\t\twmode: \"window\",\n\t\t\t\t\t\tsupplied: \"mp3\",\n\t\t\t\t\t\tcssSelectorAncestor: '#jp_container_1'\n\t\t\t\t\t});\n\t\t\t\t});\n\t\t\t<\/script><\/p>\n<p><a title=\"The New God\" href=\"\/av\/what-is-creation.mp3\">T\u00e9l\u00e9charger<\/a> (utilisez le clic droit)<\/p>\n<p class=\"revelation_details\"><em>Tel que r\u00e9v\u00e9l\u00e9 au Messager de Dieu<br \/>\nMarshall Vian Summers<br \/>\nle 4 f\u00e9vrier 2008<br \/>\n\u00e0 Boulder, Colorado<\/em><\/p>\n<div class=\"toggle toggle-white\"><h4 class=\"trigger \"><span class=\"t_ico\"><\/span><a href=\"#\">\u00c0 propos de cet enregistrement<\/a><\/h4><div class=\"toggle_container \"><br \/>\n<p>Ce que vous entendez dans cet enregistrement audio est la voix de <a href=\"http:\/\/www.nouveaumessagededieu.org\/le-message\/important-terms#aa\" target=\"_blank\" rel=\"noopener noreferrer\">l&rsquo;Assembl\u00e9e Ang\u00e9lique<\/a> parlant \u00e0 travers le <a href=\"http:\/\/www.nouveaumessagededieu.org\/messager-de-dieu\" target=\"_blank\" rel=\"noopener noreferrer\">Messager Marshall Vian Summers<\/a>.<\/p>\n<p>Ici, la communication originale de Dieu, qui existe au-del\u00e0 des mots, est traduite en un langage et un entendement humains par <a href=\"http:\/\/www.nouveaumessagededieu.org\/le-message\/important-terms#aa\" target=\"_blank\" rel=\"noopener noreferrer\">l&rsquo;Assembl\u00e9e Ang\u00e9lique<\/a> qui veille sur le monde. L&rsquo;Assembl\u00e9e apporte alors le Message de Dieu \u00e0 travers le Messager.<\/p>\n<p>Dans ce processus remarquable, la <a href=\"http:\/\/www.nouveaumessagededieu.org\/le-message\/important-terms#vr\" target=\"_blank\" rel=\"noopener noreferrer\">Voix de la R\u00e9v\u00e9lation<\/a> parle \u00e0 nouveau. La Parole et le Son sont dans le monde. Pour la premi\u00e8re fois dans l&rsquo;histoire, l&rsquo;enregistrement de la r\u00e9v\u00e9lation parl\u00e9e originale est accessible pour que vous en fassiez l&rsquo;exp\u00e9rience.<\/p>\n<p>Puissiez-vous recevoir ce don de R\u00e9v\u00e9lation et puissiez-vous vous ouvrir \u00e0 son Message unique pour vous et pour votre vie.<\/p>\n<br \/>\n<\/div><\/div><br \/>\n<\/div>\n<div id=\"tabs-2\"><\/p>\n<p><iframe loading=\"lazy\" width=\"275\" height=\"155\" src=\"https:\/\/www.youtube.com\/embed\/ZV_H72T1yUU?feature=oembed&#038;enablejsapi=1&#038;origin=https:\/\/www.newmessage.org\/fr\" frameborder=\"0\" allowfullscreen><\/iframe><br \/>\n<\/div>\n<div id=\"tabs-3\"><\/p>\n<p><em>Note aux lecteurs :<br \/>\nCette traduction a \u00e9t\u00e9 fournie \u00e0 la Society par des \u00e9tudiants du Nouveau Message qui se sont port\u00e9s volontaires pour traduire le texte original en anglais. Nous rendons cette traduction publique sous cette forme perfectible pour que les gens aient une chance de d\u00e9couvrir une portion du Nouveau Message dans leur propre langue.<\/em><\/p>\n<p><\/div>\n\t\t\t\t<div align=\"right\">\n\t\t\t<div class=\"fb-like\" data-href=\"\" data-layout=\"button_count\" data-action=\"like\" data-show-faces=\"false\" data-share=\"false\"><\/div>\n\t\t\t<div class=\"fb-share-button\" data-layout=\"button_count\"> <\/div>\n\t\t\t<div class=\"fb_iframe_widget\"><a href=\"https:\/\/twitter.com\/godsnewmessage?ref_src=twsrc%5Etfw\" class=\"twitter-follow-button\" data-show-count=\"false\">Follow @godsnewmessage<\/a><script async src=\"https:\/\/platform.twitter.com\/widgets.js\" charset=\"utf-8\"><\/script><\/div>\n\t\t\t<\/div> <\/div> \n\n<p>Il est maintenant temps pour l&rsquo;humanit\u00e9 de prendre connaissance de la spiritualit\u00e9 dans la Grande Communaut\u00e9 de vie dans laquelle votre monde a toujours exist\u00e9. Il est temps maintenant de d\u00e9passer le fonctionnement en tant que tribu et l\u2019identification en tant que tribu pour apprendre un nouveau paradigme, pour prendre conscience de l&rsquo;\u00e9volution de la compr\u00e9hension religieuse dans l&rsquo;univers o\u00f9 elle a \u00e9t\u00e9 exprim\u00e9e le plus pleinement et o\u00f9 elle a \u00e9t\u00e9 r\u00e9alis\u00e9e de la mani\u00e8re la plus compl\u00e8te.<\/p>\n<p>L&rsquo;humanit\u00e9 doit maintenant d\u00e9velopper une perspective plus grande afin d&rsquo;\u00e9tablir l&rsquo;unit\u00e9 et la compr\u00e9hension humaines, afin d\u2019aller \u00e0 la rencontre des Grandes Vagues de changement qui arrivent sur le monde et d\u2019y faire face, et afin de reconna\u00eetre et de contrebalancer la Grande Obscurit\u00e9 qui est dans le monde.<\/p>\n<p>Vous ne pouvez pas aller \u00e0 la rencontre d\u2019une nouvelle r\u00e9alit\u00e9 avec une ancienne compr\u00e9hension, et c&rsquo;est la raison pour laquelle Dieu a envoy\u00e9 un Nouveau Message dans le monde, un Message pour la protection et l&rsquo;avancement de l&rsquo;humanit\u00e9.<\/p>\n<p>La premi\u00e8re question est : Qu&rsquo;est-ce que la Cr\u00e9ation ? La Cr\u00e9ation est tout ce que Dieu a cr\u00e9\u00e9 dans le temps et au-del\u00e0 du temps. Vous vivez dans le temps, aussi vivez-vous dans une partie de la Cr\u00e9ation qui est en mouvement, qui fluctue, qui est instable, qui \u00e9volue et qui s\u2019\u00e9tend. Cette partie de la Cr\u00e9ation a \u00e9t\u00e9 cr\u00e9\u00e9e pour servir de lieu de vie \u00e0 ceux qui sont s\u00e9par\u00e9s, un endroit o\u00f9 ils pourraient faire l&rsquo;exp\u00e9rience de la S\u00e9paration et avoir la possibilit\u00e9 de choisir un chemin de retour \u00e0 cette partie de la Cr\u00e9ation qui ne change pas, qui est compl\u00e8te et \u00e9ternelle.<\/p>\n<p>La Cr\u00e9ation dont vous devez vous pr\u00e9occuper est cette Cr\u00e9ation temporaire \u2013 un endroit de temps et d&rsquo;espace, une r\u00e9alit\u00e9 physique, une r\u00e9alit\u00e9 de changements constants, de syst\u00e8mes qui \u00e9voluent, une r\u00e9alit\u00e9 de contraste et de conflit, une r\u00e9alit\u00e9 de vie et de mort.<\/p>\n<p>La S\u00e9paration a cr\u00e9\u00e9 cette r\u00e9alit\u00e9, car Dieu savait que ceux qui sont s\u00e9par\u00e9s auraient besoin d\u2019une base sur laquelle exister. Cela mit en route l&rsquo;univers physique que vous commencez seulement \u00e0 comprendre et que vous devez apprendre \u00e0 servir et \u00e0 reconna\u00eetre si vous voulez en d\u00e9passer les fascinations et en pardonner les trag\u00e9dies.<\/p>\n<p>La Cr\u00e9ation au-del\u00e0 de cela est actuellement au-del\u00e0 de votre conscience, bien qu&rsquo;en fait vous viviez en son sein. Car la Cr\u00e9ation temporaire a lieu \u00e0 un autre niveau. Vous \u00eates d\u00e9j\u00e0 entour\u00e9 par la Cr\u00e9ation permanente, mais vos yeux ne peuvent la voir, vos oreilles ne peuvent l&rsquo;entendre et vos doigts ne peuvent la toucher car vos sens ont seulement \u00e9t\u00e9 mis en place pour reconna\u00eetre des choses physiques et des choses qui se d\u00e9placent, des objets qui sont en mouvement et des sons qui changent.<\/p>\n<p>La plus grande r\u00e9alit\u00e9 dans laquelle vous vivez est tout autour de vous. Vous ne l&rsquo;avez jamais quitt\u00e9e, mais \u00e9tant donn\u00e9 votre d\u00e9pendance vis-\u00e0-vis de vos sens, vous ne pouvez pas directement en faire l&rsquo;exp\u00e9rience sans un certain type de pr\u00e9paration.<\/p>\n<p>C\u2019est tout \u00e0 fait d\u00e9concertant pour votre compr\u00e9hension humaine, et c\u2019est tout \u00e0 fait d\u00e9concertant pour la compr\u00e9hension des innombrables races d&rsquo;\u00eatres qui vivent dans la Grande Communaut\u00e9 de vie intelligente, qui comprend l&rsquo;univers physique dans lequel vous vivez. Tous vivent dans la S\u00e9paration. Tous font l&rsquo;exp\u00e9rience de l&rsquo;\u00e9volution. Ils repr\u00e9sentent l&rsquo;\u00e9volution de la conscience, de la technologie et de la structure sociale \u00e0 tous les niveaux imaginables.<\/p>\n<p>Tout cela se d\u00e9roule au sein de la Cr\u00e9ation permanente. Car bien qu\u2019il semble y avoir une S\u00e9paration et bien que vous viviez dans cet \u00e9tat s\u00e9par\u00e9 \u2013 o\u00f9 tout semble \u00eatre distinct et unique ; o\u00f9 tout change et est en mouvement, nait et meurt \u2013 vous n&rsquo;avez pas quitt\u00e9 la Cr\u00e9ation permanente. Elle est toujours l\u00e0.<\/p>\n<p>La S\u00e9paration est fondamentalement un probl\u00e8me dans la perception, la communication et la conscience. Tr\u00e8s peu d&rsquo;individus dans l&rsquo;histoire de l&rsquo;humanit\u00e9 ont \u00e9t\u00e9 en mesure de percer le voile qui semble s\u00e9parer cette r\u00e9alit\u00e9 physique, temporaire, changeante de votre r\u00e9alit\u00e9 permanente qui repr\u00e9sente votre Ancienne Demeure \u2013 o\u00f9 Dieu est connu, o\u00f9 vous \u00eates connu, o\u00f9 il n&rsquo;y a pas de questions car il n&rsquo;y a pas de conflits, o\u00f9 le changement n&rsquo;existe pas car il n&rsquo;est pas n\u00e9cessaire.<\/p>\n<p>Cela est inconcevable pour vous dans votre \u00e9tat actuel, et ce n&rsquo;est m\u00eame pas souhaitable compte-tenu de vos priorit\u00e9s et de vos objectifs. Mais il est important pour vous que vous sachiez que la S\u00e9paration n&rsquo;a pas v\u00e9ritablement r\u00e9ussi, et que la rupture d\u2019avec Dieu n&rsquo;a pas v\u00e9ritablement \u00e9t\u00e9 accomplie. Elle est r\u00e9elle dans votre exp\u00e9rience actuelle de la r\u00e9alit\u00e9, au sein de cette Cr\u00e9ation partielle dans laquelle vous existez. Mais cette derni\u00e8re est s\u00e9par\u00e9e. C&rsquo;est pourquoi elle change et c&rsquo;est pourquoi elle \u00e9volue.<\/p>\n<p>Si la vie physique ne changeait pas et n&rsquo;\u00e9voluait pas, ce serait l&rsquo;Enfer pour vous. Imaginez-vous dans une r\u00e9alit\u00e9 que vous n\u2019aimeriez pas, une r\u00e9alit\u00e9 qui ne changerait jamais. Vous n&rsquo;auriez pas d&rsquo;espoir. Vous ne feriez aucun progr\u00e8s. Et m\u00eame si cette r\u00e9alit\u00e9 physique, cette r\u00e9alit\u00e9 physique immuable, \u00e9tait parfaite, satisfaisant tous vos besoins per\u00e7us, apr\u00e8s un certain temps vous verriez que vivre dans un corps est intrins\u00e8quement inconfortable, probl\u00e9matique et difficile, et vous voudriez \u00eatre libre. Mais vous ne pourriez pas \u00eatre libre, dans ce cas-l\u00e0, car vous auriez \u00e9tabli une sorte d\u2019[immortalit\u00e9] dans votre r\u00e9alit\u00e9 physique imagin\u00e9e, et vous seriez pris au pi\u00e8ge, vous comprenez.<\/p>\n<p>L&rsquo;Enfer est un bel endroit o\u00f9 vous ne pouvez jamais \u00eatre heureux. C\u2019est cela, l&rsquo;Enfer. Si vous \u00e9tiez dans un endroit de r\u00e9els tourments, vous voudriez rentrer chez vous aupr\u00e8s de Dieu imm\u00e9diatement. Mais ici, dans ce bel Enfer, vous \u00eates ambivalent\u00a0; vous \u00eates attach\u00e9. Celui-ci vous intrigue\u00a0; il vous s\u00e9duit\u00a0; il vous fascine. Et bien que vous craigniez ses dangers, ses terreurs et son impr\u00e9visibilit\u00e9 dans cette r\u00e9alit\u00e9 physique actuelle, vous \u00eates toujours obs\u00e9d\u00e9 par lui.<\/p>\n<p>Donc pour vous, la Cr\u00e9ation est l&rsquo;univers physique. Celui-ci semble \u00eatre l\u00e0 pour toujours, mais il est en r\u00e9alit\u00e9 temporaire. Il a un commencement, un milieu et une fin. Vous n&rsquo;avez m\u00eame pas encore atteint le milieu de cet univers en expansion, et c\u2019est pourquoi c\u2019est quelque chose de d\u00e9concertant pour votre compr\u00e9hension.<\/p>\n<p>Il est important pour vous de savoir, si jamais vous veniez \u00e0 penser que l&rsquo;immortalit\u00e9 dans la r\u00e9alit\u00e9 physique est souhaitable \u2013 vous devez prendre conscience qu\u2019un tel \u00e9tat serait l&rsquo;Enfer-m\u00eame. \u00catre dans un bel endroit o\u00f9 vous ne pourriez jamais \u00eatre heureux serait terriblement infernal, et vous seriez retenu l\u00e0 pendant longtemps parce que vous continueriez \u00e0 le vouloir, \u00e0 y croire, \u00e0 l\u2019esp\u00e9rer et \u00e0 essayer de le faire fonctionner.<\/p>\n<p>Le fait que votre r\u00e9alit\u00e9 physique soit constamment en train de changer, de s\u2019\u00e9tendre et d\u2019\u00e9voluer, et qu\u2019elle passe par la croissance et le d\u00e9clin vous donne l&rsquo;espoir et la promesse que votre plus grand but puisse \u00eatre accompli et que le besoin de votre \u00e2me soit satisfait ici.<\/p>\n<p>Cela n\u00e9cessite une fondation th\u00e9ologique et philosophique enti\u00e8rement diff\u00e9rente. Si vous croyez que vous \u00eates dans le monde parce que vous avez p\u00e9ch\u00e9 ou parce que vous avez \u00e9t\u00e9 condamn\u00e9, alors vous ne reconna\u00eetrez pas la grande opportunit\u00e9 qui existe au sein de votre r\u00e9alit\u00e9 pour votre r\u00e9demption. En effet, \u00e9tant donn\u00e9 les fondements philosophiques de nombreuses religions du monde d&rsquo;aujourd&rsquo;hui, ce tableau est rendu incroyablement complexe, confus et difficile \u00e0 discerner.<\/p>\n<p>Pourtant Dieu a plac\u00e9 la Connaissance en vous, un esprit plus profond, une compr\u00e9hension plus profonde. Et cette Connaissance d\u00e9tient votre but, votre direction et la promesse de vos grands accomplissements dans le monde.<\/p>\n<p>Parce que vous \u00eates entr\u00e9 dans la S\u00e9paration, vous devez maintenant servir la S\u00e9paration. Vous devez servir les gens et la vie qui existent dans cet \u00e9tat s\u00e9par\u00e9. C\u2019est ainsi que vous red\u00e9couvrez la permanence de votre Ancienne Demeure et que vous en refaites l\u2019exp\u00e9rience.<\/p>\n<p>La r\u00e9demption ne consiste pas seulement \u00e0 plaire \u00e0 Dieu et \u00e0 aller au Ciel ou \u00e0 ne pas plaire \u00e0 Dieu et \u00e0 aller en Enfer. Cela est ridicule. Cela repr\u00e9sente une perception et un \u00e9tat d&rsquo;esprit s\u00e9par\u00e9 purement humains. Vous croyez que les justes devraient \u00eatre r\u00e9compens\u00e9s, que les m\u00e9chants devraient \u00eatre punis et que Dieu donnera les r\u00e9compenses et s\u2019occupera des punitions. Vous imaginez que Dieu est comme vous \u2013 qu\u2019il a votre temp\u00e9rament, qu\u2019il a vos valeurs, qu\u2019il fait respecter votre id\u00e9e de la justice et qu\u2019il r\u00e9pond \u00e0 vos crit\u00e8res et \u00e0 vos attentes. C\u2019est idiot et arrogant, bien s\u00fbr, mais c&rsquo;est la position de nombreuses personnes.<\/p>\n<p>Mais ne vous inqui\u00e9tez pas, car tout le monde dans l&rsquo;univers physique, les innombrables races d&rsquo;\u00eatres \u00e0 tous les niveaux de l&rsquo;\u00e9volution, tous ont les m\u00eames genres de suppositions. Il faut s\u2019y attendre. Dieu ne se laisse pas abuser. Dieu n&rsquo;est pas contrari\u00e9 par cela. C&rsquo;est simplement la cons\u00e9quence de la vie dans un \u00e9tat de s\u00e9paration.<\/p>\n<p>M\u00eame vos notions de religion et de spiritualit\u00e9 sont fond\u00e9es au sein de cet \u00e9tat de s\u00e9paration. Les gens imaginent le Ciel comme une sorte de version parfaite de leur r\u00e9alit\u00e9 physique sans se rendre compte que si une telle r\u00e9alit\u00e9 venait \u00e0 \u00eatre cr\u00e9\u00e9e, elle serait l&rsquo;Enfer-m\u00eame. \u00catre dans un bel endroit o\u00f9 vous ne pourriez jamais \u00eatre heureux serait une sorte d&rsquo;Enfer permanent.<\/p>\n<p>Dieu ne peut pas vous rendre heureux par un coup de baguette ou par quelque formule magique. Vous devez revenir \u00e0 votre \u00e9tat permanent tel que Dieu vous a cr\u00e9\u00e9, non pas en tant qu\u2019individu plein de conflits. Vous ne seriez pas m\u00eame capable de faire l&rsquo;exp\u00e9rience de votre r\u00e9alit\u00e9 permanente en tant qu\u2019individu malheureux et plein de conflits. Vous verriez les projections de votre propre mental. Vous voudriez \u00eatre dans un environnement qui repr\u00e9sente votre propre \u00e9tat conflictuel, et c&rsquo;est ce qui vous maintient ici.<\/p>\n<p>Vous pourriez \u00eatre dans un pire \u00e9tat. Vous pourriez faire l&rsquo;exp\u00e9rience de l&rsquo;Enfer plus profond\u00e9ment. Vous pourriez \u00eatre plus malheureux, certainement. Il semble ne pas y avoir de fin \u00e0 la profondeur de la mis\u00e8re que les gens sont dispos\u00e9s \u00e0 accueillir et \u00e0 laquelle il sont dispos\u00e9s \u00e0 s&rsquo;adapter.<\/p>\n<p>Mais n\u00e9anmoins, la Cr\u00e9ation est compl\u00e8te, et votre exp\u00e9rience temporaire dans cette r\u00e9alit\u00e9 temporaire que vous appelez l&rsquo;univers physique n\u2019est qu&rsquo;une infime partie de la Cr\u00e9ation permanente de Dieu \u2013 une Cr\u00e9ation dont vous ne pouvez pas encore faire l&rsquo;exp\u00e9rience clairement par vous-m\u00eame, bien que vous puissiez en avoir des aper\u00e7us ici et l\u00e0.<\/p>\n<p>Les croyances et les suppositions des gens, leurs id\u00e9es m\u00e9taphysiques, leurs valeurs religieuses et leurs sp\u00e9culations souffrent toutes d&rsquo;une sorte de confusion de niveau. Ils essaient d&rsquo;imaginer un \u00e9tat b\u00e9ni permanent appel\u00e9 le Ciel, mais ils ne peuvent pas le voir tel qu&rsquo;il est vraiment. Ils ne peuvent pas encore r\u00e9sonner avec lui tel qu\u2019il est vraiment, car ils ne sont pas pr\u00eats pour cela. Ils n&rsquo;ont pas encore \u00e9t\u00e9 pr\u00e9par\u00e9s pour le Ciel, pour le retour. Ils n\u2019ont pas termin\u00e9 leur service ici dans la r\u00e9alit\u00e9 physique. Ils n&rsquo;ont pas termin\u00e9 leur mission ici.<\/p>\n<p>Lorsque la S\u00e9paration commen\u00e7a, avant toutes vos estimations de temps ou d&rsquo;histoire, la solution fut cr\u00e9\u00e9e instantan\u00e9ment. Car, alors que la S\u00e9paration peut vous abuser, peut vous captiver, peut vous fasciner, peut vous pi\u00e9ger, vous et toutes les autres entit\u00e9s et \u00eatres qui sont dans la r\u00e9alit\u00e9 physique en ce moment, elle n\u2019a pas abus\u00e9 Dieu. Elle est peut-\u00eatre \u00e0 l\u2019\u00e9preuve des sots, mais elle n\u2019est pas \u00e0 l\u2019\u00e9preuve de Dieu. Aussi, la solution fut-elle cr\u00e9\u00e9e imm\u00e9diatement. Mais dans le temps, cela semble n\u00e9cessiter \u00e9norm\u00e9ment d\u2019exp\u00e9rience pour que la solution soit accept\u00e9e, ressentie et exprim\u00e9e.<\/p>\n<p>Vous vous attardez dans le temps. Le temps est l&rsquo;intervalle entre le moment o\u00f9 vous avez quitt\u00e9 votre Cr\u00e9ation permanente et le moment o\u00f9 vous y retournez finalement compl\u00e8tement. Cet intervalle est appel\u00e9 temps. Le temps est inconcevable et inutile dans votre r\u00e9alit\u00e9 permanente parce que le temps est li\u00e9 au changement. Il est li\u00e9 aux \u00e9v\u00e9nements qui changent. C&rsquo;est quelque chose qui marque la progression des \u00e9v\u00e9nements.<\/p>\n<p>La notion de temps tout enti\u00e8re fait partie de l&rsquo;adaptation \u00e0 la vie dans une r\u00e9alit\u00e9 physique. C&rsquo;est une forme de mesure qui a \u00e9t\u00e9 \u00e9tablie par la n\u00e9cessit\u00e9 d&rsquo;\u00eatre capable d&rsquo;organiser ses pens\u00e9es et ses actions, d\u2019\u00eatre capable de se connecter \u00e0 une r\u00e9alit\u00e9 physique changeante, d\u2019\u00eatre capable de jalonner ses progr\u00e8s et ses accomplissements, et de comprendre son histoire et son pass\u00e9, ainsi que l&rsquo;histoire et le pass\u00e9 d&rsquo;autres qui ont habit\u00e9 ici. Le temps est inutile dans votre r\u00e9alit\u00e9 permanente. Il est hors de propos.<\/p>\n<p>Vous pouvez voir ici dans Nos paroles combien vous \u00eates loin d&rsquo;\u00eatre capable d&rsquo;en faire l&rsquo;exp\u00e9rience ou de r\u00e9sonner avec cela. Peut-\u00eatre cela vous intrigue-t-il. Peut-\u00eatre cela remue-t-il en vous un ancien souvenir. Peut-\u00eatre y a-t-il des aspects de cela auxquels vous aspirez. Peut-\u00eatre cela vous semble-t-il ennuyeux, sans int\u00e9r\u00eat et peu attrayant de vivre dans une r\u00e9alit\u00e9 immuable.<\/p>\n<p>Vous avez une telle d\u00e9pendance vis-\u00e0-vis du changement. Vous aimez le changement et vous d\u00e9testez le changement. Vous aimez votre existence physique et vous d\u00e9testez votre existence physique. Cela vous intrigue. Cela vous stimule. Et pourtant cela vous fait du mal, vous terrifie et vous d\u00e9\u00e7oit.<\/p>\n<p>C&rsquo;est ce probl\u00e8me, cette confusion et cette dichotomie apparemment irr\u00e9conciliables auxquels la r\u00e9ponse de Dieu s&rsquo;adresse directement. Car Dieu a plac\u00e9 en vous une intelligence plus profonde qui n&rsquo;est pas embrouill\u00e9e par ce qui embrouille votre esprit pensant de ce monde. Elle n&rsquo;est pas embrouill\u00e9e par le monde. Elle n&rsquo;est pas tromp\u00e9e par les apparences. Elle n&rsquo;est pas attir\u00e9e par toutes les choses qui semblent vous persuader, vous s\u00e9duire et vous attirer. Elle n&rsquo;est pas terrifi\u00e9e par ce qui vous terrifie. Elle n&rsquo;a pas peur du changement, de la perte et de la mort. Car elle est la partie de vous qui est permanente. Elle est la partie de vous qui ne pourrait jamais se s\u00e9parer de Dieu.<\/p>\n<p>Cette Connaissance est en vous maintenant. Elle est ici en mission pour apporter sa contribution dans certaines situations, avec certains individus, pour accomplir certaines choses. Son but ultime est au-del\u00e0 de votre compr\u00e9hension, mais les pas qu&rsquo;elle vous fournit sont imm\u00e9diatement accessibles et peuvent \u00eatre discern\u00e9s si vous \u00eates pr\u00eat, ouvert et capable. Elle r\u00e9sout le dilemme car elle exprime la r\u00e9alit\u00e9 de votre Ancienne Demeure \u00e0 travers vous pendant que vous \u00eates ici dans cette r\u00e9alit\u00e9 physique temporaire. Elle d\u00e9montre un plus grand pouvoir, une plus grande r\u00e9sonance et une plus grande relation. Et elle apporte un service r\u00e9el et tangible ici dans le monde, o\u00f9 les gens souffrent. Ils languissent dans le temps. Ils connaissent le d\u00e9sespoir et la d\u00e9sesp\u00e9rance. Et le monde sera confront\u00e9 \u00e0 de grandes \u00e9preuves dans un avenir proche.<\/p>\n<p>Dieu n&rsquo;est pas n\u00e9gligent \u00e0 ce sujet. Dieu envoie dans le monde ce qui est n\u00e9cessaire pour maintenir tout le monde ici en mouvement dans une direction positive. Les gens dans cette r\u00e9alit\u00e9 ont le pouvoir de d\u00e9cision et le pouvoir de faire du monde davantage un reflet de leur Ancienne Demeure ou bien un endroit plus infernal.<\/p>\n","protected":false},"excerpt":{"rendered":"<p>Il est maintenant temps pour l&rsquo;humanit\u00e9 de prendre connaissance de la spiritualit\u00e9 dans la Grande Communaut\u00e9 de vie dans laquelle votre monde a toujours exist\u00e9. Il est temps maintenant de d\u00e9passer le fonctionnement en tant que tribu et l\u2019identification en tant que tribu pour apprendre un nouveau paradigme, pour prendre conscience de l&rsquo;\u00e9volution de la\u2026 <a class=\"read-more\" href=\"https:\/\/www.v6.newmessage.org\/fr\/about-recording-shortcode\"><span>Read More<\/span><\/a><\/p>\n","protected":false},"author":22,"featured_media":0,"parent":16297,"menu_order":1,"comment_status":"closed","ping_status":"closed","template":"template-leftsidebar.php","meta":{"_monsterinsights_skip_tracking":false,"_monsterinsights_sitenote_active":false,"_monsterinsights_sitenote_note":"","_monsterinsights_sitenote_category":0,"footnotes":""},"categories":[76,30,379,460],"tags":[623],"_links":{"self":[{"href":"https:\/\/www.v6.newmessage.org\/fr\/wp-json\/wp\/v2\/pages\/28385"}],"collection":[{"href":"https:\/\/www.v6.newmessage.org\/fr\/wp-json\/wp\/v2\/pages"}],"about":[{"href":"https:\/\/www.v6.newmessage.org\/fr\/wp-json\/wp\/v2\/types\/page"}],"author":[{"embeddable":true,"href":"https:\/\/www.v6.newmessage.org\/fr\/wp-json\/wp\/v2\/users\/22"}],"replies":[{"embeddable":true,"href":"https:\/\/www.v6.newmessage.org\/fr\/wp-json\/wp\/v2\/comments?post=28385"}],"version-history":[{"count":6,"href":"https:\/\/www.v6.newmessage.org\/fr\/wp-json\/wp\/v2\/pages\/28385\/revisions"}],"predecessor-version":[{"id":28719,"href":"https:\/\/www.v6.newmessage.org\/fr\/wp-json\/wp\/v2\/pages\/28385\/revisions\/28719"}],"up":[{"embeddable":true,"href":"https:\/\/www.v6.newmessage.org\/fr\/wp-json\/wp\/v2\/pages\/16297"}],"wp:attachment":[{"href":"https:\/\/www.v6.newmessage.org\/fr\/wp-json\/wp\/v2\/media?parent=28385"}],"wp:term":[{"taxonomy":"category","embeddable":true,"href":"https:\/\/www.v6.newmessage.org\/fr\/wp-json\/wp\/v2\/categories?post=28385"},{"taxonomy":"post_tag","embeddable":true,"href":"https:\/\/www.v6.newmessage.org\/fr\/wp-json\/wp\/v2\/tags?post=28385"}],"curies":[{"name":"wp","href":"https:\/\/api.w.org\/{rel}","templated":true}]}}