{"id":28345,"date":"2016-10-14T08:41:45","date_gmt":"2016-10-14T08:41:45","guid":{"rendered":"http:\/\/www.newmessage.org\/fr\/?page_id=28345"},"modified":"2017-09-11T20:07:41","modified_gmt":"2017-09-11T20:07:41","slug":"comprendre-dieu","status":"publish","type":"page","link":"https:\/\/www.v6.newmessage.org\/fr\/le-message\/volume-1\/le-dieu-un\/comprendre-dieu","title":{"rendered":"Comprendre Dieu"},"content":{"rendered":"<div><!-- Version 8.03 --><\/div>\n\n<div class=\"tabgroup \"><ul class=\"tabs\"><li><a href=\"#tabs-1\">R\u00e9v\u00e9lation<\/a><\/li>\n<li><a href=\"#tabs-2\">Vid\u00e9o<\/a><\/li>\n<li><a href=\"#tabs-3\">Note<\/a><\/li><\/ul>\n <div id=\"tabs-1\"><\/p>\n<p>\u00c9coutez la R\u00e9v\u00e9lation originale en anglais :<\/p>\n<div id=\"jquery_jplayer_1\" class=\"jp-jplayer\"><\/div>\n\t\t\t\t<div id=\"jp_container_1\" class=\"jp-audio\">\n\t\t\t\t<div class=\"jp-type-single\"><div class=\"jp-control\"><a href=\"javascript:;\" class=\"jp-play\" tabindex=\"1\">play<\/a><a href=\"javascript:;\" class=\"jp-pause\" tabindex=\"1\">pause<\/a><\/div> <div class=\"jp-gui jp-interface\"><div class=\"jp-volume\"><div class=\"jp-volume-bar\"><div class=\"jp-volume-bar-value\"><\/div><\/div><\/div><div class=\"jp-progress\"><div class=\"jp-seek-bar\"><div class=\"jp-play-bar\"><\/div><\/div><\/div><\/div>\t\t\t\t\t<div class=\"jp-no-solution\"><span>Update Required<\/span>To play the media you will need to either update your browser to a recent version or update your <a href=\"http:\/\/get.adobe.com\/flashplayer\/\" target=\"_blank\">Flash plugin<\/a>.<\/div><\/div><\/div>\n\t\t\t<script type='text\/javascript'>\n\t\t\t\tjQuery(document).ready(function() {\n\t\t\t\t\tif (typeof (sermonMedia) == 'function') {\n\t\t\t\t\t\tsermonMedia.addAudio('', \"jquery_jplayer_1\");\n\t\t\t\t\t}\n\t\t\t\t\tjQuery.jPlayer.timeFormat.showHour = true;\n\t\t\t\t\tjQuery(\"#jquery_jplayer_1\").jPlayer({\n\t\t\t\t\t\tready: function(event) {\n\t\t\t\t\t\t\tjQuery(this).jPlayer(\"setMedia\", {mp3: 'https:\/\/newmessage.org\/av\/comprehending-god.mp3'});\n\t\t\t\t\t\t},\n\t\t\t\t\t\tplay: function() {\n\t\t\t\t\t\t\tjQuery(this).jPlayer(\"pauseOthers\");\n\t\t\t\t\t\t},\n\t\t\t\t\t\tswfPath: ThemeData.directory_uri+\"\/swf\",\n\t\t\t\t\t\tsolution: \"html, flash\",\n\t\t\t\t\t\tpreload: \"metadata\",\n\t\t\t\t\t\twmode: \"window\",\n\t\t\t\t\t\tsupplied: \"mp3\",\n\t\t\t\t\t\tcssSelectorAncestor: '#jp_container_1'\n\t\t\t\t\t});\n\t\t\t\t});\n\t\t\t<\/script><\/p>\n<p><a title=\"Comprehending God\" href=\"\/av\/comprehending-god.mp3\">T\u00e9l\u00e9charger<\/a> (utilisez le clic droit)<\/p>\n<p class=\"revelation_details\"><em>Tel que r\u00e9v\u00e9l\u00e9 au Messager de Dieu<br \/>\nMarshall Vian Summers<br \/>\nle 31 janvier 2007<br \/>\n\u00e0 Boulder, Colorado<\/em><\/p>\n<div class=\"toggle toggle-white\"><h4 class=\"trigger \"><span class=\"t_ico\"><\/span><a href=\"#\">\u00c0 propos de cet enregistrement<\/a><\/h4><div class=\"toggle_container \"><br \/>\n<p>Ce que vous entendez dans cet enregistrement audio est la voix de <a href=\"http:\/\/www.nouveaumessagededieu.org\/le-message\/important-terms#aa\" target=\"_blank\" rel=\"noopener noreferrer\">l&rsquo;Assembl\u00e9e Ang\u00e9lique<\/a> parlant \u00e0 travers le <a href=\"http:\/\/www.nouveaumessagededieu.org\/messager-de-dieu\" target=\"_blank\" rel=\"noopener noreferrer\">Messager Marshall Vian Summers<\/a>.<\/p>\n<p>Ici, la communication originale de Dieu, qui existe au-del\u00e0 des mots, est traduite en un langage et un entendement humains par <a href=\"http:\/\/www.nouveaumessagededieu.org\/le-message\/important-terms#aa\" target=\"_blank\" rel=\"noopener noreferrer\">l&rsquo;Assembl\u00e9e Ang\u00e9lique<\/a> qui veille sur le monde. L&rsquo;Assembl\u00e9e apporte alors le Message de Dieu \u00e0 travers le Messager.<\/p>\n<p>Dans ce processus remarquable, la <a href=\"http:\/\/www.nouveaumessagededieu.org\/le-message\/important-terms#vr\" target=\"_blank\" rel=\"noopener noreferrer\">Voix de la R\u00e9v\u00e9lation<\/a> parle \u00e0 nouveau. La Parole et le Son sont dans le monde. Pour la premi\u00e8re fois dans l&rsquo;histoire, l&rsquo;enregistrement de la r\u00e9v\u00e9lation parl\u00e9e originale est accessible pour que vous en fassiez l&rsquo;exp\u00e9rience.<\/p>\n<p>Puissiez-vous recevoir ce don de R\u00e9v\u00e9lation et puissiez-vous vous ouvrir \u00e0 son Message unique pour vous et pour votre vie.<\/p>\n<br \/>\n<\/div><\/div><br \/>\n<\/div>\n<div id=\"tabs-2\"><\/p>\n<p><iframe loading=\"lazy\" width=\"275\" height=\"155\" src=\"https:\/\/www.youtube.com\/embed\/NCgCswKNOfc?feature=oembed&#038;enablejsapi=1&#038;origin=https:\/\/www.newmessage.org\/fr\" frameborder=\"0\" allowfullscreen><\/iframe><br \/>\n<\/div>\n<div id=\"tabs-3\"><\/p>\n<p><em>Note aux lecteurs :<br \/>\nCette traduction a \u00e9t\u00e9 fournie \u00e0 la Society par des \u00e9tudiants du Nouveau Message qui se sont port\u00e9s volontaires pour traduire le texte original en anglais. Nous rendons cette traduction publique sous cette forme perfectible pour que les gens aient une chance de d\u00e9couvrir une portion du Nouveau Message dans leur propre langue.<\/em><\/p>\n<p><\/div>\n\t\t\t\t<div align=\"right\">\n\t\t\t<div class=\"fb-like\" data-href=\"\" data-layout=\"button_count\" data-action=\"like\" data-show-faces=\"false\" data-share=\"false\"><\/div>\n\t\t\t<div class=\"fb-share-button\" data-layout=\"button_count\"> <\/div>\n\t\t\t<div class=\"fb_iframe_widget\"><a href=\"https:\/\/twitter.com\/godsnewmessage?ref_src=twsrc%5Etfw\" class=\"twitter-follow-button\" data-show-count=\"false\">Follow @godsnewmessage<\/a><script async src=\"https:\/\/platform.twitter.com\/widgets.js\" charset=\"utf-8\"><\/script><\/div>\n\t\t\t<\/div> <\/div> \n\n<p>Le temps est maintenant venu pour une plus grande compr\u00e9hension de Dieu, pour une compr\u00e9hension \u00e9largie de Dieu, qui est la Source et l&rsquo;Auteur de votre vie et de toute vie dans ce monde et partout dans la Grande Communaut\u00e9 des mondes dans laquelle vous vivez.<\/p>\n<p>Cette nouvelle compr\u00e9hension n&rsquo;est pas tant l\u00e0 pour corriger la compr\u00e9hension pr\u00e9c\u00e9dente que pour l\u2019\u00e9largir, pour la rendre plus compl\u00e8te, pour laisser la porte ouverte \u00e0 une plus grande exp\u00e9rience de la Volont\u00e9 et de la Pr\u00e9sence Divines dans votre vie.<\/p>\n<p>Pour pr\u00e9senter un Nouveau Message de Dieu, il est donc n\u00e9cessaire de renouveler cette exp\u00e9rience, de la rafra\u00eechir, de la s\u00e9parer de tout ce qui a \u00e9t\u00e9 ajout\u00e9 par les institutions et les inventions humaines, pour que vous puissiez la voir avec une plus grande nettet\u00e9 et une plus grande clart\u00e9.<\/p>\n<p>Il est ici important de ne pas confondre Dieu avec la religion, car beaucoup de choses terribles ont \u00e9t\u00e9 faites au nom de la religion ainsi qu\u2019au nom de Dieu. Mais Dieu existe bien au-del\u00e0 de toutes ces choses \u2013 bien au-del\u00e0 de l\u2019erreur humaine, bien au-del\u00e0 de l\u2019imagination humaine, bien au-del\u00e0 de l&rsquo;invention humaine et bien au-del\u00e0 de la corruption humaine.<\/p>\n<p>Il vous est \u00e0 pr\u00e9sent n\u00e9cessaire de consid\u00e9rer Dieu dans le cadre de la plus grande ar\u00e8ne de vie intelligente au sein de laquelle vous vivez, qui inclut toute vie au sein de ce monde, mais qui s&rsquo;\u00e9tend au-del\u00e0 dans la Grande Communaut\u00e9 [l&rsquo;univers].<\/p>\n<p>Pour avoir une exp\u00e9rience pure de la R\u00e9alit\u00e9 Divine et de la Volont\u00e9 Divine pour votre vie, vous devez acqu\u00e9rir cette compr\u00e9hension de Dieu dans la Grande Communaut\u00e9.<\/p>\n<p>Sinon, vous penserez que Dieu est une projection de votre propre personnalit\u00e9, une projection de vos propres \u00e9motions, de vos propres pens\u00e9es et de vos propres sentiments. Vous projetterez sur Dieu votre col\u00e8re, vos pr\u00e9f\u00e9rences, vos jugements, tout sentiment de vengeance que vous pourriez avoir, vos notions de justice et de punition et ainsi de suite.<\/p>\n<p>Mais Dieu existe au-del\u00e0 de tout cela \u2013 le vrai Dieu, le Dieu pur qui a brill\u00e9 sur vous tel le soleil. Quels que soient les nuages dans le ciel, quelle que soit la pollution dans l&rsquo;atmosph\u00e8re et les turbulences au sol, Dieu est tel le soleil qui brille sur vous.<\/p>\n<p>Mais Dieu est au-del\u00e0 du soleil, au-del\u00e0 de toute d\u00e9finition que vous pourriez donner. Au-del\u00e0 de vos histoires, au-del\u00e0 des grands enseignants et des grands Messagers de Dieu, au-del\u00e0 des grands livres et des grands t\u00e9moignages spirituels, il y a Dieu le Cr\u00e9ateur et l&rsquo;Auteur de votre vie et de votre existence.<\/p>\n<p>Ce que Dieu a cr\u00e9\u00e9 en vous vit en vous maintenant. Cela vit au-del\u00e0 de votre intellect, au-del\u00e0 de vos pens\u00e9es et de votre compr\u00e9hension, au-del\u00e0 de vos concepts, au-del\u00e0 de vos id\u00e9es et de vos croyances, en un endroit plus profond en vous \u2013 il s\u2019agit d\u2019un esprit plus profond, un esprit qui dans le Nouveau Message est appel\u00e9 la Connaissance. <span class=\"shorttext\">C&rsquo;est l&rsquo;esprit qui sait.<\/span> <span class=\"shorttext\">C&rsquo;est l&rsquo;esprit qui attend.<\/span> C&rsquo;est l&rsquo;esprit qui voit clairement sans distorsion, sans peur, sans pr\u00e9f\u00e9rence, sans confusion, sans sp\u00e9culation \u2013 un esprit plus profond en vous.<\/p>\n<p>C\u2019est ce que Dieu a cr\u00e9\u00e9 en vous qui est permanent, qui durera \u00e9ternellement. Au-del\u00e0 de votre identit\u00e9 temporaire dans ce monde, au-del\u00e0 de tous les \u00e9v\u00e9nements de ce monde et de tous les autres mondes, au-del\u00e0 de la rivi\u00e8re de votre exp\u00e9rience dans cette vie, il y a la Connaissance en vous, et c&rsquo;est Dieu qui est l&rsquo;Auteur de cette Connaissance.<\/p>\n<p>Si vous pensez \u00e0 Dieu dans ce plus grand contexte, vous pouvez commencer \u00e0 appr\u00e9cier le pouvoir et la magnificence de la Cr\u00e9ation de Dieu, dans le monde et, au final, en vous-m\u00eame.<\/p>\n<p>Votre corps, votre mental, votre personnalit\u00e9 \u2013 ce sont tous l\u00e0 des v\u00e9hicules temporaires dont le but sup\u00e9rieur est d&rsquo;exprimer votre relation avec Dieu et avec la Sagesse que Dieu vous a donn\u00e9e pour communiquer et apporter votre contribution \u00e0 un monde dans le besoin.<\/p>\n<p>Pensez alors \u00e0 votre mental, \u00e0 votre corps, \u00e0 votre intellect en tant que v\u00e9hicules d&rsquo;expression, qui poss\u00e8dent une valeur intrins\u00e8que et extrins\u00e8que, mais qui ne sont pas aussi pr\u00e9cieux que ce qu&rsquo;ils sont destin\u00e9s \u00e0 exprimer et \u00e0 servir.<\/p>\n<p>Vous commencerez alors \u00e0 voir que Dieu impr\u00e8gne toutes choses, vit en toutes choses et est cependant au-del\u00e0 de toutes choses \u2013 tout cela en m\u00eame temps.<\/p>\n<p>Vous pouvez ressentir cette Pr\u00e9sence o\u00f9 que vous soyez, et vous pouvez trouver et suivre la Connaissance o\u00f9 que vous soyez.<\/p>\n<p>Par cons\u00e9quent, pour comprendre Dieu et en faire pleinement l&rsquo;exp\u00e9rience dans votre vie, vous devez venir \u00e0 la Connaissance en vous, qui est l\u2019Intelligence Sup\u00e9rieure, la permanence que Dieu a cr\u00e9\u00e9e en vous et pour vous. Il s\u2019agit de qui vous \u00eates vraiment, au-del\u00e0 de tous les concepts, de toutes les id\u00e9es et de toutes les illusions. Il s\u2019agit de votre vraie nature.<\/p>\n<p>C&rsquo;est en \u00e9tablissant un lien avec la Connaissance, en apprenant \u00e0 discerner la Connaissance et \u00e0 suivre la Connaissance que vous apprenez \u00e0 faire l&rsquo;exp\u00e9rience de la Pr\u00e9sence, du Pouvoir et de la Volont\u00e9 de Dieu dans votre vie.<\/p>\n<p>Au-del\u00e0 de cela, Dieu demeure \u00e9ternellement au-del\u00e0 des concepts de l&rsquo;intellect, au-del\u00e0 de toutes les inventions humaines, au-del\u00e0 de toutes les philosophies individuelles et collectives. Car quel ensemble d&rsquo;id\u00e9es ou de concepts peut contenir un Dieu de la Grande Communaut\u00e9, l&rsquo;Auteur d&rsquo;innombrables races d&rsquo;\u00eatres, toutes uniques et diff\u00e9rentes les unes des autres \u00e0 bien des \u00e9gards ?<\/p>\n<p>Venir \u00e0 Dieu, alors, c\u2019est venir \u00e0 la Connaissance en vous, car c\u2019est ce qui vous appelle \u00e0 Dieu. Peut-\u00eatre serez-vous appel\u00e9 \u00e0 un certain endroit ou vers une certaine personne, mais c&rsquo;est dans ce but \u2013 pour faire l&rsquo;exp\u00e9rience de la Pr\u00e9sence en vous-m\u00eame. Car vous aurez besoin de davantage qu\u2019une croyance pour appr\u00e9cier, comprendre et suivre ce que Dieu vous a donn\u00e9 \u00e0 voir, \u00e0 savoir et \u00e0 faire.<\/p>\n<p>Que cela soit alors le point de d\u00e9part pour vous, l\u00e0 o\u00f9 vous faites les Pas vers la Connaissance, l\u00e0 o\u00f9 vous faites les pas vers Dieu. Et vous faites cela que vous soyez un Chr\u00e9tien, un Bouddhiste ou un Musulman. Quelle que soit la tradition religieuse \u00e0 laquelle vous adh\u00e9rez, ou m\u00eame si vous n\u2019avez pas de tradition religieuse, il y a toujours les Pas vers la Connaissance.<\/p>\n<p>La Connaissance est ce qui a cr\u00e9\u00e9 toutes les religions du monde, et la Connaissance est ce qui les unit encore, malgr\u00e9 toute la s\u00e9paration et les conflits qui existent entre elles. Car ceux-ci sont une invention humaine et non une invention Divine.<\/p>\n<p>L&rsquo;Appel r\u00e9sonne \u00e0 travers toutes ces traditions \u2013 en leur sein et au-del\u00e0. C&rsquo;est un Appel qui r\u00e9sonne dans tout l&rsquo;univers, un Appel \u00e0 retourner au pouvoir et \u00e0 la pr\u00e9sence de la Connaissance, \u00e0 d\u00e9couvrir ce que la Connaissance veut que vous fassiez, voyiez et sachiez. Cela initie le retour \u2013 l&rsquo;Appel, l&rsquo;\u00e9coute, la r\u00e9ponse et le retour.<\/p>\n<p><span class=\"shorttext\">Que cela soit votre compr\u00e9hension.<\/span><\/p>\n","protected":false},"excerpt":{"rendered":"<p>Le temps est maintenant venu pour une plus grande compr\u00e9hension de Dieu, pour une compr\u00e9hension \u00e9largie de Dieu, qui est la Source et l&rsquo;Auteur de votre vie et de toute vie dans ce monde et partout dans la Grande Communaut\u00e9 des mondes dans laquelle vous vivez. Cette nouvelle compr\u00e9hension n&rsquo;est pas tant l\u00e0 pour corriger\u2026 <a class=\"read-more\" href=\"https:\/\/www.v6.newmessage.org\/fr\/about-recording-shortcode\"><span>Read More<\/span><\/a><\/p>\n","protected":false},"author":22,"featured_media":0,"parent":16297,"menu_order":0,"comment_status":"closed","ping_status":"closed","template":"template-leftsidebar.php","meta":{"_monsterinsights_skip_tracking":false,"_monsterinsights_sitenote_active":false,"_monsterinsights_sitenote_note":"","_monsterinsights_sitenote_category":0,"footnotes":""},"categories":[76,30,379,460],"tags":[147],"_links":{"self":[{"href":"https:\/\/www.v6.newmessage.org\/fr\/wp-json\/wp\/v2\/pages\/28345"}],"collection":[{"href":"https:\/\/www.v6.newmessage.org\/fr\/wp-json\/wp\/v2\/pages"}],"about":[{"href":"https:\/\/www.v6.newmessage.org\/fr\/wp-json\/wp\/v2\/types\/page"}],"author":[{"embeddable":true,"href":"https:\/\/www.v6.newmessage.org\/fr\/wp-json\/wp\/v2\/users\/22"}],"replies":[{"embeddable":true,"href":"https:\/\/www.v6.newmessage.org\/fr\/wp-json\/wp\/v2\/comments?post=28345"}],"version-history":[{"count":8,"href":"https:\/\/www.v6.newmessage.org\/fr\/wp-json\/wp\/v2\/pages\/28345\/revisions"}],"predecessor-version":[{"id":28715,"href":"https:\/\/www.v6.newmessage.org\/fr\/wp-json\/wp\/v2\/pages\/28345\/revisions\/28715"}],"up":[{"embeddable":true,"href":"https:\/\/www.v6.newmessage.org\/fr\/wp-json\/wp\/v2\/pages\/16297"}],"wp:attachment":[{"href":"https:\/\/www.v6.newmessage.org\/fr\/wp-json\/wp\/v2\/media?parent=28345"}],"wp:term":[{"taxonomy":"category","embeddable":true,"href":"https:\/\/www.v6.newmessage.org\/fr\/wp-json\/wp\/v2\/categories?post=28345"},{"taxonomy":"post_tag","embeddable":true,"href":"https:\/\/www.v6.newmessage.org\/fr\/wp-json\/wp\/v2\/tags?post=28345"}],"curies":[{"name":"wp","href":"https:\/\/api.w.org\/{rel}","templated":true}]}}