{"id":28266,"date":"2016-08-16T14:59:12","date_gmt":"2016-08-16T14:59:12","guid":{"rendered":"http:\/\/www.newmessage.org\/fr\/?page_id=28266"},"modified":"2016-08-16T14:59:12","modified_gmt":"2016-08-16T14:59:12","slug":"autres-revelations","status":"publish","type":"page","link":"https:\/\/www.v6.newmessage.org\/fr\/le-message\/autres-revelations","title":{"rendered":"Autres r\u00e9v\u00e9lations"},"content":{"rendered":"<h2>Autres R\u00e9v\u00e9lations du Nouveau Message de Dieu :<\/h2>\n<p>Vous trouverez ici les autres r\u00e9v\u00e9lations du Nouveau Message de Dieu qui n&rsquo;ont pas encore \u00e9t\u00e9 compil\u00e9es en volumes et en livres par le Messager.<\/p>\n<p><a href=\"http:\/\/www.nouveaumessagededieu.org\/le-message\/other-revelations\/batir-un-pont-vers-une-nouvelle-vie\">B\u00e2tir un pont vers une nouvelle vie<\/a> <em>(Building a Bridge to a New Life)<\/em><\/p>\n<p><a href=\"\/le-message\/other-revelations\/le-message-et-le-messager\/\" target=\"_blank\">Le Message et le Messager<\/a><em> (The Message and the Messenger)<\/em><\/p>\n<p><a href=\"http:\/\/www.nouveaumessagededieu.org\/le-message\/other-revelations\/le-pouvoir-de-la-connaissance\" target=\"_blank\">Le Pouvoir de la Connaissance<\/a> <em>(The Power of Knowledge)<\/em><\/p>\n<p><a href=\"\/le-message\/other-revelations\/le-voyage-vers-la-liberte\/\" target=\"_blank\">Le Voyage vers la Libert\u00e9<\/a> <em>(The Freedom Journey)<\/em><b><br \/>\n<\/b><br \/>\n<a href=\"\/le-message\/other-revelations\/le-tournant\/\" target=\"_blank\">Le Tournant<\/a> <em>(The Turning Point)<\/em><\/p>\n<p><a href=\"\/le-message\/other-revelations\/le-grand-amour\/\" target=\"_blank\">Le Grand Amour<\/a><em> (The Great Love)<\/em><\/p>\n<p><a href=\"\/le-message\/other-revelations\/le-nouveau-message-pour-la-jeunesse\/\" target=\"_blank\">Le Nouveau Message pour la Jeunesse<\/a><em> (The New Message for Young People)<\/em><\/p>\n<p><a href=\"\/le-message\/other-revelations\/lamour-et-les-relations\/\" target=\"_blank\">L\u2019Amour et les Relations<\/a><em> (Love and Relationships)<\/em><\/p>\n<p><a href=\"\/le-message\/other-revelations\/le-sens-de-noel\/\" target=\"_blank\">Le Sens de No\u00ebl<\/a><em> (The Meaning of Christmas)<\/em><\/p>\n<p><a href=\"\/le-message\/other-revelations\/lexperience-sacree\/\" target=\"_blank\">L\u2019Exp\u00e9rience Sacr\u00e9e<\/a> <em>(The Sacred Experience)<\/em><\/p>\n<p><a href=\"\/le-message\/other-revelations\/pourquoi-dieu-vous-livre-t-il-cette-nouvelle-revelation\/\" target=\"_blank\">Pourquoi Dieu nous livre t-il une nouvelle r\u00e9v\u00e9lation ?<\/a> <em>(Why a New Message from God)<\/em><\/p>\n<p><a href=\"\/le-message\/other-revelations\/une-grande-obscurite-setend-sur-le-monde\/\" target=\"_blank\">Une Grande Obscurit\u00e9 s\u2019\u00e9tend sur le monde<\/a><em> (A Greater Darkness Upon the World)<\/em><\/p>\n<p><a href=\"\/le-message\/other-revelations\/lamour-et-la-peur\/\" target=\"_blank\">L\u2019amour et la Peur<\/a> <em>(Love and Fear)<\/em><\/p>\n<p><a href=\"\/le-message\/other-revelations\/decouvrir-votre-raison-detre-dans-le-monde\/\" target=\"_blank\">D\u00e9couvrir votre raison d\u2019\u00eatre dans le monde<\/a><em> (Finding Your Purpose in the World)<\/em><\/p>\n<p><a href=\"\/le-message\/other-revelations\/les-pouvoirs-spirituels-dans-lunivers\/\" target=\"_blank\">Les Pouvoirs Spirituels dans l\u2019Univers<\/a><em> (Spiritual Powers in the Universe)<\/em><\/p>\n<p><a href=\"\/le-message\/other-revelations\/la-grande-presence-interieure\/\" target=\"_blank\">La Grande Pr\u00e9sence Int\u00e9rieure<\/a><em> (The Great Presence Within You)<\/em><\/p>\n<p>&nbsp;<\/p>\n<p><em>Note : Le Nouveau Message repr\u00e9sente plus de 9000 pages d\u2019enseignements transcrits, et seule une petite portion de cette vaste communication du Cr\u00e9ateur est actuellement traduite en fran\u00e7ais. Cette page est r\u00e9guli\u00e8rement mise \u00e0 jour, pensez \u00e0 la consulter. Vous pouvez \u00e9galement consulter le <a href=\"https:\/\/www.newmessage.org\/forum\/forumdisplay.php\/155-Le-Nouveau-Message-de-Dieu-French-Forum\" target=\"_blank\">forum francophone<\/a> o\u00f9 se trouve un fil de discussion sp\u00e9cialement d\u00e9di\u00e9 \u00e0 l\u2019annonce des nouvelles traductions ou vous abonner \u00e0 notre <a href=\"\/\/newmessage.us1.list-manage2.com\/subscribe?u=b62a83aa674e68545ee781bae&amp;id=d2b68024ba\">newsletter<\/a> pour \u00eatre tenu au courant au fur et \u00e0 mesure !<b><br \/>\n<\/b><\/em><\/p>\n<p>&nbsp;<\/p>\n","protected":false},"excerpt":{"rendered":"<p>Autres R\u00e9v\u00e9lations du Nouveau Message de Dieu : Vous trouverez ici les autres r\u00e9v\u00e9lations du Nouveau Message de Dieu qui n&rsquo;ont pas encore \u00e9t\u00e9 compil\u00e9es en volumes et en livres par le Messager. B\u00e2tir un pont vers une nouvelle vie (Building a Bridge to a New Life) Le Message et le Messager (The Message and\u2026 <a class=\"read-more\" href=\"https:\/\/www.v6.newmessage.org\/fr\/le-message\/autres-revelations\"><span>Read More<\/span><\/a><\/p>\n","protected":false},"author":22,"featured_media":0,"parent":15090,"menu_order":0,"comment_status":"closed","ping_status":"closed","template":"template-leftsidebar.php","meta":{"_monsterinsights_skip_tracking":false,"_monsterinsights_sitenote_active":false,"_monsterinsights_sitenote_note":"","_monsterinsights_sitenote_category":0,"footnotes":""},"categories":[],"tags":[616],"_links":{"self":[{"href":"https:\/\/www.v6.newmessage.org\/fr\/wp-json\/wp\/v2\/pages\/28266"}],"collection":[{"href":"https:\/\/www.v6.newmessage.org\/fr\/wp-json\/wp\/v2\/pages"}],"about":[{"href":"https:\/\/www.v6.newmessage.org\/fr\/wp-json\/wp\/v2\/types\/page"}],"author":[{"embeddable":true,"href":"https:\/\/www.v6.newmessage.org\/fr\/wp-json\/wp\/v2\/users\/22"}],"replies":[{"embeddable":true,"href":"https:\/\/www.v6.newmessage.org\/fr\/wp-json\/wp\/v2\/comments?post=28266"}],"version-history":[{"count":1,"href":"https:\/\/www.v6.newmessage.org\/fr\/wp-json\/wp\/v2\/pages\/28266\/revisions"}],"predecessor-version":[{"id":28267,"href":"https:\/\/www.v6.newmessage.org\/fr\/wp-json\/wp\/v2\/pages\/28266\/revisions\/28267"}],"up":[{"embeddable":true,"href":"https:\/\/www.v6.newmessage.org\/fr\/wp-json\/wp\/v2\/pages\/15090"}],"wp:attachment":[{"href":"https:\/\/www.v6.newmessage.org\/fr\/wp-json\/wp\/v2\/media?parent=28266"}],"wp:term":[{"taxonomy":"category","embeddable":true,"href":"https:\/\/www.v6.newmessage.org\/fr\/wp-json\/wp\/v2\/categories?post=28266"},{"taxonomy":"post_tag","embeddable":true,"href":"https:\/\/www.v6.newmessage.org\/fr\/wp-json\/wp\/v2\/tags?post=28266"}],"curies":[{"name":"wp","href":"https:\/\/api.w.org\/{rel}","templated":true}]}}