{"id":27567,"date":"2016-03-21T18:41:20","date_gmt":"2016-03-21T18:41:20","guid":{"rendered":"http:\/\/www.newmessage.org\/french-international\/?page_id=27567"},"modified":"2016-03-21T18:41:20","modified_gmt":"2016-03-21T18:41:20","slug":"decouvrir-votre-raison-detre-dans-le-monde","status":"publish","type":"page","link":"https:\/\/www.v6.newmessage.org\/fr\/le-message\/other-revelations\/decouvrir-votre-raison-detre-dans-le-monde","title":{"rendered":"D\u00e9couvrir votre raison d\u2019\u00eatre dans le monde"},"content":{"rendered":"<p>Les grands d\u00e9fis mondiaux repr\u00e9sentent votre appel. Votre appel ne consiste pas \u00e0 r\u00e9pondre \u00e0 tous les d\u00e9fis, mais \u00e0 l\u2019un d\u2019eux en particulier. Bien des gens entretiennent une relation non-fonctionnelle avec le monde. Ils ne veulent pas qu\u2019il leur demande quoi que ce soit. Ils veulent trouver satisfaction sans s\u2019embarrasser des n\u00e9cessit\u00e9s de la vie. Ils ne r\u00e9alisent pas la responsabilit\u00e9 qu\u2019implique le fait de vivre ici, parce qu\u2019ils sont inconscients de la nature r\u00e9elle de leur spiritualit\u00e9 et de leur raison d\u2019\u00eatre.<\/p>\n<p>Vous \u00eates tous venus de votre ancien foyer pour apporter votre contribution \u00e0 ce monde. Et de tout \u00e9vidence, vous poss\u00e9dez quelque chose dont le monde a besoin. Il s\u2019agit de quelque chose de vraiment tr\u00e8s particulier. Il est certain que les probl\u00e8mes du monde sont trop nombreux pour que vous y r\u00e9pondiez \u00e0 tous, mais l\u2019un d\u2019entre eux vous parlera tr\u00e8s directement. Malheureusement, nombre de gens cherchent leur accomplissement autrement qu\u2019en jouant le r\u00f4le qui leur est r\u00e9serv\u00e9. Ils tentent d\u2019accomplir ce qu\u2019ils pensent d\u00e9sirer, ce qui a capt\u00e9 leur imagination, ce qu\u2019ils croient capable de les rendre heureux \u2014 la richesse, les relations, le plaisir, l\u2019assouvissement des d\u00e9sirs, le voyage, ou une vie d\u00e9nu\u00e9e de responsabilit\u00e9s. Il vous suffit seulement d\u2019 observer le monde pour voir combien cela est compl\u00e8tement destructif. De v\u00e9ritables relations et un v\u00e9ritable travail, une v\u00e9ritable famille et de v\u00e9ritables communaut\u00e9s sont fond\u00e9s sur une r\u00e9ponse aux vrais d\u00e9fis de la vie et sur une contribution se situant au-del\u00e0 m\u00eame des n\u00e9cessit\u00e9s quotidiennes. L\u2019\u00e9vidence de cela se trouve partout autour de vous si vous voulez bien regarder.<\/p>\n<p>Votre v\u00e9ritable raison d\u2019\u00eatre dans le monde consiste ainsi \u00e0 apporter quelque chose dont le monde a v\u00e9ritablement besoin. A votre retour chez vous, dans votre ancien foyer, vous retrouverez un r\u00e9confort et une aisance que vous ne pouvez vous procurer ici. Aussi, pendant le temps o\u00f9 vous \u00eates ici, vous \u00eates l\u00e0 pour travailler, pour donner et pour accomplir quelque chose. Ce travail devient alors la base de vos relations et de toutes vos activit\u00e9s significatives.<\/p>\n<p>Le nouveau message de Dieu parle de cela \u2013 il parle des relations, il parle du travail, il parle de tout ce que vous faites dans le monde. Il fournit une compr\u00e9hension tout \u00e0 fait nouvelle de la mani\u00e8re dont vous pouvez exister dans le monde, \u00eatre spirituellement connect\u00e9 et remplir votre mission ici-bas par votre contribution.<\/p>\n<p>En r\u00e9v\u00e9lant l\u2019obscurit\u00e9 qui s\u2019abat sur le monde, nous r\u00e9v\u00e9lons un probl\u00e8me qui affectera tout le monde, mais qui parlera \u00e0 certaines personnes plus directement, parce que leur mission consiste sp\u00e9cifiquement \u00e0 s\u2019occuper de ce probl\u00e8me. Il existe de nombreux autres probl\u00e8mes qui requi\u00e8rent une contribution humaine, mais le travail fondamental de certains individus sera de r\u00e9gler le probl\u00e8me de l\u2019Intervention et de se pr\u00e9parer pour la Grande Communaut\u00e9. Ils sont n\u00e9s pour cela. C\u2019est leur mission. C\u2019est ce qu\u2019ils ont \u00e0 faire ici. Ils peuvent mal interpr\u00e9ter cette mission, ils peuvent mal la comprendre, ils ne peuvent m\u00eame la d\u00e9former. Mais elle demeure pure \u00e0 l\u2019int\u00e9rieur d\u2019eux.<\/p>\n<p>Le nouveau message de Dieu parlera directement \u00e0 ces personnes. Ce sera leur signal leur annon\u00e7ant que le moment est venu de laisser derri\u00e8re eux pr\u00e9occupations personnelles et distractions. Ce sera le catalyseur qui fera en sorte qu\u2019une plus grande puissance spirituelle puisse remonter \u00e0 la surface d\u2019eux-m\u00eames et s\u2019activer.<\/p>\n<p>Vous avez s\u00fbrement remarqu\u00e9 que certains individus ont \u00e9t\u00e9 appel\u00e9s \u00e0 apporter quelque chose d\u2019absolument nouveau au cours de votre histoire. Ils faisaient partie d\u2019une nouvelle r\u00e9alit\u00e9. Ce n\u2018\u00e9tait pas simplement quelque chose qu\u2019ils d\u00e9siraient. C\u2019\u00e9tait quelque chose qui se r\u00e9v\u00e9lait \u00e0 eux, quelque chose qui enflammait la partie la plus profonde d\u2019eux-m\u00eames.<\/p>\n<p>Pour d\u00e9couvrir votre mission, il vous faut d\u2019abord vous pencher sur le monde et ensuite vous pencher sur la plus vaste communaut\u00e9. La r\u00e9ponse est \u00e0 l\u2019int\u00e9rieur de vous mais la mission ne l\u2019est pas. Elle est ext\u00e9rieure \u00e0 vous. Elle gu\u00e9rit votre relation avec le monde. Elle restaure votre v\u00e9ritable puissance. Elle vous tire hors de la souffrance li\u00e9e \u00e0 votre r\u00e9alit\u00e9 personnelle auto g\u00e9n\u00e9r\u00e9e et vous fait prendre pied dans la r\u00e9alit\u00e9 que vous \u00eates venu servir.<\/p>\n<p>Des gens croient qu\u2019ils cr\u00e9ent leur propre r\u00e9alit\u00e9 et que cr\u00e9er sa propre r\u00e9alit\u00e9 est la chose qu\u2019ils veulent faire. Eh bien, cela n\u2019est que partiellement vrai. L\u2019essentiel consiste \u00e0 d\u00e9couvrir la r\u00e9alit\u00e9 qui vous a cr\u00e9\u00e9s. Ensuite, vous devez r\u00e9pondre \u00e0 la r\u00e9alit\u00e9 que vous avez \u00e9t\u00e9 envoy\u00e9s pour servir ici. Il existe deux r\u00e9alit\u00e9s diff\u00e9rentes. L\u2019une est la r\u00e9alit\u00e9 absolue de Dieu. L\u2019autre est la r\u00e9alit\u00e9 relative de la vie dans le monde.<\/p>\n<p>Ce que l\u2019humanit\u00e9 a jusqu\u2019ici appris par le biais de son enseignement religieux et de son propre d\u00e9veloppement culturel ne peut pas la pr\u00e9parer pleinement \u00e0 ce qui l\u2019attend. Il ne reste plus assez de temps. Vous ne disposez pas de si\u00e8cles pour vous acclimater aux r\u00e9alit\u00e9s de la communaut\u00e9 plus vaste puisque certains de ses repr\u00e9sentants sont d\u00e9j\u00e0 l\u00e0, parmi vous, et qu\u2019ils apportent avec eux une profonde noirceur. Le compteur tourne. Il est donc essentiel que les gens r\u00e9pondent, qu\u2019ils aient une compr\u00e9hension claire de ce avec quoi ils traitent et qu\u2019ils reconnaissent leurs v\u00e9ritables responsabilit\u00e9s. Vous pouvez passer toute votre vie \u00e0 combler les d\u00e9sirs que vous avez en t\u00eate ou vous pouvez vous focaliser sur le besoin r\u00e9el de votre \u00e2me qui est d\u2019accomplir votre mission tandis que vous \u00eates ici. Cette mission se r\u00e9v\u00e8le \u00e0 travers les dilemmes et les d\u00e9fis du monde qui vous entoure.<\/p>\n<p>Il y a beaucoup \u00e0 faire \u00e0 tous les niveaux de l\u2019existence humaine. Il y a beaucoup \u00e0 faire pour restaurer votre environnement naturel de sorte qu\u2019il puisse vous soutenir dans votre nouvelle vie au sein de la communaut\u00e9 \u00e9largie. Vous ne pouvez pas voyager dans l\u2019univers en qu\u00eate de ressources que vous aurez \u00e9puis\u00e9es sur votre plan\u00e8te. Ces ressources appartiennent \u00e0 d\u2019autres. Vous devrez vous battre pour les avoir. Vous aurez \u00e0 les n\u00e9gocier. Si vous les n\u00e9gociez, vous perdrez beaucoup de votre souverainet\u00e9. Vue sous cet angle, l\u2019\u00e9cologie prend une nouvelle tournure. Son r\u00f4le ne consiste pas simplement \u00e0 garantir un paysage agr\u00e9able mais de s\u2019assurer de pourvoir aux besoins fondamentaux de l\u2019humanit\u00e9 pour l\u2019avenir, ces besoins qui ne pourraient \u00eatre suffisamment combl\u00e9s autrement. Si vous devenez d\u00e9pendants de puissances \u00e9trang\u00e8res d\u2019outre espace pour combler vos besoins essentiels, vous devrez donc payer le prix demand\u00e9 aupr\u00e8s des commer\u00e7ants d\u2019outre espace, et la souverainet\u00e9 que vous aviez \u00e9tablie dans le pass\u00e9 dispara\u00eetra de ce monde. Vous comprenez certainement cela.<\/p>\n<p>Le Cr\u00e9ateur ne veut pas voir l\u2019humanit\u00e9 plac\u00e9e dans une situation aussi d\u00e9savantageuse. Tout le travail spirituel accompli ici, tout ce qui a \u00e9t\u00e9 fait pour assister l\u2019humanit\u00e9 et la pr\u00e9server pourrait \u00eatre perdu. Certains pensent que le Cr\u00e9ateur interviendra \u00e0 temps et qu\u2019Il chassera toutes les forces obscures; mais ce n\u2019est pas ainsi que les choses se passent dans l\u2019univers.<\/p>\n<p>Votre vie actuelle est l\u2019occasion de regagner votre v\u00e9ritable force et votre int\u00e9grit\u00e9 et de vous en servir de fa\u00e7on appropri\u00e9e pour apporter votre contribution au monde. La vie n\u2019offre pas le confort de l\u2019\u00e9tat providence. Cette compr\u00e9hension fait partie de la nouvelle r\u00e9v\u00e9lation de Dieu. L\u2019int\u00e9grit\u00e9 humaine, le pouvoir d\u2019action, la souverainet\u00e9, la pr\u00e9servation du monde naturel, l\u2019unit\u00e9 humaine \u2013 voil\u00e0 des aspects essentiels \u00e0 cultiver; votre avenir en d\u00e9pend. C\u2019est ce que soutient le nouveau message de Dieu.<\/p>\n<p>Vous devrez \u00e9ventuellement franchir un certain seuil et vous int\u00e9resser \u00e0 votre raison d\u2019\u00eatre en ce monde. Lorsque vous aurez suffisamment go\u00fbt\u00e9 aux plaisirs et aux peines de ce monde, la vie vous m\u00e8nera \u00e0 ce seuil et vous vous demanderez: \u00abQu\u2019est-ce que je suis r\u00e9ellement venu faire ici? Quel est le vrai sens de ma vie?\u00bb Vous pourriez continuer \u00e0 faire l\u2019exp\u00e9rience de plus de plaisir et de peine, mais pass\u00e9 un certain point, \u00e0 quoi bon en avoir plus? C\u2019est du pareil au m\u00eame. Et vous en venez alors \u00e0 r\u00e9aliser que ces avenues ne vont pas vous permettre de vous accomplir. Vous ne pouvez pas vous perdre plus longtemps \u00e0 vos passe-temps, vos int\u00e9r\u00eats, vos romances, vos guerres ou vos conflits. Ici, vous devrez peut-\u00eatre m\u00eame abandonner votre qu\u00eate spirituelle personnelle car qu\u2019est-elle sinon un autre chemin qui vous \u00e9loigne de vos v\u00e9ritables responsabilit\u00e9s?<\/p>\n<p>Ainsi, vous arrivez \u00e0 ce seuil essentiel o\u00f9 vous vous questionnez s\u00e9rieusement sur le v\u00e9ritable but de votre vie. Cela marque pour vous un nouveau d\u00e9part, un tournant important. Si vous pouvez traverser ce seuil, alors votre vie s\u2019en trouvera renouvel\u00e9e et restaur\u00e9e et elle prendra une importance tout \u00e0 fait nouvelle et un sens enti\u00e8rement neuf. Alors, vous regardez le monde et vous vous demandez: \u00abComment puis-je faire une diff\u00e9rence? \u00c9tant donn\u00e9 qui je suis et ce que j\u2019ai, comment puis-je r\u00e9ellement faire une diff\u00e9rence?\u00bb<\/p>\n<p>Le monde vous parlera. Vous aurez peut-\u00eatre \u00e0 chercher mais vous finirez par d\u00e9couvrir ce que vous cherchez parce que les besoins du monde sont pressants. Cela s\u2019av\u00e8re vrai m\u00eame sans la pr\u00e9sence de l\u2019Intervention; mais l\u2019Intervention cr\u00e9e une plus grande n\u00e9cessit\u00e9 qui, \u00e0 son tour, g\u00e9n\u00e8re un plus grand appel spirituel afin que les gens sortent de leur pr\u00e9occupation personnelle et de leurs compromis. Ainsi, la chose qui semble tant vous menacer est celle-l\u00e0 m\u00eame qui peut vous faire sortir de votre enfer personnel et vous mettre fermement sur un sentier qui peut mener au vrai bonheur et au v\u00e9ritable accomplissement.<\/p>\n<p>Cette pr\u00e9sentation introductive du nouveau message de Dieu aborde le sujet des perceptions fondamentalement erron\u00e9es qui rendent les gens confus. Il est n\u00e9cessaire de questionner ces perceptions erron\u00e9es sinon le message ne sera pas compris. Il sera carr\u00e9ment rejet\u00e9 ou il sera accept\u00e9 mais incorrectement. Les choses m\u00eame qui vous tiennent \u00e0 coeur (relations, bonheur, s\u00e9curit\u00e9, sant\u00e9, accomplissement personnel), toutes ces choses doivent \u00eatre consid\u00e9r\u00e9es sous un jour \u00e9clair\u00e9, sous une optique v\u00e9ritable sinon le nouveau message de Dieu se perdra. Il sera mal interpr\u00e9t\u00e9 et mal appliqu\u00e9.<\/p>\n<p>La v\u00e9rit\u00e9 est maintenue vivante par les gens qui peuvent y r\u00e9pondre. Elle est aussi maintenue vivante par la Pr\u00e9sence ang\u00e9lique qui supervise le d\u00e9veloppement de l\u2019humanit\u00e9 et qui encourage la v\u00e9rit\u00e9 dans tous les c\u0153urs et dans tous les esprits. Ici, il ne s\u2019agit pas d\u2019une philosophie plus qu\u2019une autre ou d\u2019une v\u00e9rit\u00e9 personnelle au-dessus d\u2019une autre. Elles appartiennent toutes \u00e0 la pens\u00e9e. Au niveau de la Connaissance, votre intelligence spirituelle, il y a la v\u00e9rit\u00e9, puis il y a tout le reste. Les interpr\u00e9tations et les expressions de la v\u00e9rit\u00e9 peuvent diff\u00e9rer significativement. Pourtant, la v\u00e9rit\u00e9 comme telle est enti\u00e8re. La confusion n\u2019a pas de prise sur elle. Elle n\u2019est pas le produit d\u2019une sp\u00e9culation ou d\u2019une \u00e9valuation personnelle. Elle est totalement au-del\u00e0 de ces choses.<\/p>\n<p>Le nouveau message de Dieu parle \u00e0 cette v\u00e9rit\u00e9 fondamentale \u00e0 l\u2019int\u00e9rieur de vous. Alors deux questions se posent: \u00ab Pouvez-vous de vous-m\u00eame la sentir et la conna\u00eetre? Pouvez-vous faire le voyage qui rendra possible sa pleine d\u00e9couverte?\u00bb La v\u00e9rit\u00e9 est en elle-m\u00eame \u00e9vidente pour tous ceux qui l\u2019ont approch\u00e9e sinc\u00e8rement. Mais vous devez d\u2019abord effectuer cette approche et pour le moment, vous n\u2019y \u00eates pas tout \u00e0 fait. Le grand d\u00e9fi auquel est maintenant confront\u00e9e l\u2019humanit\u00e9 vous rapprochera car il parlera \u00e0 la Connaissance \u00e0 l\u2019int\u00e9rieur de vous. L\u2019obscurit\u00e9 force la Connaissance \u00e0 s\u2019activer. Votre raison ne le d\u00e9sirera pas. Elle pourra s\u2019objecter, argumenter et peut-\u00eatre m\u00eame d\u00e9nier toute r\u00e9alit\u00e9. Votre raison pourra sp\u00e9culer, tenter de comparer et d\u2019opposer cette nouvelle compr\u00e9hension \u00e0 toutes sortes d\u2019autres choses. Cependant, le nouveau message de Dieu ne s\u2019adresse pas \u00e0 votre raison; il s\u2019adresse \u00e0 votre c\u0153ur. Il s\u2019adresse \u00e0 votre \u00e2me. C\u2019est pourquoi c\u2019est un appel spirituel. C\u2019est pourquoi le fait de lui r\u00e9pondre vous rach\u00e8te et place la Connaissance au-dessus de la raison dans la v\u00e9ritable hi\u00e9rarchie de votre \u00eatre.<\/p>\n<p>Le nouveau message de Dieu est un appel. Il expose un probl\u00e8me qui en lui-m\u00eame est un appel. En fin de compte, il fournit une r\u00e9demption mais cette r\u00e9demption ne peut \u00eatre trouv\u00e9e qu\u2018\u00e0 travers une v\u00e9ritable contribution. L\u2019aboutissement est important. Le but de l\u2019humanit\u00e9 est de progresser et la condition premi\u00e8re pour y arriver est qu\u2019elle survive. Pour progresser, elle doit construire \u00e0 partir de la libert\u00e9 qu\u2019elle a d\u00e9j\u00e0 \u00e9tablie. C\u2019est difficile \u00e0 r\u00e9aliser au sein de la communaut\u00e9 galactique. Vous n\u2019avez jamais eu \u00e0 entrer en comp\u00e9tition avec d\u2019autres formes de vie intelligente. Vous \u00eates en comp\u00e9tition entre vous de bien des fa\u00e7ons qui sont destructives, mais vous n\u2019avez jamais eu \u00e0 entrer en comp\u00e9tition avec d\u2019autres formes de vie intelligente. Maintenant cela a chang\u00e9 et cela a chang\u00e9 pour toujours. Cependant cette comp\u00e9tition peut vous rendre fort et peut faire grandir votre sagesse. Elle peut certainement unir l\u2019humanit\u00e9 si vous pouvez y r\u00e9pondre correctement.<\/p>\n<p>Mais c\u2019est seulement apr\u00e8s que vous aurez fait place \u00e0 cette nouvelle r\u00e9alit\u00e9, que vous aurez acquis une r\u00e9sonance plus grande \u00e0 l\u2019int\u00e9rieur de vous et que vous aurez accept\u00e9 une responsabilit\u00e9 plus grande qui doit venir des profondeurs de vous-m\u00eame, que la compr\u00e9hension arrivera et que tout deviendra pour vous clair comme le jour. Le mental se limite \u00e0 vouloir et \u00e0 craindre. Mais la Connaissance en vous sait puisqu\u2019elle est le fruit de cette grande r\u00e9alit\u00e9 spirituelle qui vous habite. Les gens pensent qu\u2019ils connaissent beaucoup de choses mais en fait, ils ne connaissent que ce qu\u2019ils d\u00e9sirent. Et les d\u00e9sirs sont toujours bas\u00e9s sur la peur \u2013 la peur de ne pas avoir. Mais la Connaissance est plus profonde.<\/p>\n<p>\u00c9tant donn\u00e9 que l\u2019intervention en cours est un \u00e9v\u00e8nement naturel et non pas un \u00e9v\u00e8nement mystique, sa r\u00e9alit\u00e9 peut \u00eatre touch\u00e9e du doigt. C\u2019est in\u00e9vitable. Il ne s\u2019agit pas de quelque chose qui se passe \u00e0 un autre niveau. Il s\u2019agit d\u2019un \u00e9v\u00e8nement naturel. L\u2019intervention est le fait d\u2019un ensemble de races qui sont en comp\u00e9tition pour s\u2019approprier votre environnement et qui se servent principalement de la duperie pour accomplir leurs desseins. Cela ne devrait cr\u00e9er aucune confusion en vous \u00e0 moins que vous ne soyez d\u00e9j\u00e0 confus.<\/p>\n<p>Les intrus ne sont pas des \u00eatres multidimensionnels. Ils ne sont pas des \u00eatres spirituels. Ils ne sont pas des anges. Ils ne sont pas des d\u00e9mons. Ce sont des \u00eatres physiques comme vous qui utilisent la technologie et la duperie pour se pr\u00e9senter de fa\u00e7on telle qu\u2019ils inspirent croyance, foi et m\u00eame v\u00e9n\u00e9ration. Pourtant, ils n\u2019ont pas d\u2019objectifs spirituels. Leurs objectifs sont en essence enti\u00e8rement prosa\u00efques.<\/p>\n<p>Une fois que vous aurez vu, senti et reconnu cela par vous-m\u00eames, l\u2019incompr\u00e9hension dispara\u00eetra et vous aurez une perception tr\u00e8s nette de la situation. Cependant, cela peut prendre un certain temps car pour le moment, il y a plein d\u2019autres pens\u00e9es et croyances qui occupent votre esprit.<\/p>\n<p>En fin de compte, il incombe \u00e0 chaque individu de travailler pour la libert\u00e9 humaine et le bien-\u00eatre de l\u2019ensemble. Ce motif est suffisant pour permettre \u00e0 chacun de sortir de sa mis\u00e8re personnelle et de s\u2019aligner dans une direction positive. Ainsi, les gens peuvent travailler \u00e0 tout niveau imaginable mais toujours pour le plus grand bien de tous. Cela satisfait l\u2018\u00e2me et vous procure un v\u00e9ritable bien-\u00eatre et un sens d\u2019int\u00e9grit\u00e9 r\u00e9el.<\/p>\n<p>Une humanit\u00e9 unie dans l\u2019univers pourrait devenir une force tr\u00e8s importante. Elle pourrait devenir une force tr\u00e8s positive et elle pourrait r\u00e9aliser des choses qui n\u2019ont jamais \u00e9t\u00e9 r\u00e9alis\u00e9es chez elle auparavant. Cela n\u2019est pas simplement une option optimale, c\u2019est maintenant une n\u00e9cessit\u00e9 vitale. Si vous n\u2019\u00e9tablissez pas votre souverainet\u00e9 chez vous, quelqu\u2019un d\u2019autre le fera et l\u2019humanit\u00e9 deviendra un \u00e9tat client d\u2019autres puissances. Le nouveau message de Dieu fait \u00e9tat de ce que cela signifie r\u00e9ellement et il vous d\u00e9crit la mani\u00e8re de vous en sortir.<\/p>\n<p>Le nouveau message s\u2019adresse \u00e0 la Connaissance \u00e0 l\u2019int\u00e9rieur de vous et il repose sur la r\u00e9alit\u00e9 de cette m\u00eame Connaissance. C\u2019est le fondement de votre spiritualit\u00e9. Il ne repr\u00e9sente pas n\u00e9cessairement les croyances de votre religion ou de votre culture. Il repr\u00e9sente la fondation de la Connaissance. Cette fondation est votre force inh\u00e9rente, alors que vos croyances et vos associations repr\u00e9sentent si souvent votre faiblesse inh\u00e9rente. Votre Cr\u00e9ateur a foi en cette force. Ce qu\u2019Il vous a donn\u00e9 ne peut pas \u00eatre d\u00e9truit, seulement d\u00e9ni\u00e9 ou mal interpr\u00e9t\u00e9. Son cadeau est permanent. Mais pour que vous fassiez l\u2019exp\u00e9rience de sa v\u00e9ritable signification et de sa r\u00e9alit\u00e9, il doit servir maintenant, dans cette r\u00e9alit\u00e9, dans ce monde, \u00e0 cette \u00e9poque.<\/p>\n<p>Alors, tournez-vous vers le monde. Faites face \u00e0 l\u2019intervention. Pr\u00e9sentez-vous sur ce seuil d\u2018\u00e9mergence dans une communaut\u00e9 plus grande de vie intelligente. Cela vous sortira de votre croyance en votre petitesse. Cela vous sortira de votre pr\u00e9occupation de vous-m\u00eame et de votre tourment personnel et vous ouvrira les portes vers une vie nouvelle de contribution, d\u2019harmonie et d\u2019int\u00e9grit\u00e9 pour vous et pour tous les autres qui croiseront votre chemin.<\/p>\n","protected":false},"excerpt":{"rendered":"<p>Les grands d\u00e9fis mondiaux repr\u00e9sentent votre appel. Votre appel ne consiste pas \u00e0 r\u00e9pondre \u00e0 tous les d\u00e9fis, mais \u00e0 l\u2019un d\u2019eux en particulier. Bien des gens entretiennent une relation non-fonctionnelle avec le monde. Ils ne veulent pas qu\u2019il leur demande quoi que ce soit. Ils veulent trouver satisfaction sans s\u2019embarrasser des n\u00e9cessit\u00e9s de la\u2026 <a class=\"read-more\" href=\"https:\/\/www.v6.newmessage.org\/fr\/le-message\/other-revelations\/decouvrir-votre-raison-detre-dans-le-monde\"><span>Read More<\/span><\/a><\/p>\n","protected":false},"author":42,"featured_media":0,"parent":16358,"menu_order":0,"comment_status":"closed","ping_status":"closed","template":"","meta":{"_monsterinsights_skip_tracking":false,"_monsterinsights_sitenote_active":false,"_monsterinsights_sitenote_note":"","_monsterinsights_sitenote_category":0,"footnotes":""},"categories":[501],"tags":[],"_links":{"self":[{"href":"https:\/\/www.v6.newmessage.org\/fr\/wp-json\/wp\/v2\/pages\/27567"}],"collection":[{"href":"https:\/\/www.v6.newmessage.org\/fr\/wp-json\/wp\/v2\/pages"}],"about":[{"href":"https:\/\/www.v6.newmessage.org\/fr\/wp-json\/wp\/v2\/types\/page"}],"author":[{"embeddable":true,"href":"https:\/\/www.v6.newmessage.org\/fr\/wp-json\/wp\/v2\/users\/42"}],"replies":[{"embeddable":true,"href":"https:\/\/www.v6.newmessage.org\/fr\/wp-json\/wp\/v2\/comments?post=27567"}],"version-history":[{"count":1,"href":"https:\/\/www.v6.newmessage.org\/fr\/wp-json\/wp\/v2\/pages\/27567\/revisions"}],"predecessor-version":[{"id":27568,"href":"https:\/\/www.v6.newmessage.org\/fr\/wp-json\/wp\/v2\/pages\/27567\/revisions\/27568"}],"up":[{"embeddable":true,"href":"https:\/\/www.v6.newmessage.org\/fr\/wp-json\/wp\/v2\/pages\/16358"}],"wp:attachment":[{"href":"https:\/\/www.v6.newmessage.org\/fr\/wp-json\/wp\/v2\/media?parent=27567"}],"wp:term":[{"taxonomy":"category","embeddable":true,"href":"https:\/\/www.v6.newmessage.org\/fr\/wp-json\/wp\/v2\/categories?post=27567"},{"taxonomy":"post_tag","embeddable":true,"href":"https:\/\/www.v6.newmessage.org\/fr\/wp-json\/wp\/v2\/tags?post=27567"}],"curies":[{"name":"wp","href":"https:\/\/api.w.org\/{rel}","templated":true}]}}