{"id":27562,"date":"2016-03-21T18:31:38","date_gmt":"2016-03-21T18:31:38","guid":{"rendered":"http:\/\/www.newmessage.org\/french-international\/?page_id=27562"},"modified":"2017-09-16T17:55:05","modified_gmt":"2017-09-16T17:55:05","slug":"une-grande-obscurite-setend-sur-le-monde","status":"publish","type":"page","link":"https:\/\/www.v6.newmessage.org\/fr\/le-message\/other-revelations\/une-grande-obscurite-setend-sur-le-monde","title":{"rendered":"Une Grande Obscurit\u00e9 s\u2019\u00e9tend sur le monde"},"content":{"rendered":"<p>Le nouveau message de Dieu doit bien s\u00fbr r\u00e9pondre \u00e0 un besoin consid\u00e9rable, un besoin si grand que l\u2019humanit\u00e9 ne peut ni le comprendre d\u2019elle-m\u00eame ni s\u2019y pr\u00e9parer. En un sens, une telle situation doit motiver une intervention divine parce que Dieu ne peut laisser l\u2019humanit\u00e9 entrer dans une nouvelle ar\u00e8ne et \u00eatre confront\u00e9e \u00e0 un d\u00e9fi de cette taille sans lui accorder l\u2019assistance n\u00e9cessaire.<\/p>\n<p>Les interventions de Dieu furent rares, bien que n\u00e9cessaires au plus au point. La venue de grands \u00e9missaires spirituels \u2013 comme J\u00e9sus, Bouddha et Mahomet \u2013 constitu\u00e8rent de telles interventions. Leur pr\u00e9sence peut avoir \u00e9t\u00e9 interpr\u00e9t\u00e9e et qu\u2019importe la r\u00e9ponse qu\u2019ils re\u00e7urent, ces grands repr\u00e9sentants apport\u00e8rent quelque chose \u00e0 l\u2019humanit\u00e9 dont elle avait d\u00e9sesp\u00e9r\u00e9ment besoin, quelque chose qu\u2019elle ne pouvait d\u00e9couvrir d\u2019elle-m\u00eame.<\/p>\n<p>Vous \u00eates arriv\u00e9s maintenant \u00e0 un grand tournant, exigeant qu\u2019une telle r\u00e9v\u00e9lation vous soit \u00e0 nouveau donn\u00e9e. Il ne s\u2019agit pas d\u2019une r\u00e9it\u00e9ration de ce qui vous a \u00e9t\u00e9 r\u00e9v\u00e9l\u00e9 auparavant. Il s\u2019agit d\u2019un message nouveau, d\u2019une compr\u00e9hension nouvelle, d\u2019une compr\u00e9hension qui se b\u00e2tit sur l\u2019ensemble des messages que Dieu a envoy\u00e9s au cours des \u00e2ges afin d\u2019assister l\u2019humanit\u00e9. Toutefois, parce qu\u2019il est nouveau, ce message peut soulever beaucoup de protestation et de confusion. C\u2019est in\u00e9vitable. Mais le moment est venu d\u2019une nouvelle r\u00e9v\u00e9lation. Elle a \u00e9t\u00e9 motiv\u00e9e \u00e0 la fois par l\u2018\u00e9volution de l\u2019humanit\u00e9 et par l\u2019arriv\u00e9e de la vie intelligente venue d\u2019ailleurs.<\/p>\n<p>Une profonde obscurit\u00e9 s\u2019abat sur le monde, une obscurit\u00e9 comme l\u2019humanit\u00e9 n\u2019en a encore jamais rencontr\u00e9e. Elle repr\u00e9sente pour votre libert\u00e9 et pour votre int\u00e9grit\u00e9 un d\u00e9fi dont jamais auparavant vous n\u2019avez fait l\u2019exp\u00e9rience. Une intervention men\u00e9e depuis plusieurs d\u00e9cennies par des extraterrestres se d\u00e9roule dans le monde. Son but consiste \u00e0 parvenir \u00e0 contr\u00f4ler le monde et sa population. Elle est trompeuse. Elle se pr\u00e9sente elle-m\u00eame comme une force b\u00e9nigne, comme une force qui vient ici pour aider l\u2019humanit\u00e9 dans ses grands besoins pratiques, comme une force qui se pr\u00e9sente sous une lumi\u00e8re plus spirituelle, comme une force qui cherche \u00e0 pacifier les gens et \u00e0 les persuader qu\u2019ils ont besoin de son assistance et qu\u2019il est dans leur meilleur int\u00e9r\u00eat de suivre les directives que leur donne l\u2019Intervention.<\/p>\n<p>Une telle intervention est en cours dans le monde depuis de nombreuses ann\u00e9es maintenant. Or, elle continue \u00e0 passer inaper\u00e7ue. M\u00eame les gens qui r\u00e9alisent que des ali\u00e9nig\u00e8nes ont d\u00e9j\u00e0 fait leur apparition sur Terre ne discernent pas correctement ce qui se passe. L\u2019humanit\u00e9 n\u2019est pas pr\u00e9par\u00e9e. Par rapport \u00e0 une telle intervention, elle ne poss\u00e8de aucun pr\u00e9c\u00e9dent. Cependant, comme l\u2019intervention est un \u00e9v\u00e9nement naturel et non pas un \u00e9v\u00e8nement mystique, la nature peut vous enseigner elle-m\u00eame ce dont il s\u2019agit. En effet, vous comprenez d\u00e9j\u00e0 qu\u2019au sein de la nature, la pr\u00e9\u00e9minence est mise au d\u00e9fi, la comp\u00e9tition fait partie du jeu et le fort domine le faible s\u2019il le peut.<\/p>\n<p>C\u2019est une r\u00e9alit\u00e9 de la vie qu\u2019on rencontre dans tout l\u2019univers physique. Pourtant, ceci ne fait pas partie de la r\u00e9alit\u00e9 de votre foyer d\u2019origine, l\u00e0 d\u2019o\u00f9 vous venez. Le monde dans lequel vous vivez actuellement n\u2019est pas le foyer d\u2019o\u00f9 vous \u00eates issus et l\u2019endroit o\u00f9 vous retournerez. Il n\u2019est pas votre r\u00e9alit\u00e9 spirituelle. C\u2019est une r\u00e9alit\u00e9 diff\u00e9rente. Et dans cette r\u00e9alit\u00e9, les forts trouveront le moyen de dominer les faibles.<\/p>\n<p>La communaut\u00e9 des mondes plus vaste dans laquelle vous \u00eates en train d\u2018\u00e9merger est remplie de vie intelligente parvenue \u00e0 tous les stades d\u2018\u00e9volution et de d\u00e9veloppement possibles. Y existent de nombreuses races technologiquement avanc\u00e9es, mais leur avancement au point de vue technologique ne signifie pas du tout qu\u2019elles sont avanc\u00e9es au plan spirituel. L\u2019humanit\u00e9 a tant \u00e0 apprendre sur la vie dans l\u2019univers; mais elle se comporte dans le moment comme un enfant arrogant qui emm\u00e9nage dans un nouveau milieu de vie plus vaste. Comment pouvez-vous comprendre ces choses et comment pouvez-vous vous pr\u00e9parer \u00e0 franchir ce grand seuil de telle fa\u00e7on que votre destin\u00e9e puisse s\u2019accomplir \u00e0 l\u2019int\u00e9rieur de la communaut\u00e9 plus vaste des mondes et que vous puissiez \u00e9merger au sein de cette ar\u00e8ne plus grande de vie intelligente en tant que race libre?<\/p>\n<p>C\u2019est le plus grand d\u00e9fi auquel l\u2019humanit\u00e9 se trouve confront\u00e9e et elle a grandement besoin d\u2019une pr\u00e9paration ad\u00e9quate. Or, si peu de gens en sont conscients et peuvent \u00e9valuer correctement la situation. Cette profonde obscurit\u00e9 qui envahit actuellement le monde a donc fourni l\u2019impulsion pour qu\u2019un nouveau message vous soit transmis. Le nouveau message de Dieu, en tant que tel, doit permettre \u00e0 l\u2019humanit\u00e9 de prendre conscience de sa situation et il doit lui fournir les outils dont elle a besoin pour cultiver la conscience qui lui est n\u00e9cessaire pour pr\u00e9server sa libert\u00e9 et \u00e9tablir l\u2019unit\u00e9 entre ses peuples. Car seule une humanit\u00e9 unie pourra conserver sa libert\u00e9 dans l\u2019univers. Seule une humanit\u00e9 unie sera assez forte pour maintenir sa position pr\u00e9\u00e9minente dans le monde.<\/p>\n<p>La volont\u00e9 de Dieu est que vous pr\u00e9pariez votre avenir. Sa volont\u00e9 est que l\u2019humanit\u00e9 soit capable de survivre en tant que race libre au sein d\u2019une ar\u00e8ne plus grande de vie intelligente o\u00f9 de nombreux d\u00e9fis menacent la libert\u00e9. Et pourtant, il existe un tel d\u00e9calage entre la volont\u00e9 de Dieu et ce que les gens comprennent. Voulez-vous franchir cette large br\u00e8che? Voulez-vous apprendre \u00e0 reconna\u00eetre votre situation v\u00e9ritable et voulez-vous apprendre \u00e0 accepter le don qui vous est offert pour votre pr\u00e9paration, pour votre propre pr\u00e9servation et votre propre bien-\u00eatre? Voil\u00e0 des questions que chaque individu qui re\u00e7oit le nouveau message de Dieu doit prendre en compte. Ce sont des questions auxquelles il vous faut r\u00e9pondre pour vous-m\u00eame.<\/p>\n<p>Une profonde obscurit\u00e9 recouvre le monde. La libert\u00e9 et le bien-\u00eatre des \u00eatres humains sont en jeu. Ceux qui visitent votre monde n\u2019accordent aucune valeur \u00e0 la libert\u00e9 humaine, et m\u00eame s\u2019ils escomptent conserver \u00e0 leur service la communaut\u00e9 humaine, ils ne vous consid\u00e8rent pas en \u00e9gaux. Ils ont une opinion de vous identique \u00e0 celle que vous soutenez relativement \u00e0 vos animaux domestiques. Ils croient que vous \u00eates chaotiques et destructifs et que vous \u00eates en train de ruiner votre plan\u00e8te, un monde qu\u2019ils veulent s\u2019octroyer. Le nouveau message de Dieu se justifie par le fait qu\u2019ils y \u00e9tablissent leur pr\u00e9sence et que cela ne provoque aucune r\u00e9action chez les humains.<\/p>\n<p>Si une personne isol\u00e9e exprimait ces vues, elle ne serait pas prise au s\u00e9rieux m\u00eame si elle parvenait \u00e0 comprendre la situation dans son ensemble, ce qui demeure tr\u00e8s difficile \u00e0 faire par soi-m\u00eame. M\u00eame si cette personne arrivait \u00e0 totalement saisir la situation, sa voix aurait peu d\u2019impact et les gens l\u2019ignoreraient. Les gens diraient: \u00ab\u00c9videmment, cette personne est stupide! C\u2019est de la folie! Nous devrions nous occuper des v\u00e9ritables probl\u00e8mes auxquels l\u2019humanit\u00e9 doit faire face.\u00bb<\/p>\n<p>Voil\u00e0 pourquoi une nouvelle communication vous arrive du Cr\u00e9ateur; il doit en \u00eatre ainsi. Il doit \u00e9maner de pareille source pour \u00eatre r\u00e9ellement compris. Il ne peut venir d\u2019un individu seulement car ce dernier ne pourrait pas comprendre le sens de la vie dans l\u2019univers ou ses r\u00e9alit\u00e9s. Une personne ne pourrait pas comprendre ce que signifie l\u2019intervention comme telle et son fonctionnement. A cette fin, vous avez besoin du nouveau message de Dieu.<\/p>\n<p>Le Cr\u00e9ateur ne veut pas que l\u2019humanit\u00e9 \u00e9choue. Mais l\u2019humanit\u00e9 peut encore \u00e9chouer car ce monde est sa responsabilit\u00e9. Au d\u00e9part, l\u2019humanit\u00e9 voulait avoir sa propre r\u00e9alit\u00e9. En fait, il en va de m\u00eame pour toute la vie intelligente dans l\u2019univers. C\u2019est ce qui cr\u00e9a la s\u00e9paration d\u2019avec Dieu, c\u2019est ce qui cr\u00e9a l\u2019univers que vous pouvez voir et toucher \u2013 un univers plein de changement, de beaut\u00e9 et de danger. Voil\u00e0 pourquoi le Cr\u00e9ateur peut juste conseiller. Voil\u00e0 pourquoi Il ne dirige pas l\u2019univers que vous voyez. Toutefois, de grandes forces spirituelles sont \u00e0 l\u2018\u0153uvre dans cette r\u00e9alit\u00e9 physique, encourageant la connaissance, la coop\u00e9ration et la v\u00e9rit\u00e9 dans toutes les manifestations de la vie. Nous vous \u00e9clairons \u00e0 ce moment-ci sur la situation afin que vous puissiez commencer \u00e0 voir, \u00e0 ressentir et \u00e0 savoir ce que signifie pour vous le nouveau message de Dieu.<\/p>\n<p>L\u2019obscurit\u00e9 la plus insidieuse dont nous parlons ici se cache dans le monde. Elle est trompeuse. Elle se pr\u00e9sente comme b\u00e9nigne et b\u00e9n\u00e9fique. Elle encourage les gens \u00e0 approuver sa pr\u00e9sence et \u00e0 prendre part \u00e0 sa mission. Ce n\u2019est pas une force spirituelle. C\u2019est une force physique. Elle n\u2019est pas compos\u00e9e d\u2018\u00eatres multidimensionnels. Elle est compos\u00e9e d\u2018\u00eatres physiques venus d\u2019ailleurs et qui se pr\u00e9sentent de telle fa\u00e7on que les gens pensent que ces \u00abvisiteurs\u00bb sont mystiques et spirituels et qu\u2019ils d\u00e9tiennent des pouvoirs magiques. Les seuls pouvoirs qu\u2019ils ont sont leur technologie et leur habilet\u00e9 \u00e0 vous convaincre au moyen de leurs techniques de persuasion op\u00e9rant sur l\u2019Environnement de la pens\u00e9e.<\/p>\n<p>Le r\u00e9el pouvoir est celui que vous poss\u00e9dez. C\u2019est le pouvoir de la connaissance, le pouvoir de voir et de savoir au-del\u00e0 de la tromperie. Mais ce pouvoir est faible chez l\u2018\u00eatre humain et il doit \u00eatre renforc\u00e9. Ce n\u2019est pas un pouvoir que ceux qui interviennent chez vous utilisent ou m\u00eame dont ils ont conscience. S\u2019ils en \u00e9taient conscients, ils n\u2019interviendraient pas chez vous. Ils ne chercheraient pas \u00e0 obtenir le contr\u00f4le de votre monde et de sa population car la connaissance est issue de Dieu et Dieu ne peut pas s\u2019agresser Lui-m\u00eame.<\/p>\n<p>Le plus grand pouvoir de l\u2019univers r\u00e9side \u00e0 l\u2019int\u00e9rieur de vous mais vous ne l\u2019utilisez pas. A pr\u00e9sent, vous devez solliciter ce pouvoir plus que jamais. Le d\u00e9fi actuel \u00e0 la libert\u00e9 humaine est sans pr\u00e9c\u00e9dent. Et malgr\u00e9 tout, les gens vaquent \u00e0 leurs occupations quotidiennes comme si de rien n\u2018\u00e9tait. Ou s\u2019ils sont conscients de ce qui se passe, ils tendent \u00e0 l\u2019interpr\u00e9ter d\u2019une mani\u00e8re qui les fasse continuer \u00e0 se sentir en s\u00e9curit\u00e9 et \u00e0 l\u2019aise. Pourtant, comment l\u2019humanit\u00e9 peut-elle expliquer l\u2019intervention extraterrestre? Comment peut-elle justifier l\u2018\u00e9norme obscurit\u00e9 qui s\u2019infiltre dans le monde? Qui peut l\u2019amener \u00e0 en prendre conscience? Et comment l\u2019humanit\u00e9 peut-elle se pr\u00e9parer \u00e0 contrecarrer l\u2019intervention et \u00e0 commencer \u00e0 accomplir son destin, c\u2019est \u00e0 dire \u00e9merger en tant que race libre au sein d\u2019une communaut\u00e9 plus vaste de vie intelligente? Seul Dieu d\u00e9tient la r\u00e9ponse \u00e0 cette situation. Personne d\u2019autre n\u2019a de r\u00e9ponse. Aucune philosophie ne peut y r\u00e9pondre. L\u00e0 se trouve la raison du nouveau message de Dieu.<\/p>\n<p>Cette grave obscurit\u00e9 mondiale affectera chaque personne qui vit dans le monde. Elle affectera ses enfants et l\u2019avenir m\u00eame de l\u2019humanit\u00e9. Ce n\u2019est pas le probl\u00e8me d\u2019une nation isol\u00e9e seulement. C\u2019est un probl\u00e8me qui affecte toute la population du globe. En effet, vous \u00eates tous confront\u00e9s \u00e0 ce m\u00eame d\u00e9fi et les cons\u00e9quences seront les m\u00eames pour tous si vous \u00e9chouez. Ceci tend \u00e0 vous montrer que les probl\u00e8mes que vous avez les uns avec les autres ainsi que votre m\u00e9fiance r\u00e9ciproque n\u2019ont aucune fondation r\u00e9elle dans l\u2019univers. Car ceux qui interviennent chez vous vous mettent tous sur un pied d\u2018\u00e9galit\u00e9. Ils n\u2019accordent pas de valeur \u00e0 l\u2019un plus qu\u2018\u00e0 l\u2019autre, except\u00e9 dans le cas o\u00f9 certains pourraient \u00eatre utiles \u00e0 leur cause.<\/p>\n<p>Le fait d\u2018\u00eatre confront\u00e9s ensemble \u00e0 un d\u00e9fi gigantesque exercera un effet th\u00e9rapeutique sur l\u2019humanit\u00e9. Vos disputes de longues dates et votre r\u00e9sistance r\u00e9ciproque \u00e0 pardonner trouveront leur solution en r\u00e9pondant ensemble \u00e0 cet immense d\u00e9fi. Et ce d\u00e9fi est l\u00e0, \u00e0 votre porte. C\u2019est un d\u00e9fi qui porte ombrage au monde entier. C\u2019est cela le grand changement que vous ressentez et la cause de votre inqui\u00e9tude face \u00e0 l\u2019avenir. C\u2019est ce d\u00e9fi qui vous appelle \u00e0 l\u2019action.<\/p>\n<p>La grande renaissance spirituelle qui se produit aujourd\u2019hui chez vous ne vise pas simplement \u00e0 apporter un sens plus grand de bien-\u00eatre. C\u2019est un appel \u00e0 r\u00e9pondre \u00e0 un grand d\u00e9fi. Mais si le d\u00e9fi n\u2019est pas reconnu, l\u2019appel sera donc mal interpr\u00e9t\u00e9 et il ne sera pas compris.<\/p>\n<p>L\u2019univers que vous allez explorer est un environnement tr\u00e8s comp\u00e9titif et il h\u00e9berge de grandes forces qui chercheront \u00e0 exploiter des mondes \u00e9mergents tels que le v\u00f4tre. Malgr\u00e9 tout, vous pouvez r\u00e9sister \u00e0 une telle exploitation. Elle peut \u00eatre contr\u00e9e. Cependant, pour y arriver, vous devez commencer par reconna\u00eetre et par accepter le pouvoir spirituel sup\u00e9rieur qui vit \u00e0 l\u2019int\u00e9rieur de vous et le reconna\u00eetre \u00e9galement \u00e0 l\u2019int\u00e9rieur des autres individus; et vous devez l\u2019affirmer \u00e0 travers la famille humaine. L\u2019humanit\u00e9 porte la promesse d\u2018\u00eatre une race libre et forte. Toutefois, pour cela elle doit \u00eatre autosuffisante. Les gens doivent reconna\u00eetre leur base commune et leurs besoins communs. Les gens doivent contrecarrer leurs tendances \u00e0 s\u2019exploiter les uns les autres dans l\u2019int\u00e9r\u00eat d\u2019un avantage personnel. Cela n\u2019est pas l\u00e0 simplement une recommandation. Cela est essentiel pour votre survie et pour votre libert\u00e9.<\/p>\n<p>Les forces extraterrestres qui interviennent actuellement dans les affaires humaines du monde cherchent \u00e0 vous soustraire votre libert\u00e9. Or, elles ne peuvent y parvenir qu\u2019avec votre coop\u00e9ration, votre acquiescement, votre fuite et votre d\u00e9ni de la v\u00e9rit\u00e9. Si vous veniez \u00e0 r\u00e9sister activement \u00e0 ces forces, elles seraient forc\u00e9es de se d\u00e9sengager car elles sont enti\u00e8rement d\u00e9pendantes de votre soumission. Elles comptent sur vos faiblesses et non sur vos forces.<\/p>\n<p>Le nouveau message de Dieu r\u00e9v\u00e8le le sens r\u00e9el de l\u2018\u00e9norme obscurit\u00e9 qui s\u2019est immisc\u00e9e dans votre monde; il r\u00e9v\u00e8le comment elle fonctionne et comment vous devez y r\u00e9pondre. Il fait appel \u00e0 ce que vous connaissez de plus profond. Il vous informe que vous avez la capacit\u00e9 de comprendre ce qui est r\u00e9ellement en train de se passer chez vous. Vous pouvez et vous devez le comprendre. Il vous invite \u00e0 vous \u00e9lever au-dessus de vos pr\u00e9occupations personnelles dans le but de reconna\u00eetre un besoin plus grand, un besoin qui est essentiel \u00e0 votre libert\u00e9 et \u00e0 votre bien-\u00eatre.<\/p>\n<p>\u00c0 travers le nouveau message, Dieu appelle chaque individu au m\u00eame titre, non pas \u00e0 croire en une philosophie ou en une religion plus qu\u2019en une autre, mais \u00e0 devenir conscient d\u2019une n\u00e9cessit\u00e9 plus grande dans le monde. Vous \u00eates appel\u00e9s \u00e0 utiliser votre culture, votre religion et la sagesse qu\u2019elles fournissent pour r\u00e9pondre \u00e0 cette grande n\u00e9cessit\u00e9. On retrouve \u00e0 la base de toutes les religions du monde une v\u00e9rit\u00e9 unique: la r\u00e9alit\u00e9 de votre nature spirituelle. Peu importe combien cette v\u00e9rit\u00e9 est coiff\u00e9e de nuages, peu importe qu\u2019elle semble s\u2018\u00eatre perdue dans ce qu\u2019est devenue la religion ou dans ce qu\u2019elle propose, cette v\u00e9rit\u00e9 essentielle demeure. Le nouveau message de Dieu parle \u00e0 cette v\u00e9rit\u00e9 unique, l\u2019amplifie et lui donne une nouvelle ar\u00e8ne d\u2019application.<\/p>\n<p>Certaines personnes peuvent r\u00e9pondre au nouveau message de Dieu en disant: \u00abMais c\u2019est si effrayant! Je ne pense pas pouvoir faire face \u00e0 une telle situation!\u00bb Mais il en va de votre vie. Il en va de votre monde. Vous pouvez et vous devez r\u00e9pondre. La Connaissance, ou l\u2019Esprit en vous, peut r\u00e9pondre et va r\u00e9pondre si vous le lui permettez.<\/p>\n<p>Il y a une \u00e9norme obscurit\u00e9 au sein du monde. Vous ne pouvez pas l\u2018\u00e9viter. Vous n\u2019avez nulle part o\u00f9 courir vous cacher. Le d\u00e9ni et l\u2019effort que vous mettez \u00e0 l\u2018\u00e9viter ne font qu\u2019affaiblir votre situation et rendent plus difficile la pr\u00e9servation de votre avenir et de votre autod\u00e9termination, \u00e0 la fois pour vous et pour tous les autres.<\/p>\n<p>Le nouveau message de Dieu appelle les gens \u00e0 suivre ce que la Connaissance, ou l\u2019Esprit en eux, est en train de leur dire: ne pas suivre ce qu\u2019ils d\u00e9sirent, ce qu\u2019ils croient ou ce qu\u2019ils pr\u00e9f\u00e8rent, mais suivre l\u2019intelligence spirituelle sup\u00e9rieure qui est le c\u0153ur et l\u2018\u00e2me m\u00eames de leur \u00eatre. Ici, on ne fait pas appel \u00e0 la croyance. On fait appel aux capacit\u00e9s de reconna\u00eetre une situation et de prendre ses responsabilit\u00e9s.<\/p>\n<p>Vous \u00eates tous venus dans cette vie pr\u00e9par\u00e9s \u00e0 r\u00e9pondre aux r\u00e9alit\u00e9s du monde de cette \u00e9poque. Peut-\u00eatre vous sentez-vous fragiles et impuissants. Peut-\u00eatre sentez-vous que vous ne pouvez rien faire? Or cela n\u2019est pas vrai. Peut-\u00eatre vos cultures et vos soci\u00e9t\u00e9s vous ont-elles convaincus que vous ne pouviez rien faire et que vous \u00e9tiez inefficaces? Or cela n\u2019est pas vrai non plus.<\/p>\n<p>Le nouveau message de Dieu lance un appel \u00e0 la responsabilit\u00e9 humaine. Vous entrez dans l\u2019\u00e8re de l\u2019unit\u00e9 et de la responsabilit\u00e9. Il ne s\u2019agit pas ici d\u2019un \u00e2ge au cours duquel vous croyez seulement en un grand saint ou en un grand avatar. Il ne s\u2019agit pas ici d\u2019un \u00e2ge au cours duquel vous suivez un guide cach\u00e9 ou distant. Il s\u2019agit d\u2019une \u00e9poque de responsabilit\u00e9 et de coop\u00e9ration humaine. Tout cela n\u2019est pas simplement une bonne id\u00e9e. C\u2019est l\u00e0 la seule id\u00e9e!<\/p>\n<p>Ici, vous commencerez \u00e0 percevoir que l\u2019intervention extraterrestre, cette imposante obscurit\u00e9 au sein de votre monde, bien que grave, s\u00e9rieuse et posant d\u2019immenses risques, est en m\u00eame temps la seule chose qui puisse unir l\u2019humanit\u00e9 et vous rendre capables de mettre fin \u00e0 vos conflits de longue date et d\u2019asseoir les fondements d\u2019une r\u00e9alit\u00e9 nouvelle. Car c\u2019est seulement si l\u2019humanit\u00e9 est unie et autosuffisante que vous pouvez esp\u00e9rer demeurer des \u00eatres libres \u00e0 l\u2019int\u00e9rieur de l\u2019univers.<\/p>\n<p>Le nouveau message de Dieu vous r\u00e9v\u00e8lera cela d\u2019une mani\u00e8re telle que vous pourrez comprendre. En effet, vous pouvez comprendre la r\u00e9alit\u00e9 m\u00eame si vous en avez peur, m\u00eame si vous n\u2018\u00eates pas s\u00fbrs de la d\u00e9sirer, m\u00eame si vous n\u2018\u00eates pas s\u00fbrs de pouvoir vous sentir puissants face \u00e0 elle. Le nouveau message de Dieu ne s\u2019adresse pas aux croyances des gens. Il parle \u00e0 une partie plus int\u00e9rieure en chacun. La capacit\u00e9 des gens \u00e0 y r\u00e9pondre est fond\u00e9e sur la solidit\u00e9 de la connexion qu\u2019ils entretiennent avec leur nature r\u00e9elle et leur intelligence spirituelle.<\/p>\n","protected":false},"excerpt":{"rendered":"<p>Le nouveau message de Dieu doit bien s\u00fbr r\u00e9pondre \u00e0 un besoin consid\u00e9rable, un besoin si grand que l\u2019humanit\u00e9 ne peut ni le comprendre d\u2019elle-m\u00eame ni s\u2019y pr\u00e9parer. En un sens, une telle situation doit motiver une intervention divine parce que Dieu ne peut laisser l\u2019humanit\u00e9 entrer dans une nouvelle ar\u00e8ne et \u00eatre confront\u00e9e \u00e0\u2026 <a class=\"read-more\" href=\"https:\/\/www.v6.newmessage.org\/fr\/le-message\/other-revelations\/une-grande-obscurite-setend-sur-le-monde\"><span>Read More<\/span><\/a><\/p>\n","protected":false},"author":42,"featured_media":0,"parent":16358,"menu_order":0,"comment_status":"closed","ping_status":"closed","template":"template-leftsidebar.php","meta":{"_monsterinsights_skip_tracking":false,"_monsterinsights_sitenote_active":false,"_monsterinsights_sitenote_note":"","_monsterinsights_sitenote_category":0,"footnotes":""},"categories":[501,76],"tags":[125],"_links":{"self":[{"href":"https:\/\/www.v6.newmessage.org\/fr\/wp-json\/wp\/v2\/pages\/27562"}],"collection":[{"href":"https:\/\/www.v6.newmessage.org\/fr\/wp-json\/wp\/v2\/pages"}],"about":[{"href":"https:\/\/www.v6.newmessage.org\/fr\/wp-json\/wp\/v2\/types\/page"}],"author":[{"embeddable":true,"href":"https:\/\/www.v6.newmessage.org\/fr\/wp-json\/wp\/v2\/users\/42"}],"replies":[{"embeddable":true,"href":"https:\/\/www.v6.newmessage.org\/fr\/wp-json\/wp\/v2\/comments?post=27562"}],"version-history":[{"count":1,"href":"https:\/\/www.v6.newmessage.org\/fr\/wp-json\/wp\/v2\/pages\/27562\/revisions"}],"predecessor-version":[{"id":27564,"href":"https:\/\/www.v6.newmessage.org\/fr\/wp-json\/wp\/v2\/pages\/27562\/revisions\/27564"}],"up":[{"embeddable":true,"href":"https:\/\/www.v6.newmessage.org\/fr\/wp-json\/wp\/v2\/pages\/16358"}],"wp:attachment":[{"href":"https:\/\/www.v6.newmessage.org\/fr\/wp-json\/wp\/v2\/media?parent=27562"}],"wp:term":[{"taxonomy":"category","embeddable":true,"href":"https:\/\/www.v6.newmessage.org\/fr\/wp-json\/wp\/v2\/categories?post=27562"},{"taxonomy":"post_tag","embeddable":true,"href":"https:\/\/www.v6.newmessage.org\/fr\/wp-json\/wp\/v2\/tags?post=27562"}],"curies":[{"name":"wp","href":"https:\/\/api.w.org\/{rel}","templated":true}]}}