{"id":27560,"date":"2016-03-21T16:41:31","date_gmt":"2016-03-21T16:41:31","guid":{"rendered":"http:\/\/www.newmessage.org\/french-international\/?page_id=27560"},"modified":"2016-08-24T19:24:03","modified_gmt":"2016-08-24T19:24:03","slug":"pourquoi-dieu-vous-livre-t-il-cette-nouvelle-revelation","status":"publish","type":"page","link":"https:\/\/www.v6.newmessage.org\/fr\/le-message\/other-revelations\/pourquoi-dieu-vous-livre-t-il-cette-nouvelle-revelation","title":{"rendered":"Pourquoi Dieu nous livre t-il une nouvelle r\u00e9v\u00e9lation ?"},"content":{"rendered":"<p>Dieu veille sur le monde et supervise le d\u00e9veloppement de l\u2019humanit\u00e9. P\u00e9riodiquement, Dieu doit envoyer une nouvelle revelation dans le monde, un message nouveau en r\u00e9ponse \u00e0 un besoin plus grand que l\u2019humanit\u00e9 ne pourrait elle-m\u00eame ni assumer, ni reconna\u00eetre. Ces messages, de par leur nature m\u00eame, sont rares, bien qu\u2019un grand nombre ait \u00e9t\u00e9 d\u00e9j\u00e0 donn\u00e9 \u00e0 l\u2019humanit\u00e9 afin de vous enseigner comment vivre en coop\u00e9ration et en paix, avec un sens accru d\u2019engagement et de contribution au monde. En r\u00e9alit\u00e9, nombre d\u2019individus continuent partout \u00e0 se battre pour ces messages et pour ces r\u00e9v\u00e9lations, tandis que nombre d\u2019autres s\u2019y opposent totalement. Toutefois, la r\u00e9alit\u00e9 demeure que Dieu supervise le monde et qu\u2018\u00e0 travers Ses \u00e9missaires les Anges, chaque instant de chaque jour, Il encourage l\u2019humanit\u00e9 \u00e0 reprendre sa v\u00e9ritable identit\u00e9 et sa v\u00e9ritable conscience spirituelle.<\/p>\n<p>\u00c0 ce point-ci de l\u2018\u00e9volution humaine et alors que le mouvement \u00e9volutif va en s\u2019acc\u00e9l\u00e9rant, Dieu transmet un nouveau message car l\u2019humanit\u00e9 se doit d\u2019obtenir une compr\u00e9hension nouvelle de sa situation dans sa relation avec la vie intelligente au-del\u00e0 de ses fronti\u00e8res spatiales.<\/p>\n<p>En fait, il est correct de dire que l\u2019humanit\u00e9 est arriv\u00e9e \u00e0 un tournant important. Il ne s\u2019agit pas simplement d\u2019un point de culmination des \u00e9v\u00e8nements du pass\u00e9. Il s\u2019agit du d\u00e9but d\u2019une r\u00e9alit\u00e9 totalement nouvelle o\u00f9 l\u2019humanit\u00e9 d\u00e9couvre qu\u2019elle n\u2019est pas seule dans l\u2019univers ou m\u00eame sur son propre territoire. C\u2019est \u00e0 ce grand tournant que disparaissent \u00e0 jamais ses sentiments de pr\u00e9\u00e9minence dans le monde et d\u2019isolement dans l\u2019univers.<\/p>\n<p>Selon une perspective plus large encore, nous voyons que c\u2019est le d\u00e9but d\u2019un \u00e2ge nouveau, une entr\u00e9e dans un \u00e9tat d\u2019\u00eatre plus m\u00fbr, car en r\u00e9alit\u00e9, vous avez toujours v\u00e9cu au sein d\u2019une communaut\u00e9 plus vaste de vie intelligente dans l\u2019univers. Votre race n\u2019est qu\u2019une jeune race parmi tant d\u2019autres. L\u2019univers est rempli de vie qui existe \u00e0 tous les stades de d\u00e9veloppement et d\u2018\u00e9volution. Pourtant, l\u2019humanit\u00e9 a grandi dans un \u00e9tat d\u2019isolement relatif, ne recevant que quelques rares visites d\u2018\u00eatres qui vivent dans la communaut\u00e9 plus vaste qui vous entoure.<\/p>\n<p>A pr\u00e9sent, cet isolement prend fin. Ainsi d\u00e9butent un \u00e9pisode et un chapitre enti\u00e8rement nouveaux du grand voyage de l\u2019humanit\u00e9. C\u2019est un tournant qui pr\u00e9sente de gros risques, d\u2019\u00e9normes d\u00e9fis mais \u00e9galement, d\u2019immenses opportunit\u00e9s. Mais comment les \u00eatres humains peuvent-ils \u00eatre mis au fait de ces choses? Comment peuvent-ils se pr\u00e9parer d\u2019une mani\u00e8re ad\u00e9quate en vue des prochains \u00e9pisodes qu\u2019ils rencontreront? Car m\u00eame en ce moment, la majorit\u00e9 des gens ne portent attention qu\u2019aux \u00e9v\u00e8nements imm\u00e9diats et ils en sont encore \u00e0 faire face aux conflits non r\u00e9solus du pass\u00e9.<\/p>\n<p>L\u2018\u00e9mergence de l\u2019humanit\u00e9 au sein de la communaut\u00e9 plus vaste et son contact avec la vie intelligente ali\u00e9nig\u00e8ne sont des possibilit\u00e9s que bon nombre d\u2019\u00eatres humains ont envisag\u00e9es. Pourtant, qui est conscient de ce que cela signifie vraiment? Comment l\u2019humanit\u00e9 peut-elle arriver \u00e0 se pr\u00e9parer sans une assistance substantielle de son Cr\u00e9ateur?<\/p>\n<p>Dieu est pleinement conscient de ces choses. Il a donc envoy\u00e9 un nouveau message dans le monde afin de pr\u00e9parer les \u00eatres humains \u00e0 cette vie nouvelle au sein de la communaut\u00e9 plus vaste des mondes. Cette r\u00e9v\u00e9lation nouvelle est pr\u00e9sent\u00e9e tr\u00e8s humblement et tr\u00e8s simplement. Pourtant, elle ne se conforme pas aux attentes, aux croyances ou aux traditions des individus car Dieu n\u2019est pas influenc\u00e9 par ces choses. Il livre \u00e0 l\u2019humanit\u00e9 pr\u00e9cis\u00e9ment ce qui lui est n\u00e9cessaire pour embrasser la prochaine \u00e9tape et relever un d\u00e9fi nouveau.<\/p>\n<p>Au d\u00e9but, de telles r\u00e9v\u00e9lations sont rarement bienvenues et elles sont souvent tr\u00e8s mal interpr\u00e9t\u00e9es par les gens qui les abordent pour une premi\u00e8re fois. Dieu comprend cela. N\u00e9anmoins, chaque nouveau message d\u00e9livr\u00e9 dans le monde est d\u2019une importance vitale, il doit \u00eatre re\u00e7u dans une forme pure et transmis par des personnes tr\u00e8s courageuses \u00e0 qui le nouveau message a \u00e9t\u00e9 confi\u00e9.<\/p>\n<p>Contrairement aux attentes de nombreuses personnes, le message nouveau est toujours d\u00e9livr\u00e9 \u00e0 un messager unique. De nombreux autres individus sont appel\u00e9s \u00e0 aider cette personne \u00e0 recevoir ce message et \u00e0 le communiquer efficacement. C\u2019est de cette mani\u00e8re que les grandes r\u00e9v\u00e9lations sont pr\u00e9sent\u00e9es, que ce soit chez vous ou dans les mondes de la Grande Communaut\u00e9. Simple mesure d\u2019efficacit\u00e9. Si un individu peut r\u00e9pondre et \u00eatre pr\u00e9par\u00e9 \u00e0 recevoir une charge si lourde et une responsabilit\u00e9 de cet ordre et \u00e9galement, si d\u2019autres individus peuvent r\u00e9pondre dans le but de l\u2019aider, alors la r\u00e9v\u00e9lation peut \u00eatre pr\u00e9sent\u00e9e sous une forme pure. S\u2019il \u00e9tait d\u00e9livr\u00e9 \u00e0 plusieurs individus, il se produirait dissensions et malentendus et les gens obtiendraient diff\u00e9rentes versions ou diff\u00e9rentes interpr\u00e9tations de ce qu\u2019ils ont re\u00e7u. C\u2019est pour cette raison qu\u2019une r\u00e9v\u00e9lation nouvelle est d\u00e9livr\u00e9e \u00e0 travers une seule personne. Bien s\u00fbr, ce sera contest\u00e9 et bien des gens seront probablement contrari\u00e9s par le fait de ne pas \u00eatre l\u2019unique personne \u00e9lue dans le but de recevoir la r\u00e9v\u00e9lation nouvelle. Ils peuvent penser que beaucoup de gens devraient \u00eatre choisis, mais ce n\u2019est pas ainsi que les choses se passent dans la vie. Ce n\u2019est pas de cette fa\u00e7on que Dieu oeuvre dans ce monde ni dans quelque autre monde de l\u2019univers.<\/p>\n<p>La r\u00e9v\u00e9lation \u2014 le message nouveau \u2014 doit \u00eatre offerte sous une forme pure. Elle doit \u00eatre transmise \u00e0 quelqu\u2019un qui peut la recevoir sans l\u2019alt\u00e9rer, la d\u00e9nier ou la modifier de quelques fa\u00e7ons que ce soit. Elle doit \u00eatre d\u00e9livr\u00e9e \u00e0 quelqu\u2019un qui fut envoy\u00e9 dans le monde dans le dessein de recevoir et de communiquer un nouveau message de Dieu. Une telle r\u00e9v\u00e9lation est de loin trop importante pour \u00eatre confi\u00e9e \u00e0 une personne qui ne satisfait pas \u00e0 ces qualifications.<\/p>\n<p>En ce moment, certaines personnes croient que Dieu d\u00e9livre sans cesse de messages nouveaux. Mais ce n\u2019est pas vrai. Il est tr\u00e8s rare que de nouveaux messages soient offerts \u00e0 l\u2019humanit\u00e9. Et ils lui sont donn\u00e9s uniquement dans le but de lui permettre de rencontrer un besoin nouveau et sans pr\u00e9c\u00e9dent. Ils sont offerts \u00e0 des moments cruciaux, \u00e0 d\u2019importants jalons de l\u2018\u00e9volution et du d\u00e9veloppement de l\u2019humanit\u00e9.<\/p>\n<p>Actuellement, l\u2019humanit\u00e9 se trouve sur le point de rencontrer des races intelligentes venues de la communaut\u00e9 des mondes. De plus, elle est en mesure de d\u00e9truire la vie sur sa propre plan\u00e8te. Ces \u00e9l\u00e9ments sont suffisants pour motiver la transmission d\u2019un nouveau message de Dieu. Cela a donc \u00e9t\u00e9 fait.<\/p>\n<p>Bien des individus sentent qu\u2019un grand changement est sur le point de se produire dans le monde et certains m\u00eame sentent qu\u2019il est d\u00e9j\u00e0 en cours. Ils peuvent interpr\u00e9ter ce changement de bien des mani\u00e8res, en fonction de leur niveau d\u2019exp\u00e9rience et de compr\u00e9hension. Mais le ressenti est l\u00e0, identique. La Connaissance, ou l\u2019Esprit, s\u2018\u00e9veille \u00e0 l\u2019int\u00e9rieur d\u2019eux et les alerte \u00e0 la r\u00e9alit\u00e9 d\u2019une grande transformation qui arrive, un d\u00e9fi de taille et une opportunit\u00e9 remarquable. Le sentiment est le m\u00eame, peu importe comment on l\u2019interpr\u00e8te. Qu\u2019on pr\u00e9dise une issue heureuse ou une issue malheureuse, ce qui importe r\u00e9ellement se situe dans ce ressenti car c\u2019est l\u00e0 l\u2019indicateur d\u2019un changement important sur le point de se produire. C\u2019est signe que le nouveau message de Dieu est en chemin.<\/p>\n<p>Le Cr\u00e9ateur est tr\u00e8s pratique. Or, les \u00eatres humains eux sont tout \u00e0 fait le contraire; alors, cela donne souvent lieu \u00e0 un malentendu. Ils pensent qu\u2019un message nouveau venant de Dieu serait tr\u00e8s dramatique. Voil\u00e0 que les nuages s\u2019\u00e9cartent et qu\u2019une voix tonitruante leur parle du ciel et c\u2019est absolument saisissant! Mais ce n\u2019est pas du tout cela. Voici comment cela se passe en r\u00e9alit\u00e9. Une personne est appel\u00e9e et pr\u00e9par\u00e9e pour commencer \u00e0 recevoir le message nouveau. Cette personne doit passer par un extraordinaire processus d\u2018\u00e9l\u00e9vation. Elle doit b\u00e2tir l\u2019acceptation de soi et la foi en Dieu n\u00e9cessaires pour tenir son r\u00f4le. Ensuite, certains individus sont appel\u00e9s \u00e0 l\u2019assister. Eux aussi doivent transcender leurs propres int\u00e9r\u00eats et leurs pr\u00e9occupations personnelles pour \u00eatre capables d\u2019assumer une plus grande responsabilit\u00e9. Cela peut prendre un bon moment. Puis, une fois ces \u00e9tapes franchies, la transmission du message nouveau de Dieu peut commencer. Et il sera tr\u00e8s grand, d\u00e9passant m\u00eame ce que les mots peuvent exprimer, car il ne v\u00e9hiculera pas simplement un ensemble d\u2019id\u00e9es ou de pr\u00e9ceptes, mais une compr\u00e9hension et une conscience enti\u00e8rement nouvelles. La personne choisie et celles qui sont appel\u00e9es \u00e0 l\u2019assister doivent apprendre \u00e0 transmettre efficacement aux autres cette compr\u00e9hension et cette conscience nouvelles.<\/p>\n<p>Il est vrai que l\u2019humanit\u00e9 n\u2019est pas tr\u00e8s r\u00e9ceptive aux r\u00e9v\u00e9lations de Dieu. De ce fait, le processus qui accompagne la transmission du message nouveau de Dieu dans le monde est \u00e9maill\u00e9 de difficult\u00e9s. Ceux qui tentent d\u2019apporter au monde cette plus grande v\u00e9rit\u00e9 vont rencontrer beaucoup de r\u00e9sistances, de jugements et de condamnations. Pourtant, aussi imparfaite que soit la r\u00e9ponse des individus, le processus de communication doit op\u00e9rer.<\/p>\n<p>Dieu peut seulement communiquer avec ce qu\u2019Il a cr\u00e9\u00e9 en vous. Votre mental peut s\u2019opposer \u00e0 cette communication; il peut en \u00eatre afflig\u00e9. Il peut ne pas \u00eatre d\u2019accord pour bien des raisons. Mais la communication est destin\u00e9e \u00e0 toucher une partie plus profonde en vous. C\u2019est uniquement \u00e0 ce niveau plus profond que vous pouvez r\u00e9ellement comprendre le nouveau message de Dieu.<\/p>\n<p>Au fil du temps, il y aura du rejet. Il y aura de la r\u00e9sistance. Il y a aura de la m\u00e9prise. La confusion et le d\u00e9ni rev\u00eatiront bien des formes. Mais \u00e9ventuellement, le message finira par aller de soi. Or, vu l\u2019acc\u00e9l\u00e9ration de l\u2018\u00e9volution humaine, il ne reste pas beaucoup de temps pour communiquer un tel message. Les circonstances changent trop vite. Les choses s\u2019acc\u00e9l\u00e8rent. La pr\u00e9sence des visiteurs extraterrestres dans le monde devient si substantielle et si influente que l\u2019humanit\u00e9 n\u2019a plus beaucoup de temps pour r\u00e9fl\u00e9chir ou pour s\u2019acclimater \u00e0 une nouvelle compr\u00e9hension. Tout doit se passer plus vite en raison de votre \u00e9volution en acc\u00e9l\u00e9r\u00e9e. Le nouveau message de Dieu doit \u00eatre promptement pr\u00e9sent\u00e9 \u00e0 l\u2019humanit\u00e9 et rapidement int\u00e9gr\u00e9 pour avoir tout son impact et bien servir ceux \u00e0 qui il est destin\u00e9. Cela est absolument fondamental pour la survie et le bien-\u00eatre de l\u2019humanit\u00e9 \u00e0 l\u2019int\u00e9rieur de la Grande Communaut\u00e9.<\/p>\n<p>Cette compr\u00e9hension \u00e9toff\u00e9e de la situation vous est offerte pour que vous puissiez \u00eatre en mesure de recevoir les b\u00e9n\u00e9dictions du Cr\u00e9ateur. Quand les gens pensent que le Cr\u00e9ateur apporte des b\u00e9n\u00e9dictions dans leur vie, ils en tirent un sens qui tient \u00e0 des d\u00e9tails tr\u00e8s imm\u00e9diats et tr\u00e8s incons\u00e9quents. Ils interpr\u00e8tent cet apport en termes tr\u00e8s restreints et li\u00e9s uniquement \u00e0 leurs pr\u00e9occupations personnelles. Au contraire, lorsque le Cr\u00e9ateur apporte une r\u00e9elle b\u00e9n\u00e9diction \u00e0 l\u2019humanit\u00e9, elle a une grande port\u00e9e et touche toutes choses.<\/p>\n<p>Le Cr\u00e9ateur comprend que l\u2019humanit\u00e9 ne peut pas tout saisir par elle-m\u00eame. L\u2019humanit\u00e9 ne peut m\u00eame pas comprendre le mouvement de la nature. Vous avez besoin d\u2019aide pour vous pr\u00e9parer aux \u00e9v\u00e9nements latents qui se produiront dans votre avenir. Et puisque Dieu ne d\u00e9sire pas intervenir directement dans le monde, les communications doivent vous parvenir via certains individus inspir\u00e9s.<\/p>\n<p>Les anges du cr\u00e9ateur qui assistent l\u2019humanit\u00e9 dans les choses les plus imm\u00e9diates, les affaires pratiques, les besoins urgents relatifs au bien-\u00eatre des communaut\u00e9s et au progr\u00e8s des efforts des \u00eatres humains font vraiment du bon travail. Mais le nouveau message de Dieu est bien autre chose.<\/p>\n<p>Aujourd\u2019hui, le besoin d\u2019un nouveau message en provenance de Dieu est \u00e9vident. L\u2019humanit\u00e9 se tient sur un seuil important, peut-\u00eatre le plus grand qu\u2019elle aura jamais \u00e0 traverser. Votre isolement dans l\u2019univers est termin\u00e9. Votre monde fait l\u2019exp\u00e9rience d\u2019une intervention men\u00e9e par des races intelligentes venues d\u2019ailleurs. Vos conflits tribaux et votre manque d\u2019unit\u00e9 vous rendent extr\u00eamement vuln\u00e9rables face \u00e0 une telle intervention et aux techniques de persuasion et de manipulation de ces \u00eatres venus d\u2019ailleurs.<\/p>\n<p>Malgr\u00e9 cela, l\u2019humanit\u00e9 poss\u00e8de une grande force. Vous avez un fondement spirituel que beaucoup d\u2019autres races technologiquement avanc\u00e9es dans la communaut\u00e9 des mondes ne poss\u00e8dent pas. Vous abordez ce grand tournant avec \u00e0 la fois vos forces et vos faiblesses. Ici le timing est un \u00e9l\u00e9ment critique. La conscience est vitale. Elle n\u2019est pas simplement une option. Elle ne sert pas seulement \u00e0 l\u2018\u00e9dification de quelques individus inspir\u00e9s. Elle est essentielle pour la survie et le bien-\u00eatre de toute l\u2019humanit\u00e9.<\/p>\n<p>Peut-\u00eatre pouvez-vous sentir ce grand tournant \u00e0 l\u2019int\u00e9rieur de vous. Peut-\u00eatre pouvez-vous sentir que la pure essence de la vie, l\u2019environnement de la vie, la sensation de la vie, sont en train de changer. Ce n\u2019est pas simplement vous-m\u00eames qui \u00eates en train de changer mais c\u2019est quelque chose qui est autour de vous et partout \u00e0 la fois. C\u2019est plus grand que vos syst\u00e8mes \u00e9conomiques, c\u2019est plus grand que vos exp\u00e9riences culturelles, c\u2019est plus grand que votre art. C\u2019est quelque chose que tous les \u00eatres humains peuvent ressentir, partout. C\u2019est un sentiment exp\u00e9riment\u00e9 \u00e0 l\u2019\u00e9chelle universelle. C\u2019est \u00e0 ce sentiment que le nouveau message de Dieu vient r\u00e9pondre.<\/p>\n<p>Le nouveau message de Dieu s\u2019adresse \u00e0 tous et \u00e0 chacun en ce monde \u2013 quelle que soit sa culture ou sa religion, qu\u2019il soit riche ou pauvre, malade ou bien portant, jeune ou vieux. Le message s\u2019adresse \u00e0 tous.<\/p>\n<p>Le moment est maintenant venu d\u2019explorer ce nouveau message de Dieu et ce qui le justifie.<\/p>\n<p>Note :<\/p>\n<p>Le mot \u00abIntervention\u00bb s\u2019applique \u00e0 \u00ab une ing\u00e9rence men\u00e9e \u00e0 divers niveaux chez nous par des races intelligentes venues d\u2019ailleurs.\u00bb<br \/>\n*Le mot \u00abali\u00e9nig\u00e8ne\u00bb est un terme qu\u2019on commence \u00e0 utiliser pour d\u00e9signer les extraterrestres ou qualifier des \u00e9l\u00e9ments qui les concernent.<\/p>\n","protected":false},"excerpt":{"rendered":"<p>Dieu veille sur le monde et supervise le d\u00e9veloppement de l\u2019humanit\u00e9. P\u00e9riodiquement, Dieu doit envoyer une nouvelle revelation dans le monde, un message nouveau en r\u00e9ponse \u00e0 un besoin plus grand que l\u2019humanit\u00e9 ne pourrait elle-m\u00eame ni assumer, ni reconna\u00eetre. Ces messages, de par leur nature m\u00eame, sont rares, bien qu\u2019un grand nombre ait \u00e9t\u00e9\u2026 <a class=\"read-more\" href=\"https:\/\/www.v6.newmessage.org\/fr\/le-message\/other-revelations\/pourquoi-dieu-vous-livre-t-il-cette-nouvelle-revelation\"><span>Read More<\/span><\/a><\/p>\n","protected":false},"author":42,"featured_media":0,"parent":16358,"menu_order":0,"comment_status":"closed","ping_status":"closed","template":"template-leftsidebar.php","meta":{"_monsterinsights_skip_tracking":false,"_monsterinsights_sitenote_active":false,"_monsterinsights_sitenote_note":"","_monsterinsights_sitenote_category":0,"footnotes":""},"categories":[501],"tags":[],"_links":{"self":[{"href":"https:\/\/www.v6.newmessage.org\/fr\/wp-json\/wp\/v2\/pages\/27560"}],"collection":[{"href":"https:\/\/www.v6.newmessage.org\/fr\/wp-json\/wp\/v2\/pages"}],"about":[{"href":"https:\/\/www.v6.newmessage.org\/fr\/wp-json\/wp\/v2\/types\/page"}],"author":[{"embeddable":true,"href":"https:\/\/www.v6.newmessage.org\/fr\/wp-json\/wp\/v2\/users\/42"}],"replies":[{"embeddable":true,"href":"https:\/\/www.v6.newmessage.org\/fr\/wp-json\/wp\/v2\/comments?post=27560"}],"version-history":[{"count":1,"href":"https:\/\/www.v6.newmessage.org\/fr\/wp-json\/wp\/v2\/pages\/27560\/revisions"}],"predecessor-version":[{"id":27561,"href":"https:\/\/www.v6.newmessage.org\/fr\/wp-json\/wp\/v2\/pages\/27560\/revisions\/27561"}],"up":[{"embeddable":true,"href":"https:\/\/www.v6.newmessage.org\/fr\/wp-json\/wp\/v2\/pages\/16358"}],"wp:attachment":[{"href":"https:\/\/www.v6.newmessage.org\/fr\/wp-json\/wp\/v2\/media?parent=27560"}],"wp:term":[{"taxonomy":"category","embeddable":true,"href":"https:\/\/www.v6.newmessage.org\/fr\/wp-json\/wp\/v2\/categories?post=27560"},{"taxonomy":"post_tag","embeddable":true,"href":"https:\/\/www.v6.newmessage.org\/fr\/wp-json\/wp\/v2\/tags?post=27560"}],"curies":[{"name":"wp","href":"https:\/\/api.w.org\/{rel}","templated":true}]}}