{"id":27555,"date":"2016-03-21T16:32:28","date_gmt":"2016-03-21T16:32:28","guid":{"rendered":"http:\/\/www.newmessage.org\/french-international\/?page_id=27555"},"modified":"2016-11-27T20:22:21","modified_gmt":"2016-11-27T20:22:21","slug":"lexperience-sacree","status":"publish","type":"page","link":"https:\/\/www.v6.newmessage.org\/fr\/le-message\/other-revelations\/lexperience-sacree","title":{"rendered":"L\u2019Exp\u00e9rience Sacr\u00e9e"},"content":{"rendered":"<div><!-- Version 3.2 (aka The Sacred Experience) --><\/div>\n\n<div class=\"tabgroup \"><ul class=\"tabs\"><li><a href=\"#tabs-1\">R\u00e9v\u00e9lation<\/a><\/li>\n<li><a href=\"#tabs-2\">Vid\u00e9o<\/a><\/li><\/ul>\n <div id=\"tabs-1\"><\/p>\n<p>\u00c9coutez la r\u00e9v\u00e9lation originale en anglais :<\/p>\n<div id=\"jquery_jplayer_1\" class=\"jp-jplayer\"><\/div>\n\t\t\t\t<div id=\"jp_container_1\" class=\"jp-audio\">\n\t\t\t\t<div class=\"jp-type-single\"><div class=\"jp-control\"><a href=\"javascript:;\" class=\"jp-play\" tabindex=\"1\">play<\/a><a href=\"javascript:;\" class=\"jp-pause\" tabindex=\"1\">pause<\/a><\/div> <div class=\"jp-gui jp-interface\"><div class=\"jp-volume\"><div class=\"jp-volume-bar\"><div class=\"jp-volume-bar-value\"><\/div><\/div><\/div><div class=\"jp-progress\"><div class=\"jp-seek-bar\"><div class=\"jp-play-bar\"><\/div><\/div><\/div><\/div>\t\t\t\t\t<div class=\"jp-no-solution\"><span>Update Required<\/span>To play the media you will need to either update your browser to a recent version or update your <a href=\"http:\/\/get.adobe.com\/flashplayer\/\" target=\"_blank\">Flash plugin<\/a>.<\/div><\/div><\/div>\n\t\t\t<script type='text\/javascript'>\n\t\t\t\tjQuery(document).ready(function() {\n\t\t\t\t\tif (typeof (sermonMedia) == 'function') {\n\t\t\t\t\t\tsermonMedia.addAudio('', \"jquery_jplayer_1\");\n\t\t\t\t\t}\n\t\t\t\t\tjQuery.jPlayer.timeFormat.showHour = true;\n\t\t\t\t\tjQuery(\"#jquery_jplayer_1\").jPlayer({\n\t\t\t\t\t\tready: function(event) {\n\t\t\t\t\t\t\tjQuery(this).jPlayer(\"setMedia\", {mp3: 'https:\/\/newmessage.org\/av\/the-night-meditation.mp3'});\n\t\t\t\t\t\t},\n\t\t\t\t\t\tplay: function() {\n\t\t\t\t\t\t\tjQuery(this).jPlayer(\"pauseOthers\");\n\t\t\t\t\t\t},\n\t\t\t\t\t\tswfPath: ThemeData.directory_uri+\"\/swf\",\n\t\t\t\t\t\tsolution: \"html, flash\",\n\t\t\t\t\t\tpreload: \"metadata\",\n\t\t\t\t\t\twmode: \"window\",\n\t\t\t\t\t\tsupplied: \"mp3\",\n\t\t\t\t\t\tcssSelectorAncestor: '#jp_container_1'\n\t\t\t\t\t});\n\t\t\t\t});\n\t\t\t<\/script><\/p>\n<p><a title=\"The Night Meditation\" href=\"\/\/www.newmessage.org\/av\/nightmeditation.htm\">Cliquer ici pour t\u00e9l\u00e9charger le vid\u00e9o flash<\/a><\/p>\n<p><em><br \/>\nTel que r\u00e9v\u00e9l\u00e9 au Messager de Dieu<br \/>\nMarshall Vian Summers<br \/>\nle 8 avril 2011 \u00e0 Boulder, Colorado.<br \/>\n<\/em><\/p>\n<div class=\"toggle toggle-white\"><h4 class=\"trigger \"><span class=\"t_ico\"><\/span><a href=\"#\">\u00c0 propos de cet enregistrement<\/a><\/h4><div class=\"toggle_container \"><br \/>\n<p>Ce que vous entendez dans cet enregistrement audio est la voix de <a href=\"http:\/\/www.nouveaumessagededieu.org\/le-message\/important-terms#aa\" target=\"_blank\" rel=\"noopener noreferrer\">l&rsquo;Assembl\u00e9e Ang\u00e9lique<\/a> parlant \u00e0 travers le <a href=\"http:\/\/www.nouveaumessagededieu.org\/messager-de-dieu\" target=\"_blank\" rel=\"noopener noreferrer\">Messager Marshall Vian Summers<\/a>.<\/p>\n<p>Ici, la communication originale de Dieu, qui existe au-del\u00e0 des mots, est traduite en un langage et un entendement humains par <a href=\"http:\/\/www.nouveaumessagededieu.org\/le-message\/important-terms#aa\" target=\"_blank\" rel=\"noopener noreferrer\">l&rsquo;Assembl\u00e9e Ang\u00e9lique<\/a> qui veille sur le monde. L&rsquo;Assembl\u00e9e apporte alors le Message de Dieu \u00e0 travers le Messager.<\/p>\n<p>Dans ce processus remarquable, la <a href=\"http:\/\/www.nouveaumessagededieu.org\/le-message\/important-terms#vr\" target=\"_blank\" rel=\"noopener noreferrer\">Voix de la R\u00e9v\u00e9lation<\/a> parle \u00e0 nouveau. La Parole et le Son sont dans le monde. Pour la premi\u00e8re fois dans l&rsquo;histoire, l&rsquo;enregistrement de la r\u00e9v\u00e9lation parl\u00e9e originale est accessible pour que vous en fassiez l&rsquo;exp\u00e9rience.<\/p>\n<p>Puissiez-vous recevoir ce don de R\u00e9v\u00e9lation et puissiez-vous vous ouvrir \u00e0 son Message unique pour vous et pour votre vie.<\/p>\n<br \/>\n<\/div><\/div><br \/>\n<\/div>\n<div id=\"tabs-2\"><br \/>\n<iframe loading=\"lazy\" width=\"260\" height=\"188\" src=\"https:\/\/www.youtube.com\/embed\/c-r-sXhQxIE\" frameborder=\"0\" allowfullscreen><\/iframe><br \/>\n<\/div>\n\t\t\t\t<div align=\"right\">\n\t\t\t<div class=\"fb-like\" data-href=\"\" data-layout=\"button_count\" data-action=\"like\" data-show-faces=\"false\" data-share=\"false\"><\/div>\n\t\t\t<div class=\"fb-share-button\" data-layout=\"button_count\"> <\/div>\n\t\t\t<div class=\"fb_iframe_widget\"><a href=\"https:\/\/twitter.com\/godsnewmessage?ref_src=twsrc%5Etfw\" class=\"twitter-follow-button\" data-show-count=\"false\">Follow @godsnewmessage<\/a><script async src=\"https:\/\/platform.twitter.com\/widgets.js\" charset=\"utf-8\"><\/script><\/div>\n\t\t\t<\/div> <\/div> \n\n<p>Approchez du Pouvoir et de la Pr\u00e9sence en vous. Ils sont si proches ; vous n\u2019avez qu\u2019\u00e0 permettre \u00e0 votre mental d\u2019\u00eatre immobile.<\/p>\n<p>La Pr\u00e9sence est ici. Elle est avec vous. Elle est toujours avec vous, car vous ne pouvez \u00e9chapper \u00e0 votre Source et \u00e0 la r\u00e9alit\u00e9 de la vie.<\/p>\n<p>Le Cr\u00e9ateur est avec vous, avec la Pr\u00e9sence. Entrez dans cette Pr\u00e9sence. Entrez dans ce Pouvoir. Accordez-vous un r\u00e9pit ici. R\u00e9confortez-vous ici. Trouvez paix et force ici, car cette Pr\u00e9sence n\u2019est pas menac\u00e9e par le monde et ne peut \u00eatre d\u00e9truite.<\/p>\n<p>Elle est invuln\u00e9rable, et \u00e0 mesure que vous vous en rapprocherez dans votre exp\u00e9rience, son invuln\u00e9rabilit\u00e9 commencera \u00e0 vous renforcer, \u00e0 vous fortifier et \u00e0 vous pr\u00e9parer.<\/p>\n<p>Alors que le monde est calme, venez \u00e0 ce qui est invuln\u00e9rable. Ce n\u2019est pas votre intellect. Ce n\u2019est pas votre corps physique. C\u2019est la source et le centre de votre \u00eatre. C\u2019est cette partie de vous qui n\u2019a jamais quitt\u00e9 Dieu.<\/p>\n<p>Entrez dans cette pr\u00e9sence et dans ce Pouvoir. Laissez-les revigorer votre mental. Laissez-les vous lib\u00e9rer et vous reposer de la pens\u00e9e et du souci continuels. Car lorsque vous \u00eates avec la Pr\u00e9sence, vous n\u2019avez pas \u00e0 vous soucier.<\/p>\n<p>Dieu vous appelle pour servir dans le monde, et pour cette raison, vous \u00eates venu. Dieu vous a aussi offert la Pr\u00e9sence.<\/p>\n<p>Alors que le monde est calme, entrez dans cette Pr\u00e9sence de sorte que vous puissiez \u00eatre fort et assur\u00e9 lorsque le monde n\u2019est pas calme. Devant la turbulence, la difficult\u00e9, le conflit et l\u2019agitation, vous devez vous rappeler la Pr\u00e9sence.<\/p>\n<p>Dans les heures silencieuses de la nuit, laissez votre mental \u00eatre immobile et demeurer en la Pr\u00e9sence. Ceci vous procurera plus de repos que le sommeil. Si vous vous r\u00e9veillez dans la nuit, venez \u00e0 ce qui est invuln\u00e9rable.<\/p>\n<p>D\u00e8s que vous vous r\u00e9veillez le matin, avant m\u00eame de vous engager dans le monde, consacrez ces moments \u00e0 demeurer avec la Pr\u00e9sence. Pensez \u00e0 elle. Ressentez-la dans l\u2019atmosph\u00e8re de votre chambre. Ecoutez-la. Laissez votre mental immobile. Concentrez votre mental dans l\u2019\u00e9coute.<\/p>\n<p>Lorsque vous aurez atteint l\u2019\u00e9tape de la d\u00e9couverte en commen\u00e7ant \u00e0 entrevoir votre plus grande t\u00e2che dans le monde, vous aurez besoin que le pouvoir de cette Pr\u00e9sence vous offre force et confiance. Vous aurez besoin de son r\u00e9pit, de sa paix, de sa profondeur et du pouvoir de sa relation \u00e0 vous. Elle vous donnera du courage et une d\u00e9termination plus grande.<\/p>\n<p>Ressentez la Pr\u00e9sence. Pensez \u00e0 la Pr\u00e9sence. \u00c9prouvez la Pr\u00e9sence. Utilisez les merveilleux outils que sont votre mental et votre corps pour vous rendre r\u00e9ceptif \u00e0 la Pr\u00e9sence.<\/p>\n<p>Vous \u00eates en relation avec l\u2019invuln\u00e9rable, ce qui signifie que vous avez une permanence plus grande au-del\u00e0 du domaine de l\u2019intellect, qui s\u2019occupe du monde essentiellement, et au-del\u00e0 de votre corps physique, qui est le v\u00e9hicule de votre existence ici.<\/p>\n<p>Vous \u00eates venu d\u2019une autre r\u00e9alit\u00e9 dans ce monde. Et vous retournerez \u00e0 cette m\u00eame r\u00e9alit\u00e9 pour attendre votre prochaine mission.<\/p>\n<p>C\u2019est un myst\u00e8re entier et au-del\u00e0 de votre imagination parce qu\u2019il s\u2019agit d\u2019une r\u00e9alit\u00e9 diff\u00e9rente. Votre imagination ne peut fonctionner qu\u2019\u00e0 l\u2019int\u00e9rieur de ce que vos sens peuvent rapporter ici sur Terre. Seuls vos souvenirs les plus anciens peuvent vous donner un ressenti, un mouvement vers la Pr\u00e9sence.<\/p>\n<p>Au c\u0153ur de la Pr\u00e9sence, il y a des voix. Il y a des relations. Il y a votre Famille Spirituelle. Il y a les anciennes m\u00e9moires. Il y a une r\u00e9alit\u00e9 plus grande. Il y a la permanence. Il y a l\u2019invuln\u00e9rable.<\/p>\n<p>Vous ne ferez pas l\u2019exp\u00e9rience de ceci \u00e0 chaque fois parce que l\u2019attraction est trop forte. Vous donner trop \u00e0 cette exp\u00e9rience pourrait vous emp\u00eacher d\u2019\u00eatre dans le monde. Juste suffisamment pour recevoir le courage et la force de poursuivre le chemin que vous devez poursuivre ici, dans un monde difficile.<\/p>\n<p>Vous n\u2019aurez pas de contact avec votre Famille Spirituelle, si ce n\u2019est de fa\u00e7on tr\u00e8s intermittente, de sorte que vous puissiez rester concentr\u00e9 sur votre but ici et sur vos relations ici.<\/p>\n<p>Vous ne ferez pas l\u2019exp\u00e9rience de vos Enseignants, si ce n\u2019est que tr\u00e8s rarement. Dans la plupart des cas, ils ne se r\u00e9v\u00e8leront pas \u00e0 vous car vos relations dans le monde doivent rester votre int\u00e9r\u00eat principal \u2013 construire vos alliances ici, trouver vos alli\u00e9s ici, trouver ceux qui vont devenir importants et qui sont destin\u00e9s \u00e0 partager vos t\u00e2che et mission sup\u00e9rieures ici.<\/p>\n<p>Ici la Pr\u00e9sence sert \u00e0 vous rappeler la raison pour laquelle vous \u00eates venu et le pouvoir de la Connaissance que vous avez apport\u00e9 avec vous.<\/p>\n<p>Entrez dans la Pr\u00e9sence. Ecoutez Notre Voix. Ce n\u2019est pas la voix d\u2019un seul individu, mais la voix d\u2019une association plus grande. Entendez Nos mots. Nous vous les rendons accessibles.<\/p>\n<p>Laissez leur pouvoir revigorer votre mental, \u00e9cartant vos interrogations, \u00e9cartant vos besoins, \u00e9cartant vos peurs et vos angoisses, le temps de ce pr\u00e9cieux contact.<\/p>\n<p>Laissez toutes choses \u00eatre ce qu\u2019elles sont. Laissez le monde \u00eatre ce qu\u2019il est. Laissez votre vie \u00eatre ce qu\u2019elle est dans ces moments de r\u00e9pit.<\/p>\n<p>Il n\u2019y a aucun probl\u00e8me \u00e0 r\u00e9soudre, aucun projet \u00e0 faire, aucun souvenir \u00e0 consid\u00e9rer, et personne \u00e0 contenter.<\/p>\n<p>Vous avez seulement besoin d\u2019\u00eatre avec la Pr\u00e9sence. Vous n\u2019avez pas \u00e0 lui poser de questions. Vous n\u2019avez pas \u00e0 lui dire des choses, sauf si vous ressentez que vous le devez. Et s\u2019il en est ainsi, c\u2019est tr\u00e8s bien. Vous pouvez confier \u00e0 la Pr\u00e9sence vos pens\u00e9es, vos frustrations, tout, et elle demeurera juste la Pr\u00e9sence jusqu\u2019\u00e0 ce que votre esprit redevienne tranquille.<\/p>\n<p>Vous pouvez m\u00eame vous plaindre \u00e0 la Pr\u00e9sence. Elle ne vous jugera pas.<\/p>\n<p>Continuer simplement \u00e0 vous ouvrir. Permettez \u00e0 votre mental d\u2019exprimer ce qu\u2019il doit exprimer. Mais alors, il redeviendra paisible, car la Pr\u00e9sence n\u2019engage pas la conversation. L\u2019invuln\u00e9rable n\u2019est pas inqui\u00e9t\u00e9. Il est seulement l\u00e0 pour vous en cet instant pr\u00e9cieux, l\u2019instant pr\u00e9cieux d\u2019un engagement sacr\u00e9.<\/p>\n<p>Laissez toutes choses \u00eatre ce qu\u2019elles sont. Dieu laisse toutes choses \u00eatre ce qu\u2019elles sont.<\/p>\n<p>C\u2019est la Volont\u00e9 de Dieu que d\u2019encourager les choses au changement et au progr\u00e8s, pour qu\u2019elles se restaurent et se renouvellent. C\u2019est d\u00e9j\u00e0 en mouvement. Vous n\u2019avez pas besoin de cr\u00e9er le mouvement. Il a \u00e9t\u00e9 cr\u00e9\u00e9.<\/p>\n<p>Il est omnipr\u00e9sent. Il est l\u00e0 dans ce monde. Il est dans d\u2019autres mondes. Que vous voyagiez dans l\u2019espace, quelque part dans un vaisseau, il serait l\u00e0 aussi. Il serait \u00e0 l\u2019int\u00e9rieur de vous comme autour de vous.<\/p>\n<p>M\u00eame si \u00e9tiez loin de tout monde dans vos voyages, la Pr\u00e9sence serait accessible. M\u00eame si vous vous \u00e9loigniez de chez vous, m\u00eame si vous alliez dans un monde extraterrestre, dans un lieu tr\u00e8s \u00e9tranger, la Pr\u00e9sence serait l\u00e0.<\/p>\n<p>Vous avez re\u00e7u ces aper\u00e7us et ces instants sacr\u00e9s pour vous renouveler et vous engager \u00e0 nouveau avec votre source.<\/p>\n<p>Vous n\u2019avez pas besoin de croire. Dans ces moments-l\u00e0, vous n\u2019avez pas besoin de suivre les prescriptions de votre religion. Vous n\u2019avez pas besoin vous comporter d\u2019une certaine mani\u00e8re. Dans l\u2019instant sacr\u00e9, vous avez juste besoin d\u2019\u00eatre pr\u00e9sent, ouvert pour recevoir, ouvert \u00e0 la relation.<\/p>\n<p>Au d\u00e9but, vous serez effray\u00e9, anxieux, nerveux, et vous ne pourrez faire l\u2019exp\u00e9rience de la Pr\u00e9sence que par moments. Mais \u00e0 mesure que vous y retournerez, vous serez capable de demeurer avec la Pr\u00e9sence de plus en plus longtemps. A mesure que vous serez capable de calmer et de lib\u00e9rer votre mental de son inqui\u00e9tude et de son angoisse, vous serez capable de demeurer avec la Pr\u00e9sence.<\/p>\n<p>La Pr\u00e9sence se donnera \u00e0 vous, elle fusionnera avec vous. C\u2019est une rencontre sacr\u00e9e, qui ne doit pas \u00eatre partag\u00e9e avec les autres, qui ne doit pas \u00eatre analys\u00e9e, ni d\u00e9battue apr\u00e8s coup, mais qui doit \u00eatre lou\u00e9e sans jugement, ni \u00e9valuation.<\/p>\n<p>C\u2019est un don incomparable m\u00eame s\u2019il ne dure qu\u2019un instant.<\/p>\n<p>Lorsque le monde est paisible, ce peut \u00eatre plus simple. Quand la grande ville dort et que les autres ne sont pas r\u00e9veill\u00e9s, ce peut-\u00eatre plus simple.<\/p>\n<p>C\u2019est votre rencontre sacr\u00e9e. Demeurez avec Nous. Demeurez avec Elle. Nous sommes tous reli\u00e9s l\u00e0.<\/p>\n<p>Vous faites ici l\u2019exp\u00e9rience d\u2019une partie diff\u00e9rente de votre nature et de votre r\u00e9alit\u00e9 que vous ne pouvez d\u00e9couvrir dans le monde, si ce n\u2019est lors d\u2019actes d\u00e9sint\u00e9ress\u00e9s durant lesquels vous \u00e9prouvez la Gr\u00e2ce dans la gratitude et la reconnaissance envers autrui, lorsque vous faites l\u2019exp\u00e9rience de la Gr\u00e2ce.<\/p>\n<p>C\u2019est la Gr\u00e2ce \u2013une exp\u00e9rience, non pas une id\u00e9e, non pas un concept, non pas une croyance. C\u2019est cela. Venez demeurer avec Nous, m\u00eame si nous vivons en la Pr\u00e9sence. Vous vivez en dehors de la Pr\u00e9sence, mais la Pr\u00e9sence est l\u00e0 pour vous.<\/p>\n<p>Venez maintenant. Venez et laissez votre mental ouvert et libre. Laisser votre c\u0153ur \u00eatre nourri. Laissez votre vie se renouveler et se restaurer, de sorte que vous puissiez reprendre votre travail et vos engagements dans le monde ext\u00e9rieur.<\/p>\n<p>Demeurez ici et maintenant. Ranimez-vous \u00e0 elle. Rappelez-vous \u00e0 elle.<\/p>\n<p>Recevez cela, car vous \u00eates digne de recevoir cela, ind\u00e9pendamment de ce que vous avez fait ou n\u2019avez pas fait dans votre vie. Vous \u00eates digne de recevoir la Gr\u00e2ce.<\/p>\n<p>Ce n\u2019est pas \u00e0 vous de d\u00e9cider ce dont vous \u00eates digne ou quelle est votre valeur. Vous ne connaissez pas encore votre valeur r\u00e9elle, votre plus grand but dans le monde.<\/p>\n<p>C\u2019est votre le don qui vous est offert. C\u2019est ainsi que Dieu vous r\u00e9tablit sans vous bouleverser.<\/p>\n<p>C\u2019est ainsi que Dieu se relie \u00e0 vous sans provoquer une grande confusion.<\/p>\n<p>C\u2019est ainsi que Dieu vous nourrit.<\/p>\n<p>Vous avez besoin de cette nourriture maintenant.<\/p>\n<p>Vous savez que c\u2019est vrai.<\/p>\n<p>Venez demeurer avec la Gr\u00e2ce.<\/p>\n<p>Mavran, Mavran, Couria Sy Ontay Lok No<\/p>\n<p>Laissez l\u2019ancienne langue du monde int\u00e9rieur vous faire r\u00e9sonner et vous faire rougir.<\/p>\n<p>Laissez-la vous tinter comme si vous \u00e9tiez une cloche et qu\u2019elle sonnait en vous doucement.<\/p>\n<p>Laissez-la vous traverser comme le vent souffle \u00e0 travers le grain.<\/p>\n<p>Soyez vous-m\u00eame ouvert \u00e0 la Gr\u00e2ce. Afin que, lorsque vous retournez dans le monde ext\u00e9rieur, cette Gr\u00e2ce puisse vous traverser et aller \u00e0 ceux qui la r\u00e9clament, la cherchent et la d\u00e9sirent.<\/p>\n<p>Alors que le monde est calme, durant les heures immobiles de la nuit, venez demeurer avec la Pr\u00e9sence.<\/p>\n<p>C\u2019est votre m\u00e9ditation nocturne, votre temps de m\u00e9ditation nocturne \u2013 rien \u00e0 chercher, rien \u00e0 gagner, rien \u00e0 contr\u00f4ler, aucun probl\u00e8me \u00e0 r\u00e9soudre. Il suffit juste de demeurer avec la Pr\u00e9sence.<\/p>\n<p>Lorsque vous aurez fini, revenez \u00e0 vous, allez vous reposer, faire tout ce qui est n\u00e9cessaire. Mais ne sp\u00e9culez pas, ne portez pas de jugement et ne parlez pas de cette exp\u00e9rience sacr\u00e9e \u00e0 d\u2019autres.<\/p>\n<p>Laissez-la cro\u00eetre en vous telle la graine profonde dans le sol. Laissez-la mener sa propre vie en vous. Que votre r\u00e9v\u00e9rence et votre discr\u00e9tion la nourrissent. Ne la partagez qu\u2019avec vos alli\u00e9s les plus proches et qu\u2019\u00e0 de rares occasions.<\/p>\n<p>Le monde ne reconna\u00eetra pas cela. Certains seront aveugles et idiots. Reconnaissez cela.<\/p>\n<p>Dans le monde vous devez \u00eatre assur\u00e9. Vous devez \u00eatre averti et discret. Mais avec la Pr\u00e9sence, dans l\u2019exp\u00e9rience sacr\u00e9e, vous pouvez vous ouvrir enti\u00e8rement.<\/p>\n<p>Ce qui est sacr\u00e9 n\u2019a pas de forme. Ce n\u2019est pas un livre. Ce n\u2019est pas un lieu. Ce n\u2019est pas une idole. Ce n\u2019est pas un objet. Ce n\u2019est pas une histoire.<\/p>\n<p>Ces choses peuvent vous appeler \u00e0 une exp\u00e9rience plus grande, mais le sacr\u00e9 se trouve au-del\u00e0 de cela. Il est au-del\u00e0 de la compr\u00e9hension. Il est au-del\u00e0 des sens. Il est au-del\u00e0 de la croyance.<\/p>\n<p>Il est ce qui existe avant et apr\u00e8s votre vie dans le monde et dans tous les moments o\u00f9 vous \u00eates ici.<\/p>\n<p>Gardez l\u2019exp\u00e9rience sacr\u00e9e sacr\u00e9e. Qu\u2019elle soit une flamme dans votre c\u0153ur. Qu\u2019elle vous invite \u00e0 certains moments \u00e0 dire ou faire certaines choses.<\/p>\n<p>Soyez r\u00e9ceptif \u00e0 ses conseils et rappelez-vous, lorsque vous faites cela, l\u2019exp\u00e9rience sacr\u00e9e qui vous a initi\u00e9 \u00e0 une vie plus grande.<\/p>\n","protected":false},"excerpt":{"rendered":"<p>Approchez du Pouvoir et de la Pr\u00e9sence en vous. Ils sont si proches ; vous n\u2019avez qu\u2019\u00e0 permettre \u00e0 votre mental d\u2019\u00eatre immobile. La Pr\u00e9sence est ici. Elle est avec vous. Elle est toujours avec vous, car vous ne pouvez \u00e9chapper \u00e0 votre Source et \u00e0 la r\u00e9alit\u00e9 de la vie. Le Cr\u00e9ateur est avec\u2026 <a class=\"read-more\" href=\"https:\/\/www.v6.newmessage.org\/fr\/about-recording-shortcode\"><span>Read More<\/span><\/a><\/p>\n","protected":false},"author":42,"featured_media":0,"parent":16358,"menu_order":0,"comment_status":"closed","ping_status":"closed","template":"template-leftsidebar.php","meta":{"_monsterinsights_skip_tracking":false,"_monsterinsights_sitenote_active":false,"_monsterinsights_sitenote_note":"","_monsterinsights_sitenote_category":0,"footnotes":""},"categories":[501],"tags":[622],"_links":{"self":[{"href":"https:\/\/www.v6.newmessage.org\/fr\/wp-json\/wp\/v2\/pages\/27555"}],"collection":[{"href":"https:\/\/www.v6.newmessage.org\/fr\/wp-json\/wp\/v2\/pages"}],"about":[{"href":"https:\/\/www.v6.newmessage.org\/fr\/wp-json\/wp\/v2\/types\/page"}],"author":[{"embeddable":true,"href":"https:\/\/www.v6.newmessage.org\/fr\/wp-json\/wp\/v2\/users\/42"}],"replies":[{"embeddable":true,"href":"https:\/\/www.v6.newmessage.org\/fr\/wp-json\/wp\/v2\/comments?post=27555"}],"version-history":[{"count":5,"href":"https:\/\/www.v6.newmessage.org\/fr\/wp-json\/wp\/v2\/pages\/27555\/revisions"}],"predecessor-version":[{"id":28376,"href":"https:\/\/www.v6.newmessage.org\/fr\/wp-json\/wp\/v2\/pages\/27555\/revisions\/28376"}],"up":[{"embeddable":true,"href":"https:\/\/www.v6.newmessage.org\/fr\/wp-json\/wp\/v2\/pages\/16358"}],"wp:attachment":[{"href":"https:\/\/www.v6.newmessage.org\/fr\/wp-json\/wp\/v2\/media?parent=27555"}],"wp:term":[{"taxonomy":"category","embeddable":true,"href":"https:\/\/www.v6.newmessage.org\/fr\/wp-json\/wp\/v2\/categories?post=27555"},{"taxonomy":"post_tag","embeddable":true,"href":"https:\/\/www.v6.newmessage.org\/fr\/wp-json\/wp\/v2\/tags?post=27555"}],"curies":[{"name":"wp","href":"https:\/\/api.w.org\/{rel}","templated":true}]}}