{"id":27431,"date":"2016-03-19T23:42:53","date_gmt":"2016-03-19T23:42:53","guid":{"rendered":"http:\/\/www.newmessage.org\/french-international\/?page_id=27431"},"modified":"2016-03-27T19:36:30","modified_gmt":"2016-03-27T19:36:30","slug":"quest-ce-que-le-nouveau-message-attend-de-moi","status":"publish","type":"page","link":"https:\/\/www.v6.newmessage.org\/fr\/introduction-au-nouveau-message\/faq\/quest-ce-que-le-nouveau-message-attend-de-moi","title":{"rendered":"Qu&rsquo;est-ce que le Nouveau Message attend de moi ?"},"content":{"rendered":"<h1><\/h1>\n<p>Le Nouveau Message vous demande d&rsquo;\u00eatre honn\u00eate, sinc\u00e8re, int\u00e8gre et engag\u00e9 &#8211; c&rsquo;est ce dont chacun a besoin pour \u00e9tablir sa propre vie et c&rsquo;est ce qui a besoin d&rsquo;\u00eatre \u00e9tabli au sein des communaut\u00e9s et des villages, des villes et des nations du monde.<\/p>\n<p>Le Nouveau Message vous demande d&rsquo;honorer ce dont vous avez besoin et ce dont le monde a besoin. Il vous demande de reconna\u00eetre et de recevoir les b\u00e9n\u00e9dictions du Cr\u00e9ateur et la pr\u00e9paration que le Cr\u00e9ateur a envoy\u00e9 au monde pour le bien de l&rsquo;humanit\u00e9 toute enti\u00e8re.<\/p>\n<p>Si cela vous para\u00eet excessif, alors c&rsquo;est que vous n&rsquo;avez pas conscience de vos propres besoins. Vous n&rsquo;\u00eates pas parvenu \u00e0 comprendre les besoins de votre \u00e2me et les besoins de votre c\u0153ur. Vous \u00eates pr\u00e9occup\u00e9 par ce que vous voulez et par ce dont vous avez peur. Vous n&rsquo;avez pas encore atteint le point o\u00f9 l&rsquo;on prend conscience du besoin de d\u00e9couvrir son but sup\u00e9rieur dans la vie. Vous ne pourrez vous sentir satisfait et heureux que si vous apportez votre contribution \u00e0 ce monde et \u00e0 cette \u00e9poque. Pour que vous ressentiez \u00e0 quel point votre vie est essentielle, \u00e0 quel point elle a un sens et un but, il est n\u00e9cessaire que vous participiez \u00e0 la pr\u00e9servation de ce monde, car c&rsquo;est le monde que vous \u00eates venu servir.<\/p>\n<p>Le Nouveau Message de Dieu vous demande de prendre conscience du besoin d&rsquo;un Nouveau Message, de lire le Nouveau Message, d&rsquo;y accorder votre attention, de le mettre en application et de le vivre.<\/p>\n<p>Il vous demande d&rsquo;accueillir ses b\u00e9n\u00e9dictions, son b\u00e9n\u00e9fice, sa force et son pouvoir dans votre propre vie.<\/p>\n<p>Il vous demande de partager ce Nouveau Message avec les autres, en le maintenant dans sa forme pure, sans le modifier, sans le changer ni essayer de le faire concorder avec quoi que ce soit d&rsquo;autre.<\/p>\n<p>En essence, il vous est demand\u00e9 de recevoir le Nouveau Message de Dieu et d&rsquo;en attester. Et si vous pouvez recevoir ses b\u00e9n\u00e9dictions, il vous est demand\u00e9 de le porter et de le prot\u00e9ger tout comme il vous portera et vous prot\u00e9gera.<\/p>\n<p>Ainsi, le Nouveau Message vous demande de recevoir ce dont vous avez besoin et ce dont le monde a besoin.<\/p>\n<p>Comprenez cela.<\/p>\n<p>&nbsp;<\/p>\n","protected":false},"excerpt":{"rendered":"<p>Le Nouveau Message vous demande d&rsquo;\u00eatre honn\u00eate, sinc\u00e8re, int\u00e8gre et engag\u00e9 &#8211; c&rsquo;est ce dont chacun a besoin pour \u00e9tablir sa propre vie et c&rsquo;est ce qui a besoin d&rsquo;\u00eatre \u00e9tabli au sein des communaut\u00e9s et des villages, des villes et des nations du monde. Le Nouveau Message vous demande d&rsquo;honorer ce dont vous avez\u2026 <a class=\"read-more\" href=\"https:\/\/www.v6.newmessage.org\/fr\/introduction-au-nouveau-message\/faq\/quest-ce-que-le-nouveau-message-attend-de-moi\"><span>Read More<\/span><\/a><\/p>\n","protected":false},"author":24,"featured_media":0,"parent":12778,"menu_order":9,"comment_status":"closed","ping_status":"closed","template":"template-leftsidebar.php","meta":{"_monsterinsights_skip_tracking":false,"_monsterinsights_sitenote_active":false,"_monsterinsights_sitenote_note":"","_monsterinsights_sitenote_category":0,"footnotes":""},"categories":[61],"tags":[],"_links":{"self":[{"href":"https:\/\/www.v6.newmessage.org\/fr\/wp-json\/wp\/v2\/pages\/27431"}],"collection":[{"href":"https:\/\/www.v6.newmessage.org\/fr\/wp-json\/wp\/v2\/pages"}],"about":[{"href":"https:\/\/www.v6.newmessage.org\/fr\/wp-json\/wp\/v2\/types\/page"}],"author":[{"embeddable":true,"href":"https:\/\/www.v6.newmessage.org\/fr\/wp-json\/wp\/v2\/users\/24"}],"replies":[{"embeddable":true,"href":"https:\/\/www.v6.newmessage.org\/fr\/wp-json\/wp\/v2\/comments?post=27431"}],"version-history":[{"count":2,"href":"https:\/\/www.v6.newmessage.org\/fr\/wp-json\/wp\/v2\/pages\/27431\/revisions"}],"predecessor-version":[{"id":27656,"href":"https:\/\/www.v6.newmessage.org\/fr\/wp-json\/wp\/v2\/pages\/27431\/revisions\/27656"}],"up":[{"embeddable":true,"href":"https:\/\/www.v6.newmessage.org\/fr\/wp-json\/wp\/v2\/pages\/12778"}],"wp:attachment":[{"href":"https:\/\/www.v6.newmessage.org\/fr\/wp-json\/wp\/v2\/media?parent=27431"}],"wp:term":[{"taxonomy":"category","embeddable":true,"href":"https:\/\/www.v6.newmessage.org\/fr\/wp-json\/wp\/v2\/categories?post=27431"},{"taxonomy":"post_tag","embeddable":true,"href":"https:\/\/www.v6.newmessage.org\/fr\/wp-json\/wp\/v2\/tags?post=27431"}],"curies":[{"name":"wp","href":"https:\/\/api.w.org\/{rel}","templated":true}]}}