{"id":27271,"date":"2016-02-01T17:19:20","date_gmt":"2016-02-01T17:19:20","guid":{"rendered":"http:\/\/www.newmessage.org\/french-international\/?page_id=27271"},"modified":"2017-09-16T08:40:55","modified_gmt":"2017-09-16T08:40:55","slug":"lurgence-mondiale","status":"publish","type":"page","link":"https:\/\/www.v6.newmessage.org\/fr\/le-message\/volume-1\/le-nouveau-monde\/lurgence-mondiale","title":{"rendered":"L\u2019urgence mondiale"},"content":{"rendered":"<div><!-- Version 3.3 Verse --><\/div>\n\n<div class=\"tabgroup \"><ul class=\"tabs\"><li><a href=\"#tabs-1\">R\u00e9v\u00e9lation<\/a><\/li>\n<li><a href=\"#tabs-2\">Note<\/a><\/li><\/ul>\n <div id=\"tabs-1\"><br \/>\n\u00c9coutez la r\u00e9v\u00e9lation originale en anglais :<\/p>\n<div id=\"jquery_jplayer_1\" class=\"jp-jplayer\"><\/div>\n\t\t\t\t<div id=\"jp_container_1\" class=\"jp-audio\">\n\t\t\t\t<div class=\"jp-type-single\"><div class=\"jp-control\"><a href=\"javascript:;\" class=\"jp-play\" tabindex=\"1\">play<\/a><a href=\"javascript:;\" class=\"jp-pause\" tabindex=\"1\">pause<\/a><\/div> <div class=\"jp-gui jp-interface\"><div class=\"jp-volume\"><div class=\"jp-volume-bar\"><div class=\"jp-volume-bar-value\"><\/div><\/div><\/div><div class=\"jp-progress\"><div class=\"jp-seek-bar\"><div class=\"jp-play-bar\"><\/div><\/div><\/div><\/div>\t\t\t\t\t<div class=\"jp-no-solution\"><span>Update Required<\/span>To play the media you will need to either update your browser to a recent version or update your <a href=\"http:\/\/get.adobe.com\/flashplayer\/\" target=\"_blank\">Flash plugin<\/a>.<\/div><\/div><\/div>\n\t\t\t<script type='text\/javascript'>\n\t\t\t\tjQuery(document).ready(function() {\n\t\t\t\t\tif (typeof (sermonMedia) == 'function') {\n\t\t\t\t\t\tsermonMedia.addAudio('', \"jquery_jplayer_1\");\n\t\t\t\t\t}\n\t\t\t\t\tjQuery.jPlayer.timeFormat.showHour = true;\n\t\t\t\t\tjQuery(\"#jquery_jplayer_1\").jPlayer({\n\t\t\t\t\t\tready: function(event) {\n\t\t\t\t\t\t\tjQuery(this).jPlayer(\"setMedia\", {mp3: 'http:\/\/newmessage.org\/av\/the-global-emergency.mp3'});\n\t\t\t\t\t\t},\n\t\t\t\t\t\tplay: function() {\n\t\t\t\t\t\t\tjQuery(this).jPlayer(\"pauseOthers\");\n\t\t\t\t\t\t},\n\t\t\t\t\t\tswfPath: ThemeData.directory_uri+\"\/swf\",\n\t\t\t\t\t\tsolution: \"html, flash\",\n\t\t\t\t\t\tpreload: \"metadata\",\n\t\t\t\t\t\twmode: \"window\",\n\t\t\t\t\t\tsupplied: \"mp3\",\n\t\t\t\t\t\tcssSelectorAncestor: '#jp_container_1'\n\t\t\t\t\t});\n\t\t\t\t});\n\t\t\t<\/script><\/p>\n<p><a title=\"The Global Emergency\" href=\"http:\/\/newmessage.org\/av\/the-global-emergency.mp3\">T\u00e9l\u00e9charger<\/a> (utilisez le clic droit)<\/p>\n<p><em><br \/>\nTel que r\u00e9v\u00e9l\u00e9 au Messager de Dieu<br \/>\nMarshall Vian Summers<br \/>\nle 20 octobre 2015<br \/>\n\u00e0 Boulder, Colorado<br \/>\n<\/em><\/p>\n<div class=\"toggle toggle-white\"><h4 class=\"trigger \"><span class=\"t_ico\"><\/span><a href=\"#\">\u00c0 propos de cet enregistrement<\/a><\/h4><div class=\"toggle_container \"><br \/>\n<\/div><\/div><br \/>\n<\/div>\n<div id=\"tabs-2\"><\/p>\n<p><em>Note aux lecteurs :<br \/>\nCette traduction a \u00e9t\u00e9 fournie \u00e0 la Society par des \u00e9tudiants du Nouveau Message qui se sont port\u00e9s volontaires pour traduire le texte original en anglais. Nous rendons cette traduction publique sous cette forme perfectible pour que les gens aient une chance de d\u00e9couvrir une portion du Nouveau Message dans leur propre langue.<\/em><\/p>\n<p><\/div>\n\t\t\t\t<div align=\"right\">\n\t\t\t<div class=\"fb-like\" data-href=\"\" data-layout=\"button_count\" data-action=\"like\" data-show-faces=\"false\" data-share=\"false\"><\/div>\n\t\t\t<div class=\"fb-share-button\" data-layout=\"button_count\"> <\/div>\n\t\t\t<div class=\"fb_iframe_widget\"><a href=\"https:\/\/twitter.com\/godsnewmessage?ref_src=twsrc%5Etfw\" class=\"twitter-follow-button\" data-show-count=\"false\">Follow @godsnewmessage<\/a><script async src=\"https:\/\/platform.twitter.com\/widgets.js\" charset=\"utf-8\"><\/script><\/div>\n\t\t\t<\/div> <\/div> \n\n<p>L\u2019humanit\u00e9 est au seuil de grands changements au niveau mondial, des changements \u00e0 une \u00e9chelle jamais vue auparavant, caus\u00e9s aujourd\u2019hui par l\u2019utilisation inappropri\u00e9e et abusive du monde par l\u2019humanit\u00e9, par l\u2019ignorance humaine et l\u2019avidit\u00e9 humaine. C\u2019est un contexte qui affectera maintenant la vie de chaque personne.<\/p>\n<p>Bien que peu de gens soient encore au courant de cela, il s\u2019agit d\u2019une urgence mondiale. Vous avez chang\u00e9 la chimie de l\u2019atmosph\u00e8re, des eaux et des sols. Et maintenant, le monde est en train de changer \u2013 de changer si rapidement, si dangereusement, de changer maintenant d\u2019une mani\u00e8re qui vous affectera plus que vous ne le r\u00e9alisez.<\/p>\n<p>Le Message de Dieu pour le monde doit sonner l\u2019alarme et fournir la pr\u00e9paration pour une nouvelle r\u00e9alit\u00e9 du monde. C\u2019est une \u00e9poque et un seuil qui r\u00e9clamera que de nombreuses personnes \u00e9mergent de leur vie centr\u00e9e sur leurs pr\u00e9occupations personnelles \u2013 qu\u2019elles \u00e9mergent de leur mis\u00e8re et de leur confusion personnelles, pour servir un monde en p\u00e9ril.<\/p>\n<p>C\u2019est l\u00e0 l\u2019une des raisons pour lesquelles il y a une intervention provenant de l\u2019univers autour de vous, car ceux qui estiment que ce monde a de la valeur pour eux-m\u00eames ont conscience de ce qui est en train de se passer. Ils ont analys\u00e9 l\u2019atmosph\u00e8re du monde. Ils comprennent ce que l\u2019humanit\u00e9 a fait pour polluer son air, ses eaux et ses sols. Car cela s\u2019est produit d\u2019innombrables fois dans l\u2019univers. C\u2019est un ph\u00e9nom\u00e8ne qui y est bien compris.<\/p>\n<p>Il y a ainsi \u00e0 pr\u00e9sent une course pour obtenir le contr\u00f4le du monde, pour le pr\u00e9server pour l\u2019usage de ceux d\u2019au-del\u00e0 de ce monde. Leur pr\u00e9sence est directement reli\u00e9e \u00e0 cela, voyez-vous.<\/p>\n<p>C\u2019est une urgence mondiale \u00e0 une \u00e9chelle que vous ne r\u00e9alisez pas encore. Elle a le pouvoir de d\u00e9truire la civilisation humaine. Elle a le pouvoir de g\u00e9n\u00e9rer une intervention provenant d\u2019au-del\u00e0 de ce monde. Elle a le pouvoir de cr\u00e9er le chaos ici \u00e0 un niveau jamais vu auparavant.<\/p>\n<p>Vous allez avoir \u00e0 suivre un pouvoir plus profond en vous-m\u00eame maintenant, car il y aura de plus en plus de frictions tout autour de vous et de frictions dans le monde entier, alors que les communaut\u00e9s humaines seront stress\u00e9es jusqu\u2019\u00e0 un point de rupture ; alors que les anciennes animosit\u00e9s commencent maintenant \u00e0 d\u00e9border et \u00e0 submerger les nations et les r\u00e9gions ; alors que la concurrence pour les ressources restantes devient f\u00e9roce et dangereuse, g\u00e9n\u00e9rant des conflits et un envenimement \u00e0 une \u00e9chelle jamais vue auparavant.<\/p>\n<p>Pour certains, cela ressemblera \u00e0 la fin du monde, \u00e0 l\u2019accomplissement d\u2019une ancienne proph\u00e9tie, comme si tout cela \u00e9tait l\u2019\u0153uvre de Dieu. Mais Dieu n\u2019est pas l\u2019auteur de cette urgence mondiale. Dieu est le t\u00e9moin. Il s\u2019agit l\u00e0 du produit de l\u2019ignorance de l\u2019humanit\u00e9, de son \u00e9go\u00efsme, de son manque de perspicacit\u00e9 et de son manque de compr\u00e9hension de l\u2019avenir et des cons\u00e9quences de ses actes.<\/p>\n<p>Dieu doit \u00e0 pr\u00e9sent avertir la famille humaine du grand p\u00e9ril qu\u2019elle a g\u00e9n\u00e9r\u00e9, de la grande calamit\u00e9 qu\u2019elle a mise en mouvement. Car l\u2019humanit\u00e9 dispose encore de ce temps pour pouvoir se pr\u00e9parer et att\u00e9nuer les cons\u00e9quences de ses actions.<\/p>\n<p>Si elle ne parvient pas \u00e0 faire cela, alors la civilisation humaine sera en p\u00e9ril \u2013 partout, en toute nation. Les \u00e9conomies seront ruin\u00e9es. Des millions de personnes seront sans emploi. Des millions de personnes devront quitter leurs terres d\u2019origine, qui seront devenues st\u00e9riles et inhabitables.<\/p>\n<p>Voil\u00e0 pourquoi la Nouvelle R\u00e9v\u00e9lation de Dieu pour le monde doit sonner cette alarme, doit donner cet avertissement. Vous avez chang\u00e9 le climat du monde. Il est [d\u00e9sormais] en train de changer tout seul. Il continuera de changer. Il g\u00e9n\u00e9rera des s\u00e9cheresses, des inondations et de la pauvret\u00e9. Il ruinera les \u00e9conomies des pays qui doivent faire face aux cons\u00e9quences et aux \u00e9v\u00e9nements \u2013 ces calamit\u00e9s qui seront d\u00e9sormais de plus en plus fr\u00e9quentes et de plus en plus destructrices.<\/p>\n<p>C\u2019est une \u00e9poque o\u00f9 l\u2019humanit\u00e9 devra s\u2019unir pour prot\u00e9ger le monde et pour se sauver elle-m\u00eame. Dieu est ici en train de vous donner l\u2019Avertissement, la B\u00e9n\u00e9diction et la Pr\u00e9paration pour que vous vous sauviez, pour que vous sauviez votre nation, pour que vous sauviez vos familles et vos communaut\u00e9s, pour que vous sauviez la civilisation humaine.<\/p>\n<p>Vous ne pouvez pas vous permettre de sombrer dans le chaos, car cela \u00e9puiserait ce qu\u2019il reste des ressources de la plan\u00e8te, menant \u00e0 un \u00e9tat d\u2019appauvrissement que vous ne pouvez pas imaginer.<\/p>\n<p>L\u2019Assembl\u00e9e Ang\u00e9lique qui surveille ce monde a vu cela venir. Et cela se rapproche si rapidement \u00e0 pr\u00e9sent, s\u2019acc\u00e9l\u00e9rant et \u00e9tant acc\u00e9l\u00e9r\u00e9 encore davantage par l\u2019humanit\u00e9 qui continue \u00e0 contaminer l\u2019air, les eaux et les sols \u2013 mettant en mouvement des forces que vous ne comprenez m\u00eame pas enti\u00e8rement ; mettant en mouvement des forces de changement et de bouleversement qui iront contre l\u2019humanit\u00e9, qui vont \u00e0 pr\u00e9sent menacer l\u2019humanit\u00e9.<\/p>\n<p>Il s\u2019agit d\u2019une course pour sauver la civilisation humaine. Vous devez relever ce d\u00e9fi. Il s\u2019agit de l\u2019appel \u00e0 la coop\u00e9ration et \u00e0 l\u2019unit\u00e9 humaines pour faire face \u00e0 une r\u00e9alit\u00e9 jamais vue ici sur Terre du temps de la civilisation humaine.<\/p>\n<p>Dieu sait ce qui arrive. L\u2019Assembl\u00e9e sait ce qui arrive si l\u2019humanit\u00e9 ne se pr\u00e9pare pas. Car cela est arriv\u00e9 d\u2019innombrables fois dans l\u2019univers, o\u00f9 des mondes magnifiques et rares tels que celui-ci ont \u00e9t\u00e9 d\u00e9truits et ruin\u00e9s par l\u2019ignorance de leur population indig\u00e8ne ; exploit\u00e9s, pill\u00e9s et contamin\u00e9s \u00e0 un degr\u00e9 tel que l\u2019environnement naturel a commenc\u00e9 \u00e0 d\u00e9cliner.<\/p>\n<p>Vous ne pouvez pas vous permettre cela. Vous devez voir cela. Vous devez faire face \u00e0 cela. Vous devez avoir le courage, l\u2019honn\u00eatet\u00e9 et l\u2019humilit\u00e9 de faire face \u00e0 cela. Seul un grand danger maintenant, seule une grande \u00e9preuve, seule une grande opportunit\u00e9 pour l\u2019unit\u00e9 et la coop\u00e9ration humaines, laquelle sera n\u00e9e de la n\u00e9cessit\u00e9, pousseront Dieu \u00e0 parler \u00e0 nouveau au monde.<\/p>\n<p>Il est d\u00e9j\u00e0 tard. L\u2019humanit\u00e9 a tard\u00e9 bien trop longtemps. C\u2019est une crise pr\u00e9vue par ceux qui sont prescients et bien inform\u00e9s. Ne pensez pas qu\u2019il y ait d\u2019autres probl\u00e8mes auxquels l\u2019humanit\u00e9 soit confront\u00e9e qui puissent \u00eatre compar\u00e9s \u00e0 ce dont Nous parlons ici aujourd\u2019hui. Ne pensez pas qu\u2019il y ait un autre grand besoin ou une autre grande exigence qui surpasse ce dont Nous parlons ici aujourd\u2019hui. C\u2019est un grand avertissement. Il vous est donn\u00e9.<\/p>\n<p>Les villes c\u00f4ti\u00e8res et les ports du monde seront peut-\u00eatre inond\u00e9s dans 30 ans. Les terres se dess\u00e8cheront. Les r\u00e9coltes seront mauvaises. Il y aura des migrations humaines \u00e0 une \u00e9chelle jamais vue auparavant, avec beaucoup de troubles et de conflits qui feront leur apparition. Ce sera une situation \u00e9crasante si l\u2019humanit\u00e9 ne se pr\u00e9pare pas.<\/p>\n<p>Il s\u2019agit de la chose la plus importante dans le monde. Toutes les ressources de l\u2019humanit\u00e9, tous ses talents, toutes ses comp\u00e9tences et sa coop\u00e9ration seront n\u00e9cessaires pour faire face \u00e0 cela et assurer l\u2019avenir de l\u2019humanit\u00e9 dans un monde qui a maintenant \u00e9t\u00e9 chang\u00e9, rendu plus difficile et rendu plus dangereux. Ce sera la plus grande entreprise humaine dans l\u2019histoire de ce monde.<\/p>\n<p>Cependant l\u2019humanit\u00e9 doit s\u2019unir. Elle doit mettre fin \u00e0 ses conflits incessants et \u00e0 sa concurrence destructrice pour maintenant collaborer, ou les nations tomberont comme des dominos. Et leur crise sera si \u00e9crasante qu\u2019elle d\u00e9passera la capacit\u00e9 de l\u2019humanit\u00e9 \u00e0 y faire face \u00e0 l\u2019avenir si l\u2019humanit\u00e9 ne peut pas et ne veut pas se pr\u00e9parer. Nous avons parl\u00e9 de cela maintes fois, mais la crise est en train de grandir. Elle s\u2019intensifie.<\/p>\n<p>Dieu aime l\u2019humanit\u00e9, sans quoi Dieu d\u00e9tournerait son regard et laisserait les cons\u00e9quences tragiques de vos actions vous rattraper et se retourner contre vous. Mais Dieu aime ce monde et cherche \u00e0 en faire une nation libre qui progresse dans l\u2019univers, l\u00e0 o\u00f9 la libert\u00e9 est rare et o\u00f9 les mondes tels que celui-ci sont rares et si difficiles \u00e0 trouver.<\/p>\n<p>Des races au-del\u00e0 du monde ont \u00e9t\u00e9 confront\u00e9es \u00e0 ces situations. Il s\u2019agit l\u00e0 d\u2019un fait bien connu, et c\u2019est pourquoi l\u2019exploitation de la Terre et l\u2019intervention sont maintenant en train d\u2019\u00eatre entreprises avec une telle d\u00e9termination et sans faire usage de la force. Car ces quelques nations qui sont impliqu\u00e9es dans cette entreprise ne veulent pas d\u00e9grader davantage le monde par des conflits et compteront sur le travail et la coop\u00e9ration des humains pour r\u00e9ussir \u00e0 prendre le contr\u00f4le ici. Ils ne veulent pas d\u00e9truire l\u2019humanit\u00e9, mais utiliser l\u2019humanit\u00e9 \u00e0 leurs propres fins. Et comme la conqu\u00eate n\u2019est pas permise dans cette partie de l\u2019univers, d\u2019autres moyens doivent \u00eatre recherch\u00e9s : la tromperie et la persuasion \u2013 de bien plus grandes armes que vous n\u2019en avez conscience.<\/p>\n<p>Les gens sont absorb\u00e9s par eux-m\u00eames. Ils sont obnubil\u00e9s par eux-m\u00eames. Les riches sont pris dans une toile d\u2019avidit\u00e9, de confusion et de d\u00e9ception. Les pauvres luttent pour survivre avec de plus en plus de difficult\u00e9s. Les gouvernements sont d\u00e9termin\u00e9s \u00e0 maintenir une r\u00e9alit\u00e9 qui ne peut que d\u00e9grader davantage le monde.<\/p>\n<p>Ne pensez pas que cela sera facile. Ne pensez pas que quelques petites choses suffiront pour modifier la trajectoire que prend l\u2019humanit\u00e9 actuellement. Ne pensez pas qu\u2019il existe des solutions faciles et basiques. Un millier de solutions seront n\u00e9cessaires, et vous n\u2019en avez seulement que quelques-unes. Vous aurez \u00e0 trouver les autres, et il faudra de grands efforts et une grande collaboration de la part des humains pour rendre cela possible.<\/p>\n<p>Vous vivez dans une urgence mondiale. Ne pensez pas que cela ne vous affectera pas vous et votre vie profond\u00e9ment et compl\u00e8tement. Cela peut ruiner vos \u00e9conomies. Cela peut conduire \u00e0 la famine et \u00e0 la mort de fa\u00e7on massive. Cela peut conduire \u00e0 la guerre, la guerre perp\u00e9tuelle, \u00e0 une \u00e9chelle qui n\u2019a jamais \u00e9t\u00e9 vue ici auparavant. Cela peut cr\u00e9er des calamit\u00e9s si violentes et perp\u00e9tuelles, comme si la nature se d\u00e9battait contre l\u2019humanit\u00e9, \u00e0 pr\u00e9sent mise en p\u00e9ril par ce qu\u2019elle [l\u2019humanit\u00e9] a cr\u00e9\u00e9 \u2013 le monde qu\u2019elle a cr\u00e9\u00e9, le changement qu\u2019elle a cr\u00e9\u00e9, la destruction qu\u2019elle a cr\u00e9\u00e9e \u2013 qui ont affect\u00e9 les autres formes de vie et qui l\u2019affectent maintenant elle.<\/p>\n<p>Il s\u2019agit d\u2019un appel pour chaque nation, pour chaque religion. Dieu a fourni la pr\u00e9paration essentielle, qui doit \u00eatre mise en \u0153uvre si l\u2019humanit\u00e9 veut avoir le courage, la d\u00e9termination et la vision pour voir ce qui doit \u00eatre fait, pour prendre les mesures qui doivent \u00eatre prises et pour b\u00e2tir la coop\u00e9ration qui doit \u00eatre b\u00e2tie.<\/p>\n<p>Il ne suffit pas de seulement se concentrer sur le fait de mettre fin \u00e0 la pauvret\u00e9, ou d\u2019apporter une plus grande justice dans les nombreux endroits o\u00f9 elle est n\u00e9cessaire. Il ne suffit pas de seulement utiliser le monde de fa\u00e7on plus sage. Il ne suffit pas de seulement cesser de polluer.<\/p>\n<p>Vous allez devoir refroidir la plan\u00e8te \u2013 une t\u00e2che bien au-del\u00e0 de ce qui a jamais \u00e9t\u00e9 accompli, mais qui est encore r\u00e9alisable. Il faudra cependant pour cela une redistribution radicale des ressources, une r\u00e9orientation de la volont\u00e9 et du but des humains, une grande utilisation de la totalit\u00e9 de la science et des capacit\u00e9s de l\u2019humanit\u00e9. Vous allez devoir refroidir la plan\u00e8te.<\/p>\n<p>Elle [l\u2019urgence mondiale] changera tout ce que l\u2019humanit\u00e9 est en train de faire en ce moment. Vous devrez replanter les for\u00eats, restaurer les sols et nettoyer les rivi\u00e8res. Les gens devront vivre tr\u00e8s simplement, car toutes les richesses du monde seront consacr\u00e9es \u00e0 cela.<\/p>\n<p>Il n\u2019y a nulle part o\u00f9 se cacher pour ceux qui sont riches. Ceux qui sont privil\u00e9gi\u00e9s ne seront pas v\u00e9ritablement \u00e0 l\u2019abri, car tout ce qu\u2019ils poss\u00e8dent sera menac\u00e9 par les choses dont Nous parlons ici aujourd\u2019hui.<\/p>\n<p>C\u2019est le Grand Amour de Dieu qui vous apporte cet avertissement. Ne pensez pas que cela soit exag\u00e9r\u00e9 d\u2019une quelconque fa\u00e7on, car Nous ne vous disons m\u00eame pas tout. Et Nous ne vous disons pas tout parce que vous n\u2019avez pas encore la capacit\u00e9, le courage ou la d\u00e9termination de l\u2019entendre et d\u2019y faire face.<\/p>\n<p>Nombreux sont ceux qui ignoreront ce que Nous vous disons. Nombreux sont ceux qui ne r\u00e9pondront pas. Et ils seront emport\u00e9s lorsque les Grandes Vagues frapperont \u2013 sans avoir \u00e9t\u00e9 au courant, sans avoir \u00e9t\u00e9 pr\u00e9par\u00e9s \u2013 car ils ne les auront pas vues venir, ils n\u2019auront pas voulu tenir compte de l\u2019avertissement, et ils n\u2019auront pas reconnu les signes.<\/p>\n<p>Changez votre vie. Simplifiez votre vie. Utilisez aussi peu des ressources du monde que vous le pouvez. Collaborez. Pardonnez. Sachez ce qui se passe dans votre monde. Voyez la grande crise qui arrive \u00e0 l\u2019horizon. Regardez de fa\u00e7on objective et honn\u00eate avec autant de courage que vous pouvez en rassembler.<\/p>\n<p>Dieu vous a donn\u00e9 la grande force et la grande d\u00e9termination pour \u00eatre \u00e0 la hauteur de la situation \u2013 la plus grande opportunit\u00e9 de toute l\u2019histoire humaine, une occasion qui d\u00e9terminera l\u2019avenir de chaque personne, de vos enfants et des g\u00e9n\u00e9rations futures. Dieu vous a donn\u00e9 le pouvoir et la d\u00e9termination au niveau de la Connaissance, la Connaissance qui vit en vous au-del\u00e0 de la surface de votre mental, au-del\u00e0 de votre intellect et de toutes ses pr\u00e9occupations et ses plaintes.<\/p>\n<p>C\u2019est \u00e0 ce niveau que les gens doivent \u00eatre \u00e9veill\u00e9s, sans quoi ils n\u2019auront pas le courage ni la d\u00e9termination \u2013 le courage, l\u2019honn\u00eatet\u00e9 ou la compassion pour faire face \u00e0 quelque chose de cette ampleur. Et c\u2019est pourquoi Dieu vous donne la cl\u00e9, l\u2019ingr\u00e9dient secret, la seule chose qui fera toute la diff\u00e9rence \u2013 toute la diff\u00e9rence dans votre vie en tant qu\u2019individu et toute la diff\u00e9rence dans la vie de l\u2019humanit\u00e9 dans son ensemble. Car Dieu a plac\u00e9 une profonde Connaissance en vous. Et elle n\u2019est pas corrompue ni contamin\u00e9e par le monde et toutes ses illusions et ses trag\u00e9dies, sa mis\u00e8re et sa d\u00e9gradation.<\/p>\n<p>Dieu vous a donn\u00e9 la force dont vous aurez besoin, et elle est apport\u00e9e par la Nouvelle R\u00e9v\u00e9lation de Dieu pour le monde, peut-\u00eatre la r\u00e9v\u00e9lation la plus importante jamais donn\u00e9e \u2013 donn\u00e9e aujourd\u2019hui pour sauver l\u2019humanit\u00e9 d\u2019elle-m\u00eame ; donn\u00e9e aujourd\u2019hui pour sauver la civilisation humaine ; donn\u00e9e aujourd\u2019hui pour racheter tous ceux qui peuvent y r\u00e9pondre ; donn\u00e9e aujourd\u2019hui avec une grande urgence, un grand avertissement, mais aussi avec la grande B\u00e9n\u00e9diction du Cr\u00e9ateur.<\/p>\n<p>Car Dieu ne veut pas vous voir \u00e9chouer au moment crucial. Ne vous retirez pas dans votre petite vie craintive. Ne retournez pas dans l\u2019ombre. Ne vous pr\u00e9occupez pas de petites choses, ou d\u2019aventures romantiques idiotes qui n\u2019ont aucun avenir dans un monde en changement.<\/p>\n<p>Ceci est un appel \u00e0 \u00eatre \u00e0 la hauteur du plus grand \u00e9v\u00e9nement de l\u2019histoire. C\u2019est un appel d\u2019une n\u00e9cessit\u00e9 si grande et si profonde [que] si vous pouviez la reconna\u00eetre, m\u00eame partiellement, celle-ci modifierait compl\u00e8tement vos priorit\u00e9s, vos actions et vos intentions.<\/p>\n<p>Les Grandes Vagues de changement vont r\u00e9v\u00e9ler la corruption humaine, l\u2019illusion humaine, l\u2019ignorance et la b\u00eatise humaines. Mais elles ont aussi le pouvoir de g\u00e9n\u00e9rer une force si puissante qu\u2019elles pourront activer la plus grande force de l\u2019humanit\u00e9, son plus grand but et son plus grand don du Cr\u00e9ateur, et les mettre au service du monde.<\/p>\n<p>Mais pour voir la solution, vous devez voir le d\u00e9fi. Vous devez voir l\u2019urgence mondiale. Et vous devez y prendre part, car vous en faites partie. Vous devez trouver votre place et votre r\u00f4le. Vous devez \u00eatre pr\u00e9par\u00e9 par la R\u00e9v\u00e9lation. Vous devez d\u00e9velopper les yeux pour voir et les oreilles pour entendre. Si vous pouvez faire cela, votre r\u00f4le individuel commencera \u00e0 \u00e9merger lentement \u00e0 mesure que vous mettrez votre vie en ordre et que vous d\u00e9velopperez la vision n\u00e9cessaire pour voir ce qui se passe dans votre monde et dans votre vie.<\/p>\n<p>Ne cherchez pas l\u2019illumination. Ne cherchez pas \u00e0 vous enfuir, car il n\u2019y a pas d\u2019\u00e9chappatoire. Il y a seulement la contribution et la collaboration, ou il y a l\u2019\u00e9chec et la catastrophe.<\/p>\n<p>Que cela soit votre compr\u00e9hension.<\/p>\n","protected":false},"excerpt":{"rendered":"<p>L\u2019humanit\u00e9 est au seuil de grands changements au niveau mondial, des changements \u00e0 une \u00e9chelle jamais vue auparavant, caus\u00e9s aujourd\u2019hui par l\u2019utilisation inappropri\u00e9e et abusive du monde par l\u2019humanit\u00e9, par l\u2019ignorance humaine et l\u2019avidit\u00e9 humaine. C\u2019est un contexte qui affectera maintenant la vie de chaque personne. Bien que peu de gens soient encore au courant\u2026 <a class=\"read-more\" href=\"https:\/\/www.v6.newmessage.org\/fr\/le-message\/volume-1\/le-nouveau-monde\/lurgence-mondiale\"><span>Read More<\/span><\/a><\/p>\n","protected":false},"author":42,"featured_media":0,"parent":16482,"menu_order":6,"comment_status":"closed","ping_status":"closed","template":"template-leftsidebar.php","meta":{"_monsterinsights_skip_tracking":false,"_monsterinsights_sitenote_active":false,"_monsterinsights_sitenote_note":"","_monsterinsights_sitenote_category":0,"footnotes":""},"categories":[76,118,463,460],"tags":[663],"_links":{"self":[{"href":"https:\/\/www.v6.newmessage.org\/fr\/wp-json\/wp\/v2\/pages\/27271"}],"collection":[{"href":"https:\/\/www.v6.newmessage.org\/fr\/wp-json\/wp\/v2\/pages"}],"about":[{"href":"https:\/\/www.v6.newmessage.org\/fr\/wp-json\/wp\/v2\/types\/page"}],"author":[{"embeddable":true,"href":"https:\/\/www.v6.newmessage.org\/fr\/wp-json\/wp\/v2\/users\/42"}],"replies":[{"embeddable":true,"href":"https:\/\/www.v6.newmessage.org\/fr\/wp-json\/wp\/v2\/comments?post=27271"}],"version-history":[{"count":10,"href":"https:\/\/www.v6.newmessage.org\/fr\/wp-json\/wp\/v2\/pages\/27271\/revisions"}],"predecessor-version":[{"id":28730,"href":"https:\/\/www.v6.newmessage.org\/fr\/wp-json\/wp\/v2\/pages\/27271\/revisions\/28730"}],"up":[{"embeddable":true,"href":"https:\/\/www.v6.newmessage.org\/fr\/wp-json\/wp\/v2\/pages\/16482"}],"wp:attachment":[{"href":"https:\/\/www.v6.newmessage.org\/fr\/wp-json\/wp\/v2\/media?parent=27271"}],"wp:term":[{"taxonomy":"category","embeddable":true,"href":"https:\/\/www.v6.newmessage.org\/fr\/wp-json\/wp\/v2\/categories?post=27271"},{"taxonomy":"post_tag","embeddable":true,"href":"https:\/\/www.v6.newmessage.org\/fr\/wp-json\/wp\/v2\/tags?post=27271"}],"curies":[{"name":"wp","href":"https:\/\/api.w.org\/{rel}","templated":true}]}}