{"id":26903,"date":"2015-12-27T16:56:34","date_gmt":"2015-12-27T16:56:34","guid":{"rendered":"http:\/\/www.newmessage.org\/french-international\/?page_id=26903"},"modified":"2017-09-11T15:49:48","modified_gmt":"2017-09-11T15:49:48","slug":"introduction-3","status":"publish","type":"page","link":"https:\/\/www.v6.newmessage.org\/fr\/le-message\/volume-1\/dieu-a-parle-a-nouveau\/introduction-3","title":{"rendered":"Introduction \u00e0 Dieu a parl\u00e9 \u00e0 Nouveau"},"content":{"rendered":"<div><!-- 4.1 Verse --><\/div>\n\n<div class=\"tabgroup \"><ul class=\"tabs\"><li><a href=\"#tabs-1\">Livre<\/a><\/li><\/ul>\n <div id=\"tabs-1\"><\/p>\n<div class=\"panel-10 text-align-center\"><img loading=\"lazy\" decoding=\"async\" class=\"imgborder aligncenter wp-image-26876 size-medium\" src=\"https:\/\/www.newmessage.org\/fr\/wp-content\/uploads\/sites\/38\/2014\/01\/GHS-French-200x300.jpg\" alt=\"GHS-French\" width=\"200\" height=\"300\" srcset=\"https:\/\/www.v6.newmessage.org\/fr\/wp-content\/uploads\/sites\/38\/2014\/01\/GHS-French-200x300.jpg 200w, https:\/\/www.v6.newmessage.org\/fr\/wp-content\/uploads\/sites\/38\/2014\/01\/GHS-French-400x600.jpg 400w, https:\/\/www.v6.newmessage.org\/fr\/wp-content\/uploads\/sites\/38\/2014\/01\/GHS-French.jpg 600w\" sizes=\"(max-width: 200px) 100vw, 200px\" \/><\/div>\n<p><\/div>\n\t\t\t\t<div align=\"right\">\n\t\t\t<div class=\"fb-like\" data-href=\"\" data-layout=\"button_count\" data-action=\"like\" data-show-faces=\"false\" data-share=\"false\"><\/div>\n\t\t\t<div class=\"fb-share-button\" data-layout=\"button_count\"> <\/div>\n\t\t\t<div class=\"fb_iframe_widget\"><a href=\"https:\/\/twitter.com\/godsnewmessage?ref_src=twsrc%5Etfw\" class=\"twitter-follow-button\" data-show-count=\"false\">Follow @godsnewmessage<\/a><script async src=\"https:\/\/platform.twitter.com\/widgets.js\" charset=\"utf-8\"><\/script><\/div>\n\t\t\t<\/div> <\/div> \n\n<p>Ce livre contient les premiers mots d\u2019un Nouveau Message de Dieu. Dans les pages qui suivent, Dieu s\u2019adresse \u00e0 nouveau \u00e0 l\u2019humanit\u00e9, apportant un avertissement, une b\u00e9n\u00e9diction et une pr\u00e9paration pour le grand changement qui arrive sur le monde.<\/p>\n<p>Dieu a parl\u00e9 \u00e0 nouveau \u00e0 une \u00e9poque de grand besoin et de grande difficult\u00e9 dans le monde entier. C\u2019est la r\u00e9ponse Divine aux crises grandissantes issues de la guerre, \u00e0 un changement climatique inexorable, aux conflits religieux, et \u00e0 l\u2019escalade de la souffrance et de la privation partout dans le monde.<\/p>\n<p>Le Nouveau Message de Dieu est une communication vivante que Dieu adresse au c\u0153ur de tout homme, de toute femme et de tout enfant sur Terre. La Parole et le Son sont \u00e0 nouveau dans le monde. Nous vivons \u00e0 une \u00e9poque de R\u00e9v\u00e9lation.<\/p>\n<p>Le Nouveau Message de Dieu n\u2019est pas arriv\u00e9 dans le monde par les autorit\u00e9s et les institutions religieuses actuelles. Il n\u2019est pas venu aux dirigeants des religions ou \u00e0 ceux qui amassent la gloire et la reconnaissance des autres.<\/p>\n<p>Au lieu de cela, le Nouveau Message de Dieu est arriv\u00e9 dans le monde comme il l\u2019a toujours fait. Il est venu sans faire de bruit, sans qu&rsquo;on l&rsquo;attende ni qu&rsquo;on l&rsquo;annonce. Il a \u00e9t\u00e9 donn\u00e9 \u00e0 un homme humble choisi et envoy\u00e9 dans le monde pour cette seule t\u00e2che, pour \u00eatre un Messager pour l\u2019humanit\u00e9 \u00e0 ce grand tournant.<\/p>\n<p>Bien qu\u2019il ait l\u2019apparence d&rsquo;un simple livre, <em>Dieu a parl\u00e9 \u00e0 nouveau<\/em> est quelque chose de bien plus grand. Il s\u2019agit du commencement d\u2019une communication vivante de Dieu \u00e0 vous. Dans les pages de ce livre, la Pr\u00e9sence de Dieu vous appelle, ainsi que chaque personne. Elle vous appelle \u00e0 vous r\u00e9veiller du r\u00eave et du cauchemar qu\u2019est la vie dans la S\u00e9paration, lorsqu\u2019on est coup\u00e9 de sa Source. Elle vous appelle \u00e0 travers les Anciens Couloirs de votre esprit \u00e0 venir vers la pr\u00e9sence et le pouvoir spirituels qui vivent en vous et qui attendent d\u2019\u00eatre d\u00e9couverts.<\/p>\n<p>C\u2019est cette pr\u00e9sence spirituelle \u00e0 l&rsquo;int\u00e9rieur de vous qui confirmera la v\u00e9rit\u00e9 et l&rsquo;authenticit\u00e9 du Nouveau Message de Dieu. Ici, le mental pourra douter et lutter avec le don et le d\u00e9fi de la Nouvelle R\u00e9v\u00e9lation, mais votre c\u0153ur saura. A ce niveau plus profond, vous n\u2019aurez pas besoin d&rsquo;\u00eatre convaincu \u2013 la v\u00e9rit\u00e9 vous sera \u00e9vidente.<\/p>\n<p>Dieu a-t-il parl\u00e9 \u00e0 nouveau\u00a0? Est-ce l\u00e0 le Message que vous avez cherch\u00e9\u00a0? Lisez les paroles de R\u00e9v\u00e9lation dans ce livre et, \u00e0 un niveau plus profond, vous saurez que le Message est r\u00e9el, honn\u00eate et pur, m\u00eame s&rsquo;il est diff\u00e9rent de ce que vous croyez en ce moment. C\u2019est ce savoir et cette confirmation int\u00e9rieurs qui peuvent vous rem\u00e9morer la profondeur et le pouvoir de votre connexion \u00e0 Dieu.<\/p>\n<p>Ce que vous tenez dans vos mains est un livre de R\u00e9v\u00e9lation. Les mots de ce texte sont une communication directe de Dieu, traduite en un langage humain par la Pr\u00e9sence Ang\u00e9lique qui veille sur le monde, et ensuite parl\u00e9e par leur Messager Marshall Vian Summers.<\/p>\n<p>Le Nouveau Message de Dieu est la plus vaste R\u00e9v\u00e9lation jamais donn\u00e9e \u00e0 l\u2019humanit\u00e9, une R\u00e9v\u00e9lation donn\u00e9e \u00e0 pr\u00e9sent \u00e0 un monde sachant lire et \u00e9crire, un monde de communication mondiale et dont la conscience mondiale se d\u00e9veloppe. Ce n\u2019est pas un message donn\u00e9 pour une seule tribu, une seule nation ou une seule religion. Il doit au contraire parvenir au monde entier, un monde tr\u00e8s diff\u00e9rent de l\u2019ancien monde des Messagers pr\u00e9c\u00e9dents. Jamais auparavant n\u2019y a-t-il eu une R\u00e9v\u00e9lation Divine de cette profondeur et de cette ampleur, donn\u00e9e par Dieu \u00e0 tous les peuples du monde, durant le temps de la vie du Messager.<\/p>\n<p>Au centre du Nouveau Message de Dieu se trouve la Voix de la R\u00e9v\u00e9lation originelle, qui a prononc\u00e9 chaque mot de chaque livre du Nouveau Message. Jamais auparavant la Voix de la R\u00e9v\u00e9lation, la Voix qui a parl\u00e9 aux Messagers et aux Proph\u00e8tes du pass\u00e9, n\u2019avait-elle \u00e9t\u00e9 enregistr\u00e9e dans sa puret\u00e9 originelle et rendue disponible pour que chaque personne puisse l\u2019entendre et en faire l\u2019exp\u00e9rience par elle-m\u00eame. De cette mani\u00e8re, la Parole et le Son sont \u00e0 nouveau dans le monde.<\/p>\n<p>Dans ce processus remarquable de R\u00e9v\u00e9lation parl\u00e9e, la Pr\u00e9sence de Dieu communique au-del\u00e0 des mots \u00e0 l&rsquo;Assembl\u00e9e Ang\u00e9lique qui veille sur le monde. L\u2019Assembl\u00e9e traduit alors cette communication en langage humain et parle d&rsquo;une seule voix par l&rsquo;interm\u00e9diaire de son Messager, dont la voix devient le v\u00e9hicule de cette plus grande Voix \u2013 la Voix de la R\u00e9v\u00e9lation.<\/p>\n<p>Les paroles de cette Voix ont \u00e9t\u00e9 enregistr\u00e9es sous forme audio, puis transcrites, et sont maintenant rendues disponibles dans les textes et les enregistrements audio du Nouveau Message. De cette mani\u00e8re, la puret\u00e9 du Message originel de Dieu est pr\u00e9serv\u00e9e et donn\u00e9e \u00e0 tous dans le monde.<\/p>\n<p>Le Messager a emprunt\u00e9 un chemin long et difficile pour apporter le Nouveau Message de Dieu dans le monde. Le processus de R\u00e9v\u00e9lation a commenc\u00e9 en 1982 et continue \u00e0 ce jour.<\/p>\n<p>Actuellement, le Messager est engag\u00e9 dans la compilation de plus de trois d\u00e9cennies de R\u00e9v\u00e9lation parl\u00e9e sous la forme d\u2019un texte final et complet. Le Nouveau Message sera ultimement contenu en six volumes et peut-\u00eatre davantage. Chaque volume contiendra deux livres ou plus, et chaque livre sera organis\u00e9 en chapitres et en versets. Ainsi, le Nouveau Message de Dieu sera structur\u00e9 de la fa\u00e7on suivante\u00a0: Volume &gt; Livre &gt; Chapitre &gt; Verset.<\/p>\n<p><em>Dieu a parl\u00e9 \u00e0 nouveau <\/em><em>est le Livre 1 contenu dans le Volume 1 du Nouveau Message de Dieu.<\/em> Ce texte contient ainsi les premiers mots du Nouveau Message de Dieu et constitue le premier livre dans la biblioth\u00e8que grandissante de la Nouvelle R\u00e9v\u00e9lation.<\/p>\n<p><em>Dieu a parl\u00e9 \u00e0 nouveau <\/em><em>contient 14 r\u00e9v\u00e9lations individuelles, compil\u00e9es en ce livre par le Messager.<\/em> De fait, le lecteur doit comprendre que ce livre n\u2019est pas une s\u00e9rie de chapitres re\u00e7us dans cet ordre, mais une compilation de r\u00e9v\u00e9lations parl\u00e9es individuelles re\u00e7ues \u00e0 diff\u00e9rents moments et \u00e0 diff\u00e9rents endroits.<\/p>\n<p>Afin d&rsquo;apporter cette communication parl\u00e9e sous une forme \u00e9crite, de l\u00e9gers ajustements textuels et grammaticaux ont \u00e9t\u00e9 effectu\u00e9s par le Messager. Ceci lui a \u00e9t\u00e9 demand\u00e9 par l&rsquo;Assembl\u00e9e Ang\u00e9lique pour faciliter la compr\u00e9hension du lecteur et pour communiquer le Message en accord avec les normes grammaticales de la langue anglaise \u00e9crite.<\/p>\n<p>Dans certains cas, le Messager a ins\u00e9r\u00e9 un mot qui n\u2019a pas \u00e9t\u00e9 parl\u00e9 \u00e0 l\u2019origine dans la R\u00e9v\u00e9lation. Ce mot se trouvera alors ins\u00e9r\u00e9 [entre crochets.] Consid\u00e9rez ces insertions entre crochets comme des clarifications directes du Messager, plac\u00e9es dans le texte par lui seul de fa\u00e7on \u00e0 s\u2019assurer que les ambigu\u00eft\u00e9s dans la communication parl\u00e9e ne soient pas \u00e0 l&rsquo;origine de confusions ou d&rsquo;interpr\u00e9tations incorrectes du texte.<\/p>\n<p>Dans certains cas, le Messager a enlev\u00e9 un mot pour rendre le texte plus lisible. Ceci a g\u00e9n\u00e9ralement \u00e9t\u00e9 fait dans le cas de certaines conjonctions (telles que les mots <em>et, mais<\/em>) qui rendaient le texte maladroit ou grammaticalement incorrect.<\/p>\n<p>Le Messager seul a effectu\u00e9 ces l\u00e9gers changements et seulement dans le but de transmettre la communication parl\u00e9e originelle avec la plus grande clart\u00e9 possible. Le sens et l\u2019intention originels de la communication n\u2019ont en rien \u00e9t\u00e9 alt\u00e9r\u00e9s.<\/p>\n<p>Le texte de ce livre a \u00e9t\u00e9 structur\u00e9 par le Messager en versets. Chaque verset signale \u00e0 peu pr\u00e8s le d\u00e9but ou la fin d\u2019un sujet distinct ou d\u2019un point du message communiqu\u00e9 par la Source.<\/p>\n<p>La structure en versets du texte permet au lecteur d&rsquo;acc\u00e9der \u00e0 la richesse du contenu et \u00e0 ces messages subtils qui pourraient autrement \u00eatre manqu\u00e9s dans des paragraphes plus longs communiquant des sujets multiples. De cette fa\u00e7on, \u00e0 chaque sujet et \u00e0 chaque id\u00e9e communiqu\u00e9e par la Source est donn\u00e9e sa place, lui permettant de parler de la page directement au lecteur. Le Messager a d\u00e9termin\u00e9 que cette structuration du texte en versets \u00e9tait la fa\u00e7on la plus efficace et la plus fid\u00e8le de restituer les r\u00e9v\u00e9lations parl\u00e9es originelles du Nouveau Message.<\/p>\n<p>Le rendu de ce texte est en accord avec la volont\u00e9 et l\u2019intention d\u2019origine du Messager. Nous avons ici le privil\u00e8ge d&rsquo;\u00eatre les t\u00e9moins du processus de compilation entrepris par le Messager, en son temps et de sa main. Cela contraste avec le fait que les grandes traditions pr\u00e9c\u00e9dentes n\u2019ont pas \u00e9t\u00e9 mises sous forme \u00e9crite par leurs Messagers, laissant la R\u00e9v\u00e9lation d&rsquo;origine vuln\u00e9rable aux modifications et \u00e0 la corruption au fil du temps.<\/p>\n<p>Ici, le Messager scelle dans leur puret\u00e9 les textes du Nouveau Message de Dieu et les offre, \u00e0 vous, au monde et aux g\u00e9n\u00e9rations futures. Que ce livre soit ouvert aujourd\u2019hui ou dans 500 ans, la communication originelle de Dieu \u00e9manera de ces pages avec la m\u00eame intimit\u00e9, la m\u00eame puret\u00e9 et le m\u00eame pouvoir que le jour o\u00f9 elle fut re\u00e7ue.<\/p>\n<p><em>Dieu a parl\u00e9 \u00e0 nouveau<\/em><em> est le commencement d\u2019une communication vivante de Dieu \u00e0 l\u2019humanit\u00e9.<\/em> Les chapitres de ce livre sont comme des respirations dans cette communication. Dieu en appelle ici \u00e0 l\u2019humanit\u00e9\u00a0; appelant dans le monde chaque nation, chaque culture et chaque communaut\u00e9 religieuse\u00a0; appelant dans les couloirs des gouvernements et des religions\u00a0; appelant dans les endroits les plus sombres o\u00f9 la souffrance int\u00e9rieure et la privation physique sont les plus intenses\u00a0; appelant le pouvoir spirituel de l\u2019humanit\u00e9 \u00e0 \u00e9merger et l\u2019humanit\u00e9 \u00e0 s\u2019unir et \u00e0 coop\u00e9rer suffisamment pour se pr\u00e9parer aux grands d\u00e9fis auxquels elle est maintenant confront\u00e9e.<\/p>\n<p>Par miracle, vous avez trouv\u00e9 le Nouveau Message de Dieu, ou alors c\u2019est lui-m\u00eame qui vous a trouv\u00e9. Ce n\u2019est pas l\u00e0 le fruit de la co\u00efncidence. Dieu lance maintenant son appel dans le monde et cet appel vous a trouv\u00e9.<\/p>\n<p>Ici s\u2019ouvre le chapitre suivant du myst\u00e8re de votre vie et de votre pr\u00e9sence dans le monde \u00e0 cette \u00e9poque. La porte s\u2019ouvre devant vous. Vous n\u2019avez qu\u2019\u00e0 entrer pour commencer.<\/p>\n<p>A mesure que vous entrerez plus en profondeur dans la R\u00e9v\u00e9lation, son impact sur votre vie grandira, amenant une plus grande exp\u00e9rience de clart\u00e9, de certitude int\u00e9rieure et de vraie direction \u00e0 votre vie. Avec le temps, vos questions recevront leurs r\u00e9ponses, \u00e0 mesure que vous douterez moins de vous-m\u00eame et que vous vous lib\u00e9rerez des conflits int\u00e9rieurs et des freins du pass\u00e9. Le Pouvoir du Ciel s\u2019adresse \u00e0 vous directement, pour vous r\u00e9v\u00e9ler la grande vie que vous avez toujours \u00e9t\u00e9 destin\u00e9 \u00e0 vivre.<\/p>\n<p><em>New Knowledge Library<\/em><\/p>\n","protected":false},"excerpt":{"rendered":"<p>Ce livre contient les premiers mots d\u2019un Nouveau Message de Dieu. Dans les pages qui suivent, Dieu s\u2019adresse \u00e0 nouveau \u00e0 l\u2019humanit\u00e9, apportant un avertissement, une b\u00e9n\u00e9diction et une pr\u00e9paration pour le grand changement qui arrive sur le monde. Dieu a parl\u00e9 \u00e0 nouveau \u00e0 une \u00e9poque de grand besoin et de grande difficult\u00e9 dans\u2026 <a class=\"read-more\" href=\"https:\/\/www.v6.newmessage.org\/fr\/le-message\/volume-1\/dieu-a-parle-a-nouveau\/introduction-3\"><span>Read More<\/span><\/a><\/p>\n","protected":false},"author":22,"featured_media":0,"parent":16290,"menu_order":2,"comment_status":"closed","ping_status":"closed","template":"template-leftsidebar.php","meta":{"_monsterinsights_skip_tracking":false,"_monsterinsights_sitenote_active":false,"_monsterinsights_sitenote_note":"","_monsterinsights_sitenote_category":0,"footnotes":""},"categories":[76,30,461,460],"tags":[653],"_links":{"self":[{"href":"https:\/\/www.v6.newmessage.org\/fr\/wp-json\/wp\/v2\/pages\/26903"}],"collection":[{"href":"https:\/\/www.v6.newmessage.org\/fr\/wp-json\/wp\/v2\/pages"}],"about":[{"href":"https:\/\/www.v6.newmessage.org\/fr\/wp-json\/wp\/v2\/types\/page"}],"author":[{"embeddable":true,"href":"https:\/\/www.v6.newmessage.org\/fr\/wp-json\/wp\/v2\/users\/22"}],"replies":[{"embeddable":true,"href":"https:\/\/www.v6.newmessage.org\/fr\/wp-json\/wp\/v2\/comments?post=26903"}],"version-history":[{"count":8,"href":"https:\/\/www.v6.newmessage.org\/fr\/wp-json\/wp\/v2\/pages\/26903\/revisions"}],"predecessor-version":[{"id":27960,"href":"https:\/\/www.v6.newmessage.org\/fr\/wp-json\/wp\/v2\/pages\/26903\/revisions\/27960"}],"up":[{"embeddable":true,"href":"https:\/\/www.v6.newmessage.org\/fr\/wp-json\/wp\/v2\/pages\/16290"}],"wp:attachment":[{"href":"https:\/\/www.v6.newmessage.org\/fr\/wp-json\/wp\/v2\/media?parent=26903"}],"wp:term":[{"taxonomy":"category","embeddable":true,"href":"https:\/\/www.v6.newmessage.org\/fr\/wp-json\/wp\/v2\/categories?post=26903"},{"taxonomy":"post_tag","embeddable":true,"href":"https:\/\/www.v6.newmessage.org\/fr\/wp-json\/wp\/v2\/tags?post=26903"}],"curies":[{"name":"wp","href":"https:\/\/api.w.org\/{rel}","templated":true}]}}