{"id":230,"date":"2011-01-01T13:48:43","date_gmt":"2011-01-01T13:48:43","guid":{"rendered":"http:\/\/wp.www.newmessage.org\/?p=230"},"modified":"2017-09-20T16:56:05","modified_gmt":"2017-09-20T16:56:05","slug":"1-quest-ce-que-dieu","status":"publish","type":"page","link":"https:\/\/www.v6.newmessage.org\/fr\/le-message\/volume-2\/la-spiritualite-de-la-grande-communaute\/1-quest-ce-que-dieu","title":{"rendered":"Qu&rsquo;est-ce que Dieu ?"},"content":{"rendered":"<div><!--4.0--><\/div>\n\n<div class=\"tabgroup \"><ul class=\"tabs\"><li><a href=\"#tabs-1\">R\u00e9v\u00e9lation<\/a><\/li>\n<li><a href=\"#tabs-2\">Note<\/a><\/li><\/ul>\n <div id=\"tabs-1\"><br \/>\n<em>Tel que r\u00e9v\u00e9l\u00e9 \u00e0<\/em><br \/>\n<em> Marshall Vian Summers<\/em><br \/>\n<em> le 17 ao\u00fbt 1993<\/em><br \/>\n<em> aux USA<\/em><\/p>\n<div class=\"toggle toggle-white\"><h4 class=\"trigger \"><span class=\"t_ico\"><\/span><a href=\"#\">\u00c0 propos de ce texte<\/a><\/h4><div class=\"toggle_container \"><br \/>\n<p>Ce que vous lisez dans ce texte est la transcription de la voix originale de <a href=\"http:\/\/www.nouveaumessagededieu.org\/le-message\/important-terms#aa\" target=\"_blank\">l\u2019Assembl\u00e9e Ang\u00e9lique<\/a> parlant \u00e0 travers le <a href=\"http:\/\/www.nouveaumessagededieu.org\/messager-de-dieu\" target=\"_blank\">Messager Marshall Vian Summers<\/a>.<\/p>\n<p>Ici, la communication originale de Dieu, qui existe au-del\u00e0 des mots, est traduite en un langage et un entendement humains par <a href=\"http:\/\/www.nouveaumessagededieu.org\/le-message\/important-terms#aa\" target=\"_blank\">l\u2019Assembl\u00e9e Ang\u00e9lique<\/a> qui veille sur le monde. L\u2019Assembl\u00e9e apporte alors le Message de Dieu \u00e0 travers le Messager.<\/p>\n<p>Dans ce processus remarquable, la <a href=\"http:\/\/www.nouveaumessagededieu.org\/le-message\/important-terms#vr\" target=\"_blank\">Voix de la R\u00e9v\u00e9lation<\/a> parle \u00e0 nouveau. La Parole et le Son sont dans le monde. Pour la premi\u00e8re fois dans l\u2019histoire, l\u2019enregistrement de la r\u00e9v\u00e9lation parl\u00e9e originale est accessible pour que vous en fassiez l\u2019exp\u00e9rience.<\/p>\n<p>Puissiez-vous recevoir ce don de R\u00e9v\u00e9lation et puissiez-vous vous ouvrir \u00e0 son Message unique pour vous et pour votre vie.<\/p>\n<br \/>\n<\/div><\/div>\n<p><\/div>\n<div id=\"tabs-2\"><\/p>\n<p><em>Note aux lecteurs :<br \/>\nCette traduction a \u00e9t\u00e9 fournie \u00e0 la Society par des \u00e9tudiants du Nouveau Message qui se sont port\u00e9s volontaires pour traduire le texte original en anglais. Nous rendons cette traduction publique sous cette forme perfectible pour que les gens aient une chance de d\u00e9couvrir une portion du Nouveau Message dans leur propre langue.<\/em><\/p>\n<p><\/div>\n\t\t\t\t<div align=\"right\">\n\t\t\t<div class=\"fb-like\" data-href=\"\" data-layout=\"button_count\" data-action=\"like\" data-show-faces=\"false\" data-share=\"false\"><\/div>\n\t\t\t<div class=\"fb-share-button\" data-layout=\"button_count\"> <\/div>\n\t\t\t<div class=\"fb_iframe_widget\"><a href=\"https:\/\/twitter.com\/godsnewmessage?ref_src=twsrc%5Etfw\" class=\"twitter-follow-button\" data-show-count=\"false\">Follow @godsnewmessage<\/a><script async src=\"https:\/\/platform.twitter.com\/widgets.js\" charset=\"utf-8\"><\/script><\/div>\n\t\t\t<\/div> <\/div> \n\n<p>Dans la Grande Communaut\u00e9, Dieu est Connaissance. Dans la Grande Communaut\u00e9, Dieu est exp\u00e9rience. Dans la Grande Communaut\u00e9, Dieu est la communication d\u2019une perception et d\u2019une reconnaissance profondes qui passent des uns aux autres, impr\u00e9gnant toute vie manifest\u00e9e. Et c\u2019est dans le domaine de votre exp\u00e9rience que cela se traduit.<\/p>\n<p>Il semble que Dieu soit diff\u00e9rentes choses pour diff\u00e9rentes personnes et diff\u00e9rentes races d\u2019\u00eatres dans la Grande Communaut\u00e9; mais l\u2019exp\u00e9rience essentielle qui enflamme le d\u00e9sir de Dieu, la conscience de Dieu et la relation avec Dieu, est la m\u00eame partout. Cette impulsion religieuse, cette pouss\u00e9e vers l\u2019union avec Dieu, est universelle. Bien qu\u2019elle semble remarquablement absente dans certaines cultures et exprim\u00e9e de fa\u00e7on aberrante dans d\u2019autres, l\u2019incitation reste la m\u00eame. Ce sont votre niveau d\u2019exp\u00e9rience et votre capacit\u00e9 d\u2019exp\u00e9rience qui exprimeront votre perception de Dieu. Dans la Grande Communaut\u00e9, Dieu est si total et si complet que toute d\u00e9finition sera toujours incertaine et inappropri\u00e9e.<\/p>\n<p>Alors, disons que Dieu est l\u2019exp\u00e9rience d\u2019une relation int\u00e9grale. Vous pouvez la vivre par moment, ici et l\u00e0, ou sur de plus longues p\u00e9riodes si vous vous y pr\u00e9parez en pratiquant \u00abLa Voie de la Connaissance\u00bb. C\u2019est une exp\u00e9rience qui peut \u00e0 la fois se traduire d\u2019un monde \u00e0 un autre et \u00eatre partag\u00e9e et d\u00e9montr\u00e9e d\u2019un \u00eatre \u00e0 un autre, en d\u00e9passant et en transcendant les divergences entre les races, les cultures, les temp\u00e9raments et les environnements. Voil\u00e0 Dieu! Dieu pour vous est un Dieu en action. Pour vous, Dieu est une exp\u00e9rience de vie \u00e0 nulle autre pareille et pourtant, c\u2019est elle qui donne un sens \u00e0 toutes vos autres exp\u00e9riences.<\/p>\n<p>Dans la Grande Communaut\u00e9, Dieu est complet. Dans votre monde, Dieu est le Dieu de votre monde, le Dieu de votre race, le Dieu de votre histoire, le Dieu de votre temp\u00e9rament, le Dieu de vos peurs et de vos aspirations, le Dieu de vos grands h\u00e9ros, le Dieu de vos grandes trag\u00e9dies, le Dieu associ\u00e9 \u00e0 votre tribu et \u00e0 votre \u00e9poque. Mais dans la Grande Communaut\u00e9, Dieu est tellement plus que cela, tellement plus \u2013 au-del\u00e0 des d\u00e9finitions de toutes les races, au-del\u00e0 de l\u2019histoire de ces races, au-del\u00e0 du temp\u00e9rament, des peurs et des aspirations de ces races, au-del\u00e0 de la port\u00e9e de toute philosophie individuelle et ou collective. Et pourtant, vous trouvez Dieu par pure impulsion, dans un moment de r\u00e9cognition hors du temps, dans le d\u00e9sir d\u2019agir au-del\u00e0 de la sph\u00e8re de vos int\u00e9r\u00eats et de vos motifs personnels, dans la reconnaissance de l\u2019autre, dans l\u2019intention de donner, dans l\u2019inexplicable exp\u00e9rience des affinit\u00e9s. Tout cela est traduisible. C\u2019est Dieu en action. Pour vous, c\u2019est Dieu.<\/p>\n<p>Vous devez maintenant concevoir le Dieu de la Grande Communaut\u00e9\u2014non pas un Dieu humain \u00e0 votre image, non pas un Dieu de votre histoire, non pas un Dieu de vos difficult\u00e9s et de vos tribulations, mais un Dieu pour tous les temps, pour toutes les races, pour toutes les dimensions, pour ceux qui sont primitifs et pour ceux qui sont \u00e9volu\u00e9s, pour ceux qui pensent comme vous et pour ceux qui pensent compl\u00e8tement diff\u00e9remment, pour ceux qui croient et ceux pour qui la croyance est inexplicable. Voil\u00e0 le Dieu de la Grande Communaut\u00e9. Et c\u2019est l\u00e0 que vous devez commencer.<\/p>\n<p>Croire au Dieu de la Grande Communaut\u00e9 est toute une entreprise parce que vous r\u00e9aliserez que votre race est peu de chose compar\u00e9e \u00e0 l\u2019univers. Ici, vous ne vous fixerez pas sur un Dieu de votre monde et de votre temps, mais sur un Dieu de tous les mondes et de tous les temps. Quelle sorte de th\u00e9ologie ou quelle philosophie peut incarner un Dieu d\u2019une telle envergure? Quelles sortes de sp\u00e9culations et d\u2019\u00e9thiques humaines peuvent concevoir un Dieu aussi complet que celui-l\u00e0?<\/p>\n<p>Pourtant, votre th\u00e9ologie doit \u00eatre celle de l\u2019\u0153uvre de Dieu en ce monde. Et si elle est vraie, pr\u00e9cise et b\u00e9n\u00e9fique, elle doit focaliser sur l\u2019exp\u00e9rience de la Connaissance. La Connaissance est le d\u00e9but de la religion. La Connaissance est l\u2019aboutissement de la religion. La Connaissance est l\u2019\u00e9vidence de Dieu et aussi l\u2019\u00e9vidence que vous faites partie d\u2019une plus grande vie au-del\u00e0 des limites de votre temps, de votre race et de votre habilit\u00e9 intellectuelle actuelle. Sous cet aspect, il n\u2019y a pas d\u2019histoire de la cr\u00e9ation. Il n\u2019y a pas de h\u00e9ros. Il n\u2019y a pas de fin des temps. Il n\u2019y a que l\u2019exp\u00e9rience int\u00e9grale d\u2019une relation qui se trouve \u00eatre l\u2019exp\u00e9rience de la Connaissance et l\u2019exp\u00e9rience de Dieu.<\/p>\n<p>Y a-t-il une religion actuellement pratiqu\u00e9e sur votre plan\u00e8te qui ne soit pas bas\u00e9e sur un r\u00e9cit de la cr\u00e9ation, un h\u00e9ros \u00e0 adorer et une exp\u00e9rience humaine culminante? Quelle religion humaine pourrait se concentrer sur un Dieu dont l\u2019int\u00e9r\u00eat n\u2019est pas uniquement centr\u00e9e sur votre monde, un Dieu pour qui votre exp\u00e9rience quotidienne n\u2019est pas le seul souci, un Dieu d\u201cune telle grandeur dont la conscience est absolument totale et dont la bienveillance b\u00e9nit m\u00eame ceux qui sont si diff\u00e9rents de vous? Quel serait alors le mod\u00e8le de comportement humain? Sur quelle base s\u2019appuieraient les r\u00e8gles d\u2019\u00e9thique ou de moralit\u00e9 avec un Dieu de la Grande Communaut\u00e9? Pour le savoir, vous devez vous aventurer au-del\u00e0 de la religion de l\u2019enfance et des besoins de l\u2019enfant. Vous devez vous aventurer au-del\u00e0 du seul besoin de r\u00e8gles, de directives et d\u2019histoires fantastiques \u00e0 peine croyables. Vous devez entrer dans l\u2019exp\u00e9rience de la vie et dans son myst\u00e8re, car c\u2019est l\u00e0 la porte qui m\u00e8ne \u00e0 Dieu. Cette exp\u00e9rience est au c\u0153ur de votre vie et elle renferme la raison de votre pr\u00e9sence ici, raison qui vous est particuli\u00e8re mais que vous partagez avec tout ce qui vit.<\/p>\n<p>Dans la spiritualit\u00e9 de la Grande Communaut\u00e9, il n\u2019y a pas de h\u00e9ros. Il n\u2019y a pas de r\u00e9cit de la cr\u00e9ation. Et il n\u2019y a pas d\u2019exp\u00e9rience culminante qui viendra mettre un terme aux difficult\u00e9s de la vie dans un corps. Alors, en quoi consiste une religion sans ces \u00e9l\u00e9ments? Ces \u00e9l\u00e9ments sont primitifs par nature. Et vous n\u2019\u00eates pas les seuls dans la Grande Communaut\u00e9 \u00e0 les vouloir, \u00e0 les inventer et \u00e0 y tenir. Partout o\u00f9 une religion a pris racine et trouv\u00e9 une expression, les races qui l\u2019ont adopt\u00e9e ont bas\u00e9 leurs pratiques et leur compr\u00e9hension sur la p\u00e9riode en cours, sur leur histoire particuli\u00e8re et leur temp\u00e9rament sp\u00e9cifique. Mais c\u2019est au-del\u00e0 de tout cela que se situe l\u2019exp\u00e9rience de Dieu. C\u2019est au-del\u00e0 de cela que se situe la spiritualit\u00e9 pure. C\u2019est ce que vous devez rechercher maintenant car les religions humaines ne pourront jamais incarner un Dieu de la Grande Communaut\u00e9. La vraie spiritualit\u00e9 est absolument inexplicable puisqu\u2019elle transcende vos exigences relativement au divin. Par cons\u00e9quent, vous devez trouver une autre fa\u00e7on, une fa\u00e7on plus mature, une approche plus compl\u00e8te, une vraie pr\u00e9paration.<\/p>\n<p>Dans la Grande Communaut\u00e9, ceux qui ont \u00e9volu\u00e9 ont compris la nature et le dessein de Dieu dans leur monde respectif; mais leur entendement a d\u00e9pass\u00e9 leur compr\u00e9hension de la volont\u00e9 divine relativement \u00e0 des domaines sp\u00e9cifiques, il a d\u00e9pass\u00e9 m\u00eame leurs inqui\u00e9tudes par rapport \u00e0 leur bien-\u00eatre et la survivance de leur race. Ces gens ont d\u00e9pass\u00e9 ces consid\u00e9rations et se sont ouverts \u00e0 une spiritualit\u00e9 plus grande, une spiritualit\u00e9 de la Grande Communaut\u00e9, \u2013 une spiritualit\u00e9 de tous les temps et pour tous les mondes, une spiritualit\u00e9 myst\u00e9rieuse qui ne se d\u00e9finie ni ne s\u2019exprime par des rituels, des id\u00e9aux, des croyances, des comptes rendus historiques ou des images fantastiques, une spiritualit\u00e9 qui peut se transmettre enti\u00e8rement d\u2019un \u00eatre \u00e0 un autre, par mots et par gestes ou sans mots ni gestes.<\/p>\n<p>La spiritualit\u00e9 de la Grande Communaut\u00e9 est une spiritualit\u00e9 d\u2019exp\u00e9riences, de perceptions et de capacit\u00e9s grandement accrues. Dans la Grande Communaut\u00e9, vous n\u2019\u00eates pas sauv\u00e9s. Vous vous d\u00e9veloppez seulement. Dans la Grande Communaut\u00e9, vous n\u2018\u00eates pas condamn\u00e9s. Vous vous d\u00e9veloppez seulement. Dans la Grande Communaut\u00e9, il n\u2019y a pas de paradis. Il y a que d\u2019\u00e9ventuels engagements et une plus grande aptitude pour les relations. Dans la Grande Communaut\u00e9, il n\u2019y a pas de dieux locaux et de d\u00e9mons engag\u00e9s dans une guerre spirituelle. Dans la Grande Communaut\u00e9, il y a ceux qui savent et ceux qui ne savent pas. De leur exp\u00e9rience proviennent les grandes difficult\u00e9s qui se posent partout dans la vie.<\/p>\n<p>Vous qui vivez dans un monde humain impr\u00e9gn\u00e9 d\u2019id\u00e9es, de croyances et de perspectives humaines, vous avez maintenant une magnifique occasion de faire l\u2019exp\u00e9rience du Divin, de sa raison d\u2018\u00eatre et de sa volont\u00e9 en ce qui a trait \u00e0 votre vie et votre \u00e9poque, le tout \u00e0 travers une conscience de la Grande Communaut\u00e9 et suivant une direction et un sentier diff\u00e9remment d\u00e9finis. Vous en avez besoin maintenant, d\u2019une part parce que votre monde est en train d\u2018\u00e9merger dans la Grande Communaut\u00e9 des mondes et d\u2019autre part, parce que c\u2019est la religion de tous les temps, et non pas seulement de votre temps. Passez ce grand portail et vous comprendrez le pass\u00e9, le pr\u00e9sent et l\u2019avenir de fa\u00e7on telle qu\u2019ils formeront un ensemble.<\/p>\n<p>Cela vous donnera la force et la capacit\u00e9 de discerner et de comprendre ceux de la Grande Communaut\u00e9 qui visitent votre monde \u00e0 cette \u00e9poque-ci. Certes, ils poss\u00e8dent une capacit\u00e9 technologique sup\u00e9rieure \u00e0 la v\u00f4tre et une coh\u00e9sion sociale ind\u00e9niable, mais ils sont eux aussi appel\u00e9s \u00e0 s\u2019ouvrir \u00e0 la spiritualit\u00e9 de la Grande Communaut\u00e9. Le cadeau que vous avez \u00e0 leur offrir est quelque chose de tr\u00e8s rare et de pr\u00e9cieux. Vous avez quelque chose dont ils ont besoin, dont toute vie a besoin. C\u2019est pourquoi la spiritualit\u00e9 de la Grande Communaut\u00e9 est introduite sur votre plan\u00e8te avant que vous n\u2019\u00e9mergiez dans la Grande Communaut\u00e9 des mondes. Cela ne vous est pas offert seulement pour faciliter votre propre adaptation \u00e0 la Grande Communaut\u00e9 afin d\u2019\u00e9tablir des bases de communication, de reconnaissance et de compr\u00e9hension. Cela vous est aussi donn\u00e9 afin d\u2018\u00e9tablir que vous, en tant qu\u2019\u00eatres humains, aussi limit\u00e9s que vous soyez dans vos capacit\u00e9s physiques, ayez n\u00e9anmoins un cadeau spirituel \u00e0 donner \u2013 un cadeau de tout temps, un cadeau vraiment b\u00e9n\u00e9fique. Cependant, pour trouver ce cadeau et ensuite l\u2019offrir, vous devez avoir une meilleure compr\u00e9hension, une conscience plus \u00e9veill\u00e9e, une th\u00e9ologie plus juste et un nouveau fondement de vie. Ce fondement vous lib\u00e9rera au plan de la vie quotidienne et simplifiera vos pr\u00e9occupations humaines pourtant si complexes et si difficiles en ce moment.<\/p>\n<p>L\u2019action de Dieu dans votre monde et Son action dans la Grande Communaut\u00e9 sont directement reli\u00e9es. Si vous ignorez ce que Dieu fait dans la Grande Communaut\u00e9, comment saurez-vous ce qu\u2019Il fait dans votre monde ? Et comment comprendrez-vous la pr\u00e9sence divine et son exp\u00e9rience ? Vous avez besoin de vous d\u00e9tacher et de vous observer de l\u2019ext\u00e9rieur pour bien distinguer comment vous \u00eates, o\u00f9 vous \u00eates et qui vous \u00eates en ce moment. Vous aurez besoin de cette perspective pour voir ce qui vous entoure, ce qui vous encourage et ce qui vous retient.<\/p>\n<p>Vous pouvez d\u00e9couvrir ce que Dieu fait dans l\u2019univers seulement par le biais de l\u2019exp\u00e9rience pure car l\u2019univers d\u00e9passe \u00e0 ce point vos capacit\u00e9s intellectuelles et conceptuelles qu\u2019aucun langage ni aucune technologie ne peuvent le d\u00e9crire. Et m\u00eame si on parvenait \u00e0 le d\u00e9crire, vous n\u2019auriez aucun moyen de le comprendre.<\/p>\n<p>Cependant, ce n\u2019est pas de cette fa\u00e7on que sont transmises et r\u00e9alis\u00e9es une conscience et une v\u00e9rit\u00e9 plus hautes. Si vous acceptez de d\u00e9passer vos concepts, vos id\u00e9es et vos croyances, vous ouvrirez ainsi une porte \u00e0 la spiritualit\u00e9 de la Grande Communaut\u00e9, et \u00e0 une Connaissance et une sagesse tellement n\u00e9cessaires dans votre monde en ce moment. Cela vous offre tous les avantages en plus d\u2019une fondation permettant de donner aux autres dans l\u2019avenir, encore que pour le faire, il vous faut \u00eatre tr\u00e8s courageux. Vous devez vous aventurer sur un territoire o\u00f9 personne n\u2019est jamais all\u00e9 auparavant, dans une nouvelle sorte d\u2019exp\u00e9rience sacr\u00e9e et dans un univers beaucoup plus vaste et plus complexe que tout ce que vous avez rencontr\u00e9 dans le pass\u00e9. Vous devrez apprendre \u00e0 \u00eatre \u00e0 l\u2019aise en l\u2019absence de d\u00e9finitions. Vous devrez \u00eatre ancr\u00e9 sur une fondation plus large \u00e0 l\u2019int\u00e9rieur de vous-m\u00eame. Et vous devrez avoir de grands compagnons.<\/p>\n<p>Ceci n\u2019est pas une aventure. Ceci est un voyage \u2013 un voyage d\u2019envergure sans bornes, un voyage que vous ne pouvez entreprendre seul, un voyage avec obstacles et dangers, mais un voyage qui est n\u00e9cessaire et qui vous appelle. Il vous appelle au-del\u00e0 de vos id\u00e9es, de vos objectifs et vos pr\u00e9occupations. Il vous appelle maintenant.<\/p>\n<p>Cet appel est une exp\u00e9rience qui semble si inexplicable et pourtant, elle est si r\u00e9elle, si p\u00e9n\u00e9trante et si totale, m\u00eame pour vous en ce moment. C\u2019est une fen\u00eatre qui s\u2019ouvre sur un vaste univers et sur le travail d\u2019un Dieu formidable.<\/p>\n<p>Ceci est la th\u00e9ologie de la pure exp\u00e9rience \u2013 une th\u00e9ologie de pure sagesse et de pure Connaissance, une th\u00e9ologie que vous ne pouvez que d\u00e9montrer et que vous ne pouvez qu\u2019exp\u00e9rimenter. C\u2019est une th\u00e9ologie qui est plus grande que tout ce qui peut \u00eatre enseign\u00e9 dans vos s\u00e9minaires et dans vos \u00e9coles de religion. Qui peut s\u2019ouvrir \u00e0 un cadeau pareil, r\u00e9pondre \u00e0 un tel myst\u00e8re? Qui peut entrer dans le royaume de l\u2019exp\u00e9rience pure et de l\u2019union plus profonde avec Dieu?<\/p>\n<p>Pour vous qui lisez ces mots, ce message constitue un appel. Laissez cet appel vous interpeller au-del\u00e0 de votre entendement et de votre capacit\u00e9 de saisir les choses, car vous ne comprendrez pas ces mots jusqu\u2019\u00e0 ce que vous fassiez cette merveilleuse exp\u00e9rience, et vous ne saurez pas si ces mots sont vrais jusqu\u2019\u00e0 ce que vous exp\u00e9rimentiez leur v\u00e9rit\u00e9. Vous ne saisirez pas leur enti\u00e8re pertinence jusqu\u2019\u00e0 ce que vous puissiez vous-m\u00eame les incarner.<\/p>\n<p>Dans la Grande Communaut\u00e9, Dieu est trop vaste et trop prodigieux pour inciter la foi seulement. La foi ne peut que vous amener au seuil de l\u2019exp\u00e9rience. La foi est trop faible et trop faillible pour vous amener au-del\u00e0 de cela. Ici, la foi sert son unique et important objectif: vous mener \u00e0 la porte de l\u2019exp\u00e9rience. C\u2019est l\u2019objectif de la foi et le but de la pr\u00e9paration. C\u2019est aussi le but de l\u2019entra\u00eenement religieux dans votre monde et dans tous les mondes. Au-del\u00e0 de cette porte r\u00e9side le Dieu de la Grande Communaut\u00e9. C\u2019est la Spiritualit\u00e9 de la Grande Communaut\u00e9 qui vous y conduira et c\u2019est \u00e9galement la Spiritualit\u00e9 de la Grande Communaut\u00e9 que vous trouverez lorsque vous aurez franchi cette grille.<\/p>\n<p>Pour saisir la th\u00e9ologie de Dieu telle que pr\u00e9sent\u00e9e dans la Grande Communaut\u00e9, vous devrez avoir un esprit plus ouvert, un vocabulaire plus diversifi\u00e9 et une gamme plus \u00e9tendue d\u2019exp\u00e9riences. Elle pourra vous \u00eatre transmise et vous pourrez la transmettre \u00e0 d\u2019autres mais pas en mots car les mots ne peuvent la saisir. Ce n\u2019est que par un myst\u00e9rieux processus de transmission divine qu\u2019une telle communication peut se faire de l\u2019un \u00e0 l\u2019autre. Personne ne peut la comprendre intellectuellement parce que son environnement est trop important et d\u00e9passe l\u2019entendement.<\/p>\n<p>Les individus qui veulent uniquement des concepts devront s\u2019en tenir \u00e0 leurs religions locales car ceci est trop gros. Ceux qui veulent seulement recevoir des directives pour une vie constructive vont trouver cela trop grand et trop m\u00ealant, trop inexplicable et trop myst\u00e9rieux. Ceux qui exp\u00e9rimentent Dieu dans la Grande Communaut\u00e9 et ceux qui peuvent transmettre Dieu dans la Grande Communaut\u00e9 sont des individus qui ont transcend\u00e9 les limites de leur propre h\u00e9ritage racial et de leur capacit\u00e9 intellectuelle. Leur mani\u00e8re de penser a rev\u00eatu un caract\u00e8re universel. Ils voient ce que les autres ne peuvent pas voir et ils savent ce que les autres ne peuvent pas savoir. Voil\u00e0 leur fardeau. Voil\u00e0 leur cadeau. Pour eux, la croyance n\u2019importe pas parce qu\u2019ils ont d\u00e9pass\u00e9 le besoin de croire et les limites de la croyance. Leur exp\u00e9rience est trop remarquable pour \u00eatre traduite d\u2019une mani\u00e8re g\u00e9n\u00e9rale ou pour \u00eatre pr\u00e9sent\u00e9e \u00e0 quelque vaste audience. Elle doit passer d\u2019un individu \u00e0 l\u2019autre. Ils n\u2019ont pas d\u2019autre temple ou \u00e9glise que l\u2019environnement dans lequel ils re\u00e7oivent la transmission divine et la communiquent aux autres. Leurs \u00e9tudiants sont peu nombreux. Leur voyage est long. Leurs exigences sont \u00e9lev\u00e9es. Leur application est totale et compl\u00e8te.<\/p>\n<p>Un tel cadeau est-il possible pour l\u2019humanit\u00e9? Il est non seulement possible, mais il est n\u00e9cessaire. Sans ce cadeau, l\u2019exp\u00e9rience de la Grande Communaut\u00e9 aura un impact d\u00e9vastateur sur l\u2019humanit\u00e9. Sans ce cadeau, le d\u00e9sir de l\u2019humanit\u00e9 qui tend vers le pouvoir et la domination poussera cette derni\u00e8re \u00e0 la catastrophe. Sans ce cadeau, vous ne serez pas capable de comprendre ceux de la Grande Communaut\u00e9 que vous rencontrerez, et vous ne serez pas en mesure de comprendre le changement consid\u00e9rable et les \u00e9v\u00e9nements importants qui se produisent dans votre monde.<\/p>\n<p>La Voie de la Connaissance de la Grande Communaut\u00e9 est pr\u00e9sent\u00e9e au monde \u00e0 titre de moyen pour vous pr\u00e9parer \u00e0 la r\u00e9alit\u00e9 de la Grande Communaut\u00e9 et au Dieu de la Grande Communaut\u00e9. Elle vous pr\u00e9pare \u00e0 endosser un but plus sup\u00e9rieur, reli\u00e9 \u00e0 toute vie, partout. La Grande Communaut\u00e9 est l\u2019environnement plus vaste dans lequel vous vivez et envers lequel vous devez maintenant faire preuve de responsabilit\u00e9. La Voie de la Connaissance de la Grande Communaut\u00e9 est une autre sorte de spiritualit\u00e9, mais vous d\u00e9couvrirez que l\u2019exp\u00e9rience qui est au c\u0153ur de celle-ci est plus famili\u00e8re et plus concluante que tout ce que vous avez d\u00e9j\u00e0 exp\u00e9riment\u00e9 pr\u00e9c\u00e9demment. Cette exp\u00e9rience vous rappellera votre Ancienne Demeure et ceux qui vous ont envoy\u00e9 dans le monde. Elle vous rappellera le puissant lien de vos relations qui se maintient m\u00eame en ce moment et qui va au-del\u00e0 des fronti\u00e8res de votre \u00e9poque et place dans la vie. C\u2019est la porte d\u2019entr\u00e9e d\u2019un plus grand univers. C\u2019est un moyen d\u2019acqu\u00e9rir une plus grande capacit\u00e9 dans la vie et une sagesse approfondie. C\u2019est une r\u00e9ponse \u00e0 un besoin plus profond et important de l\u2019humanit\u00e9 ainsi que de toute vie o\u00f9 qu\u2019elle soit.<\/p>\n<p>&nbsp;<\/p>\n","protected":false},"excerpt":{"rendered":"<p>Dans la Grande Communaut\u00e9, Dieu est Connaissance. Dans la Grande Communaut\u00e9, Dieu est exp\u00e9rience. Dans la Grande Communaut\u00e9, Dieu est la communication d\u2019une perception et d\u2019une reconnaissance profondes qui passent des uns aux autres, impr\u00e9gnant toute vie manifest\u00e9e. Et c\u2019est dans le domaine de votre exp\u00e9rience que cela se traduit. Il semble que Dieu soit\u2026 <a class=\"read-more\" href=\"https:\/\/www.v6.newmessage.org\/fr\/about-text-shortcode\"><span>Read More<\/span><\/a><\/p>\n","protected":false},"author":1,"featured_media":0,"parent":13081,"menu_order":23,"comment_status":"closed","ping_status":"closed","template":"template-leftsidebar.php","meta":{"_monsterinsights_skip_tracking":false,"_monsterinsights_sitenote_active":false,"_monsterinsights_sitenote_note":"","_monsterinsights_sitenote_category":0,"footnotes":""},"categories":[44,468,76,77,467],"tags":[208,418],"_links":{"self":[{"href":"https:\/\/www.v6.newmessage.org\/fr\/wp-json\/wp\/v2\/pages\/230"}],"collection":[{"href":"https:\/\/www.v6.newmessage.org\/fr\/wp-json\/wp\/v2\/pages"}],"about":[{"href":"https:\/\/www.v6.newmessage.org\/fr\/wp-json\/wp\/v2\/types\/page"}],"author":[{"embeddable":true,"href":"https:\/\/www.v6.newmessage.org\/fr\/wp-json\/wp\/v2\/users\/1"}],"replies":[{"embeddable":true,"href":"https:\/\/www.v6.newmessage.org\/fr\/wp-json\/wp\/v2\/comments?post=230"}],"version-history":[{"count":24,"href":"https:\/\/www.v6.newmessage.org\/fr\/wp-json\/wp\/v2\/pages\/230\/revisions"}],"predecessor-version":[{"id":28760,"href":"https:\/\/www.v6.newmessage.org\/fr\/wp-json\/wp\/v2\/pages\/230\/revisions\/28760"}],"up":[{"embeddable":true,"href":"https:\/\/www.v6.newmessage.org\/fr\/wp-json\/wp\/v2\/pages\/13081"}],"wp:attachment":[{"href":"https:\/\/www.v6.newmessage.org\/fr\/wp-json\/wp\/v2\/media?parent=230"}],"wp:term":[{"taxonomy":"category","embeddable":true,"href":"https:\/\/www.v6.newmessage.org\/fr\/wp-json\/wp\/v2\/categories?post=230"},{"taxonomy":"post_tag","embeddable":true,"href":"https:\/\/www.v6.newmessage.org\/fr\/wp-json\/wp\/v2\/tags?post=230"}],"curies":[{"name":"wp","href":"https:\/\/api.w.org\/{rel}","templated":true}]}}