{"id":227,"date":"2011-04-24T11:34:35","date_gmt":"2011-04-24T11:34:35","guid":{"rendered":"http:\/\/wp.www.newmessage.org\/?p=227"},"modified":"2016-03-27T19:35:01","modified_gmt":"2016-03-27T19:35:01","slug":"est-ce-quil-sagit-dune-nouvelle-religion-pourquoi-le-monde-aurait-il-besoin-dune-nouvelle-religion","status":"publish","type":"page","link":"https:\/\/www.v6.newmessage.org\/fr\/introduction-au-nouveau-message\/faq\/est-ce-quil-sagit-dune-nouvelle-religion-pourquoi-le-monde-aurait-il-besoin-dune-nouvelle-religion","title":{"rendered":"Est-ce qu&rsquo;il s&rsquo;agit d&rsquo;une nouvelle religion ? Pourquoi le monde aurait-il besoin d\u2019une nouvelle religion ?"},"content":{"rendered":"<p>&nbsp;<\/p>\n<p>Le monde a besoin d&rsquo;une nouvelle compr\u00e9hension et d&rsquo;une nouvelle conscience. De cela \u00e9mergeront des formes de pratique spirituelle et na\u00eetront des communaut\u00e9s, et dans ce sens, oui, c&rsquo;est comme une nouvelle religion. Mais le but du Nouveau Message n&rsquo;est pas simplement de cr\u00e9er une autre religion qui entre en comp\u00e9tition ou qui contraste avec les autres religions pr\u00e9existantes. Au lieu de cela, le Message a pour but de faire progresser la compr\u00e9hension qu&rsquo;ont les humains de leur r\u00e9alit\u00e9 spirituelle, de leurs grands d\u00e9fis dans le monde et de leur destin\u00e9e au sein d&rsquo;un univers rempli de vie intelligente.<\/p>\n<p>Ce dont l&rsquo;humanit\u00e9 a besoin, c&rsquo;est d&rsquo;une exp\u00e9rience et d&rsquo;une compr\u00e9hension nouvelles de la volont\u00e9, de l&rsquo;intention et de la pr\u00e9sence de Dieu dans un monde confront\u00e9 aux grands changements qui arrivent et aux forces qui menacent de saper l&rsquo;unit\u00e9, la libert\u00e9 et la souverainet\u00e9 des humains en leur monde.<\/p>\n<p>Le monde n&rsquo;a ainsi pas tant besoin d&rsquo;une nouvelle religion que d&rsquo;une compr\u00e9hension et d&rsquo;une conscience nouvelles, ainsi que d&rsquo;un nouvel engagement pour l&rsquo;unit\u00e9 humaine face aux grands bouleversements qui pointent \u00e0 l&rsquo;horizon. Il ne s&rsquo;agit pas simplement d&rsquo;une bonne id\u00e9e. Il ne s&rsquo;agit pas simplement d&rsquo;une morale \u00e9lev\u00e9e. Si l&rsquo;humanit\u00e9 veut survivre et demeurer libre, alors il s&rsquo;agit d&rsquo;une n\u00e9cessit\u00e9 vitale.<\/p>\n<p>Seul un besoin d&rsquo;une telle ampleur peut appeler un Nouveau Message de Dieu dans le monde. Seul un besoin aussi fondamental peut appeler un nouveau testament tel que celui-ci dans le monde. Seule une situation \u00e0 laquelle l&rsquo;humanit\u00e9 ne peut se pr\u00e9parer elle-m\u00eame peut appeler un Nouveau Message de Dieu et une pr\u00e9paration capable d&rsquo;amener les gens \u00e0 cette exp\u00e9rience et cette compr\u00e9hension nouvelles, dans un monde qui en a tant besoin aujourd&rsquo;hui.<\/p>\n<p>&nbsp;<\/p>\n","protected":false},"excerpt":{"rendered":"<p>&nbsp; Le monde a besoin d&rsquo;une nouvelle compr\u00e9hension et d&rsquo;une nouvelle conscience. De cela \u00e9mergeront des formes de pratique spirituelle et na\u00eetront des communaut\u00e9s, et dans ce sens, oui, c&rsquo;est comme une nouvelle religion. Mais le but du Nouveau Message n&rsquo;est pas simplement de cr\u00e9er une autre religion qui entre en comp\u00e9tition ou qui contraste\u2026 <a class=\"read-more\" href=\"https:\/\/www.v6.newmessage.org\/fr\/introduction-au-nouveau-message\/faq\/est-ce-quil-sagit-dune-nouvelle-religion-pourquoi-le-monde-aurait-il-besoin-dune-nouvelle-religion\"><span>Read More<\/span><\/a><\/p>\n","protected":false},"author":1,"featured_media":0,"parent":12778,"menu_order":5,"comment_status":"closed","ping_status":"closed","template":"template-leftsidebar.php","meta":{"_monsterinsights_skip_tracking":false,"_monsterinsights_sitenote_active":false,"_monsterinsights_sitenote_note":"","_monsterinsights_sitenote_category":0,"footnotes":""},"categories":[61],"tags":[],"_links":{"self":[{"href":"https:\/\/www.v6.newmessage.org\/fr\/wp-json\/wp\/v2\/pages\/227"}],"collection":[{"href":"https:\/\/www.v6.newmessage.org\/fr\/wp-json\/wp\/v2\/pages"}],"about":[{"href":"https:\/\/www.v6.newmessage.org\/fr\/wp-json\/wp\/v2\/types\/page"}],"author":[{"embeddable":true,"href":"https:\/\/www.v6.newmessage.org\/fr\/wp-json\/wp\/v2\/users\/1"}],"replies":[{"embeddable":true,"href":"https:\/\/www.v6.newmessage.org\/fr\/wp-json\/wp\/v2\/comments?post=227"}],"version-history":[{"count":8,"href":"https:\/\/www.v6.newmessage.org\/fr\/wp-json\/wp\/v2\/pages\/227\/revisions"}],"predecessor-version":[{"id":27654,"href":"https:\/\/www.v6.newmessage.org\/fr\/wp-json\/wp\/v2\/pages\/227\/revisions\/27654"}],"up":[{"embeddable":true,"href":"https:\/\/www.v6.newmessage.org\/fr\/wp-json\/wp\/v2\/pages\/12778"}],"wp:attachment":[{"href":"https:\/\/www.v6.newmessage.org\/fr\/wp-json\/wp\/v2\/media?parent=227"}],"wp:term":[{"taxonomy":"category","embeddable":true,"href":"https:\/\/www.v6.newmessage.org\/fr\/wp-json\/wp\/v2\/categories?post=227"},{"taxonomy":"post_tag","embeddable":true,"href":"https:\/\/www.v6.newmessage.org\/fr\/wp-json\/wp\/v2\/tags?post=227"}],"curies":[{"name":"wp","href":"https:\/\/api.w.org\/{rel}","templated":true}]}}