{"id":225,"date":"2011-04-24T11:33:10","date_gmt":"2011-04-24T11:33:10","guid":{"rendered":"http:\/\/wp.www.newmessage.org\/?p=225"},"modified":"2016-03-27T19:34:25","modified_gmt":"2016-03-27T19:34:25","slug":"que-prone-le-nouveau-message","status":"publish","type":"page","link":"https:\/\/www.v6.newmessage.org\/fr\/introduction-au-nouveau-message\/faq\/que-prone-le-nouveau-message","title":{"rendered":"Que pr\u00f4ne le Nouveau Message?"},"content":{"rendered":"<h1><\/h1>\n<p>1. La libert\u00e9 \u2013 apprendre \u00e0 construire, maintenir et prot\u00e9ger votre libert\u00e9 individuelle et la libert\u00e9 de l&rsquo;humanit\u00e9 dans son ensemble face des d\u00e9fis graves et sans pr\u00e9c\u00e9dent.<\/p>\n<p>2. L&rsquo;unit\u00e9 de l&rsquo;humanit\u00e9, la coop\u00e9ration et la cessation des guerres et des conflits \u2013 non pas \u00e0 partir de grands id\u00e9aux, mais parce que la survie de l&rsquo;humanit\u00e9 dans son ensemble est elle-m\u00eame en jeu.<\/p>\n<p>3. La restauration de l&rsquo;environnement et la capacit\u00e9 \u00e0 le pr\u00e9server \u2013 pr\u00e9server et partager les ressources du monde qui s&rsquo;amenuisent, au lieu de se les disputer, pour \u00e9viter la guerre et afin que l&rsquo;humanit\u00e9 puisse avoir un avenir.<\/p>\n<p>4. La primaut\u00e9 de la Connaissance en l&rsquo;individu \u2013 la Connaissance est le Grand Don du Cr\u00e9ateur. Elle vous rend capable de faire l&rsquo;exp\u00e9rience de la Spiritualit\u00e9 Unique de l&rsquo;humanit\u00e9 et de l&rsquo;exprimer, au-del\u00e0 toute division quant \u00e0 la race, la culture, la nation ou la religion. Seule la Connaissance a le pouvoir de guider et de prot\u00e9ger l&rsquo;individu, d&rsquo;unir l&rsquo;humanit\u00e9 et de la rendre capable de tracer un nouveau chemin en avant.<\/p>\n<p>5. La coexistence et la coop\u00e9ration pacifiques parmi les religions du monde \u2013 toutes les religions du monde ont \u00e9t\u00e9 initi\u00e9es par Dieu et n&rsquo;ont jamais \u00e9t\u00e9 destin\u00e9es \u00e0 \u00eatre en conflit et en comp\u00e9tition les unes avec les autres.<\/p>\n<p>6. Le d\u00e9veloppement de notre force dans l&rsquo;environnement mental &#8211; vous vivez dans un environnement mental, tout comme vous vivez dans un environnement physique. L&rsquo;environnement mental est un environnement omnipr\u00e9sent de pens\u00e9es et d&rsquo;influences dans lequel nous vivons tous. Pour \u00eatre capable de penser librement, pour \u00eatre capable de discerner la manipulation mentale et d&rsquo;y r\u00e9sister, vous devez apprendre comment fonctionne l&rsquo;environnement mental et devenir une force en son sein. <i>Les Pas vers la Connaissance,<\/i> le livre de pratique du Nouveau Message, vous enseigne comment parvenir \u00e0 cela.<\/p>\n<p>7. La pr\u00e9paration pour la Grande Communaut\u00e9 \u2013 notre isolation a pris fin. la proph\u00e9tie du Nouveau Message r\u00e9v\u00e8le que l&rsquo;humanit\u00e9 n&rsquo;est pas seule dans l&rsquo;univers, ni m\u00eame dans son propre monde. Le Nouveau Message est l\u00e0 pour pr\u00e9parer les individus et les nations \u00e0 la r\u00e9alit\u00e9, au danger et \u00e0 l&rsquo;opportunit\u00e9 que repr\u00e9sente la rencontre avec une grande communaut\u00e9 de vie intelligente. En tant que peuples natifs de cette plan\u00e8te, nous devons nous confronter \u00e0 nos premi\u00e8res rencontres avec des forces d&rsquo;intervention avec sagesse et discernement, et \u00e9tablir nos propres r\u00e8gles d&rsquo;engagement.<\/p>\n<p>8. La pr\u00e9paration pour les Grandes Vagues de changement \u2013 la proph\u00e9tie du Nouveau Message r\u00e9v\u00e8le que de grandes vagues de changement convergent actuellement vers la famille humaine toute enti\u00e8re, cr\u00e9ant une situation sans pr\u00e9c\u00e9dent dans l&rsquo;histoire humaine. Parmi les grandes vagues se trouvent un changement climatique et une m\u00e9t\u00e9o catastrophique, la diminution des ressources \u00e9nerg\u00e9tiques, la d\u00e9t\u00e9rioration de l&rsquo;environnement, la diminution de la production de nourriture, l&rsquo;instabilit\u00e9 \u00e9conomique et la menace croissante de la comp\u00e9tition, des conflits et de la guerre pour les ressources restantes du monde. Les Grandes Vagues vont cr\u00e9er une tr\u00e8s grande instabilit\u00e9 partout dans le monde, y compris au sein des nations les plus riches. Prendre conscience de la r\u00e9alit\u00e9 de la Grande Communaut\u00e9 et de la venue des Grandes Vagues de changement et s&rsquo;y pr\u00e9parer repr\u00e9sentent les grandes n\u00e9cessit\u00e9s de notre \u00e9poque. Le Nouveau Message est l\u00e0 pour nous pr\u00e9parer \u00e0 traverser ces temps difficiles qui arrivent.<\/p>\n<p>9. La contribution \u00e0 un monde dans le besoin \u2013 le bonheur v\u00e9ritable est g\u00e9n\u00e9r\u00e9 par l&rsquo;accomplissement de ce que vous \u00eates venu faire ici. Pour r\u00e9aliser cela, vous devez unir votre mental qui pense avec l&rsquo;esprit plus profond de la Connaissance en vous et d\u00e9velopper la sagesse et la force n\u00e9cessaires pour remplir votre mission dans le monde.<\/p>\n<p>10. La construction des Quatre Piliers de votre vie \u2013 votre vie comporte quatre piliers, comme les quatre pieds d&rsquo;une table, qui soutiennent votre vie et lui conf\u00e8rent force, stabilit\u00e9 et \u00e9quilibre : le Pilier des Relations, le Pilier de la Sant\u00e9, le Pilier du Travail et de la Contribution au monde, et le Pilier du D\u00e9veloppement Spirituel.<\/p>\n<p>Le Nouveau Message r\u00e9v\u00e8le le sens r\u00e9el de ces Quatre Piliers et comment ils peuvent \u00eatre renfonc\u00e9s et maintenus. Vous avez vraiment besoin de piliers forts pour \u00eatre capable de r\u00e9sister aux Grandes Vagues et pour \u00eatre un soutien solide pour les autres.<\/p>\n<p>11. Des relations d\u00e9di\u00e9es \u00e0 un but sup\u00e9rieur \u2013 vous \u00eates n\u00e9 avec une mission et avec la Connaissance n\u00e9cessaire pour vous aider \u00e0 remplir cette mission. Il y a certains individus que vous devez rencontrer dans votre vie et avec lesquels vous devez vous engager. <span style=\"font-family: Times New Roman,serif\">\u00c0<\/span> un niveau plus profond, cela repr\u00e9sente votre qu\u00eate de relations. Dans le Nouveau Message, ces relations sont dites d\u00e9di\u00e9es \u00e0 un but sup\u00e9rieur. Le Nouveau Message vous enseigne comment trouver et reconna\u00eetre ces individus, au-del\u00e0 de toute autre forme d&rsquo;attraction et d&rsquo;obligation. Vous ne pouvez ni d\u00e9couvrir, ni remplir votre mission seul. Vous aurez besoin de relations exceptionnelles bas\u00e9es sur l&rsquo;honn\u00eatet\u00e9 et l&rsquo;int\u00e9grit\u00e9, et dont la mission et la destin\u00e9e sont align\u00e9es avec les v\u00f4tres.<\/p>\n<p>Un nouveau testament est n\u00e9cessaire pour pr\u00f4ner tout cela. Le Nouveau Message de Dieu est un nouveau testament, un nouvel entendement, une nouvelle voie, qui d\u00e9passe toutes les croyances et toutes les suppositions vis-\u00e0-vis du pass\u00e9, par-del\u00e0 toutes les discordes et tous les conflits issus du pass\u00e9.<\/p>\n<p>Le Nouveau Message pr\u00f4ne la sagesse, la libert\u00e9, le fait d&rsquo;avoir un but, l&rsquo;unit\u00e9 et la coop\u00e9ration, fond\u00e9s sur la Spiritualit\u00e9 Unique de l&rsquo;humanit\u00e9 et sur les grands besoins de notre \u00e9poque.<\/p>\n<p>&nbsp;<\/p>\n","protected":false},"excerpt":{"rendered":"<p>1. La libert\u00e9 \u2013 apprendre \u00e0 construire, maintenir et prot\u00e9ger votre libert\u00e9 individuelle et la libert\u00e9 de l&rsquo;humanit\u00e9 dans son ensemble face des d\u00e9fis graves et sans pr\u00e9c\u00e9dent. 2. L&rsquo;unit\u00e9 de l&rsquo;humanit\u00e9, la coop\u00e9ration et la cessation des guerres et des conflits \u2013 non pas \u00e0 partir de grands id\u00e9aux, mais parce que la survie\u2026 <a class=\"read-more\" href=\"https:\/\/www.v6.newmessage.org\/fr\/introduction-au-nouveau-message\/faq\/que-prone-le-nouveau-message\"><span>Read More<\/span><\/a><\/p>\n","protected":false},"author":1,"featured_media":0,"parent":12778,"menu_order":4,"comment_status":"closed","ping_status":"closed","template":"template-leftsidebar.php","meta":{"_monsterinsights_skip_tracking":false,"_monsterinsights_sitenote_active":false,"_monsterinsights_sitenote_note":"","_monsterinsights_sitenote_category":0,"footnotes":""},"categories":[61],"tags":[],"_links":{"self":[{"href":"https:\/\/www.v6.newmessage.org\/fr\/wp-json\/wp\/v2\/pages\/225"}],"collection":[{"href":"https:\/\/www.v6.newmessage.org\/fr\/wp-json\/wp\/v2\/pages"}],"about":[{"href":"https:\/\/www.v6.newmessage.org\/fr\/wp-json\/wp\/v2\/types\/page"}],"author":[{"embeddable":true,"href":"https:\/\/www.v6.newmessage.org\/fr\/wp-json\/wp\/v2\/users\/1"}],"replies":[{"embeddable":true,"href":"https:\/\/www.v6.newmessage.org\/fr\/wp-json\/wp\/v2\/comments?post=225"}],"version-history":[{"count":4,"href":"https:\/\/www.v6.newmessage.org\/fr\/wp-json\/wp\/v2\/pages\/225\/revisions"}],"predecessor-version":[{"id":27653,"href":"https:\/\/www.v6.newmessage.org\/fr\/wp-json\/wp\/v2\/pages\/225\/revisions\/27653"}],"up":[{"embeddable":true,"href":"https:\/\/www.v6.newmessage.org\/fr\/wp-json\/wp\/v2\/pages\/12778"}],"wp:attachment":[{"href":"https:\/\/www.v6.newmessage.org\/fr\/wp-json\/wp\/v2\/media?parent=225"}],"wp:term":[{"taxonomy":"category","embeddable":true,"href":"https:\/\/www.v6.newmessage.org\/fr\/wp-json\/wp\/v2\/categories?post=225"},{"taxonomy":"post_tag","embeddable":true,"href":"https:\/\/www.v6.newmessage.org\/fr\/wp-json\/wp\/v2\/tags?post=225"}],"curies":[{"name":"wp","href":"https:\/\/api.w.org\/{rel}","templated":true}]}}