{"id":22380,"date":"2015-08-21T04:45:58","date_gmt":"2015-08-21T04:45:58","guid":{"rendered":"http:\/\/www.newmessage.org\/?page_id=22380"},"modified":"2016-08-16T11:41:09","modified_gmt":"2016-08-16T11:41:09","slug":"important-terms","status":"publish","type":"page","link":"https:\/\/www.v6.newmessage.org\/fr\/le-message\/important-terms","title":{"rendered":"Termes importants"},"content":{"rendered":"<p>Le Nouveau Message de Dieu r\u00e9v\u00e8le que notre monde est arriv\u00e9 au plus grand seuil de l&rsquo;histoire et de l&rsquo;\u00e9volution de l&rsquo;humanit\u00e9. \u00c0 ce seuil, un Nouveau Message de Dieu est arriv\u00e9. Il r\u00e9v\u00e8le le grand changement qui arrive sur le monde et notre destin\u00e9e au sein de la Grande Communaut\u00e9 de vie au-del\u00e0 de notre monde, dont nous ne sommes pas conscients et \u00e0 laquelle nous ne sommes pas pr\u00e9par\u00e9s.<\/p>\n<p>La R\u00e9v\u00e9lation red\u00e9finit certains termes familiers en les r\u00e9utilisant dans un contexte plus large et en introduit d\u2019autres qui sont nouveaux pour la famille humaine. Il est important de bien comprendre ces termes lors de la lecture des textes du Nouveau Message.<\/p>\n<p><strong><a id=\"god\"><\/a>Dieu<\/strong> est r\u00e9v\u00e9l\u00e9 dans le Nouveau Message comme \u00e9tant la Source et le Cr\u00e9ateur de toute vie et des innombrables races qui vivent dans l&rsquo;univers. La grande r\u00e9alit\u00e9 de Dieu est ainsi d\u00e9voil\u00e9e dans le contexte \u00e9largi de toute vie dans ce monde et de toute vie dans l&rsquo;univers. Ce contexte plus vaste remod\u00e8le notre compr\u00e9hension de Dieu, de son Pouvoir et de sa Pr\u00e9sence dans nos vies. Le Nouveau Message affirme que pour comprendre ce que Dieu fait dans notre monde nous devons comprendre ce que Dieu fait dans l&rsquo;univers tout entier. Cela est \u00e0 pr\u00e9sent r\u00e9v\u00e9l\u00e9 pour la premi\u00e8re fois par un Nouveau Message de Dieu. Dans ce Nouveau Message, Dieu n&rsquo;est pas un personnage ou une conscience singuli\u00e8re, mais une force et une r\u00e9alit\u00e9 omnipr\u00e9sentes qui impr\u00e8gnent toute vie, et qui existe au-del\u00e0 des fronti\u00e8res limit\u00e9es de toute th\u00e9ologie ou de toute compr\u00e9hension religieuse. Dieu parle \u00e0 la part la plus profonde en chaque personne gr\u00e2ce au pouvoir de la Connaissance qui vit en chacun. <a href=\"http:\/\/www.nouveaumessagededieu.org\/le-message\/volume-2\/la-spiritualite-de-la-grande-communaute\/1-quest-ce-que-dieu\">En savoir plus\u2026<\/a><\/p>\n<p><strong>La S\u00e9paration<\/strong> est l\u2019\u00e9tat actuel, notre condition, dans lequel nous sommes, s\u00e9par\u00e9s de Dieu. La S\u00e9paration a d\u00e9but\u00e9 lorsqu\u2019une partie de la Cr\u00e9ation a voulu avoir la libert\u00e9 d&rsquo;\u00eatre s\u00e9par\u00e9e de Dieu, de vivre dans un \u00e9tat de S\u00e9paration. En cons\u00e9quence de cela, Dieu a cr\u00e9\u00e9 notre monde qui \u00e9volue et l&rsquo;univers en expansion comme endroit pour que ceux qui sont s\u00e9par\u00e9s puissent vivre sous d\u2019innombrables formes et en d\u2019innombrables lieux. Avant la S\u00e9paration, toute vie \u00e9tait dans un \u00e9tat intemporel de pure union. C\u2019est \u00e0 cet \u00e9tat originel d\u2019union avec Dieu que tous ceux qui vivent dans la S\u00e9paration sont au final appel\u00e9s \u00e0 retourner \u2013 par le service, par la contribution et par la d\u00e9couverte de la Connaissance. C\u2019est la mission de Dieu dans notre monde et partout dans l\u2019univers que de rappeler ceux qui sont s\u00e9par\u00e9s gr\u00e2ce \u00e0 la Connaissance, qui est la part de chaque individu qui est toujours reli\u00e9e \u00e0 Dieu. <a href=\"http:\/\/www.nouveaumessagededieu.org\/le-message\/volume-1\/le-dieu-un\/la-separation\">En savoir plus\u2026<\/a><\/p>\n<p><strong><a id=\"kn\"><\/a>La Connaissance<\/strong> est la profonde conscience et intelligence spirituelle en chaque personne, qui attend d\u2019\u00eatre d\u00e9couverte. La Connaissance repr\u00e9sente la part de nous qui est \u00e9ternelle et qui n&rsquo;a jamais quitt\u00e9 Dieu. Le Nouveau Message parle de la Connaissance comme \u00e9tant le grand espoir de l&rsquo;humanit\u00e9, un pouvoir int\u00e9rieur au c\u0153ur de chaque personne, et le Nouveau Message de Dieu est ici pour le r\u00e9v\u00e9ler et le faire \u00e9merger. La Connaissance existe au-del\u00e0 de l\u2019intellect. Elle seule a le pouvoir de guider chacun de nous vers notre but sup\u00e9rieur et vers les relations qui nous sont destin\u00e9es dans la vie. <a href=\"http:\/\/www.nouveaumessagededieu.org\/le-message\/volume-2\/la-spiritualite-de-la-grande-communaute\/4-quest-ce-que-la-connaissance\">En savoir plus\u2026<\/a><\/p>\n<p><strong><a id=\"aa\"><\/a>L\u2019Assembl\u00e9e Ang\u00e9lique<\/strong> est la grande Pr\u00e9sence Ang\u00e9lique qui veille sur le monde. C\u2019est une partie de la hi\u00e9rarchie de service et de relations \u00e9tablie par Dieu pour superviser la r\u00e9demption et le retour de toute vie s\u00e9par\u00e9e dans l&rsquo;univers. Sur tout monde o\u00f9 la vie consciente existe veille une Assembl\u00e9e Ang\u00e9lique. L\u2019Assembl\u00e9e qui veille sur notre monde a traduit la Volont\u00e9 de Dieu pour notre \u00e9poque en langage et en entendement humains, et cette Volont\u00e9 Divine est maintenant r\u00e9v\u00e9l\u00e9e par l\u2019interm\u00e9diaire du Nouveau Message de Dieu. Le terme <em>Assembl\u00e9e Ang\u00e9lique<\/em> et les termes <em>Pr\u00e9sence Ang\u00e9lique<\/em> et <em>Multitude Ang\u00e9lique<\/em> sont synonymes les uns des autres. <a href=\"http:\/\/www.nouveaumessagededieu.org\/le-message\/volume-1\/dieu-a-parle-a-nouveau\/assemblee\">En savoir plus\u2026<\/a><\/p>\n<p><strong>Le Nouveau Message de Dieu<\/strong> est une r\u00e9v\u00e9lation et une communication venant de Dieu et destin\u00e9e au gens du monde, \u00e0 la fois pour notre temps et pour les temps \u00e0 venir. Le Nouveau Message est un don du Cr\u00e9ateur de toute vie aux personnes de toutes les nations et de toutes les religions et repr\u00e9sente une nouvelle \u00e9tape dans la grande expression de la Volont\u00e9 et du Plan de Dieu pour la famille humaine. Le Nouveau Message compte maintenant plus de 9000 pages et il s&rsquo;agit ainsi de la plus vaste R\u00e9v\u00e9lation jamais donn\u00e9e au monde \u2013 une r\u00e9v\u00e9lation donn\u00e9e maintenant \u00e0 un monde qui sait lire et \u00e9crire, dont les communications sont mondiales et dont la conscience plan\u00e9taire est en pleine expansion. Le Nouveau Message n\u2019est pas une ramification ni une r\u00e9forme d\u2019une tradition du pass\u00e9. Il s\u2019agit d\u2019un Nouveau Message de Dieu pour l\u2019humanit\u00e9 qui est maintenant confront\u00e9e \u00e0 une grande instabilit\u00e9 et \u00e0 de grands bouleversements dans le monde, ainsi qu\u2019au grand seuil que constitue son \u00e9mergence dans une Grande Communaut\u00e9 de vie intelligente dans l\u2019univers. <a href=\"http:\/\/www.nouveaumessagededieu.org\/introduction-au-nouveau-message\">En savoir plus\u2026<\/a><\/p>\n<p><strong><a id=\"vr\"><\/a>La Voix de la R\u00e9v\u00e9lation<\/strong> est la voix unie de l\u2019Assembl\u00e9e Ang\u00e9lique, apportant le Message de Dieu gr\u00e2ce \u00e0 un Messager envoy\u00e9 dans le monde pour cette t\u00e2che. L\u2019Assembl\u00e9e parle ici d\u2019une seule voix, la multitude parlant en tant qu\u2019un. Pour la premi\u00e8re fois dans l\u2019histoire, vous \u00eates en mesure d&rsquo;entendre la Voix de la R\u00e9v\u00e9lation parlant \u00e0 travers le Messager de Dieu. C\u2019est cette Voix qui a parl\u00e9 \u00e0 tous les Messagers de Dieu dans le pass\u00e9. La Parole et le Son de la Voix de la R\u00e9v\u00e9lation sont dans le monde \u00e0 nouveau. <a href=\"http:\/\/www.nouveaumessagededieu.org\/le-message\/volume-1\/la-religion-pure\/la-voix-de-la-revelation\">En savoir plus\u2026<\/a><\/p>\n<p><strong><a id=\"m\"><\/a>Le Messager<\/strong> est la personne qui est choisie, pr\u00e9par\u00e9e et envoy\u00e9e dans le monde par l&rsquo;Assembl\u00e9e Ang\u00e9lique pour recevoir le Nouveau Message de Dieu. Le Messager pour notre \u00e9poque est Marshall Vian Summers. C&rsquo;est un homme humble, sans position sociale importante dans le monde. Il est pass\u00e9 par une pr\u00e9paration longue et difficile pour \u00eatre en mesure de remplir une mission et un r\u00f4le d\u2019une telle importance. Il porte un grand fardeau, une grande b\u00e9n\u00e9diction et la responsabilit\u00e9 de recevoir la r\u00e9v\u00e9lation de Dieu sous sa forme pure, de la prot\u00e9ger et de la pr\u00e9senter au monde. Il est le premier des Messagers \u00e0 r\u00e9v\u00e9ler la r\u00e9alit\u00e9 de la Grande Communaut\u00e9 de vie intelligente dans l&rsquo;univers. Le Messager est engag\u00e9 dans un processus de R\u00e9v\u00e9lation depuis plus de 30 ans. Il est parmi nous aujourd\u2019hui. <a href=\"http:\/\/www.nouveaumessagededieu.org\/messager-de-dieu\">En savoir plus\u2026<\/a><\/p>\n<p><strong><a id=\"scp\"><\/a>Le Sceau des Proph\u00e8tes<\/strong> est un sceau mis en place par Dieu \u00e0 la fin de la vie d\u2019un Messager. Il scelle la R\u00e9v\u00e9lation dans la puret\u00e9, prot\u00e9geant la communication Divine des ajouts ou des modifications. Le Sceau des Proph\u00e8tes est \u00e9tabli par Dieu seul, et seul Dieu peut briser le Sceau lors de ces seuils dans l&rsquo;\u00e9volution et l\u2019\u00e9mergence de l\u2019humanit\u00e9 o\u00f9 Dieu choisit de parler \u00e0 nouveau. <a href=\"http:\/\/www.nouveaumessagededieu.org\/le-message\/volume-1\/dieu-a-parle-a-nouveau\/le-sceau-des-prophetes\">En savoir plus\u2026<\/a><\/p>\n<p><strong><a id=\"presence\"><\/a>La Pr\u00e9sence<\/strong> peut faire r\u00e9f\u00e9rence \u00e0 la pr\u00e9sence de la Connaissance en l\u2019individu, ou bien \u00e0 la Pr\u00e9sence de l\u2019Assembl\u00e9e Ang\u00e9lique, ou bien, en d\u00e9finitive, \u00e0 la Pr\u00e9sence de Dieu. La Pr\u00e9sence de ces trois r\u00e9alit\u00e9s offre une exp\u00e9rience de gr\u00e2ce et de relation capable de changer notre vie. Elle peut \u00eatre trouv\u00e9e en suivant le myst\u00e8re dans la vie, en \u00e9tudiant et en pratiquant l\u2019une des R\u00e9v\u00e9lations de Dieu du pass\u00e9 ou la Nouvelle R\u00e9v\u00e9lation de Dieu pour le monde. La Nouvelle R\u00e9v\u00e9lation offre une voie moderne pour faire l&rsquo;exp\u00e9rience du pouvoir de cette Pr\u00e9sence dans notre vie. En savoir plus&#8230;<\/p>\n<p><strong><em><a id=\"stk\"><\/a>Les Pas vers la Connaissance<\/em><\/strong> est une pratique spirituelle ancienne \u00e0 pr\u00e9sent donn\u00e9e pour la premi\u00e8re fois par Dieu \u00e0 ce monde. En entreprenant ce myst\u00e9rieux voyage, chaque personne est conduite \u00e0 la d\u00e9couverte du pouvoir de la Connaissance et \u00e0 l\u2019exp\u00e9rience d\u2019un profond savoir int\u00e9rieur, qui peut la mener \u00e0 son but et \u00e0 son appel sup\u00e9rieurs dans la vie. <a href=\"http:\/\/www.nouveaumessagededieu.org\/le-message\/volume-3\/les-pas-vers-la-connaissance\">En savoir plus\u2026<\/a><\/p>\n<p><strong><a id=\"gc\"><\/a>La Grande Communaut\u00e9<\/strong> est le vaste univers de vie intelligente dans lequel notre monde a toujours exist\u00e9. Cette Grande Communaut\u00e9 englobe tous les mondes dans l\u2019univers dans lesquels la vie consciente existe, \u00e0 tous les stades d\u2019\u00e9volution et de d\u00e9veloppement. Le Nouveau Message r\u00e9v\u00e8le que l\u2019humanit\u00e9 se trouve dans une phase jeune et adolescente de son d\u00e9veloppement et que le moment est maintenant venu pour celle-ci de se pr\u00e9parer \u00e0 \u00e9merger dans la Grande Communaut\u00e9. C\u2019est ici, au seuil de l&rsquo;espace, que l&rsquo;humanit\u00e9 d\u00e9couvre qu&rsquo;elle n&rsquo;est pas seule dans l&rsquo;univers, ni m\u00eame dans son propre monde. <a href=\"http:\/\/www.nouveaumessagededieu.org\/le-message\/volume-2\/la-spiritualite-de-la-grande-communaute\/6-quest-ce-que-la-grande-communaute\">En savoir plus&#8230;<\/a><\/p>\n<p><strong><a id=\"darkness\"><\/a>La Grande Obscurit\u00e9<\/strong> est une Intervention actuellement en cours men\u00e9e par certaines races de la Grande Communaut\u00e9 qui sont ici pour tirer avantage d\u2019une humanit\u00e9 faible et divis\u00e9e. Elle a lieu \u00e0 un moment o\u00f9 la famille humaine entre dans une p\u00e9riode de d\u00e9gradation et de d\u00e9sordre croissants, \u00e9tant confront\u00e9e aux Grandes Vagues de changement. L&rsquo;Intervention se pr\u00e9sente comme une force bienveillante et salutaire, alors qu\u2019en r\u00e9alit\u00e9 son but final est de saper la libert\u00e9 et l\u2019autod\u00e9termination humaines et de prendre le contr\u00f4le du monde et de ses ressources. Le Nouveau Message r\u00e9v\u00e8le que l\u2019Intervention cherche \u00e0 mettre en place secr\u00e8tement son influence ici, dans les esprits et les c\u0153urs des gens, \u00e0 une \u00e9poque de confusion et de vuln\u00e9rabilit\u00e9 croissantes, et de conflits grandissants. En tant que peuple natif de ce monde, nous sommes appel\u00e9s \u00e0 nous opposer \u00e0 cette Intervention et \u00e0 alerter et \u00e9duquer les autres, unissant ainsi la famille humaine autour d\u2019un grand but commun et pr\u00e9parant notre monde pour les d\u00e9fis et les opportunit\u00e9s de la vie dans la Grande Communaut\u00e9. <a href=\"http:\/\/www.nouveaumessagededieu.org\/lintervention-en-cours-dans-notre-monde\" target=\"_blank\">En savoir plus\u2026<\/a><\/p>\n<p><strong><a id=\"gwc\"><\/a>Les Grandes Vagues de changement<\/strong> sont un ensemble de forces environnementales, \u00e9conomiques et sociales convergeant \u00e0 pr\u00e9sent sur le monde. Les Grandes Vagues sont le r\u00e9sultat des abus que l&rsquo;humanit\u00e9 a r\u00e9p\u00e9t\u00e9s vis-\u00e0-vis du monde, de ses ressources et de son environnement. Les Grandes Vagues ont le pouvoir de changer drastiquement la face du monde, g\u00e9n\u00e9rant une instabilit\u00e9 \u00e9conomique, un changement climatique incontr\u00f4lable, une m\u00e9t\u00e9o violente et la perte de la terre arable et des ressources d\u2019eau potable, mena\u00e7ant ainsi de cr\u00e9er un monde de grandes difficult\u00e9s et de souffrances humaines. Les Grandes Vagues ne sont pas la fin des temps ou un \u00e9v\u00e9nement apocalyptique, mais une p\u00e9riode de transition vers une nouvelle condition du monde. Le Nouveau Message r\u00e9v\u00e8le ce qui vient pour le monde et la grande pr\u00e9paration qui doit \u00eatre entreprise par suffisamment de gens pour y faire face. Il appelle l\u2019humanit\u00e9 \u00e0 s\u2019unir et \u00e0 coop\u00e9rer, parce que cela est absolument n\u00e9cessaire pour la pr\u00e9servation et la protection de la civilisation humaine. <a href=\"http:\/\/www.nouveaumessagededieu.org\/le-message\/volume-4\/les-grandes-vagues-de-changement\">En savoir plus\u2026<\/a><\/p>\n<p><strong><a id=\"me\"><\/a>L\u2019Environnement Mental<\/strong> est un environnement de pens\u00e9es et d\u2019\u00e9motions qui existe parall\u00e8lement \u00e0 l\u2019environnement physique. L\u2019environnement mental contient des forces qui affectent notre pens\u00e9e et nos \u00e9motions et qui peuvent nous dominer tant que nous n\u2019avons pas renforc\u00e9 notre connexion \u00e0 la Connaissance. <a href=\"http:\/\/www.nouveaumessagededieu.org\/linfluence-dans-lenvironnement-mental\" target=\"_blank\">En savoir plus\u2026<\/a><\/p>\n<p><strong><a id=\"gp\"><\/a>Le But Sup\u00e9rieur<\/strong> fait r\u00e9f\u00e9rence \u00e0 la contribution sp\u00e9cifique que chaque personne a \u00e9t\u00e9 envoy\u00e9e apporter dans le monde et aux relations uniques qui permettront la r\u00e9alisation de ce but. La Connaissance en les individus d\u00e9tient leur but sup\u00e9rieur et leur destin\u00e9e. L&rsquo;intellect seul ne peut d\u00e9terminer cela. Il s&rsquo;agit de quelque chose qui doit \u00eatre d\u00e9couvert, suivi et exprim\u00e9 dans le service aux autres pour \u00eatre pleinement compris et r\u00e9alis\u00e9. Le monde a maintenant besoin de la d\u00e9monstration de ce but sup\u00e9rieur chez bien plus de personnes qu\u2019auparavant. <a href=\"http:\/\/www.nouveaumessagededieu.org\/le-message\/volume-2\/la-spiritualite-de-la-grande-communaute\/5-quel-est-le-dessein-humain\">En savoir plus\u2026<\/a><\/p>\n<p><strong><a id=\"fs\"><\/a>La Famille Spirituelle<\/strong> fait r\u00e9f\u00e9rence aux petits groupes de travail form\u00e9s \u00e0 la suite de la S\u00e9paration pour permettre \u00e0 tous les individus d\u2019\u0153uvrer sur une tr\u00e8s longue p\u00e9riode vers des \u00e9tats d\u2019union et de relation plus \u00e9lev\u00e9s, jusqu\u2019\u00e0 leur retour final \u00e0 Dieu. Votre Famille Spirituelle repr\u00e9sente les relations que vous avez restaur\u00e9es gr\u00e2ce \u00e0 la Connaissance durant votre long voyage \u00e0 travers la S\u00e9paration. Certains membres de votre Famille Spirituelle sont dans le monde et certains sont au-del\u00e0 du monde. Les Familles Spirituelles font partie du Plan myst\u00e9rieux de Dieu pour lib\u00e9rer et r\u00e9unir tous ceux qui vivent dans la S\u00e9paration. <a href=\"http:\/\/www.nouveaumessagededieu.org\/le-message\/volume-3\/vivre-selon-la-voie-de-la-connaissance\/votre-relation-avec-votre-famille-spirituelle\">En savoir plus\u2026<\/a><\/p>\n<p><strong><a id=\"ah\"><\/a>L\u2019Ancienne Demeure<\/strong> fait r\u00e9f\u00e9rence \u00e0 la r\u00e9alit\u00e9 de la vie que vous connaissiez avant d&rsquo;entrer dans le monde et \u00e0 laquelle vous retournerez apr\u00e8s votre vie dans le monde. Votre Ancienne Demeure est un \u00e9tat de connexion et de relation avec votre Famille Spirituelle, avec l&rsquo;Assembl\u00e9e et avec Dieu. <a href=\"http:\/\/www.nouveaumessagededieu.org\/le-message\/volume-1\/le-dieu-un\/la-separation\">En savoir plus&#8230;<\/a><\/p>\n<p>&nbsp;<\/p>\n","protected":false},"excerpt":{"rendered":"<p>Le Nouveau Message de Dieu r\u00e9v\u00e8le que notre monde est arriv\u00e9 au plus grand seuil de l&rsquo;histoire et de l&rsquo;\u00e9volution de l&rsquo;humanit\u00e9. \u00c0 ce seuil, un Nouveau Message de Dieu est arriv\u00e9. Il r\u00e9v\u00e8le le grand changement qui arrive sur le monde et notre destin\u00e9e au sein de la Grande Communaut\u00e9 de vie au-del\u00e0 de\u2026 <a class=\"read-more\" href=\"https:\/\/www.v6.newmessage.org\/fr\/le-message\/important-terms\"><span>Read More<\/span><\/a><\/p>\n","protected":false},"author":32,"featured_media":0,"parent":15090,"menu_order":12,"comment_status":"closed","ping_status":"closed","template":"template-leftsidebar.php","meta":{"_monsterinsights_skip_tracking":false,"_monsterinsights_sitenote_active":false,"_monsterinsights_sitenote_note":"","_monsterinsights_sitenote_category":0,"footnotes":""},"categories":[],"tags":[254],"_links":{"self":[{"href":"https:\/\/www.v6.newmessage.org\/fr\/wp-json\/wp\/v2\/pages\/22380"}],"collection":[{"href":"https:\/\/www.v6.newmessage.org\/fr\/wp-json\/wp\/v2\/pages"}],"about":[{"href":"https:\/\/www.v6.newmessage.org\/fr\/wp-json\/wp\/v2\/types\/page"}],"author":[{"embeddable":true,"href":"https:\/\/www.v6.newmessage.org\/fr\/wp-json\/wp\/v2\/users\/32"}],"replies":[{"embeddable":true,"href":"https:\/\/www.v6.newmessage.org\/fr\/wp-json\/wp\/v2\/comments?post=22380"}],"version-history":[{"count":29,"href":"https:\/\/www.v6.newmessage.org\/fr\/wp-json\/wp\/v2\/pages\/22380\/revisions"}],"predecessor-version":[{"id":28256,"href":"https:\/\/www.v6.newmessage.org\/fr\/wp-json\/wp\/v2\/pages\/22380\/revisions\/28256"}],"up":[{"embeddable":true,"href":"https:\/\/www.v6.newmessage.org\/fr\/wp-json\/wp\/v2\/pages\/15090"}],"wp:attachment":[{"href":"https:\/\/www.v6.newmessage.org\/fr\/wp-json\/wp\/v2\/media?parent=22380"}],"wp:term":[{"taxonomy":"category","embeddable":true,"href":"https:\/\/www.v6.newmessage.org\/fr\/wp-json\/wp\/v2\/categories?post=22380"},{"taxonomy":"post_tag","embeddable":true,"href":"https:\/\/www.v6.newmessage.org\/fr\/wp-json\/wp\/v2\/tags?post=22380"}],"curies":[{"name":"wp","href":"https:\/\/api.w.org\/{rel}","templated":true}]}}