{"id":22376,"date":"2015-08-21T04:41:41","date_gmt":"2015-08-21T04:41:41","guid":{"rendered":"http:\/\/www.newmessage.org\/?page_id=22376"},"modified":"2016-04-11T21:41:48","modified_gmt":"2016-04-11T21:41:48","slug":"about-the-process-of-revelation","status":"publish","type":"page","link":"https:\/\/www.v6.newmessage.org\/fr\/le-message\/about-the-process-of-revelation","title":{"rendered":"\u00c0 propos du processus de R\u00e9v\u00e9lation"},"content":{"rendered":"<p><a href=\"https:\/\/www.newmessage.org\/wp-content\/uploads\/2015\/08\/Volume-1-CD-Cover1.jpg\"><img loading=\"lazy\" decoding=\"async\" class=\"imgborder alignright \" src=\"https:\/\/www.newmessage.org\/wp-content\/uploads\/2015\/08\/Volume-1-CD-Cover1-172x300.jpg\" alt=\"The New Message from God\" width=\"250\" height=\"435\" \/><\/a><\/p>\n<p>Les textes du Nouveau Message de Dieu sont \u00e0 l&rsquo;origine parl\u00e9s par la Voix de l&rsquo;Assembl\u00e9e Ang\u00e9lique \u00e0 travers le Messager, Marshall Vian Summers. Ce processus de r\u00e9v\u00e9lation divine est en cours depuis 1983. La R\u00e9v\u00e9lation continue \u00e0 ce jour.<\/p>\n<p>La communication d&rsquo;origine de Dieu, qui existe au-del\u00e0 des mots, est ici traduite en un langage et un entendement humains par l&rsquo;<a href=\"http:\/\/www.nouveaumessagededieu.org\/le-message\/important-terms#aa\" target=\"_blank\">Assembl\u00e9e Ang\u00e9lique<\/a> qui veille sur le monde. L&rsquo;Assembl\u00e9e exprime alors le Message de Dieu en parlant \u00e0 travers le Messager. Le Message est enregistr\u00e9 sous forme audio, transcrit, et maintenant mis \u00e0 disposition de tous sous forme texte dans la vaste biblioth\u00e8que de r\u00e9v\u00e9lations disponible sur www.NewMessage.org.<\/p>\n<p>En plus de cela, pour la premi\u00e8re fois dans l&rsquo;histoire, vous pouvez entendre l&rsquo;enregistrement d&rsquo;origine de la <a href=\"http:\/\/www.nouveaumessagededieu.org\/le-message\/important-terms#vr\" target=\"_blank\">Voix de la R\u00e9v\u00e9lation<\/a>, une Voix telle que celle qui a parl\u00e9 aux proph\u00e8tes et aux Messagers du pass\u00e9, et qui s&rsquo;exprime maintenant \u00e0 nouveau \u00e0 travers un nouveau Messager, qui est dans le monde aujourd&rsquo;hui. Jamais auparavant la R\u00e9v\u00e9lation originale n&rsquo;avait \u00e9t\u00e9 enregistr\u00e9e et mise \u00e0 disposition sous sa forme pure.<\/p>\n<p>La Parole et le Son sont dans le monde. Pour la premi\u00e8re fois de l&rsquo;histoire, vous avez cette possibilit\u00e9 d&rsquo;entendre l&rsquo;enregistrement de la <a href=\"http:\/\/www.nouveaumessagededieu.org\/le-message\/important-terms#vr\" target=\"_blank\">Voix de la R\u00e9v\u00e9lation<\/a> originale. Cette Voix n&rsquo;est pas la Voix d&rsquo;un simple individu, mais celle des membres de l&rsquo;<a href=\"http:\/\/www.nouveaumessagededieu.org\/le-message\/important-terms#aa\" target=\"_blank\">Assembl\u00e9e Ang\u00e9lique<\/a> toute enti\u00e8re parlant ensemble d&rsquo;une seule voix.<\/p>\n<p>L&rsquo;humanit\u00e9 est ici en mesure de recevoir le testament original de la<a href=\"http:\/\/www.nouveaumessagededieu.org\/le-message\/la-revelation-se-poursuit-a-ce-jour\" target=\"_blank\"> R\u00e9v\u00e9lation de Dieu<\/a>, enregistr\u00e9e sous sa forme parl\u00e9e, transcrite, compil\u00e9e par son Messager, et maintenant pr\u00e9sent\u00e9e au monde.<\/p>\n<p>Pour entendre la Voix de la R\u00e9v\u00e9lation, qui est la source du texte contenu dans tous les livres du Nouveau Message, veuillez visiter <a href=\"http:\/\/www.nouveaumessagededieu.org\/le-message\" target=\"_blank\">www.nouveaumessagededieu.org\/le-message<\/a>. Les enregistrements audio originaux de la Voix sont maintenant mis \u00e0 disposition de tous.<\/p>\n<p>Puissiez-vous recevoir ce Don de R\u00e9v\u00e9lation et vous y ouvrir pour recevoir son puissant message pour vous et pour votre vie.<\/p>\n","protected":false},"excerpt":{"rendered":"<p>Les textes du Nouveau Message de Dieu sont \u00e0 l&rsquo;origine parl\u00e9s par la Voix de l&rsquo;Assembl\u00e9e Ang\u00e9lique \u00e0 travers le Messager, Marshall Vian Summers. Ce processus de r\u00e9v\u00e9lation divine est en cours depuis 1983. La R\u00e9v\u00e9lation continue \u00e0 ce jour. La communication d&rsquo;origine de Dieu, qui existe au-del\u00e0 des mots, est ici traduite en un\u2026 <a class=\"read-more\" href=\"https:\/\/www.v6.newmessage.org\/fr\/le-message\/about-the-process-of-revelation\"><span>Read More<\/span><\/a><\/p>\n","protected":false},"author":32,"featured_media":0,"parent":15090,"menu_order":11,"comment_status":"closed","ping_status":"closed","template":"template-leftsidebar.php","meta":{"_monsterinsights_skip_tracking":false,"_monsterinsights_sitenote_active":false,"_monsterinsights_sitenote_note":"","_monsterinsights_sitenote_category":0,"footnotes":""},"categories":[],"tags":[],"_links":{"self":[{"href":"https:\/\/www.v6.newmessage.org\/fr\/wp-json\/wp\/v2\/pages\/22376"}],"collection":[{"href":"https:\/\/www.v6.newmessage.org\/fr\/wp-json\/wp\/v2\/pages"}],"about":[{"href":"https:\/\/www.v6.newmessage.org\/fr\/wp-json\/wp\/v2\/types\/page"}],"author":[{"embeddable":true,"href":"https:\/\/www.v6.newmessage.org\/fr\/wp-json\/wp\/v2\/users\/32"}],"replies":[{"embeddable":true,"href":"https:\/\/www.v6.newmessage.org\/fr\/wp-json\/wp\/v2\/comments?post=22376"}],"version-history":[{"count":16,"href":"https:\/\/www.v6.newmessage.org\/fr\/wp-json\/wp\/v2\/pages\/22376\/revisions"}],"predecessor-version":[{"id":27931,"href":"https:\/\/www.v6.newmessage.org\/fr\/wp-json\/wp\/v2\/pages\/22376\/revisions\/27931"}],"up":[{"embeddable":true,"href":"https:\/\/www.v6.newmessage.org\/fr\/wp-json\/wp\/v2\/pages\/15090"}],"wp:attachment":[{"href":"https:\/\/www.v6.newmessage.org\/fr\/wp-json\/wp\/v2\/media?parent=22376"}],"wp:term":[{"taxonomy":"category","embeddable":true,"href":"https:\/\/www.v6.newmessage.org\/fr\/wp-json\/wp\/v2\/categories?post=22376"},{"taxonomy":"post_tag","embeddable":true,"href":"https:\/\/www.v6.newmessage.org\/fr\/wp-json\/wp\/v2\/tags?post=22376"}],"curies":[{"name":"wp","href":"https:\/\/api.w.org\/{rel}","templated":true}]}}