{"id":223,"date":"2012-05-21T22:15:49","date_gmt":"2012-05-21T22:15:49","guid":{"rendered":"http:\/\/wp.www.newmessage.org\/?p=223"},"modified":"2016-03-27T19:36:18","modified_gmt":"2016-03-27T19:36:18","slug":"dois-je-me-convertir-ou-devenir-disciple-du-nouveau-message-afin-de-le-recevoir","status":"publish","type":"page","link":"https:\/\/www.v6.newmessage.org\/fr\/introduction-au-nouveau-message\/faq\/dois-je-me-convertir-ou-devenir-disciple-du-nouveau-message-afin-de-le-recevoir","title":{"rendered":"Dois-je me convertir ou devenir disciple du Nouveau Message afin de le recevoir ?"},"content":{"rendered":"<p>&nbsp;<\/p>\n<p>Non. Recevoir le Nouveau Message consiste \u00e0 recevoir sa sagesse et son enseignement concernant la Connaissance de soi, le but, les relations, l&rsquo;unit\u00e9, la coop\u00e9ration et l&rsquo;\u00e9mergence de l&rsquo;humanit\u00e9 au sein d&rsquo;une Grande Communaut\u00e9 de vie intelligente dans l&rsquo;univers.<\/p>\n<p>Recevez donc le Nouveau Message et donnez-le \u00e0 votre peuple, \u00e0 votre nation, \u00e0 votre tribu, \u00e0 votre religion, et reconnaissez les grandes forces qui menacent de saper la survie, la libert\u00e9 et la souverainet\u00e9 de l&rsquo;humanit\u00e9 dans ce monde. Un nouvel engagement doit \u00eatre pris pour la libert\u00e9 et l&rsquo;unit\u00e9 de l&rsquo;humanit\u00e9, ainsi que pour la pr\u00e9servation de la plan\u00e8te. Cet engagement ne peut provenir que de la profonde Connaissance que Dieu a plac\u00e9e en chaque personne.<\/p>\n<p>Vous pouvez ainsi \u00eatre un bouddhiste avec un engagement et une conscience englobant la r\u00e9alit\u00e9 de la Grande Communaut\u00e9. Vous pouvez \u00eatre un musulman avec un engagement et une conscience englobant la r\u00e9alit\u00e9 de la Grande Communaut\u00e9. Vous pouvez \u00eatre un catholique ou un protestant ou pratiquer toute autre religion ou chemin spirituel que vous avez choisi, mais avec une perspective plus vaste. Car il est ici important de comprendre que Dieu ne cherche pas \u00e0 susciter une nouvelle religion, mais un nouvel entendement, une nouvelle conscience et un nouvel engagement. Et ces choses doivent \u00eatre pr\u00e9sentes au sein de toutes les nations et de toutes les religions humaines.<\/p>\n<p>Cependant, il y en a certains pour qui le Nouveau Message sera leur chemin et leur voie, et ils seront les premiers \u00e0 le recevoir ainsi que ses premiers pratiquants. Ils ressentiront qu&rsquo;on leur a donn\u00e9 ce qu&rsquo;ils recherchaient jusque l\u00e0, une nouvelle voie. Pour tous les autres, le Nouveau Message offre une conscience plus large, un entendement plus vaste, un pouvoir et un engagement plus grands, qui doivent trouver leur expression dans la famille humaine toute enti\u00e8re.<\/p>\n<p>Recevez alors le Nouveau Message. Prenez-le en votre c\u0153ur et en votre esprit, apportez-le \u00e0 votre famille, \u00e0 votre communaut\u00e9, \u00e0 votre tradition religieuse, \u00e0 votre nation et laissez-le impr\u00e9gner votre compr\u00e9hension du monde, et vous aurez alors re\u00e7u le Nouveau Message de Dieu.<\/p>\n<p>&nbsp;<\/p>\n","protected":false},"excerpt":{"rendered":"<p>&nbsp; Non. Recevoir le Nouveau Message consiste \u00e0 recevoir sa sagesse et son enseignement concernant la Connaissance de soi, le but, les relations, l&rsquo;unit\u00e9, la coop\u00e9ration et l&rsquo;\u00e9mergence de l&rsquo;humanit\u00e9 au sein d&rsquo;une Grande Communaut\u00e9 de vie intelligente dans l&rsquo;univers. Recevez donc le Nouveau Message et donnez-le \u00e0 votre peuple, \u00e0 votre nation, \u00e0 votre\u2026 <a class=\"read-more\" href=\"https:\/\/www.v6.newmessage.org\/fr\/introduction-au-nouveau-message\/faq\/dois-je-me-convertir-ou-devenir-disciple-du-nouveau-message-afin-de-le-recevoir\"><span>Read More<\/span><\/a><\/p>\n","protected":false},"author":1,"featured_media":0,"parent":12778,"menu_order":1,"comment_status":"closed","ping_status":"closed","template":"template-leftsidebar.php","meta":{"_monsterinsights_skip_tracking":false,"_monsterinsights_sitenote_active":false,"_monsterinsights_sitenote_note":"","_monsterinsights_sitenote_category":0,"footnotes":""},"categories":[61],"tags":[],"_links":{"self":[{"href":"https:\/\/www.v6.newmessage.org\/fr\/wp-json\/wp\/v2\/pages\/223"}],"collection":[{"href":"https:\/\/www.v6.newmessage.org\/fr\/wp-json\/wp\/v2\/pages"}],"about":[{"href":"https:\/\/www.v6.newmessage.org\/fr\/wp-json\/wp\/v2\/types\/page"}],"author":[{"embeddable":true,"href":"https:\/\/www.v6.newmessage.org\/fr\/wp-json\/wp\/v2\/users\/1"}],"replies":[{"embeddable":true,"href":"https:\/\/www.v6.newmessage.org\/fr\/wp-json\/wp\/v2\/comments?post=223"}],"version-history":[{"count":7,"href":"https:\/\/www.v6.newmessage.org\/fr\/wp-json\/wp\/v2\/pages\/223\/revisions"}],"predecessor-version":[{"id":27655,"href":"https:\/\/www.v6.newmessage.org\/fr\/wp-json\/wp\/v2\/pages\/223\/revisions\/27655"}],"up":[{"embeddable":true,"href":"https:\/\/www.v6.newmessage.org\/fr\/wp-json\/wp\/v2\/pages\/12778"}],"wp:attachment":[{"href":"https:\/\/www.v6.newmessage.org\/fr\/wp-json\/wp\/v2\/media?parent=223"}],"wp:term":[{"taxonomy":"category","embeddable":true,"href":"https:\/\/www.v6.newmessage.org\/fr\/wp-json\/wp\/v2\/categories?post=223"},{"taxonomy":"post_tag","embeddable":true,"href":"https:\/\/www.v6.newmessage.org\/fr\/wp-json\/wp\/v2\/tags?post=223"}],"curies":[{"name":"wp","href":"https:\/\/api.w.org\/{rel}","templated":true}]}}