{"id":221,"date":"2011-04-24T11:30:40","date_gmt":"2011-04-24T11:30:40","guid":{"rendered":"http:\/\/wp.www.newmessage.org\/?p=221"},"modified":"2016-03-27T19:33:23","modified_gmt":"2016-03-27T19:33:23","slug":"comment-dieu-communique-t-il-avec-vous","status":"publish","type":"page","link":"https:\/\/www.v6.newmessage.org\/fr\/introduction-au-nouveau-message\/faq\/comment-dieu-communique-t-il-avec-vous","title":{"rendered":"Comment Dieu communique t-Il avec vous ?"},"content":{"rendered":"<h1><\/h1>\n<p><i>\u00ab Gr\u00e2ce \u00e0 la Connaissance, vous pouvez ressentir la pr\u00e9sence de toutes les relations. <\/i><\/p>\n<p><i>C&rsquo;est faire l&rsquo;exp\u00e9rience de Dieu. \u00bb<\/i><\/p>\n<p>Dieu est la Source de la Connaissance en vous, la Connaissance \u00e9tant l&rsquo;esprit plus profond que le Cr\u00e9ateur vous a donn\u00e9, \u00e0 vous comme \u00e0 tous les \u00eatres sensibles dans l&rsquo;univers.<\/p>\n<p>Dieu a cr\u00e9\u00e9 l&rsquo;univers physique, mais pas de la fa\u00e7on dont vous pourriez le penser. Dieu a mis en mouvement un processus d&rsquo;\u00e9volution dans l&rsquo;univers physique, de mani\u00e8re \u00e0 occuper tout l&rsquo;espace et le temps pour ceux qui vivent dans l&rsquo;espace et dans le temps, pour ceux qui sont s\u00e9par\u00e9s du Cr\u00e9ateur par leur propre volont\u00e9 et leurs propres intentions.<\/p>\n<p>Pour comprendre l&rsquo;affirmation comme quoi Dieu est le Cr\u00e9ateur de la Connaissance en vous, vous devez comprendre la diff\u00e9rence entre votre Esprit, issu de la r\u00e9alit\u00e9 spirituelle, et votre mental, issu de ce monde. Vous devez comprendre la diff\u00e9rence entre votre Esprit, votre mental et votre corps.<\/p>\n<p>La Connaissance en vous repr\u00e9sente votre connexion \u00e0 Dieu et \u00e0 votre vie au-del\u00e0 de ce monde. Cette connexion existe \u00e0 la fois dans toute religion v\u00e9ritable et au-del\u00e0 de toute religion. La Connaissance est pure et permanente, et elle est hors de port\u00e9e de toute puissance ou influence de ce monde.<\/p>\n<p>Le Nouveau Message vous enseignera comment comprendre ces choses de la mani\u00e8re la plus claire qui soit. Cependant, parce que cela constitue un nouveau seuil et un nouvel entendement pour l&rsquo;humanit\u00e9, du temps et de l&rsquo;encouragement sera n\u00e9cessaire de la part des autres qui apprennent \u00e0 vos c\u00f4t\u00e9s. Apprendre quelque chose pour la premi\u00e8re fois, alors que tout le monde autour de vous fonctionne avec des valeurs et des suppositions diff\u00e9rentes, est un d\u00e9fi et vous expose \u00e0 des difficult\u00e9s.<\/p>\n<p>Si vous pouvez percevoir que la Connaissance en vous est la partie de vous qui est permanente, la partie de vous qui a \u00e9t\u00e9 cr\u00e9e par Dieu et qui est toujours connect\u00e9e \u00e0 Dieu, la partie de vous qui a \u00e9t\u00e9 impr\u00e9gn\u00e9e par la sagesse de Dieu pour guider et prot\u00e9ger votre vie dans ce monde et \u00e0 cette \u00e9poque, alors vous pouvez commencer \u00e0 percevoir la nature de cette paternit\u00e9 Divine et pourquoi elle est si cruciale pour vous qui recherchez un but, un sens et une direction v\u00e9ritables dans votre vie.<\/p>\n<p>&nbsp;<\/p>\n","protected":false},"excerpt":{"rendered":"<p>\u00ab Gr\u00e2ce \u00e0 la Connaissance, vous pouvez ressentir la pr\u00e9sence de toutes les relations. C&rsquo;est faire l&rsquo;exp\u00e9rience de Dieu. \u00bb Dieu est la Source de la Connaissance en vous, la Connaissance \u00e9tant l&rsquo;esprit plus profond que le Cr\u00e9ateur vous a donn\u00e9, \u00e0 vous comme \u00e0 tous les \u00eatres sensibles dans l&rsquo;univers. Dieu a cr\u00e9\u00e9 l&rsquo;univers\u2026 <a class=\"read-more\" href=\"https:\/\/www.v6.newmessage.org\/fr\/introduction-au-nouveau-message\/faq\/comment-dieu-communique-t-il-avec-vous\"><span>Read More<\/span><\/a><\/p>\n","protected":false},"author":1,"featured_media":0,"parent":12778,"menu_order":7,"comment_status":"closed","ping_status":"closed","template":"template-leftsidebar.php","meta":{"_monsterinsights_skip_tracking":false,"_monsterinsights_sitenote_active":false,"_monsterinsights_sitenote_note":"","_monsterinsights_sitenote_category":0,"footnotes":""},"categories":[61],"tags":[],"_links":{"self":[{"href":"https:\/\/www.v6.newmessage.org\/fr\/wp-json\/wp\/v2\/pages\/221"}],"collection":[{"href":"https:\/\/www.v6.newmessage.org\/fr\/wp-json\/wp\/v2\/pages"}],"about":[{"href":"https:\/\/www.v6.newmessage.org\/fr\/wp-json\/wp\/v2\/types\/page"}],"author":[{"embeddable":true,"href":"https:\/\/www.v6.newmessage.org\/fr\/wp-json\/wp\/v2\/users\/1"}],"replies":[{"embeddable":true,"href":"https:\/\/www.v6.newmessage.org\/fr\/wp-json\/wp\/v2\/comments?post=221"}],"version-history":[{"count":14,"href":"https:\/\/www.v6.newmessage.org\/fr\/wp-json\/wp\/v2\/pages\/221\/revisions"}],"predecessor-version":[{"id":27652,"href":"https:\/\/www.v6.newmessage.org\/fr\/wp-json\/wp\/v2\/pages\/221\/revisions\/27652"}],"up":[{"embeddable":true,"href":"https:\/\/www.v6.newmessage.org\/fr\/wp-json\/wp\/v2\/pages\/12778"}],"wp:attachment":[{"href":"https:\/\/www.v6.newmessage.org\/fr\/wp-json\/wp\/v2\/media?parent=221"}],"wp:term":[{"taxonomy":"category","embeddable":true,"href":"https:\/\/www.v6.newmessage.org\/fr\/wp-json\/wp\/v2\/categories?post=221"},{"taxonomy":"post_tag","embeddable":true,"href":"https:\/\/www.v6.newmessage.org\/fr\/wp-json\/wp\/v2\/tags?post=221"}],"curies":[{"name":"wp","href":"https:\/\/api.w.org\/{rel}","templated":true}]}}