{"id":216,"date":"2011-04-24T11:28:11","date_gmt":"2011-04-24T11:28:11","guid":{"rendered":"http:\/\/wp.www.newmessage.org\/?p=216"},"modified":"2016-03-19T23:17:01","modified_gmt":"2016-03-19T23:17:01","slug":"quest-ce-que-dieu","status":"publish","type":"page","link":"https:\/\/www.v6.newmessage.org\/fr\/introduction-au-nouveau-message\/faq\/quest-ce-que-dieu","title":{"rendered":"Qu\u2019est-ce que Dieu ?"},"content":{"rendered":"<p lang=\"fr-FR\">\n<p lang=\"fr-FR\"><i>\u00ab Vous ne porterez pas ici votre attention sur un Dieu de votre monde et de votre temps, mais sur un Dieu de tous les mondes et de tous les temps. \u00bb<\/i><\/p>\n<p lang=\"fr-FR\">Dans le Nouveau Message, Dieu est envisag\u00e9 dans le contexte plus vaste de l\u2019univers tout entier plut\u00f4t que dans le contexte de ce seul monde. La destin\u00e9e de l\u2019humanit\u00e9 est d\u2019\u00e9merger dans cette Grande Communaut\u00e9 de vie intelligente.<\/p>\n<p>Dans <i>La Spiritualit\u00e9 de la Grande Communaut\u00e9<\/i>, le livre de th\u00e9ologie du Nouveau Message, Dieu est d\u00e9crit de la mani\u00e8re suivante :<\/p>\n<p lang=\"fr-FR\"><i>\u00ab Dans la Grande Communaut\u00e9, Dieu est total. Dans votre monde, Dieu est un Dieu de votre monde, un Dieu de votre race, un Dieu de votre histoire, un Dieu de votre temp\u00e9rament, un Dieu de vos peurs et de vos aspirations, un Dieu de vos grands h\u00e9ros, un Dieu de vos grandes trag\u00e9dies, un Dieu qui est associ\u00e9 \u00e0 votre tribu et \u00e0 votre \u00e9poque. Mais dans la Grande Communaut\u00e9, Dieu est tellement plus grand, tellement total \u2013 au-del\u00e0 des d\u00e9finitions de toutes les races, au-del\u00e0 de l\u2019histoire de ces races, au-del\u00e0 du temp\u00e9rament, des peurs et des aspirations de ces races, au-del\u00e0 de la port\u00e9e de n\u2019importe quelle philosophie individuelle ou collective. Et cependant, vous trouvez Dieu dans un \u00e9lan pur, dans un moment de reconnaissance hors du temps, dans le d\u00e9sir d\u2019agir au-del\u00e0 de la sph\u00e8re de vos propres int\u00e9r\u00eats et de vos motifs personnels, dans la reconnaissance de quelqu&rsquo;un d&rsquo;autre, dans ce qui vous pousse \u00e0 donner, dans l\u2019exp\u00e9rience inexplicable de l\u2019affinit\u00e9. Ces choses-l\u00e0 peuvent \u00eatre traduites. C\u2019est Dieu en action. Pour vous, c\u2019est Dieu.<\/i><\/p>\n<p lang=\"fr-FR\"><i>Pensez \u00e0 pr\u00e9sent \u00e0 Dieu au sein de la Grande Communaut\u00e9 \u2013 non pas un Dieu humain, non pas un Dieu de votre histoire \u00e9crite, non pas un Dieu de vos \u00e9preuves et de vos tribulations, mais un Dieu pour toutes les \u00e9poques, pour toutes les races, pour toutes les dimensions, pour ceux qui sont primitifs et pour ceux qui sont avanc\u00e9s, pour ceux qui pensent comme vous et pour ceux qui pensent compl\u00e8tement diff\u00e9remment, pour ceux qui croient et pour ceux pour lesquels la croyance est inexplicable. C&rsquo;est le Dieu de la Grande Communaut\u00e9. Et c\u2019est par l\u00e0 que vous devez commencer. \u00bb<\/i><\/p>\n<p><em>La Spiritualit\u00e9 de la Grande Communaut\u00e9 : <\/em><i>Une Nouvelle R\u00e9v\u00e9lation. Chapitre 1 : Qu\u2019est-ce que Dieu ?<\/i><\/p>\n<p lang=\"fr-FR\">\n","protected":false},"excerpt":{"rendered":"<p>\u00ab Vous ne porterez pas ici votre attention sur un Dieu de votre monde et de votre temps, mais sur un Dieu de tous les mondes et de tous les temps. \u00bb Dans le Nouveau Message, Dieu est envisag\u00e9 dans le contexte plus vaste de l\u2019univers tout entier plut\u00f4t que dans le contexte de ce\u2026 <a class=\"read-more\" href=\"https:\/\/www.v6.newmessage.org\/fr\/introduction-au-nouveau-message\/faq\/quest-ce-que-dieu\"><span>Read More<\/span><\/a><\/p>\n","protected":false},"author":1,"featured_media":0,"parent":12778,"menu_order":6,"comment_status":"closed","ping_status":"closed","template":"template-leftsidebar.php","meta":{"_monsterinsights_skip_tracking":false,"_monsterinsights_sitenote_active":false,"_monsterinsights_sitenote_note":"","_monsterinsights_sitenote_category":0,"footnotes":""},"categories":[61],"tags":[],"_links":{"self":[{"href":"https:\/\/www.v6.newmessage.org\/fr\/wp-json\/wp\/v2\/pages\/216"}],"collection":[{"href":"https:\/\/www.v6.newmessage.org\/fr\/wp-json\/wp\/v2\/pages"}],"about":[{"href":"https:\/\/www.v6.newmessage.org\/fr\/wp-json\/wp\/v2\/types\/page"}],"author":[{"embeddable":true,"href":"https:\/\/www.v6.newmessage.org\/fr\/wp-json\/wp\/v2\/users\/1"}],"replies":[{"embeddable":true,"href":"https:\/\/www.v6.newmessage.org\/fr\/wp-json\/wp\/v2\/comments?post=216"}],"version-history":[{"count":7,"href":"https:\/\/www.v6.newmessage.org\/fr\/wp-json\/wp\/v2\/pages\/216\/revisions"}],"predecessor-version":[{"id":27421,"href":"https:\/\/www.v6.newmessage.org\/fr\/wp-json\/wp\/v2\/pages\/216\/revisions\/27421"}],"up":[{"embeddable":true,"href":"https:\/\/www.v6.newmessage.org\/fr\/wp-json\/wp\/v2\/pages\/12778"}],"wp:attachment":[{"href":"https:\/\/www.v6.newmessage.org\/fr\/wp-json\/wp\/v2\/media?parent=216"}],"wp:term":[{"taxonomy":"category","embeddable":true,"href":"https:\/\/www.v6.newmessage.org\/fr\/wp-json\/wp\/v2\/categories?post=216"},{"taxonomy":"post_tag","embeddable":true,"href":"https:\/\/www.v6.newmessage.org\/fr\/wp-json\/wp\/v2\/tags?post=216"}],"curies":[{"name":"wp","href":"https:\/\/api.w.org\/{rel}","templated":true}]}}