{"id":20897,"date":"2015-08-12T17:43:27","date_gmt":"2015-08-12T17:43:27","guid":{"rendered":"http:\/\/www.newmessage.org\/?page_id=20897"},"modified":"2017-09-16T20:19:21","modified_gmt":"2017-09-16T20:19:21","slug":"la-revelation-se-poursuit-a-ce-jour","status":"publish","type":"page","link":"https:\/\/www.v6.newmessage.org\/fr\/le-message\/la-revelation-se-poursuit-a-ce-jour","title":{"rendered":"La R\u00e9v\u00e9lation se poursuit \u00e0 ce jour&#8230;"},"content":{"rendered":"<p>Le Messager <a href=\"\/gods-messenger\/qui-est-marshallviansummers\">Marshall Vian Summers<\/a> est \u00e0 pr\u00e9sent engag\u00e9 dans le projet historique consistant \u00e0 compiler les livres et les volumes du Nouveau Message de Dieu dans son enti\u00e8ret\u00e9. Parall\u00e8lement \u00e0 cela, le myst\u00e9rieux processus de R\u00e9v\u00e9lation se poursuit. Dieu continue \u00e0 ce jour, par l&rsquo;interm\u00e9diaire de l&rsquo;Assembl\u00e9e Ang\u00e9lique, \u00e0 apporter de nouvelles R\u00e9v\u00e9lations \u00e0 travers le Messager, R\u00e9v\u00e9lations qui trouveront au bout du compte leur place dans les livres et les volumes du Nouveau Message.<\/p>\n<p>Aussi, \u00e0 mesure que le Messager progresse dans ce travail historique de compilation, et \u00e0 mesure que Dieu et l&rsquo;Assembl\u00e9e Ang\u00e9lique continuent de r\u00e9v\u00e9ler davantage \u00e0 travers leur Messager, les livres et les volumes disponibles sur <em>www.newmessage.org<\/em> continuent de cro\u00eetre, ouvrant de nouvelles dimensions, nous conduisant et nous pr\u00e9parant pour les temps \u00e0 venir.<\/p>\n<p>Nous vivons \u00e0 une \u00e9poque de R\u00e9v\u00e9lation. Nous avons la grande b\u00e9n\u00e9diction d&rsquo;\u00eatre t\u00e9moins du processus de R\u00e9v\u00e9lation qui se d\u00e9ploie sous nos yeux. Nous sommes privil\u00e9gi\u00e9s d&rsquo;\u00eatre t\u00e9moins du travail de compilation du Messager de Dieu pr\u00e9parant un nouveau testament pour l&rsquo;humanit\u00e9, lui-m\u00eame, durant son vivant et en accord avec la direction qui lui est donn\u00e9e par le Cr\u00e9ateur. Cela contraste avec le fait que les livres de R\u00e9v\u00e9lations du pass\u00e9 n&rsquo;ont pas \u00e9t\u00e9 compil\u00e9s ni pr\u00e9sent\u00e9s par leurs Messagers eux-m\u00eames de leur vivant, conduisant par l\u00e0 m\u00eame, dans le temps, \u00e0 des probl\u00e8mes d&rsquo;interpr\u00e9tation et de corruption des textes originels.<\/p>\n<h3>La pr\u00e9paration du processus de r\u00e9v\u00e9lation et de compilation<\/h3>\n<p>Comptant plus de 9000 pages de texte (avec pratiquement 1000 r\u00e9v\u00e9lations sous forme audio \u00e0 leur source), le Nouveau Message de Dieu est la R\u00e9v\u00e9lation la plus large et la plus compl\u00e8te jamais donn\u00e9e \u00e0 l&rsquo;humanit\u00e9. Une r\u00e9v\u00e9lation donn\u00e9e \u00e0 pr\u00e9sent \u00e0 un monde qui sait lire et \u00e9crire, dont les communications sont mondiales et dont la conscience plan\u00e9taire grandit.<\/p>\n<p>Ce corpus de textes sacr\u00e9s, par son ampleur et sa profondeur, d\u00e9passe celui des R\u00e9v\u00e9lations pr\u00e9c\u00e9dentes. Il a \u00e9t\u00e9 donn\u00e9 pour r\u00e9pondre \u00e0 un ensemble complexe de besoins et de d\u00e9fis plan\u00e9taires auxquels notre monde moderne est confront\u00e9, \u00e0 la fois maintenant et dans l&rsquo;avenir.<\/p>\n<p>Chaque jour qui passe, et avec ses moyens limit\u00e9s, la<em> Society for the New Message from God<\/em> (<em>La Soci\u00e9t\u00e9 pour le Nouveau Message de Dieu<\/em>) \u0153uvre pour pr\u00e9senter cette grande R\u00e9v\u00e9lation et pour la rendre accessible au monde dans autant de langues que possible (22 langues aujourd&rsquo;hui), dans de multiples formats (en ligne, en imprim\u00e9, en ebook, en vid\u00e9o), afin que les gens de tous les continents et de tous les pays puissent y avoir acc\u00e8s.<\/p>\n<p>Et cependant, en coulisses, un projet encore plus grand est en cours. Le Messager se rapproche de l&rsquo;accomplissement de sa grande t\u00e2che consistant \u00e0 compiler le Nouveau Message de Dieu sous la forme du Livre Unique pr\u00e9sentant ce nouveau testament au monde.<\/p>\n<h4>Le Livre Unique du Nouveau Message<\/h4>\n<h4><a href=\"https:\/\/www.newmessage.org\/wp-content\/uploads\/2015\/08\/Volume-1-CD-Cover.jpg\"><img decoding=\"async\" class=\"size-medium imgborder alignright\" src=\"https:\/\/www.newmessage.org\/wp-content\/uploads\/2015\/08\/Volume-1-CD-Cover-172x300.jpg\" alt=\"The New Message from God\" \/><\/a><\/h4>\n<h4><\/h4>\n<p>&nbsp;<\/p>\n<p>L&rsquo;Assembl\u00e9e Ang\u00e9lique a demand\u00e9 au Messager d&rsquo;unifier le Nouveau Message en un testament unique pour l&rsquo;humanit\u00e9. Ce testament sera divis\u00e9 en volumes, chaque volume divis\u00e9 en livres, chaque livre divis\u00e9 en chapitres et le texte de chaque chapitre pr\u00e9sent\u00e9 sous forme de versets. Ainsi la future structure du Nouveau Message peut \u00eatre d\u00e9crite de la fa\u00e7on suivante : <strong>Volume &gt; Livre &gt; Chapitre &gt; Verset<\/strong>. Ces volumes, ces livres et ces chapitres seront finalement unifi\u00e9s tous ensemble en un testament unique : Le Nouveau Message de Dieu.<\/p>\n<p>Dans le Nouveau Message, il y deux types de livres : ceux donn\u00e9s en tant que livres par la Source et ceux compil\u00e9s en livres par le Messager \u00e0 partir de centaines de r\u00e9v\u00e9lations en attente de compilation.<\/p>\n<p>Ces r\u00e9v\u00e9lations en attente de compilation ont \u00e9t\u00e9 re\u00e7ues sur une p\u00e9riode de plus de 44 ans et, dans les\u00a0ann\u00e9es plus r\u00e9centes, en des lieux diff\u00e9rents dans le monde. Ces r\u00e9v\u00e9lations sont maintenant en train d&rsquo;\u00eatre compil\u00e9es en livres par le Messager, qui lui seul a \u00e9t\u00e9 charg\u00e9 de cette t\u00e2che consistant \u00e0 organiser et \u00e0 pr\u00e9senter le Nouveau Message de Dieu. Ainsi, c&rsquo;est la t\u00e2che du Messager de rassembler les r\u00e9v\u00e9lations individuelles et de les unir aux livres existants du Nouveau Message pour constituer un testament complet pour l&rsquo;humanit\u00e9. En plus de cela, le Messager doit pr\u00e9senter ce testament \u00e0 l&rsquo;humanit\u00e9 et l&rsquo;amener \u00e0 ceux qui, partout dans le monde, sont pr\u00eats \u00e0 le recevoir. Il s&rsquo;agit d&rsquo;une t\u00e2che monumentale.<\/p>\n<p>La compilation du Nouveau Message tout entier est un travail de longue haleine. Au m\u00eame moment, la R\u00e9v\u00e9lation continue \u00e0 \u00eatre re\u00e7ue avec de nouveaux enseignements donn\u00e9s chaque ann\u00e9e. En cons\u00e9quence, la s\u00e9lection de chapitres dans chaque livre peut changer. De m\u00eame, les titres des livres peuvent eux-aussi changer pour refl\u00e9ter la port\u00e9e grandissante de chaque livre.<\/p>\n<p>Les livres du Nouveau Message seront finalement contenus dans six volumes. Chaque volume grandira ainsi en taille avec le temps, \u00e0 mesure que de nouvelles r\u00e9v\u00e9lations seront donn\u00e9es par la Source et \u00e0 mesure que le Messager compilera de nouveaux livres et les placera dans leurs volumes respectifs.<\/p>\n<p>Au final, les six volumes seront joints ensemble en un unique testament pour l&rsquo;humanit\u00e9. Ce nouveau testament contiendra chaque mot du Nouveau Message de Dieu pour le monde.<\/p>\n<p>Pour la premi\u00e8re fois dans l&rsquo;histoire, le Messager lui-m\u00eame compile et pr\u00e9sente le pur texte de la R\u00e9v\u00e9lation de Dieu. De ce fait, le Messager scelle la puret\u00e9 des textes du Nouveau Message de Dieu et vous les donne, \u00e0 vous, au monde et aux g\u00e9n\u00e9rations futures. Que ces textes soient lus aujourd&rsquo;hui ou dans 500 ans, la communication originelle de Dieu parlera de ces pages avec la m\u00eame intimit\u00e9, la m\u00eame puret\u00e9 et le m\u00eame pouvoir que le jour o\u00f9 elle a \u00e9t\u00e9 re\u00e7ue.<\/p>\n<p>De plus, un grand nombre des enregistrements audios de ces R\u00e9v\u00e9lations parl\u00e9es seront rendus publics en m\u00eame temps que leur transcription, offrant ainsi \u00e0 chacun une place intime \u00e0 proximit\u00e9 de ce moment initial o\u00f9 la communication de Dieu au monde a eu lieu, de ce jour, de ce lieu et de ce moment o\u00f9 elle fut parl\u00e9e. Il est en effet remarquable que, pour la premi\u00e8re fois de l&rsquo;histoire, la Voix de la R\u00e9v\u00e9lation ait \u00e9t\u00e9 pr\u00e9serv\u00e9e et sera ainsi accessible dans l&rsquo;avenir pour que chacun puisse en faire l&rsquo;exp\u00e9rience.<\/p>\n<p>Ce cadeau est offert au monde en ce moment m\u00eame. Il est n\u00e9 de l&rsquo;amour du Cr\u00e9ateur, un grand amour qui a le pouvoir de r\u00e9veiller la Connaissance au c\u0153ur de la famille humaine et de pr\u00e9parer et de prot\u00e9ger l&rsquo;humanit\u00e9 alors qu&rsquo;elle est face \u00e0 ses plus grandes \u00e9preuves dans l&rsquo;avenir.<\/p>\n<h4>Livres en ligne<\/h4>\n<p>La <em>Society<\/em> s&rsquo;efforce de rendre le Nouveau Message accessible gratuitement en ligne pour le monde. Actuellement, un certain nombre de livres du Nouveau Message sont disponibles gratuitement \u00e0 www.newmessage.org. Vous pouvez explorer la biblioth\u00e8que des livres gratuits en ligne.<\/p>\n<h4>Livres au format papier<\/h4>\n<p>La <em>Society<\/em> offre actuellement certain des livres du Nouveau Message sous format papier. Cependant, du fait de la taille immense de la partie du Nouveau Message r\u00e9v\u00e9l\u00e9e, la <em>Society<\/em> n&rsquo;est pas encore en mesure de publier sous forme imprim\u00e9e les six volumes du Nouveau Message pour l&rsquo;instant. Pour acheter une copie des livres actuellement disponibles, veuillez visiter la boutique de la <a href=\"http:\/\/www.newknowledgelibrary.org\">New Knowledge Library<\/a>.<\/p>\n<h4>CD et mp3<\/h4>\n<p>Certaines r\u00e9v\u00e9lations relatives \u00e0 l&rsquo;\u00e9tude du Nouveau Message sont disponibles \u00e0 l&rsquo;achat sous forme de CD ou de mp3. La <em>Society<\/em> propose ces enseignements \u00e0 un co\u00fbt modeste \u00e0 la boutique de la New Knowledge Library en raison des r\u00e9alit\u00e9s financi\u00e8res li\u00e9es \u00e0 la n\u00e9cessit\u00e9 d&rsquo;atteindre le monde entier avec le Nouveau Message.<\/p>\n<h4>Le <em>Free Book Project<\/em><\/h4>\n<p>Avec un soutien financier plus important, la <em>Society<\/em> sera en mesure de rendre davantage de ces enseignements de sagesse accessibles gratuitement en ligne. En plus de cela, le <a href=\"https:\/\/www.newmessage.org\/the-message\/free-book-project\">Free Book Project<\/a> de la <em>Society<\/em> offre une copie des livres et des mp3 des r\u00e9v\u00e9lations du Nouveau Message actuellement disponibles \u00e0 ceux qui n&rsquo;ont pas les moyens de les acheter. Nous vous invitons \u00e0 faire un don pour soutenir le <em>Free Book Project<\/em>, afin que de plus en plus de gens dans le besoin puissent avoir acc\u00e8s au Nouveau Message de Dieu.<\/p>\n<h4>Publications futures<\/h4>\n<p>La <em>Society<\/em> continuera \u00e0 mener \u00e0 bien sa vision de publication de l&rsquo;enti\u00e8ret\u00e9 du Nouveau Message de Dieu, \u00e0 la fois sous la forme de ses livres et de ses volumes, et peut-\u00eatre un jour sous la forme d&rsquo;un livre unique, simplement intitul\u00e9 : \u00ab\u00a0Le Nouveau Message de Dieu\u00a0\u00bb. C&rsquo;est une entreprise \u00e9norme pour laquelle la <em>Society<\/em> a besoin de votre contribution et de votre participation. Envisagez, si vous le pouvez, la possibilit\u00e9 de faire un don ou de devenir un Pilier du Nouveau Message pour soutenir cette cause sacr\u00e9e. Nous vous remercions pour votre soutien.<\/p>\n","protected":false},"excerpt":{"rendered":"<p>Le Messager Marshall Vian Summers est \u00e0 pr\u00e9sent engag\u00e9 dans le projet historique consistant \u00e0 compiler les livres et les volumes du Nouveau Message de Dieu dans son enti\u00e8ret\u00e9. Parall\u00e8lement \u00e0 cela, le myst\u00e9rieux processus de R\u00e9v\u00e9lation se poursuit. Dieu continue \u00e0 ce jour, par l&rsquo;interm\u00e9diaire de l&rsquo;Assembl\u00e9e Ang\u00e9lique, \u00e0 apporter de nouvelles R\u00e9v\u00e9lations \u00e0\u2026 <a class=\"read-more\" href=\"https:\/\/www.v6.newmessage.org\/fr\/le-message\/la-revelation-se-poursuit-a-ce-jour\"><span>Read More<\/span><\/a><\/p>\n","protected":false},"author":24,"featured_media":0,"parent":15090,"menu_order":16,"comment_status":"closed","ping_status":"closed","template":"template-leftsidebar.php","meta":{"_monsterinsights_skip_tracking":false,"_monsterinsights_sitenote_active":false,"_monsterinsights_sitenote_note":"","_monsterinsights_sitenote_category":0,"footnotes":""},"categories":[],"tags":[630],"_links":{"self":[{"href":"https:\/\/www.v6.newmessage.org\/fr\/wp-json\/wp\/v2\/pages\/20897"}],"collection":[{"href":"https:\/\/www.v6.newmessage.org\/fr\/wp-json\/wp\/v2\/pages"}],"about":[{"href":"https:\/\/www.v6.newmessage.org\/fr\/wp-json\/wp\/v2\/types\/page"}],"author":[{"embeddable":true,"href":"https:\/\/www.v6.newmessage.org\/fr\/wp-json\/wp\/v2\/users\/24"}],"replies":[{"embeddable":true,"href":"https:\/\/www.v6.newmessage.org\/fr\/wp-json\/wp\/v2\/comments?post=20897"}],"version-history":[{"count":38,"href":"https:\/\/www.v6.newmessage.org\/fr\/wp-json\/wp\/v2\/pages\/20897\/revisions"}],"predecessor-version":[{"id":27799,"href":"https:\/\/www.v6.newmessage.org\/fr\/wp-json\/wp\/v2\/pages\/20897\/revisions\/27799"}],"up":[{"embeddable":true,"href":"https:\/\/www.v6.newmessage.org\/fr\/wp-json\/wp\/v2\/pages\/15090"}],"wp:attachment":[{"href":"https:\/\/www.v6.newmessage.org\/fr\/wp-json\/wp\/v2\/media?parent=20897"}],"wp:term":[{"taxonomy":"category","embeddable":true,"href":"https:\/\/www.v6.newmessage.org\/fr\/wp-json\/wp\/v2\/categories?post=20897"},{"taxonomy":"post_tag","embeddable":true,"href":"https:\/\/www.v6.newmessage.org\/fr\/wp-json\/wp\/v2\/tags?post=20897"}],"curies":[{"name":"wp","href":"https:\/\/api.w.org\/{rel}","templated":true}]}}