{"id":19248,"date":"2015-07-10T20:38:50","date_gmt":"2015-07-10T20:38:50","guid":{"rendered":"http:\/\/www.newmessage.org\/?page_id=19248"},"modified":"2017-09-11T19:18:50","modified_gmt":"2017-09-11T19:18:50","slug":"le-nouveau-message-de-dieu-pour-le-monde","status":"publish","type":"page","link":"https:\/\/www.v6.newmessage.org\/fr\/le-message\/volume-1\/dieu-a-parle-a-nouveau\/le-nouveau-message-de-dieu-pour-le-monde","title":{"rendered":"Le Nouveau Message de Dieu pour le monde"},"content":{"rendered":"<div><!-- 4.1 Verse --><\/div>\n\n<div class=\"tabgroup \"><ul class=\"tabs\"><li><a href=\"#tabs-1\">R\u00e9v\u00e9lation<\/a><\/li>\n<li><a href=\"#tabs-2\">Note<\/a><\/li><\/ul>\n <div id=\"tabs-1\"><br \/>\nEcoutez la r\u00e9v\u00e9lation originale en anglais :<\/p>\n<div id=\"jquery_jplayer_1\" class=\"jp-jplayer\"><\/div>\n\t\t\t\t<div id=\"jp_container_1\" class=\"jp-audio\">\n\t\t\t\t<div class=\"jp-type-single\"><div class=\"jp-control\"><a href=\"javascript:;\" class=\"jp-play\" tabindex=\"1\">play<\/a><a href=\"javascript:;\" class=\"jp-pause\" tabindex=\"1\">pause<\/a><\/div> <div class=\"jp-gui jp-interface\"><div class=\"jp-volume\"><div class=\"jp-volume-bar\"><div class=\"jp-volume-bar-value\"><\/div><\/div><\/div><div class=\"jp-progress\"><div class=\"jp-seek-bar\"><div class=\"jp-play-bar\"><\/div><\/div><\/div><\/div>\t\t\t\t\t<div class=\"jp-no-solution\"><span>Update Required<\/span>To play the media you will need to either update your browser to a recent version or update your <a href=\"http:\/\/get.adobe.com\/flashplayer\/\" target=\"_blank\">Flash plugin<\/a>.<\/div><\/div><\/div>\n\t\t\t<script type='text\/javascript'>\n\t\t\t\tjQuery(document).ready(function() {\n\t\t\t\t\tif (typeof (sermonMedia) == 'function') {\n\t\t\t\t\t\tsermonMedia.addAudio('', \"jquery_jplayer_1\");\n\t\t\t\t\t}\n\t\t\t\t\tjQuery.jPlayer.timeFormat.showHour = true;\n\t\t\t\t\tjQuery(\"#jquery_jplayer_1\").jPlayer({\n\t\t\t\t\t\tready: function(event) {\n\t\t\t\t\t\t\tjQuery(this).jPlayer(\"setMedia\", {mp3: 'https:\/\/www.newmessage.org\/av\/gods-new-message-for-the-world.mp3'});\n\t\t\t\t\t\t},\n\t\t\t\t\t\tplay: function() {\n\t\t\t\t\t\t\tjQuery(this).jPlayer(\"pauseOthers\");\n\t\t\t\t\t\t},\n\t\t\t\t\t\tswfPath: ThemeData.directory_uri+\"\/swf\",\n\t\t\t\t\t\tsolution: \"html, flash\",\n\t\t\t\t\t\tpreload: \"metadata\",\n\t\t\t\t\t\twmode: \"window\",\n\t\t\t\t\t\tsupplied: \"mp3\",\n\t\t\t\t\t\tcssSelectorAncestor: '#jp_container_1'\n\t\t\t\t\t});\n\t\t\t\t});\n\t\t\t<\/script><\/p>\n<p><a title=\"God's New Message for the World\" href=\"\/av\/gods-new-message-for-the-world.mp3\">T\u00e9l\u00e9charger<\/a> (utilisez le clic droit)<\/p>\n<p><em>Tel que r\u00e9v\u00e9l\u00e9<br \/>\n\u00e0 Marshall Vian Summers<br \/>\nle 28 f\u00e9vrier 2011<br \/>\n\u00e0 Boulder, Colorado<br \/>\n<\/em><\/p>\n<div class=\"toggle toggle-white\"><h4 class=\"trigger \"><span class=\"t_ico\"><\/span><a href=\"#\">\u00c0 propos de cet enregistrement<\/a><\/h4><div class=\"toggle_container \"><br \/>\n<p>Ce que vous entendez dans cet enregistrement audio est la voix de <a href=\"http:\/\/www.nouveaumessagededieu.org\/le-message\/important-terms#aa\" target=\"_blank\" rel=\"noopener noreferrer\">l&rsquo;Assembl\u00e9e Ang\u00e9lique<\/a> parlant \u00e0 travers le <a href=\"http:\/\/www.nouveaumessagededieu.org\/messager-de-dieu\" target=\"_blank\" rel=\"noopener noreferrer\">Messager Marshall Vian Summers<\/a>.<\/p>\n<p>Ici, la communication originale de Dieu, qui existe au-del\u00e0 des mots, est traduite en un langage et un entendement humains par <a href=\"http:\/\/www.nouveaumessagededieu.org\/le-message\/important-terms#aa\" target=\"_blank\" rel=\"noopener noreferrer\">l&rsquo;Assembl\u00e9e Ang\u00e9lique<\/a> qui veille sur le monde. L&rsquo;Assembl\u00e9e apporte alors le Message de Dieu \u00e0 travers le Messager.<\/p>\n<p>Dans ce processus remarquable, la <a href=\"http:\/\/www.nouveaumessagededieu.org\/le-message\/important-terms#vr\" target=\"_blank\" rel=\"noopener noreferrer\">Voix de la R\u00e9v\u00e9lation<\/a> parle \u00e0 nouveau. La Parole et le Son sont dans le monde. Pour la premi\u00e8re fois dans l&rsquo;histoire, l&rsquo;enregistrement de la r\u00e9v\u00e9lation parl\u00e9e originale est accessible pour que vous en fassiez l&rsquo;exp\u00e9rience.<\/p>\n<p>Puissiez-vous recevoir ce don de R\u00e9v\u00e9lation et puissiez-vous vous ouvrir \u00e0 son Message unique pour vous et pour votre vie.<\/p>\n<br \/>\n<\/div><\/div>\n<p><\/div>\n<div id=\"tabs-2\"><\/p>\n<p><em>Note aux lecteurs :<br \/>\nCette traduction a \u00e9t\u00e9 fournie \u00e0 la Society par des \u00e9tudiants du Nouveau Message qui se sont port\u00e9s volontaires pour traduire le texte original en anglais. Nous rendons cette traduction publique sous cette forme perfectible pour que les gens aient une chance de d\u00e9couvrir une portion du Nouveau Message dans leur propre langue.<\/em><\/p>\n<p><\/div>\n\t\t\t\t<div align=\"right\">\n\t\t\t<div class=\"fb-like\" data-href=\"\" data-layout=\"button_count\" data-action=\"like\" data-show-faces=\"false\" data-share=\"false\"><\/div>\n\t\t\t<div class=\"fb-share-button\" data-layout=\"button_count\"> <\/div>\n\t\t\t<div class=\"fb_iframe_widget\"><a href=\"https:\/\/twitter.com\/godsnewmessage?ref_src=twsrc%5Etfw\" class=\"twitter-follow-button\" data-show-count=\"false\">Follow @godsnewmessage<\/a><script async src=\"https:\/\/platform.twitter.com\/widgets.js\" charset=\"utf-8\"><\/script><\/div>\n\t\t\t<\/div> <\/div> \n\n<p>Le temps est venu de recevoir un Nouveau Message de Dieu. Il est temps de recevoir le don, le pouvoir et la b\u00e9n\u00e9diction. Il est temps de prendre conscience que Dieu a parl\u00e9 \u00e0 nouveau, apr\u00e8s un si long silence.<\/p>\n<p>Car l&rsquo;humanit\u00e9 est maintenant confront\u00e9e aux Grandes Vagues de changement \u2013 un grand changement environnemental, \u00e9conomique et social. Elle est face \u00e0 ses plus grands d\u00e9fis, \u00e0 ses obstacles les plus difficiles et \u00e0 son appel \u00e0 l&rsquo;unit\u00e9 et \u00e0 la coop\u00e9ration le plus important.<\/p>\n<p>Recevez alors le Nouveau Message et prenez-le \u00e0 c\u0153ur. Faites-en votre \u00e9tude. Faites-en votre priorit\u00e9. Ne le condamnez pas et ne le contestez pas, sans quoi vous ne serez pas en mesure de recevoir le pouvoir et la gr\u00e2ce, la sagesse et la force qu&rsquo;il apporte.<\/p>\n<p>Voyez le monde d\u2019aujourd\u2019hui \u00e0 un grand tournant, o\u00f9 un nombre de personnes toujours croissant boira \u00e0 un puits qui se tarit lentement. Regardez par-del\u00e0 l&rsquo;horizon, et pas seulement dans l\u2019avenir proche, et vous verrez les Grandes Vagues qui se pr\u00e9parent. Vous verrez que l&rsquo;humanit\u00e9 devra changer et s&rsquo;adapter \u00e0 un nouvel ensemble de circonstances et que la nature, si longtemps ignor\u00e9e et d\u00e9cri\u00e9e, va d\u00e9sormais fixer les termes de l&rsquo;engagement.<\/p>\n<p>Le temps est venu d\u2019un grand bilan. Il est temps de vraiment faire les comptes. Ce n&rsquo;est pas la fin pour l&rsquo;humanit\u00e9, mais il s\u2019agit d\u2019un grand tournant. Et cela repr\u00e9sente un nouveau d\u00e9part \u2013 un nouveau d\u00e9part qui ne peut \u00eatre ni \u00e9vit\u00e9, ni n\u00e9glig\u00e9.<\/p>\n<p>Les sots persisteront dans leur sottise. Ceux qui sont aveugles continueront \u00e0 penser que l&rsquo;avenir sera semblable au pass\u00e9. Et ceux qui n\u2019ont pas conscience de ce qui se passe proclameront qu&rsquo;ils savent ce qu&rsquo;il faut faire pour le monde.<\/p>\n<p>Mais malgr\u00e9 les d\u00e9clarations et les th\u00e9ories les plus grandes et les plus pr\u00e9cises, une Nouvelle R\u00e9v\u00e9lation vous est n\u00e9cessaire, sans quoi les obstacles seront trop grands et trop impressionnants, les dangers trop \u00e9crasants, l&rsquo;esprit humain trop faible et trop dispers\u00e9 et les nations trop divis\u00e9es, trop focalis\u00e9es sur leurs propres int\u00e9r\u00eats et trop querelleuses.<\/p>\n<p>C\u2019est une \u00e9poque o\u00f9 l&rsquo;humanit\u00e9 devra revoir sa position dans le monde et renoncer \u00e0 ses priorit\u00e9s de croissance et d&rsquo;expansion pour se r\u00e9orienter vers la stabilit\u00e9, la s\u00e9curit\u00e9 et le bien-\u00eatre du monde et de ses peuples.<\/p>\n<p>C&rsquo;est une \u00e9poque o\u00f9 une vision est n\u00e9cessaire, une \u00e9poque qui remettra en question ceux qui ont b\u00e2ti leur carri\u00e8re sur leurs th\u00e9ories et leurs syst\u00e8mes de croyance ; un temps o\u00f9 le bien-\u00eatre de vos enfants et de leurs propres enfants devra \u00eatre s\u00e9rieusement envisag\u00e9 au lieu d\u2019\u00eatre simplement pr\u00e9sum\u00e9 ; une \u00e9poque o\u00f9 les ressources de la plan\u00e8te devront \u00eatre pr\u00e9serv\u00e9es plut\u00f4t que simplement gaspill\u00e9es et surexploit\u00e9es ; une \u00e9poque o\u00f9 les besoins des pays les plus pauvres influenceront directement le bien-\u00eatre des nations les plus fortes ; une \u00e9poque pour mettre un terme \u00e0 vos conflits incessants et pour b\u00e2tir une infrastructure capable de soutenir la famille humaine.<\/p>\n<p>Les nations devront coop\u00e9rer, sans quoi elles se retrouveront de plus en plus en danger et compromises. Les ressources vont devenir toujours plus co\u00fbteuses et difficiles \u00e0 se procurer. La production de nourriture va chuter. Les climats du monde sont en train de changer. La technologie ne sera pas \u00e0 elle seule en mesure de r\u00e9pondre \u00e0 bon nombre des grands d\u00e9fis \u00e0 venir.<\/p>\n<p>C&rsquo;est pourquoi il y a une Nouvelle R\u00e9v\u00e9lation, un Nouveau Message de Dieu : parce que l&rsquo;humanit\u00e9 ne peut pas r\u00e9agir suffisamment face au spectre du changement qui est sur vous et devant vous. L\u2019humanit\u00e9 n\u2019a pas suffisamment r\u00e9agi, exception faite, peut-\u00eatre, de quelques individus exceptionnels.<\/p>\n<p>Ce n&rsquo;est pas simplement une question d&rsquo;adaptation. C&rsquo;est une question de changement fondamental \u2013 un changement de position, un changement d&rsquo;approche, un changement d&rsquo;attitude. Car ce qui fonctionnait auparavant peut ne plus fonctionner aujourd\u2019hui. Ce qui a \u00e9t\u00e9 pr\u00e9sum\u00e9 peut s&rsquo;av\u00e9rer inefficace et inad\u00e9quat. Tout devra \u00eatre reconsid\u00e9r\u00e9.<\/p>\n<p>La R\u00e9v\u00e9lation r\u00e9v\u00e8lera cela et la raison pour laquelle c\u2019est vrai. Elle parlera de choses dont ceux qui peuvent voir ont d\u00e9j\u00e0 fait l\u2019exp\u00e9rience et qu\u2019ils sont en train de vivre en ce moment-m\u00eame. Elle r\u00e9sonnera avec les grandes v\u00e9rit\u00e9s de toutes vos religions, et pourtant, elle r\u00e9v\u00e8lera des choses qui n&rsquo;ont jamais \u00e9t\u00e9 r\u00e9v\u00e9l\u00e9es auparavant. C\u2019est un Message pour l\u2019individu qui s\u2019efforce de voir et de conna\u00eetre la v\u00e9rit\u00e9. Et c&rsquo;est un Message pour le monde entier, qui est confront\u00e9 aux Grandes Vagues de changement.<\/p>\n<p>La question n\u2019est pas d&rsquo;\u00eatre positif ou n\u00e9gatif. La question est de savoir si vous pouvez voir ou pas ; si vous avez les yeux pour voir et les oreilles pour entendre. Ce n&rsquo;est pas une question d&rsquo;orientation politique, d&rsquo;id\u00e9ologie ou d&rsquo;\u00e9cole de pens\u00e9e. La question est de savoir si vous pouvez voir ou r\u00e9pondre \u2013 non seulement aux \u00e9v\u00e9nements de ce jour, mais aux \u00e9v\u00e9nements \u00e0 venir, les \u00e9v\u00e9nements qui sont en marche vers vous, les conditions du monde qui sont en train de changer sous vos pieds et qui ont d\u00e9j\u00e0 chang\u00e9 le monde, \u00e0 un point tel que vous vivez dans un monde diff\u00e9rent et y \u00eates d\u00e9j\u00e0 confront\u00e9s.<\/p>\n<p>Ce n&rsquo;est pas le monde de vos parents ou de vos anc\u00eatres. Ce n&rsquo;est pas le monde sur lequel la civilisation a \u00e9t\u00e9 b\u00e2tie et assur\u00e9e. Ce n&rsquo;est pas le monde \u00e0 partir duquel la th\u00e9orie et la philosophie humaines ont \u00e9volu\u00e9 au fil des si\u00e8cles. C\u2019est un monde diff\u00e9rent, plus difficile, plus incertain \u2013 un monde de d\u00e9t\u00e9rioration, un monde de changement ; un monde que m\u00eame la science ne sera pas en mesure de comprendre enti\u00e8rement ; un monde qui est le v\u00f4tre \u00e0 pr\u00e9sent.<\/p>\n<p>Vous aurez besoin d&rsquo;une intelligence plus grande pour naviguer dans ce monde. Vous aurez besoin du pouvoir de la Connaissance qui r\u00e9side en l&rsquo;individu pour voir et savoir ce qu&rsquo;il faut faire. Vous aurez besoin d&rsquo;une grande coop\u00e9ration entre les peuples et les nations, sans quoi le r\u00e9sultat sera catastrophique.<\/p>\n<p>Le Nouveau Message fournit la cl\u00e9 et les \u00e9l\u00e9ments manquants. Il ne traitera pas de tout. Il ne r\u00e9soudra pas tous les probl\u00e8mes. Il ne r\u00e9pondra pas \u00e0 chaque question. Bien s\u00fbr que non. Mais il vous donnera les priorit\u00e9s de votre vie et les priorit\u00e9s de l&rsquo;avenir. Il vous permettra de vous pr\u00e9parer pour des choses que vous ne pouvez pas voir et que vous ne connaissez pas encore. Il vous donnera la force de reconsid\u00e9rer vos id\u00e9es et vos croyances. Il r\u00e9tablira en vous le pouvoir de vision, les yeux pour voir et les oreilles pour entendre.<\/p>\n<p>Tout le monde n\u2019accueillera pas cela. Tout le monde ne r\u00e9pondra pas. Tout le monde n\u2019apprendra pas le Nouveau Message et n\u2019en sera pas t\u00e9moin. Certainement pas. Mais beaucoup devront le faire \u2013 parmi ceux qui dirigent, dans la population, dans les diff\u00e9rents pays, les diff\u00e9rentes cultures, les diff\u00e9rentes religions \u2013 parce qu\u2019il s\u2019agit d\u2019un Message pour le monde.<\/p>\n<p>Ce n&rsquo;est pas un message pour un seul pays. Ce n&rsquo;est pas un Message pour une \u00e9poque particuli\u00e8re ou un \u00e9v\u00e9nement particulier. Ce n&rsquo;est pas une r\u00e9action \u00e0 la religion. Ce n&rsquo;est pas un rejet de la religion. Ce n&rsquo;est pas un rejet des gouvernements. Ce n&rsquo;est pas un rejet de ce qui existe, mais un avertissement, une b\u00e9n\u00e9diction et une pr\u00e9paration pour vivre et progresser dans un monde diff\u00e9rent.<\/p>\n<p>Vous ne pouvez d\u00e9sormais plus vous fier \u00e0 ce qui s&rsquo;est pass\u00e9 auparavant. M\u00eame la nature a \u00e9t\u00e9 tellement perturb\u00e9e que vous ne pourrez plus vous fier \u00e0 certaines choses. Les nations peineront \u00e9conomiquement. Il y aura de la croissance, mais seulement temporairement. Et les besoins de la famille humaine d\u00e9passeront tellement sa capacit\u00e9, tout au moins en apparence, que cela submergera tout progr\u00e8s que vous pourrez faire.<\/p>\n<p>Tout cela provoquera un changement de priorit\u00e9. La s\u00e9curit\u00e9 ne consistera pas seulement \u00e0 prot\u00e9ger une nation d&rsquo;une autre nation. Elle consistera \u00e0 assurer la stabilit\u00e9 de larges populations. Tout le monde devra s\u2019y impliquer dans une certaine mesure. Ce n\u2019est pas un probl\u00e8me qui concerne seulement les gouvernements ou les r\u00e9gimes. Il concerne le monde entier.<\/p>\n<p>Beaucoup de gens seront perdus lors de cette grande transition. Mais les pertes peuvent \u00eatre minimis\u00e9es et les trag\u00e9dies peuvent \u00eatre att\u00e9nu\u00e9es. La participation de tout le monde sera n\u00e9cessaire pour que l&rsquo;humanit\u00e9 survive aux Grandes Vagues de changement et pour qu\u2019elle soit en mesure de construire un monde nouveau fond\u00e9 sur davantage de coop\u00e9ration \u2013 un monde fond\u00e9, non pas sur la croissance et l&rsquo;expansion sans fin, mais sur la stabilit\u00e9 et la s\u00e9curit\u00e9 des peuples du monde. Ce sera un avenir tr\u00e8s diff\u00e9rent du pass\u00e9 et tr\u00e8s diff\u00e9rent du monde que vous voyez en ce moment.<\/p>\n<p>Dieu seul sait ce se qui se pr\u00e9pare \u00e0 l&rsquo;horizon. Mais il vous est donn\u00e9 les yeux pour voir et les oreilles pour entendre, afin que vous puissiez en voir l\u2019\u00e9vidence, aujourd&rsquo;hui, demain et les jours qui suivront. Il ne vous est pas demand\u00e9 de croire, mais de pr\u00eater attention, de clarifier votre mental, d\u2019\u00e9largir votre perception.<\/p>\n<p>Le moins savant d&rsquo;entre vous peut constater que le vent est en train de tourner, alors que les experts continuent \u00e0 d\u00e9battre des r\u00e9alit\u00e9s du pass\u00e9. Ce n&rsquo;est pas une question de brillance intellectuelle. C&rsquo;est une question d&rsquo;attention et de lucidit\u00e9, de vision et de discernement.<\/p>\n<p>Beaucoup de gens \u00e9choueront. Beaucoup de gens seront dans le d\u00e9ni. Beaucoup de gens fuiront la r\u00e9alit\u00e9, car c&rsquo;est l&rsquo;une des grandes faiblesses de l&rsquo;humanit\u00e9. Par cons\u00e9quent, ceux qui sont forts, ceux qui sont clairs, ceux qui peuvent voir, ceux qui sont engag\u00e9s \u00e0 servir un monde qui change seront de plus en plus importants \u00e0 l&rsquo;avenir, quelle que soit la position qu&rsquo;ils occupent dans la culture et la soci\u00e9t\u00e9.<\/p>\n<p>C&rsquo;est pourquoi la R\u00e9v\u00e9lation doit \u00eatre donn\u00e9e. Elle n&rsquo;est pas une invention humaine. Elle n&rsquo;est pas le produit de la pens\u00e9e ou de l&rsquo;imagination d&rsquo;un homme. Ce n\u2019est gu\u00e8re le cas. Il ne s\u2019agit pas d\u2019une r\u00e9volution contre la pens\u00e9e religieuse telle qu&rsquo;elle existe aujourd&rsquo;hui. Il s\u2019agit de quelque chose d\u2019enti\u00e8rement nouveau. La R\u00e9v\u00e9lation ne vient pas pour condamner, mais pour corriger et pour vous donner le pouvoir de cr\u00e9er. C&rsquo;est un Message pour le monde.<\/p>\n<p>Les cieux s\u2019assombrissent de plus en plus. Les difficult\u00e9s de l&rsquo;humanit\u00e9 vont en s\u2019accentuant. Les gouvernements deviendront impuissants face \u00e0 cela, \u00e0 moins qu\u2019ils ne soient guid\u00e9s par une vision plus large et un engagement plus grand.<\/p>\n<p>L&rsquo;humanit\u00e9 est encore en train d\u2019\u00e9merger d&rsquo;un \u00e9tat primitif, d\u2019un \u00e9tat tribal, pour entrer dans une communaut\u00e9 mondiale. C&rsquo;est une transition tr\u00e8s difficile et dangereuse, mais elle doit avoir lieu, comme elle doit avoir lieu dans tous les mondes de l&rsquo;univers o\u00f9 la vie intelligente a \u00e9volu\u00e9.<\/p>\n<p>Vous \u00eates maintenant face \u00e0 ces transitions importantes et difficiles, passant de soci\u00e9t\u00e9s tribales guerri\u00e8res \u00e0 une communaut\u00e9 mondiale \u2013 une communaut\u00e9 mondiale fond\u00e9e sur la n\u00e9cessit\u00e9 et pas seulement sur une id\u00e9ologie ; une communaut\u00e9 fond\u00e9e sur la mise en s\u00e9curit\u00e9 et la protection du monde contre l&rsquo;effondrement interne et contre l&rsquo;intervention \u00e9trang\u00e8re provenant de l&rsquo;univers qui vous entoure.<\/p>\n<p>C&rsquo;est un monde diff\u00e9rent du monde auquel vous pensez aujourd&rsquo;hui, mais c\u2019est un monde qui se conforme \u00e0 la nature, car la nature n\u2019a pas chang\u00e9. Le monde a chang\u00e9, mais l&rsquo;humanit\u00e9 n&rsquo;a pas chang\u00e9 avec. Et vous p\u00e9n\u00e9trez \u00e0 pr\u00e9sent dans un nouveau territoire. Un territoire qui est dangereux et qui vous est \u00e9tranger. Il vous faudra \u00eatre tr\u00e8s prudents \u00e0 mesure que vous avancerez dans l\u2019avenir.<\/p>\n<p>Qu\u2019est-ce qui guidera la perception humaine ? Qu\u2019est-ce qui \u00e9clairera les d\u00e9cisions des gens ? C&rsquo;est pourquoi il y a une Nouvelle R\u00e9v\u00e9lation, apport\u00e9e dans le monde par un seul homme aid\u00e9 d\u2019un petit groupe d&rsquo;assistants. Il est le Messager pour cette \u00e9poque, mais il ne correspondra pas \u00e0 ce qu\u2019on attend d&rsquo;un surhomme. Il n&rsquo;aura pas de pouvoirs magiques. Il ne sera pas charismatique. Il ne sera pas divertissant. Mais il est le Messager, et c&rsquo;est sa vie qui a \u00e9t\u00e9 le v\u00e9hicule pour la transmission d&rsquo;un Nouveau Message de Dieu.<\/p>\n<p>Alors recevez. \u00c9coutez. Ouvrez vos esprits. Vous ne pourrez pas trouver votre chemin dans l\u2019avenir sans cette plus grande R\u00e9v\u00e9lation. Vous ne serez pas pr\u00eats. Vous ne serez pas pr\u00eats \u00e0 temps. Vous ne serez pas en mesure de convaincre les autres de r\u00e9pondre.<\/p>\n<p>Dieu aime le monde et a donn\u00e9 \u00e0 l&rsquo;humanit\u00e9 de grands Enseignements \u00e0 des tournants importants, pour \u00e9tablir la civilisation humaine et pour lib\u00e9rer les gens de l&rsquo;identit\u00e9 tribale, pour permettre \u00e0 la civilisation d&rsquo;\u00e9voluer et de cro\u00eetre en d\u00e9pit de ses nombreuses erreurs et trag\u00e9dies.<\/p>\n<p>Vous passez \u00e0 pr\u00e9sent d&rsquo;une civilisation \u00e0 une communaut\u00e9 mondiale, car cela seul apportera [une r\u00e9elle s\u00e9curit\u00e9] \u00e0 la famille humaine et la prot\u00e9gera \u00e0 l\u2019avenir. Il s&rsquo;agit d&rsquo;une transition \u00e0 laquelle actuellement peu de personnes sont capables ne serait-ce que de penser de fa\u00e7on constructive, mais telle est votre destin\u00e9e.<\/p>\n<p>&nbsp;<\/p>\n","protected":false},"excerpt":{"rendered":"<p>Le temps est venu de recevoir un Nouveau Message de Dieu. Il est temps de recevoir le don, le pouvoir et la b\u00e9n\u00e9diction. Il est temps de prendre conscience que Dieu a parl\u00e9 \u00e0 nouveau, apr\u00e8s un si long silence. Car l&rsquo;humanit\u00e9 est maintenant confront\u00e9e aux Grandes Vagues de changement \u2013 un grand changement environnemental,\u2026 <a class=\"read-more\" href=\"https:\/\/www.v6.newmessage.org\/fr\/about-recording-shortcode\"><span>Read More<\/span><\/a><\/p>\n","protected":false},"author":32,"featured_media":0,"parent":16290,"menu_order":7,"comment_status":"closed","ping_status":"closed","template":"template-leftsidebar.php","meta":{"_monsterinsights_skip_tracking":false,"_monsterinsights_sitenote_active":false,"_monsterinsights_sitenote_note":"","_monsterinsights_sitenote_category":0,"footnotes":""},"categories":[76,30,461,460],"tags":[657],"_links":{"self":[{"href":"https:\/\/www.v6.newmessage.org\/fr\/wp-json\/wp\/v2\/pages\/19248"}],"collection":[{"href":"https:\/\/www.v6.newmessage.org\/fr\/wp-json\/wp\/v2\/pages"}],"about":[{"href":"https:\/\/www.v6.newmessage.org\/fr\/wp-json\/wp\/v2\/types\/page"}],"author":[{"embeddable":true,"href":"https:\/\/www.v6.newmessage.org\/fr\/wp-json\/wp\/v2\/users\/32"}],"replies":[{"embeddable":true,"href":"https:\/\/www.v6.newmessage.org\/fr\/wp-json\/wp\/v2\/comments?post=19248"}],"version-history":[{"count":26,"href":"https:\/\/www.v6.newmessage.org\/fr\/wp-json\/wp\/v2\/pages\/19248\/revisions"}],"predecessor-version":[{"id":28711,"href":"https:\/\/www.v6.newmessage.org\/fr\/wp-json\/wp\/v2\/pages\/19248\/revisions\/28711"}],"up":[{"embeddable":true,"href":"https:\/\/www.v6.newmessage.org\/fr\/wp-json\/wp\/v2\/pages\/16290"}],"wp:attachment":[{"href":"https:\/\/www.v6.newmessage.org\/fr\/wp-json\/wp\/v2\/media?parent=19248"}],"wp:term":[{"taxonomy":"category","embeddable":true,"href":"https:\/\/www.v6.newmessage.org\/fr\/wp-json\/wp\/v2\/categories?post=19248"},{"taxonomy":"post_tag","embeddable":true,"href":"https:\/\/www.v6.newmessage.org\/fr\/wp-json\/wp\/v2\/tags?post=19248"}],"curies":[{"name":"wp","href":"https:\/\/api.w.org\/{rel}","templated":true}]}}