{"id":16492,"date":"2014-10-29T23:53:02","date_gmt":"2014-10-29T23:53:02","guid":{"rendered":"http:\/\/www.newmessage.org\/?page_id=16492"},"modified":"2020-09-11T11:54:06","modified_gmt":"2020-09-11T11:54:06","slug":"la-religion-pure","status":"publish","type":"page","link":"https:\/\/www.v6.newmessage.org\/fr\/le-message\/volume-1\/la-religion-pure","title":{"rendered":"La Religion Pure"},"content":{"rendered":"<p><em><img loading=\"lazy\" decoding=\"async\" class=\"imgborder alignright wp-image-29266 size-medium\" src=\"https:\/\/www.newmessage.org\/fr\/wp-content\/uploads\/sites\/38\/2020\/01\/tpr_cover_online-500x750-200x300.jpg\" alt=\"\" width=\"200\" height=\"300\" srcset=\"https:\/\/www.v6.newmessage.org\/fr\/wp-content\/uploads\/sites\/38\/2020\/01\/tpr_cover_online-500x750-200x300.jpg 200w, https:\/\/www.v6.newmessage.org\/fr\/wp-content\/uploads\/sites\/38\/2020\/01\/tpr_cover_online-500x750-400x600.jpg 400w, https:\/\/www.v6.newmessage.org\/fr\/wp-content\/uploads\/sites\/38\/2020\/01\/tpr_cover_online-500x750.jpg 500w\" sizes=\"(max-width: 200px) 100vw, 200px\" \/><\/em><\/p>\n<p><em>La Religion Pure<\/em><span class=\"apple-converted-space\">\u00a0<\/span>est un livre de r\u00e9v\u00e9lations offertes par Dieu pour r\u00e9v\u00e9ler \u00e0 nouveau le c\u0153ur et le sens profonds des religions du monde et du Pouvoir et de la Pr\u00e9sence de Dieu, qui cherche \u00e0 parler \u00e0 tous les gens de toutes les traditions religieuses dans le monde aujourd\u2019hui.<\/p>\n<p><em>La Religion Pure<\/em><span class=\"apple-converted-space\">\u00a0<\/span>est le chemin intemporel de l\u2019\u00e9veil, de la r\u00e9demption et du retour au Cr\u00e9ateur, initi\u00e9 par Dieu au commencement de <a href=\"https:\/\/www.nouveaumessagededieu.org\/le-message\/volume-1\/le-dieu-un\/la-separation\">la S\u00e9paration<\/a> et introduit ensuite dans tous les mondes dans l\u2019univers o\u00f9 la vie intelligente existe.<span class=\"apple-converted-space\">\u00a0<\/span><em>La Religion Pure<\/em><span class=\"apple-converted-space\">\u00a0<\/span>est la r\u00e9ponse de Dieu \u00e0 la trag\u00e9die et \u00e0 la souffrance engendr\u00e9es dans l\u2019histoire de la religion de ce monde par le fait de vivre s\u00e9par\u00e9 de Dieu. Il s\u2019agit de la communication vivante de Dieu \u00e0 toute vie, appelant ceux qui vivent encore dans la S\u00e9paration \u00e0 retourner vers l\u2019unit\u00e9 de Dieu et offrant un chemin de retour.<\/p>\n<p>Dieu a parl\u00e9 \u00e0 nouveau, apportant une nouvelle R\u00e9v\u00e9lation \u00e0 l\u2019humanit\u00e9. Cette R\u00e9v\u00e9lation est un reflet direct de la spiritualit\u00e9 pure qui se trouve au c\u0153ur de toutes les religions du monde.<\/p>\n<p>Le Nouveau Message affirme que personne ne peut revendiquer que sa religion est la seule v\u00e9ritable religion. Au lieu de cela, il parle d\u2019un appel pur et myst\u00e9rieux de Dieu \u00e0 chaque personne dans le monde. Cet appel sonne pour toute personne, qu\u2019elle soit chr\u00e9tienne, musulmane, juive, bouddhiste, d\u2019une autre foi ou d\u2019aucune foi particuli\u00e8re. Il s\u2019agit d\u2019un appel int\u00e9rieur, appelant chaque personne \u00e0 d\u00e9passer les limites de la croyance et \u00e0 d\u00e9couvrir une vie faite d\u2019exp\u00e9riences plus profondes, de plus grandes relations et d\u2019un but plus \u00e9lev\u00e9 dans le monde.<\/p>\n<p>Un Nouveau Message de Dieu est arriv\u00e9 dans le monde. C\u2019est une expression de la connexion \u00e0 Dieu \u00e9ternelle et pure telle qu\u2019elle a exist\u00e9 dans toute l\u2019histoire de l\u2019humanit\u00e9 et depuis le commencement de l\u2019univers manifest\u00e9. L\u2019humanit\u00e9 a maintenant un acc\u00e8s direct et neuf \u00e0 cette exp\u00e9rience pure, libre de toute compr\u00e9hension erron\u00e9e, de toute autorit\u00e9 et de toute corruption humaines.<\/p>\n<p><em><span lang=\"EN-GB\">La Pure Religion<\/span><span class=\"apple-converted-space\"><span lang=\"EN-GB\">\u00a0<\/span><\/span><span lang=\"EN-GB\">est le huiti\u00e8me livre du<span class=\"apple-converted-space\">\u00a0<\/span><a href=\"file:\/\/\/le-message\/volume-1\">Volume 1<\/a><span class=\"apple-converted-space\">\u00a0<\/span>du Nouveau Message de Dieu.<\/span><br \/>\n<\/em><\/p>\n<div class=\"toggle toggle-white\"><h4 class=\"trigger \"><span class=\"t_ico\"><\/span><a href=\"#\">\u00c0 propos des Volumes du Nouveau Message de Dieu<\/a><\/h4><div class=\"toggle_container \"><\/p>\n<p style=\"text-align: left;\"><div data-post-id='24520' class='insert-page insert-page-24520 '><p>Le Nouveau Message de Dieu sera au final contenu dans 6 volumes individuels. Chaque volume contient deux livres ou plus, et chaque livre est organis\u00e9 en chapitres.<\/p>\n<p>Ainsi, la future structure du Nouveau Message de Dieu peut \u00eatre synth\u00e9tis\u00e9e de la fa\u00e7on suivante :<\/p>\n<div id=\"attachment_24097\" style=\"width: 227px\" class=\"wp-caption alignright\"><a href=\"https:\/\/www.newmessage.org\/wp-content\/uploads\/2015\/08\/Volumes-Books-InfoGraphic.001.jpg\"><img loading=\"lazy\" decoding=\"async\" aria-describedby=\"caption-attachment-24097\" class=\"imgborder \" src=\"https:\/\/www.newmessage.org\/wp-content\/uploads\/2015\/08\/Volumes-Books-InfoGraphic.001.jpg\" alt=\"The New Message One Book\" width=\"217\" height=\"234\" \/><\/a><p id=\"caption-attachment-24097\" class=\"wp-caption-text\">Le Livre Unique du Nouveau Message<\/p><\/div>\n<p><strong>Volume &gt; Livre &gt; Chapitre &gt; Verset.<br \/>\n<\/strong><\/p>\n<p>Le Nouveau Message de Dieu contient la plus grande R\u00e9v\u00e9lation jamais donn\u00e9e au monde. Il s&rsquo;adresse \u00e0 pratiquement tous les aspects de nos vies, pr\u00e9sentant de nouvelles r\u00e9alit\u00e9s jamais r\u00e9v\u00e9l\u00e9es auparavant. La <em>Society<\/em> \u0153uvre pour que le plus possible de livres et de r\u00e9v\u00e9lations audios soient rendues disponibles et accessibles au monde.<\/p>\n<p>Actuellement, la Society est en mesure d&rsquo;offrir un grand nombre d&rsquo;enregistrements de la Voix de la R\u00e9v\u00e9lation dans leur version originale. Vous \u00eates de fait invit\u00e9s \u00e0 faire l&rsquo;exp\u00e9rience du pouvoir et du myst\u00e8re de la \u00ab\u00a0Voix\u00a0\u00bb telle qu&rsquo;elle s&rsquo;est exprim\u00e9e \u00e0 travers le Messager en \u00e9tat de R\u00e9v\u00e9lation. Jamais auparavant il n&rsquo;avait \u00e9t\u00e9 possible d&rsquo;entendre la Voix de la R\u00e9v\u00e9lation originale.<\/p>\n<p>La compilation du Nouveau Message tout entier est un travail de longue haleine. Au m\u00eame moment, la R\u00e9v\u00e9lation continue \u00e0 \u00eatre re\u00e7ue avec de nouveaux enseignements donn\u00e9s chaque ann\u00e9e. En cons\u00e9quence, la s\u00e9lection de chapitres dans chaque livre peut changer. De m\u00eame, les titres des livres peuvent eux-aussi changer pour refl\u00e9ter la port\u00e9e grandissante de chaque livre. Vous vivez \u00e0 une \u00e9poque de R\u00e9v\u00e9lation et \u00eates t\u00e9moin du processus de R\u00e9v\u00e9lation qui se d\u00e9ploie devant vous.<\/p>\n<h4>Livres en ligne<\/h4>\n<p>La <em>Society<\/em> s\u2019efforce de rendre le Nouveau Message accessible gratuitement en ligne pour le monde. Actuellement, un certain nombre de livres du Nouveau Message sont disponibles gratuitement \u00e0 www.newmessage.org. Vous pouvez explorer <a href=\"http:\/\/www.nouveaumessagededieu.org\/le-message\" target=\"_blank\">la biblioth\u00e8que des livres gratuits en ligne<\/a>.<\/p>\n<h4>Livres au format papier<\/h4>\n<p>La <em>Society<\/em> offre actuellement certain des livres du Nouveau Message sous format papier. Cependant, du fait de la taille immense de la partie du Nouveau Message r\u00e9v\u00e9l\u00e9e, la <em>Society<\/em> n\u2019est pas encore en mesure de publier sous forme imprim\u00e9e les six volumes du Nouveau Message pour l\u2019instant. Pour acheter une copie des livres actuellement disponibles, veuillez visiter la boutique de la <a href=\"http:\/\/www.newknowledgelibrary.org\">New Knowledge Library<\/a>.<\/p>\n<h4>CD et mp3<\/h4>\n<p>Certaines r\u00e9v\u00e9lations relatives \u00e0 l\u2019\u00e9tude du Nouveau Message sont disponibles \u00e0 l\u2019achat sous forme de CD ou de mp3. La <em><a href=\"http:\/\/www.nouveaumessagededieu.org\/worldwide-community\/society\" target=\"_blank\">Society<\/a><\/em> propose ces enseignements \u00e0 un co\u00fbt modeste \u00e0 la boutique de la New Knowledge Library en raison des r\u00e9alit\u00e9s financi\u00e8res li\u00e9es \u00e0 la n\u00e9cessit\u00e9 d\u2019atteindre le monde entier avec le Nouveau Message.<\/p>\n<h4>Le <em>Free Book Project<\/em><\/h4>\n<p>Avec un soutien financier plus important, la <em>Society<\/em> sera en mesure de rendre davantage de ces enseignements de sagesse accessibles gratuitement en ligne. En plus de cela, le <a href=\"http:\/\/www.nm-french.tk\/the-message\/free-book-project\">Free Book Project<\/a> de la <em>Society<\/em> offre une copie des livres et des mp3 des r\u00e9v\u00e9lations du Nouveau Message actuellement disponibles \u00e0 ceux qui n\u2019ont pas les moyens de les acheter. Nous vous invitons \u00e0<a href=\"http:\/\/www.nouveaumessagededieu.org\/worldwide-community\/society\/soutenir-le-nouveau-message\" target=\"_blank\"> faire un don<\/a> pour soutenir le <em>Free Book Project<\/em>, afin que de plus en plus de gens dans le besoin puissent avoir acc\u00e8s au Nouveau Message de Dieu.<\/p>\n<h4>Publications futures<\/h4>\n<p>La <em>Society<\/em> continuera \u00e0 mener \u00e0 bien sa vision de publication de l\u2019enti\u00e8ret\u00e9 du Nouveau Message de Dieu, \u00e0 la fois sous la forme de ses livres et de ses volumes, et peut-\u00eatre un jour sous la forme d\u2019un livre unique, simplement intitul\u00e9 : \u201cLe Nouveau Message de Dieu\u201d. C\u2019est une entreprise \u00e9norme pour laquelle la <em>Society<\/em> a besoin de votre contribution et de votre participation. Envisagez, si vous le pouvez, la possibilit\u00e9 de <a href=\"http:\/\/www.nouveaumessagededieu.org\/worldwide-community\/society\/soutenir-le-nouveau-message\" target=\"_blank\">faire un don<\/a> ou de <a href=\"http:\/\/www.nouveaumessagededieu.org\/worldwide-community\/society\/soutenir-le-nouveau-message\" target=\"_blank\">devenir un Pilier<\/a> du Nouveau Message pour soutenir cette cause sacr\u00e9e. Nous vous remercions pour votre soutien.<\/p>\n<\/div><br \/>\n<\/div><\/div>\n<div class=\"background-color-bridesmaid padding-20\">\n<h2 style=\"text-align: left;\"><span style=\"color: #525252;\">Table des mati\u00e8res<br \/>\n<\/span><\/h2>\n<p>Introduction<\/p>\n<p>Chapitre 1 : <a href=\"https:\/\/www.nouveaumessagededieu.org\/le-message\/volume-1\/la-religion-pure\/la-religion-pure\">La religion pure<\/a><\/p>\n<p>Chapitre 2 : <a title=\"The Great Faith\" href=\"\/le-message\/volume-1\/la-religion-pure\/la-grande-foi\">La Grande Foi<\/a><\/p>\n<p>Chapitre 3 : Le Sacr\u00e9<\/p>\n<p>Chapitre 4 : L&rsquo;Ancienne Alliance de Dieu avec l&rsquo;humanit\u00e9<\/p>\n<p>Chapitre 5 : <a href=\"https:\/\/www.nouveaumessagededieu.org\/le-message\/volume-1\/la-religion-pure\/le-but-de-la-religion\">Le but de la religion<\/a><\/p>\n<p>Chapitre 6 : Le Nouveau Message de Dieu pour les religions du monde<\/p>\n<p>Chapitre 7 : Le fondamentalisme religieux<\/p>\n<p>Chapitre 8 : <a title=\"Religious Violence\" href=\"\/le-message\/volume-1\/la-religion-pure\/violence-religieuse\">La violence religieuse<\/a><\/p>\n<p>Chapitre 9 : <a href=\"https:\/\/www.nouveaumessagededieu.org\/le-message\/volume-1\/la-religion-pure\/heaven-and-hell\">Le Ciel et l&rsquo;Enfer<\/a><\/p>\n<p>Chapitre 10 : Le p\u00e9ch\u00e9, l&rsquo;erreur et la r\u00e9demption<\/p>\n<p>Chapitre 11 : Le Miracle<\/p>\n<p>Chapitre 12 : Les Familles Spirituelles et le Plan de Dieu<\/p>\n<p>Chapitre 13 :Le R\u00e9dempteur<\/p>\n<\/div>\n","protected":false},"excerpt":{"rendered":"<p>La Religion Pure\u00a0est un livre de r\u00e9v\u00e9lations offertes par Dieu pour r\u00e9v\u00e9ler \u00e0 nouveau le c\u0153ur et le sens profonds des religions du monde et du Pouvoir et de la Pr\u00e9sence de Dieu, qui cherche \u00e0 parler \u00e0 tous les gens de toutes les traditions religieuses dans le monde aujourd\u2019hui. La Religion Pure\u00a0est le chemin\u2026 <a class=\"read-more\" href=\"https:\/\/www.v6.newmessage.org\/fr\/more-about-the-volumes\"><span>Read More<\/span><\/a><\/p>\n","protected":false},"author":1,"featured_media":0,"parent":16287,"menu_order":3,"comment_status":"closed","ping_status":"closed","template":"template-leftsidebar.php","meta":{"_monsterinsights_skip_tracking":false,"_monsterinsights_sitenote_active":false,"_monsterinsights_sitenote_note":"","_monsterinsights_sitenote_category":0,"footnotes":""},"categories":[466,460],"tags":[635],"_links":{"self":[{"href":"https:\/\/www.v6.newmessage.org\/fr\/wp-json\/wp\/v2\/pages\/16492"}],"collection":[{"href":"https:\/\/www.v6.newmessage.org\/fr\/wp-json\/wp\/v2\/pages"}],"about":[{"href":"https:\/\/www.v6.newmessage.org\/fr\/wp-json\/wp\/v2\/types\/page"}],"author":[{"embeddable":true,"href":"https:\/\/www.v6.newmessage.org\/fr\/wp-json\/wp\/v2\/users\/1"}],"replies":[{"embeddable":true,"href":"https:\/\/www.v6.newmessage.org\/fr\/wp-json\/wp\/v2\/comments?post=16492"}],"version-history":[{"count":47,"href":"https:\/\/www.v6.newmessage.org\/fr\/wp-json\/wp\/v2\/pages\/16492\/revisions"}],"predecessor-version":[{"id":29411,"href":"https:\/\/www.v6.newmessage.org\/fr\/wp-json\/wp\/v2\/pages\/16492\/revisions\/29411"}],"up":[{"embeddable":true,"href":"https:\/\/www.v6.newmessage.org\/fr\/wp-json\/wp\/v2\/pages\/16287"}],"wp:attachment":[{"href":"https:\/\/www.v6.newmessage.org\/fr\/wp-json\/wp\/v2\/media?parent=16492"}],"wp:term":[{"taxonomy":"category","embeddable":true,"href":"https:\/\/www.v6.newmessage.org\/fr\/wp-json\/wp\/v2\/categories?post=16492"},{"taxonomy":"post_tag","embeddable":true,"href":"https:\/\/www.v6.newmessage.org\/fr\/wp-json\/wp\/v2\/tags?post=16492"}],"curies":[{"name":"wp","href":"https:\/\/api.w.org\/{rel}","templated":true}]}}