{"id":16489,"date":"2014-10-29T23:51:33","date_gmt":"2014-10-29T23:51:33","guid":{"rendered":"http:\/\/www.newmessage.org\/?page_id=16489"},"modified":"2019-02-21T19:31:37","modified_gmt":"2019-02-21T19:31:37","slug":"le-nouveau-messager","status":"publish","type":"page","link":"https:\/\/www.v6.newmessage.org\/fr\/le-message\/volume-1\/le-nouveau-messager","title":{"rendered":"Le Nouveau Messager"},"content":{"rendered":"<p><em><img loading=\"lazy\" decoding=\"async\" width=\"200\" height=\"300\" class=\"alignright size-medium wp-image-28301 imgborder\" src=\"https:\/\/www.newmessage.org\/fr\/wp-content\/uploads\/sites\/38\/2014\/10\/The-New-Messenger-ebook-cover-200x300.jpg\" alt=\"The-New-Messenger-ebook-cover\" srcset=\"https:\/\/www.v6.newmessage.org\/fr\/wp-content\/uploads\/sites\/38\/2014\/10\/The-New-Messenger-ebook-cover-200x300.jpg 200w, https:\/\/www.v6.newmessage.org\/fr\/wp-content\/uploads\/sites\/38\/2014\/10\/The-New-Messenger-ebook-cover-400x600.jpg 400w, https:\/\/www.v6.newmessage.org\/fr\/wp-content\/uploads\/sites\/38\/2014\/10\/The-New-Messenger-ebook-cover-500x750.jpg 500w, https:\/\/www.v6.newmessage.org\/fr\/wp-content\/uploads\/sites\/38\/2014\/10\/The-New-Messenger-ebook-cover.jpg 600w\" sizes=\"(max-width: 200px) 100vw, 200px\" \/>Le Nouveau Messager<\/em> r\u00e9v\u00e8le l\u2019origine, la lign\u00e9e et la mission des Messagers de Dieu qui, \u00e0 diff\u00e9rentes \u00e9poques de l\u2019histoire de l\u2019humanit\u00e9, sont entr\u00e9s dans le monde pour recevoir et pr\u00e9senter de nouvelles R\u00e9v\u00e9lations pour l\u2019humanit\u00e9.<\/p>\n<p>Le Nouveau Message enseigne que tous les pr\u00e9c\u00e9dents Messagers de Dieu \u00e9taient des membres de l\u2019Assembl\u00e9e Ang\u00e9lique qui veille sur ce monde. Tout au long de l\u2019histoire, cette Assembl\u00e9e, en r\u00e9ponse \u00e0 la Volont\u00e9 de Dieu, a envoy\u00e9 dans le monde l\u2019un des siens, \u00e0 des \u00e9poques et des lieux sp\u00e9cifiques, dans le but de servir les besoins croissants de l\u2019humanit\u00e9.<\/p>\n<p>La venue d\u2019un Nouveau Messager repr\u00e9sente le chapitre suivant de la R\u00e9v\u00e9lation progressive de la Volont\u00e9 et du Plan de Dieu pour l\u2019humanit\u00e9. \u00c0 pr\u00e9sent, Dieu a parl\u00e9 \u00e0 nouveau, r\u00e9v\u00e9lant ce qui n\u2019a jamais \u00e9t\u00e9 r\u00e9v\u00e9l\u00e9 auparavant, parlant par l\u2019interm\u00e9diaire d\u2019un Nouveau Messager, un homme appel\u00e9 Marshall Vian Summers.<\/p>\n<p><em>Le Nouveau Messager <\/em>contient ces r\u00e9v\u00e9lations de la Source qui ont trait au Messager lui-m\u00eame. Qui est-il ? Pourquoi a-t-il \u00e9t\u00e9 choisi ? Comment pouvez-vous savoir qu\u2019il est r\u00e9el et authentique ? Et de quelle mani\u00e8re est-il reli\u00e9 aux Messagers du pass\u00e9 ?<\/p>\n<p>Ce sont l\u00e0 des questions que toute personne de bonne foi pourrait se poser. \u00c0 pr\u00e9sent, Dieu a parl\u00e9 \u00e0 nouveau, avec une s\u00e9rie de r\u00e9v\u00e9lations pour \u00e9lever notre compr\u00e9hension des Messagers de Dieu, de la mani\u00e8re dont ils sont s\u00e9lectionn\u00e9s, de leur grande identit\u00e9, de leurs relations entre eux et des cons\u00e9quences de leur apparition et de leur \u00e9mergence dans le monde.<\/p>\n<p>Chaque chapitre du <em>Nouveau Messager<\/em> est une r\u00e9v\u00e9lation individuelle donn\u00e9e par Dieu \u00e0 l\u2019humanit\u00e9. Vous avez ici l\u2019opportunit\u00e9 de vraiment comprendre l\u2019homme, Marshall Vian Summers, qui a re\u00e7u les plus de 9000 pages de r\u00e9v\u00e9lation du Nouveau Message de Dieu. La Voix de la R\u00e9v\u00e9lation continue \u00e0 parler par le Messager et la Parole et le Son de la communication Divine r\u00e9sonnent maintenant \u00e0 travers le monde. La R\u00e9v\u00e9lation continue \u00e0 ce jour.<\/p>\n<p><em>Le Nouveau Messager<\/em> est le troisi\u00e8me livre du <a href=\"\/le-message\/volume-1\">Volume 1<\/a> du Nouveau Message de Dieu.<\/p>\n<p style=\"text-align: left;\"><div class=\"toggle toggle-white\"><h4 class=\"trigger \"><span class=\"t_ico\"><\/span><a href=\"#\">\u00c0 propos des Volumes du Nouveau Message<\/a><\/h4><div class=\"toggle_container \"><br \/>\n<div data-post-id='24520' class='insert-page insert-page-24520 '><p>Le Nouveau Message de Dieu sera au final contenu dans 6 volumes individuels. Chaque volume contient deux livres ou plus, et chaque livre est organis\u00e9 en chapitres.<\/p>\n<p>Ainsi, la future structure du Nouveau Message de Dieu peut \u00eatre synth\u00e9tis\u00e9e de la fa\u00e7on suivante :<\/p>\n<div id=\"attachment_24097\" style=\"width: 227px\" class=\"wp-caption alignright\"><a href=\"https:\/\/www.newmessage.org\/wp-content\/uploads\/2015\/08\/Volumes-Books-InfoGraphic.001.jpg\"><img loading=\"lazy\" decoding=\"async\" aria-describedby=\"caption-attachment-24097\" class=\"imgborder \" src=\"https:\/\/www.newmessage.org\/wp-content\/uploads\/2015\/08\/Volumes-Books-InfoGraphic.001.jpg\" alt=\"The New Message One Book\" width=\"217\" height=\"234\" \/><\/a><p id=\"caption-attachment-24097\" class=\"wp-caption-text\">Le Livre Unique du Nouveau Message<\/p><\/div>\n<p><strong>Volume &gt; Livre &gt; Chapitre &gt; Verset.<br \/>\n<\/strong><\/p>\n<p>Le Nouveau Message de Dieu contient la plus grande R\u00e9v\u00e9lation jamais donn\u00e9e au monde. Il s&rsquo;adresse \u00e0 pratiquement tous les aspects de nos vies, pr\u00e9sentant de nouvelles r\u00e9alit\u00e9s jamais r\u00e9v\u00e9l\u00e9es auparavant. La <em>Society<\/em> \u0153uvre pour que le plus possible de livres et de r\u00e9v\u00e9lations audios soient rendues disponibles et accessibles au monde.<\/p>\n<p>Actuellement, la Society est en mesure d&rsquo;offrir un grand nombre d&rsquo;enregistrements de la Voix de la R\u00e9v\u00e9lation dans leur version originale. Vous \u00eates de fait invit\u00e9s \u00e0 faire l&rsquo;exp\u00e9rience du pouvoir et du myst\u00e8re de la \u00ab\u00a0Voix\u00a0\u00bb telle qu&rsquo;elle s&rsquo;est exprim\u00e9e \u00e0 travers le Messager en \u00e9tat de R\u00e9v\u00e9lation. Jamais auparavant il n&rsquo;avait \u00e9t\u00e9 possible d&rsquo;entendre la Voix de la R\u00e9v\u00e9lation originale.<\/p>\n<p>La compilation du Nouveau Message tout entier est un travail de longue haleine. Au m\u00eame moment, la R\u00e9v\u00e9lation continue \u00e0 \u00eatre re\u00e7ue avec de nouveaux enseignements donn\u00e9s chaque ann\u00e9e. En cons\u00e9quence, la s\u00e9lection de chapitres dans chaque livre peut changer. De m\u00eame, les titres des livres peuvent eux-aussi changer pour refl\u00e9ter la port\u00e9e grandissante de chaque livre. Vous vivez \u00e0 une \u00e9poque de R\u00e9v\u00e9lation et \u00eates t\u00e9moin du processus de R\u00e9v\u00e9lation qui se d\u00e9ploie devant vous.<\/p>\n<h4>Livres en ligne<\/h4>\n<p>La <em>Society<\/em> s\u2019efforce de rendre le Nouveau Message accessible gratuitement en ligne pour le monde. Actuellement, un certain nombre de livres du Nouveau Message sont disponibles gratuitement \u00e0 www.newmessage.org. Vous pouvez explorer <a href=\"http:\/\/www.nouveaumessagededieu.org\/le-message\" target=\"_blank\">la biblioth\u00e8que des livres gratuits en ligne<\/a>.<\/p>\n<h4>Livres au format papier<\/h4>\n<p>La <em>Society<\/em> offre actuellement certain des livres du Nouveau Message sous format papier. Cependant, du fait de la taille immense de la partie du Nouveau Message r\u00e9v\u00e9l\u00e9e, la <em>Society<\/em> n\u2019est pas encore en mesure de publier sous forme imprim\u00e9e les six volumes du Nouveau Message pour l\u2019instant. Pour acheter une copie des livres actuellement disponibles, veuillez visiter la boutique de la <a href=\"http:\/\/www.newknowledgelibrary.org\">New Knowledge Library<\/a>.<\/p>\n<h4>CD et mp3<\/h4>\n<p>Certaines r\u00e9v\u00e9lations relatives \u00e0 l\u2019\u00e9tude du Nouveau Message sont disponibles \u00e0 l\u2019achat sous forme de CD ou de mp3. La <em><a href=\"http:\/\/www.nouveaumessagededieu.org\/worldwide-community\/society\" target=\"_blank\">Society<\/a><\/em> propose ces enseignements \u00e0 un co\u00fbt modeste \u00e0 la boutique de la New Knowledge Library en raison des r\u00e9alit\u00e9s financi\u00e8res li\u00e9es \u00e0 la n\u00e9cessit\u00e9 d\u2019atteindre le monde entier avec le Nouveau Message.<\/p>\n<h4>Le <em>Free Book Project<\/em><\/h4>\n<p>Avec un soutien financier plus important, la <em>Society<\/em> sera en mesure de rendre davantage de ces enseignements de sagesse accessibles gratuitement en ligne. En plus de cela, le <a href=\"http:\/\/www.nm-french.tk\/the-message\/free-book-project\">Free Book Project<\/a> de la <em>Society<\/em> offre une copie des livres et des mp3 des r\u00e9v\u00e9lations du Nouveau Message actuellement disponibles \u00e0 ceux qui n\u2019ont pas les moyens de les acheter. Nous vous invitons \u00e0<a href=\"http:\/\/www.nouveaumessagededieu.org\/worldwide-community\/society\/soutenir-le-nouveau-message\" target=\"_blank\"> faire un don<\/a> pour soutenir le <em>Free Book Project<\/em>, afin que de plus en plus de gens dans le besoin puissent avoir acc\u00e8s au Nouveau Message de Dieu.<\/p>\n<h4>Publications futures<\/h4>\n<p>La <em>Society<\/em> continuera \u00e0 mener \u00e0 bien sa vision de publication de l\u2019enti\u00e8ret\u00e9 du Nouveau Message de Dieu, \u00e0 la fois sous la forme de ses livres et de ses volumes, et peut-\u00eatre un jour sous la forme d\u2019un livre unique, simplement intitul\u00e9 : \u201cLe Nouveau Message de Dieu\u201d. C\u2019est une entreprise \u00e9norme pour laquelle la <em>Society<\/em> a besoin de votre contribution et de votre participation. Envisagez, si vous le pouvez, la possibilit\u00e9 de <a href=\"http:\/\/www.nouveaumessagededieu.org\/worldwide-community\/society\/soutenir-le-nouveau-message\" target=\"_blank\">faire un don<\/a> ou de <a href=\"http:\/\/www.nouveaumessagededieu.org\/worldwide-community\/society\/soutenir-le-nouveau-message\" target=\"_blank\">devenir un Pilier<\/a> du Nouveau Message pour soutenir cette cause sacr\u00e9e. Nous vous remercions pour votre soutien.<\/p>\n<\/div><br \/>\n<\/div><\/div>\n<div class=\"background-color-bridesmaid padding-20\">\n<h2 style=\"text-align: left;\"><span style=\"color: #525252;\">Table des mati\u00e8res<br \/>\n<\/span><\/h2>\n<p><a href=\"https:\/\/www.nouveaumessagededieu.org\/le-message\/volume-1\/le-nouveau-messager\/introduction\">Introduction<\/a><\/p>\n<p>Chapitre 1 : <a href=\"https:\/\/www.nouveaumessagededieu.org\/le-message\/volume-1\/le-nouveau-messager\/la-volonte-du-ciel\">La Volont\u00e9 du Ciel<\/a><\/p>\n<p>Chapitre 2 : <a href=\"http:\/\/www.nouveaumessagededieu.org\/le-message\/volume-1\/le-nouveau-messager\/origine-du-messager\">L&rsquo;Origine du Messager<\/a><\/p>\n<p>Chapitre 3 : <a href=\"https:\/\/www.nouveaumessagededieu.org\/le-message\/volume-1\/le-nouveau-messager\/la-lignee-du-messager\">La lign\u00e9e du Messager<\/a><\/p>\n<p>Chapitre 4 : <a href=\"https:\/\/www.nouveaumessagededieu.org\/le-message\/volume-1\/le-nouveau-messager\/histoire-du-messager\">L&rsquo;histoire du Messager<\/a><\/p>\n<p>Chapitre 5 : <a href=\"http:\/\/www.nouveaumessagededieu.org\/le-message\/volume-1\/le-nouveau-messager\/ce-qui-est-requis-du-messager\">Ce qui est requis du Messager<\/a><\/p>\n<p>Chapitre 6 : <a href=\"https:\/\/www.nouveaumessagededieu.org\/le-message\/volume-1\/le-nouveau-messager\/le-voile-du-messager\">Le Voile du Messager<\/a><\/p>\n<p>Chapitre 7 : <a href=\"https:\/\/www.nouveaumessagededieu.org\/le-message\/volume-1\/le-nouveau-messager\/comprendre-le-nouveau-messager\">Comprendre le nouveau Messager<\/a><\/p>\n<p>Chapitre 8 : <a href=\"http:\/\/www.nouveaumessagededieu.org\/le-message\/volume-1\/le-nouveau-messager\/faire-face-la-lumiere-de-la-revelation\">Faire face \u00e0 la lumi\u00e8re de la R\u00e9v\u00e9lation<\/a><\/p>\n<p>Chapitre 9 : <a href=\"https:\/\/www.nouveaumessagededieu.org\/le-message\/volume-1\/le-nouveau-messager\/le-voyage-du-messager\">Le Voyage du Messager<\/a><\/p>\n<p>Chapitre 10 :\u00a0<a href=\"https:\/\/www.nouveaumessagededieu.org\/le-message\/volume-1\/le-nouveau-messager\/le-prophete\">Le Proph\u00e8te<\/a><\/p>\n<p>Chapitre 11 : <a href=\"https:\/\/www.nouveaumessagededieu.org\/le-message\/volume-1\/le-nouveau-messager\/la-consequence-de-la-revelation\">La cons\u00e9quence de la R\u00e9v\u00e9lation<\/a><\/p>\n<p>Chapter 12 : <a href=\"https:\/\/www.nouveaumessagededieu.org\/le-message\/volume-1\/le-nouveau-messager\/appel-du-messager\">L&rsquo;Appel du Messager<\/a><\/p>\n<p>Chapitre 13 : <a href=\"https:\/\/www.nouveaumessagededieu.org\/le-message\/volume-1\/le-nouveau-messager\/marcher-avec-le-messager\">Marcher avec le Messager<\/a><\/p>\n<\/div>\n","protected":false},"excerpt":{"rendered":"<p>Le Nouveau Messager r\u00e9v\u00e8le l\u2019origine, la lign\u00e9e et la mission des Messagers de Dieu qui, \u00e0 diff\u00e9rentes \u00e9poques de l\u2019histoire de l\u2019humanit\u00e9, sont entr\u00e9s dans le monde pour recevoir et pr\u00e9senter de nouvelles R\u00e9v\u00e9lations pour l\u2019humanit\u00e9. Le Nouveau Message enseigne que tous les pr\u00e9c\u00e9dents Messagers de Dieu \u00e9taient des membres de l\u2019Assembl\u00e9e Ang\u00e9lique qui veille\u2026 <a class=\"read-more\" href=\"https:\/\/www.v6.newmessage.org\/fr\/more-about-the-volumes\"><span>Read More<\/span><\/a><\/p>\n","protected":false},"author":1,"featured_media":0,"parent":16287,"menu_order":4,"comment_status":"closed","ping_status":"closed","template":"template-leftsidebar.php","meta":{"_monsterinsights_skip_tracking":false,"_monsterinsights_sitenote_active":false,"_monsterinsights_sitenote_note":"","_monsterinsights_sitenote_category":0,"footnotes":""},"categories":[465,460],"tags":[618],"_links":{"self":[{"href":"https:\/\/www.v6.newmessage.org\/fr\/wp-json\/wp\/v2\/pages\/16489"}],"collection":[{"href":"https:\/\/www.v6.newmessage.org\/fr\/wp-json\/wp\/v2\/pages"}],"about":[{"href":"https:\/\/www.v6.newmessage.org\/fr\/wp-json\/wp\/v2\/types\/page"}],"author":[{"embeddable":true,"href":"https:\/\/www.v6.newmessage.org\/fr\/wp-json\/wp\/v2\/users\/1"}],"replies":[{"embeddable":true,"href":"https:\/\/www.v6.newmessage.org\/fr\/wp-json\/wp\/v2\/comments?post=16489"}],"version-history":[{"count":47,"href":"https:\/\/www.v6.newmessage.org\/fr\/wp-json\/wp\/v2\/pages\/16489\/revisions"}],"predecessor-version":[{"id":29037,"href":"https:\/\/www.v6.newmessage.org\/fr\/wp-json\/wp\/v2\/pages\/16489\/revisions\/29037"}],"up":[{"embeddable":true,"href":"https:\/\/www.v6.newmessage.org\/fr\/wp-json\/wp\/v2\/pages\/16287"}],"wp:attachment":[{"href":"https:\/\/www.v6.newmessage.org\/fr\/wp-json\/wp\/v2\/media?parent=16489"}],"wp:term":[{"taxonomy":"category","embeddable":true,"href":"https:\/\/www.v6.newmessage.org\/fr\/wp-json\/wp\/v2\/categories?post=16489"},{"taxonomy":"post_tag","embeddable":true,"href":"https:\/\/www.v6.newmessage.org\/fr\/wp-json\/wp\/v2\/tags?post=16489"}],"curies":[{"name":"wp","href":"https:\/\/api.w.org\/{rel}","templated":true}]}}