{"id":16486,"date":"2014-10-29T23:48:58","date_gmt":"2014-10-29T23:48:58","guid":{"rendered":"http:\/\/www.newmessage.org\/?page_id=16486"},"modified":"2024-04-15T13:16:33","modified_gmt":"2024-04-15T13:16:33","slug":"la-grande-communaute","status":"publish","type":"page","link":"https:\/\/www.v6.newmessage.org\/fr\/le-message\/volume-1\/la-grande-communaute","title":{"rendered":"La Grande Communaut\u00e9"},"content":{"rendered":"<p><!--\n\n\n<p class=\"font-size-13\"><span data-mce-type=\"bookmark\" style=\"display: inline-block; width: 0px; overflow: hidden; line-height: 0;\" class=\"mce_SELRES_start\"><\/span><span data-mce-type=\"bookmark\" style=\"display: inline-block; width: 0px; overflow: hidden; line-height: 0;\" class=\"mce_SELRES_start\"><\/span>Order the Print Book | Order the eBook<\/p>\n\n\n --><img loading=\"lazy\" decoding=\"async\" class=\"imgborder alignright wp-image-29350\" src=\"https:\/\/www.newmessage.org\/fr\/wp-content\/uploads\/sites\/38\/2020\/04\/TGC-front-cover-fr-200x300.jpeg\" alt=\"\" width=\"300\" height=\"450\" srcset=\"https:\/\/www.v6.newmessage.org\/fr\/wp-content\/uploads\/sites\/38\/2020\/04\/TGC-front-cover-fr-200x300.jpeg 200w, https:\/\/www.v6.newmessage.org\/fr\/wp-content\/uploads\/sites\/38\/2020\/04\/TGC-front-cover-fr-768x1152.jpeg 768w, https:\/\/www.v6.newmessage.org\/fr\/wp-content\/uploads\/sites\/38\/2020\/04\/TGC-front-cover-fr-400x600.jpeg 400w, https:\/\/www.v6.newmessage.org\/fr\/wp-content\/uploads\/sites\/38\/2020\/04\/TGC-front-cover-fr-500x750.jpeg 500w\" sizes=\"(max-width: 300px) 100vw, 300px\" \/>Notre monde \u00e9merge au sein d&rsquo;une Grande Communaut\u00e9 de vie intelligente dans l&rsquo;univers.<\/p>\n<p>L&rsquo;humanit\u00e9 \u00e9merge au sein d&rsquo;une Grande Communaut\u00e9 de mondes. Le Contact a commenc\u00e9 et notre isolement dans l&rsquo;univers est termin\u00e9. Il s&rsquo;agit du plus grand \u00e9v\u00e9nement de l&rsquo;histoire humaine, et cependant nous ne sommes ni conscients ni pr\u00e9par\u00e9s.<\/p>\n<p>L&rsquo;humanit\u00e9 a atteint un seuil critique de son \u00e9volution, une \u00e9poque de convergence \u00e0 laquelle d&rsquo;importantes forces politiques, sociales et environnementales se heurtent \u00e0 la r\u00e9alit\u00e9 du Contact extraterrestre qui va affecter le monde entier.<\/p>\n<p><em>La Grande Communaut\u00e9 <\/em>pr\u00e9sente un ensemble d&rsquo;enseignements r\u00e9volutionnaires pour pr\u00e9parer les gens du monde entier au grand changement en cours aujourd&rsquo;hui, et pour apporter la v\u00e9rit\u00e9 sur la r\u00e9alit\u00e9 du Contact qui est en train de se produire dans le monde aujourd&rsquo;hui.<\/p>\n<p><em>La Grande Communaut\u00e9<\/em> r\u00e9v\u00e8le :<\/p>\n<ul>\n<li>\u2013 Qui visite notre monde, pourquoi ces visiteurs sont l\u00e0 et ce qu&rsquo;ils veulent<\/li>\n<li>\u2013 Le programme extraterrestre en cours dans le monde et la mani\u00e8re dont il est en train d&rsquo;affecter les gens partout dans le monde<\/li>\n<li>\u2013 Qui sont les v\u00e9ritables alli\u00e9s de l&rsquo;humanit\u00e9 et en quoi ils sont diff\u00e9rents de ces forces qui interviennent dans notre monde<\/li>\n<li>\u2013 La relation entre notre spiritualit\u00e9 essentielle et le contact avec d&rsquo;autres formes de vie intelligentes<\/li>\n<li>\u2013 Comment se pr\u00e9parer \u00e0 la r\u00e9alit\u00e9 du Contact en utilisant le pouvoir inn\u00e9 de la Connaissance qui vit en nous.<\/li>\n<\/ul>\n<p>Le Contact avec la vie intelligente dans l&rsquo;univers est un \u00e9v\u00e9nement mondial qui ne ressemble \u00e0 aucun autre. Il s&rsquo;agit de la nouvelle grande \u00e9tape du d\u00e9veloppement et de l&rsquo;\u00e9volution de la famille humaine. Il ne peut \u00eatre arr\u00eat\u00e9. Il ne peut \u00eatre \u00e9vit\u00e9. Il a lieu en ce moment m\u00eame. Et il y a des gens partout dans le monde qui savent que c&rsquo;est vrai \u2014 que la vie extraterrestre est une r\u00e9alit\u00e9 et que nous ne sommes pas seuls dans l&rsquo;univers, ou m\u00eame dans notre monde.<\/p>\n<p>Ce livre est ici pour vous brosser un tableau complet et une perspective \u00e9largie de l&rsquo;\u00e9tat de notre monde, de la r\u00e9alit\u00e9 du contact et du grand sens de votre vie \u00e0 ce tournant crucial de l&rsquo;histoire.<\/p>\n<p>Les r\u00e9v\u00e9lations pr\u00e9sent\u00e9es ici ont \u00e9t\u00e9 compil\u00e9es par le Messager <a href=\"http:\/\/www.nouveaumessagededieu.org\/messager-de-dieu\"><em>Marshall Vian Summers<\/em><\/a><em>\u00a0<\/em>pour former ce livre. D&rsquo;autres r\u00e9v\u00e9lations et proph\u00e9ties concernant la Grande Communaut\u00e9 sont pr\u00e9sent\u00e9es dans le livre <a href=\"http:\/\/www.nouveaumessagededieu.org\/le-message\/volume-4\/la-vie-dans-lunivers\"><em>La vie dans l&rsquo;univers<\/em><\/a> et dans de nombreux autres textes du Nouveau Message.<\/p>\n<p><em>La Grande Communaut\u00e9<\/em> est le quatri\u00e8me livre du <a href=\"\/le-message\/volume-1\">Volume 1<\/a> du Nouveau Message de Dieu.<\/p>\n<p style=\"text-align: left;\"><div class=\"toggle toggle-white\"><h4 class=\"trigger \"><span class=\"t_ico\"><\/span><a href=\"#\">\u00c0 propos des volumes du Nouveau Message de Dieu<\/a><\/h4><div class=\"toggle_container \"><br \/>\n<div data-post-id='24520' class='insert-page insert-page-24520 '><p>Le Nouveau Message de Dieu sera au final contenu dans 6 volumes individuels. Chaque volume contient deux livres ou plus, et chaque livre est organis\u00e9 en chapitres.<\/p>\n<p>Ainsi, la future structure du Nouveau Message de Dieu peut \u00eatre synth\u00e9tis\u00e9e de la fa\u00e7on suivante :<\/p>\n<div id=\"attachment_24097\" style=\"width: 227px\" class=\"wp-caption alignright\"><a href=\"https:\/\/www.newmessage.org\/wp-content\/uploads\/2015\/08\/Volumes-Books-InfoGraphic.001.jpg\"><img loading=\"lazy\" decoding=\"async\" aria-describedby=\"caption-attachment-24097\" class=\"imgborder \" src=\"https:\/\/www.newmessage.org\/wp-content\/uploads\/2015\/08\/Volumes-Books-InfoGraphic.001.jpg\" alt=\"The New Message One Book\" width=\"217\" height=\"234\" \/><\/a><p id=\"caption-attachment-24097\" class=\"wp-caption-text\">Le Livre Unique du Nouveau Message<\/p><\/div>\n<p><strong>Volume &gt; Livre &gt; Chapitre &gt; Verset.<br \/>\n<\/strong><\/p>\n<p>Le Nouveau Message de Dieu contient la plus grande R\u00e9v\u00e9lation jamais donn\u00e9e au monde. Il s&rsquo;adresse \u00e0 pratiquement tous les aspects de nos vies, pr\u00e9sentant de nouvelles r\u00e9alit\u00e9s jamais r\u00e9v\u00e9l\u00e9es auparavant. La <em>Society<\/em> \u0153uvre pour que le plus possible de livres et de r\u00e9v\u00e9lations audios soient rendues disponibles et accessibles au monde.<\/p>\n<p>Actuellement, la Society est en mesure d&rsquo;offrir un grand nombre d&rsquo;enregistrements de la Voix de la R\u00e9v\u00e9lation dans leur version originale. Vous \u00eates de fait invit\u00e9s \u00e0 faire l&rsquo;exp\u00e9rience du pouvoir et du myst\u00e8re de la \u00ab\u00a0Voix\u00a0\u00bb telle qu&rsquo;elle s&rsquo;est exprim\u00e9e \u00e0 travers le Messager en \u00e9tat de R\u00e9v\u00e9lation. Jamais auparavant il n&rsquo;avait \u00e9t\u00e9 possible d&rsquo;entendre la Voix de la R\u00e9v\u00e9lation originale.<\/p>\n<p>La compilation du Nouveau Message tout entier est un travail de longue haleine. Au m\u00eame moment, la R\u00e9v\u00e9lation continue \u00e0 \u00eatre re\u00e7ue avec de nouveaux enseignements donn\u00e9s chaque ann\u00e9e. En cons\u00e9quence, la s\u00e9lection de chapitres dans chaque livre peut changer. De m\u00eame, les titres des livres peuvent eux-aussi changer pour refl\u00e9ter la port\u00e9e grandissante de chaque livre. Vous vivez \u00e0 une \u00e9poque de R\u00e9v\u00e9lation et \u00eates t\u00e9moin du processus de R\u00e9v\u00e9lation qui se d\u00e9ploie devant vous.<\/p>\n<h4>Livres en ligne<\/h4>\n<p>La <em>Society<\/em> s\u2019efforce de rendre le Nouveau Message accessible gratuitement en ligne pour le monde. Actuellement, un certain nombre de livres du Nouveau Message sont disponibles gratuitement \u00e0 www.newmessage.org. Vous pouvez explorer <a href=\"http:\/\/www.nouveaumessagededieu.org\/le-message\" target=\"_blank\">la biblioth\u00e8que des livres gratuits en ligne<\/a>.<\/p>\n<h4>Livres au format papier<\/h4>\n<p>La <em>Society<\/em> offre actuellement certain des livres du Nouveau Message sous format papier. Cependant, du fait de la taille immense de la partie du Nouveau Message r\u00e9v\u00e9l\u00e9e, la <em>Society<\/em> n\u2019est pas encore en mesure de publier sous forme imprim\u00e9e les six volumes du Nouveau Message pour l\u2019instant. Pour acheter une copie des livres actuellement disponibles, veuillez visiter la boutique de la <a href=\"http:\/\/www.newknowledgelibrary.org\">New Knowledge Library<\/a>.<\/p>\n<h4>CD et mp3<\/h4>\n<p>Certaines r\u00e9v\u00e9lations relatives \u00e0 l\u2019\u00e9tude du Nouveau Message sont disponibles \u00e0 l\u2019achat sous forme de CD ou de mp3. La <em><a href=\"http:\/\/www.nouveaumessagededieu.org\/worldwide-community\/society\" target=\"_blank\">Society<\/a><\/em> propose ces enseignements \u00e0 un co\u00fbt modeste \u00e0 la boutique de la New Knowledge Library en raison des r\u00e9alit\u00e9s financi\u00e8res li\u00e9es \u00e0 la n\u00e9cessit\u00e9 d\u2019atteindre le monde entier avec le Nouveau Message.<\/p>\n<h4>Le <em>Free Book Project<\/em><\/h4>\n<p>Avec un soutien financier plus important, la <em>Society<\/em> sera en mesure de rendre davantage de ces enseignements de sagesse accessibles gratuitement en ligne. En plus de cela, le <a href=\"http:\/\/www.nm-french.tk\/the-message\/free-book-project\">Free Book Project<\/a> de la <em>Society<\/em> offre une copie des livres et des mp3 des r\u00e9v\u00e9lations du Nouveau Message actuellement disponibles \u00e0 ceux qui n\u2019ont pas les moyens de les acheter. Nous vous invitons \u00e0<a href=\"http:\/\/www.nouveaumessagededieu.org\/worldwide-community\/society\/soutenir-le-nouveau-message\" target=\"_blank\"> faire un don<\/a> pour soutenir le <em>Free Book Project<\/em>, afin que de plus en plus de gens dans le besoin puissent avoir acc\u00e8s au Nouveau Message de Dieu.<\/p>\n<h4>Publications futures<\/h4>\n<p>La <em>Society<\/em> continuera \u00e0 mener \u00e0 bien sa vision de publication de l\u2019enti\u00e8ret\u00e9 du Nouveau Message de Dieu, \u00e0 la fois sous la forme de ses livres et de ses volumes, et peut-\u00eatre un jour sous la forme d\u2019un livre unique, simplement intitul\u00e9 : \u201cLe Nouveau Message de Dieu\u201d. C\u2019est une entreprise \u00e9norme pour laquelle la <em>Society<\/em> a besoin de votre contribution et de votre participation. Envisagez, si vous le pouvez, la possibilit\u00e9 de <a href=\"http:\/\/www.nouveaumessagededieu.org\/worldwide-community\/society\/soutenir-le-nouveau-message\" target=\"_blank\">faire un don<\/a> ou de <a href=\"http:\/\/www.nouveaumessagededieu.org\/worldwide-community\/society\/soutenir-le-nouveau-message\" target=\"_blank\">devenir un Pilier<\/a> du Nouveau Message pour soutenir cette cause sacr\u00e9e. Nous vous remercions pour votre soutien.<\/p>\n<\/div><br \/>\n<\/div><\/div>\n<div class=\"background-color-bridesmaid padding-20\">\n<h2 style=\"text-align: left;\"><span style=\"color: #525252;\">Table des mati\u00e8res<br \/>\n<\/span><\/h2>\n<p><a href=\"https:\/\/www.v6.newmessage.org\/fr\/le-message\/volume-1\/la-grande-communaute\/tgc-intro\">Introduction<\/a><\/p>\n<p>Chapitre 1 : <a href=\"https:\/\/www.v6.newmessage.org\/fr\/le-message\/volume-1\/la-grande-communaute\/emergence-humanite-univers\">L&rsquo;\u00e9mergence de l&rsquo;humanit\u00e9 dans la Grande Communaut\u00e9<\/a><\/p>\n<p>Chapitre 2 : <a href=\"https:\/\/www.v6.newmessage.org\/fr\/le-message\/volume-1\/la-grande-communaute\/le-contact-avec-la-vie-intelligente-dans-lunivers\">Le Contact avec la vie intelligente dans l&rsquo;univers<\/a><\/p>\n<p>Chapitre 3 : <a \nhref=\"https:\/\/www.v6.newmessage.org\/fr\/le-message\/volume-1\/la-grande-communaute\/faire-face-a-la-grande-communaute\">Faire face \u00e0 la Grande Communaut\u00e9<\/a><\/p>\n<p>Chapitre 4 : <a href=\"https:\/\/www.v6.newmessage.org\/fr\/le-message\/volume-1\/la-grande-communaute\/entrer-dans-la-grande-communaute\">Entrer dans la Grande Communaut\u00e9<\/a><\/p>\n<p>Chapitre 5 : <a href=\"https:\/\/www.v6.newmessage.org\/fr\/le-message\/volume-1\/la-grande-communaute\/qui-sont-les-allies-de-lhumanite\">Qui sont les Alli\u00e9s de l&rsquo;humanit\u00e9 ?<\/a><\/p>\n<p>Chapitre 6 : Les ennemis de l&rsquo;humanit\u00e9<\/p>\n<p>Chapitre 7 : <a href=\"https:\/\/www.v6.newmessage.org\/fr\/le-message\/volume-1\/la-grande-communaute\/la-destinee-de-lhumanite-dans-la-grande-communaute\">La destin\u00e9e de l&rsquo;humanit\u00e9 dans la Grande Communaut\u00e9<\/a><\/p>\n<p>Chapitre 8 : Se pr\u00e9parer \u00e0 la Grande Communaut\u00e9<\/p>\n<p>Chapitre 9 : Prot\u00e9ger le monde<\/p>\n<p>Chapitre 10 : L&rsquo;importance de la Grande Communaut\u00e9<\/p>\n<p>Chapitre 11 : La Nouvelle R\u00e9v\u00e9lation<\/p>\n<\/div>\n","protected":false},"excerpt":{"rendered":"<p>Notre monde \u00e9merge au sein d&rsquo;une Grande Communaut\u00e9 de vie intelligente dans l&rsquo;univers. L&rsquo;humanit\u00e9 \u00e9merge au sein d&rsquo;une Grande Communaut\u00e9 de mondes. Le Contact a commenc\u00e9 et notre isolement dans l&rsquo;univers est termin\u00e9. Il s&rsquo;agit du plus grand \u00e9v\u00e9nement de l&rsquo;histoire humaine, et cependant nous ne sommes ni conscients ni pr\u00e9par\u00e9s. L&rsquo;humanit\u00e9 a atteint un\u2026 <a class=\"read-more\" href=\"https:\/\/www.v6.newmessage.org\/fr\/more-about-the-volumes\"><span>Read More<\/span><\/a><\/p>\n","protected":false},"author":1,"featured_media":0,"parent":16287,"menu_order":5,"comment_status":"closed","ping_status":"closed","template":"template-leftsidebar.php","meta":{"_monsterinsights_skip_tracking":false,"_monsterinsights_sitenote_active":false,"_monsterinsights_sitenote_note":"","_monsterinsights_sitenote_category":0,"footnotes":""},"categories":[460],"tags":[632],"_links":{"self":[{"href":"https:\/\/www.v6.newmessage.org\/fr\/wp-json\/wp\/v2\/pages\/16486"}],"collection":[{"href":"https:\/\/www.v6.newmessage.org\/fr\/wp-json\/wp\/v2\/pages"}],"about":[{"href":"https:\/\/www.v6.newmessage.org\/fr\/wp-json\/wp\/v2\/types\/page"}],"author":[{"embeddable":true,"href":"https:\/\/www.v6.newmessage.org\/fr\/wp-json\/wp\/v2\/users\/1"}],"replies":[{"embeddable":true,"href":"https:\/\/www.v6.newmessage.org\/fr\/wp-json\/wp\/v2\/comments?post=16486"}],"version-history":[{"count":54,"href":"https:\/\/www.v6.newmessage.org\/fr\/wp-json\/wp\/v2\/pages\/16486\/revisions"}],"predecessor-version":[{"id":29526,"href":"https:\/\/www.v6.newmessage.org\/fr\/wp-json\/wp\/v2\/pages\/16486\/revisions\/29526"}],"up":[{"embeddable":true,"href":"https:\/\/www.v6.newmessage.org\/fr\/wp-json\/wp\/v2\/pages\/16287"}],"wp:attachment":[{"href":"https:\/\/www.v6.newmessage.org\/fr\/wp-json\/wp\/v2\/media?parent=16486"}],"wp:term":[{"taxonomy":"category","embeddable":true,"href":"https:\/\/www.v6.newmessage.org\/fr\/wp-json\/wp\/v2\/categories?post=16486"},{"taxonomy":"post_tag","embeddable":true,"href":"https:\/\/www.v6.newmessage.org\/fr\/wp-json\/wp\/v2\/tags?post=16486"}],"curies":[{"name":"wp","href":"https:\/\/api.w.org\/{rel}","templated":true}]}}