{"id":16482,"date":"2014-10-29T23:47:55","date_gmt":"2014-10-29T23:47:55","guid":{"rendered":"http:\/\/www.newmessage.org\/?page_id=16482"},"modified":"2020-05-16T02:14:25","modified_gmt":"2020-05-16T02:14:25","slug":"le-nouveau-monde","status":"publish","type":"page","link":"https:\/\/www.v6.newmessage.org\/fr\/le-message\/volume-1\/le-nouveau-monde","title":{"rendered":"Le Nouveau Monde"},"content":{"rendered":"<p><em><img loading=\"lazy\" decoding=\"async\" class=\"imgborder alignright wp-image-29371\" src=\"https:\/\/www.newmessage.org\/fr\/wp-content\/uploads\/sites\/38\/2020\/05\/TNW-front-cover-fr-200x300.jpeg\" alt=\"\" width=\"300\" height=\"450\" srcset=\"https:\/\/www.v6.newmessage.org\/fr\/wp-content\/uploads\/sites\/38\/2020\/05\/TNW-front-cover-fr-200x300.jpeg 200w, https:\/\/www.v6.newmessage.org\/fr\/wp-content\/uploads\/sites\/38\/2020\/05\/TNW-front-cover-fr-768x1152.jpeg 768w, https:\/\/www.v6.newmessage.org\/fr\/wp-content\/uploads\/sites\/38\/2020\/05\/TNW-front-cover-fr-400x600.jpeg 400w, https:\/\/www.v6.newmessage.org\/fr\/wp-content\/uploads\/sites\/38\/2020\/05\/TNW-front-cover-fr-500x750.jpeg 500w, https:\/\/www.v6.newmessage.org\/fr\/wp-content\/uploads\/sites\/38\/2020\/05\/TNW-front-cover-fr.jpeg 1200w\" sizes=\"(max-width: 300px) 100vw, 300px\" \/>Le Nouveau Monde<\/em> apporte \u00e0 la fois un avertissement sur les grands changements qui arrivent sur notre monde et une vision proph\u00e9tique d\u2019un monde futur auquel nous devons nous pr\u00e9parer.<\/p>\n<p>Dans<em> Le Nouveau Monde<\/em>, Dieu nous alerte sur la responsabilit\u00e9 qu\u2019a l\u2019humanit\u00e9 dans l\u2019\u00e9puisement et la d\u00e9gradation rapides de la Terre, de son climat et de son environnement, et il nous avertit qu\u2019il est maintenant urgent que nous agissions, individuellement et collectivement, pour \u00e0 la fois restaurer notre plan\u00e8te et pour nous pr\u00e9parer \u00e0 une nouvelle condition du monde dans l\u2019avenir.<\/p>\n<p>Ce livre r\u00e9v\u00e8le la situation critique dans laquelle se trouve aujourd\u2019hui l\u2019humanit\u00e9 et les causes profondes d\u2019une trag\u00e9die mondiale dont les conflits, la pauvret\u00e9 et l\u2019oppression qu\u2019elle engendre se r\u00e9pandent \u00e0 pr\u00e9sent dans le monde entier. En plus de cela, <em>Le Nouveau Monde<\/em> pr\u00e9sente le Plan de Dieu pour le monde et ce qui peut sauver l\u2019humanit\u00e9 alors qu\u2019elle fait face aux plus grandes \u00e9preuves auxquelles elle a jamais \u00e9t\u00e9 confront\u00e9e.<\/p>\n<p><em>Le Nouveau Monde<\/em> est un pr\u00e9lude proph\u00e9tique aux <a href=\"https:\/\/www.nouveaumessagededieu.org\/le-message\/volume-4\/les-grandes-vagues-de-changement\">Grandes Vagues de Changement<\/a>, un livre qui pr\u00e9sente avec davantage de d\u00e9tails les d\u00e9fis auxquels nous serons individuellement confront\u00e9s et le chemin de la pr\u00e9paration int\u00e9rieure et ext\u00e9rieure offert \u00e0 chaque personne gr\u00e2ce au Nouveau Message.<\/p>\n<p>Chaque chapitre du <em>Nouveau Monde<\/em> est une r\u00e9v\u00e9lation donn\u00e9e par la Source et compil\u00e9e en ce texte par le Messager, Marshall Vian Summers. Plusieurs chapitres du <em>Nouveau Monde<\/em> ont \u00e9t\u00e9 re\u00e7us en des lieux o\u00f9 le conflit et d\u2019instabilit\u00e9 s\u2019accroissent, comme Beyrouth, Alep et T\u00e9h\u00e9ran.<\/p>\n<a class='simple_button_link ' style='background-color: #363636' href='https:\/\/www.nouveaumessagededieu.org\/le-message\/volume-1\/le-nouveau-monde\/le-nouveau-monde'   ><span>Explorez le premier chapitre du<em>\u00a0Le Nouveau Monde<\/em><\/span><\/a>\n<p><em>Le Nouveau Monde est le septi\u00e8me livre du <a href=\"\/le-message\/volume-1\">Volume 1<\/a> du Nouveau Message de Dieu.<\/em><\/p>\n<p style=\"text-align: left;\"><span style=\"color: #525252; line-height: 1.5;\"><div class=\"toggle toggle-white\"><h4 class=\"trigger \"><span class=\"t_ico\"><\/span><a href=\"#\">\u00c0 propos des volumes du Nouveau Message<\/a><\/h4><div class=\"toggle_container \"><br \/>\n<div data-post-id='24520' class='insert-page insert-page-24520 '><p>Le Nouveau Message de Dieu sera au final contenu dans 6 volumes individuels. Chaque volume contient deux livres ou plus, et chaque livre est organis\u00e9 en chapitres.<\/p>\n<p>Ainsi, la future structure du Nouveau Message de Dieu peut \u00eatre synth\u00e9tis\u00e9e de la fa\u00e7on suivante :<\/p>\n<div id=\"attachment_24097\" style=\"width: 227px\" class=\"wp-caption alignright\"><a href=\"https:\/\/www.newmessage.org\/wp-content\/uploads\/2015\/08\/Volumes-Books-InfoGraphic.001.jpg\"><img loading=\"lazy\" decoding=\"async\" aria-describedby=\"caption-attachment-24097\" class=\"imgborder \" src=\"https:\/\/www.newmessage.org\/wp-content\/uploads\/2015\/08\/Volumes-Books-InfoGraphic.001.jpg\" alt=\"The New Message One Book\" width=\"217\" height=\"234\" \/><\/a><p id=\"caption-attachment-24097\" class=\"wp-caption-text\">Le Livre Unique du Nouveau Message<\/p><\/div>\n<p><strong>Volume &gt; Livre &gt; Chapitre &gt; Verset.<br \/>\n<\/strong><\/p>\n<p>Le Nouveau Message de Dieu contient la plus grande R\u00e9v\u00e9lation jamais donn\u00e9e au monde. Il s&rsquo;adresse \u00e0 pratiquement tous les aspects de nos vies, pr\u00e9sentant de nouvelles r\u00e9alit\u00e9s jamais r\u00e9v\u00e9l\u00e9es auparavant. La <em>Society<\/em> \u0153uvre pour que le plus possible de livres et de r\u00e9v\u00e9lations audios soient rendues disponibles et accessibles au monde.<\/p>\n<p>Actuellement, la Society est en mesure d&rsquo;offrir un grand nombre d&rsquo;enregistrements de la Voix de la R\u00e9v\u00e9lation dans leur version originale. Vous \u00eates de fait invit\u00e9s \u00e0 faire l&rsquo;exp\u00e9rience du pouvoir et du myst\u00e8re de la \u00ab\u00a0Voix\u00a0\u00bb telle qu&rsquo;elle s&rsquo;est exprim\u00e9e \u00e0 travers le Messager en \u00e9tat de R\u00e9v\u00e9lation. Jamais auparavant il n&rsquo;avait \u00e9t\u00e9 possible d&rsquo;entendre la Voix de la R\u00e9v\u00e9lation originale.<\/p>\n<p>La compilation du Nouveau Message tout entier est un travail de longue haleine. Au m\u00eame moment, la R\u00e9v\u00e9lation continue \u00e0 \u00eatre re\u00e7ue avec de nouveaux enseignements donn\u00e9s chaque ann\u00e9e. En cons\u00e9quence, la s\u00e9lection de chapitres dans chaque livre peut changer. De m\u00eame, les titres des livres peuvent eux-aussi changer pour refl\u00e9ter la port\u00e9e grandissante de chaque livre. Vous vivez \u00e0 une \u00e9poque de R\u00e9v\u00e9lation et \u00eates t\u00e9moin du processus de R\u00e9v\u00e9lation qui se d\u00e9ploie devant vous.<\/p>\n<h4>Livres en ligne<\/h4>\n<p>La <em>Society<\/em> s\u2019efforce de rendre le Nouveau Message accessible gratuitement en ligne pour le monde. Actuellement, un certain nombre de livres du Nouveau Message sont disponibles gratuitement \u00e0 www.newmessage.org. Vous pouvez explorer <a href=\"http:\/\/www.nouveaumessagededieu.org\/le-message\" target=\"_blank\">la biblioth\u00e8que des livres gratuits en ligne<\/a>.<\/p>\n<h4>Livres au format papier<\/h4>\n<p>La <em>Society<\/em> offre actuellement certain des livres du Nouveau Message sous format papier. Cependant, du fait de la taille immense de la partie du Nouveau Message r\u00e9v\u00e9l\u00e9e, la <em>Society<\/em> n\u2019est pas encore en mesure de publier sous forme imprim\u00e9e les six volumes du Nouveau Message pour l\u2019instant. Pour acheter une copie des livres actuellement disponibles, veuillez visiter la boutique de la <a href=\"http:\/\/www.newknowledgelibrary.org\">New Knowledge Library<\/a>.<\/p>\n<h4>CD et mp3<\/h4>\n<p>Certaines r\u00e9v\u00e9lations relatives \u00e0 l\u2019\u00e9tude du Nouveau Message sont disponibles \u00e0 l\u2019achat sous forme de CD ou de mp3. La <em><a href=\"http:\/\/www.nouveaumessagededieu.org\/worldwide-community\/society\" target=\"_blank\">Society<\/a><\/em> propose ces enseignements \u00e0 un co\u00fbt modeste \u00e0 la boutique de la New Knowledge Library en raison des r\u00e9alit\u00e9s financi\u00e8res li\u00e9es \u00e0 la n\u00e9cessit\u00e9 d\u2019atteindre le monde entier avec le Nouveau Message.<\/p>\n<h4>Le <em>Free Book Project<\/em><\/h4>\n<p>Avec un soutien financier plus important, la <em>Society<\/em> sera en mesure de rendre davantage de ces enseignements de sagesse accessibles gratuitement en ligne. En plus de cela, le <a href=\"http:\/\/www.nm-french.tk\/the-message\/free-book-project\">Free Book Project<\/a> de la <em>Society<\/em> offre une copie des livres et des mp3 des r\u00e9v\u00e9lations du Nouveau Message actuellement disponibles \u00e0 ceux qui n\u2019ont pas les moyens de les acheter. Nous vous invitons \u00e0<a href=\"http:\/\/www.nouveaumessagededieu.org\/worldwide-community\/society\/soutenir-le-nouveau-message\" target=\"_blank\"> faire un don<\/a> pour soutenir le <em>Free Book Project<\/em>, afin que de plus en plus de gens dans le besoin puissent avoir acc\u00e8s au Nouveau Message de Dieu.<\/p>\n<h4>Publications futures<\/h4>\n<p>La <em>Society<\/em> continuera \u00e0 mener \u00e0 bien sa vision de publication de l\u2019enti\u00e8ret\u00e9 du Nouveau Message de Dieu, \u00e0 la fois sous la forme de ses livres et de ses volumes, et peut-\u00eatre un jour sous la forme d\u2019un livre unique, simplement intitul\u00e9 : \u201cLe Nouveau Message de Dieu\u201d. C\u2019est une entreprise \u00e9norme pour laquelle la <em>Society<\/em> a besoin de votre contribution et de votre participation. Envisagez, si vous le pouvez, la possibilit\u00e9 de <a href=\"http:\/\/www.nouveaumessagededieu.org\/worldwide-community\/society\/soutenir-le-nouveau-message\" target=\"_blank\">faire un don<\/a> ou de <a href=\"http:\/\/www.nouveaumessagededieu.org\/worldwide-community\/society\/soutenir-le-nouveau-message\" target=\"_blank\">devenir un Pilier<\/a> du Nouveau Message pour soutenir cette cause sacr\u00e9e. Nous vous remercions pour votre soutien.<\/p>\n<\/div><br \/>\n<\/div><\/div><\/span><\/p>\n<div class=\"clearfix\"><\/div>\n<h3><\/h3>\n<h3 style=\"text-align: left;\">Recevez notre newsletter par email :<\/h3>\n<div class=\"one_half \" ><br \/>\n&#8211; Vous serez tenu(e) au courant des nouvelles traductions disponibles.<br \/>\n&#8211; Nous n&rsquo;envoyons en principe pas plus d&rsquo;un email par semaine.<br \/>\n&#8211; Votre adresse reste priv\u00e9e. Nous n&rsquo;avons pas de partenaires commerciaux !<br \/>\n&#8211; Vous pouvez vous d\u00e9sinscrire \u00e0 tout moment. <\/div> <div class=\"one_half last\" ><script>(function() {\n\twindow.mc4wp = window.mc4wp || {\n\t\tlisteners: [],\n\t\tforms: {\n\t\t\ton: function(evt, cb) {\n\t\t\t\twindow.mc4wp.listeners.push(\n\t\t\t\t\t{\n\t\t\t\t\t\tevent   : evt,\n\t\t\t\t\t\tcallback: cb\n\t\t\t\t\t}\n\t\t\t\t);\n\t\t\t}\n\t\t}\n\t}\n})();\n<\/script><!-- Mailchimp for WordPress v4.8.3 - https:\/\/wordpress.org\/plugins\/mailchimp-for-wp\/ --><form id=\"mc4wp-form-1\" class=\"mc4wp-form mc4wp-form-27118 mc4wp-form-theme mc4wp-form-theme-red\" method=\"post\" data-id=\"27118\" data-name=\"Default sign-up form\" ><div class=\"mc4wp-form-fields\"><p>\r\n\t<label for=\"mc4wp_email\">Adresse email : <\/label>\r\n\t<input type=\"email\" id=\"mc4wp_email\" name=\"EMAIL\" placeholder=\"Votre adresse email\" required \/>\r\n<\/p>\r\n<p>\r\n    <label>Pays :<\/label>\r\n    <input type=\"text\" name=\"MMERGE10\" placeholder=\"Votre pays\">\r\n<\/p>\r\n<p>\r\n\t<input type=\"submit\" value=\"S\u2019inscrire\" \/>\r\n<\/p>\r\n<script type=\"text\/javascript\">\r\nmc4wp.forms.on('subscribed', function(form) {\r\n\t\/\/ Google Analytics by Yoast\r\n\t__gaTracker && __gaTracker('send', 'event', 'Forms', 'Sign-up', 'MailChimp for WP Sign-Up');\r\n});\r\n<\/script><\/div><label style=\"display: none !important;\">Laissez ce champ vide si vous \u00eates humain\u00a0: <input type=\"text\" name=\"_mc4wp_honeypot\" value=\"\" tabindex=\"-1\" autocomplete=\"off\" \/><\/label><input type=\"hidden\" name=\"_mc4wp_timestamp\" value=\"1777626788\" \/><input type=\"hidden\" name=\"_mc4wp_form_id\" value=\"27118\" \/><input type=\"hidden\" name=\"_mc4wp_form_element_id\" value=\"mc4wp-form-1\" \/><div class=\"mc4wp-response\"><\/div><\/form><!-- \/ Mailchimp for WordPress Plugin --><\/div>\n<p><!--\n\n\n<div class=\"background-color-bridesmaid padding-20\">\n\n\n<h2 style=\"text-align: left;\"><span style=\"color: #525252;\">Table des mati\u00e8res\n<\/span><\/h2>\n\n\nIntroduction\n\nChapitre 1 <a href=\"https:\/\/www.nouveaumessagededieu.org\/le-message\/volume-1\/le-nouveau-monde\/le-nouveau-monde\">Entrer dans le nouveau monde<\/a>\n\nChapitre 2 <a href=\"https:\/\/www.nouveaumessagededieu.org\/le-message\/volume-1\/le-nouveau-monde\/le-grand-avertissement\">Le grand avertissement<\/a>\n\nChapitre 3 <a href=\"https:\/\/www.nouveaumessagededieu.org\/le-message\/volume-1\/le-nouveau-monde\/lurgence-mondiale\">L'urgence mondiale<\/a>\n\nChapitre 4 La situation d\u00e9sesp\u00e9r\u00e9e de l'humanit\u00e9\n\nChapitre 5 <a href=\"https:\/\/www.nouveaumessagededieu.org\/le-message\/volume-1\/le-nouveau-monde\/la-course-pour-sauver-la-civilisation-humaine\">La course pour sauver la civilisation humaine<\/a>\n\nChapitre 6 <a href=\"https:\/\/www.nouveaumessagededieu.org\/le-message\/volume-1\/le-nouveau-monde\/au-bord-du-precipice\">Au bord du pr\u00e9cipice<\/a>\n\nChapitre 7 Faire face \u00e0 l'instabilit\u00e9 plan\u00e9taire\n\nChapitre 8 Le champ de bataille\n\nChapitre 9 Construire la s\u00e9curit\u00e9 mondiale\n\nChapitre 10 Emp\u00eacher l'effondrement et les guerres de d\u00e9sespoir\n\nChapitre 11 La grande transition\n\nChapitre 12 <a href=\"https:\/\/www.nouveaumessagededieu.org\/le-message\/volume-1\/le-nouveau-monde\/le-choc-de-lavenir\">Le choc de l'avenir<\/a>\n\nChapitre 13 <a href=\"https:\/\/www.nouveaumessagededieu.org\/le-message\/volume-1\/le-nouveau-monde\/garder-son-calme-au-milieu-de-la-tempete\">\u00catre centr\u00e9 dans un monde qui s'effondre<\/a>\n\nChapitre 14 La r\u00e9silience\n\nChapitre 15 La Vision\n\nChapitre 16 L'avenir de l'humanit\u00e9\n\n<\/div>\n\n\n--><\/p>\n","protected":false},"excerpt":{"rendered":"<p>Le Nouveau Monde apporte \u00e0 la fois un avertissement sur les grands changements qui arrivent sur notre monde et une vision proph\u00e9tique d\u2019un monde futur auquel nous devons nous pr\u00e9parer. Dans Le Nouveau Monde, Dieu nous alerte sur la responsabilit\u00e9 qu\u2019a l\u2019humanit\u00e9 dans l\u2019\u00e9puisement et la d\u00e9gradation rapides de la Terre, de son climat et\u2026 <a class=\"read-more\" href=\"https:\/\/www.v6.newmessage.org\/fr\/more-about-the-volumes\"><span>Read More<\/span><\/a><\/p>\n","protected":false},"author":1,"featured_media":0,"parent":16287,"menu_order":0,"comment_status":"closed","ping_status":"closed","template":"template-leftsidebar.php","meta":{"_monsterinsights_skip_tracking":false,"_monsterinsights_sitenote_active":false,"_monsterinsights_sitenote_note":"","_monsterinsights_sitenote_category":0,"footnotes":""},"categories":[463,460],"tags":[665],"_links":{"self":[{"href":"https:\/\/www.v6.newmessage.org\/fr\/wp-json\/wp\/v2\/pages\/16482"}],"collection":[{"href":"https:\/\/www.v6.newmessage.org\/fr\/wp-json\/wp\/v2\/pages"}],"about":[{"href":"https:\/\/www.v6.newmessage.org\/fr\/wp-json\/wp\/v2\/types\/page"}],"author":[{"embeddable":true,"href":"https:\/\/www.v6.newmessage.org\/fr\/wp-json\/wp\/v2\/users\/1"}],"replies":[{"embeddable":true,"href":"https:\/\/www.v6.newmessage.org\/fr\/wp-json\/wp\/v2\/comments?post=16482"}],"version-history":[{"count":65,"href":"https:\/\/www.v6.newmessage.org\/fr\/wp-json\/wp\/v2\/pages\/16482\/revisions"}],"predecessor-version":[{"id":29374,"href":"https:\/\/www.v6.newmessage.org\/fr\/wp-json\/wp\/v2\/pages\/16482\/revisions\/29374"}],"up":[{"embeddable":true,"href":"https:\/\/www.v6.newmessage.org\/fr\/wp-json\/wp\/v2\/pages\/16287"}],"wp:attachment":[{"href":"https:\/\/www.v6.newmessage.org\/fr\/wp-json\/wp\/v2\/media?parent=16482"}],"wp:term":[{"taxonomy":"category","embeddable":true,"href":"https:\/\/www.v6.newmessage.org\/fr\/wp-json\/wp\/v2\/categories?post=16482"},{"taxonomy":"post_tag","embeddable":true,"href":"https:\/\/www.v6.newmessage.org\/fr\/wp-json\/wp\/v2\/tags?post=16482"}],"curies":[{"name":"wp","href":"https:\/\/api.w.org\/{rel}","templated":true}]}}