{"id":16460,"date":"2014-10-29T23:13:40","date_gmt":"2014-10-29T23:13:40","guid":{"rendered":"http:\/\/www.newmessage.org\/?page_id=16460"},"modified":"2019-02-25T20:39:12","modified_gmt":"2019-02-25T20:39:12","slug":"le-messager-parle","status":"publish","type":"page","link":"https:\/\/www.v6.newmessage.org\/fr\/messager-de-dieu\/le-messager-parle","title":{"rendered":"Le Messager parle"},"content":{"rendered":"<div class=\"background-color-gray-gallery\">\n<div class=\"panel-30\">\n<h4 class=\"text-align-center text-color-desert font-sans font-size-24 font-bold-super\"><\/h4>\n<p><img loading=\"lazy\" decoding=\"async\" width=\"300\" height=\"222\" class=\"size-full wp-image-28677 imgborder alignright\" src=\"https:\/\/www.newmessage.org\/fr\/wp-content\/uploads\/sites\/38\/2014\/10\/MVS-Kuala-Lumpur-small-300x222.jpg\" alt=\"\" \/><\/p>\n<p>&nbsp;<\/p>\n<p>Le Messager est vivant dans le monde et continue \u00e0 parler, apportant des enseignements, des pri\u00e8res et des messages pour le monde qui s&rsquo;adressent \u00e0 l&rsquo;humanit\u00e9 toute enti\u00e8re. Vous trouverez ici les messages de <a href=\"http:\/\/www.nouveaumessagededieu.org\/messager-de-dieu\/qui-est-marshallviansummers\">Marshall Vian Summers<\/a> sous forme vid\u00e9o, audio et texte.<\/p>\n<\/div>\n<p>&nbsp;<\/p>\n<div class=\"\"><div class=\"clearfix filters\">\t\t    <ul>\n\t\t\t<li><a href=\"#\" class=\"selected\">Tous<\/a><\/li>\n\t\t\t\t<li class=\"cat-item cat-item-582\"><a href=\"https:\/\/www.v6.newmessage.org\/fr\/th_gallery_cat\/enseignement\">Enseignements<\/a>\n<\/li>\n\t<li class=\"cat-item cat-item-583\"><a href=\"https:\/\/www.v6.newmessage.org\/fr\/th_gallery_cat\/interviews\">Interviews<\/a>\n<\/li>\n\t<li class=\"cat-item cat-item-580\"><a href=\"https:\/\/www.v6.newmessage.org\/fr\/th_gallery_cat\/global-messages\">Messages au monde<\/a>\n<\/li>\n\t<li class=\"cat-item cat-item-581\"><a href=\"https:\/\/www.v6.newmessage.org\/fr\/th_gallery_cat\/prieres\">Pri\u00e8res<\/a>\n<\/li>\n\t\t    <\/ul>\n\t\t<\/div>\n\t    \n\t    <div class=\"row\">\n\t        <div class=\"gallery_wrap\">\n    \n\t\t\t\t    <article class=\" cat-item-582 cat-item-579 gallery_listing grid_8 post-29046 th_galleries type-th_galleries status-publish hentry th_galleries_cat-enseignement th_galleries_cat-the-messenger-speaks\" id=\"post-29046\">\n\t\t\t\t\t\t\t\t\t\t<div class=\"postcontent  clearfix\">\n\t\t\t\t\t    <h2 class=\"entry-title\"><a href=\"https:\/\/www.v6.newmessage.org\/fr\/th_gallery\/la-jungle\" >La jungle<\/a><\/h2>\n\t\t\t\t\t    <div class=\"entry-content\">\n\t\t\t\t\t\tIl est souvent fait r\u00e9f\u00e9rence \u00e0 la jungle pour d\u00e9signer la grande ville, une jungle d&rsquo;asphalte. Mais il y a une autre jungle, qui est beaucoup plus importante pour vous. C&rsquo;est une jungle \u00e0 l&rsquo;int\u00e9rieur de vous-m\u00eame \u2013 une jun...\t\t\t\t\t    <\/div>\n\t\t\t\t\t    \t\t\t\t\t    <div class=\"buttons\">\n\t\t\t\t\t\t    \t\t\t\t\t\t    \t\t\t\t\t\t\t<a href=\"https:\/\/www.v6.newmessage.org\/fr\/th_gallery\/la-jungle\" class=\"simple_button_black clearfix\" >plus d'infos<\/a>\n\t\t\t\t\t\t    \t\t\t\t\t    <\/div>\n\t\t\t\t\t    \t\t\t\t\t<\/div>\n\t\t\t\t    <\/article>\n\n\t\t\t\t    \n\t\t\t\t    <article class=\" cat-item-582 cat-item-579 gallery_listing grid_8 post-29042 th_galleries type-th_galleries status-publish hentry th_galleries_cat-enseignement th_galleries_cat-the-messenger-speaks\" id=\"post-29042\">\n\t\t\t\t\t\t\t\t\t\t<div class=\"postcontent  clearfix\">\n\t\t\t\t\t    <h2 class=\"entry-title\"><a href=\"https:\/\/www.v6.newmessage.org\/fr\/th_gallery\/la-religion-sans-la-conscience\" >La Religion sans la Conscience<\/a><\/h2>\n\t\t\t\t\t    <div class=\"entry-content\">\n\t\t\t\t\t\tUne grande trag\u00e9die se produit aujourd&rsquo;hui au nom de la religion \u2013 cruaut\u00e9, punition, guerre, g\u00e9nocide. Bien s\u00fbr que cela est arriv\u00e9 auparavant, mais c&rsquo;est choquant de le voir \u00e0 cette \u00e9poque, au nom de religions qui sont cens\u00e9es ...\t\t\t\t\t    <\/div>\n\t\t\t\t\t    \t\t\t\t\t    <div class=\"buttons\">\n\t\t\t\t\t\t    \t\t\t\t\t\t    \t\t\t\t\t\t\t<a href=\"https:\/\/www.v6.newmessage.org\/fr\/th_gallery\/la-religion-sans-la-conscience\" class=\"simple_button_black clearfix\" >plus d'infos<\/a>\n\t\t\t\t\t\t    \t\t\t\t\t    <\/div>\n\t\t\t\t\t    \t\t\t\t\t<\/div>\n\t\t\t\t    <\/article>\n\n\t\t\t\t    \n\t\t\t\t    <article class=\" cat-item-582 cat-item-579 gallery_listing grid_8 post-29041 th_galleries type-th_galleries status-publish hentry th_galleries_cat-enseignement th_galleries_cat-the-messenger-speaks\" id=\"post-29041\">\n\t\t\t\t\t\t\t\t\t\t<div class=\"postcontent  clearfix\">\n\t\t\t\t\t    <h2 class=\"entry-title\"><a href=\"https:\/\/www.v6.newmessage.org\/fr\/th_gallery\/trouver-dieu-au-dela-de-la-religion\" >Trouver Dieu au-del\u00e0 de la Religion<\/a><\/h2>\n\t\t\t\t\t    <div class=\"entry-content\">\n\t\t\t\t\t\tIl est important lorsque l&rsquo;on parle \u00e0 ceux qui sont obnubil\u00e9s religieusement, de parler de la libert\u00e9 de l&rsquo;esprit, du fait de ne pas \u00eatre contraint par des croyances et des suppositions religieuses. Car cela vous rendra aveugle a...\t\t\t\t\t    <\/div>\n\t\t\t\t\t    \t\t\t\t\t    <div class=\"buttons\">\n\t\t\t\t\t\t    \t\t\t\t\t\t    \t\t\t\t\t\t\t<a href=\"https:\/\/www.v6.newmessage.org\/fr\/th_gallery\/trouver-dieu-au-dela-de-la-religion\" class=\"simple_button_black clearfix\" >plus d'infos<\/a>\n\t\t\t\t\t\t    \t\t\t\t\t    <\/div>\n\t\t\t\t\t    \t\t\t\t\t<\/div>\n\t\t\t\t    <\/article>\n\n\t\t\t\t    \n\t\t\t\t    <article class=\" cat-item-582 cat-item-579 gallery_listing grid_8 post-29040 th_galleries type-th_galleries status-publish hentry th_galleries_cat-enseignement th_galleries_cat-the-messenger-speaks\" id=\"post-29040\">\n\t\t\t\t\t\t\t\t\t\t<div class=\"postcontent  clearfix\">\n\t\t\t\t\t    <h2 class=\"entry-title\"><a href=\"https:\/\/www.v6.newmessage.org\/fr\/th_gallery\/importance-de-trouver-personnes-endroit-but\" >L&rsquo;importance de trouver les personnes, l&rsquo;endroit et le but<\/a><\/h2>\n\t\t\t\t\t    <div class=\"entry-content\">\n\t\t\t\t\t\tL\u00e0 o\u00f9 vous devez aller dans la vie et votre sentiment de direction sont vraiment les crit\u00e8res pour savoir o\u00f9 vous devez \u00eatre physiquement. Il ne s&rsquo;agit pas de la beaut\u00e9 d&rsquo;un endroit, de son degr\u00e9 de proximit\u00e9 avec la nature ni de...\t\t\t\t\t    <\/div>\n\t\t\t\t\t    \t\t\t\t\t    <div class=\"buttons\">\n\t\t\t\t\t\t    \t\t\t\t\t\t    \t\t\t\t\t\t\t<a href=\"https:\/\/www.v6.newmessage.org\/fr\/th_gallery\/importance-de-trouver-personnes-endroit-but\" class=\"simple_button_black clearfix\" >plus d'infos<\/a>\n\t\t\t\t\t\t    \t\t\t\t\t    <\/div>\n\t\t\t\t\t    \t\t\t\t\t<\/div>\n\t\t\t\t    <\/article>\n\n\t\t\t\t    \n\t\t\t\t    <article class=\" cat-item-582 cat-item-580 cat-item-581 cat-item-579 gallery_listing grid_8 post-28396 th_galleries type-th_galleries status-publish hentry th_galleries_cat-enseignement th_galleries_cat-global-messages th_galleries_cat-prieres th_galleries_cat-the-messenger-speaks\" id=\"post-28396\">\n\t\t\t\t\t\t\t\t\t\t<div class=\"postcontent  clearfix\">\n\t\t\t\t\t    <h2 class=\"entry-title\"><a href=\"https:\/\/www.v6.newmessage.org\/fr\/th_gallery\/lappel-et-la-benediction\" >L&rsquo;Appel et la B\u00e9n\u00e9diction<\/a><\/h2>\n\t\t\t\t\t    <div class=\"entry-content\">\n\t\t\t\t\t\t\u00catre avec moi, c&rsquo;est avoir \u00e9t\u00e9 appel\u00e9. Je ne vous offre rien de ce monde mais absolument tout ce que vous d\u00e9sirez r\u00e9ellement, tout ce que le monde ne peut pas vous donner et ne vous donnera jamais, tout ce qui est destin\u00e9 \u00e0 votre accom...\t\t\t\t\t    <\/div>\n\t\t\t\t\t    \t\t\t\t\t<\/div>\n\t\t\t\t    <\/article>\n\n\t\t\t\t    \n\t\t\t\t    <article class=\" cat-item-582 cat-item-580 cat-item-581 cat-item-579 gallery_listing grid_8 post-28361 th_galleries type-th_galleries status-publish hentry th_galleries_cat-enseignement th_galleries_cat-global-messages th_galleries_cat-prieres th_galleries_cat-the-messenger-speaks\" id=\"post-28361\">\n\t\t\t\t\t\t\t\t\t\t<div class=\"postcontent  clearfix\">\n\t\t\t\t\t    <h2 class=\"entry-title\"><a href=\"https:\/\/www.v6.newmessage.org\/fr\/th_gallery\/nous-avons-ete-trouves\" >Nous avons \u00e9t\u00e9 trouv\u00e9s<\/a><\/h2>\n\t\t\t\t\t    <div class=\"entry-content\">\n\t\t\t\t\t\tune pri\u00e8re du Messager au Sanctuaire du Nouveau Message, \u00e0 Boulder, Colorado, USA 1er avril 2012 Sachons que nous avons \u00e9t\u00e9 trouv\u00e9s, o\u00f9 que nous puissions \u00eatre, peu importe \u00e0 quel point nous sommes \u00e0 la d\u00e9rive, peu importe \u00e0 quel point nous ...\t\t\t\t\t    <\/div>\n\t\t\t\t\t    \t\t\t\t\t<\/div>\n\t\t\t\t    <\/article>\n\n\t\t\t\t    \n\t\t\t\t    <article class=\" cat-item-582 cat-item-580 cat-item-579 gallery_listing grid_8 post-28356 th_galleries type-th_galleries status-publish hentry th_galleries_cat-enseignement th_galleries_cat-global-messages th_galleries_cat-the-messenger-speaks\" id=\"post-28356\">\n\t\t\t\t\t\t\t\t\t\t<div class=\"postcontent  clearfix\">\n\t\t\t\t\t    <h2 class=\"entry-title\"><a href=\"https:\/\/www.v6.newmessage.org\/fr\/th_gallery\/japporte-la-connaissance-et-la-sagesse-de-lunivers\" >J&rsquo;apporte la Connaissance et la Sagesse de l&rsquo;univers<\/a><\/h2>\n\t\t\t\t\t    <div class=\"entry-content\">\n\t\t\t\t\t\tJ&rsquo;apporte la Connaissance et la Sagesse venant de l&rsquo;univers \u2013 une Connaissance et une Sagesse jamais entendues auparavant dans ce monde. Cela fait partie int\u00e9grante du Nouveau Message de Dieu pour l&rsquo;humanit\u00e9. J&rsquo;apport...\t\t\t\t\t    <\/div>\n\t\t\t\t\t    \t\t\t\t\t<\/div>\n\t\t\t\t    <\/article>\n\n\t\t\t\t    \n\t\t\t\t    <article class=\" cat-item-582 cat-item-580 cat-item-579 gallery_listing grid_8 post-28339 th_galleries type-th_galleries status-publish hentry th_galleries_cat-enseignement th_galleries_cat-global-messages th_galleries_cat-the-messenger-speaks\" id=\"post-28339\">\n\t\t\t\t\t\t\t\t\t\t<div class=\"postcontent  clearfix\">\n\t\t\t\t\t    <h2 class=\"entry-title\"><a href=\"https:\/\/www.v6.newmessage.org\/fr\/th_gallery\/intention-de-dieu-pour-le-monde-et-pour-votre-vie\" >L&rsquo;Intention de Dieu pour le monde et pour votre vie<\/a><\/h2>\n\t\t\t\t\t    <div class=\"entry-content\">\n\t\t\t\t\t\tIl est vraiment tr\u00e8s important de conna\u00eetre l'intention de Dieu pour le monde et pour votre vie. Mais malheureusement, la religion traditionnelle a voil\u00e9 et rendu opaque cette question fondamentale,\r\npensant que Dieu ne demandait qu'adulatio...\t\t\t\t\t    <\/div>\n\t\t\t\t\t    \t\t\t\t\t<\/div>\n\t\t\t\t    <\/article>\n\n\t\t\t\t    \n\t\t\t\t    <article class=\" cat-item-582 cat-item-580 cat-item-579 gallery_listing grid_8 post-28329 th_galleries type-th_galleries status-publish hentry th_galleries_cat-enseignement th_galleries_cat-global-messages th_galleries_cat-the-messenger-speaks\" id=\"post-28329\">\n\t\t\t\t\t\t\t\t\t\t<div class=\"postcontent  clearfix\">\n\t\t\t\t\t    <h2 class=\"entry-title\"><a href=\"https:\/\/www.v6.newmessage.org\/fr\/th_gallery\/nenseignez-pas-aux-enfants-la-religion\" >N&rsquo;enseignez pas aux enfants la religion<\/a><\/h2>\n\t\t\t\t\t    <div class=\"entry-content\">\n\t\t\t\t\t\tIl est tr\u00e8s important que vous laissiez les esprits de vos enfants se d\u00e9velopper naturellement. Il est tr\u00e8s important que vous n&rsquo;enseigniez pas de croyances ou d&rsquo;id\u00e9ologie religieuses \u00e0 vos enfants. Ne leur apprenez pas \u00e0 r\u00e9citer...\t\t\t\t\t    <\/div>\n\t\t\t\t\t    \t\t\t\t\t<\/div>\n\t\t\t\t    <\/article>\n\n\t\t\t\t    \n\t\t\t\t    <article class=\" cat-item-580 cat-item-550 gallery_listing grid_8 post-28054 th_galleries type-th_galleries status-publish hentry th_galleries_cat-global-messages th_galleries_cat-videos-of-the-messenger\" id=\"post-28054\">\n\t\t\t\t\t\t\t\t\t\t<div class=\"postcontent  clearfix\">\n\t\t\t\t\t    <h2 class=\"entry-title\"><a href=\"https:\/\/www.v6.newmessage.org\/fr\/th_gallery\/il-existe-une-grande-bonte-dans-le-monde\" >Il existe une grande bont\u00e9 dans le monde<\/a><\/h2>\n\t\t\t\t\t    <div class=\"entry-content\">\n\t\t\t\t\t\tune grande bont\u00e9 qui vit en vous, attendant d'\u00eatre d\u00e9couverte. Cette grande bont\u00e9 est toujours pr\u00e9sente.\r\nElle a \u00e9t\u00e9 gard\u00e9e vivante en ce monde gr\u00e2ce au travail spirituel authentique de gens provenant de toutes les traditions religieuses, ca...\t\t\t\t\t    <\/div>\n\t\t\t\t\t    \t\t\t\t\t<\/div>\n\t\t\t\t    <\/article>\n\n\t\t\t\t    \n\t\t\t\t    <article class=\" cat-item-580 cat-item-550 gallery_listing grid_8 post-28047 th_galleries type-th_galleries status-publish hentry th_galleries_cat-global-messages th_galleries_cat-videos-of-the-messenger\" id=\"post-28047\">\n\t\t\t\t\t\t\t\t\t\t<div class=\"postcontent  clearfix\">\n\t\t\t\t\t    <h2 class=\"entry-title\"><a href=\"https:\/\/www.v6.newmessage.org\/fr\/th_gallery\/qui-marchera-avec-moi\" >Qui marchera avec moi ?<\/a><\/h2>\n\t\t\t\t\t    <div class=\"entry-content\">\n\t\t\t\t\t\tQui marchera avec moi, alors que j&rsquo;apporte la Nouvelle R\u00e9v\u00e9lation de Dieu dans le monde, qui est \u00e0 pr\u00e9sent donn\u00e9e, non pas \u00e0 une tribu ou \u00e0 un groupe, mais \u00e0 l&rsquo;humanit\u00e9 tout enti\u00e8re; donn\u00e9e pour enrichir et pour unir le monde alo...\t\t\t\t\t    <\/div>\n\t\t\t\t\t    \t\t\t\t\t<\/div>\n\t\t\t\t    <\/article>\n\n\t\t\t\t    \n\t\t\t\t    <article class=\" cat-item-582 cat-item-580 cat-item-579 gallery_listing grid_8 post-22994 th_galleries type-th_galleries status-publish hentry th_galleries_cat-enseignement th_galleries_cat-global-messages th_galleries_cat-the-messenger-speaks\" id=\"post-22994\">\n\t\t\t\t\t\t\t\t\t\t<div class=\"postcontent  clearfix\">\n\t\t\t\t\t    <h2 class=\"entry-title\"><a href=\"https:\/\/www.v6.newmessage.org\/fr\/th_gallery\/la-relation-magnifique\" >La relation magnifique<\/a><\/h2>\n\t\t\t\t\t    <div class=\"entry-content\">\n\t\t\t\t\t\tEvery person who has come into the world has come here for a greater purpose, a greater purpose not created by them but by those who sent them; not created by you but by those who sent you, a purpose which would fulfill you and bring forth y...\t\t\t\t\t    <\/div>\n\t\t\t\t\t    \t\t\t\t\t<\/div>\n\t\t\t\t    <\/article>\n\n\t\t\t\t    \n\t\t\t\t    <article class=\" cat-item-580 cat-item-579 gallery_listing grid_8 post-22697 th_galleries type-th_galleries status-publish hentry th_galleries_cat-global-messages th_galleries_cat-the-messenger-speaks\" id=\"post-22697\">\n\t\t\t\t\t\t\t\t\t\t<div class=\"postcontent  clearfix\">\n\t\t\t\t\t    <h2 class=\"entry-title\"><a href=\"https:\/\/www.v6.newmessage.org\/fr\/th_gallery\/un-grand-tournant-pour-la-famille-humaine\" >Un grand tournant pour la famille humaine<\/a><\/h2>\n\t\t\t\t\t    <div class=\"entry-content\">\n\t\t\t\t\t\tJe vous appelle \u00e0 sortir de l'hombre et des d\u00e9ceptions de la vie pour entrer dans un plus grand cercle de sagesse et pouvoir, un plus grand cercle de gr\u00e2ce, un cercle qui est b\u00e9nit par le Ciel et guid\u00e9 par le Ciel...\t\t\t\t\t    <\/div>\n\t\t\t\t\t    \t\t\t\t\t<\/div>\n\t\t\t\t    <\/article>\n\n\t\t\t\t    \n\t\t\t\t    <article class=\" cat-item-582 gallery_listing grid_8 post-22695 th_galleries type-th_galleries status-publish hentry th_galleries_cat-enseignement\" id=\"post-22695\">\n\t\t\t\t\t\t\t\t\t\t<div class=\"postcontent  clearfix\">\n\t\t\t\t\t    <h2 class=\"entry-title\"><a href=\"https:\/\/www.v6.newmessage.org\/fr\/th_gallery\/un-nouveau-chapitre-dans-lexperience-humaine\" >Un nouveau chapitre dans l&rsquo;exp\u00e9rience humaine<\/a><\/h2>\n\t\t\t\t\t    <div class=\"entry-content\">\n\t\t\t\t\t\tCela n'a pas d'importance, \u00e0 quelle foi religieuse vous adh\u00e9rez, dans quelle nation vous vivez, quelle culture a fa\u00e7onn\u00e9 votre vie ou votre temp\u00e9rament ou la mani\u00e8re dont vous \u00eates configur\u00e9 en tant qu'un individu. Ce don est en vous\t\t\t\t\t    <\/div>\n\t\t\t\t\t    \t\t\t\t\t<\/div>\n\t\t\t\t    <\/article>\n\n\t\t\t\t    \n\t\t\t\t    <article class=\" cat-item-581 gallery_listing grid_8 post-22678 th_galleries type-th_galleries status-publish hentry th_galleries_cat-prieres\" id=\"post-22678\">\n\t\t\t\t\t\t\t\t\t\t<div class=\"postcontent  clearfix\">\n\t\t\t\t\t    <h2 class=\"entry-title\"><a href=\"https:\/\/www.v6.newmessage.org\/fr\/th_gallery\/la-priere-du-messager\" >La Pri\u00e8re du Messager<\/a><\/h2>\n\t\t\t\t\t    <div class=\"entry-content\">\n\t\t\t\t\t\tJe prie pour que mes pri\u00e8res puissent avoir puissance et efficacit\u00e9 dans le monde et dans l\u2019environnement mental autour de moi et dans l\u2019environnement mental au-del\u00e0 de ma perception.\t\t\t\t\t    <\/div>\n\t\t\t\t\t    \t\t\t\t\t<\/div>\n\t\t\t\t    <\/article>\n\n\t\t\t\t    \n\t\t\t\t    <article class=\" cat-item-583 gallery_listing grid_8 post-22676 th_galleries type-th_galleries status-publish hentry th_galleries_cat-interviews\" id=\"post-22676\">\n\t\t\t\t\t\t\t\t\t\t<div class=\"postcontent  clearfix\">\n\t\t\t\t\t    <h2 class=\"entry-title\"><a href=\"https:\/\/www.v6.newmessage.org\/fr\/th_gallery\/interview-with-project-camelot\" >Interview avec Project Camelot<\/a><\/h2>\n\t\t\t\t\t    <div class=\"entry-content\">\n\t\t\t\t\t\tMon nom est Marshall Vian Summers,et je pr\u00e9sente ce que je crois \u00eatre quelque chose d'important, ce que j'appelle une compr\u00e9hension et une conscience de la Grande Communaut\u00e9, portant sur le peuple de la Terre et sur notre pr\u00e9sence dans la Gr...\t\t\t\t\t    <\/div>\n\t\t\t\t\t    \t\t\t\t\t<\/div>\n\t\t\t\t    <\/article>\n\n\t\t\t\t    \n\t\t\t\t    <article class=\" cat-item-580 cat-item-550 gallery_listing grid_8 post-19421 th_galleries type-th_galleries status-publish hentry th_galleries_cat-global-messages th_galleries_cat-videos-of-the-messenger\" id=\"post-19421\">\n\t\t\t\t\t\t\t\t\t\t<div class=\"postcontent  clearfix\">\n\t\t\t\t\t    <h2 class=\"entry-title\"><a href=\"https:\/\/www.v6.newmessage.org\/fr\/th_gallery\/dieu-ne-vous-a-jamais-abandonne\" >Dieu ne vous a jamais abandonn\u00e9<\/a><\/h2>\n\t\t\t\t\t    <div class=\"entry-content\">\n\t\t\t\t\t\tDieu a plac\u00e9 une conscience plus profonde en vous, une conscience qui sait ce qui est vrai et ce qui n'est pas vrai, ce qui est bon et ce qui n'est pas bon, o\u00f9 vous devez aller et o\u00f9 vous ne devez pas aller, avec qui vous devez vous unir et ...\t\t\t\t\t    <\/div>\n\t\t\t\t\t    \t\t\t\t\t<\/div>\n\t\t\t\t    <\/article>\n\n\t\t\t\t    \n\t\t\t\t    <article class=\" cat-item-580 cat-item-550 gallery_listing grid_8 post-19420 th_galleries type-th_galleries status-publish hentry th_galleries_cat-global-messages th_galleries_cat-videos-of-the-messenger\" id=\"post-19420\">\n\t\t\t\t\t\t\t\t\t\t<div class=\"postcontent  clearfix\">\n\t\t\t\t\t    <h2 class=\"entry-title\"><a href=\"https:\/\/www.v6.newmessage.org\/fr\/th_gallery\/ma-vie-est-un-appel\" >Ma vie est un Appel<\/a><\/h2>\n\t\t\t\t\t    <div class=\"entry-content\">\n\t\t\t\t\t\tMa pr\u00e9sence dans le monde est un appel, un appel profond, une manifestation de la vie d'o\u00f9 vous provenez et de la vie \u00e0 laquelle vous retournerez au final. J'apporte la r\u00e9alit\u00e9 de notre condition \u00e9ternelle, car Dieu a parl\u00e9 \u00e0 nouveau, apport...\t\t\t\t\t    <\/div>\n\t\t\t\t\t    \t\t\t\t\t<\/div>\n\t\t\t\t    <\/article>\n\n\t\t\t\t    \n\t\t\t\t    <article class=\" cat-item-580 cat-item-550 gallery_listing grid_8 post-19418 th_galleries type-th_galleries status-publish hentry th_galleries_cat-global-messages th_galleries_cat-videos-of-the-messenger\" id=\"post-19418\">\n\t\t\t\t\t\t\t\t\t\t<div class=\"postcontent  clearfix\">\n\t\t\t\t\t    <h2 class=\"entry-title\"><a href=\"https:\/\/www.v6.newmessage.org\/fr\/th_gallery\/le-veritable-appel\" >Le v\u00e9ritable Appel<\/a><\/h2>\n\t\t\t\t\t    <div class=\"entry-content\">\n\t\t\t\t\t\tIl ne suffit pas de croire en Dieu. Il ne suffit pas de se conformer aux enseignements de votre tradition, si vous avez une tradition. Il ne suffit pas de suivre les prescriptions indiqu\u00e9es dans les \u00c9critures. Ces choses ne garantissent pas ...\t\t\t\t\t    <\/div>\n\t\t\t\t\t    \t\t\t\t\t<\/div>\n\t\t\t\t    <\/article>\n\n\t\t\t\t    \n\t\t\t\t    <article class=\" cat-item-580 cat-item-550 gallery_listing grid_8 post-19416 th_galleries type-th_galleries status-publish hentry th_galleries_cat-global-messages th_galleries_cat-videos-of-the-messenger\" id=\"post-19416\">\n\t\t\t\t\t\t\t\t\t\t<div class=\"postcontent  clearfix\">\n\t\t\t\t\t    <h2 class=\"entry-title\"><a href=\"https:\/\/www.v6.newmessage.org\/fr\/th_gallery\/ma-mission-sur-terre\" >Ma Mission sur Terre<\/a><\/h2>\n\t\t\t\t\t    <div class=\"entry-content\">\n\t\t\t\t\t\tJ'ai \u00e9t\u00e9 envoy\u00e9 dans le monde pour recevoir la Nouvelle R\u00e9v\u00e9lation de Dieu pour ce temps et pour les temps \u00e0 venir. J'ai \u00e9t\u00e9 envoy\u00e9 ici par l'Assembl\u00e9e Ang\u00e9lique, dont je fais partie. J'ai \u00e9t\u00e9 envoy\u00e9 ici avec la b\u00e9n\u00e9diction de J\u00e9sus, Bouddha...\t\t\t\t\t    <\/div>\n\t\t\t\t\t    \t\t\t\t\t<\/div>\n\t\t\t\t    <\/article>\n\n\t\t\t\t    \t        <\/div>\n\t\t\t    <\/div>\n\t    <\/div>\n<\/div>\n","protected":false},"excerpt":{"rendered":"<p>&nbsp; Le Messager est vivant dans le monde et continue \u00e0 parler, apportant des enseignements, des pri\u00e8res et des messages pour le monde qui s&rsquo;adressent \u00e0 l&rsquo;humanit\u00e9 toute enti\u00e8re. Vous trouverez ici les messages de Marshall Vian Summers sous forme vid\u00e9o, audio et texte. &nbsp;<\/p>\n","protected":false},"author":1,"featured_media":0,"parent":14016,"menu_order":1,"comment_status":"closed","ping_status":"closed","template":"template-leftsidebar.php","meta":{"_monsterinsights_skip_tracking":false,"_monsterinsights_sitenote_active":false,"_monsterinsights_sitenote_note":"","_monsterinsights_sitenote_category":0,"footnotes":""},"categories":[],"tags":[611],"_links":{"self":[{"href":"https:\/\/www.v6.newmessage.org\/fr\/wp-json\/wp\/v2\/pages\/16460"}],"collection":[{"href":"https:\/\/www.v6.newmessage.org\/fr\/wp-json\/wp\/v2\/pages"}],"about":[{"href":"https:\/\/www.v6.newmessage.org\/fr\/wp-json\/wp\/v2\/types\/page"}],"author":[{"embeddable":true,"href":"https:\/\/www.v6.newmessage.org\/fr\/wp-json\/wp\/v2\/users\/1"}],"replies":[{"embeddable":true,"href":"https:\/\/www.v6.newmessage.org\/fr\/wp-json\/wp\/v2\/comments?post=16460"}],"version-history":[{"count":41,"href":"https:\/\/www.v6.newmessage.org\/fr\/wp-json\/wp\/v2\/pages\/16460\/revisions"}],"predecessor-version":[{"id":29039,"href":"https:\/\/www.v6.newmessage.org\/fr\/wp-json\/wp\/v2\/pages\/16460\/revisions\/29039"}],"up":[{"embeddable":true,"href":"https:\/\/www.v6.newmessage.org\/fr\/wp-json\/wp\/v2\/pages\/14016"}],"wp:attachment":[{"href":"https:\/\/www.v6.newmessage.org\/fr\/wp-json\/wp\/v2\/media?parent=16460"}],"wp:term":[{"taxonomy":"category","embeddable":true,"href":"https:\/\/www.v6.newmessage.org\/fr\/wp-json\/wp\/v2\/categories?post=16460"},{"taxonomy":"post_tag","embeddable":true,"href":"https:\/\/www.v6.newmessage.org\/fr\/wp-json\/wp\/v2\/tags?post=16460"}],"curies":[{"name":"wp","href":"https:\/\/api.w.org\/{rel}","templated":true}]}}