{"id":16358,"date":"2014-10-26T00:24:45","date_gmt":"2014-10-26T00:24:45","guid":{"rendered":"http:\/\/www.newmessage.org\/?page_id=16358"},"modified":"2018-11-24T11:33:53","modified_gmt":"2018-11-24T11:33:53","slug":"other-revelations","status":"publish","type":"page","link":"https:\/\/www.v6.newmessage.org\/fr\/le-message\/other-revelations","title":{"rendered":"Autres r\u00e9v\u00e9lations"},"content":{"rendered":"<h2>Autres R\u00e9v\u00e9lations du Nouveau Message de Dieu :<\/h2>\n<p>\n\t    \n\t<article class=\"posts_listing blog_shortcode clearfix post-29456 page type-page status-publish hentry category-other-revelations category-revelations tag-the-great-turning-point-for-humanity\" id=\"post-29456\">\n\n\t\t\t\t\n\t<h2 class=\"entry-title\"><a href=\"https:\/\/www.v6.newmessage.org\/fr\/le-message\/other-revelations\/grand-tournant-pour-humanite\" rel=\"bookmark\" title=\"Lien permanent vers Le grand tournant pour l&rsquo;humanit\u00e9\">Le grand tournant pour l&rsquo;humanit\u00e9<\/a><\/h2>\n\n\t\t\t\n\t\t<\/article>\n\t    \n\t<article class=\"posts_listing blog_shortcode clearfix post-29447 page type-page status-publish hentry category-chapter category-other-revelations category-revelations tag-the-age-of-women\" id=\"post-29447\">\n\n\t\t\t\t\n\t<h2 class=\"entry-title\"><a href=\"https:\/\/www.v6.newmessage.org\/fr\/le-message\/autres-revelations\/ere-des-femmes\" rel=\"bookmark\" title=\"Lien permanent vers L\u2019\u00e8re des femmes\">L\u2019\u00e8re des femmes<\/a><\/h2>\n\n\t\t\t\n\t\t<\/article>\n\t    \n\t<article class=\"posts_listing blog_shortcode clearfix post-29416 page type-page status-publish hentry category-other-revelations category-revelations tag-the-ship\" id=\"post-29416\">\n\n\t\t\t\t\n\t<h2 class=\"entry-title\"><a href=\"https:\/\/www.v6.newmessage.org\/fr\/le-message\/other-revelations\/le-navire\" rel=\"bookmark\" title=\"Lien permanent vers Le navire\">Le navire<\/a><\/h2>\n\n\t\t\t\n\t\t<\/article>\n\t    \n\t<article class=\"posts_listing blog_shortcode clearfix post-29359 page type-page status-publish hentry category-other-revelations category-revelations tag-healing-relationships\" id=\"post-29359\">\n\n\t\t\t\t\n\t<h2 class=\"entry-title\"><a href=\"https:\/\/www.v6.newmessage.org\/fr\/le-message\/other-revelations\/guerir-les-relations\" rel=\"bookmark\" title=\"Lien permanent vers Gu\u00e9rir les relations\">Gu\u00e9rir les relations<\/a><\/h2>\n\n\t\t\t\n\t\t<\/article>\n\t    \n\t<article class=\"posts_listing blog_shortcode clearfix post-29254 page type-page status-publish hentry category-other-revelations category-revelations tag-new-message-on-life-in-the-universe\" id=\"post-29254\">\n\n\t\t\t\t\n\t<h2 class=\"entry-title\"><a href=\"https:\/\/www.v6.newmessage.org\/fr\/le-message\/other-revelations\/le-nouveau-message-sur-la-vie-dans-lunivers\" rel=\"bookmark\" title=\"Lien permanent vers Le Nouveau message sur la vie dans l&rsquo;univers\">Le Nouveau message sur la vie dans l&rsquo;univers<\/a><\/h2>\n\n\t\t\t\n\t\t<\/article>\n\t    \n\t<article class=\"posts_listing blog_shortcode clearfix post-29250 page type-page status-publish hentry category-other-revelations category-revelations tag-the-threshold-of-personal-revelation\" id=\"post-29250\">\n\n\t\t\t\t\n\t<h2 class=\"entry-title\"><a href=\"https:\/\/www.v6.newmessage.org\/fr\/le-message\/other-revelations\/le-seuil-de-la-revelation-personnelle\" rel=\"bookmark\" title=\"Lien permanent vers Le seuil de la r\u00e9v\u00e9lation personnelle\">Le seuil de la r\u00e9v\u00e9lation personnelle<\/a><\/h2>\n\n\t\t\t\n\t\t<\/article>\n\t    \n\t<article class=\"posts_listing blog_shortcode clearfix post-29205 page type-page status-publish hentry category-chapter category-other-revelations category-revelations category-audio tag-being-a-person-of-the-new-message\" id=\"post-29205\">\n\n\t\t\t\t\n\t<h2 class=\"entry-title\"><a href=\"https:\/\/www.v6.newmessage.org\/fr\/le-message\/autres-revelations\/etre-une-personne-du-nouveau-message\" rel=\"bookmark\" title=\"Lien permanent vers \u00catre une personne du Nouveau Message\">\u00catre une personne du Nouveau Message<\/a><\/h2>\n\n\t\t\t\n\t\t<\/article>\n\t    \n\t<article class=\"posts_listing blog_shortcode clearfix post-29193 page type-page status-publish hentry category-other-revelations category-revelations category-audio tag-the-burden-of-the-messenger\" id=\"post-29193\">\n\n\t\t\t\t\n\t<h2 class=\"entry-title\"><a href=\"https:\/\/www.v6.newmessage.org\/fr\/le-message\/other-revelations\/le-fardeau-du-messager\" rel=\"bookmark\" title=\"Lien permanent vers Le fardeau du Messager\">Le fardeau du Messager<\/a><\/h2>\n\n\t\t\t\n\t\t<\/article>\n\t    \n\t<article class=\"posts_listing blog_shortcode clearfix post-29171 page type-page status-publish hentry category-other-revelations category-revelations tag-allies-de-lhumanite tag-the-problem-of-human-denial\" id=\"post-29171\">\n\n\t\t\t\t\n\t<h2 class=\"entry-title\"><a href=\"https:\/\/www.v6.newmessage.org\/fr\/le-message\/other-revelations\/le-probleme-du-deni-chez-les-humains\" rel=\"bookmark\" title=\"Lien permanent vers Le probl\u00e8me du d\u00e9ni chez les humains\">Le probl\u00e8me du d\u00e9ni chez les humains<\/a><\/h2>\n\n\t\t\t\n\t\t<\/article>\n\t    \n\t<article class=\"posts_listing blog_shortcode clearfix post-29142 page type-page status-publish hentry category-other-revelations category-revelations category-audio tag-assemblee-angelique tag-cercle-sacre tag-ciel tag-communaute-mondiale tag-communaute-sacree tag-grandes-vagues-de-changement tag-grands-pouvoirs tag-pouvoir-du-ciel tag-proclamation tag-revelation tag-sceau-des-prophetes tag-separation tag-society tag-terre tag-the-worldwide-community-of-gods-new-message tag-volonte-du-ciel\" id=\"post-29142\">\n\n\t\t\t\t\n\t<h2 class=\"entry-title\"><a href=\"https:\/\/www.v6.newmessage.org\/fr\/le-message\/autres-revelations\/la-communaute-mondiale-du-nouveau-message-de-dieu\" rel=\"bookmark\" title=\"Lien permanent vers La communaut\u00e9 mondiale du Nouveau Message de Dieu\">La communaut\u00e9 mondiale du Nouveau Message de Dieu<\/a><\/h2>\n\n\t\t\t\n\t\t<\/article>\n\t    \n\t<article class=\"posts_listing blog_shortcode clearfix post-29134 page type-page status-publish hentry category-other-revelations category-revelations category-audio tag-building-the-four-pillars-of-life tag-pilier-de-la-sante tag-pilier-des-relations tag-pilier-du-developpement-spirituel tag-pilier-du-travail-et-de-la-contribution tag-quatre-piliers\" id=\"post-29134\">\n\n\t\t\t\t\n\t<h2 class=\"entry-title\"><a href=\"https:\/\/www.v6.newmessage.org\/fr\/le-message\/other-revelations\/construire-les-quatre-piliers-de-votre-vie\" rel=\"bookmark\" title=\"Lien permanent vers Construire les Quatre Piliers de Votre Vie\">Construire les Quatre Piliers de Votre Vie<\/a><\/h2>\n\n\t\t\t\n\t\t<\/article>\n\t    \n\t<article class=\"posts_listing blog_shortcode clearfix post-28969 page type-page status-publish hentry category-other-revelations category-revelations category-revelations-about-the-messenger category-audio tag-the-pilgrimage\" id=\"post-28969\">\n\n\t\t\t\t\n\t<h2 class=\"entry-title\"><a href=\"https:\/\/www.v6.newmessage.org\/fr\/le-message\/autres-revelations\/le-pelerinage\" rel=\"bookmark\" title=\"Lien permanent vers Le p\u00e8lerinage\">Le p\u00e8lerinage<\/a><\/h2>\n\n\t\t\t\n\t\t<\/article>\n\t    \n\t<article class=\"posts_listing blog_shortcode clearfix post-28875 page type-page status-publish hentry category-chapter category-other-revelations category-revelations category-audio tag-creation tag-dieu tag-grandes-vagues-de-changement tag-na-rahn tag-pas-vers-la-connaissance tag-plan-de-dieu tag-presence-de-dieu tag-source tag-the-deep-union-with-god tag-union-profonde-avec-dieu tag-volonte-du-createur\" id=\"post-28875\">\n\n\t\t\t\t\n\t<h2 class=\"entry-title\"><a href=\"https:\/\/www.v6.newmessage.org\/fr\/le-message\/autres-revelations\/union-profonde-avec-dieu\" rel=\"bookmark\" title=\"Lien permanent vers L\u2019union profonde avec Dieu\">L\u2019union profonde avec Dieu<\/a><\/h2>\n\n\t\t\t\n\t\t<\/article>\n\t    \n\t<article class=\"posts_listing blog_shortcode clearfix post-28872 page type-page status-publish hentry category-other-revelations category-revelations category-audio tag-dieu tag-esprit tag-la-grande-coordination tag-plan-de-dieu tag-presence tag-presence-angelique tag-puissance-du-ciel tag-puissances-superieures tag-reseaux-des-sages tag-the-great-coordination tag-oeuvre-de-dieu\" id=\"post-28872\">\n\n\t\t\t\t\n\t<h2 class=\"entry-title\"><a href=\"https:\/\/www.v6.newmessage.org\/fr\/le-message\/autres-revelations\/la-grande-coordination\" rel=\"bookmark\" title=\"Lien permanent vers La Grande Coordination\">La Grande Coordination<\/a><\/h2>\n\n\t\t\t\n\t\t<\/article>\n\t    \n\t<article class=\"posts_listing blog_shortcode clearfix post-28575 page type-page status-publish hentry category-other-revelations category-revelations category-audio tag-deepening-your-spiritual-practice\" id=\"post-28575\">\n\n\t\t\t\t\n\t<h2 class=\"entry-title\"><a href=\"https:\/\/www.v6.newmessage.org\/fr\/approfondir-votre-pratique-spirituelle\" rel=\"bookmark\" title=\"Lien permanent vers Approfondir votre pratique spirituelle\">Approfondir votre pratique spirituelle<\/a><\/h2>\n\n\t\t\t\n\t\t<\/article>\n\t    \n\t<article class=\"posts_listing blog_shortcode clearfix post-27571 page type-page status-publish hentry category-other-revelations\" id=\"post-27571\">\n\n\t\t\t\t\n\t<h2 class=\"entry-title\"><a href=\"https:\/\/www.v6.newmessage.org\/fr\/le-message\/other-revelations\/la-grande-presence-interieure\" rel=\"bookmark\" title=\"Lien permanent vers La Grande Pr\u00e9sence Int\u00e9rieure\">La Grande Pr\u00e9sence Int\u00e9rieure<\/a><\/h2>\n\n\t\t\t\n\t\t<\/article>\n\t    \n\t<article class=\"posts_listing blog_shortcode clearfix post-27569 page type-page status-publish hentry category-other-revelations\" id=\"post-27569\">\n\n\t\t\t\t\n\t<h2 class=\"entry-title\"><a href=\"https:\/\/www.v6.newmessage.org\/fr\/le-message\/other-revelations\/les-pouvoirs-spirituels-dans-lunivers\" rel=\"bookmark\" title=\"Lien permanent vers Les Pouvoirs Spirituels dans l\u2019Univers\">Les Pouvoirs Spirituels dans l\u2019Univers<\/a><\/h2>\n\n\t\t\t\n\t\t<\/article>\n\t    \n\t<article class=\"posts_listing blog_shortcode clearfix post-27567 page type-page status-publish hentry category-other-revelations\" id=\"post-27567\">\n\n\t\t\t\t\n\t<h2 class=\"entry-title\"><a href=\"https:\/\/www.v6.newmessage.org\/fr\/le-message\/other-revelations\/decouvrir-votre-raison-detre-dans-le-monde\" rel=\"bookmark\" title=\"Lien permanent vers D\u00e9couvrir votre raison d\u2019\u00eatre dans le monde\">D\u00e9couvrir votre raison d\u2019\u00eatre dans le monde<\/a><\/h2>\n\n\t\t\t\n\t\t<\/article>\n\t    \n\t<article class=\"posts_listing blog_shortcode clearfix post-27565 page type-page status-publish hentry category-other-revelations category-revelations category-audio tag-love-and-fear\" id=\"post-27565\">\n\n\t\t\t\t\n\t<h2 class=\"entry-title\"><a href=\"https:\/\/www.v6.newmessage.org\/fr\/le-message\/other-revelations\/lamour-et-la-peur\" rel=\"bookmark\" title=\"Lien permanent vers L\u2019amour et la peur\">L\u2019amour et la peur<\/a><\/h2>\n\n\t\t\t\n\t\t<\/article>\n\t    \n\t<article class=\"posts_listing blog_shortcode clearfix post-27562 page type-page status-publish hentry category-other-revelations category-revelations tag-a-greater-darkness-upon-the-world\" id=\"post-27562\">\n\n\t\t\t\t\n\t<h2 class=\"entry-title\"><a href=\"https:\/\/www.v6.newmessage.org\/fr\/le-message\/other-revelations\/une-grande-obscurite-setend-sur-le-monde\" rel=\"bookmark\" title=\"Lien permanent vers Une Grande Obscurit\u00e9 s\u2019\u00e9tend sur le monde\">Une Grande Obscurit\u00e9 s\u2019\u00e9tend sur le monde<\/a><\/h2>\n\n\t\t\t\n\t\t<\/article>\n\t    \n\t<article class=\"posts_listing blog_shortcode clearfix post-27560 page type-page status-publish hentry category-other-revelations\" id=\"post-27560\">\n\n\t\t\t\t\n\t<h2 class=\"entry-title\"><a href=\"https:\/\/www.v6.newmessage.org\/fr\/le-message\/other-revelations\/pourquoi-dieu-vous-livre-t-il-cette-nouvelle-revelation\" rel=\"bookmark\" title=\"Lien permanent vers Pourquoi Dieu nous livre t-il une nouvelle r\u00e9v\u00e9lation ?\">Pourquoi Dieu nous livre t-il une nouvelle r\u00e9v\u00e9lation ?<\/a><\/h2>\n\n\t\t\t\n\t\t<\/article>\n\t    \n\t<article class=\"posts_listing blog_shortcode clearfix post-27555 page type-page status-publish hentry category-other-revelations tag-the-nigh-meditationthe-sacred-experience\" id=\"post-27555\">\n\n\t\t\t\t\n\t<h2 class=\"entry-title\"><a href=\"https:\/\/www.v6.newmessage.org\/fr\/le-message\/other-revelations\/lexperience-sacree\" rel=\"bookmark\" title=\"Lien permanent vers L\u2019Exp\u00e9rience Sacr\u00e9e\">L\u2019Exp\u00e9rience Sacr\u00e9e<\/a><\/h2>\n\n\t\t\t\n\t\t<\/article>\n\t    \n\t<article class=\"posts_listing blog_shortcode clearfix post-27546 page type-page status-publish hentry category-other-revelations\" id=\"post-27546\">\n\n\t\t\t\t\n\t<h2 class=\"entry-title\"><a href=\"https:\/\/www.v6.newmessage.org\/fr\/le-message\/other-revelations\/le-sens-de-noel\" rel=\"bookmark\" title=\"Lien permanent vers Le Sens de No\u00ebl\">Le Sens de No\u00ebl<\/a><\/h2>\n\n\t\t\t\n\t\t<\/article>\n\t    \n\t<article class=\"posts_listing blog_shortcode clearfix post-27479 page type-page status-publish hentry category-other-revelations category-revelations\" id=\"post-27479\">\n\n\t\t\t\t\n\t<h2 class=\"entry-title\"><a href=\"https:\/\/www.v6.newmessage.org\/fr\/le-message\/other-revelations\/lamour-et-les-relations\" rel=\"bookmark\" title=\"Lien permanent vers L\u2019amour et les relations\">L\u2019amour et les relations<\/a><\/h2>\n\n\t\t\t\n\t\t<\/article>\n\t    \n\t<article class=\"posts_listing blog_shortcode clearfix post-27471 page type-page status-publish hentry category-other-revelations tag-the-new-message-for-young-people\" id=\"post-27471\">\n\n\t\t\t\t\n\t<h2 class=\"entry-title\"><a href=\"https:\/\/www.v6.newmessage.org\/fr\/le-message\/other-revelations\/le-nouveau-message-pour-la-jeunesse\" rel=\"bookmark\" title=\"Lien permanent vers Le Nouveau Message pour la Jeunesse\">Le Nouveau Message pour la Jeunesse<\/a><\/h2>\n\n\t\t\t\n\t\t<\/article>\n\t    \n\t<article class=\"posts_listing blog_shortcode clearfix post-27462 page type-page status-publish hentry category-other-revelations\" id=\"post-27462\">\n\n\t\t\t\t\n\t<h2 class=\"entry-title\"><a href=\"https:\/\/www.v6.newmessage.org\/fr\/le-message\/other-revelations\/le-grand-amour\" rel=\"bookmark\" title=\"Lien permanent vers Le Grand Amour\">Le Grand Amour<\/a><\/h2>\n\n\t\t\t\n\t\t<\/article>\n\t    \n\t<article class=\"posts_listing blog_shortcode clearfix post-27446 page type-page status-publish hentry category-other-revelations category-revelations category-revelations-about-the-messenger\" id=\"post-27446\">\n\n\t\t\t\t\n\t<h2 class=\"entry-title\"><a href=\"https:\/\/www.v6.newmessage.org\/fr\/le-message\/other-revelations\/le-message-et-le-messager\" rel=\"bookmark\" title=\"Lien permanent vers Le Message et le Messager\">Le Message et le Messager<\/a><\/h2>\n\n\t\t\t\n\t\t<\/article>\n\t    \n\t<article class=\"posts_listing blog_shortcode clearfix post-12310 page type-page status-publish hentry category-other-revelations category-revelations category-message-for-the-individual category-audio category-volume-1 tag-the-lamp\" id=\"post-12310\">\n\n\t\t\t\t\n\t<h2 class=\"entry-title\"><a href=\"https:\/\/www.v6.newmessage.org\/fr\/le-message\/autres-revelations\/la-lampe\" rel=\"bookmark\" title=\"Lien permanent vers La Lampe\">La Lampe<\/a><\/h2>\n\n\t\t\t\n\t\t<\/article>\n\t    \n\t<article class=\"posts_listing blog_shortcode clearfix post-7387 page type-page status-publish hentry category-chapter category-other-revelations category-revelations category-message-for-the-individual category-audio tag-purpose-in-life tag-the-presence-of-god-in-your-life tag-the-rays-of-initiation\" id=\"post-7387\">\n\n\t\t\t\t\n\t<h2 class=\"entry-title\"><a href=\"https:\/\/www.v6.newmessage.org\/fr\/le-message\/other-revelations\/les-rayons-de-linitiation\" rel=\"bookmark\" title=\"Lien permanent vers Les Grands Rayons de l\u2019Initiation\">Les Grands Rayons de l\u2019Initiation<\/a><\/h2>\n\n\t\t\t\n\t\t<\/article>\n\t    \n\t<article class=\"posts_listing blog_shortcode clearfix post-2398 page type-page status-publish hentry category-other-revelations category-revelations category-messages-for-the-world category-audio category-the-new-world-2 tag-climate-change tag-climate-change-and-the-future tag-what-will-save-humanity\" id=\"post-2398\">\n\n\t\t\t\t\n\t<h2 class=\"entry-title\"><a href=\"https:\/\/www.v6.newmessage.org\/fr\/le-message\/other-revelations\/sauver-lhumanite\" rel=\"bookmark\" title=\"Lien permanent vers Ce qui sauvera l&rsquo;humanit\u00e9\">Ce qui sauvera l&rsquo;humanit\u00e9<\/a><\/h2>\n\n\t\t\t\n\t\t<\/article>\n\t    \n\t<article class=\"posts_listing blog_shortcode clearfix post-647 page type-page status-publish hentry category-other-revelations category-revelations category-messages-for-the-world category-audio tag-a-new-revelation tag-how-god-speaks-to-the-world tag-the-angels-of-god-speak tag-the-voice-of-god tag-the-voice-of-the-revelation\" id=\"post-647\">\n\n\t\t\t\t\n\t<h2 class=\"entry-title\"><a href=\"https:\/\/www.v6.newmessage.org\/fr\/le-message\/other-revelations\/la-voix-de-la-revelation\" rel=\"bookmark\" title=\"Lien permanent vers La Voix de la R\u00e9v\u00e9lation\">La Voix de la R\u00e9v\u00e9lation<\/a><\/h2>\n\n\t\t\t\n\t\t<\/article>\n\t    \n\t<article class=\"posts_listing blog_shortcode clearfix post-96 page type-page status-publish hentry category-other-revelations category-revelations category-message-for-the-individual category-audio tag-the-sacred-rendezvous\" id=\"post-96\">\n\n\t\t\t\t\n\t<h2 class=\"entry-title\"><a href=\"https:\/\/www.v6.newmessage.org\/fr\/le-message\/autres-revelations\/le-rendez-vous-sacre\" rel=\"bookmark\" title=\"Lien permanent vers Le Rendez-vous Sacr\u00e9\">Le Rendez-vous Sacr\u00e9<\/a><\/h2>\n\n\t\t\t\n\t\t<\/article>\n\t    \t    <br \/>\n<em><b><br \/>\n<\/b><\/em><\/p>\n","protected":false},"excerpt":{"rendered":"<p>Autres R\u00e9v\u00e9lations du Nouveau Message de Dieu :<\/p>\n","protected":false},"author":1,"featured_media":0,"parent":15090,"menu_order":0,"comment_status":"closed","ping_status":"closed","template":"template-leftsidebar.php","meta":{"_monsterinsights_skip_tracking":false,"_monsterinsights_sitenote_active":false,"_monsterinsights_sitenote_note":"","_monsterinsights_sitenote_category":0,"footnotes":""},"categories":[],"tags":[616],"_links":{"self":[{"href":"https:\/\/www.v6.newmessage.org\/fr\/wp-json\/wp\/v2\/pages\/16358"}],"collection":[{"href":"https:\/\/www.v6.newmessage.org\/fr\/wp-json\/wp\/v2\/pages"}],"about":[{"href":"https:\/\/www.v6.newmessage.org\/fr\/wp-json\/wp\/v2\/types\/page"}],"author":[{"embeddable":true,"href":"https:\/\/www.v6.newmessage.org\/fr\/wp-json\/wp\/v2\/users\/1"}],"replies":[{"embeddable":true,"href":"https:\/\/www.v6.newmessage.org\/fr\/wp-json\/wp\/v2\/comments?post=16358"}],"version-history":[{"count":44,"href":"https:\/\/www.v6.newmessage.org\/fr\/wp-json\/wp\/v2\/pages\/16358\/revisions"}],"predecessor-version":[{"id":28871,"href":"https:\/\/www.v6.newmessage.org\/fr\/wp-json\/wp\/v2\/pages\/16358\/revisions\/28871"}],"up":[{"embeddable":true,"href":"https:\/\/www.v6.newmessage.org\/fr\/wp-json\/wp\/v2\/pages\/15090"}],"wp:attachment":[{"href":"https:\/\/www.v6.newmessage.org\/fr\/wp-json\/wp\/v2\/media?parent=16358"}],"wp:term":[{"taxonomy":"category","embeddable":true,"href":"https:\/\/www.v6.newmessage.org\/fr\/wp-json\/wp\/v2\/categories?post=16358"},{"taxonomy":"post_tag","embeddable":true,"href":"https:\/\/www.v6.newmessage.org\/fr\/wp-json\/wp\/v2\/tags?post=16358"}],"curies":[{"name":"wp","href":"https:\/\/api.w.org\/{rel}","templated":true}]}}