{"id":16320,"date":"2014-10-25T22:28:58","date_gmt":"2014-10-25T22:28:58","guid":{"rendered":"http:\/\/www.newmessage.org\/?page_id=16320"},"modified":"2017-06-16T10:05:13","modified_gmt":"2017-06-16T10:05:13","slug":"volume-5","status":"publish","type":"page","link":"https:\/\/www.v6.newmessage.org\/fr\/le-message\/volume-5","title":{"rendered":"Volume 5"},"content":{"rendered":"<h2><strong><img loading=\"lazy\" decoding=\"async\" class=\"imgborder alignright size-medium\" src=\"\/wp-content\/uploads\/2014\/10\/The-New-Message-from-God-Volume-5-214x300.png\" alt=\"\" width=\"214\" height=\"300\" \/><\/strong><\/h2>\n<h2><strong>Au sujet du Volume 5<\/strong><\/h2>\n<p>Dans le Volume Cinq se trouvent les Enseignements de Sagesse du Nouveau Message de Dieu.<\/p>\n<p>Des tout premiers jours de la R\u00e9v\u00e9lation jusqu\u2019\u00e0 aujourd\u2019hui, Dieu a d\u00e9voil\u00e9 une sagesse aussi pr\u00e9cieuse que vaste, abordant pratiquement tous les sujets qui nous pr\u00e9occupent ou qui ont une importance, apportant une guidance spirituelle et pratique pour r\u00e9pondre aux besoins des gens partout dans le monde, \u00e0 la fois aujourd\u2019hui et loin dans l\u2019avenir. En d\u00e9finitive, le Volume Cinq contiendra un ensemble de Livres de Sagesse compil\u00e9s par le Messager.<\/p>\n<p>Pour explorer davantage les ressources de Sagesse du Nouveau Message, consultez la liste des autres R\u00e9v\u00e9lations qui ne sont pas encore compil\u00e9es en livres.<\/p>\n<div class=\"toggle toggle-white\"><h4 class=\"trigger \"><span class=\"t_ico\"><\/span><a href=\"#\">En savoir plus sur les Volumes du Nouveau Message de Dieu<\/a><\/h4><div class=\"toggle_container \"><br \/>\n<p>Le Nouveau Message de Dieu sera au final contenu dans 6 volumes individuels. Chaque volume contient deux livres ou plus, et chaque livre est organis\u00e9 en chapitres.<\/p>\n<p>Ainsi, la future structure du Nouveau Message de Dieu peut \u00eatre synth\u00e9tis\u00e9e de la fa\u00e7on suivante :<\/p>\n<div id=\"attachment_24097\" style=\"width: 227px\" class=\"wp-caption alignright\"><a href=\"https:\/\/www.newmessage.org\/wp-content\/uploads\/2015\/08\/Volumes-Books-InfoGraphic.001.jpg\"><img loading=\"lazy\" decoding=\"async\" aria-describedby=\"caption-attachment-24097\" class=\"imgborder \" src=\"https:\/\/www.newmessage.org\/wp-content\/uploads\/2015\/08\/Volumes-Books-InfoGraphic.001.jpg\" alt=\"The New Message One Book\" width=\"217\" height=\"234\" \/><\/a><p id=\"caption-attachment-24097\" class=\"wp-caption-text\">Le Livre Unique du Nouveau Message<\/p><\/div>\n<p><strong>Volume &gt; Livre &gt; Chapitre &gt; Verset.<br \/>\n<\/strong><\/p>\n<p>Le Nouveau Message de Dieu contient la plus grande R\u00e9v\u00e9lation jamais donn\u00e9e au monde. Il s&rsquo;adresse \u00e0 pratiquement tous les aspects de nos vies, pr\u00e9sentant de nouvelles r\u00e9alit\u00e9s jamais r\u00e9v\u00e9l\u00e9es auparavant. La <em>Society<\/em> \u0153uvre pour que le plus possible de livres et de r\u00e9v\u00e9lations audios soient rendues disponibles et accessibles au monde.<\/p>\n<p>Actuellement, la Society est en mesure d&rsquo;offrir un grand nombre d&rsquo;enregistrements de la Voix de la R\u00e9v\u00e9lation dans leur version originale. Vous \u00eates de fait invit\u00e9s \u00e0 faire l&rsquo;exp\u00e9rience du pouvoir et du myst\u00e8re de la \u00ab\u00a0Voix\u00a0\u00bb telle qu&rsquo;elle s&rsquo;est exprim\u00e9e \u00e0 travers le Messager en \u00e9tat de R\u00e9v\u00e9lation. Jamais auparavant il n&rsquo;avait \u00e9t\u00e9 possible d&rsquo;entendre la Voix de la R\u00e9v\u00e9lation originale.<\/p>\n<p>La compilation du Nouveau Message tout entier est un travail de longue haleine. Au m\u00eame moment, la R\u00e9v\u00e9lation continue \u00e0 \u00eatre re\u00e7ue avec de nouveaux enseignements donn\u00e9s chaque ann\u00e9e. En cons\u00e9quence, la s\u00e9lection de chapitres dans chaque livre peut changer. De m\u00eame, les titres des livres peuvent eux-aussi changer pour refl\u00e9ter la port\u00e9e grandissante de chaque livre. Vous vivez \u00e0 une \u00e9poque de R\u00e9v\u00e9lation et \u00eates t\u00e9moin du processus de R\u00e9v\u00e9lation qui se d\u00e9ploie devant vous.<\/p>\n<h4>Livres en ligne<\/h4>\n<p>La <em>Society<\/em> s\u2019efforce de rendre le Nouveau Message accessible gratuitement en ligne pour le monde. Actuellement, un certain nombre de livres du Nouveau Message sont disponibles gratuitement \u00e0 www.newmessage.org. Vous pouvez explorer la biblioth\u00e8que des livres gratuits en ligne.<\/p>\n<h4>Livres au format papier<\/h4>\n<p>La <em>Society<\/em> offre actuellement certain des livres du Nouveau Message sous format papier. Cependant, du fait de la taille immense de la partie du Nouveau Message r\u00e9v\u00e9l\u00e9e, la <em>Society<\/em> n\u2019est pas encore en mesure de publier sous forme imprim\u00e9e les six volumes du Nouveau Message pour l\u2019instant. Pour acheter une copie des livres actuellement disponibles, veuillez visiter la boutique de la <a href=\"http:\/\/www.newknowledgelibrary.org\">New Knowledge Library<\/a>.<\/p>\n<h4>CD et mp3<\/h4>\n<p>Certaines r\u00e9v\u00e9lations relatives \u00e0 l\u2019\u00e9tude du Nouveau Message sont disponibles \u00e0 l\u2019achat sous forme de CD ou de mp3. La <em>Society<\/em> propose ces enseignements \u00e0 un co\u00fbt modeste \u00e0 la boutique de la New Knowledge Library en raison des r\u00e9alit\u00e9s financi\u00e8res li\u00e9es \u00e0 la n\u00e9cessit\u00e9 d\u2019atteindre le monde entier avec le Nouveau Message.<\/p>\n<h4>Le <em>Free Book Project<\/em><\/h4>\n<p>Avec un soutien financier plus important, la <em>Society<\/em> sera en mesure de rendre davantage de ces enseignements de sagesse accessibles gratuitement en ligne. En plus de cela, le <a href=\"http:\/\/www.nm-french.tk\/the-message\/free-book-project\">Free Book Project<\/a> de la <em>Society<\/em> offre une copie des livres et des mp3 des r\u00e9v\u00e9lations du Nouveau Message actuellement disponibles \u00e0 ceux qui n\u2019ont pas les moyens de les acheter. Nous vous invitons \u00e0 faire un don pour soutenir le <em>Free Book Project<\/em>, afin que de plus en plus de gens dans le besoin puissent avoir acc\u00e8s au Nouveau Message de Dieu.<\/p>\n<h4>Publications futures<\/h4>\n<p>La <em>Society<\/em> continuera \u00e0 mener \u00e0 bien sa vision de publication de l\u2019enti\u00e8ret\u00e9 du Nouveau Message de Dieu, \u00e0 la fois sous la forme de ses livres et de ses volumes, et peut-\u00eatre un jour sous la forme d\u2019un livre unique, simplement intitul\u00e9 : \u201cLe Nouveau Message de Dieu\u201d. C\u2019est une entreprise \u00e9norme pour laquelle la <em>Society<\/em> a besoin de votre contribution et de votre participation. Envisagez, si vous le pouvez, la possibilit\u00e9 de faire un don ou de devenir un Pilier du Nouveau Message pour soutenir cette cause sacr\u00e9e. Nous vous remercions pour votre soutien.<\/p>\n<br \/>\n<\/div><\/div>\n<div class=\"clearfix\"><\/div>\n<div class=\"the-message-books-volumes panel-30 background-tile-1 margin-bottom-20\">\n<h2 class=\"text-align-center margin-bottom-20\"><a class=\"text-color-gray-5 not-underlined\" title=\"Volume 5\" href=\"\/le-message\/volume-5\">Volume 5<\/a><\/h2>\n<div class=\"one_third \" ><\/p>\n<div class=\"message-book-div\"><a class=\"message-book-link-to-post\" href=\"\/le-message\/volume-5\/la-sagesse-de-la-grande-communaute-tome-i\" rel=\"bookmark\">La Sagesse de la Grande Communaut\u00e9 &#8211; Tome I<\/a><\/div>\n<div class=\"toggle toggle-gray\"><h4 class=\"trigger \"><span class=\"t_ico\"><\/span><a href=\"#\">Table des mati\u00e8res<\/a><\/h4><div class=\"toggle_container \"><\/p>\n<h2>Table des mati\u00e8res<\/h2>\n<p>Chapitre 1 :\u00a0<a href=\"http:\/\/www.nouveaumessagededieu.org\/le-message\/volume-5\/la-sagesse-de-la-grande-communaute-tome-i\/la-grande-religion\">La grande religion<\/a><\/p>\n<p>Chapitre 2 : Les relations et la sexualit\u00e9<\/p>\n<p>Chapitre 3 : La Grande Communaut\u00e9<\/p>\n<p>Chapitre 4 : La confiance<\/p>\n<p>Chapitre 5 : Le mariage<\/p>\n<p>Chapitre 6 : La sant\u00e9<\/p>\n<p>Chapitre 7 : La libert\u00e9<\/p>\n<p>Chapitre 8 : Se pr\u00e9parer \u00e0 l\u2019avenir<\/p>\n<p>Chapitre 9 : Les v\u00e9rit\u00e9s spirituelles<\/p>\n<p>Chapitre 10 : Le service dans le monde<\/p>\n<p>Chapitre 11 : pouvoir &amp; responsabilit\u00e9<\/p>\n<p>Chapitre 12 :\u00a0<a href=\"http:\/\/www.nouveaumessagededieu.org\/le-message\/volume-5\/la-sagesse-de-la-grande-communaute-tome-i\/amour\">L\u2019amour<\/a><\/p>\n<p>Chapitre 13 : La communaut\u00e9 spirituelle<\/p>\n<p>Chapitre 14 : L\u2019\u00e9volution du monde<\/p>\n<p>Chapitre 15 :\u00a0<a href=\"http:\/\/www.nouveaumessagededieu.org\/le-message\/volume-5\/la-sagesse-de-la-grande-communaute-tome-i\/donner\">Donner I<\/a><\/p>\n<p>Chapitre 16 : Donner II<\/p>\n<p>Chapitre 17 : La ma\u00eetrise<\/p>\n<p>Chapitre 18 : L\u2019\u00e9ducation sup\u00e9rieure<\/p>\n<p>Chapitre 19 :\u00a0<a href=\"http:\/\/www.nouveaumessagededieu.org\/le-message\/volume-5\/la-sagesse-de-la-grande-communaute-tome-i\/accomplissement\">L\u2019accomplissement<\/a><\/p>\n<p>Chapitre 20 : L\u2019\u00e9coute int\u00e9rieure<\/p>\n<p>Chapitre 21 : Le bonheur durable<\/p>\n<p>Chapitre 22 : \u00c9chapper \u00e0 la souffrance<\/p>\n<p>Chapitre 23 :\u00a0<a href=\"http:\/\/www.nouveaumessagededieu.org\/le-message\/volume-5\/la-sagesse-de-la-grande-communaute-tome-i\/le-pardon\">Le pardon<\/a><\/p>\n<p>Chapitre 24 : Le bonheur dans le monde<\/p>\n<p>Chapitre 25 : \u00c9chapper \u00e0 la peur<\/p>\n<p>Chapitre 26 : La qui\u00e9tude<\/p>\n<p>Chapitre 27 :\u00a0<a href=\"http:\/\/www.nouveaumessagededieu.org\/le-message\/volume-5\/la-sagesse-de-la-grande-communaute-tome-i\/deception\">La d\u00e9ception<\/a><\/p>\n<p>Chapitre 28 : User du pouvoir pour le bien<\/p>\n<p>Chapitre 29 : La foi et la peur<\/p>\n<p>Chapitre 30 : La perception<\/p>\n<p>Chapitre 31 : La gu\u00e9rison<\/p>\n<p>Chapitre 32 : L\u2019accomplissement et les relations<\/p>\n<p>Chapitre 33 : Provoquer le changement<\/p>\n<p>Chapitre 34 : La religion comme \u00e9ducation<\/p>\n<p>Chapitre 35 : Atteindre la paix<\/p>\n<p><\/div><\/div><br \/>\n<\/div>\n<div class=\"one_third \" ><\/p>\n<div class=\"message-book-div\"><a class=\"message-book-link-to-post\" href=\"\/le-message\/volume-5\/la-sagesse-de-la-grande-communaute-tome-ii\" rel=\"bookmark\">La Sagesse de la Grande Communaut\u00e9 &#8211; Tome II<\/a><\/div>\n<div class=\"toggle toggle-gray\"><h4 class=\"trigger \"><span class=\"t_ico\"><\/span><a href=\"#\">Table des mati\u00e8res<\/a><\/h4><div class=\"toggle_container \"><br \/>\nL&rsquo;ambition<\/p>\n<p>Les possessions<\/p>\n<p>Le plaisir<\/p>\n<p>Servir les autres<\/p>\n<p>Travailler avec le mental<\/p>\n<p>Le discernement<\/p>\n<p>La discr\u00e9tion<\/p>\n<p>R\u00e9soudre des probl\u00e8mes<\/p>\n<p>L&rsquo;honn\u00eatet\u00e9<\/p>\n<p>Les visites de la Grande Communaut\u00e9<\/p>\n<p>La pratique spirituelle<\/p>\n<p>L&rsquo;expression de soi et l&rsquo;environnement mental<\/p>\n<p><a title=\"Wisdom from the Greater Community volume 2\" href=\"\/le-message\/volume-5\/la-sagesse-de-la-grande-communaute-tome-ii\/religion-as-mystery\" target=\"_self\">La religion comme myst\u00e8re<\/a><\/p>\n<p>L&rsquo;intelligence<\/p>\n<p>R\u00e9pondre \u00e0 la Grande Communaut\u00e9<\/p>\n<p>Les seuils<\/p>\n<p>Comment les visiteurs per\u00e7oivent l&rsquo;humanit\u00e9<\/p>\n<p>La compassion<\/p>\n<p>Le courage<\/p>\n<p>Apprendre des autres<\/p>\n<p>Le d\u00e9vouement et l&rsquo;engagement<\/p>\n<p>L&rsquo;argent<\/p>\n<p>Devenir sage<\/p>\n<p>Le travail<\/p>\n<p>Les environnements<\/p>\n<p>Le conflict<\/p>\n<p>Le doute de soi<\/p>\n<p>Les r\u00e9alit\u00e9s de la Grande Communaut\u00e9<\/p>\n<p>L&rsquo;inspiration<\/p>\n<p>La gentillesse<\/p>\n<p>La concentration<\/p>\n<p>L&rsquo;orgueil<\/p>\n<p>La pers\u00e9v\u00e9rance<\/p>\n<p>Parcourir la Voie de la Connaissance<br \/>\n<\/div><\/div><br \/>\n<\/div>\n<div class=\"one_third last\" ><\/p>\n<div class=\"message-book-div more\"><a class=\"message-book-link-to-post\" title=\"En savoir plus\u2026\" href=\"http:\/\/www.nouveaumessagededieu.org\/le-message\/la-revelation-se-poursuit-a-ce-jour\" rel=\"bookmark\">En savoir plus\u2026<\/a><\/div>\n<p><\/div>\n<\/div>\n","protected":false},"excerpt":{"rendered":"<p>Au sujet du Volume 5 Dans le Volume Cinq se trouvent les Enseignements de Sagesse du Nouveau Message de Dieu. Des tout premiers jours de la R\u00e9v\u00e9lation jusqu\u2019\u00e0 aujourd\u2019hui, Dieu a d\u00e9voil\u00e9 une sagesse aussi pr\u00e9cieuse que vaste, abordant pratiquement tous les sujets qui nous pr\u00e9occupent ou qui ont une importance, apportant une guidance spirituelle\u2026 <a class=\"read-more\" href=\"https:\/\/www.v6.newmessage.org\/fr\/about-volumes-shortcode\"><span>Read More<\/span><\/a><\/p>\n","protected":false},"author":1,"featured_media":0,"parent":15090,"menu_order":4,"comment_status":"closed","ping_status":"closed","template":"template-leftsidebar.php","meta":{"_monsterinsights_skip_tracking":false,"_monsterinsights_sitenote_active":false,"_monsterinsights_sitenote_note":"","_monsterinsights_sitenote_category":0,"footnotes":""},"categories":[],"tags":[647],"_links":{"self":[{"href":"https:\/\/www.v6.newmessage.org\/fr\/wp-json\/wp\/v2\/pages\/16320"}],"collection":[{"href":"https:\/\/www.v6.newmessage.org\/fr\/wp-json\/wp\/v2\/pages"}],"about":[{"href":"https:\/\/www.v6.newmessage.org\/fr\/wp-json\/wp\/v2\/types\/page"}],"author":[{"embeddable":true,"href":"https:\/\/www.v6.newmessage.org\/fr\/wp-json\/wp\/v2\/users\/1"}],"replies":[{"embeddable":true,"href":"https:\/\/www.v6.newmessage.org\/fr\/wp-json\/wp\/v2\/comments?post=16320"}],"version-history":[{"count":23,"href":"https:\/\/www.v6.newmessage.org\/fr\/wp-json\/wp\/v2\/pages\/16320\/revisions"}],"predecessor-version":[{"id":28628,"href":"https:\/\/www.v6.newmessage.org\/fr\/wp-json\/wp\/v2\/pages\/16320\/revisions\/28628"}],"up":[{"embeddable":true,"href":"https:\/\/www.v6.newmessage.org\/fr\/wp-json\/wp\/v2\/pages\/15090"}],"wp:attachment":[{"href":"https:\/\/www.v6.newmessage.org\/fr\/wp-json\/wp\/v2\/media?parent=16320"}],"wp:term":[{"taxonomy":"category","embeddable":true,"href":"https:\/\/www.v6.newmessage.org\/fr\/wp-json\/wp\/v2\/categories?post=16320"},{"taxonomy":"post_tag","embeddable":true,"href":"https:\/\/www.v6.newmessage.org\/fr\/wp-json\/wp\/v2\/tags?post=16320"}],"curies":[{"name":"wp","href":"https:\/\/api.w.org\/{rel}","templated":true}]}}