{"id":16316,"date":"2014-10-25T22:27:50","date_gmt":"2014-10-25T22:27:50","guid":{"rendered":"http:\/\/www.newmessage.org\/?page_id=16316"},"modified":"2017-06-16T09:59:20","modified_gmt":"2017-06-16T09:59:20","slug":"volume-4","status":"publish","type":"page","link":"https:\/\/www.v6.newmessage.org\/fr\/le-message\/volume-4","title":{"rendered":"Volume 4"},"content":{"rendered":"<h2><strong><img loading=\"lazy\" decoding=\"async\" class=\"alignright size-medium\" src=\"https:\/\/www.newmessage.org\/wp-content\/uploads\/2014\/10\/The-New-Message-from-God-Volume-4-215x300.png\" alt=\"\" width=\"215\" height=\"300\" \/><\/strong><\/h2>\n<h2><strong>Au sujet du Volume 4<\/strong><\/h2>\n<p>Le Volume Quatre contient les livres de proph\u00e9tie et compl\u00e8te la r\u00e9v\u00e9lation du Nouveau Message de Dieu.<\/p>\n<p>Au c\u0153ur des livres de ce volume sont deux grands \u00e9v\u00e9nements de notre \u00e9poque : l\u2019\u00e9mergence de l\u2019humanit\u00e9 dans la Grande Communaut\u00e9 de vie dans l\u2019univers (livre 6 \u2013 <em>La Grande Communaut\u00e9<\/em>) et la convergence des <a href=\"http:\/\/www.nouveaumessagededieu.org\/le-message\/volume-4\/les-grandes-vagues-de-changement\">Grandes Vagues de changement<\/a> qui frappent \u00e0 pr\u00e9sent le monde. Ces deux \u00e9v\u00e9nements convergents ont le pouvoir de remodeler notre monde et vont affecter la vie de tout homme, toute femme et tout enfant sur Terre, \u00e0 la fois d\u00e8s maintenant et dans les temps \u00e0 venir.<\/p>\n<p>Les livres du Volume Quatre, <a href=\"http:\/\/www.nouveaumessagededieu.org\/le-message\/volume-4\/les-grandes-vagues-de-changement\"><em>Les Grandes Vagues de changement<\/em><\/a> et <a href=\"http:\/\/www.nouveaumessagededieu.org\/le-message\/volume-4\/la-vie-dans-lunivers\"><em>La Vie dans l&rsquo;univers<\/em><\/a>, sont un don direct de Dieu pour r\u00e9veiller, alerter et pr\u00e9parer la famille humaine pour le Grand Changement qui arrive.<\/p>\n<p>Dieu r\u00e9v\u00e8le ici ce que l\u2019humanit\u00e9 ne peut voir ou conna\u00eetre par elle-m\u00eame. Seule une R\u00e9v\u00e9lation Divine peut amener l\u2019humanit\u00e9 \u00e0 prendre conscience des grands p\u00e9rils de sa situation actuelle et de son avenir. Seule une vision proph\u00e9tique peut orienter notre regard vers la grande promesse et le grand potentiel de la famille humaine, alors m\u00eame que nous faisons face \u00e0 nos plus grandes \u00e9preuves.<\/p>\n<div class=\"toggle toggle-white\"><h4 class=\"trigger \"><span class=\"t_ico\"><\/span><a href=\"#\">En savoir plus sur les Volumes du Nouveau Message de Dieu<\/a><\/h4><div class=\"toggle_container \"><\/p>\n<p><p>Le Nouveau Message de Dieu sera au final contenu dans 6 volumes individuels. Chaque volume contient deux livres ou plus, et chaque livre est organis\u00e9 en chapitres.<\/p>\n<p>Ainsi, la future structure du Nouveau Message de Dieu peut \u00eatre synth\u00e9tis\u00e9e de la fa\u00e7on suivante :<\/p>\n<div id=\"attachment_24097\" style=\"width: 227px\" class=\"wp-caption alignright\"><a href=\"https:\/\/www.newmessage.org\/wp-content\/uploads\/2015\/08\/Volumes-Books-InfoGraphic.001.jpg\"><img loading=\"lazy\" decoding=\"async\" aria-describedby=\"caption-attachment-24097\" class=\"imgborder \" src=\"https:\/\/www.newmessage.org\/wp-content\/uploads\/2015\/08\/Volumes-Books-InfoGraphic.001.jpg\" alt=\"The New Message One Book\" width=\"217\" height=\"234\" \/><\/a><p id=\"caption-attachment-24097\" class=\"wp-caption-text\">Le Livre Unique du Nouveau Message<\/p><\/div>\n<p><strong>Volume &gt; Livre &gt; Chapitre &gt; Verset.<br \/>\n<\/strong><\/p>\n<p>Le Nouveau Message de Dieu contient la plus grande R\u00e9v\u00e9lation jamais donn\u00e9e au monde. Il s&rsquo;adresse \u00e0 pratiquement tous les aspects de nos vies, pr\u00e9sentant de nouvelles r\u00e9alit\u00e9s jamais r\u00e9v\u00e9l\u00e9es auparavant. La <em>Society<\/em> \u0153uvre pour que le plus possible de livres et de r\u00e9v\u00e9lations audios soient rendues disponibles et accessibles au monde.<\/p>\n<p>Actuellement, la Society est en mesure d&rsquo;offrir un grand nombre d&rsquo;enregistrements de la Voix de la R\u00e9v\u00e9lation dans leur version originale. Vous \u00eates de fait invit\u00e9s \u00e0 faire l&rsquo;exp\u00e9rience du pouvoir et du myst\u00e8re de la \u00ab\u00a0Voix\u00a0\u00bb telle qu&rsquo;elle s&rsquo;est exprim\u00e9e \u00e0 travers le Messager en \u00e9tat de R\u00e9v\u00e9lation. Jamais auparavant il n&rsquo;avait \u00e9t\u00e9 possible d&rsquo;entendre la Voix de la R\u00e9v\u00e9lation originale.<\/p>\n<p>La compilation du Nouveau Message tout entier est un travail de longue haleine. Au m\u00eame moment, la R\u00e9v\u00e9lation continue \u00e0 \u00eatre re\u00e7ue avec de nouveaux enseignements donn\u00e9s chaque ann\u00e9e. En cons\u00e9quence, la s\u00e9lection de chapitres dans chaque livre peut changer. De m\u00eame, les titres des livres peuvent eux-aussi changer pour refl\u00e9ter la port\u00e9e grandissante de chaque livre. Vous vivez \u00e0 une \u00e9poque de R\u00e9v\u00e9lation et \u00eates t\u00e9moin du processus de R\u00e9v\u00e9lation qui se d\u00e9ploie devant vous.<\/p>\n<h4>Livres en ligne<\/h4>\n<p>La <em>Society<\/em> s\u2019efforce de rendre le Nouveau Message accessible gratuitement en ligne pour le monde. Actuellement, un certain nombre de livres du Nouveau Message sont disponibles gratuitement \u00e0 www.newmessage.org. Vous pouvez explorer la biblioth\u00e8que des livres gratuits en ligne.<\/p>\n<h4>Livres au format papier<\/h4>\n<p>La <em>Society<\/em> offre actuellement certain des livres du Nouveau Message sous format papier. Cependant, du fait de la taille immense de la partie du Nouveau Message r\u00e9v\u00e9l\u00e9e, la <em>Society<\/em> n\u2019est pas encore en mesure de publier sous forme imprim\u00e9e les six volumes du Nouveau Message pour l\u2019instant. Pour acheter une copie des livres actuellement disponibles, veuillez visiter la boutique de la <a href=\"http:\/\/www.newknowledgelibrary.org\">New Knowledge Library<\/a>.<\/p>\n<h4>CD et mp3<\/h4>\n<p>Certaines r\u00e9v\u00e9lations relatives \u00e0 l\u2019\u00e9tude du Nouveau Message sont disponibles \u00e0 l\u2019achat sous forme de CD ou de mp3. La <em>Society<\/em> propose ces enseignements \u00e0 un co\u00fbt modeste \u00e0 la boutique de la New Knowledge Library en raison des r\u00e9alit\u00e9s financi\u00e8res li\u00e9es \u00e0 la n\u00e9cessit\u00e9 d\u2019atteindre le monde entier avec le Nouveau Message.<\/p>\n<h4>Le <em>Free Book Project<\/em><\/h4>\n<p>Avec un soutien financier plus important, la <em>Society<\/em> sera en mesure de rendre davantage de ces enseignements de sagesse accessibles gratuitement en ligne. En plus de cela, le <a href=\"http:\/\/www.nm-french.tk\/the-message\/free-book-project\">Free Book Project<\/a> de la <em>Society<\/em> offre une copie des livres et des mp3 des r\u00e9v\u00e9lations du Nouveau Message actuellement disponibles \u00e0 ceux qui n\u2019ont pas les moyens de les acheter. Nous vous invitons \u00e0 faire un don pour soutenir le <em>Free Book Project<\/em>, afin que de plus en plus de gens dans le besoin puissent avoir acc\u00e8s au Nouveau Message de Dieu.<\/p>\n<h4>Publications futures<\/h4>\n<p>La <em>Society<\/em> continuera \u00e0 mener \u00e0 bien sa vision de publication de l\u2019enti\u00e8ret\u00e9 du Nouveau Message de Dieu, \u00e0 la fois sous la forme de ses livres et de ses volumes, et peut-\u00eatre un jour sous la forme d\u2019un livre unique, simplement intitul\u00e9 : \u201cLe Nouveau Message de Dieu\u201d. C\u2019est une entreprise \u00e9norme pour laquelle la <em>Society<\/em> a besoin de votre contribution et de votre participation. Envisagez, si vous le pouvez, la possibilit\u00e9 de faire un don ou de devenir un Pilier du Nouveau Message pour soutenir cette cause sacr\u00e9e. Nous vous remercions pour votre soutien.<\/p>\n<\/p>\n<p><\/div><\/div>\n<div class=\"clearfix\"><\/div>\n<div class=\"the-message-books-volumes panel-30 background-tile-1 margin-bottom-20\">\n<h2 class=\"text-align-center margin-bottom-20\"><a class=\"text-color-gray-5 not-underlined\" title=\"Volume 4\" href=\"\/le-message\/volume-4\">Volume 4<\/a><\/h2>\n<div class=\"one_third \" ><\/p>\n<div class=\"message-book-div\"><a class=\"message-book-link-to-post\" href=\"\/le-message\/volume-4\/les-grandes-vagues-de-changement\" rel=\"bookmark\">Les Grandes Vagues de Changement<\/a><\/div>\n<div class=\"toggle toggle-gray\"><h4 class=\"trigger \"><span class=\"t_ico\"><\/span><a href=\"#\">Table des mati\u00e8res<\/a><\/h4><div class=\"toggle_container \"><\/p>\n<p><a href=\"\/le-message\/volume-4\/les-grandes-vagues-de-changement\/les-grandes-vagues-de-changement\">Les Grandes Vagues de changement<\/a><\/p>\n<p><a href=\"\/le-message\/volume-4\/les-grandes-vagues-de-changement\/les-grandes-vagues-et-votre-vie\">Les Grandes Vagues et votre vie<\/a><\/p>\n<p><a href=\"\/le-message\/volume-4\/les-grandes-vagues-de-changement\/echapper-au-passe\">\u00c9chapper au pass\u00e9<\/a><\/p>\n<p><a href=\"\/le-message\/volume-4\/les-grandes-vagues-de-changement\/la-liberte-de-se-mouvoir-avec-la-connaissance\">La libert\u00e9 de se mouvoir avec la Connaissance<\/a><\/p>\n<p><a href=\"\/le-message\/volume-4\/les-grandes-vagues-de-changement\/la-profonde-evaluation\">L&rsquo;\u00e9valuation profonde <\/a><\/p>\n<p><a href=\"\/le-message\/volume-4\/les-grandes-vagues-de-changement\/les-relations-et-les-grandes-vagues\">Les relations et les Grandes Vagues<\/a><\/p>\n<p><a href=\"\/le-message\/volume-4\/les-grandes-vagues-de-changement\/preparer-sa-famille\">Pr\u00e9parer sa famille<\/a><\/p>\n<p><a href=\"\/le-message\/volume-4\/les-grandes-vagues-de-changement\/le-danger-de-lisolement\">Le danger de l\u2019isolement<\/a><\/p>\n<p><a href=\"\/le-message\/volume-4\/les-grandes-vagues-de-changement\/la-prophetie-des-grandes-vagues\">La proph\u00e9tie des Grandes Vagues<\/a><\/p>\n<p><a href=\"\/le-message\/volume-4\/les-grandes-vagues-de-changement\/les-grandes-vagues-et-la-realite-cachee-du-contact\">Les Grandes Vagues et la r\u00e9alit\u00e9 cach\u00e9e du Contact<\/a><\/p>\n<p><a href=\"\/le-message\/volume-4\/les-grandes-vagues-de-changement\/ou-placerez-vous-votre-foi\">O\u00f9 placerez-vous votre foi?<\/a><\/p>\n<p><a href=\"\/le-message\/volume-4\/les-grandes-vagues-de-changement\/votre-raison-detre-et-votre-destinee-dans-un-monde-qui-change\">Votre raison d\u2019\u00eatre et votre destin\u00e9e dans un monde qui change<\/a><\/p>\n<p><a href=\"\/le-message\/volume-4\/les-grandes-vagues-de-changement\/un-nouveau-message-despoir\">Un nouveau message d\u2019espoir<\/a><\/p>\n<p><a href=\"\/le-message\/volume-4\/les-grandes-vagues-de-changement\/voir-savoir-et-agir\">Voir, savoir et agir<\/a><\/p>\n<p><a href=\"\/le-message\/volume-4\/les-grandes-vagues-de-changement\/recommendations\">Recommandations sur la mani\u00e8re de vivre dans un monde qui subit les Grandes Vagues<\/a><br \/>\n<\/div><\/div><br \/>\n<\/div>\n<div class=\"one_third \" ><\/p>\n<div class=\"message-book-div\"><a class=\"message-book-link-to-post\" href=\"\/le-message\/volume-4\/la-vie-dans-lunivers\" rel=\"bookmark\">La Vie dans l&rsquo;Univers<\/a><\/div>\n<div class=\"toggle toggle-gray\"><h4 class=\"trigger \"><span class=\"t_ico\"><\/span><a href=\"#\">Table des mati\u00e8res<\/a><\/h4><div class=\"toggle_container \"><\/p>\n<h5 class=\"text-color-gray-6\">Premi\u00e8re partie : la r\u00e9alit\u00e9 de la Vie intelligente dans l\u2019univers<\/h5>\n<p>Chapitre 1 :\u00a0<a href=\"http:\/\/www.nouveaumessagededieu.org\/le-message\/volume-4\/la-vie-dans-lunivers\/faire-face-a-une-plus-grande-communaute-de-vie\">Faire face \u00e0 une Grande Communaut\u00e9 de vie<\/a><\/p>\n<p>Chapitre 2 : Un bref historique des visites de la Terre<\/p>\n<p>Chapitre 3 :<a href=\"http:\/\/www.nouveaumessagededieu.org\/le-message\/volume-4\/la-vie-dans-lunivers\/les-limites-du-voyage-spatial\">\u00a0Les limites du voyage spatial<\/a><\/p>\n<p>Chapitre 4 : Les \u00e9changes et le commerce dans cette r\u00e9gion de l\u2019espace<\/p>\n<p>Chapitre 5 :\u00a0<a href=\"http:\/\/www.nouveaumessagededieu.org\/le-message\/volume-4\/la-vie-dans-lunivers\/technologie-et-differentes-voies-vers-stabilite\">La technologie et les diff\u00e9rentes voies vers la stabilit\u00e9<\/a><\/p>\n<p>Chapitre 6 :\u00a0<a href=\"http:\/\/www.nouveaumessagededieu.org\/le-message\/volume-4\/la-vie-dans-lunivers\/les-familles-et-la-manipulation-genetique\">Les familles et la manipulation g\u00e9n\u00e9tique<\/a><\/p>\n<p>Chapitre 7 :\u00a0<a href=\"http:\/\/www.nouveaumessagededieu.org\/le-message\/volume-4\/la-vie-dans-lunivers\/competition-influence-et-environnement-mental\">La comp\u00e9tition, l\u2019influence et l\u2019environnement mental<\/a><\/p>\n<p>Chapitre 8 : La libert\u00e9 dans la Grande Communaut\u00e9<\/p>\n<h5 class=\"text-color-gray-6\">Deuxi\u00e8me partie : la spiritualit\u00e9 de la vie intelligente dans l\u2019univers<\/h5>\n<p>Chapitre 9 : La religion dans la Grande Communaut\u00e9<\/p>\n<p>Chapitre 10 :\u00a0<a href=\"http:\/\/www.nouveaumessagededieu.org\/le-message\/volume-4\/la-vie-dans-lunivers\/le-pouvoir-de-la-connaissance\">Le pouvoir de la Connaissance<\/a><\/p>\n<p>Chapitre 11 :\u00a0<a href=\"http:\/\/www.nouveaumessagededieu.org\/le-message\/volume-4\/la-vie-dans-lunivers\/les-forces-invisibles-dans-lunivers\">Les Forces Invisibles dans l\u2019univers<\/a><\/p>\n<p>Chapitre 12 :\u00a0<a href=\"http:\/\/www.nouveaumessagededieu.org\/le-message\/volume-4\/la-vie-dans-lunivers\/creation-et-destin\">Cr\u00e9ation et destin\u00e9e<\/a><\/p>\n<p>Chapitre 13 : Dieu et la Grande Communaut\u00e9<\/p>\n<p>Chapitre 14 : Votre relation avec la Grande Communaut\u00e9<\/p>\n<p><\/div><\/div><br \/>\n<\/div>\n<div class=\"one_third last\" ><\/p>\n<div class=\"message-book-div more\"><a class=\"message-book-link-to-post\" title=\"En savoir plus\u2026\" href=\"http:\/\/www.nouveaumessagededieu.org\/le-message\/la-revelation-se-poursuit-a-ce-jour\" rel=\"bookmark\">En savoir plus\u2026<\/a><\/div>\n<p><\/div>\n<\/div>\n","protected":false},"excerpt":{"rendered":"<p>Au sujet du Volume 4 Le Volume Quatre contient les livres de proph\u00e9tie et compl\u00e8te la r\u00e9v\u00e9lation du Nouveau Message de Dieu. Au c\u0153ur des livres de ce volume sont deux grands \u00e9v\u00e9nements de notre \u00e9poque : l\u2019\u00e9mergence de l\u2019humanit\u00e9 dans la Grande Communaut\u00e9 de vie dans l\u2019univers (livre 6 \u2013 La Grande Communaut\u00e9) et\u2026 <a class=\"read-more\" href=\"https:\/\/www.v6.newmessage.org\/fr\/about-volumes-shortcode\"><span>Read More<\/span><\/a><\/p>\n","protected":false},"author":1,"featured_media":0,"parent":15090,"menu_order":14,"comment_status":"closed","ping_status":"closed","template":"template-leftsidebar.php","meta":{"_monsterinsights_skip_tracking":false,"_monsterinsights_sitenote_active":false,"_monsterinsights_sitenote_note":"","_monsterinsights_sitenote_category":0,"footnotes":""},"categories":[],"tags":[644],"_links":{"self":[{"href":"https:\/\/www.v6.newmessage.org\/fr\/wp-json\/wp\/v2\/pages\/16316"}],"collection":[{"href":"https:\/\/www.v6.newmessage.org\/fr\/wp-json\/wp\/v2\/pages"}],"about":[{"href":"https:\/\/www.v6.newmessage.org\/fr\/wp-json\/wp\/v2\/types\/page"}],"author":[{"embeddable":true,"href":"https:\/\/www.v6.newmessage.org\/fr\/wp-json\/wp\/v2\/users\/1"}],"replies":[{"embeddable":true,"href":"https:\/\/www.v6.newmessage.org\/fr\/wp-json\/wp\/v2\/comments?post=16316"}],"version-history":[{"count":34,"href":"https:\/\/www.v6.newmessage.org\/fr\/wp-json\/wp\/v2\/pages\/16316\/revisions"}],"predecessor-version":[{"id":28478,"href":"https:\/\/www.v6.newmessage.org\/fr\/wp-json\/wp\/v2\/pages\/16316\/revisions\/28478"}],"up":[{"embeddable":true,"href":"https:\/\/www.v6.newmessage.org\/fr\/wp-json\/wp\/v2\/pages\/15090"}],"wp:attachment":[{"href":"https:\/\/www.v6.newmessage.org\/fr\/wp-json\/wp\/v2\/media?parent=16316"}],"wp:term":[{"taxonomy":"category","embeddable":true,"href":"https:\/\/www.v6.newmessage.org\/fr\/wp-json\/wp\/v2\/categories?post=16316"},{"taxonomy":"post_tag","embeddable":true,"href":"https:\/\/www.v6.newmessage.org\/fr\/wp-json\/wp\/v2\/tags?post=16316"}],"curies":[{"name":"wp","href":"https:\/\/api.w.org\/{rel}","templated":true}]}}