{"id":16312,"date":"2014-10-25T22:25:11","date_gmt":"2014-10-25T22:25:11","guid":{"rendered":"http:\/\/www.newmessage.org\/?page_id=16312"},"modified":"2017-12-17T23:51:21","modified_gmt":"2017-12-17T23:51:21","slug":"volume-2","status":"publish","type":"page","link":"https:\/\/www.v6.newmessage.org\/fr\/le-message\/volume-2","title":{"rendered":"Volume 2"},"content":{"rendered":"<p><strong><img loading=\"lazy\" decoding=\"async\" class=\"imgborder alignright size-medium\" src=\"https:\/\/www.newmessage.org\/wp-content\/uploads\/2014\/10\/The-New-Message-from-God-Volume-2-214x300.png\" alt=\"\" width=\"214\" height=\"300\" \/><\/strong><\/p>\n<h2><strong>Au sujet du Volume 2<\/strong><\/h2>\n<p>Le Volume Deux du Nouveau Message de Dieu contient les traditions spirituelles profondes qui sont au c\u0153ur de la Nouvelle R\u00e9v\u00e9lation de Dieu pour l\u2019humanit\u00e9.<\/p>\n<p>Sont ici contenus les textes fondateurs de la th\u00e9ologie et de la spiritualit\u00e9 du Nouveau Message de Dieu. Cela inclut les livres du Nouveau Message <a href=\"http:\/\/www.nouveaumessagededieu.org\/le-message\/volume-2\/la-spiritualite-de-la-grande-communaute\"><em>La Spiritualit\u00e9 de la Grande Communaut\u00e9<\/em><\/a>, et\u00a0<a href=\"http:\/\/www.nouveaumessagededieu.org\/le-message\/volume-2\/les-relations-et-le-but-superieur\"><em>Les Relations et le But Sup\u00e9rieur<\/em><\/a>. Ces textes sacr\u00e9s uniques ont \u00e9t\u00e9 re\u00e7us par le Messager lors d\u2019un processus de R\u00e9v\u00e9lation continu.<\/p>\n<p>Ces textes exposent la R\u00e9v\u00e9lation centrale de Dieu pour le monde concernant la Connaissance (<a href=\"http:\/\/www.nouveaumessagededieu.org\/le-message\/volume-2\/la-spiritualite-de-la-grande-communaute\/4-quest-ce-que-la-connaissance\"><em>Qu\u2019est-ce que la Connaissance<\/em> <em>?<\/em><\/a>), la Grande Communaut\u00e9 (<a href=\"http:\/\/www.nouveaumessagededieu.org\/le-message\/volume-2\/la-spiritualite-de-la-grande-communaute\/6-quest-ce-que-la-grande-communaute\"><em>Qu\u2019est-ce que la Grande Communaut\u00e9 ?<\/em><\/a>) et <a href=\"http:\/\/www.nouveaumessagededieu.org\/le-message\/volume-2\/les-relations-et-le-but-superieur\">les Relations et le But Sup\u00e9rieur<\/a>, de m\u00eame que les enseignements majeurs sur la nature de la Pr\u00e9sence et du Dessein de Dieu dans le monde et dans l\u2019univers au-del\u00e0.<\/p>\n<p>Dans ces textes, la Voie de la Connaissance de la Grande Communaut\u00e9, le chemin de pratique spirituelle et de d\u00e9veloppement int\u00e9rieur pratiqu\u00e9 \u00e0 travers l\u2019univers depuis des temps imm\u00e9moriaux, est pr\u00e9sent\u00e9 \u00e0 l\u2019humanit\u00e9. La Voie de la Connaissance de la Grande Communaut\u00e9 est maintenant introduite dans notre monde pour la premi\u00e8re fois.<\/p>\n<p>Tandis que ces textes continuent \u00e0 \u00e9tablir la fondation spirituelle du Nouveau Message, ils sonnent aussi en l\u2019individu un appel profond\u00e9ment intime et venant de Dieu \u2013 un appel d\u2019un grand pouvoir et d\u2019un grand myst\u00e8re. Cet appel sonne pour vous, appelant jusque dans les anciens couloirs de votre esprit, appelant une Connaissance plus profonde et un ancienne m\u00e9moire qui vivent en vous, attendant d\u2019\u00eatre d\u00e9couvertes.<\/p>\n<div class=\"toggle toggle-white\"><h4 class=\"trigger \"><span class=\"t_ico\"><\/span><a href=\"#\">En savoir plus sur les Volumes du Nouveau Message de Dieu<\/a><\/h4><div class=\"toggle_container \"><br \/>\n<p>Le Nouveau Message de Dieu sera au final contenu dans 6 volumes individuels. Chaque volume contient deux livres ou plus, et chaque livre est organis\u00e9 en chapitres.<\/p>\n<p>Ainsi, la future structure du Nouveau Message de Dieu peut \u00eatre synth\u00e9tis\u00e9e de la fa\u00e7on suivante :<\/p>\n<div id=\"attachment_24097\" style=\"width: 227px\" class=\"wp-caption alignright\"><a href=\"https:\/\/www.newmessage.org\/wp-content\/uploads\/2015\/08\/Volumes-Books-InfoGraphic.001.jpg\"><img loading=\"lazy\" decoding=\"async\" aria-describedby=\"caption-attachment-24097\" class=\"imgborder \" src=\"https:\/\/www.newmessage.org\/wp-content\/uploads\/2015\/08\/Volumes-Books-InfoGraphic.001.jpg\" alt=\"The New Message One Book\" width=\"217\" height=\"234\" \/><\/a><p id=\"caption-attachment-24097\" class=\"wp-caption-text\">Le Livre Unique du Nouveau Message<\/p><\/div>\n<p><strong>Volume &gt; Livre &gt; Chapitre &gt; Verset.<br \/>\n<\/strong><\/p>\n<p>Le Nouveau Message de Dieu contient la plus grande R\u00e9v\u00e9lation jamais donn\u00e9e au monde. Il s&rsquo;adresse \u00e0 pratiquement tous les aspects de nos vies, pr\u00e9sentant de nouvelles r\u00e9alit\u00e9s jamais r\u00e9v\u00e9l\u00e9es auparavant. La <em>Society<\/em> \u0153uvre pour que le plus possible de livres et de r\u00e9v\u00e9lations audios soient rendues disponibles et accessibles au monde.<\/p>\n<p>Actuellement, la Society est en mesure d&rsquo;offrir un grand nombre d&rsquo;enregistrements de la Voix de la R\u00e9v\u00e9lation dans leur version originale. Vous \u00eates de fait invit\u00e9s \u00e0 faire l&rsquo;exp\u00e9rience du pouvoir et du myst\u00e8re de la \u00ab\u00a0Voix\u00a0\u00bb telle qu&rsquo;elle s&rsquo;est exprim\u00e9e \u00e0 travers le Messager en \u00e9tat de R\u00e9v\u00e9lation. Jamais auparavant il n&rsquo;avait \u00e9t\u00e9 possible d&rsquo;entendre la Voix de la R\u00e9v\u00e9lation originale.<\/p>\n<p>La compilation du Nouveau Message tout entier est un travail de longue haleine. Au m\u00eame moment, la R\u00e9v\u00e9lation continue \u00e0 \u00eatre re\u00e7ue avec de nouveaux enseignements donn\u00e9s chaque ann\u00e9e. En cons\u00e9quence, la s\u00e9lection de chapitres dans chaque livre peut changer. De m\u00eame, les titres des livres peuvent eux-aussi changer pour refl\u00e9ter la port\u00e9e grandissante de chaque livre. Vous vivez \u00e0 une \u00e9poque de R\u00e9v\u00e9lation et \u00eates t\u00e9moin du processus de R\u00e9v\u00e9lation qui se d\u00e9ploie devant vous.<\/p>\n<h4>Livres en ligne<\/h4>\n<p>La <em>Society<\/em> s\u2019efforce de rendre le Nouveau Message accessible gratuitement en ligne pour le monde. Actuellement, un certain nombre de livres du Nouveau Message sont disponibles gratuitement \u00e0 www.newmessage.org. Vous pouvez explorer la biblioth\u00e8que des livres gratuits en ligne.<\/p>\n<h4>Livres au format papier<\/h4>\n<p>La <em>Society<\/em> offre actuellement certain des livres du Nouveau Message sous format papier. Cependant, du fait de la taille immense de la partie du Nouveau Message r\u00e9v\u00e9l\u00e9e, la <em>Society<\/em> n\u2019est pas encore en mesure de publier sous forme imprim\u00e9e les six volumes du Nouveau Message pour l\u2019instant. Pour acheter une copie des livres actuellement disponibles, veuillez visiter la boutique de la <a href=\"http:\/\/www.newknowledgelibrary.org\">New Knowledge Library<\/a>.<\/p>\n<h4>CD et mp3<\/h4>\n<p>Certaines r\u00e9v\u00e9lations relatives \u00e0 l\u2019\u00e9tude du Nouveau Message sont disponibles \u00e0 l\u2019achat sous forme de CD ou de mp3. La <em>Society<\/em> propose ces enseignements \u00e0 un co\u00fbt modeste \u00e0 la boutique de la New Knowledge Library en raison des r\u00e9alit\u00e9s financi\u00e8res li\u00e9es \u00e0 la n\u00e9cessit\u00e9 d\u2019atteindre le monde entier avec le Nouveau Message.<\/p>\n<h4>Le <em>Free Book Project<\/em><\/h4>\n<p>Avec un soutien financier plus important, la <em>Society<\/em> sera en mesure de rendre davantage de ces enseignements de sagesse accessibles gratuitement en ligne. En plus de cela, le <a href=\"http:\/\/www.nm-french.tk\/the-message\/free-book-project\">Free Book Project<\/a> de la <em>Society<\/em> offre une copie des livres et des mp3 des r\u00e9v\u00e9lations du Nouveau Message actuellement disponibles \u00e0 ceux qui n\u2019ont pas les moyens de les acheter. Nous vous invitons \u00e0 faire un don pour soutenir le <em>Free Book Project<\/em>, afin que de plus en plus de gens dans le besoin puissent avoir acc\u00e8s au Nouveau Message de Dieu.<\/p>\n<h4>Publications futures<\/h4>\n<p>La <em>Society<\/em> continuera \u00e0 mener \u00e0 bien sa vision de publication de l\u2019enti\u00e8ret\u00e9 du Nouveau Message de Dieu, \u00e0 la fois sous la forme de ses livres et de ses volumes, et peut-\u00eatre un jour sous la forme d\u2019un livre unique, simplement intitul\u00e9 : \u201cLe Nouveau Message de Dieu\u201d. C\u2019est une entreprise \u00e9norme pour laquelle la <em>Society<\/em> a besoin de votre contribution et de votre participation. Envisagez, si vous le pouvez, la possibilit\u00e9 de faire un don ou de devenir un Pilier du Nouveau Message pour soutenir cette cause sacr\u00e9e. Nous vous remercions pour votre soutien.<\/p>\n<\/p>\n<p><\/div><\/div>\n<div class=\"clearfix\"><\/div>\n<div class=\"the-message-books-volumes panel-30 background-tile-1 margin-bottom-20\">\n<h2 class=\"text-align-center margin-bottom-20\"><a class=\"text-color-gray-5 not-underlined\" title=\"Volume 2\" href=\"\/le-message\/volume-2\">Volume 2<\/a><\/h2>\n<div class=\"one_third \" ><\/p>\n<div class=\"message-book-div\"><a class=\"message-book-link-to-post\" title=\"La Spiritualit\u00e9 de la Grande Communaut\u00e9\" href=\"\/le-message\/volume-2\/la-spiritualite-de-la-grande-communaute\" rel=\"bookmark\">La Spiritualit\u00e9 de la Grande Communaut\u00e9<\/a><\/div>\n<div class=\"toggle toggle-gray\"><h4 class=\"trigger \"><span class=\"t_ico\"><\/span><a href=\"#\">Table des mati\u00e8res<\/a><\/h4><div class=\"toggle_container \"><br \/>\nIntroduction<\/p>\n<p><a href=\"\/le-message\/volume-2\/la-spiritualite-de-la-grande-communaute\/1-quest-ce-que-dieu\">Qu&rsquo;est-ce que Dieu ?<\/a><\/p>\n<p><a href=\"\/le-message\/volume-2\/la-spiritualite-de-la-grande-communaute\/2-quest-ce-que-le-monde\">Qu&rsquo;est-ce que le monde ?<\/a><\/p>\n<p><a href=\"\/le-message\/volume-2\/la-spiritualite-de-la-grande-communaute\/3-quest-ce-que-la-force-de-vie\">Qu&rsquo;est-ce que la force de vie ?<\/a><\/p>\n<p><a href=\"\/le-message\/volume-2\/la-spiritualite-de-la-grande-communaute\/4-quest-ce-que-la-connaissance\">Qu&rsquo;est-ce que la Connaissance ?<\/a><\/p>\n<p><a href=\"\/le-message\/volume-2\/la-spiritualite-de-la-grande-communaute\/5-quel-est-le-dessein-humain\">Quel est le dessein humain ?<\/a><\/p>\n<p><a href=\"\/le-message\/volume-2\/la-spiritualite-de-la-grande-communaute\/6-quest-ce-que-la-grande-communaute\">Qu&rsquo;est-ce que la Grande Communaut\u00e9 ?<\/a><\/p>\n<p><a href=\"\/le-message\/volume-2\/la-spiritualite-de-la-grande-communaute\/7-comment-parvient-on-a-la-sagesse-dans-la-vie-2\">Comment parvient-on \u00e0 la sagesse dans la vie ?<\/a><\/p>\n<p><a href=\"\/le-message\/volume-2\/la-spiritualite-de-la-grande-communaute\/8-a-qui-la-sagesse-est-elle-destinee-2\">\u00c0 qui la sagesse est-elle destin\u00e9e ?<\/a><\/p>\n<p><a href=\"\/le-message\/volume-2\/la-spiritualite-de-la-grande-communaute\/9-comment-dieu-prend-il-part-au-monde-2\">Comment Dieu prend-il part au monde ?<\/a><\/p>\n<p>Comment se pr\u00e9parer ?<\/p>\n<p><a href=\"\/le-message\/volume-2\/la-spiritualite-de-la-grande-communaute\/11-quoi-sert-votre-preparation\">\u00c0 quoi sert votre pr\u00e9paration ?<\/a><\/p>\n<p>Qui rencontrerez-vous ?<\/p>\n<p>Qu&rsquo;est-ce qui doit \u00eatre d\u00e9sappris ?<\/p>\n<p>Qu&rsquo;est-ce qui doit \u00eatre \u00e9vit\u00e9 ?<\/p>\n<p>Qui sert l&rsquo;humanit\u00e9 ?<\/p>\n<p>Qui sont les Invisibles ?<\/p>\n<p>Comment la r\u00e9v\u00e9lation survient-elle dans la vie humaine ?<\/p>\n<p>Qu&rsquo;est-ce que la destin\u00e9e humaine ?<\/p>\n<p>Qu&rsquo;est-ce que la religion ?<\/p>\n<p>En quoi consiste l&rsquo;\u00e9ducation religieuse et \u00e0 qui est-elle destin\u00e9e ?<\/p>\n<p>Qu&rsquo;est-ce que la Voie de la Connaissance de la Grande Communaut\u00e9 ?<\/p>\n<p>O\u00f9 la Connaissance peut-elle \u00eatre trouv\u00e9e?<\/p>\n<p>Comment la Connaissance est-elle traduite dans la Grande Communaut\u00e9 ?<\/p>\n<p><a href=\"\/le-message\/volume-2\/la-spiritualite-de-la-grande-communaute\/quest-ce-que-les-pas-vers-la-connaissance\">Qu&rsquo;est-ce que \u00ab\u00a0Les Pas vers la Connaissance\u00a0\u00bb ?<\/a><\/p>\n<p><a href=\"https:\/\/www.nouveaumessagededieu.org\/le-message\/volume-2\/la-spiritualite-de-la-grande-communaute\/quest-ce-que-la-grace\">Qu&rsquo;est-ce que la Gr\u00e2ce ?<\/a><\/p>\n<p><a href=\"\/le-message\/volume-2\/la-spiritualite-de-la-grande-communaute\/26-qui-est-jesus\">Qui est J\u00e9sus ?<\/a><\/p>\n<p>En quoi consiste l&rsquo;\u00e9volution de la religion dans le monde ?<\/p>\n<p><\/div><\/div><br \/>\n<\/div>\n<div class=\"one_third \" ><\/p>\n<div class=\"message-book-div\"><a class=\"message-book-link-to-post\" title=\"Les Relations et le But Sup\u00e9rieur\" href=\"\/le-message\/volume-2\/les-relations-et-le-but-superieur\" rel=\"bookmark\">Les Relations et le But Sup\u00e9rieur<\/a><\/div>\n<div class=\"toggle toggle-gray\"><h4 class=\"trigger \"><span class=\"t_ico\"><\/span><a href=\"#\">Table des mati\u00e8res<\/a><\/h4><div class=\"toggle_container \"><\/p>\n<p>PREMI\u00c8RE PARTIE : LES RELATIONS ET LE BUT SUP\u00c9RIEUR<\/p>\n<p>Chapitre 1 :\u00a0<a href=\"http:\/\/www.nouveaumessagededieu.org\/le-message\/volume-2\/les-relations-et-le-but-superieur\/votre-relation-la-plus-fondamentale\">Votre relation la plus fondamentale<\/a><\/p>\n<p>Chapitre 2 :\u00a0<a href=\"http:\/\/www.nouveaumessagededieu.org\/le-message\/volume-2\/les-relations-et-le-but-superieur\/votre-relation-avec-vous-meme\">Votre relation avec vous-m\u00eame<\/a><\/p>\n<p>Chapitre 3 :\u00a0<a href=\"http:\/\/www.nouveaumessagededieu.org\/le-message\/volume-2\/les-relations-et-le-but-superieur\/votre-relation-avec-les-autres\">Votre relation avec les autres<\/a><\/p>\n<p>Chapitre 4 :\u00a0<a href=\"http:\/\/www.nouveaumessagededieu.org\/le-message\/volume-2\/les-relations-et-le-but-superieur\/votre-relation-avec-le-monde\">Votre relation avec le monde<\/a><\/p>\n<p>Chapitre 5 :\u00a0<a href=\"http:\/\/www.nouveaumessagededieu.org\/le-message\/volume-2\/les-relations-et-le-but-superieur\/relation-famille-spirituelle\">Votre relation avec votre famille spirituelle<\/a><\/p>\n<p>Chapitre 6 :\u00a0<a href=\"http:\/\/www.nouveaumessagededieu.org\/le-message\/volume-2\/les-relations-et-le-but-superieur\/votre-relation-avec-la-connaissance\">Votre relation avec la Connaissance<\/a><\/p>\n<p>Chapitre 7 :\u00a0<a href=\"http:\/\/www.nouveaumessagededieu.org\/le-message\/volume-2\/les-relations-et-le-but-superieur\/votre-relation-avec-inconnu\">Votre relation avec l\u2019inconnu<\/a><\/p>\n<p>Chapitre 8 :\u00a0<a href=\"http:\/\/www.nouveaumessagededieu.org\/le-message\/volume-2\/les-relations-et-le-but-superieur\/le-probleme-du-mal-et-les-forces-de-dissonance\">Le probl\u00e8me du Mal et les forces de Dissonance<\/a><\/p>\n<p>Chapitre 9 :\u00a0<a href=\"http:\/\/www.nouveaumessagededieu.org\/le-message\/volume-2\/les-relations-et-le-but-superieur\/les-etapes-du-developpement\">Les \u00e9tapes de d\u00e9veloppement<\/a><\/p>\n<p>Chapitre 10 :\u00a0<a href=\"http:\/\/www.nouveaumessagededieu.org\/le-message\/volume-2\/les-relations-et-le-but-superieur\/mariage\">Le mariage<\/a><\/p>\n<p>Chapitre 11 :\u00a0<a href=\"http:\/\/www.nouveaumessagededieu.org\/le-message\/volume-2\/les-relations-et-le-but-superieur\/but-et-appel-spirituel\">Votre but et votre appel spirituel<\/a><\/p>\n<p>PARTIE DEUX : QUESTIONS PRATIQUES<\/p>\n<p>Chapitre 12 :\u00a0<a href=\"http:\/\/www.nouveaumessagededieu.org\/le-message\/volume-2\/les-relations-et-le-but-superieur\/etablir-des-relations\">\u00c9tablir des relations<\/a><\/p>\n<p>Chapitre 13 :\u00a0<a href=\"http:\/\/www.nouveaumessagededieu.org\/le-message\/volume-2\/les-relations-et-le-but-superieur\/maintenir-des-relations\">Maintenir des relations<\/a><\/p>\n<p>Chapitre 14 :\u00a0<a href=\"http:\/\/www.nouveaumessagededieu.org\/le-message\/volume-2\/les-relations-et-le-but-superieur\/achever-des-relations\">Achever des relations<\/a><\/p>\n<p>Chapitre 15 :\u00a0<a href=\"http:\/\/www.nouveaumessagededieu.org\/le-message\/volume-2\/les-relations-et-le-but-superieur\/conclusion\">Conclusion<\/a><\/p>\n<p><\/div><\/div><br \/>\n<\/div>\n<div class=\"one_third last\" ><\/p>\n<div class=\"message-book-div more\"><a class=\"message-book-link-to-post\" title=\"En savoir plus\u2026\" href=\"http:\/\/www.nouveaumessagededieu.org\/le-message\/la-revelation-se-poursuit-a-ce-jour\" rel=\"bookmark\">En savoir plus\u2026<\/a><\/div>\n<p><\/div>\n<\/div>\n","protected":false},"excerpt":{"rendered":"<p>Au sujet du Volume 2 Le Volume Deux du Nouveau Message de Dieu contient les traditions spirituelles profondes qui sont au c\u0153ur de la Nouvelle R\u00e9v\u00e9lation de Dieu pour l\u2019humanit\u00e9. Sont ici contenus les textes fondateurs de la th\u00e9ologie et de la spiritualit\u00e9 du Nouveau Message de Dieu. Cela inclut les livres du Nouveau Message\u2026 <a class=\"read-more\" href=\"https:\/\/www.v6.newmessage.org\/fr\/about-volumes-shortcode\"><span>Read More<\/span><\/a><\/p>\n","protected":false},"author":1,"featured_media":0,"parent":15090,"menu_order":3,"comment_status":"closed","ping_status":"closed","template":"template-leftsidebar.php","meta":{"_monsterinsights_skip_tracking":false,"_monsterinsights_sitenote_active":false,"_monsterinsights_sitenote_note":"","_monsterinsights_sitenote_category":0,"footnotes":""},"categories":[],"tags":[646],"_links":{"self":[{"href":"https:\/\/www.v6.newmessage.org\/fr\/wp-json\/wp\/v2\/pages\/16312"}],"collection":[{"href":"https:\/\/www.v6.newmessage.org\/fr\/wp-json\/wp\/v2\/pages"}],"about":[{"href":"https:\/\/www.v6.newmessage.org\/fr\/wp-json\/wp\/v2\/types\/page"}],"author":[{"embeddable":true,"href":"https:\/\/www.v6.newmessage.org\/fr\/wp-json\/wp\/v2\/users\/1"}],"replies":[{"embeddable":true,"href":"https:\/\/www.v6.newmessage.org\/fr\/wp-json\/wp\/v2\/comments?post=16312"}],"version-history":[{"count":52,"href":"https:\/\/www.v6.newmessage.org\/fr\/wp-json\/wp\/v2\/pages\/16312\/revisions"}],"predecessor-version":[{"id":28860,"href":"https:\/\/www.v6.newmessage.org\/fr\/wp-json\/wp\/v2\/pages\/16312\/revisions\/28860"}],"up":[{"embeddable":true,"href":"https:\/\/www.v6.newmessage.org\/fr\/wp-json\/wp\/v2\/pages\/15090"}],"wp:attachment":[{"href":"https:\/\/www.v6.newmessage.org\/fr\/wp-json\/wp\/v2\/media?parent=16312"}],"wp:term":[{"taxonomy":"category","embeddable":true,"href":"https:\/\/www.v6.newmessage.org\/fr\/wp-json\/wp\/v2\/categories?post=16312"},{"taxonomy":"post_tag","embeddable":true,"href":"https:\/\/www.v6.newmessage.org\/fr\/wp-json\/wp\/v2\/tags?post=16312"}],"curies":[{"name":"wp","href":"https:\/\/api.w.org\/{rel}","templated":true}]}}